{"id":462,"date":"2025-02-09T07:05:56","date_gmt":"2025-02-09T07:05:56","guid":{"rendered":"https:\/\/hondapowertools.com\/?post_type=product&#038;p=462"},"modified":"2025-02-09T07:19:59","modified_gmt":"2025-02-09T07:19:59","slug":"eu3200i","status":"publish","type":"product","link":"https:\/\/hondapowertools.com\/cs\/produkt\/eu3200i\/","title":{"rendered":"EU3200i"},"content":{"rendered":"<div id=\"Features\" class=\"anchor2 container g-py-0\">\n<div class=\"row\">\n<h2><\/h2>\n<h2>Gener\u00e1tor\/st\u0159\u00edda\u010d Honda EU3200I<\/h2>\n<div><\/div>\n<div class=\"col-lg-2 featimg text-center g-pa-10 g-mb-0 g-font-weight-600\"><img decoding=\"async\" class=\"img-fluid\" src=\"https:\/\/services.powerequipment.honda.com\/content\/images\/pe\/models\/features\/thumbs\/app_refrig.microwave.rv.jpg\" alt=\"3200 Watts of Portable Power\" \/><\/div>\n<div class=\"col-lg-4 g-pa-10 g-mb-0\">\n<p><span class=\"g-color-black g-font-weight-700\">3200 watt\u016f p\u0159enosn\u00e9ho v\u00fdkonu<\/span>Gener\u00e1tor Honda EU3200I dok\u00e1\u017ee poh\u00e1n\u011bt r\u016fzn\u00e9 spot\u0159ebi\u010de, v\u010detn\u011b pece, lednice, mikrovlnn\u00e9 trouby, klimatizace pro obytn\u00e9 vozy a mnoho dal\u0161\u00edho. Je ide\u00e1ln\u00ed pro obytn\u00e9 vozy, venkovn\u00ed akce, dom\u00e1c\u00ed z\u00e1lo\u017en\u00ed zdroje a mnoho dal\u0161\u00edho.<\/p>\n<\/div>\n<div class=\"col-lg-2 featimg text-center g-pa-10 g-mb-0 g-font-weight-600\"><img decoding=\"async\" class=\"img-fluid\" src=\"https:\/\/services.powerequipment.honda.com\/content\/images\/pe\/models\/features\/thumbs\/eu32-weight-icon.jpg\" alt=\"Compact &amp; Lightweight Design\" \/><\/div>\n<div class=\"col-lg-4 g-pa-10 g-mb-0\">\n<p><span class=\"g-color-black g-font-weight-700\">Kompaktn\u00ed a lehk\u00fd design<\/span>EU3200i v\u00e1\u017e\u00ed m\u00e9n\u011b ne\u017e 60 kg a je nejleh\u010d\u00edm a nejkompaktn\u011bj\u0161\u00edm gener\u00e1torem \u0159ady 3000 W, kter\u00fd jsme kdy vyrobili. Dv\u011b integrovan\u00e1 madla usnad\u0148uj\u00ed jeho zved\u00e1n\u00ed, p\u0159en\u00e1\u0161en\u00ed a skladov\u00e1n\u00ed.<\/p>\n<\/div>\n<div class=\"col-lg-2 featimg text-center g-pa-10 g-mb-0 g-font-weight-600\"><img decoding=\"async\" class=\"img-fluid\" src=\"https:\/\/services.powerequipment.honda.com\/content\/images\/pe\/models\/features\/thumbs\/eu3200-starting.jpg\" alt=\"Easy Starts &amp; Simple Operation\" \/><\/div>\n<div class=\"col-lg-4 g-pa-10 g-mb-0\">\n<p><span class=\"g-color-black g-font-weight-700\">Snadn\u00e9 startov\u00e1n\u00ed a jednoduch\u00e1 obsluha<\/span>Rychl\u00e9 a snadn\u00e9 dvoukrokov\u00e9 startov\u00e1n\u00ed bez syti\u010de: sta\u010d\u00ed zapnout a zat\u00e1hnout, abyste z\u00edskali okam\u017eit\u00fd v\u00fdkon.<\/p>\n<\/div>\n<div class=\"col-lg-2 featimg text-center g-pa-10 g-mb-0 g-font-weight-600\"><img decoding=\"async\" class=\"img-fluid\" src=\"https:\/\/services.powerequipment.honda.com\/content\/images\/pe\/models\/features\/thumbs\/honda-my-generator-app.jpg\" alt=\"Convenient Smartphone Control\" \/><\/div>\n<div class=\"col-lg-4 g-pa-10 g-mb-0\">\n<p><span class=\"g-color-black g-font-weight-700\">Pohodln\u00e9 ovl\u00e1d\u00e1n\u00ed pomoc\u00ed chytr\u00e9ho telefonu<\/span>Snadn\u00e9 sledov\u00e1n\u00ed hladiny paliva, v\u00fdkonu, Eco Throttle<sup>\u00ae,<\/sup>\u00a0a mnoho dal\u0161\u00edho, a to v\u0161e p\u0159\u00edmo z va\u0161\u00ed dlan\u011b. Aplikace zahrnuje bezdr\u00e1tov\u00e9 zastaven\u00ed, sledov\u00e1n\u00ed provozu a servisn\u00ed p\u0159ipomenut\u00ed. Vestav\u011bn\u00e1 konektivita Bluetooth\u00ae spolupracuje s exkluzivn\u00ed aplikac\u00ed Honda Generator Bluetooth\u00ae pro maxim\u00e1ln\u00ed svobodu a kontrolu.<\/p>\n<\/div>\n<div class=\"col-lg-2 featimg text-center g-pa-10 g-mb-0 g-font-weight-600\"><img decoding=\"async\" class=\"img-fluid\" src=\"https:\/\/services.powerequipment.honda.com\/content\/images\/pe\/models\/features\/thumbs\/eco.jpg\" alt=\"Exceptional Fuel efficiency\" \/><\/div>\n<div class=\"col-lg-4 g-pa-10 g-mb-0\">\n<p><span class=\"g-color-black g-font-weight-700\">V\u00fdjime\u010dn\u00e1 \u00faspora paliva d\u00edky<\/span>\u00a0d\u00edky exkluzivn\u00edmu syst\u00e9mu Eco Throttle spole\u010dnosti Honda nab\u00edz\u00ed model EU3200i vysokou \u00fasporu paliva. Na jednu n\u00e1dr\u017e vydr\u017e\u00ed pracovat a\u017e 8,6 hodiny v z\u00e1vislosti na zat\u00ed\u017een\u00ed. D\u00edky tomu se skv\u011ble hod\u00ed pro no\u010dn\u00ed pohon.<\/p>\n<\/div>\n<div class=\"col-lg-2 featimg text-center g-pa-10 g-mb-0 g-font-weight-600\"><img decoding=\"async\" class=\"img-fluid\" src=\"https:\/\/services.powerequipment.honda.com\/content\/images\/pe\/models\/features\/thumbs\/fuel-injection-icon.jpg\" alt=\"Powerful Honda GX130 Fuel-Injected Engine\" \/><\/div>\n<div class=\"col-lg-4 g-pa-10 g-mb-0\">\n<p><span class=\"g-color-black g-font-weight-700\">V\u00fdkonn\u00fd motor Honda GX130 se vst\u0159ikov\u00e1n\u00edm paliva<\/span>Inteligentn\u00ed technologie elektronick\u00e9ho vst\u0159ikov\u00e1n\u00ed paliva zvy\u0161uje \u00fa\u010dinnost paliva, odstra\u0148uje syti\u010d motoru a omezuje probl\u00e9my spojen\u00e9 s palivem v karbur\u00e1toru.<\/p>\n<\/div>\n<div class=\"col-lg-2 featimg text-center g-pa-10 g-mb-0 g-font-weight-600\"><img decoding=\"async\" class=\"img-fluid\" src=\"https:\/\/services.powerequipment.honda.com\/content\/images\/pe\/models\/features\/thumbs\/eu3200-led-status.jpg\" alt=\"Know with a Glance\" \/><\/div>\n<div class=\"col-lg-4 g-pa-10 g-mb-0\">\n<p><span class=\"g-color-black g-font-weight-700\">Zn\u00e1t s p\u0159ehledem<\/span>Indik\u00e1tory LED na p\u0159edn\u00edm panelu umo\u017e\u0148uj\u00ed rychl\u00fd a pohodln\u00fd p\u0159ehled o stavu paliva, Eco Throttle.<sup>\u00ae<\/sup>\u00a0provoz a dal\u0161\u00ed.<\/p>\n<\/div>\n<div class=\"col-lg-2 featimg text-center g-pa-10 g-mb-0 g-font-weight-600\"><img decoding=\"async\" class=\"img-fluid\" src=\"https:\/\/services.powerequipment.honda.com\/content\/images\/pe\/models\/features\/thumbs\/quiet.jpg\" alt=\"Super quiet - less noise than normal conversation\" \/><\/div>\n<div class=\"col-lg-4 g-pa-10 g-mb-0\">\n<p><span class=\"g-color-black g-font-weight-700\">Velmi tich\u00fd - m\u00e9n\u011b hluku ne\u017e p\u0159i b\u011b\u017en\u00e9 konverzaci<\/span> klid, va\u0161i soused\u00e9 v\u00e1m pod\u011bkuj\u00ed. EU3200i pracuje s hlu\u010dnost\u00ed 54 a\u017e 58 dB(A), co\u017e je m\u00e9n\u011b ne\u017e p\u0159i b\u011b\u017en\u00e9m hovoru. D\u00edky tomu je ide\u00e1ln\u00ed pro kempov\u00e1n\u00ed, nap\u00e1jen\u00ed obytn\u00fdch voz\u016f a jak\u00e9koli jin\u00e9 \u010dinnosti, kter\u00e9 vy\u017eaduj\u00ed tich\u00fd provoz.<\/p>\n<\/div>\n<div class=\"col-lg-2 featimg text-center g-pa-10 g-mb-0 g-font-weight-600\"><img decoding=\"async\" class=\"img-fluid\" src=\"https:\/\/services.powerequipment.honda.com\/content\/images\/pe\/models\/features\/thumbs\/laptop.jpg\" alt=\"Clean, Stable Power for Electronics\" \/><\/div>\n<div class=\"col-lg-4 g-pa-10 g-mb-0\">\n<p><span class=\"g-color-black g-font-weight-700\">\u010cist\u00e9 a stabiln\u00ed nap\u00e1jen\u00ed pro elektroniku<\/span>Invertorov\u00e1 technologie Honda poskytuje kvalitn\u00ed nap\u00e1jen\u00ed citliv\u00e9 elektroniky z dom\u00e1c\u00ed z\u00e1suvky.<\/p>\n<\/div>\n<div class=\"col-lg-2 featimg text-center g-pa-10 g-mb-0 g-font-weight-600\"><img decoding=\"async\" class=\"img-fluid\" src=\"https:\/\/services.powerequipment.honda.com\/content\/images\/pe\/models\/features\/thumbs\/parallel-icon.jpg\" alt=\"Double Your Power\" \/><\/div>\n<div class=\"col-lg-4 g-pa-10 g-mb-0\">\n<p><span class=\"g-color-black g-font-weight-700\">Zdvojn\u00e1sobte sv\u016fj v\u00fdkon Paraleln\u00ed<\/span>\u00a0s dal\u0161\u00edm modelem EU3200i pro v\u00fdkon a\u017e 6400 watt\u016f. Dva identick\u00e9 modely lze paraleln\u011b propojit pomoc\u00ed voliteln\u00e9 paraleln\u00ed sady (k dispozici na ja\u0159e 2024).<\/p>\n<\/div>\n<div class=\"col-lg-2 featimg text-center g-pa-10 g-mb-0 g-font-weight-600\"><img decoding=\"async\" class=\"img-fluid\" src=\"https:\/\/services.powerequipment.honda.com\/content\/images\/pe\/models\/features\/thumbs\/co-minder-logo.jpg\" alt=\"Added Peace Of Mind\" \/><\/div>\n<div class=\"col-lg-4 g-pa-10 g-mb-0\">\n<p><span class=\"g-color-black g-font-weight-700\">V\u011bt\u0161\u00ed klid v du\u0161i<\/span>CO-MINDER<sup>\u00ae<\/sup>\u00a0je navr\u017een tak, aby automaticky vypnul gener\u00e1tor, pokud zjist\u00ed, \u017ee obsah oxidu uhelnat\u00e9ho dos\u00e1hl nebezpe\u010dn\u00e9 \u00farovn\u011b.<\/p>\n<\/div>\n<div class=\"col-lg-2 featimg text-center g-pa-10 g-mb-0 g-font-weight-600\"><img decoding=\"async\" class=\"img-fluid\" src=\"https:\/\/services.powerequipment.honda.com\/content\/images\/pe\/models\/features\/thumbs\/honda-3-year-warranty.jpg\" alt=\"3 year residential warranty\" \/><\/div>\n<div class=\"col-lg-4 g-pa-10 g-mb-0\">\n<p><span class=\"g-color-black g-font-weight-700\">3let\u00e1 z\u00e1ruka pro obytn\u00e9 budovy<\/span>M\u016f\u017eete b\u00fdt klidn\u00ed, proto\u017ee v\u00edte, \u017ee v\u00e1\u0161 gener\u00e1tor je po cel\u00e9 3 roky poji\u0161t\u011bn od shora dol\u016f.<\/p>\n<\/div>\n<div class=\"col-lg-2 featimg text-center g-pa-10 g-mb-0 g-font-weight-600\"><img decoding=\"async\" class=\"img-fluid\" style=\"box-sizing: border-box; vertical-align: middle; border-style: none; max-width: 100%; height: auto;\" src=\"https:\/\/services.powerequipment.honda.com\/content\/images\/pe\/models\/features\/thumbs\/oil-alert.jpg\" alt=\"Protected by Oil Alert&lt;sup&gt;&amp;reg;&lt;\/sup&gt;\" \/><\/div>\n<div class=\"col-lg-4 g-pa-10 g-mb-0\">\n<p><span class=\"g-color-black g-font-weight-700\">Chr\u00e1n\u011bno v\u00fdstrahou Oil Alert<sup>\u00ae<\/sup><\/span>Chr\u00e1n\u00ed gener\u00e1tor t\u00edm, \u017ee p\u0159i zji\u0161t\u011bn\u00ed n\u00edzk\u00e9ho obsahu oleje vypne motor.<\/p>\n<\/div>\n<div class=\"col-lg-2 featimg text-center g-pa-10 g-mb-0 g-font-weight-600\"><img decoding=\"async\" class=\"img-fluid\" src=\"https:\/\/services.powerequipment.honda.com\/content\/images\/pe\/models\/features\/thumbs\/spark-arrestor.jpg\" alt=\"USDA-qualified spark arrestor\/muffler\" \/><\/div>\n<div class=\"col-lg-4 g-pa-10 g-mb-0\">\n<p><span class=\"g-color-black g-font-weight-700\">Odlu\u010dova\u010d jisker s certifikac\u00ed USDA<\/span><\/p>\n<\/div>\n<div class=\"col-lg-2 featimg text-center g-pa-10 g-mb-0 g-font-weight-600\"><\/div>\n<div class=\"col-lg-4 g-pa-10 g-mb-0\">\n<p><span class=\"g-color-black g-font-weight-700\">Chr\u00e1n\u011bn\u00fd obvod<\/span>Chr\u00e1n\u00ed gener\u00e1tor p\u0159ed p\u0159et\u00ed\u017een\u00edm.<\/p>\n<\/div>\n<\/div>\n<\/div>\n<div id=\"Specs\" class=\"anchor2 container g-py-0\">\n<div class=\"col-lg-12 g-pa-0\">\n<div class=\"u-heading-v3-1 g-bg-main g-brd-main u-heading-v3-1 g-bg-main g-brd-main g-my-30 col-lg-12 g-pa-0\">\n<h2 class=\"h3 u-heading-v3__title\">Specifikace<\/h2>\n<\/div>\n<div class=\"g-pt-30 container\">\n<div class=\"col-lg-12 g-pa-0\">\n<div class=\"col-lg-12 g-brd-bottom g-brd-gray-light-v4 g-pt-0 g-pb-20 g-mb-0\"><span class=\"g-font-weight-600\">\u00dapln\u00fd n\u00e1zev modelu<\/span><span class=\"pull-right w-50\">EU3200IAN (49 st\u00e1t\u016f), EU3200IAC (50 st\u00e1t\u016f)<\/span><\/div>\n<\/div>\n<\/div>\n<div class=\"g-pt-30 container\">\n<div class=\"col-lg-12 g-pa-0\">\n<div class=\"col-lg-12 g-brd-bottom g-brd-gray-light-v4 g-pt-0 g-pb-20 g-mb-0\"><span class=\"g-font-weight-600\">Motor<\/span><span class=\"pull-right w-50\">Honda GX130<\/span><\/div>\n<\/div>\n<\/div>\n<div class=\"g-pt-30 container\">\n<div class=\"col-lg-12 g-pa-0\">\n<div class=\"col-lg-12 g-brd-bottom g-brd-gray-light-v4 g-pt-0 g-pb-20 g-mb-0\"><span class=\"g-font-weight-600\">Posunut\u00ed<\/span><span class=\"pull-right w-50\">130 cm3<\/span><\/div>\n<\/div>\n<\/div>\n<div class=\"g-pt-30 container\">\n<div class=\"col-lg-12 g-pa-0\">\n<div class=\"col-lg-12 g-brd-bottom g-brd-gray-light-v4 g-pt-0 g-pb-20 g-mb-0\"><span class=\"g-font-weight-600\">V\u00fdstup st\u0159\u00eddav\u00e9ho proudu<\/span><span class=\"pull-right w-50\">120V 3200W max. (26,7A), 2600W jmenovit\u00fd (21,7A)<\/span><\/div>\n<\/div>\n<\/div>\n<div class=\"g-pt-30 container\">\n<div class=\"col-lg-12 g-pa-0\">\n<div class=\"col-lg-12 g-brd-bottom g-brd-gray-light-v4 g-pt-0 g-pb-20 g-mb-0\"><span class=\"g-font-weight-600\">Z\u00e1sobn\u00edky<\/span><span class=\"pull-right w-50\">30A 125V uzamykateln\u00e1 z\u00e1str\u010dka, 20A 125V duplexn\u00ed z\u00e1str\u010dka<\/span><\/div>\n<\/div>\n<\/div>\n<div class=\"g-pt-30 container\">\n<div class=\"col-lg-12 g-pa-0\">\n<div class=\"col-lg-12 g-brd-bottom g-brd-gray-light-v4 g-pt-0 g-pb-20 g-mb-0\"><span class=\"g-font-weight-600\">V\u00fdstup stejnosm\u011brn\u00e9ho proudu<\/span><span class=\"pull-right w-50\">NA<\/span><\/div>\n<\/div>\n<\/div>\n<div class=\"g-pt-30 container\">\n<div class=\"col-lg-12 g-pa-0\">\n<div class=\"col-lg-12 g-brd-bottom g-brd-gray-light-v4 g-pt-0 g-pb-20 g-mb-0\"><span class=\"g-font-weight-600\">Startovac\u00ed syst\u00e9m<\/span><span class=\"pull-right w-50\">Recoil<\/span><\/div>\n<\/div>\n<\/div>\n<div class=\"g-pt-30 container\">\n<div class=\"col-lg-12 g-pa-0\">\n<div class=\"col-lg-12 g-brd-bottom g-brd-gray-light-v4 g-pt-0 g-pb-20 g-mb-0\"><span class=\"g-font-weight-600\">Objem palivov\u00e9 n\u00e1dr\u017ee<\/span><span class=\"pull-right w-50\">1,2 galonu.<\/span><\/div>\n<\/div>\n<\/div>\n<div class=\"g-pt-30 container\">\n<div class=\"col-lg-12 g-pa-0\">\n<div class=\"col-lg-12 g-brd-bottom g-brd-gray-light-v4 g-pt-0 g-pb-20 g-mb-0\"><span class=\"g-font-weight-600\">Doba provozu na jednu n\u00e1dr\u017e<\/span><span class=\"pull-right w-50\">3,3 hod. p\u0159i jmenovit\u00e9m zat\u00ed\u017een\u00ed, 8,6 hod. p\u0159i 1\/4 zat\u00ed\u017een\u00ed<\/span><\/div>\n<\/div>\n<\/div>\n<div class=\"g-pt-30 container\">\n<div class=\"col-lg-12 g-pa-0\">\n<div class=\"col-lg-12 g-brd-bottom g-brd-gray-light-v4 g-pt-0 g-pb-20 g-mb-0\"><span class=\"g-font-weight-600\">Rozm\u011bry (D x \u0160 x V)<\/span><span class=\"pull-right w-50\">22,5 x 12,0 x 17,8 palce<\/span><\/div>\n<\/div>\n<\/div>\n<div class=\"g-pt-30 container\">\n<div class=\"col-lg-12 g-pa-0\">\n<div class=\"col-lg-12 g-brd-bottom g-brd-gray-light-v4 g-pt-0 g-pb-20 g-mb-0\"><span class=\"g-font-weight-600\">Hladina hluku<\/span><span class=\"pull-right w-50\">58 dB(A) p\u0159i jmenovit\u00e9m zat\u00ed\u017een\u00ed, 54 dB(A) p\u0159i 1\/4 zat\u00ed\u017een\u00ed<\/span><\/div>\n<\/div>\n<\/div>\n<div class=\"g-pt-30 container\">\n<div class=\"col-lg-12 g-pa-0\">\n<div class=\"col-lg-12 g-brd-bottom g-brd-gray-light-v4 g-pt-0 g-pb-20 g-mb-0\"><span class=\"g-font-weight-600\">Such\u00e1 hmotnost<\/span><span class=\"pull-right w-50\">59,1 liber<\/span><\/div>\n<\/div>\n<\/div>\n<div class=\"g-pt-30 container\">\n<div class=\"col-lg-12 g-pa-0\">\n<div class=\"col-lg-12 g-brd-bottom g-brd-gray-light-v4 g-pt-0 g-pb-20 g-mb-0\"><span class=\"g-font-weight-600\">Z\u00e1ruka na obytn\u00e9 budovy<\/span><span class=\"pull-right w-50\">3 roky<\/span><\/div>\n<\/div>\n<\/div>\n<div class=\"g-pt-30 container\">\n<div class=\"col-lg-12 g-pa-0\">\n<div class=\"col-lg-12 g-brd-bottom g-brd-gray-light-v4 g-pt-0 g-pb-20 g-mb-0\"><span class=\"g-font-weight-600\">Komer\u010dn\u00ed z\u00e1ruka<\/span><span class=\"pull-right w-50\">12 m\u011bs\u00edc\u016f<\/span><\/div>\n<div><\/div>\n<\/div>\n<\/div>\n<div class=\"g-pt-30 container\"><\/div>\n<\/div>\n<\/div>","protected":false},"excerpt":{"rendered":"<ul class=\"g-ml-0 g-pl-20\">\n<li>Nap\u00e1jen\u00ed pro pec, chladni\u010dku, 13 500 BTU klimatiza\u010dn\u00ed jednotky pro obytn\u00e9 vozy a dal\u0161\u00ed.<\/li>\n<li>Velmi tich\u00fd, lehk\u00fd a \u00fasporn\u00fd<\/li>\n<li>\u010cist\u00e9 a stabiln\u00ed nap\u00e1jen\u00ed elektroniky z m\u011bni\u010de<\/li>\n<li>Aplikace Honda My Generator + Bluetooth<sup>\u00ae<\/sup>\u00a0schopnost<\/li>\n<li>CO-MINDER: pokro\u010dil\u00fd syst\u00e9m detekce oxidu uhelnat\u00e9ho<\/li>\n<\/ul>","protected":false},"featured_media":464,"comment_status":"open","ping_status":"closed","template":"","meta":[],"product_brand":[],"product_cat":[42],"product_tag":[],"class_list":{"0":"post-462","1":"product","2":"type-product","3":"status-publish","4":"has-post-thumbnail","6":"product_cat-honda-generators","8":"first","9":"instock","10":"sale","11":"shipping-taxable","12":"purchasable","13":"product-type-simple"},"yoast_head":"<!-- This site is optimized with the Yoast SEO Premium plugin v26.2 (Yoast SEO v26.2) - https:\/\/yoast.com\/wordpress\/plugins\/seo\/ -->\n<title>EU3200i - HONDA POWER EQUIPMENT<\/title>\n<meta name=\"description\" content=\"The Honda EU3200i generator combines power and portability. Lightweight and compact, this 3200-watt generator is the perfect portable power source for an RV.\" \/>\n<meta name=\"robots\" content=\"index, follow, max-snippet:-1, max-image-preview:large, max-video-preview:-1\" \/>\n<link rel=\"canonical\" href=\"https:\/\/hondapowertools.com\/cs\/produkt\/eu3200i\/\" \/>\n<meta property=\"og:locale\" content=\"cs_CZ\" \/>\n<meta property=\"og:type\" content=\"article\" \/>\n<meta property=\"og:title\" content=\"EU3200i\" \/>\n<meta property=\"og:description\" content=\"The Honda EU3200i generator combines power and portability. Lightweight and compact, this 3200-watt generator is the perfect portable power source for an RV.\" \/>\n<meta property=\"og:url\" content=\"https:\/\/hondapowertools.com\/cs\/produkt\/eu3200i\/\" \/>\n<meta property=\"og:site_name\" content=\"HONDA POWER EQUIPMENT\" \/>\n<meta property=\"article:modified_time\" content=\"2025-02-09T07:19:59+00:00\" \/>\n<meta property=\"og:image\" content=\"https:\/\/hondapowertools.com\/wp-content\/uploads\/2025\/02\/eu3200i_pe_imglg.jpg\" \/>\n\t<meta property=\"og:image:width\" content=\"1200\" \/>\n\t<meta property=\"og:image:height\" content=\"1200\" \/>\n\t<meta property=\"og:image:type\" content=\"image\/jpeg\" \/>\n<meta name=\"twitter:card\" content=\"summary_large_image\" \/>\n<meta name=\"twitter:label1\" content=\"Odhadovan\u00e1 doba \u010dten\u00ed\" \/>\n\t<meta name=\"twitter:data1\" content=\"6 minut\" \/>\n<script type=\"application\/ld+json\" class=\"yoast-schema-graph\">{\"@context\":\"https:\/\/schema.org\",\"@graph\":[{\"@type\":\"WebPage\",\"@id\":\"https:\/\/hondapowertools.com\/en_au\/product\/eu3200i\/\",\"url\":\"https:\/\/hondapowertools.com\/en_au\/product\/eu3200i\/\",\"name\":\"EU3200i - HONDA POWER EQUIPMENT\",\"isPartOf\":{\"@id\":\"https:\/\/hondapowertools.com\/#website\"},\"primaryImageOfPage\":{\"@id\":\"https:\/\/hondapowertools.com\/en_au\/product\/eu3200i\/#primaryimage\"},\"image\":{\"@id\":\"https:\/\/hondapowertools.com\/en_au\/product\/eu3200i\/#primaryimage\"},\"thumbnailUrl\":\"https:\/\/hondapowertools.com\/wp-content\/uploads\/2025\/02\/eu3200i_pe_imglg.jpg\",\"datePublished\":\"2025-02-09T07:05:56+00:00\",\"dateModified\":\"2025-02-09T07:19:59+00:00\",\"description\":\"The Honda EU3200i generator combines power and portability. Lightweight and compact, this 3200-watt generator is the perfect portable power source for an RV.\",\"breadcrumb\":{\"@id\":\"https:\/\/hondapowertools.com\/en_au\/product\/eu3200i\/#breadcrumb\"},\"inLanguage\":\"cs\",\"potentialAction\":[{\"@type\":\"ReadAction\",\"target\":[\"https:\/\/hondapowertools.com\/en_au\/product\/eu3200i\/\"]}]},{\"@type\":\"ImageObject\",\"inLanguage\":\"cs\",\"@id\":\"https:\/\/hondapowertools.com\/en_au\/product\/eu3200i\/#primaryimage\",\"url\":\"https:\/\/hondapowertools.com\/wp-content\/uploads\/2025\/02\/eu3200i_pe_imglg.jpg\",\"contentUrl\":\"https:\/\/hondapowertools.com\/wp-content\/uploads\/2025\/02\/eu3200i_pe_imglg.jpg\",\"width\":1200,\"height\":1200,\"caption\":\"EU3200i\"},{\"@type\":\"BreadcrumbList\",\"@id\":\"https:\/\/hondapowertools.com\/en_au\/product\/eu3200i\/#breadcrumb\",\"itemListElement\":[{\"@type\":\"ListItem\",\"position\":1,\"name\":\"Home\",\"item\":\"https:\/\/hondapowertools.com\/\"},{\"@type\":\"ListItem\",\"position\":2,\"name\":\"Shop\",\"item\":\"https:\/\/hondapowertools.com\/?page_id=10\"},{\"@type\":\"ListItem\",\"position\":3,\"name\":\"EU3200i\"}]},{\"@type\":\"WebSite\",\"@id\":\"https:\/\/hondapowertools.com\/#website\",\"url\":\"https:\/\/hondapowertools.com\/\",\"name\":\"HONDA POWER EQUIPMENTS\",\"description\":\"Honda Power Equipment\",\"publisher\":{\"@id\":\"https:\/\/hondapowertools.com\/#organization\"},\"potentialAction\":[{\"@type\":\"SearchAction\",\"target\":{\"@type\":\"EntryPoint\",\"urlTemplate\":\"https:\/\/hondapowertools.com\/?s={search_term_string}\"},\"query-input\":{\"@type\":\"PropertyValueSpecification\",\"valueRequired\":true,\"valueName\":\"search_term_string\"}}],\"inLanguage\":\"cs\"},{\"@type\":\"Organization\",\"@id\":\"https:\/\/hondapowertools.com\/#organization\",\"name\":\"HONDA POWER TOOLS\",\"alternateName\":\"HONDA POWER EQUIPMENT\",\"url\":\"https:\/\/hondapowertools.com\/\",\"logo\":{\"@type\":\"ImageObject\",\"inLanguage\":\"cs\",\"@id\":\"https:\/\/hondapowertools.com\/#\/schema\/logo\/image\/\",\"url\":\"https:\/\/hondapowertools.com\/wp-content\/uploads\/2025\/02\/cropped-honda-power-equipment-logo.png\",\"contentUrl\":\"https:\/\/hondapowertools.com\/wp-content\/uploads\/2025\/02\/cropped-honda-power-equipment-logo.png\",\"width\":290,\"height\":70,\"caption\":\"HONDA POWER TOOLS\"},\"image\":{\"@id\":\"https:\/\/hondapowertools.com\/#\/schema\/logo\/image\/\"}}]}<\/script>\n<!-- \/ Yoast SEO Premium plugin. -->","yoast_head_json":{"title":"EU3200i - HONDA POWER EQUIPMENT","description":"The Honda EU3200i generator combines power and portability. Lightweight and compact, this 3200-watt generator is the perfect portable power source for an RV.","robots":{"index":"index","follow":"follow","max-snippet":"max-snippet:-1","max-image-preview":"max-image-preview:large","max-video-preview":"max-video-preview:-1"},"canonical":"https:\/\/hondapowertools.com\/cs\/produkt\/eu3200i\/","og_locale":"cs_CZ","og_type":"article","og_title":"EU3200i","og_description":"The Honda EU3200i generator combines power and portability. Lightweight and compact, this 3200-watt generator is the perfect portable power source for an RV.","og_url":"https:\/\/hondapowertools.com\/cs\/produkt\/eu3200i\/","og_site_name":"HONDA POWER EQUIPMENT","article_modified_time":"2025-02-09T07:19:59+00:00","og_image":[{"width":1200,"height":1200,"url":"https:\/\/hondapowertools.com\/wp-content\/uploads\/2025\/02\/eu3200i_pe_imglg.jpg","type":"image\/jpeg"}],"twitter_card":"summary_large_image","twitter_misc":{"Odhadovan\u00e1 doba \u010dten\u00ed":"6 minut"},"schema":{"@context":"https:\/\/schema.org","@graph":[{"@type":"WebPage","@id":"https:\/\/hondapowertools.com\/en_au\/product\/eu3200i\/","url":"https:\/\/hondapowertools.com\/en_au\/product\/eu3200i\/","name":"EU3200i - HONDA POWER EQUIPMENT","isPartOf":{"@id":"https:\/\/hondapowertools.com\/#website"},"primaryImageOfPage":{"@id":"https:\/\/hondapowertools.com\/en_au\/product\/eu3200i\/#primaryimage"},"image":{"@id":"https:\/\/hondapowertools.com\/en_au\/product\/eu3200i\/#primaryimage"},"thumbnailUrl":"https:\/\/hondapowertools.com\/wp-content\/uploads\/2025\/02\/eu3200i_pe_imglg.jpg","datePublished":"2025-02-09T07:05:56+00:00","dateModified":"2025-02-09T07:19:59+00:00","description":"The Honda EU3200i generator combines power and portability. Lightweight and compact, this 3200-watt generator is the perfect portable power source for an RV.","breadcrumb":{"@id":"https:\/\/hondapowertools.com\/en_au\/product\/eu3200i\/#breadcrumb"},"inLanguage":"cs","potentialAction":[{"@type":"ReadAction","target":["https:\/\/hondapowertools.com\/en_au\/product\/eu3200i\/"]}]},{"@type":"ImageObject","inLanguage":"cs","@id":"https:\/\/hondapowertools.com\/en_au\/product\/eu3200i\/#primaryimage","url":"https:\/\/hondapowertools.com\/wp-content\/uploads\/2025\/02\/eu3200i_pe_imglg.jpg","contentUrl":"https:\/\/hondapowertools.com\/wp-content\/uploads\/2025\/02\/eu3200i_pe_imglg.jpg","width":1200,"height":1200,"caption":"EU3200i"},{"@type":"BreadcrumbList","@id":"https:\/\/hondapowertools.com\/en_au\/product\/eu3200i\/#breadcrumb","itemListElement":[{"@type":"ListItem","position":1,"name":"Home","item":"https:\/\/hondapowertools.com\/"},{"@type":"ListItem","position":2,"name":"Shop","item":"https:\/\/hondapowertools.com\/?page_id=10"},{"@type":"ListItem","position":3,"name":"EU3200i"}]},{"@type":"WebSite","@id":"https:\/\/hondapowertools.com\/#website","url":"https:\/\/hondapowertools.com\/","name":"HONDA POWER EQUIPMENTS","description":"Honda Power Equipment","publisher":{"@id":"https:\/\/hondapowertools.com\/#organization"},"potentialAction":[{"@type":"SearchAction","target":{"@type":"EntryPoint","urlTemplate":"https:\/\/hondapowertools.com\/?s={search_term_string}"},"query-input":{"@type":"PropertyValueSpecification","valueRequired":true,"valueName":"search_term_string"}}],"inLanguage":"cs"},{"@type":"Organization","@id":"https:\/\/hondapowertools.com\/#organization","name":"HONDA POWER TOOLS","alternateName":"HONDA POWER EQUIPMENT","url":"https:\/\/hondapowertools.com\/","logo":{"@type":"ImageObject","inLanguage":"cs","@id":"https:\/\/hondapowertools.com\/#\/schema\/logo\/image\/","url":"https:\/\/hondapowertools.com\/wp-content\/uploads\/2025\/02\/cropped-honda-power-equipment-logo.png","contentUrl":"https:\/\/hondapowertools.com\/wp-content\/uploads\/2025\/02\/cropped-honda-power-equipment-logo.png","width":290,"height":70,"caption":"HONDA POWER TOOLS"},"image":{"@id":"https:\/\/hondapowertools.com\/#\/schema\/logo\/image\/"}}]}},"_links":{"self":[{"href":"https:\/\/hondapowertools.com\/cs\/wp-json\/wp\/v2\/product\/462","targetHints":{"allow":["GET"]}}],"collection":[{"href":"https:\/\/hondapowertools.com\/cs\/wp-json\/wp\/v2\/product"}],"about":[{"href":"https:\/\/hondapowertools.com\/cs\/wp-json\/wp\/v2\/types\/product"}],"replies":[{"embeddable":true,"href":"https:\/\/hondapowertools.com\/cs\/wp-json\/wp\/v2\/comments?post=462"}],"wp:featuredmedia":[{"embeddable":true,"href":"https:\/\/hondapowertools.com\/cs\/wp-json\/wp\/v2\/media\/464"}],"wp:attachment":[{"href":"https:\/\/hondapowertools.com\/cs\/wp-json\/wp\/v2\/media?parent=462"}],"wp:term":[{"taxonomy":"product_brand","embeddable":true,"href":"https:\/\/hondapowertools.com\/cs\/wp-json\/wp\/v2\/product_brand?post=462"},{"taxonomy":"product_cat","embeddable":true,"href":"https:\/\/hondapowertools.com\/cs\/wp-json\/wp\/v2\/product_cat?post=462"},{"taxonomy":"product_tag","embeddable":true,"href":"https:\/\/hondapowertools.com\/cs\/wp-json\/wp\/v2\/product_tag?post=462"}],"curies":[{"name":"wp","href":"https:\/\/api.w.org\/{rel}","templated":true}]}}