{"id":494,"date":"2025-02-09T08:25:17","date_gmt":"2025-02-09T08:25:17","guid":{"rendered":"https:\/\/hondapowertools.com\/?post_type=product&#038;p=494"},"modified":"2026-01-29T07:47:39","modified_gmt":"2026-01-29T07:47:39","slug":"eb2200i","status":"publish","type":"product","link":"https:\/\/hondapowertools.com\/cs\/produkt\/eb2200i\/","title":{"rendered":"EB2200i"},"content":{"rendered":"<div id=\"Features\" class=\"anchor2 container g-py-0\">\n<div class=\"row\">\n<div><\/div>\n<h2>Honda Eb2200i generator<\/h2>\n<p>Order now, The Honda EB2200 generator offers 2200 watts of inverter power, ideal for construction, rental, industrial &amp; professional use.<\/p>\n<p>&nbsp;<\/p>\n<div class=\"col-lg-2 featimg text-center g-pa-10 g-mb-0 g-font-weight-600\"><img decoding=\"async\" class=\"img-fluid\" src=\"https:\/\/services.powerequipment.honda.com\/content\/images\/pe\/models\/features\/thumbs\/powerful.jpg\" alt=\"More power. Same legendary quality.\" \/><\/div>\n<div class=\"col-lg-4 g-pa-10 g-mb-0\">\n<p><span class=\"g-color-black g-font-weight-700\">V\u00edce energie. Stejn\u00e1 legend\u00e1rn\u00ed kvalita. <\/span>The EB2200i delivers 10% more power than the previous EB2000 &#8211; enabling you to power more of what you need, in the same lightweight, compact package.<\/p>\n<\/div>\n<div class=\"col-lg-2 featimg text-center g-pa-10 g-mb-0 g-font-weight-600\"><img decoding=\"async\" class=\"img-fluid\" src=\"https:\/\/services.powerequipment.honda.com\/content\/images\/pe\/models\/features\/thumbs\/drill.jpg\" alt=\"Portable power for your job site\" \/><\/div>\n<div class=\"col-lg-4 g-pa-10 g-mb-0\">\n<p><span class=\"g-color-black g-font-weight-700\">Portable power for your job site<\/span>\u00a0EB2200i can operate a wide variety of industrial tools, making it perfect for portable use on any job site. Take a look at the applications tab for more examples.<\/p>\n<\/div>\n<div class=\"col-lg-2 featimg text-center g-pa-10 g-mb-0 g-font-weight-600\"><img decoding=\"async\" class=\"img-fluid\" style=\"box-sizing: border-box; vertical-align: middle; border-style: none; max-width: 100%; height: auto;\" src=\"https:\/\/services.powerequipment.honda.com\/content\/images\/pe\/models\/features\/thumbs\/co-minder-logo.jpg\" alt=\"CO-MINDER&lt;sup&gt;&amp;trade;&lt;\/sup&gt;: Advanced Carbon Monoxide Detection System\" \/><\/div>\n<div class=\"col-lg-4 g-pa-10 g-mb-0\">\n<p><span class=\"g-color-black g-font-weight-700\">CO-MINDER<sup>\u2122<\/sup>: Advanced Carbon Monoxide Detection System<\/span>CO-MINDER<sup>\u2122<\/sup>\u00a0nep\u0159etr\u017eit\u011b monitoruje hladinu oxidu uhelnat\u00e9ho (CO). Automaticky vypne gener\u00e1tor d\u0159\u00edve, ne\u017e zji\u0161t\u011bn\u00e1 hladina CO v bl\u00edzkosti gener\u00e1toru dos\u00e1hne nebezpe\u010dn\u011b vysok\u00e9 hodnoty.<\/p>\n<\/div>\n<div class=\"col-lg-2 featimg text-center g-pa-10 g-mb-0 g-font-weight-600\"><img decoding=\"async\" class=\"img-fluid\" src=\"https:\/\/services.powerequipment.honda.com\/content\/images\/pe\/models\/features\/thumbs\/gxr120.jpg\" alt=\"Honda GXR120 Engine - Commercial grade reliability\" \/><\/div>\n<div class=\"col-lg-4 g-pa-10 g-mb-0\">\n<p><span class=\"g-color-black g-font-weight-700\"><a href=\"https:\/\/hondapowertools.com\/cs\/stitek-produktu\/honda-hrc216hda-self-propelled-commercial-lawn-mower\/\" data-wpil-monitor-id=\"38\">Honda GXR120 Engine &#8211; Commercial<\/a> grade reliabilityGXR120 delivers exceptionally quiet, smooth, fuel-efficient performance in a small, lightweight package. Honda&#8217;s GXR120 also delivers superb durability and reliability.<\/span><\/p>\n<\/div>\n<div class=\"col-lg-2 featimg text-center g-pa-10 g-mb-0 g-font-weight-600\"><img decoding=\"async\" class=\"img-fluid\" src=\"https:\/\/services.powerequipment.honda.com\/content\/images\/pe\/models\/features\/thumbs\/gfci.jpg\" alt=\"GFCI Protection\" \/><\/div>\n<div class=\"col-lg-4 g-pa-10 g-mb-0\">\n<p><span class=\"g-color-black g-font-weight-700\">GFCI Protection<\/span>The EB2200i has full GFCI protection. It&#8217;s OSHA Compliant, making it ideal for jobsite applications.<\/p>\n<\/div>\n<div class=\"col-lg-2 featimg text-center g-pa-10 g-mb-0 g-font-weight-600\"><img decoding=\"async\" class=\"img-fluid\" src=\"https:\/\/services.powerequipment.honda.com\/content\/images\/pe\/models\/features\/thumbs\/laptop.jpg\" alt=\"Advanced inverter technology - reliable power for sensitive equipment and electronics\" \/><\/div>\n<div class=\"col-lg-4 g-pa-10 g-mb-0\">\n<p><span class=\"g-color-black g-font-weight-700\">Advanced inverter technology &#8211; reliable power for sensitive equipment and electronics<\/span>Honda&#8217;s inverter technology means stable, clean power in a smaller, lighter package. Our <a href=\"https:\/\/hondapowertools.com\/cs\/stitek-produktu\/eu2200i-camo-2200-watt-120v-inverter-generator\/\"  data-wpil-monitor-id=\"42\">invertorov\u00e9 gener\u00e1tory<\/a> produkovat stejn\u011b spolehliv\u00e9 nap\u00e1jen\u00ed, jako je to, kter\u00e9 z\u00edsk\u00e1v\u00e1te z dom\u00e1c\u00edch z\u00e1suvek.<\/p>\n<\/div>\n<div class=\"col-lg-2 featimg text-center g-pa-10 g-mb-0 g-font-weight-600\"><img decoding=\"async\" class=\"img-fluid\" src=\"https:\/\/services.powerequipment.honda.com\/content\/images\/pe\/models\/features\/thumbs\/quiet.jpg\" alt=\"Super quiet - less noise than normal conversation\" \/><\/div>\n<div class=\"col-lg-4 g-pa-10 g-mb-0\">\n<p><span class=\"g-color-black g-font-weight-700\">Velmi tich\u00fd - m\u00e9n\u011b hluku ne\u017e p\u0159i b\u011b\u017en\u00e9 konverzaci<\/span>\u00a0quiet, you can hardly hear it running. The EB2200i operates at 48 to 57 dBA, which is less noise than a normal conversation.<\/p>\n<p>&nbsp;<\/p>\n<\/div>\n<div class=\"col-lg-2 featimg text-center g-pa-10 g-mb-0 g-font-weight-600\"><img decoding=\"async\" class=\"img-fluid\" src=\"https:\/\/services.powerequipment.honda.com\/content\/images\/pe\/models\/features\/thumbs\/honda-eb2200-carry.jpg\" alt=\"Lightweight and compact\" \/><\/div>\n<div class=\"col-lg-4 g-pa-10 g-mb-0\">\n<p><span class=\"g-color-black g-font-weight-700\">Lehk\u00e9 a kompaktn\u00ed<\/span>Weighing just over 47 pounds, the EB2200i is incredibly lightweight and portable, thanks to <a href=\"https:\/\/hondapowertools.com\/cs\/stitek-produktu\/honda-inverter-eu3000is\/\" data-wpil-monitor-id=\"12\">M\u011bni\u010d Honda<\/a> technology.<\/p>\n<\/div>\n<div class=\"col-lg-2 featimg text-center g-pa-10 g-mb-0 g-font-weight-600\"><img decoding=\"async\" class=\"img-fluid\" src=\"https:\/\/services.powerequipment.honda.com\/content\/images\/pe\/models\/features\/thumbs\/eco.jpg\" alt=\"Fuel efficient - runs up to 8.1 hrs on less than a gallon of fuel\" \/><\/div>\n<div class=\"col-lg-4 g-pa-10 g-mb-0\">\n<p><span class=\"g-color-black g-font-weight-700\">Fuel efficient &#8211; runs up to 8.1 hrs on less than a gallon of fuel thanks<\/span>\u00a0to our exclusive Eco Throttle System, the EB2200i offers great fuel efficiency. Runs 3.2 to 8.1 hours on a single tank, depending on the load.<\/p>\n<p>&nbsp;<\/p>\n<\/div>\n<div class=\"col-lg-2 featimg text-center g-pa-10 g-mb-0 g-font-weight-600\"><img decoding=\"async\" class=\"img-fluid\" src=\"https:\/\/services.powerequipment.honda.com\/content\/images\/pe\/models\/features\/thumbs\/honda-eu2200-oil.jpg\" alt=\"Easier oil changes\" \/><\/div>\n<div class=\"col-lg-4 g-pa-10 g-mb-0\">\n<p><span class=\"g-color-black g-font-weight-700\">Snadn\u011bj\u0161\u00ed v\u00fdm\u011bna oleje<\/span> bigger oil filler openings, longer spouts, and larger oil drain gutter make for easier and cleaner oil changes.<\/p>\n<\/div>\n<div class=\"col-lg-2 featimg text-center g-pa-10 g-mb-0 g-font-weight-600\"><img decoding=\"async\" class=\"img-fluid\" src=\"https:\/\/services.powerequipment.honda.com\/content\/images\/pe\/models\/features\/thumbs\/fuel-off-switch.jpg\" alt=\"Fuel shutoff (&quot;Fuel Off&quot; position)\" \/><\/div>\n<div class=\"col-lg-4 g-pa-10 g-mb-0\">\n<p><span class=\"g-color-black g-font-weight-700\">Uzav\u00edr\u00e1n\u00ed p\u0159\u00edvodu paliva (poloha \"Fuel Off\")<\/span>\"Vypnut\u00e9 palivo<sup>&#8220;<\/sup>\u00a0Poloha umo\u017e\u0148uje, aby motor b\u011b\u017eel, dokud se nespot\u0159ebuje v\u011bt\u0161ina paliva v karbur\u00e1toru a motor se nevypne. To pom\u00e1h\u00e1 p\u0159edch\u00e1zet probl\u00e9m\u016fm se za\u0161l\u00fdm palivem a je to u\u017eite\u010dn\u00e9 p\u0159i skladov\u00e1n\u00ed gener\u00e1toru.<\/p>\n<\/div>\n<div class=\"col-lg-2 featimg text-center g-pa-10 g-mb-0 g-font-weight-600\"><img decoding=\"async\" class=\"img-fluid\" src=\"https:\/\/services.powerequipment.honda.com\/content\/images\/pe\/models\/features\/thumbs\/checkmark.jpg\" alt=\"Better overall durability\" \/><\/div>\n<div class=\"col-lg-4 g-pa-10 g-mb-0\">\n<p><span class=\"g-color-black g-font-weight-700\">Lep\u0161\u00ed celkov\u00e1 odolnost<\/span>It&#8217;s the little things that show a product&#8217;s quality and durability. Like the stamped metal recoil rope insert on the EB2200i &#8211; reducing potential damage to the body of the generator. Or the increased ventilation area, resulting in improved cooling of key components. Or the improved stator\/rotor configuration, using some of the highest quality and most powerful magnets available.<\/p>\n<\/div>\n<div class=\"col-lg-2 featimg text-center g-pa-10 g-mb-0 g-font-weight-600\"><img decoding=\"async\" class=\"img-fluid\" style=\"box-sizing: border-box; vertical-align: middle; border-style: none; max-width: 100%; height: auto;\" src=\"https:\/\/services.powerequipment.honda.com\/content\/images\/pe\/models\/features\/thumbs\/oil-alert.jpg\" alt=\"Protected by Oil Alert&lt;sup&gt;&amp;reg;&lt;\/sup&gt;\" \/><\/div>\n<div class=\"col-lg-4 g-pa-10 g-mb-0\">\n<p><span class=\"g-color-black g-font-weight-700\">Chr\u00e1n\u011bno v\u00fdstrahou Oil Alert<sup>\u00ae<\/sup><\/span>Chr\u00e1n\u00ed gener\u00e1tor t\u00edm, \u017ee p\u0159i zji\u0161t\u011bn\u00ed n\u00edzk\u00e9ho obsahu oleje vypne motor.<\/p>\n<\/div>\n<div class=\"col-lg-2 featimg text-center g-pa-10 g-mb-0 g-font-weight-600\"><img decoding=\"async\" class=\"img-fluid\" src=\"https:\/\/services.powerequipment.honda.com\/content\/images\/pe\/models\/features\/thumbs\/spark-arrestor.jpg\" alt=\"USDA-qualified spark arrestor\/muffler\" \/><\/div>\n<div class=\"col-lg-4 g-pa-10 g-mb-0\">\n<p><span class=\"g-color-black g-font-weight-700\">Odlu\u010dova\u010d jisker s certifikac\u00ed USDA<\/span>Spl\u0148uje normy USDA pro oblasti, kde jsou pro provoz vy\u017eadov\u00e1ny jisk\u0159i\u0161t\u011b.<\/p>\n<\/div>\n<div class=\"col-lg-2 featimg text-center g-pa-10 g-mb-0 g-font-weight-600\"><img decoding=\"async\" class=\"img-fluid\" src=\"https:\/\/services.powerequipment.honda.com\/content\/images\/pe\/models\/features\/thumbs\/honda-3-year-warranty.jpg\" alt=\"3 year residential warranty\" \/><\/div>\n<div class=\"col-lg-4 g-pa-10 g-mb-0\">\n<p><span class=\"g-color-black g-font-weight-700\">3let\u00e1 z\u00e1ruka pro obytn\u00e9 budovy<\/span>M\u016f\u017eete b\u00fdt klidn\u00ed, proto\u017ee v\u00edte, \u017ee v\u00e1\u0161 gener\u00e1tor je po cel\u00e9 3 roky poji\u0161t\u011bn od shora dol\u016f.<\/p>\n<\/div>\n<\/div>\n<\/div>\n<div id=\"Specs\" class=\"anchor2 container g-py-0\">\n<div class=\"col-lg-12 g-pa-0\">\n<div class=\"u-heading-v3-1 g-bg-main g-brd-main u-heading-v3-1 g-bg-main g-brd-main g-my-30 col-lg-12 g-pa-0\">\n<h2 class=\"h3 u-heading-v3__title\">Specifikace<\/h2>\n<\/div>\n<div class=\"g-pt-30 container\">\n<div class=\"col-lg-12 g-pa-0\">\n<div class=\"col-lg-12 g-brd-bottom g-brd-gray-light-v4 g-pt-0 g-pb-20 g-mb-0\"><span class=\"g-font-weight-600\">\u00dapln\u00fd n\u00e1zev modelu<\/span><span class=\"pull-right w-50\">EB2200ITAN<\/span><\/div>\n<\/div>\n<\/div>\n<div class=\"g-pt-30 container\">\n<div class=\"col-lg-12 g-pa-0\">\n<div class=\"col-lg-12 g-brd-bottom g-brd-gray-light-v4 g-pt-0 g-pb-20 g-mb-0\"><span class=\"g-font-weight-600\">Motor<\/span><span class=\"pull-right w-50\">Honda GXR120<\/span><\/div>\n<\/div>\n<\/div>\n<div class=\"g-pt-30 container\">\n<div class=\"col-lg-12 g-pa-0\">\n<div class=\"col-lg-12 g-brd-bottom g-brd-gray-light-v4 g-pt-0 g-pb-20 g-mb-0\"><span class=\"g-font-weight-600\">Posunut\u00ed<\/span><span class=\"pull-right w-50\">121 cm3<\/span><\/div>\n<\/div>\n<\/div>\n<div class=\"g-pt-30 container\">\n<div class=\"col-lg-12 g-pa-0\">\n<div class=\"col-lg-12 g-brd-bottom g-brd-gray-light-v4 g-pt-0 g-pb-20 g-mb-0\"><span class=\"g-font-weight-600\">V\u00fdstup st\u0159\u00eddav\u00e9ho proudu<\/span><span class=\"pull-right w-50\">120V 2200W max. (18.3A), 1800W rated (15A)<\/span><\/div>\n<\/div>\n<\/div>\n<div class=\"g-pt-30 container\">\n<div class=\"col-lg-12 g-pa-0\">\n<div class=\"col-lg-12 g-brd-bottom g-brd-gray-light-v4 g-pt-0 g-pb-20 g-mb-0\"><span class=\"g-font-weight-600\">Z\u00e1sobn\u00edky<\/span><span class=\"pull-right w-50\">20A 125V Duplex<\/span><\/div>\n<\/div>\n<\/div>\n<div class=\"g-pt-30 container\">\n<div class=\"col-lg-12 g-pa-0\">\n<div class=\"col-lg-12 g-brd-bottom g-brd-gray-light-v4 g-pt-0 g-pb-20 g-mb-0\"><span class=\"g-font-weight-600\">V\u00fdstup stejnosm\u011brn\u00e9ho proudu<\/span><span class=\"pull-right w-50\">NA<\/span><\/div>\n<\/div>\n<\/div>\n<div class=\"g-pt-30 container\">\n<div class=\"col-lg-12 g-pa-0\">\n<div class=\"col-lg-12 g-brd-bottom g-brd-gray-light-v4 g-pt-0 g-pb-20 g-mb-0\"><span class=\"g-font-weight-600\">Startovac\u00ed syst\u00e9m<\/span><span class=\"pull-right w-50\">Recoil<\/span><\/div>\n<\/div>\n<\/div>\n<div class=\"g-pt-30 container\">\n<div class=\"col-lg-12 g-pa-0\">\n<div class=\"col-lg-12 g-brd-bottom g-brd-gray-light-v4 g-pt-0 g-pb-20 g-mb-0\"><span class=\"g-font-weight-600\">Objem palivov\u00e9 n\u00e1dr\u017ee<\/span><span class=\"pull-right w-50\">.95 gal<\/span><\/div>\n<\/div>\n<\/div>\n<div class=\"g-pt-30 container\">\n<div class=\"col-lg-12 g-pa-0\">\n<div class=\"col-lg-12 g-brd-bottom g-brd-gray-light-v4 g-pt-0 g-pb-20 g-mb-0\"><span class=\"g-font-weight-600\">Doba provozu na jednu n\u00e1dr\u017e<\/span><span class=\"pull-right w-50\">3,2 h p\u0159i jmenovit\u00e9m zat\u00ed\u017een\u00ed 8,1 h p\u0159i 1\/4 zat\u00ed\u017een\u00ed<\/span><\/div>\n<\/div>\n<\/div>\n<div class=\"g-pt-30 container\">\n<div class=\"col-lg-12 g-pa-0\">\n<div class=\"col-lg-12 g-brd-bottom g-brd-gray-light-v4 g-pt-0 g-pb-20 g-mb-0\"><span class=\"g-font-weight-600\">Rozm\u011bry (D x \u0160 x V)<\/span><span class=\"pull-right w-50\">20,0\u2033 x 11,4\u2033 x 16,7\u2033<\/span><\/div>\n<\/div>\n<\/div>\n<div class=\"g-pt-30 container\">\n<div class=\"col-lg-12 g-pa-0\">\n<div class=\"col-lg-12 g-brd-bottom g-brd-gray-light-v4 g-pt-0 g-pb-20 g-mb-0\"><span class=\"g-font-weight-600\">Hladina hluku<\/span><span class=\"pull-right w-50\">57 dB(A) @ rated load 48 dB(A) @ 1\/4 load<\/span><\/div>\n<\/div>\n<\/div>\n<div class=\"g-pt-30 container\">\n<div class=\"col-lg-12 g-pa-0\">\n<div class=\"col-lg-12 g-brd-bottom g-brd-gray-light-v4 g-pt-0 g-pb-20 g-mb-0\"><span class=\"g-font-weight-600\">Such\u00e1 hmotnost<\/span><span class=\"pull-right w-50\">47,4 lb.<\/span><\/div>\n<\/div>\n<\/div>\n<div class=\"g-pt-30 container\">\n<div class=\"col-lg-12 g-pa-0\">\n<div class=\"col-lg-12 g-brd-bottom g-brd-gray-light-v4 g-pt-0 g-pb-20 g-mb-0\"><span class=\"g-font-weight-600\">Z\u00e1ruka na obytn\u00e9 budovy<\/span><span class=\"pull-right w-50\">3 roky<\/span><\/div>\n<\/div>\n<\/div>\n<div class=\"g-pt-30 container\">\n<div class=\"col-lg-12 g-pa-0\">\n<div class=\"col-lg-12 g-brd-bottom g-brd-gray-light-v4 g-pt-0 g-pb-20 g-mb-0\"><span class=\"g-font-weight-600\">Komer\u010dn\u00ed z\u00e1ruka<\/span><span class=\"pull-right w-50\">12 m\u011bs\u00edc\u016f<\/span><\/div>\n<\/div>\n<\/div>\n<\/div>\n<\/div>","protected":false},"excerpt":{"rendered":"<ul class=\"g-ml-0 g-pl-20\">\n<li>Velmi tich\u00fd, lehk\u00fd a \u00fasporn\u00fd<\/li>\n<li>OSHA worksite compliant<\/li>\n<li>Inverter: stable power for sensitive equipment &amp; electronics<\/li>\n<li>CO-MINDER: pokro\u010dil\u00fd syst\u00e9m detekce oxidu uhelnat\u00e9ho<\/li>\n<\/ul>\n<p>&nbsp;<\/p>","protected":false},"featured_media":498,"comment_status":"open","ping_status":"closed","template":"","meta":[],"product_brand":[],"product_cat":[42],"product_tag":[80,83,81],"class_list":{"0":"post-494","1":"product","2":"type-product","3":"status-publish","4":"has-post-thumbnail","6":"product_cat-honda-generators","7":"product_tag-honda-eb2200i","8":"product_tag-honda-eb2200i-generator","9":"product_tag-honda-generator-eb2200i","11":"first","12":"instock","13":"shipping-taxable","14":"purchasable","15":"product-type-simple"},"yoast_head":"<!-- This site is optimized with the Yoast SEO Premium plugin v26.2 (Yoast SEO v26.2) - https:\/\/yoast.com\/wordpress\/plugins\/seo\/ -->\n<title>EB2200i - HONDA POWER EQUIPMENT<\/title>\n<meta name=\"description\" content=\"Order now, The Honda EB2200 generator offers 2200 watts of inverter power, ideal for construction, rental, industrial &amp; professional use.\" \/>\n<meta name=\"robots\" content=\"index, follow, max-snippet:-1, max-image-preview:large, max-video-preview:-1\" \/>\n<link rel=\"canonical\" href=\"https:\/\/hondapowertools.com\/cs\/produkt\/eb2200i\/\" \/>\n<meta property=\"og:locale\" content=\"cs_CZ\" \/>\n<meta property=\"og:type\" content=\"article\" \/>\n<meta property=\"og:title\" content=\"EB2200i\" \/>\n<meta property=\"og:description\" content=\"Order now, The Honda EB2200 generator offers 2200 watts of inverter power, ideal for construction, rental, industrial &amp; professional use.\" \/>\n<meta property=\"og:url\" content=\"https:\/\/hondapowertools.com\/cs\/produkt\/eb2200i\/\" \/>\n<meta property=\"og:site_name\" content=\"HONDA POWER EQUIPMENT\" \/>\n<meta property=\"article:modified_time\" content=\"2026-01-29T07:47:39+00:00\" \/>\n<meta property=\"og:image\" content=\"https:\/\/hondapowertools.com\/wp-content\/uploads\/2025\/02\/honda_eb2200itag_left.jpg\" \/>\n\t<meta property=\"og:image:width\" content=\"850\" \/>\n\t<meta property=\"og:image:height\" content=\"850\" \/>\n\t<meta property=\"og:image:type\" content=\"image\/jpeg\" \/>\n<meta name=\"twitter:card\" content=\"summary_large_image\" \/>\n<meta name=\"twitter:label1\" content=\"Odhadovan\u00e1 doba \u010dten\u00ed\" \/>\n\t<meta name=\"twitter:data1\" content=\"6 minut\" \/>\n<script type=\"application\/ld+json\" class=\"yoast-schema-graph\">{\"@context\":\"https:\/\/schema.org\",\"@graph\":[{\"@type\":\"WebPage\",\"@id\":\"https:\/\/hondapowertools.com\/product\/eb2200i\/\",\"url\":\"https:\/\/hondapowertools.com\/product\/eb2200i\/\",\"name\":\"EB2200i - HONDA POWER EQUIPMENT\",\"isPartOf\":{\"@id\":\"https:\/\/hondapowertools.com\/#website\"},\"primaryImageOfPage\":{\"@id\":\"https:\/\/hondapowertools.com\/product\/eb2200i\/#primaryimage\"},\"image\":{\"@id\":\"https:\/\/hondapowertools.com\/product\/eb2200i\/#primaryimage\"},\"thumbnailUrl\":\"https:\/\/hondapowertools.com\/wp-content\/uploads\/2025\/02\/honda_eb2200itag_left.jpg\",\"datePublished\":\"2025-02-09T08:25:17+00:00\",\"dateModified\":\"2026-01-29T07:47:39+00:00\",\"description\":\"Order now, The Honda EB2200 generator offers 2200 watts of inverter power, ideal for construction, rental, industrial & professional use.\",\"breadcrumb\":{\"@id\":\"https:\/\/hondapowertools.com\/product\/eb2200i\/#breadcrumb\"},\"inLanguage\":\"cs\",\"potentialAction\":[{\"@type\":\"ReadAction\",\"target\":[\"https:\/\/hondapowertools.com\/product\/eb2200i\/\"]}]},{\"@type\":\"ImageObject\",\"inLanguage\":\"cs\",\"@id\":\"https:\/\/hondapowertools.com\/product\/eb2200i\/#primaryimage\",\"url\":\"https:\/\/hondapowertools.com\/wp-content\/uploads\/2025\/02\/honda_eb2200itag_left.jpg\",\"contentUrl\":\"https:\/\/hondapowertools.com\/wp-content\/uploads\/2025\/02\/honda_eb2200itag_left.jpg\",\"width\":850,\"height\":850,\"caption\":\"EB2200i\"},{\"@type\":\"BreadcrumbList\",\"@id\":\"https:\/\/hondapowertools.com\/product\/eb2200i\/#breadcrumb\",\"itemListElement\":[{\"@type\":\"ListItem\",\"position\":1,\"name\":\"Home\",\"item\":\"https:\/\/hondapowertools.com\/\"},{\"@type\":\"ListItem\",\"position\":2,\"name\":\"Shop\",\"item\":\"https:\/\/hondapowertools.com\/?page_id=10\"},{\"@type\":\"ListItem\",\"position\":3,\"name\":\"EB2200i\"}]},{\"@type\":\"WebSite\",\"@id\":\"https:\/\/hondapowertools.com\/#website\",\"url\":\"https:\/\/hondapowertools.com\/\",\"name\":\"HONDA POWER EQUIPMENTS\",\"description\":\"Honda Power Equipment\",\"publisher\":{\"@id\":\"https:\/\/hondapowertools.com\/#organization\"},\"potentialAction\":[{\"@type\":\"SearchAction\",\"target\":{\"@type\":\"EntryPoint\",\"urlTemplate\":\"https:\/\/hondapowertools.com\/?s={search_term_string}\"},\"query-input\":{\"@type\":\"PropertyValueSpecification\",\"valueRequired\":true,\"valueName\":\"search_term_string\"}}],\"inLanguage\":\"cs\"},{\"@type\":\"Organization\",\"@id\":\"https:\/\/hondapowertools.com\/#organization\",\"name\":\"HONDA POWER TOOLS\",\"alternateName\":\"HONDA POWER EQUIPMENT\",\"url\":\"https:\/\/hondapowertools.com\/\",\"logo\":{\"@type\":\"ImageObject\",\"inLanguage\":\"cs\",\"@id\":\"https:\/\/hondapowertools.com\/#\/schema\/logo\/image\/\",\"url\":\"https:\/\/hondapowertools.com\/wp-content\/uploads\/2025\/02\/cropped-honda-power-equipment-logo.png\",\"contentUrl\":\"https:\/\/hondapowertools.com\/wp-content\/uploads\/2025\/02\/cropped-honda-power-equipment-logo.png\",\"width\":290,\"height\":70,\"caption\":\"HONDA POWER TOOLS\"},\"image\":{\"@id\":\"https:\/\/hondapowertools.com\/#\/schema\/logo\/image\/\"}}]}<\/script>\n<!-- \/ Yoast SEO Premium plugin. -->","yoast_head_json":{"title":"EB2200i - HONDA POWER EQUIPMENT","description":"Order now, The Honda EB2200 generator offers 2200 watts of inverter power, ideal for construction, rental, industrial & professional use.","robots":{"index":"index","follow":"follow","max-snippet":"max-snippet:-1","max-image-preview":"max-image-preview:large","max-video-preview":"max-video-preview:-1"},"canonical":"https:\/\/hondapowertools.com\/cs\/produkt\/eb2200i\/","og_locale":"cs_CZ","og_type":"article","og_title":"EB2200i","og_description":"Order now, The Honda EB2200 generator offers 2200 watts of inverter power, ideal for construction, rental, industrial & professional use.","og_url":"https:\/\/hondapowertools.com\/cs\/produkt\/eb2200i\/","og_site_name":"HONDA POWER EQUIPMENT","article_modified_time":"2026-01-29T07:47:39+00:00","og_image":[{"width":850,"height":850,"url":"https:\/\/hondapowertools.com\/wp-content\/uploads\/2025\/02\/honda_eb2200itag_left.jpg","type":"image\/jpeg"}],"twitter_card":"summary_large_image","twitter_misc":{"Odhadovan\u00e1 doba \u010dten\u00ed":"6 minut"},"schema":{"@context":"https:\/\/schema.org","@graph":[{"@type":"WebPage","@id":"https:\/\/hondapowertools.com\/product\/eb2200i\/","url":"https:\/\/hondapowertools.com\/product\/eb2200i\/","name":"EB2200i - HONDA POWER EQUIPMENT","isPartOf":{"@id":"https:\/\/hondapowertools.com\/#website"},"primaryImageOfPage":{"@id":"https:\/\/hondapowertools.com\/product\/eb2200i\/#primaryimage"},"image":{"@id":"https:\/\/hondapowertools.com\/product\/eb2200i\/#primaryimage"},"thumbnailUrl":"https:\/\/hondapowertools.com\/wp-content\/uploads\/2025\/02\/honda_eb2200itag_left.jpg","datePublished":"2025-02-09T08:25:17+00:00","dateModified":"2026-01-29T07:47:39+00:00","description":"Order now, The Honda EB2200 generator offers 2200 watts of inverter power, ideal for construction, rental, industrial & professional use.","breadcrumb":{"@id":"https:\/\/hondapowertools.com\/product\/eb2200i\/#breadcrumb"},"inLanguage":"cs","potentialAction":[{"@type":"ReadAction","target":["https:\/\/hondapowertools.com\/product\/eb2200i\/"]}]},{"@type":"ImageObject","inLanguage":"cs","@id":"https:\/\/hondapowertools.com\/product\/eb2200i\/#primaryimage","url":"https:\/\/hondapowertools.com\/wp-content\/uploads\/2025\/02\/honda_eb2200itag_left.jpg","contentUrl":"https:\/\/hondapowertools.com\/wp-content\/uploads\/2025\/02\/honda_eb2200itag_left.jpg","width":850,"height":850,"caption":"EB2200i"},{"@type":"BreadcrumbList","@id":"https:\/\/hondapowertools.com\/product\/eb2200i\/#breadcrumb","itemListElement":[{"@type":"ListItem","position":1,"name":"Home","item":"https:\/\/hondapowertools.com\/"},{"@type":"ListItem","position":2,"name":"Shop","item":"https:\/\/hondapowertools.com\/?page_id=10"},{"@type":"ListItem","position":3,"name":"EB2200i"}]},{"@type":"WebSite","@id":"https:\/\/hondapowertools.com\/#website","url":"https:\/\/hondapowertools.com\/","name":"HONDA POWER EQUIPMENTS","description":"Honda Power Equipment","publisher":{"@id":"https:\/\/hondapowertools.com\/#organization"},"potentialAction":[{"@type":"SearchAction","target":{"@type":"EntryPoint","urlTemplate":"https:\/\/hondapowertools.com\/?s={search_term_string}"},"query-input":{"@type":"PropertyValueSpecification","valueRequired":true,"valueName":"search_term_string"}}],"inLanguage":"cs"},{"@type":"Organization","@id":"https:\/\/hondapowertools.com\/#organization","name":"HONDA POWER TOOLS","alternateName":"HONDA POWER EQUIPMENT","url":"https:\/\/hondapowertools.com\/","logo":{"@type":"ImageObject","inLanguage":"cs","@id":"https:\/\/hondapowertools.com\/#\/schema\/logo\/image\/","url":"https:\/\/hondapowertools.com\/wp-content\/uploads\/2025\/02\/cropped-honda-power-equipment-logo.png","contentUrl":"https:\/\/hondapowertools.com\/wp-content\/uploads\/2025\/02\/cropped-honda-power-equipment-logo.png","width":290,"height":70,"caption":"HONDA POWER TOOLS"},"image":{"@id":"https:\/\/hondapowertools.com\/#\/schema\/logo\/image\/"}}]}},"_links":{"self":[{"href":"https:\/\/hondapowertools.com\/cs\/wp-json\/wp\/v2\/product\/494","targetHints":{"allow":["GET"]}}],"collection":[{"href":"https:\/\/hondapowertools.com\/cs\/wp-json\/wp\/v2\/product"}],"about":[{"href":"https:\/\/hondapowertools.com\/cs\/wp-json\/wp\/v2\/types\/product"}],"replies":[{"embeddable":true,"href":"https:\/\/hondapowertools.com\/cs\/wp-json\/wp\/v2\/comments?post=494"}],"wp:featuredmedia":[{"embeddable":true,"href":"https:\/\/hondapowertools.com\/cs\/wp-json\/wp\/v2\/media\/498"}],"wp:attachment":[{"href":"https:\/\/hondapowertools.com\/cs\/wp-json\/wp\/v2\/media?parent=494"}],"wp:term":[{"taxonomy":"product_brand","embeddable":true,"href":"https:\/\/hondapowertools.com\/cs\/wp-json\/wp\/v2\/product_brand?post=494"},{"taxonomy":"product_cat","embeddable":true,"href":"https:\/\/hondapowertools.com\/cs\/wp-json\/wp\/v2\/product_cat?post=494"},{"taxonomy":"product_tag","embeddable":true,"href":"https:\/\/hondapowertools.com\/cs\/wp-json\/wp\/v2\/product_tag?post=494"}],"curies":[{"name":"wp","href":"https:\/\/api.w.org\/{rel}","templated":true}]}}