{"id":519,"date":"2025-02-09T09:47:11","date_gmt":"2025-02-09T09:47:11","guid":{"rendered":"https:\/\/hondapowertools.com\/?post_type=product&#038;p=519"},"modified":"2025-02-09T09:47:12","modified_gmt":"2025-02-09T09:47:12","slug":"ztr-mowers","status":"publish","type":"product","link":"https:\/\/hondapowertools.com\/cs\/produkt\/ztr-mowers\/","title":{"rendered":"Seka\u010dky ZTR"},"content":{"rendered":"<h2><strong>seka\u010dky ztr na prodej<\/strong><\/h2>\n<p>Seznamte se se zcela nov\u00fdmi akumul\u00e1torov\u00fdmi seka\u010dkami Honda Zero Ztr. Prvot\u0159\u00eddn\u00ed v\u00fdkon, tak\u017ee m\u016f\u017eete pracovat rychle, ani\u017e by to bylo na \u00fakor v\u00fdkonu. Nejlep\u0161\u00ed kvalita se\u010den\u00ed ve sv\u00e9 t\u0159\u00edd\u011b s profesion\u00e1ln\u00edm dokon\u010den\u00edm na prvn\u00ed pr\u016fjezd. Maxim\u00e1ln\u00ed pohodl\u00ed s pln\u00fdm odpru\u017een\u00edm seka\u010dky pro men\u0161\u00ed \u00fanavu. A d\u016fv\u011bryhodn\u00e1 spolehlivost, vytvo\u0159en\u00e1 pro po\u017eadavky komer\u010dn\u00edho pou\u017eit\u00ed, pouze od spole\u010dnosti Honda.<\/p>\n<p>&nbsp;<\/p>\n<h4 class=\"g-font-weight-600 g-color-primary g-mb-5\">Pr\u00e9miov\u00fd v\u00fdkon<\/h4>\n<div class=\"mb-0 g-line-height-2 u-in-viewport g-color-gray-dark-v2 g-font-weight-400 g-pb-10\">\n<p>Seka\u010dky Honda ZTR jsou poh\u00e1n\u011bny 5 samostatn\u00fdmi elektromotory. Ka\u017ed\u00fd ze 3 motor\u016f sekac\u00edho \u00fastroj\u00ed ot\u00e1\u010d\u00ed na\u0161imi exkluzivn\u00edmi dvojit\u00fdmi no\u017ei MicroCut\u00ae a 2 motory hnac\u00edch kol man\u00e9vruj\u00ed s vozidlem s p\u0159esn\u00fdm ovl\u00e1d\u00e1n\u00edm. Tyto vysoce v\u00fdkonn\u00e9 48voltov\u00e9 bezkart\u00e1\u010dov\u00e9 elektromotory obstoj\u00ed v n\u00e1ro\u010dn\u00fdch podm\u00ednk\u00e1ch komer\u010dn\u00edch ter\u00e9nn\u00edch \u00faprav a disponuj\u00ed v\u00fdkonem pro se\u010den\u00ed s maxim\u00e1ln\u00ed \u00fa\u010dinnost\u00ed p\u0159i zachov\u00e1n\u00ed dokonal\u00e9 kvality st\u0159ihu.<\/p>\n<p>Zat\u00edmco n\u011bkter\u00e9 ZTR ob\u011btuj\u00ed rychlost pojezdu na \u00fakor sek\u00e1n\u00ed tr\u00e1vy, ZTR Honda poskytuje dostate\u010dn\u00fd v\u00fdkon pro sek\u00e1n\u00ed vy\u0161\u0161\u00ed rychlost\u00ed, ani\u017e byste se museli ob\u00e1vat \u0161patn\u00e9 kvality se\u010den\u00ed. Se seka\u010dkou Honda budete moci pracovat rychle, ani\u017e byste museli sni\u017eovat v\u00fdkon.<\/p>\n<p>Seka\u010dky Honda ZTR jsou vybaveny \u0161esti lithium-iontov\u00fdmi bateriemi, kter\u00e9 poskytuj\u00ed celkem 19,2 kW energie. Tyto zcela nov\u00e9 modely, kter\u00e9 na jedno nabit\u00ed pose\u010dou a\u017e 15 akr\u016f, poskytuj\u00ed se\u010den\u00ed a produktivitu na profesion\u00e1ln\u00ed \u00farovni.<\/p>\n<h4 class=\"g-font-weight-600 g-color-primary g-mb-5\">Nejlep\u0161\u00ed kvalita \u0159ezu ve sv\u00e9 t\u0159\u00edd\u011b<\/h4>\n<div class=\"mb-0 g-line-height-2 u-in-viewport g-color-gray-dark-v2 g-font-weight-400 g-pb-10\">\n<p>ZTR Honda poskytuje \u010dist\u00e9, rovnom\u011brn\u00e9 a ve sv\u00e9 t\u0159\u00edd\u011b nejlep\u0161\u00ed sek\u00e1n\u00ed ji\u017e p\u0159i prvn\u00edm pr\u016fchodu. Nen\u00ed t\u0159eba sekat dvakr\u00e1t, abyste z\u00edskali skv\u011ble vypadaj\u00edc\u00ed tr\u00e1vn\u00edk. Nen\u00ed zapot\u0159eb\u00ed \u017e\u00e1dn\u00e1 dal\u0161\u00ed mul\u010dovac\u00ed sada. \u017d\u00e1dn\u00e9 nevzhledn\u00e9 chuchvalce tr\u00e1vy na tr\u00e1vn\u00edku. Jen kr\u00e1sn\u00fd st\u0159ih, se kter\u00fdm budou va\u0161i z\u00e1kazn\u00edci spokojeni.<\/p>\n<p>54- a 60palcov\u00e9 ZTR seka\u010dky Honda maj\u00ed optimalizovanou konstrukci sk\u0159\u00edn\u011b a t\u0159i dvojit\u00e9 no\u017ee, kter\u00e9 nab\u00edzej\u00ed celkem 12 \u017eac\u00edch b\u0159it\u016f. V\u00edce sek\u00e1n\u00ed tr\u00e1vy vede k jemn\u011bj\u0161\u00edmu st\u0159ihu pro profesion\u00e1ln\u00ed povrchovou \u00fapravu s men\u0161\u00edm mno\u017estv\u00edm pr\u00e1ce.<\/p>\n<p>Stohovan\u00e1 a odsazen\u00e1 konstrukce dvou no\u017e\u016f MicroCut\u00ae zaji\u0161\u0165uje vynikaj\u00edc\u00ed kvalitu st\u0159ihu a men\u0161\u00ed od\u0159ezky pro vysokou \u00farove\u0148 drcen\u00ed tr\u00e1vy bez shlukov\u00e1n\u00ed.<\/p>\n<p>&nbsp;<\/p>\n<\/div>\n<\/div>","protected":false},"excerpt":{"rendered":"<p>ztr mowers for sale Meet Honda\u2019s all-new battery-powered Zero Ztr mowers. Premium power, so you can work fast without compromising performance. Best in class cut quality, with a pro finish on the first pass. Maximum comfort, with full mower suspension for less fatigue. And trusted reliability, built for the demands of commercial use, only from [&#8230;]","protected":false},"featured_media":520,"comment_status":"open","ping_status":"closed","template":"","meta":[],"product_brand":[],"product_cat":[48],"product_tag":[96,94,95],"class_list":{"0":"post-519","1":"product","2":"type-product","3":"status-publish","4":"has-post-thumbnail","6":"product_cat-honda-ztr-mowers","7":"product_tag-ohn-deere-zero-turn-mowers","8":"product_tag-used-ztr-mowers-for-sale","9":"product_tag-ztr-mowers-for-sale","11":"first","12":"instock","13":"shipping-taxable","14":"purchasable","15":"product-type-simple"},"yoast_head":"<!-- This site is optimized with the Yoast SEO Premium plugin v26.2 (Yoast SEO v26.2) - https:\/\/yoast.com\/wordpress\/plugins\/seo\/ -->\n<title>ZTR Mowers - HONDA POWER EQUIPMENT<\/title>\n<meta name=\"description\" content=\"Order Honda&#039;s new battery-powered Zero Turn ZTR Mowers. Premium power, best-in-class cut quality, maximum comfort, and trusted reliability.\" \/>\n<meta name=\"robots\" content=\"index, follow, max-snippet:-1, max-image-preview:large, max-video-preview:-1\" \/>\n<link rel=\"canonical\" href=\"https:\/\/hondapowertools.com\/cs\/produkt\/ztr-mowers\/\" \/>\n<meta property=\"og:locale\" content=\"cs_CZ\" \/>\n<meta property=\"og:type\" content=\"article\" \/>\n<meta property=\"og:title\" content=\"ZTR Mowers\" \/>\n<meta property=\"og:description\" content=\"Order Honda&#039;s new battery-powered Zero Turn ZTR Mowers. Premium power, best-in-class cut quality, maximum comfort, and trusted reliability.\" \/>\n<meta property=\"og:url\" content=\"https:\/\/hondapowertools.com\/cs\/produkt\/ztr-mowers\/\" \/>\n<meta property=\"og:site_name\" content=\"HONDA POWER EQUIPMENT\" \/>\n<meta property=\"article:modified_time\" content=\"2025-02-09T09:47:12+00:00\" \/>\n<meta name=\"twitter:card\" content=\"summary_large_image\" \/>\n<meta name=\"twitter:label1\" content=\"Odhadovan\u00e1 doba \u010dten\u00ed\" \/>\n\t<meta name=\"twitter:data1\" content=\"2 minuty\" \/>\n<script type=\"application\/ld+json\" class=\"yoast-schema-graph\">{\"@context\":\"https:\/\/schema.org\",\"@graph\":[{\"@type\":\"WebPage\",\"@id\":\"https:\/\/hondapowertools.com\/product\/ztr-mowers\/\",\"url\":\"https:\/\/hondapowertools.com\/product\/ztr-mowers\/\",\"name\":\"ZTR Mowers - HONDA POWER EQUIPMENT\",\"isPartOf\":{\"@id\":\"https:\/\/hondapowertools.com\/#website\"},\"primaryImageOfPage\":{\"@id\":\"https:\/\/hondapowertools.com\/product\/ztr-mowers\/#primaryimage\"},\"image\":{\"@id\":\"https:\/\/hondapowertools.com\/product\/ztr-mowers\/#primaryimage\"},\"thumbnailUrl\":\"https:\/\/hondapowertools.com\/wp-content\/uploads\/2025\/02\/HZ60SXB_Seat_Lever.avif\",\"datePublished\":\"2025-02-09T09:47:11+00:00\",\"dateModified\":\"2025-02-09T09:47:12+00:00\",\"description\":\"Order Honda's new battery-powered Zero Turn ZTR Mowers. Premium power, best-in-class cut quality, maximum comfort, and trusted reliability.\",\"breadcrumb\":{\"@id\":\"https:\/\/hondapowertools.com\/product\/ztr-mowers\/#breadcrumb\"},\"inLanguage\":\"cs\",\"potentialAction\":[{\"@type\":\"ReadAction\",\"target\":[\"https:\/\/hondapowertools.com\/product\/ztr-mowers\/\"]}]},{\"@type\":\"ImageObject\",\"inLanguage\":\"cs\",\"@id\":\"https:\/\/hondapowertools.com\/product\/ztr-mowers\/#primaryimage\",\"url\":\"https:\/\/hondapowertools.com\/wp-content\/uploads\/2025\/02\/HZ60SXB_Seat_Lever.avif\",\"contentUrl\":\"https:\/\/hondapowertools.com\/wp-content\/uploads\/2025\/02\/HZ60SXB_Seat_Lever.avif\",\"width\":700,\"height\":700,\"caption\":\"ZTR Mowers\"},{\"@type\":\"BreadcrumbList\",\"@id\":\"https:\/\/hondapowertools.com\/product\/ztr-mowers\/#breadcrumb\",\"itemListElement\":[{\"@type\":\"ListItem\",\"position\":1,\"name\":\"Home\",\"item\":\"https:\/\/hondapowertools.com\/\"},{\"@type\":\"ListItem\",\"position\":2,\"name\":\"Shop\",\"item\":\"https:\/\/hondapowertools.com\/?page_id=10\"},{\"@type\":\"ListItem\",\"position\":3,\"name\":\"ZTR Mowers\"}]},{\"@type\":\"WebSite\",\"@id\":\"https:\/\/hondapowertools.com\/#website\",\"url\":\"https:\/\/hondapowertools.com\/\",\"name\":\"HONDA POWER EQUIPMENTS\",\"description\":\"Honda Power Equipment\",\"publisher\":{\"@id\":\"https:\/\/hondapowertools.com\/#organization\"},\"potentialAction\":[{\"@type\":\"SearchAction\",\"target\":{\"@type\":\"EntryPoint\",\"urlTemplate\":\"https:\/\/hondapowertools.com\/?s={search_term_string}\"},\"query-input\":{\"@type\":\"PropertyValueSpecification\",\"valueRequired\":true,\"valueName\":\"search_term_string\"}}],\"inLanguage\":\"cs\"},{\"@type\":\"Organization\",\"@id\":\"https:\/\/hondapowertools.com\/#organization\",\"name\":\"HONDA POWER TOOLS\",\"alternateName\":\"HONDA POWER EQUIPMENT\",\"url\":\"https:\/\/hondapowertools.com\/\",\"logo\":{\"@type\":\"ImageObject\",\"inLanguage\":\"cs\",\"@id\":\"https:\/\/hondapowertools.com\/#\/schema\/logo\/image\/\",\"url\":\"https:\/\/hondapowertools.com\/wp-content\/uploads\/2025\/02\/cropped-honda-power-equipment-logo.png\",\"contentUrl\":\"https:\/\/hondapowertools.com\/wp-content\/uploads\/2025\/02\/cropped-honda-power-equipment-logo.png\",\"width\":290,\"height\":70,\"caption\":\"HONDA POWER TOOLS\"},\"image\":{\"@id\":\"https:\/\/hondapowertools.com\/#\/schema\/logo\/image\/\"}}]}<\/script>\n<!-- \/ Yoast SEO Premium plugin. -->","yoast_head_json":{"title":"ZTR Mowers - HONDA POWER EQUIPMENT","description":"Order Honda's new battery-powered Zero Turn ZTR Mowers. Premium power, best-in-class cut quality, maximum comfort, and trusted reliability.","robots":{"index":"index","follow":"follow","max-snippet":"max-snippet:-1","max-image-preview":"max-image-preview:large","max-video-preview":"max-video-preview:-1"},"canonical":"https:\/\/hondapowertools.com\/cs\/produkt\/ztr-mowers\/","og_locale":"cs_CZ","og_type":"article","og_title":"ZTR Mowers","og_description":"Order Honda's new battery-powered Zero Turn ZTR Mowers. Premium power, best-in-class cut quality, maximum comfort, and trusted reliability.","og_url":"https:\/\/hondapowertools.com\/cs\/produkt\/ztr-mowers\/","og_site_name":"HONDA POWER EQUIPMENT","article_modified_time":"2025-02-09T09:47:12+00:00","twitter_card":"summary_large_image","twitter_misc":{"Odhadovan\u00e1 doba \u010dten\u00ed":"2 minuty"},"schema":{"@context":"https:\/\/schema.org","@graph":[{"@type":"WebPage","@id":"https:\/\/hondapowertools.com\/product\/ztr-mowers\/","url":"https:\/\/hondapowertools.com\/product\/ztr-mowers\/","name":"ZTR Mowers - HONDA POWER EQUIPMENT","isPartOf":{"@id":"https:\/\/hondapowertools.com\/#website"},"primaryImageOfPage":{"@id":"https:\/\/hondapowertools.com\/product\/ztr-mowers\/#primaryimage"},"image":{"@id":"https:\/\/hondapowertools.com\/product\/ztr-mowers\/#primaryimage"},"thumbnailUrl":"https:\/\/hondapowertools.com\/wp-content\/uploads\/2025\/02\/HZ60SXB_Seat_Lever.avif","datePublished":"2025-02-09T09:47:11+00:00","dateModified":"2025-02-09T09:47:12+00:00","description":"Order Honda's new battery-powered Zero Turn ZTR Mowers. Premium power, best-in-class cut quality, maximum comfort, and trusted reliability.","breadcrumb":{"@id":"https:\/\/hondapowertools.com\/product\/ztr-mowers\/#breadcrumb"},"inLanguage":"cs","potentialAction":[{"@type":"ReadAction","target":["https:\/\/hondapowertools.com\/product\/ztr-mowers\/"]}]},{"@type":"ImageObject","inLanguage":"cs","@id":"https:\/\/hondapowertools.com\/product\/ztr-mowers\/#primaryimage","url":"https:\/\/hondapowertools.com\/wp-content\/uploads\/2025\/02\/HZ60SXB_Seat_Lever.avif","contentUrl":"https:\/\/hondapowertools.com\/wp-content\/uploads\/2025\/02\/HZ60SXB_Seat_Lever.avif","width":700,"height":700,"caption":"ZTR Mowers"},{"@type":"BreadcrumbList","@id":"https:\/\/hondapowertools.com\/product\/ztr-mowers\/#breadcrumb","itemListElement":[{"@type":"ListItem","position":1,"name":"Home","item":"https:\/\/hondapowertools.com\/"},{"@type":"ListItem","position":2,"name":"Shop","item":"https:\/\/hondapowertools.com\/?page_id=10"},{"@type":"ListItem","position":3,"name":"ZTR Mowers"}]},{"@type":"WebSite","@id":"https:\/\/hondapowertools.com\/#website","url":"https:\/\/hondapowertools.com\/","name":"HONDA POWER EQUIPMENTS","description":"Honda Power Equipment","publisher":{"@id":"https:\/\/hondapowertools.com\/#organization"},"potentialAction":[{"@type":"SearchAction","target":{"@type":"EntryPoint","urlTemplate":"https:\/\/hondapowertools.com\/?s={search_term_string}"},"query-input":{"@type":"PropertyValueSpecification","valueRequired":true,"valueName":"search_term_string"}}],"inLanguage":"cs"},{"@type":"Organization","@id":"https:\/\/hondapowertools.com\/#organization","name":"HONDA POWER TOOLS","alternateName":"HONDA POWER EQUIPMENT","url":"https:\/\/hondapowertools.com\/","logo":{"@type":"ImageObject","inLanguage":"cs","@id":"https:\/\/hondapowertools.com\/#\/schema\/logo\/image\/","url":"https:\/\/hondapowertools.com\/wp-content\/uploads\/2025\/02\/cropped-honda-power-equipment-logo.png","contentUrl":"https:\/\/hondapowertools.com\/wp-content\/uploads\/2025\/02\/cropped-honda-power-equipment-logo.png","width":290,"height":70,"caption":"HONDA POWER TOOLS"},"image":{"@id":"https:\/\/hondapowertools.com\/#\/schema\/logo\/image\/"}}]}},"_links":{"self":[{"href":"https:\/\/hondapowertools.com\/cs\/wp-json\/wp\/v2\/product\/519","targetHints":{"allow":["GET"]}}],"collection":[{"href":"https:\/\/hondapowertools.com\/cs\/wp-json\/wp\/v2\/product"}],"about":[{"href":"https:\/\/hondapowertools.com\/cs\/wp-json\/wp\/v2\/types\/product"}],"replies":[{"embeddable":true,"href":"https:\/\/hondapowertools.com\/cs\/wp-json\/wp\/v2\/comments?post=519"}],"wp:featuredmedia":[{"embeddable":true,"href":"https:\/\/hondapowertools.com\/cs\/wp-json\/wp\/v2\/media\/520"}],"wp:attachment":[{"href":"https:\/\/hondapowertools.com\/cs\/wp-json\/wp\/v2\/media?parent=519"}],"wp:term":[{"taxonomy":"product_brand","embeddable":true,"href":"https:\/\/hondapowertools.com\/cs\/wp-json\/wp\/v2\/product_brand?post=519"},{"taxonomy":"product_cat","embeddable":true,"href":"https:\/\/hondapowertools.com\/cs\/wp-json\/wp\/v2\/product_cat?post=519"},{"taxonomy":"product_tag","embeddable":true,"href":"https:\/\/hondapowertools.com\/cs\/wp-json\/wp\/v2\/product_tag?post=519"}],"curies":[{"name":"wp","href":"https:\/\/api.w.org\/{rel}","templated":true}]}}