{"id":620,"date":"2025-02-09T19:39:27","date_gmt":"2025-02-09T19:39:27","guid":{"rendered":"https:\/\/hondapowertools.com\/?post_type=product&#038;p=620"},"modified":"2025-02-09T19:40:54","modified_gmt":"2025-02-09T19:40:54","slug":"frc800","status":"publish","type":"product","link":"https:\/\/hondapowertools.com\/cs\/produkt\/frc800\/","title":{"rendered":"FRC800"},"content":{"rendered":"<div id=\"Features\" class=\"anchor2 container g-py-0\">\n<div class=\"row\">\n<h2><strong>Prodej kultiv\u00e1toru Honda FRC800<\/strong><\/h2>\n<div><\/div>\n<div>Kyp\u0159i\u010d Honda FRC800 se zadn\u00edmi radlicemi se snadno pou\u017e\u00edv\u00e1 d\u00edky v\u00fdkonn\u00e9mu \u010dty\u0159taktn\u00edmu motoru Honda s horn\u00edm ventilem a 12\u2033 radlicemi pro hlubok\u00e9 zpracov\u00e1n\u00ed p\u016fdy.<\/div>\n<div class=\"col-lg-2 featimg text-center g-pa-10 g-mb-0 g-font-weight-600\"><img decoding=\"async\" class=\"img-fluid\" src=\"https:\/\/services.powerequipment.honda.com\/content\/images\/pe\/models\/features\/thumbs\/gx240.jpg\" alt=\"Easy starting Honda commercial OHV engine\" \/><\/div>\n<div class=\"col-lg-4 g-pa-10 g-mb-0\">\n<p><span class=\"g-color-black g-font-weight-700\">Snadn\u00e9 startov\u00e1n\u00ed komer\u010dn\u00edho motoru Honda OHV<\/span>Vynikaj\u00edc\u00ed v\u00fdkon pro kop\u00e1n\u00ed v n\u00e1ro\u010dn\u00fdch podm\u00ednk\u00e1ch. Odoln\u00fd \u010dty\u0159taktn\u00ed motor Honda pro komer\u010dn\u00ed pou\u017eit\u00ed nab\u00edz\u00ed snadn\u00e9 startov\u00e1n\u00ed, tich\u00fd provoz, ni\u017e\u0161\u00ed emise a snadn\u00e9 dopl\u0148ov\u00e1n\u00ed paliva.<\/p>\n<\/div>\n<div class=\"col-lg-2 featimg text-center g-pa-10 g-mb-0 g-font-weight-600\"><\/div>\n<div class=\"col-lg-4 g-pa-10 g-mb-0\">\n<p><span class=\"g-color-black g-font-weight-700\">\u0160\u00ed\u0159ka kyp\u0159en\u00ed 20\u2033, pr\u016fm\u011br radlice 12\u2033<\/span>Rychl\u00e1 pr\u00e1ce na velk\u00fdch ploch\u00e1ch.<\/p>\n<\/div>\n<div class=\"col-lg-2 featimg text-center g-pa-10 g-mb-0 g-font-weight-600\"><img decoding=\"async\" class=\"img-fluid\" src=\"https:\/\/services.powerequipment.honda.com\/content\/images\/pe\/models\/features\/thumbs\/frc800-loop-handle.jpg\" alt=\"Convenient &quot;loop handle&quot; design allows operation from either side\" \/><\/div>\n<div class=\"col-lg-4 g-pa-10 g-mb-0\">\n<p><span class=\"g-color-black g-font-weight-700\">Pohodln\u00e1 konstrukce \"smy\u010dkov\u00e9 rukojeti\" umo\u017e\u0148uje ovl\u00e1d\u00e1n\u00ed z obou stran<\/span>Umo\u017e\u0148uje obsluze bezpe\u010dn\u011b ovl\u00e1dat stroj ze st\u0159edov\u00e9, lev\u00e9 nebo prav\u00e9 polohy. Usnad\u0148uje ot\u00e1\u010den\u00ed kyp\u0159i\u010de na konci \u0159\u00e1dku.<\/p>\n<\/div>\n<div class=\"col-lg-2 featimg text-center g-pa-10 g-mb-0 g-font-weight-600\"><img decoding=\"async\" class=\"img-fluid\" src=\"https:\/\/services.powerequipment.honda.com\/content\/images\/pe\/models\/features\/thumbs\/frc800-shift-mech.jpg\" alt=\"Self propelled - 3 forward speeds, 1 reverse\" \/><\/div>\n<div class=\"col-lg-4 g-pa-10 g-mb-0\">\n<p><span class=\"g-color-black g-font-weight-700\">Vlastn\u00ed pohon - 3 rychlosti vp\u0159ed, 1 vzad<\/span>V\u00edce rychlost\u00ed nab\u00edz\u00ed v\u00edce mo\u017enost\u00ed pro zpracov\u00e1n\u00ed p\u016fdy a p\u0159epravu. P\u0159evodovka komer\u010dn\u00ed t\u0159\u00eddy zaji\u0161\u0165uje dlouhou \u017eivotnost kyp\u0159i\u010de a m\u00e9n\u011b \u00fadr\u017eby.<\/p>\n<\/div>\n<div class=\"col-lg-2 featimg text-center g-pa-10 g-mb-0 g-font-weight-600\"><img decoding=\"async\" class=\"img-fluid\" src=\"https:\/\/services.powerequipment.honda.com\/content\/images\/pe\/models\/features\/thumbs\/frc800-tine-shield.jpg\" alt=\"Heavy duty rear debris shield\" \/><\/div>\n<div class=\"col-lg-4 g-pa-10 g-mb-0\">\n<p><span class=\"g-color-black g-font-weight-700\">Siln\u00fd zadn\u00ed \u0161t\u00edt proti ne\u010distot\u00e1m<\/span>Pln\u00fd kryt radlice a zadn\u00ed \u0161t\u00edt v cel\u00e9 \u0161\u00ed\u0159ce poskytuj\u00ed ochranu obsluhy a pom\u00e1haj\u00ed vytvo\u0159it hladk\u00fd, dob\u0159e obd\u011blan\u00fd vzhled va\u0161\u00ed zahrady.<\/p>\n<\/div>\n<div class=\"col-lg-2 featimg text-center g-pa-10 g-mb-0 g-font-weight-600\"><img decoding=\"async\" class=\"img-fluid\" src=\"https:\/\/services.powerequipment.honda.com\/content\/images\/pe\/models\/features\/thumbs\/frc800-air-cleaner.jpg\" alt=\"Low maintenance Honda Cyclone air filter\" \/><\/div>\n<div class=\"col-lg-4 g-pa-10 g-mb-0\">\n<p><span class=\"g-color-black g-font-weight-700\">Vzduchov\u00fd filtr Honda Cyclone s n\u00edzk\u00fdmi n\u00e1roky na \u00fadr\u017ebu<\/span>Cykl\u00f3nov\u00fd vzduchov\u00fd filtr je nen\u00e1ro\u010dn\u00fd na \u00fadr\u017ebu, ale p\u0159esto mimo\u0159\u00e1dn\u011b \u00fa\u010dinn\u00fd, proto\u017ee vyu\u017e\u00edv\u00e1 speci\u00e1ln\u00ed n\u00e1dobu k odd\u011blov\u00e1n\u00ed ne\u010distot a prachu. Sn\u00ed\u017een\u00e1 \u00fadr\u017eba je u\u017eite\u010dn\u00e1 zejm\u00e9na p\u0159i pron\u00e1jmu.<\/p>\n<\/div>\n<div class=\"col-lg-2 featimg text-center g-pa-10 g-mb-0 g-font-weight-600\"><img decoding=\"async\" class=\"img-fluid\" src=\"https:\/\/services.powerequipment.honda.com\/content\/images\/pe\/models\/features\/thumbs\/frc800-engine-guard.jpg\" alt=\"Protective front guard\" \/><\/div>\n<div class=\"col-lg-4 g-pa-10 g-mb-0\">\n<p><span class=\"g-color-black g-font-weight-700\">Ochrann\u00fd p\u0159edn\u00ed kryt<\/span>Poskytuje ochranu a usnad\u0148uje p\u0159iv\u00e1z\u00e1n\u00ed rump\u00e1lu p\u0159i p\u0159eprav\u011b.<\/p>\n<\/div>\n<div class=\"col-lg-2 featimg text-center g-pa-10 g-mb-0 g-font-weight-600\"><img decoding=\"async\" class=\"img-fluid\" src=\"https:\/\/services.powerequipment.honda.com\/content\/images\/pe\/models\/features\/thumbs\/frc800-controls.jpg\" alt=\"Easy access controls\" \/><\/div>\n<div class=\"col-lg-4 g-pa-10 g-mb-0\">\n<p><span class=\"g-color-black g-font-weight-700\">Snadn\u00e9 ovl\u00e1d\u00e1n\u00ed p\u0159\u00edstupu<\/span>Jednoduch\u00e1, p\u0159\u00edmo\u010dar\u00e1 konstrukce, kter\u00e1 ovl\u00e1d\u00e1 z\u00e1b\u011br radlice i hnac\u00edho kola. Snadno dosa\u017eiteln\u00e9, ergonomicky navr\u017een\u00e9 ovl\u00e1dac\u00ed prvky jsou intuitivn\u00ed pro u\u017eivatele p\u016fj\u010doven i pro ty, kte\u0159\u00ed si p\u016fj\u010duj\u00ed stroj poprv\u00e9.<\/p>\n<\/div>\n<div class=\"col-lg-2 featimg text-center g-pa-10 g-mb-0 g-font-weight-600\"><\/div>\n<div class=\"col-lg-4 g-pa-10 g-mb-0\">\n<p><span class=\"g-color-black g-font-weight-700\">Nastaviteln\u00e1 hloubkov\u00e1 li\u0161ta<\/span>Nastavte hloubku kyp\u0159en\u00ed pro optim\u00e1ln\u00ed v\u00fdkon v r\u016fzn\u00fdch podm\u00ednk\u00e1ch.<\/p>\n<\/div>\n<div class=\"col-lg-2 featimg text-center g-pa-10 g-mb-0 g-font-weight-600\"><\/div>\n<div class=\"col-lg-4 g-pa-10 g-mb-0\">\n<p><span class=\"g-color-black g-font-weight-700\">Vyberte si svou v\u00fd\u0161ku - 4polohov\u00e1 \u0159\u00edd\u00edtka<\/span>Nastavte si polohu rukojeti nahoru nebo dol\u016f, abyste dos\u00e1hli pohodln\u00e9 pracovn\u00ed v\u00fd\u0161ky.<\/p>\n<\/div>\n<div class=\"col-lg-2 featimg text-center g-pa-10 g-mb-0 g-font-weight-600\"><\/div>\n<div class=\"col-lg-4 g-pa-10 g-mb-0\">\n<p><span class=\"g-color-black g-font-weight-700\">Bo\u010dn\u00ed \u0161t\u00edty radli\u010dek umo\u017e\u0148uj\u00ed kyp\u0159en\u00ed v bl\u00edzkosti plot\u016f a rostlin.<\/span>Pom\u00e1h\u00e1 chr\u00e1nit rostliny a zabra\u0148uje zachycen\u00ed hrot\u016f o ploty a jin\u00e9 konstrukce p\u0159i obd\u011bl\u00e1v\u00e1n\u00ed p\u016fdy v jejich bl\u00edzkosti.<\/p>\n<\/div>\n<div class=\"col-lg-2 featimg text-center g-pa-10 g-mb-0 g-font-weight-600\"><\/div>\n<div class=\"col-lg-4 g-pa-10 g-mb-0\">\n<p><span class=\"g-color-black g-font-weight-700\">Zp\u011btn\u00e9 blokov\u00e1n\u00ed pro bezpe\u010dn\u011bj\u0161\u00ed provoz<\/span>Z d\u016fvodu bezpe\u010dnosti obsluhy zabra\u0148uje zapojen\u00ed prst\u016f p\u0159i zp\u011btn\u00e9m chodu.<\/p>\n<\/div>\n<\/div>\n<\/div>\n<div id=\"Specs\" class=\"anchor2 container g-py-0\">\n<div class=\"col-lg-12 g-pa-0\">\n<div class=\"u-heading-v3-1 g-bg-main g-brd-main u-heading-v3-1 g-bg-main g-brd-main g-my-30 col-lg-12 g-pa-0\">\n<h2 class=\"h3 u-heading-v3__title\">Specifikace<\/h2>\n<\/div>\n<div class=\"g-pt-30 container\">\n<div class=\"col-lg-12 g-pa-0\">\n<div class=\"col-lg-12 g-brd-bottom g-brd-gray-light-v4 g-pt-0 g-pb-20 g-mb-0\"><span class=\"g-font-weight-600\">Ofici\u00e1ln\u00ed n\u00e1zev modelu<\/span><span class=\"pull-right w-50\">FRC800K1AN (49 st\u00e1t\u016f), FRC800K1A1 (Kalifornie)<\/span><\/div>\n<\/div>\n<\/div>\n<div class=\"g-pt-30 container\">\n<div class=\"col-lg-12 g-pa-0\">\n<div class=\"col-lg-12 g-brd-bottom g-brd-gray-light-v4 g-pt-0 g-pb-20 g-mb-0\"><span class=\"g-font-weight-600\">Typ obrace\u010de<\/span><span class=\"pull-right w-50\">Zadn\u00ed hrot<\/span><\/div>\n<\/div>\n<\/div>\n<div class=\"g-pt-30 container\">\n<div class=\"col-lg-12 g-pa-0\">\n<div class=\"col-lg-12 g-brd-bottom g-brd-gray-light-v4 g-pt-0 g-pb-20 g-mb-0\"><span class=\"g-font-weight-600\">\u0160\u00ed\u0159ka orby<\/span><span class=\"pull-right w-50\">20&#8243;<\/span><\/div>\n<\/div>\n<\/div>\n<div class=\"g-pt-30 container\">\n<div class=\"col-lg-12 g-pa-0\">\n<div class=\"col-lg-12 g-brd-bottom g-brd-gray-light-v4 g-pt-0 g-pb-20 g-mb-0\"><span class=\"g-font-weight-600\">Pr\u016fm\u011br hrot\u016f<\/span><span class=\"pull-right w-50\">12&#8243;<\/span><\/div>\n<\/div>\n<\/div>\n<div class=\"g-pt-30 container\">\n<div class=\"col-lg-12 g-pa-0\">\n<div class=\"col-lg-12 g-brd-bottom g-brd-gray-light-v4 g-pt-0 g-pb-20 g-mb-0\"><span class=\"g-font-weight-600\">Motor<\/span><span class=\"pull-right w-50\">Honda GX240<\/span><\/div>\n<\/div>\n<\/div>\n<div class=\"g-pt-30 container\">\n<div class=\"col-lg-12 g-pa-0\">\n<div class=\"col-lg-12 g-brd-bottom g-brd-gray-light-v4 g-pt-0 g-pb-20 g-mb-0\"><span class=\"g-font-weight-600\">Posunut\u00ed<\/span><span class=\"pull-right w-50\">270 cm3<\/span><\/div>\n<\/div>\n<\/div>\n<div class=\"g-pt-30 container\">\n<div class=\"col-lg-12 g-pa-0\">\n<div class=\"col-lg-12 g-brd-bottom g-brd-gray-light-v4 g-pt-0 g-pb-20 g-mb-0\"><span class=\"g-font-weight-600\">Vzduchov\u00fd filtr<\/span><span class=\"pull-right w-50\">dvojit\u00fd prvek s cykl\u00f3nov\u00fdm filtrem<\/span><\/div>\n<\/div>\n<\/div>\n<div class=\"g-pt-30 container\">\n<div class=\"col-lg-12 g-pa-0\">\n<div class=\"col-lg-12 g-brd-bottom g-brd-gray-light-v4 g-pt-0 g-pb-20 g-mb-0\"><span class=\"g-font-weight-600\">Kapacita paliva<\/span><span class=\"pull-right w-50\">4,6 qt<\/span><\/div>\n<\/div>\n<\/div>\n<div class=\"g-pt-30 container\">\n<div class=\"col-lg-12 g-pa-0\">\n<div class=\"col-lg-12 g-brd-bottom g-brd-gray-light-v4 g-pt-0 g-pb-20 g-mb-0\"><span class=\"g-font-weight-600\">Rychlosti p\u0159enosu<\/span><span class=\"pull-right w-50\">3 - vp\u0159ed 1 - vzad<\/span><\/div>\n<\/div>\n<\/div>\n<div class=\"g-pt-30 container\">\n<div class=\"col-lg-12 g-pa-0\">\n<div class=\"col-lg-12 g-brd-bottom g-brd-gray-light-v4 g-pt-0 g-pb-20 g-mb-0\"><span class=\"g-font-weight-600\">Ot\u00e1\u010dky zub\u016f p\u0159i maxim\u00e1ln\u00edch ot\u00e1\u010dk\u00e1ch motoru<\/span><span class=\"pull-right w-50\">225 ot\u00e1\u010dek za minutu<\/span><\/div>\n<\/div>\n<\/div>\n<div class=\"g-pt-30 container\">\n<div class=\"col-lg-12 g-pa-0\">\n<div class=\"col-lg-12 g-brd-bottom g-brd-gray-light-v4 g-pt-0 g-pb-20 g-mb-0\"><span class=\"g-font-weight-600\">Typ p\u0159evodovky<\/span><span class=\"pull-right w-50\">\u0159et\u011bzov\u00fd a p\u0159evodov\u00fd pohon<\/span><\/div>\n<\/div>\n<\/div>\n<div class=\"g-pt-30 container\">\n<div class=\"col-lg-12 g-pa-0\">\n<div class=\"col-lg-12 g-brd-bottom g-brd-gray-light-v4 g-pt-0 g-pb-20 g-mb-0\"><span class=\"g-font-weight-600\">Rozm\u011bry (Dx\u0160xV)<\/span><span class=\"pull-right w-50\">65,4\u2033 x 24,0\u2033 x 49,0\u2033<\/span><\/div>\n<\/div>\n<\/div>\n<div class=\"g-pt-30 container\">\n<div class=\"col-lg-12 g-pa-0\">\n<div class=\"col-lg-12 g-brd-bottom g-brd-gray-light-v4 g-pt-0 g-pb-20 g-mb-0\"><span class=\"g-font-weight-600\">Such\u00e1 hmotnost<\/span><span class=\"pull-right w-50\">265 lb.<\/span><\/div>\n<\/div>\n<\/div>\n<div class=\"g-pt-30 container\">\n<div class=\"col-lg-12 g-pa-0\">\n<div class=\"col-lg-12 g-brd-bottom g-brd-gray-light-v4 g-pt-0 g-pb-20 g-mb-0\"><span class=\"g-font-weight-600\">Z\u00e1ruka na obytn\u00e9 budovy<\/span><span class=\"pull-right w-50\">24 m\u011bs\u00edc\u016f<\/span><\/div>\n<\/div>\n<\/div>\n<div class=\"g-pt-30 container\">\n<div class=\"col-lg-12 g-pa-0\">\n<div class=\"col-lg-12 g-brd-bottom g-brd-gray-light-v4 g-pt-0 g-pb-20 g-mb-0\"><span class=\"g-font-weight-600\">Komer\u010dn\u00ed z\u00e1ruka<\/span><span class=\"pull-right w-50\">12 m\u011bs\u00edc\u016f<\/span><\/div>\n<\/div>\n<\/div>\n<\/div>\n<\/div>","protected":false},"excerpt":{"rendered":"<ul class=\"g-ml-0 g-pl-20\">\n<li>\u0160\u00ed\u0159ka kyp\u0159en\u00ed 20\u2033<\/li>\n<li>Pohodln\u00e1 konstrukce \"smy\u010dkov\u00e9 rukojeti\" umo\u017e\u0148uje ovl\u00e1d\u00e1n\u00ed z obou stran<\/li>\n<li>Vlastn\u00ed pohon - 3 rychlosti vp\u0159ed, 1 vzad<\/li>\n<li>Komer\u010dn\u00ed konstrukce<\/li>\n<\/ul>","protected":false},"featured_media":621,"comment_status":"open","ping_status":"closed","template":"","meta":[],"product_brand":[],"product_cat":[46],"product_tag":[125,124,123,122],"class_list":{"0":"post-620","1":"product","2":"type-product","3":"status-publish","4":"has-post-thumbnail","6":"product_cat-honda-tillers","7":"product_tag-honda-frc800","8":"product_tag-honda-frc800-tiller","9":"product_tag-honda-frc800-tiller-for-sale","10":"product_tag-honda-tiller-frc800","12":"first","13":"instock","14":"shipping-taxable","15":"purchasable","16":"product-type-simple"},"yoast_head":"<!-- This site is optimized with the Yoast SEO Premium plugin v26.2 (Yoast SEO v26.2) - https:\/\/yoast.com\/wordpress\/plugins\/seo\/ -->\n<title>FRC800 - HONDA POWER EQUIPMENT<\/title>\n<meta name=\"description\" content=\"The Honda FRC800 rear-tine tiller is easy to use due to the powerful Honda overhead valve four-stroke engine and 12&quot; tines for deep tilling.\" \/>\n<meta name=\"robots\" content=\"index, follow, max-snippet:-1, max-image-preview:large, max-video-preview:-1\" \/>\n<link rel=\"canonical\" href=\"https:\/\/hondapowertools.com\/cs\/producto\/frc800\/\" \/>\n<meta property=\"og:locale\" content=\"cs_CZ\" \/>\n<meta property=\"og:type\" content=\"article\" \/>\n<meta property=\"og:title\" content=\"FRC800\" \/>\n<meta property=\"og:description\" content=\"The Honda FRC800 rear-tine tiller is easy to use due to the powerful Honda overhead valve four-stroke engine and 12&quot; tines for deep tilling.\" \/>\n<meta property=\"og:url\" content=\"https:\/\/hondapowertools.com\/cs\/producto\/frc800\/\" \/>\n<meta property=\"og:site_name\" content=\"HONDA POWER EQUIPMENT\" \/>\n<meta property=\"article:modified_time\" content=\"2025-02-09T19:40:54+00:00\" \/>\n<meta property=\"og:image\" content=\"https:\/\/hondapowertools.com\/wp-content\/uploads\/2025\/02\/frc800_left.jpg\" \/>\n\t<meta property=\"og:image:width\" content=\"600\" \/>\n\t<meta property=\"og:image:height\" content=\"600\" \/>\n\t<meta property=\"og:image:type\" content=\"image\/jpeg\" \/>\n<meta name=\"twitter:card\" content=\"summary_large_image\" \/>\n<meta name=\"twitter:label1\" content=\"Odhadovan\u00e1 doba \u010dten\u00ed\" \/>\n\t<meta name=\"twitter:data1\" content=\"4 minuty\" \/>\n<script type=\"application\/ld+json\" class=\"yoast-schema-graph\">{\"@context\":\"https:\/\/schema.org\",\"@graph\":[{\"@type\":\"WebPage\",\"@id\":\"https:\/\/hondapowertools.com\/es\/producto\/frc800\/\",\"url\":\"https:\/\/hondapowertools.com\/es\/producto\/frc800\/\",\"name\":\"FRC800 - HONDA POWER EQUIPMENT\",\"isPartOf\":{\"@id\":\"https:\/\/hondapowertools.com\/#website\"},\"primaryImageOfPage\":{\"@id\":\"https:\/\/hondapowertools.com\/es\/producto\/frc800\/#primaryimage\"},\"image\":{\"@id\":\"https:\/\/hondapowertools.com\/es\/producto\/frc800\/#primaryimage\"},\"thumbnailUrl\":\"https:\/\/hondapowertools.com\/wp-content\/uploads\/2025\/02\/frc800_left.jpg\",\"datePublished\":\"2025-02-09T19:39:27+00:00\",\"dateModified\":\"2025-02-09T19:40:54+00:00\",\"description\":\"The Honda FRC800 rear-tine tiller is easy to use due to the powerful Honda overhead valve four-stroke engine and 12\\\" tines for deep tilling.\",\"breadcrumb\":{\"@id\":\"https:\/\/hondapowertools.com\/es\/producto\/frc800\/#breadcrumb\"},\"inLanguage\":\"cs\",\"potentialAction\":[{\"@type\":\"ReadAction\",\"target\":[\"https:\/\/hondapowertools.com\/es\/producto\/frc800\/\"]}]},{\"@type\":\"ImageObject\",\"inLanguage\":\"cs\",\"@id\":\"https:\/\/hondapowertools.com\/es\/producto\/frc800\/#primaryimage\",\"url\":\"https:\/\/hondapowertools.com\/wp-content\/uploads\/2025\/02\/frc800_left.jpg\",\"contentUrl\":\"https:\/\/hondapowertools.com\/wp-content\/uploads\/2025\/02\/frc800_left.jpg\",\"width\":600,\"height\":600,\"caption\":\"honda frc800\"},{\"@type\":\"BreadcrumbList\",\"@id\":\"https:\/\/hondapowertools.com\/es\/producto\/frc800\/#breadcrumb\",\"itemListElement\":[{\"@type\":\"ListItem\",\"position\":1,\"name\":\"Home\",\"item\":\"https:\/\/hondapowertools.com\/\"},{\"@type\":\"ListItem\",\"position\":2,\"name\":\"Shop\",\"item\":\"https:\/\/hondapowertools.com\/?page_id=10\"},{\"@type\":\"ListItem\",\"position\":3,\"name\":\"FRC800\"}]},{\"@type\":\"WebSite\",\"@id\":\"https:\/\/hondapowertools.com\/#website\",\"url\":\"https:\/\/hondapowertools.com\/\",\"name\":\"HONDA POWER EQUIPMENTS\",\"description\":\"Honda Power Equipment\",\"publisher\":{\"@id\":\"https:\/\/hondapowertools.com\/#organization\"},\"potentialAction\":[{\"@type\":\"SearchAction\",\"target\":{\"@type\":\"EntryPoint\",\"urlTemplate\":\"https:\/\/hondapowertools.com\/?s={search_term_string}\"},\"query-input\":{\"@type\":\"PropertyValueSpecification\",\"valueRequired\":true,\"valueName\":\"search_term_string\"}}],\"inLanguage\":\"cs\"},{\"@type\":\"Organization\",\"@id\":\"https:\/\/hondapowertools.com\/#organization\",\"name\":\"HONDA POWER TOOLS\",\"alternateName\":\"HONDA POWER EQUIPMENT\",\"url\":\"https:\/\/hondapowertools.com\/\",\"logo\":{\"@type\":\"ImageObject\",\"inLanguage\":\"cs\",\"@id\":\"https:\/\/hondapowertools.com\/#\/schema\/logo\/image\/\",\"url\":\"https:\/\/hondapowertools.com\/wp-content\/uploads\/2025\/02\/cropped-honda-power-equipment-logo.png\",\"contentUrl\":\"https:\/\/hondapowertools.com\/wp-content\/uploads\/2025\/02\/cropped-honda-power-equipment-logo.png\",\"width\":290,\"height\":70,\"caption\":\"HONDA POWER TOOLS\"},\"image\":{\"@id\":\"https:\/\/hondapowertools.com\/#\/schema\/logo\/image\/\"}}]}<\/script>\n<!-- \/ Yoast SEO Premium plugin. -->","yoast_head_json":{"title":"FRC800 - HONDA POWER EQUIPMENT","description":"The Honda FRC800 rear-tine tiller is easy to use due to the powerful Honda overhead valve four-stroke engine and 12\" tines for deep tilling.","robots":{"index":"index","follow":"follow","max-snippet":"max-snippet:-1","max-image-preview":"max-image-preview:large","max-video-preview":"max-video-preview:-1"},"canonical":"https:\/\/hondapowertools.com\/cs\/producto\/frc800\/","og_locale":"cs_CZ","og_type":"article","og_title":"FRC800","og_description":"The Honda FRC800 rear-tine tiller is easy to use due to the powerful Honda overhead valve four-stroke engine and 12\" tines for deep tilling.","og_url":"https:\/\/hondapowertools.com\/cs\/producto\/frc800\/","og_site_name":"HONDA POWER EQUIPMENT","article_modified_time":"2025-02-09T19:40:54+00:00","og_image":[{"width":600,"height":600,"url":"https:\/\/hondapowertools.com\/wp-content\/uploads\/2025\/02\/frc800_left.jpg","type":"image\/jpeg"}],"twitter_card":"summary_large_image","twitter_misc":{"Odhadovan\u00e1 doba \u010dten\u00ed":"4 minuty"},"schema":{"@context":"https:\/\/schema.org","@graph":[{"@type":"WebPage","@id":"https:\/\/hondapowertools.com\/es\/producto\/frc800\/","url":"https:\/\/hondapowertools.com\/es\/producto\/frc800\/","name":"FRC800 - HONDA POWER EQUIPMENT","isPartOf":{"@id":"https:\/\/hondapowertools.com\/#website"},"primaryImageOfPage":{"@id":"https:\/\/hondapowertools.com\/es\/producto\/frc800\/#primaryimage"},"image":{"@id":"https:\/\/hondapowertools.com\/es\/producto\/frc800\/#primaryimage"},"thumbnailUrl":"https:\/\/hondapowertools.com\/wp-content\/uploads\/2025\/02\/frc800_left.jpg","datePublished":"2025-02-09T19:39:27+00:00","dateModified":"2025-02-09T19:40:54+00:00","description":"The Honda FRC800 rear-tine tiller is easy to use due to the powerful Honda overhead valve four-stroke engine and 12\" tines for deep tilling.","breadcrumb":{"@id":"https:\/\/hondapowertools.com\/es\/producto\/frc800\/#breadcrumb"},"inLanguage":"cs","potentialAction":[{"@type":"ReadAction","target":["https:\/\/hondapowertools.com\/es\/producto\/frc800\/"]}]},{"@type":"ImageObject","inLanguage":"cs","@id":"https:\/\/hondapowertools.com\/es\/producto\/frc800\/#primaryimage","url":"https:\/\/hondapowertools.com\/wp-content\/uploads\/2025\/02\/frc800_left.jpg","contentUrl":"https:\/\/hondapowertools.com\/wp-content\/uploads\/2025\/02\/frc800_left.jpg","width":600,"height":600,"caption":"honda frc800"},{"@type":"BreadcrumbList","@id":"https:\/\/hondapowertools.com\/es\/producto\/frc800\/#breadcrumb","itemListElement":[{"@type":"ListItem","position":1,"name":"Home","item":"https:\/\/hondapowertools.com\/"},{"@type":"ListItem","position":2,"name":"Shop","item":"https:\/\/hondapowertools.com\/?page_id=10"},{"@type":"ListItem","position":3,"name":"FRC800"}]},{"@type":"WebSite","@id":"https:\/\/hondapowertools.com\/#website","url":"https:\/\/hondapowertools.com\/","name":"HONDA POWER EQUIPMENTS","description":"Honda Power Equipment","publisher":{"@id":"https:\/\/hondapowertools.com\/#organization"},"potentialAction":[{"@type":"SearchAction","target":{"@type":"EntryPoint","urlTemplate":"https:\/\/hondapowertools.com\/?s={search_term_string}"},"query-input":{"@type":"PropertyValueSpecification","valueRequired":true,"valueName":"search_term_string"}}],"inLanguage":"cs"},{"@type":"Organization","@id":"https:\/\/hondapowertools.com\/#organization","name":"HONDA POWER TOOLS","alternateName":"HONDA POWER EQUIPMENT","url":"https:\/\/hondapowertools.com\/","logo":{"@type":"ImageObject","inLanguage":"cs","@id":"https:\/\/hondapowertools.com\/#\/schema\/logo\/image\/","url":"https:\/\/hondapowertools.com\/wp-content\/uploads\/2025\/02\/cropped-honda-power-equipment-logo.png","contentUrl":"https:\/\/hondapowertools.com\/wp-content\/uploads\/2025\/02\/cropped-honda-power-equipment-logo.png","width":290,"height":70,"caption":"HONDA POWER TOOLS"},"image":{"@id":"https:\/\/hondapowertools.com\/#\/schema\/logo\/image\/"}}]}},"_links":{"self":[{"href":"https:\/\/hondapowertools.com\/cs\/wp-json\/wp\/v2\/product\/620","targetHints":{"allow":["GET"]}}],"collection":[{"href":"https:\/\/hondapowertools.com\/cs\/wp-json\/wp\/v2\/product"}],"about":[{"href":"https:\/\/hondapowertools.com\/cs\/wp-json\/wp\/v2\/types\/product"}],"replies":[{"embeddable":true,"href":"https:\/\/hondapowertools.com\/cs\/wp-json\/wp\/v2\/comments?post=620"}],"wp:featuredmedia":[{"embeddable":true,"href":"https:\/\/hondapowertools.com\/cs\/wp-json\/wp\/v2\/media\/621"}],"wp:attachment":[{"href":"https:\/\/hondapowertools.com\/cs\/wp-json\/wp\/v2\/media?parent=620"}],"wp:term":[{"taxonomy":"product_brand","embeddable":true,"href":"https:\/\/hondapowertools.com\/cs\/wp-json\/wp\/v2\/product_brand?post=620"},{"taxonomy":"product_cat","embeddable":true,"href":"https:\/\/hondapowertools.com\/cs\/wp-json\/wp\/v2\/product_cat?post=620"},{"taxonomy":"product_tag","embeddable":true,"href":"https:\/\/hondapowertools.com\/cs\/wp-json\/wp\/v2\/product_tag?post=620"}],"curies":[{"name":"wp","href":"https:\/\/api.w.org\/{rel}","templated":true}]}}