{"id":676,"date":"2025-02-10T21:44:04","date_gmt":"2025-02-10T21:44:04","guid":{"rendered":"https:\/\/hondapowertools.com\/?post_type=product&#038;p=676"},"modified":"2025-02-10T21:44:46","modified_gmt":"2025-02-10T21:44:46","slug":"hrc216pda","status":"publish","type":"product","link":"https:\/\/hondapowertools.com\/cs\/produkt\/hrc216pda\/","title":{"rendered":"HRC216PDA"},"content":{"rendered":"<div id=\"Features\" class=\"anchor2 container g-py-0\">\n<h2><strong>Honda HRC216PDA for sale<\/strong><\/h2>\n<p>&nbsp;<\/p>\n<div class=\"row\">\n<div>Honda&#8217;s HRC216PDA commercial walk-behind lawn mower offers you the quality and durability you&#8217;d expect from Honda.<\/div>\n<div><\/div>\n<div class=\"col-lg-2 featimg text-center g-pa-10 g-mb-0 g-font-weight-600\"><img decoding=\"async\" class=\"img-fluid\" src=\"https:\/\/services.powerequipment.honda.com\/content\/images\/pe\/models\/features\/thumbs\/gsv160-lawn-mower-engine.jpg\" alt=\"Honda commercial-grade GSV160 OHV\/OHC 4-stroke engine\" \/><\/div>\n<div class=\"col-lg-4 g-pa-10 g-mb-0\">\n<p><span class=\"g-color-black g-font-weight-700\">Honda commercial-grade GSV160 OHV\/OHC 4-stroke engine<\/span>The easy-starting, powerful, and quiet GSV160 commercial engine is designed for superior reliability. Features include a cast iron cylinder sleeve, two-stage air filter, ball bearing supported crankshaft, electronic ignition, and mechanical governor.<\/p>\n<\/div>\n<div class=\"col-lg-2 featimg text-center g-pa-10 g-mb-0 g-font-weight-600\"><img decoding=\"async\" class=\"img-fluid\" style=\"box-sizing: border-box; vertical-align: middle; border-style: none; max-width: 100%; height: auto;\" src=\"https:\/\/services.powerequipment.honda.com\/content\/images\/pe\/models\/features\/thumbs\/micro-cut-twin-blades.jpg\" alt=\"Honda MicroCut&lt;sup&gt;&amp;reg;&lt;\/sup&gt; Twin Blades: superior mulching and bagging\" \/><\/div>\n<div class=\"col-lg-4 g-pa-10 g-mb-0\">\n<p><span class=\"g-color-black g-font-weight-700\">Honda MicroCut<sup>\u00ae<\/sup>\u00a0Dvojit\u00e9 no\u017ee: vynikaj\u00edc\u00ed mul\u010dov\u00e1n\u00ed a pytlov\u00e1n\u00ed<\/span>Exkluzivn\u00ed syst\u00e9m MicroCut spole\u010dnosti Honda<sup>\u00ae<\/sup> syst\u00e9m dvou no\u017e\u016f vyu\u017e\u00edv\u00e1 \u010dty\u0159i \u0159ezn\u00e9 plochy, kter\u00e9 vytv\u00e1\u0159ej\u00ed velmi jemn\u00e9 od\u0159ezky pro vynikaj\u00edc\u00ed mul\u010dov\u00e1n\u00ed a pytlov\u00e1n\u00ed. Drobn\u00e9 kousky znamenaj\u00ed a\u017e o 30% v\u00edce od\u0159ezk\u016f v s\u00e1\u010dku a lep\u0161\u00ed mul\u010dov\u00e1n\u00ed - \u0161et\u0159\u00ed v\u00e1\u0161 \u010das i pen\u00edze.<\/p>\n<\/div>\n<div class=\"col-lg-2 featimg text-center g-pa-10 g-mb-0 g-font-weight-600\"><img decoding=\"async\" class=\"img-fluid\" src=\"https:\/\/services.powerequipment.honda.com\/content\/images\/pe\/models\/features\/thumbs\/hrc-lawn-mower-deck.jpg\" alt=\"Rugged, durable steel deck\" \/><\/div>\n<div class=\"col-lg-4 g-pa-10 g-mb-0\">\n<p><span class=\"g-color-black g-font-weight-700\">Robustn\u00ed, odoln\u00e1 ocelov\u00e1 paluba<\/span>21\u2033 t\u011b\u017ek\u00e1 ocelov\u00e1 paluba je robustn\u00ed a odoln\u00e1. Ochrann\u00e9 kryty paluby se t\u00e1hnou po stran\u00e1ch a zvy\u0161uj\u00ed odolnost.<\/p>\n<\/div>\n<div class=\"col-lg-2 featimg text-center g-pa-10 g-mb-0 g-font-weight-600\"><img decoding=\"async\" class=\"img-fluid\" src=\"https:\/\/services.powerequipment.honda.com\/content\/images\/pe\/models\/features\/thumbs\/hrc-front-bumper.jpg\" alt=\"Front bumper\" \/><\/div>\n<div class=\"col-lg-4 g-pa-10 g-mb-0\">\n<p><span class=\"g-color-black g-font-weight-700\">P\u0159edn\u00ed n\u00e1razn\u00edk<\/span>Chr\u00e1n\u00ed palubu a z\u00e1rove\u0148 slou\u017e\u00ed jako praktick\u00e9 m\u00edsto pro p\u0159iv\u00e1z\u00e1n\u00ed. P\u0159edn\u00ed n\u00e1pravy a n\u00e1razn\u00edk spole\u010dn\u011b zaji\u0161\u0165uj\u00ed v\u011bt\u0161\u00ed konstruk\u010dn\u00ed stabilitu a odolnost.<\/p>\n<\/div>\n<div class=\"col-lg-2 featimg text-center g-pa-10 g-mb-0 g-font-weight-600\"><\/div>\n<div class=\"col-lg-4 g-pa-10 g-mb-0\">\n<p><span class=\"g-color-black g-font-weight-700\">Zes\u00edlen\u00e9 rukojeti pro velkou z\u00e1t\u011b\u017e<\/span>V\u011bt\u0161\u00ed pr\u016fm\u011br 1<sup>&#8220;<\/sup>\u00a0tubing, better supports and stays, and more durable cables. Handlebar height can also be adjusted for user comfort and convenience.<\/p>\n<\/div>\n<div class=\"col-lg-2 featimg text-center g-pa-10 g-mb-0 g-font-weight-600\"><\/div>\n<div class=\"col-lg-4 g-pa-10 g-mb-0\">\n<p><span class=\"g-color-black g-font-weight-700\">Push type<\/span><\/p>\n<\/div>\n<div class=\"col-lg-2 featimg text-center g-pa-10 g-mb-0 g-font-weight-600\"><\/div>\n<div class=\"col-lg-4 g-pa-10 g-mb-0\">\n<p><span class=\"g-color-black g-font-weight-700\">8 v\u00fd\u0161ek se\u010den\u00ed (3\/4 - 4\u2033)<\/span>Vhodn\u00e9 pro v\u0161echny typy tr\u00e1vy.<\/p>\n<\/div>\n<div class=\"col-lg-2 featimg text-center g-pa-10 g-mb-0 g-font-weight-600\"><\/div>\n<div class=\"col-lg-4 g-pa-10 g-mb-0\">\n<p><span class=\"g-color-black g-font-weight-700\">Velk\u00fd 9\u2033 Nexite<sup>\u00ae<\/sup>\u00a0kola<\/span>Pevn\u00e9, lehk\u00e9 a v p\u0159\u00edpad\u011b pot\u0159eby snadno vym\u011bniteln\u00e9.<\/p>\n<\/div>\n<div class=\"col-lg-2 featimg text-center g-pa-10 g-mb-0 g-font-weight-600\"><\/div>\n<div class=\"col-lg-4 g-pa-10 g-mb-0\">\n<p><span class=\"g-color-black g-font-weight-700\">P\u0159esn\u00e1 kuli\u010dkov\u00e1 lo\u017eiska ve v\u0161ech \u010dty\u0159ech kolech<\/span>Zvy\u0161uje odolnost a v\u00fdkon. Nav\u00edc lep\u0161\u00ed ovladatelnost a hlad\u0161\u00ed j\u00edzda.<\/p>\n<\/div>\n<div class=\"col-lg-2 featimg text-center g-pa-10 g-mb-0 g-font-weight-600\"><\/div>\n<div class=\"col-lg-4 g-pa-10 g-mb-0\">\n<p><span class=\"g-color-black g-font-weight-700\">Velk\u00fd, 2,5belov\u00fd snadno vyprazdniteln\u00fd pytel na tr\u00e1vu<\/span>Pojme v\u00edce tr\u00e1vy, tak\u017ee jej m\u016f\u017eete vyprazd\u0148ovat m\u00e9n\u011b \u010dasto.<\/p>\n<\/div>\n<div class=\"col-lg-2 featimg text-center g-pa-10 g-mb-0 g-font-weight-600\"><\/div>\n<div class=\"col-lg-4 g-pa-10 g-mb-0\">\n<p><span class=\"g-color-black g-font-weight-700\">Mul\u010dovac\u00ed z\u00e1str\u010dka je sou\u010d\u00e1st\u00ed dod\u00e1vky<\/span><\/p>\n<\/div>\n<div class=\"col-lg-2 featimg text-center g-pa-10 g-mb-0 g-font-weight-600\"><\/div>\n<div class=\"col-lg-4 g-pa-10 g-mb-0\">\n<p><span class=\"g-color-black g-font-weight-700\">Pln\u00e9 ovl\u00e1d\u00e1n\u00ed plynu<\/span><\/p>\n<\/div>\n<div class=\"col-lg-2 featimg text-center g-pa-10 g-mb-0 g-font-weight-600\"><\/div>\n<div class=\"col-lg-4 g-pa-10 g-mb-0\">\n<p><span class=\"g-color-black g-font-weight-700\">Bezpe\u010dnostn\u00ed syst\u00e9m setrva\u010dn\u00edkov\u00e9 brzdy<\/span><\/p>\n<\/div>\n<div class=\"col-lg-2 featimg text-center g-pa-10 g-mb-0 g-font-weight-600\"><\/div>\n<div class=\"col-lg-4 g-pa-10 g-mb-0\">\n<p><span class=\"g-color-black g-font-weight-700\">Ru\u010dn\u00ed uzav\u00edrac\u00ed ventil paliva<\/span>Palivov\u00fd ventil lze uzav\u0159\u00edt kv\u016fli p\u0159eprav\u011b, skladov\u00e1n\u00ed nebo \u00fadr\u017eb\u011b.<\/p>\n<\/div>\n<div class=\"col-lg-2 featimg text-center g-pa-10 g-mb-0 g-font-weight-600\"><\/div>\n<div class=\"col-lg-4 g-pa-10 g-mb-0\">\n<p><span class=\"g-color-black g-font-weight-700\">Kvalitn\u00ed kabely<\/span>Kabely jsou odoln\u00e9, ut\u011bsn\u011bn\u00e9 a nastaviteln\u00e9 pro maxim\u00e1ln\u00ed v\u00fdkon a \u017eivotnost.<\/p>\n<\/div>\n<div class=\"col-lg-2 featimg text-center g-pa-10 g-mb-0 g-font-weight-600\"><\/div>\n<div class=\"col-lg-4 g-pa-10 g-mb-0\">\n<p><span class=\"g-color-black g-font-weight-700\">Dvouprvkov\u00fd \u010disti\u010d vzduchu<\/span>Poskytuje maxim\u00e1ln\u00ed ochranu i v t\u011bch nejpra\u0161n\u011bj\u0161\u00edch podm\u00ednk\u00e1ch. Vn\u011bj\u0161\u00ed p\u011bnu lze opakovan\u011b \u010distit, co\u017e prodlu\u017euje \u017eivotnost vzduchov\u00e9ho filtru.<\/p>\n<\/div>\n<div class=\"col-lg-2 featimg text-center g-pa-10 g-mb-0 g-font-weight-600\"><\/div>\n<div class=\"col-lg-4 g-pa-10 g-mb-0\">\n<p><span class=\"g-color-black g-font-weight-700\">1 rok komer\u010dn\u00ed z\u00e1ruky<\/span><\/p>\n<\/div>\n<\/div>\n<\/div>\n<div id=\"Specs\" class=\"anchor2 container g-py-0\">\n<div class=\"col-lg-12 g-pa-0\">\n<div class=\"u-heading-v3-1 g-bg-main g-brd-main u-heading-v3-1 g-bg-main g-brd-main g-my-30 col-lg-12 g-pa-0\">\n<h2 class=\"h3 u-heading-v3__title\">Specifikace<\/h2>\n<\/div>\n<div class=\"g-pt-30 container\">\n<div class=\"col-lg-12 g-pa-0\">\n<div class=\"col-lg-12 g-brd-bottom g-brd-gray-light-v4 g-pt-0 g-pb-20 g-mb-0\"><span class=\"g-font-weight-600\">Motor<\/span><span class=\"pull-right w-50\">GSV160<\/span><\/div>\n<\/div>\n<\/div>\n<div class=\"g-pt-30 container\">\n<div class=\"col-lg-12 g-pa-0\">\n<div class=\"col-lg-12 g-brd-bottom g-brd-gray-light-v4 g-pt-0 g-pb-20 g-mb-0\"><span class=\"g-font-weight-600\">Materi\u00e1l paluby<\/span><span class=\"pull-right w-50\">Heavy Duty 16 ga Steel<\/span><\/div>\n<\/div>\n<\/div>\n<div class=\"g-pt-30 container\">\n<div class=\"col-lg-12 g-pa-0\">\n<div class=\"col-lg-12 g-brd-bottom g-brd-gray-light-v4 g-pt-0 g-pb-20 g-mb-0\"><span class=\"g-font-weight-600\">\u0160\u00ed\u0159ka \u0159ezu<\/span><span class=\"pull-right w-50\">21&#8243;<\/span><\/div>\n<\/div>\n<\/div>\n<div class=\"g-pt-30 container\">\n<div class=\"col-lg-12 g-pa-0\">\n<div class=\"col-lg-12 g-brd-bottom g-brd-gray-light-v4 g-pt-0 g-pb-20 g-mb-0\"><span class=\"g-font-weight-600\">Rozsah v\u00fd\u0161ky se\u010den\u00ed<\/span><span class=\"pull-right w-50\">3\/4&#8243;-4&#8243;<\/span><\/div>\n<\/div>\n<\/div>\n<div class=\"g-pt-30 container\">\n<div class=\"col-lg-12 g-pa-0\">\n<div class=\"col-lg-12 g-brd-bottom g-brd-gray-light-v4 g-pt-0 g-pb-20 g-mb-0\"><span class=\"g-font-weight-600\">Nastaven\u00ed v\u00fd\u0161ky se\u010den\u00ed<\/span><span class=\"pull-right w-50\">8<\/span><\/div>\n<\/div>\n<\/div>\n<div class=\"g-pt-30 container\">\n<div class=\"col-lg-12 g-pa-0\">\n<div class=\"col-lg-12 g-brd-bottom g-brd-gray-light-v4 g-pt-0 g-pb-20 g-mb-0\"><span class=\"g-font-weight-600\">P\u0159evodovka<\/span><span class=\"pull-right w-50\">None<\/span><\/div>\n<\/div>\n<\/div>\n<div class=\"g-pt-30 container\">\n<div class=\"col-lg-12 g-pa-0\">\n<div class=\"col-lg-12 g-brd-bottom g-brd-gray-light-v4 g-pt-0 g-pb-20 g-mb-0\"><span class=\"g-font-weight-600\">Pozemn\u00ed rychlost<\/span><span class=\"pull-right w-50\">N\/A<\/span><\/div>\n<\/div>\n<\/div>\n<div class=\"g-pt-30 container\">\n<div class=\"col-lg-12 g-pa-0\">\n<div class=\"col-lg-12 g-brd-bottom g-brd-gray-light-v4 g-pt-0 g-pb-20 g-mb-0\"><span class=\"g-font-weight-600\">Start\u00e9r<\/span><span class=\"pull-right w-50\">Recoil<\/span><\/div>\n<\/div>\n<\/div>\n<div class=\"g-pt-30 container\">\n<div class=\"col-lg-12 g-pa-0\">\n<div class=\"col-lg-12 g-brd-bottom g-brd-gray-light-v4 g-pt-0 g-pb-20 g-mb-0\"><span class=\"g-font-weight-600\">Syst\u00e9m syti\u010de<\/span><span class=\"pull-right w-50\">Manu\u00e1ln\u00ed<\/span><\/div>\n<\/div>\n<\/div>\n<div class=\"g-pt-30 container\">\n<div class=\"col-lg-12 g-pa-0\">\n<div class=\"col-lg-12 g-brd-bottom g-brd-gray-light-v4 g-pt-0 g-pb-20 g-mb-0\"><span class=\"g-font-weight-600\">Ovl\u00e1d\u00e1n\u00ed plynu<\/span><span class=\"pull-right w-50\">Manu\u00e1ln\u00ed<\/span><\/div>\n<\/div>\n<\/div>\n<div class=\"g-pt-30 container\">\n<div class=\"col-lg-12 g-pa-0\">\n<div class=\"col-lg-12 g-brd-bottom g-brd-gray-light-v4 g-pt-0 g-pb-20 g-mb-0\"><span class=\"g-font-weight-600\">Pohon<\/span><span class=\"pull-right w-50\">None<\/span><\/div>\n<\/div>\n<\/div>\n<div class=\"g-pt-30 container\">\n<div class=\"col-lg-12 g-pa-0\">\n<div class=\"col-lg-12 g-brd-bottom g-brd-gray-light-v4 g-pt-0 g-pb-20 g-mb-0\"><span class=\"g-font-weight-600\">Rukoje\u0165<\/span><span class=\"pull-right w-50\">1\u2033 ocelov\u00e1 trubka<\/span><\/div>\n<\/div>\n<\/div>\n<div class=\"g-pt-30 container\">\n<div class=\"col-lg-12 g-pa-0\">\n<div class=\"col-lg-12 g-brd-bottom g-brd-gray-light-v4 g-pt-0 g-pb-20 g-mb-0\"><span class=\"g-font-weight-600\">Ocelov\u00e9 kryty paluby<\/span><span class=\"pull-right w-50\">Standardn\u00ed<\/span><\/div>\n<\/div>\n<\/div>\n<div class=\"g-pt-30 container\">\n<div class=\"col-lg-12 g-pa-0\">\n<div class=\"col-lg-12 g-brd-bottom g-brd-gray-light-v4 g-pt-0 g-pb-20 g-mb-0\"><span class=\"g-font-weight-600\">Kola<\/span><span class=\"pull-right w-50\">9\u2033 Nexite<\/span><\/div>\n<\/div>\n<\/div>\n<div class=\"g-pt-30 container\">\n<div class=\"col-lg-12 g-pa-0\">\n<div class=\"col-lg-12 g-brd-bottom g-brd-gray-light-v4 g-pt-0 g-pb-20 g-mb-0\"><span class=\"g-font-weight-600\">Kola s kuli\u010dkov\u00fdmi lo\u017eisky<\/span><span class=\"pull-right w-50\">V\u0161echny<\/span><\/div>\n<\/div>\n<\/div>\n<div class=\"g-pt-30 container\">\n<div class=\"col-lg-12 g-pa-0\">\n<div class=\"col-lg-12 g-brd-bottom g-brd-gray-light-v4 g-pt-0 g-pb-20 g-mb-0\"><span class=\"g-font-weight-600\">Standardn\u00ed funkce<\/span><span class=\"pull-right w-50\">Schopnost 3 v 1: Standardn\u00ed mul\u010dov\u00e1n\u00ed \/ pytle, voliteln\u00fd bo\u010dn\u00ed v\u00fdsyp<\/span><\/div>\n<\/div>\n<\/div>\n<div class=\"g-pt-30 container\">\n<div class=\"col-lg-12 g-pa-0\">\n<div class=\"col-lg-12 g-brd-bottom g-brd-gray-light-v4 g-pt-0 g-pb-20 g-mb-0\"><span class=\"g-font-weight-600\">Ta\u0161ka<\/span><span class=\"pull-right w-50\">Standardn\u00ed<\/span><\/div>\n<\/div>\n<\/div>\n<div class=\"g-pt-30 container\">\n<div class=\"col-lg-12 g-pa-0\">\n<div class=\"col-lg-12 g-brd-bottom g-brd-gray-light-v4 g-pt-0 g-pb-20 g-mb-0\"><span class=\"g-font-weight-600\">Kapacita pytle (bu\u0161le)<\/span><span class=\"pull-right w-50\">2.5<\/span><\/div>\n<\/div>\n<\/div>\n<div class=\"g-pt-30 container\">\n<div class=\"col-lg-12 g-pa-0\">\n<div class=\"col-lg-12 g-brd-bottom g-brd-gray-light-v4 g-pt-0 g-pb-20 g-mb-0\"><span class=\"g-font-weight-600\">\u010cepel(e)<\/span><span class=\"pull-right w-50\">Dvojit\u00e9 no\u017ee (syst\u00e9m MicroCut)<sup>\u00ae<\/sup>)<\/span><\/div>\n<\/div>\n<\/div>\n<div class=\"g-pt-30 container\">\n<div class=\"col-lg-12 g-pa-0\">\n<div class=\"col-lg-12 g-brd-bottom g-brd-gray-light-v4 g-pt-0 g-pb-20 g-mb-0\"><span class=\"g-font-weight-600\">Ovl\u00e1d\u00e1n\u00ed \u010depel\u00ed<\/span><span class=\"pull-right w-50\">Brzda setrva\u010dn\u00edku<\/span><\/div>\n<\/div>\n<\/div>\n<div class=\"g-pt-30 container\">\n<div class=\"col-lg-12 g-pa-0\">\n<div class=\"col-lg-12 g-brd-bottom g-brd-gray-light-v4 g-pt-0 g-pb-20 g-mb-0\"><span class=\"g-font-weight-600\">Bo\u010dn\u00ed\/zadn\u00ed vypou\u0161t\u011bn\u00ed<\/span><span class=\"pull-right w-50\">Voliteln\u00e1 zadn\u00ed mont\u00e1\u017e<\/span><\/div>\n<\/div>\n<\/div>\n<div class=\"g-pt-30 container\">\n<div class=\"col-lg-12 g-pa-0\">\n<div class=\"col-lg-12 g-brd-bottom g-brd-gray-light-v4 g-pt-0 g-pb-20 g-mb-0\"><span class=\"g-font-weight-600\">Objem palivov\u00e9 n\u00e1dr\u017ee<\/span><span class=\"pull-right w-50\">0.25 gal.<\/span><\/div>\n<\/div>\n<\/div>\n<div class=\"g-pt-30 container\">\n<div class=\"col-lg-12 g-pa-0\">\n<div class=\"col-lg-12 g-brd-bottom g-brd-gray-light-v4 g-pt-0 g-pb-20 g-mb-0\"><span class=\"g-font-weight-600\">Such\u00e1 hmotnost<\/span><span class=\"pull-right w-50\">99 lbs.<\/span><\/div>\n<\/div>\n<\/div>\n<div class=\"g-pt-30 container\">\n<div class=\"col-lg-12 g-pa-0\">\n<div class=\"col-lg-12 g-brd-bottom g-brd-gray-light-v4 g-pt-0 g-pb-20 g-mb-0\"><span class=\"g-font-weight-600\">Provozn\u00ed hmotnost<\/span><span class=\"pull-right w-50\">102 lbs.<\/span><\/div>\n<\/div>\n<\/div>\n<div class=\"g-pt-30 container\">\n<div class=\"col-lg-12 g-pa-0\">\n<div class=\"col-lg-12 g-brd-bottom g-brd-gray-light-v4 g-pt-0 g-pb-20 g-mb-0\"><span class=\"g-font-weight-600\">Z\u00e1ruka na obytn\u00e9 budovy<\/span><span class=\"pull-right w-50\">2 roky<\/span><\/div>\n<\/div>\n<\/div>\n<div class=\"g-pt-30 container\">\n<div class=\"col-lg-12 g-pa-0\">\n<div class=\"col-lg-12 g-brd-bottom g-brd-gray-light-v4 g-pt-0 g-pb-20 g-mb-0\"><span class=\"g-font-weight-600\">Komer\u010dn\u00ed z\u00e1ruka<\/span><span class=\"pull-right w-50\">1 rok<\/span><\/div>\n<\/div>\n<\/div>\n<\/div>\n<\/div>","protected":false},"excerpt":{"rendered":"<ul class=\"g-ml-0 g-pl-20\">\n<li>Push type<\/li>\n<li>Easy starting commercial GSV160 Honda engine<\/li>\n<li>Robustn\u00ed funkce pro komer\u010dn\u00ed pou\u017eit\u00ed<\/li>\n<\/ul>","protected":false},"featured_media":677,"comment_status":"open","ping_status":"closed","template":"","meta":[],"product_brand":[],"product_cat":[43],"product_tag":[152,150,151,153],"class_list":{"0":"post-676","1":"product","2":"type-product","3":"status-publish","4":"has-post-thumbnail","6":"product_cat-honda-lawn-mowers","7":"product_tag-honda-hrc216pda","8":"product_tag-honda-hrc216pda-for-sale","9":"product_tag-hrc216pda-for-sale","10":"product_tag-hrc216pda-honda-mower","12":"first","13":"instock","14":"shipping-taxable","15":"purchasable","16":"product-type-simple"},"yoast_head":"<!-- This site is optimized with the Yoast SEO Premium plugin v26.2 (Yoast SEO v26.2) - https:\/\/yoast.com\/wordpress\/plugins\/seo\/ -->\n<title>HRC216PDA - HONDA POWER EQUIPMENT<\/title>\n<meta name=\"description\" content=\"Honda&#039;s HRC216PDA commercial walk-behind lawn mower offers you the quality and durability you&#039;d expect from Honda. order this amazing lawn mower now\" \/>\n<meta name=\"robots\" content=\"index, follow, max-snippet:-1, max-image-preview:large, max-video-preview:-1\" \/>\n<link rel=\"canonical\" href=\"https:\/\/hondapowertools.com\/cs\/produit\/hrc216pda\/\" \/>\n<meta property=\"og:locale\" content=\"cs_CZ\" \/>\n<meta property=\"og:type\" content=\"article\" \/>\n<meta property=\"og:title\" content=\"HRC216PDA\" \/>\n<meta property=\"og:description\" content=\"Honda&#039;s HRC216PDA commercial walk-behind lawn mower offers you the quality and durability you&#039;d expect from Honda. order this amazing lawn mower now\" \/>\n<meta property=\"og:url\" content=\"https:\/\/hondapowertools.com\/cs\/produit\/hrc216pda\/\" \/>\n<meta property=\"og:site_name\" content=\"HONDA POWER EQUIPMENT\" \/>\n<meta property=\"article:modified_time\" content=\"2025-02-10T21:44:46+00:00\" \/>\n<meta property=\"og:image\" content=\"https:\/\/hondapowertools.com\/wp-content\/uploads\/2025\/02\/hrc216pda_pe_imglg.jpg\" \/>\n\t<meta property=\"og:image:width\" content=\"1100\" \/>\n\t<meta property=\"og:image:height\" content=\"1100\" \/>\n\t<meta property=\"og:image:type\" content=\"image\/jpeg\" \/>\n<meta name=\"twitter:card\" content=\"summary_large_image\" \/>\n<meta name=\"twitter:label1\" content=\"Odhadovan\u00e1 doba \u010dten\u00ed\" \/>\n\t<meta name=\"twitter:data1\" content=\"3 minuty\" \/>\n<script type=\"application\/ld+json\" class=\"yoast-schema-graph\">{\"@context\":\"https:\/\/schema.org\",\"@graph\":[{\"@type\":\"WebPage\",\"@id\":\"https:\/\/hondapowertools.com\/fr\/produit\/hrc216pda\/\",\"url\":\"https:\/\/hondapowertools.com\/fr\/produit\/hrc216pda\/\",\"name\":\"HRC216PDA - HONDA POWER EQUIPMENT\",\"isPartOf\":{\"@id\":\"https:\/\/hondapowertools.com\/#website\"},\"primaryImageOfPage\":{\"@id\":\"https:\/\/hondapowertools.com\/fr\/produit\/hrc216pda\/#primaryimage\"},\"image\":{\"@id\":\"https:\/\/hondapowertools.com\/fr\/produit\/hrc216pda\/#primaryimage\"},\"thumbnailUrl\":\"https:\/\/hondapowertools.com\/wp-content\/uploads\/2025\/02\/hrc216pda_pe_imglg.jpg\",\"datePublished\":\"2025-02-10T21:44:04+00:00\",\"dateModified\":\"2025-02-10T21:44:46+00:00\",\"description\":\"Honda's HRC216PDA commercial walk-behind lawn mower offers you the quality and durability you'd expect from Honda. order this amazing lawn mower now\",\"breadcrumb\":{\"@id\":\"https:\/\/hondapowertools.com\/fr\/produit\/hrc216pda\/#breadcrumb\"},\"inLanguage\":\"cs\",\"potentialAction\":[{\"@type\":\"ReadAction\",\"target\":[\"https:\/\/hondapowertools.com\/fr\/produit\/hrc216pda\/\"]}]},{\"@type\":\"ImageObject\",\"inLanguage\":\"cs\",\"@id\":\"https:\/\/hondapowertools.com\/fr\/produit\/hrc216pda\/#primaryimage\",\"url\":\"https:\/\/hondapowertools.com\/wp-content\/uploads\/2025\/02\/hrc216pda_pe_imglg.jpg\",\"contentUrl\":\"https:\/\/hondapowertools.com\/wp-content\/uploads\/2025\/02\/hrc216pda_pe_imglg.jpg\",\"width\":1100,\"height\":1100,\"caption\":\"hrc216pda honda mower\"},{\"@type\":\"BreadcrumbList\",\"@id\":\"https:\/\/hondapowertools.com\/fr\/produit\/hrc216pda\/#breadcrumb\",\"itemListElement\":[{\"@type\":\"ListItem\",\"position\":1,\"name\":\"Home\",\"item\":\"https:\/\/hondapowertools.com\/\"},{\"@type\":\"ListItem\",\"position\":2,\"name\":\"Shop\",\"item\":\"https:\/\/hondapowertools.com\/?page_id=10\"},{\"@type\":\"ListItem\",\"position\":3,\"name\":\"HRC216PDA\"}]},{\"@type\":\"WebSite\",\"@id\":\"https:\/\/hondapowertools.com\/#website\",\"url\":\"https:\/\/hondapowertools.com\/\",\"name\":\"HONDA POWER EQUIPMENTS\",\"description\":\"Honda Power Equipment\",\"publisher\":{\"@id\":\"https:\/\/hondapowertools.com\/#organization\"},\"potentialAction\":[{\"@type\":\"SearchAction\",\"target\":{\"@type\":\"EntryPoint\",\"urlTemplate\":\"https:\/\/hondapowertools.com\/?s={search_term_string}\"},\"query-input\":{\"@type\":\"PropertyValueSpecification\",\"valueRequired\":true,\"valueName\":\"search_term_string\"}}],\"inLanguage\":\"cs\"},{\"@type\":\"Organization\",\"@id\":\"https:\/\/hondapowertools.com\/#organization\",\"name\":\"HONDA POWER TOOLS\",\"alternateName\":\"HONDA POWER EQUIPMENT\",\"url\":\"https:\/\/hondapowertools.com\/\",\"logo\":{\"@type\":\"ImageObject\",\"inLanguage\":\"cs\",\"@id\":\"https:\/\/hondapowertools.com\/#\/schema\/logo\/image\/\",\"url\":\"https:\/\/hondapowertools.com\/wp-content\/uploads\/2025\/02\/cropped-honda-power-equipment-logo.png\",\"contentUrl\":\"https:\/\/hondapowertools.com\/wp-content\/uploads\/2025\/02\/cropped-honda-power-equipment-logo.png\",\"width\":290,\"height\":70,\"caption\":\"HONDA POWER TOOLS\"},\"image\":{\"@id\":\"https:\/\/hondapowertools.com\/#\/schema\/logo\/image\/\"}}]}<\/script>\n<!-- \/ Yoast SEO Premium plugin. -->","yoast_head_json":{"title":"HRC216PDA - HONDA POWER EQUIPMENT","description":"Honda's HRC216PDA commercial walk-behind lawn mower offers you the quality and durability you'd expect from Honda. order this amazing lawn mower now","robots":{"index":"index","follow":"follow","max-snippet":"max-snippet:-1","max-image-preview":"max-image-preview:large","max-video-preview":"max-video-preview:-1"},"canonical":"https:\/\/hondapowertools.com\/cs\/produit\/hrc216pda\/","og_locale":"cs_CZ","og_type":"article","og_title":"HRC216PDA","og_description":"Honda's HRC216PDA commercial walk-behind lawn mower offers you the quality and durability you'd expect from Honda. order this amazing lawn mower now","og_url":"https:\/\/hondapowertools.com\/cs\/produit\/hrc216pda\/","og_site_name":"HONDA POWER EQUIPMENT","article_modified_time":"2025-02-10T21:44:46+00:00","og_image":[{"width":1100,"height":1100,"url":"https:\/\/hondapowertools.com\/wp-content\/uploads\/2025\/02\/hrc216pda_pe_imglg.jpg","type":"image\/jpeg"}],"twitter_card":"summary_large_image","twitter_misc":{"Odhadovan\u00e1 doba \u010dten\u00ed":"3 minuty"},"schema":{"@context":"https:\/\/schema.org","@graph":[{"@type":"WebPage","@id":"https:\/\/hondapowertools.com\/fr\/produit\/hrc216pda\/","url":"https:\/\/hondapowertools.com\/fr\/produit\/hrc216pda\/","name":"HRC216PDA - HONDA POWER EQUIPMENT","isPartOf":{"@id":"https:\/\/hondapowertools.com\/#website"},"primaryImageOfPage":{"@id":"https:\/\/hondapowertools.com\/fr\/produit\/hrc216pda\/#primaryimage"},"image":{"@id":"https:\/\/hondapowertools.com\/fr\/produit\/hrc216pda\/#primaryimage"},"thumbnailUrl":"https:\/\/hondapowertools.com\/wp-content\/uploads\/2025\/02\/hrc216pda_pe_imglg.jpg","datePublished":"2025-02-10T21:44:04+00:00","dateModified":"2025-02-10T21:44:46+00:00","description":"Honda's HRC216PDA commercial walk-behind lawn mower offers you the quality and durability you'd expect from Honda. order this amazing lawn mower now","breadcrumb":{"@id":"https:\/\/hondapowertools.com\/fr\/produit\/hrc216pda\/#breadcrumb"},"inLanguage":"cs","potentialAction":[{"@type":"ReadAction","target":["https:\/\/hondapowertools.com\/fr\/produit\/hrc216pda\/"]}]},{"@type":"ImageObject","inLanguage":"cs","@id":"https:\/\/hondapowertools.com\/fr\/produit\/hrc216pda\/#primaryimage","url":"https:\/\/hondapowertools.com\/wp-content\/uploads\/2025\/02\/hrc216pda_pe_imglg.jpg","contentUrl":"https:\/\/hondapowertools.com\/wp-content\/uploads\/2025\/02\/hrc216pda_pe_imglg.jpg","width":1100,"height":1100,"caption":"hrc216pda honda mower"},{"@type":"BreadcrumbList","@id":"https:\/\/hondapowertools.com\/fr\/produit\/hrc216pda\/#breadcrumb","itemListElement":[{"@type":"ListItem","position":1,"name":"Home","item":"https:\/\/hondapowertools.com\/"},{"@type":"ListItem","position":2,"name":"Shop","item":"https:\/\/hondapowertools.com\/?page_id=10"},{"@type":"ListItem","position":3,"name":"HRC216PDA"}]},{"@type":"WebSite","@id":"https:\/\/hondapowertools.com\/#website","url":"https:\/\/hondapowertools.com\/","name":"HONDA POWER EQUIPMENTS","description":"Honda Power Equipment","publisher":{"@id":"https:\/\/hondapowertools.com\/#organization"},"potentialAction":[{"@type":"SearchAction","target":{"@type":"EntryPoint","urlTemplate":"https:\/\/hondapowertools.com\/?s={search_term_string}"},"query-input":{"@type":"PropertyValueSpecification","valueRequired":true,"valueName":"search_term_string"}}],"inLanguage":"cs"},{"@type":"Organization","@id":"https:\/\/hondapowertools.com\/#organization","name":"HONDA POWER TOOLS","alternateName":"HONDA POWER EQUIPMENT","url":"https:\/\/hondapowertools.com\/","logo":{"@type":"ImageObject","inLanguage":"cs","@id":"https:\/\/hondapowertools.com\/#\/schema\/logo\/image\/","url":"https:\/\/hondapowertools.com\/wp-content\/uploads\/2025\/02\/cropped-honda-power-equipment-logo.png","contentUrl":"https:\/\/hondapowertools.com\/wp-content\/uploads\/2025\/02\/cropped-honda-power-equipment-logo.png","width":290,"height":70,"caption":"HONDA POWER TOOLS"},"image":{"@id":"https:\/\/hondapowertools.com\/#\/schema\/logo\/image\/"}}]}},"_links":{"self":[{"href":"https:\/\/hondapowertools.com\/cs\/wp-json\/wp\/v2\/product\/676","targetHints":{"allow":["GET"]}}],"collection":[{"href":"https:\/\/hondapowertools.com\/cs\/wp-json\/wp\/v2\/product"}],"about":[{"href":"https:\/\/hondapowertools.com\/cs\/wp-json\/wp\/v2\/types\/product"}],"replies":[{"embeddable":true,"href":"https:\/\/hondapowertools.com\/cs\/wp-json\/wp\/v2\/comments?post=676"}],"wp:featuredmedia":[{"embeddable":true,"href":"https:\/\/hondapowertools.com\/cs\/wp-json\/wp\/v2\/media\/677"}],"wp:attachment":[{"href":"https:\/\/hondapowertools.com\/cs\/wp-json\/wp\/v2\/media?parent=676"}],"wp:term":[{"taxonomy":"product_brand","embeddable":true,"href":"https:\/\/hondapowertools.com\/cs\/wp-json\/wp\/v2\/product_brand?post=676"},{"taxonomy":"product_cat","embeddable":true,"href":"https:\/\/hondapowertools.com\/cs\/wp-json\/wp\/v2\/product_cat?post=676"},{"taxonomy":"product_tag","embeddable":true,"href":"https:\/\/hondapowertools.com\/cs\/wp-json\/wp\/v2\/product_tag?post=676"}],"curies":[{"name":"wp","href":"https:\/\/api.w.org\/{rel}","templated":true}]}}