{"id":794,"date":"2025-02-14T04:36:29","date_gmt":"2025-02-14T04:36:29","guid":{"rendered":"https:\/\/hondapowertools.com\/?post_type=product&#038;p=794"},"modified":"2026-01-07T08:19:44","modified_gmt":"2026-01-07T08:19:44","slug":"2017-honda-fourtrax-foreman-rubicon-4x4-eps","status":"publish","type":"product","link":"https:\/\/hondapowertools.com\/cs\/produkt\/2017-honda-fourtrax-foreman-rubicon-4x4-eps\/","title":{"rendered":"2017 Honda FourTrax Foreman Rubicon 4\u00d74 EPS"},"content":{"rendered":"<h2 class=\"tide-font-20 tide-font-600\">2017 Honda FourTrax Foreman Rubicon 4\u00d74 EPS zna\u010dn\u011b ojet\u00fd s 10000km<\/h2>\n<p>&nbsp;<\/p>\n<h3>P\u011bkn\u00e9 pou\u017eit\u00e9 elektrick\u00e9 vybaven\u00ed Honda: Hlin\u00edkov\u00e1 kola a pneumatiky Sedona: navij\u00e1k a hlin\u00edkov\u00e1 kola Sedona.<\/h3>\n<p>Nez\u00e1le\u017e\u00ed na tom, zda mluv\u00edme o architektu\u0159e, doprav\u011b, oble\u010den\u00ed, j\u00eddle nebo hudb\u011b: skute\u010dn\u00ed velik\u00e1ni pro\u0161li zkou\u0161kou \u010dasu. A kdy\u017e mluv\u00edme o ter\u00e9nn\u00edch vozidlech, znamen\u00e1 tato zkou\u0161ka dv\u011b v\u011bci: kolik hodin denn\u011b chcete jezdit a jak dlouho va\u0161e \u010dty\u0159kolka vydr\u017e\u00ed.<\/p>\n<p>V obou p\u0159\u00edpadech je Honda FourTrax Foreman Rubicon naprosto dokonal\u00e1. Je to pr\u00e9miov\u00e1 \u010dty\u0159kolka, kter\u00e1 klade d\u016fraz na pohodl\u00ed jezdce - na celodenn\u00ed komfort. A my m\u00e1me velk\u00fd v\u00fdb\u011br model\u016f Rubicon s \u0161irokou \u0161k\u00e1lou funkc\u00ed, tak\u017ee si m\u016f\u017eete vybrat ten, kter\u00fd v\u00e1m bude vyhovovat. A pro rok 2017 m\u00e1me dokonce model s barvou laku nanesenou p\u0159es karoserii - poprv\u00e9 u \u010dty\u0159kolky Honda.<\/p>\n<p>Ka\u017ed\u00fd Rubicon pou\u017e\u00edv\u00e1 stejn\u00fd motor t\u0159\u00eddy 500 - odoln\u00fd, osv\u011bd\u010den\u00fd a v\u00fdkonn\u00fd. M\u016f\u017eete si vybrat ze dvou mo\u017enost\u00ed p\u0159evodovky: robustn\u00ed p\u0159evodovky pro \u010dty\u0159kolky konven\u010dn\u00edho typu, d\u00edky n\u00ed\u017e je Rubicon jedinou \u010dty\u0159kolkou s manu\u00e1ln\u00edm \u0159azen\u00edm a nez\u00e1visl\u00fdm zadn\u00edm odpru\u017een\u00edm na trhu, a na\u0161\u00ed revolu\u010dn\u00ed automatick\u00e9 dvouspojkov\u00e9 p\u0159evodovky s novou, plynulej\u0161\u00ed mapou \u0159azen\u00ed a siln\u00fdmi vnit\u0159n\u00edmi ocelov\u00fdmi p\u0159evody.<\/p>\n<p>&nbsp;<\/p>\n<p>Nez\u00e1visl\u00e9 zadn\u00ed zav\u011b\u0161en\u00ed (IRS) v\u0161ak nen\u00ed jen o pohodl\u00ed a p\u0159\u00edjemn\u00e9 j\u00edzd\u011b. Vynikaj\u00edc\u00ed konstrukce odpru\u017een\u00ed modelu Rubicon v\u00e1m dod\u00e1 jistotu, kterou pot\u0159ebujete pro zdol\u00e1v\u00e1n\u00ed n\u00e1ro\u010dn\u00fdch cest, a z\u00e1rove\u0148 v\u00e1m poskytne celodenn\u00ed j\u00edzdn\u00ed komfort a vynikaj\u00edc\u00ed trakci na nerovn\u00e9m povrchu.<\/p>\n<p>A je toho mnohem v\u00edc, o \u010dem se d\u00e1 mluvit: propracovan\u00e9 ovl\u00e1d\u00e1n\u00ed, siln\u00e9 ocelov\u00e9 nosi\u010de, zadn\u00ed kotou\u010dov\u00e1 brzda, dostupn\u00fd elektrick\u00fd posilova\u010d \u0159\u00edzen\u00ed (EPS), a dokonce i modely s \u010derven\u00fdmi A-rameny, pru\u017einami a \u010dern\u00fdmi lit\u00fdmi a obr\u00e1b\u011bn\u00fdmi hlin\u00edkov\u00fdmi koly. Ale a\u0165 u\u017e si vyberete jak\u00fdkoli Rubicon, jedno je jist\u00e9: Jakmile za\u010dnete jezdit, jedin\u00fdm d\u016fvodem, pro\u010d budete cht\u00edt zastavit, bude dopln\u011bn\u00ed paliva.<\/p>","protected":false},"excerpt":{"rendered":"<p>2017 Honda FourTrax Foreman Rubicon 4&#215;4 EPS farly used with 10000miles &nbsp; Nice used Honda power equipment: Winch and Sedona Aluminum Wheel and Tire upgrade. It doesn\u2019t matter whether we\u2019re talking about architecture, transportation, clothing, food, or music: the real greats stand the test of time. And when you\u2019re talking about all-terrain vehicles, that test [&#8230;]","protected":false},"featured_media":796,"comment_status":"open","ping_status":"closed","template":"","meta":[],"product_brand":[],"product_cat":[50],"product_tag":[192],"class_list":{"0":"post-794","1":"product","2":"type-product","3":"status-publish","4":"has-post-thumbnail","6":"product_cat-honda-golf-carts","7":"product_tag-2017-honda-rubicon-500-for-sale","9":"first","10":"instock","11":"shipping-taxable","12":"purchasable","13":"product-type-simple"},"yoast_head":"<!-- This site is optimized with the Yoast SEO Premium plugin v26.2 (Yoast SEO v26.2) - https:\/\/yoast.com\/wordpress\/plugins\/seo\/ -->\n<title>2017 Honda FourTrax Foreman Rubicon 4x4 EPS - HONDA POWER EQUIPMENT<\/title>\n<meta name=\"description\" content=\"Order fairly used 2017 Honda FourTrax Foreman Rubicon comes with 10000 miles and has never been repaired. good engine ,good transmission\" \/>\n<meta name=\"robots\" content=\"index, follow, max-snippet:-1, max-image-preview:large, max-video-preview:-1\" \/>\n<link rel=\"canonical\" href=\"https:\/\/hondapowertools.com\/cs\/tuote\/2017-honda-fourtrax-foreman-rubicon-4x4-eps\/\" \/>\n<meta property=\"og:locale\" content=\"cs_CZ\" \/>\n<meta property=\"og:type\" content=\"article\" \/>\n<meta property=\"og:title\" content=\"2017 Honda FourTrax Foreman Rubicon 4x4 EPS\" \/>\n<meta property=\"og:description\" content=\"Order fairly used 2017 Honda FourTrax Foreman Rubicon comes with 10000 miles and has never been repaired. good engine ,good transmission\" \/>\n<meta property=\"og:url\" content=\"https:\/\/hondapowertools.com\/cs\/tuote\/2017-honda-fourtrax-foreman-rubicon-4x4-eps\/\" \/>\n<meta property=\"og:site_name\" content=\"HONDA POWER EQUIPMENT\" \/>\n<meta property=\"article:modified_time\" content=\"2026-01-07T08:19:44+00:00\" \/>\n<meta property=\"og:image\" content=\"https:\/\/hondapowertools.com\/wp-content\/uploads\/2025\/02\/675869b9bae48632fa120496.jpg\" \/>\n\t<meta property=\"og:image:width\" content=\"1024\" \/>\n\t<meta property=\"og:image:height\" content=\"768\" \/>\n\t<meta property=\"og:image:type\" content=\"image\/jpeg\" \/>\n<meta name=\"twitter:card\" content=\"summary_large_image\" \/>\n<meta name=\"twitter:label1\" content=\"Odhadovan\u00e1 doba \u010dten\u00ed\" \/>\n\t<meta name=\"twitter:data1\" content=\"2 minuty\" \/>\n<script type=\"application\/ld+json\" class=\"yoast-schema-graph\">{\"@context\":\"https:\/\/schema.org\",\"@graph\":[{\"@type\":\"WebPage\",\"@id\":\"https:\/\/hondapowertools.com\/fi\/tuote\/2017-honda-fourtrax-foreman-rubicon-4x4-eps\/\",\"url\":\"https:\/\/hondapowertools.com\/fi\/tuote\/2017-honda-fourtrax-foreman-rubicon-4x4-eps\/\",\"name\":\"2017 Honda FourTrax Foreman Rubicon 4x4 EPS - HONDA POWER EQUIPMENT\",\"isPartOf\":{\"@id\":\"https:\/\/hondapowertools.com\/#website\"},\"primaryImageOfPage\":{\"@id\":\"https:\/\/hondapowertools.com\/fi\/tuote\/2017-honda-fourtrax-foreman-rubicon-4x4-eps\/#primaryimage\"},\"image\":{\"@id\":\"https:\/\/hondapowertools.com\/fi\/tuote\/2017-honda-fourtrax-foreman-rubicon-4x4-eps\/#primaryimage\"},\"thumbnailUrl\":\"https:\/\/hondapowertools.com\/wp-content\/uploads\/2025\/02\/675869b9bae48632fa120496.jpg\",\"datePublished\":\"2025-02-14T04:36:29+00:00\",\"dateModified\":\"2026-01-07T08:19:44+00:00\",\"description\":\"Order fairly used 2017 Honda FourTrax Foreman Rubicon comes with 10000 miles and has never been repaired. good engine ,good transmission\",\"breadcrumb\":{\"@id\":\"https:\/\/hondapowertools.com\/fi\/tuote\/2017-honda-fourtrax-foreman-rubicon-4x4-eps\/#breadcrumb\"},\"inLanguage\":\"cs\",\"potentialAction\":[{\"@type\":\"ReadAction\",\"target\":[\"https:\/\/hondapowertools.com\/fi\/tuote\/2017-honda-fourtrax-foreman-rubicon-4x4-eps\/\"]}]},{\"@type\":\"ImageObject\",\"inLanguage\":\"cs\",\"@id\":\"https:\/\/hondapowertools.com\/fi\/tuote\/2017-honda-fourtrax-foreman-rubicon-4x4-eps\/#primaryimage\",\"url\":\"https:\/\/hondapowertools.com\/wp-content\/uploads\/2025\/02\/675869b9bae48632fa120496.jpg\",\"contentUrl\":\"https:\/\/hondapowertools.com\/wp-content\/uploads\/2025\/02\/675869b9bae48632fa120496.jpg\",\"width\":1024,\"height\":768,\"caption\":\"2017 honda rubicon 500 for sale\"},{\"@type\":\"BreadcrumbList\",\"@id\":\"https:\/\/hondapowertools.com\/fi\/tuote\/2017-honda-fourtrax-foreman-rubicon-4x4-eps\/#breadcrumb\",\"itemListElement\":[{\"@type\":\"ListItem\",\"position\":1,\"name\":\"Home\",\"item\":\"https:\/\/hondapowertools.com\/\"},{\"@type\":\"ListItem\",\"position\":2,\"name\":\"Shop\",\"item\":\"https:\/\/hondapowertools.com\/?page_id=10\"},{\"@type\":\"ListItem\",\"position\":3,\"name\":\"2017 Honda FourTrax Foreman Rubicon 4&#215;4 EPS\"}]},{\"@type\":\"WebSite\",\"@id\":\"https:\/\/hondapowertools.com\/#website\",\"url\":\"https:\/\/hondapowertools.com\/\",\"name\":\"HONDA POWER EQUIPMENTS\",\"description\":\"Honda Power Equipment\",\"publisher\":{\"@id\":\"https:\/\/hondapowertools.com\/#organization\"},\"potentialAction\":[{\"@type\":\"SearchAction\",\"target\":{\"@type\":\"EntryPoint\",\"urlTemplate\":\"https:\/\/hondapowertools.com\/?s={search_term_string}\"},\"query-input\":{\"@type\":\"PropertyValueSpecification\",\"valueRequired\":true,\"valueName\":\"search_term_string\"}}],\"inLanguage\":\"cs\"},{\"@type\":\"Organization\",\"@id\":\"https:\/\/hondapowertools.com\/#organization\",\"name\":\"HONDA POWER TOOLS\",\"alternateName\":\"HONDA POWER EQUIPMENT\",\"url\":\"https:\/\/hondapowertools.com\/\",\"logo\":{\"@type\":\"ImageObject\",\"inLanguage\":\"cs\",\"@id\":\"https:\/\/hondapowertools.com\/#\/schema\/logo\/image\/\",\"url\":\"https:\/\/hondapowertools.com\/wp-content\/uploads\/2025\/02\/cropped-honda-power-equipment-logo.png\",\"contentUrl\":\"https:\/\/hondapowertools.com\/wp-content\/uploads\/2025\/02\/cropped-honda-power-equipment-logo.png\",\"width\":290,\"height\":70,\"caption\":\"HONDA POWER TOOLS\"},\"image\":{\"@id\":\"https:\/\/hondapowertools.com\/#\/schema\/logo\/image\/\"}}]}<\/script>\n<!-- \/ Yoast SEO Premium plugin. -->","yoast_head_json":{"title":"2017 Honda FourTrax Foreman Rubicon 4x4 EPS - HONDA POWER EQUIPMENT","description":"Order fairly used 2017 Honda FourTrax Foreman Rubicon comes with 10000 miles and has never been repaired. good engine ,good transmission","robots":{"index":"index","follow":"follow","max-snippet":"max-snippet:-1","max-image-preview":"max-image-preview:large","max-video-preview":"max-video-preview:-1"},"canonical":"https:\/\/hondapowertools.com\/cs\/tuote\/2017-honda-fourtrax-foreman-rubicon-4x4-eps\/","og_locale":"cs_CZ","og_type":"article","og_title":"2017 Honda FourTrax Foreman Rubicon 4x4 EPS","og_description":"Order fairly used 2017 Honda FourTrax Foreman Rubicon comes with 10000 miles and has never been repaired. good engine ,good transmission","og_url":"https:\/\/hondapowertools.com\/cs\/tuote\/2017-honda-fourtrax-foreman-rubicon-4x4-eps\/","og_site_name":"HONDA POWER EQUIPMENT","article_modified_time":"2026-01-07T08:19:44+00:00","og_image":[{"width":1024,"height":768,"url":"https:\/\/hondapowertools.com\/wp-content\/uploads\/2025\/02\/675869b9bae48632fa120496.jpg","type":"image\/jpeg"}],"twitter_card":"summary_large_image","twitter_misc":{"Odhadovan\u00e1 doba \u010dten\u00ed":"2 minuty"},"schema":{"@context":"https:\/\/schema.org","@graph":[{"@type":"WebPage","@id":"https:\/\/hondapowertools.com\/fi\/tuote\/2017-honda-fourtrax-foreman-rubicon-4x4-eps\/","url":"https:\/\/hondapowertools.com\/fi\/tuote\/2017-honda-fourtrax-foreman-rubicon-4x4-eps\/","name":"2017 Honda FourTrax Foreman Rubicon 4x4 EPS - HONDA POWER EQUIPMENT","isPartOf":{"@id":"https:\/\/hondapowertools.com\/#website"},"primaryImageOfPage":{"@id":"https:\/\/hondapowertools.com\/fi\/tuote\/2017-honda-fourtrax-foreman-rubicon-4x4-eps\/#primaryimage"},"image":{"@id":"https:\/\/hondapowertools.com\/fi\/tuote\/2017-honda-fourtrax-foreman-rubicon-4x4-eps\/#primaryimage"},"thumbnailUrl":"https:\/\/hondapowertools.com\/wp-content\/uploads\/2025\/02\/675869b9bae48632fa120496.jpg","datePublished":"2025-02-14T04:36:29+00:00","dateModified":"2026-01-07T08:19:44+00:00","description":"Order fairly used 2017 Honda FourTrax Foreman Rubicon comes with 10000 miles and has never been repaired. good engine ,good transmission","breadcrumb":{"@id":"https:\/\/hondapowertools.com\/fi\/tuote\/2017-honda-fourtrax-foreman-rubicon-4x4-eps\/#breadcrumb"},"inLanguage":"cs","potentialAction":[{"@type":"ReadAction","target":["https:\/\/hondapowertools.com\/fi\/tuote\/2017-honda-fourtrax-foreman-rubicon-4x4-eps\/"]}]},{"@type":"ImageObject","inLanguage":"cs","@id":"https:\/\/hondapowertools.com\/fi\/tuote\/2017-honda-fourtrax-foreman-rubicon-4x4-eps\/#primaryimage","url":"https:\/\/hondapowertools.com\/wp-content\/uploads\/2025\/02\/675869b9bae48632fa120496.jpg","contentUrl":"https:\/\/hondapowertools.com\/wp-content\/uploads\/2025\/02\/675869b9bae48632fa120496.jpg","width":1024,"height":768,"caption":"2017 honda rubicon 500 for sale"},{"@type":"BreadcrumbList","@id":"https:\/\/hondapowertools.com\/fi\/tuote\/2017-honda-fourtrax-foreman-rubicon-4x4-eps\/#breadcrumb","itemListElement":[{"@type":"ListItem","position":1,"name":"Home","item":"https:\/\/hondapowertools.com\/"},{"@type":"ListItem","position":2,"name":"Shop","item":"https:\/\/hondapowertools.com\/?page_id=10"},{"@type":"ListItem","position":3,"name":"2017 Honda FourTrax Foreman Rubicon 4&#215;4 EPS"}]},{"@type":"WebSite","@id":"https:\/\/hondapowertools.com\/#website","url":"https:\/\/hondapowertools.com\/","name":"HONDA POWER EQUIPMENTS","description":"Honda Power Equipment","publisher":{"@id":"https:\/\/hondapowertools.com\/#organization"},"potentialAction":[{"@type":"SearchAction","target":{"@type":"EntryPoint","urlTemplate":"https:\/\/hondapowertools.com\/?s={search_term_string}"},"query-input":{"@type":"PropertyValueSpecification","valueRequired":true,"valueName":"search_term_string"}}],"inLanguage":"cs"},{"@type":"Organization","@id":"https:\/\/hondapowertools.com\/#organization","name":"HONDA POWER TOOLS","alternateName":"HONDA POWER EQUIPMENT","url":"https:\/\/hondapowertools.com\/","logo":{"@type":"ImageObject","inLanguage":"cs","@id":"https:\/\/hondapowertools.com\/#\/schema\/logo\/image\/","url":"https:\/\/hondapowertools.com\/wp-content\/uploads\/2025\/02\/cropped-honda-power-equipment-logo.png","contentUrl":"https:\/\/hondapowertools.com\/wp-content\/uploads\/2025\/02\/cropped-honda-power-equipment-logo.png","width":290,"height":70,"caption":"HONDA POWER TOOLS"},"image":{"@id":"https:\/\/hondapowertools.com\/#\/schema\/logo\/image\/"}}]}},"_links":{"self":[{"href":"https:\/\/hondapowertools.com\/cs\/wp-json\/wp\/v2\/product\/794","targetHints":{"allow":["GET"]}}],"collection":[{"href":"https:\/\/hondapowertools.com\/cs\/wp-json\/wp\/v2\/product"}],"about":[{"href":"https:\/\/hondapowertools.com\/cs\/wp-json\/wp\/v2\/types\/product"}],"replies":[{"embeddable":true,"href":"https:\/\/hondapowertools.com\/cs\/wp-json\/wp\/v2\/comments?post=794"}],"wp:featuredmedia":[{"embeddable":true,"href":"https:\/\/hondapowertools.com\/cs\/wp-json\/wp\/v2\/media\/796"}],"wp:attachment":[{"href":"https:\/\/hondapowertools.com\/cs\/wp-json\/wp\/v2\/media?parent=794"}],"wp:term":[{"taxonomy":"product_brand","embeddable":true,"href":"https:\/\/hondapowertools.com\/cs\/wp-json\/wp\/v2\/product_brand?post=794"},{"taxonomy":"product_cat","embeddable":true,"href":"https:\/\/hondapowertools.com\/cs\/wp-json\/wp\/v2\/product_cat?post=794"},{"taxonomy":"product_tag","embeddable":true,"href":"https:\/\/hondapowertools.com\/cs\/wp-json\/wp\/v2\/product_tag?post=794"}],"curies":[{"name":"wp","href":"https:\/\/api.w.org\/{rel}","templated":true}]}}