{"id":330,"date":"2025-02-07T18:38:11","date_gmt":"2025-02-07T18:38:11","guid":{"rendered":"https:\/\/hondapowertools.com\/?page_id=330"},"modified":"2025-02-08T11:37:20","modified_gmt":"2025-02-08T11:37:20","slug":"about-us","status":"publish","type":"page","link":"https:\/\/hondapowertools.com\/de\/about-us\/","title":{"rendered":"\u00dcber uns"},"content":{"rendered":"<div class=\"row\"  id=\"row-2097327130\">\n\n\n\t<div id=\"col-1885394106\" class=\"col small-12 large-12\"  >\n\t\t\t\t<div class=\"col-inner\"  >\n\t\t\t\n\t\t\t\n\n\t<div class=\"img has-hover x md-x lg-x y md-y lg-y\" id=\"image_504374937\">\n\t\t\t\t\t\t\t\t<div class=\"img-inner dark\" >\n\t\t\t<img loading=\"lazy\" decoding=\"async\" width=\"1000\" height=\"363\" src=\"https:\/\/hondapowertools.com\/wp-content\/uploads\/2025\/02\/inside-store.jpg\" class=\"attachment-large size-large\" alt=\"\" srcset=\"https:\/\/hondapowertools.com\/wp-content\/uploads\/2025\/02\/inside-store.jpg 1000w, https:\/\/hondapowertools.com\/wp-content\/uploads\/2025\/02\/inside-store-300x109.jpg 300w, https:\/\/hondapowertools.com\/wp-content\/uploads\/2025\/02\/inside-store-768x279.jpg 768w, https:\/\/hondapowertools.com\/wp-content\/uploads\/2025\/02\/inside-store-510x185.jpg 510w\" sizes=\"auto, (max-width: 1000px) 100vw, 1000px\" \/>\t\t\t\t\t\t\t<div class=\"overlay\" style=\"background-color: rgba(34, 31, 31, 0.448)\"><\/div>\n\t\t\t\t\t\t\n\t\t\t\t\t<\/div>\n\t\t\t\t\t\t\t\t\n<style>\n#image_504374937 {\n  width: 100%;\n}\n<\/style>\n\t<\/div>\n\t\n\n\n\t\t<\/div>\n\t\t\t\t\t<\/div>\n\n\t\n\n<\/div>\n<div class=\"container section-title-container\" ><h3 class=\"section-title section-title-normal\"><b><\/b><span class=\"section-title-main\" style=\"color:rgb(0, 0, 0);\">\u00dcber Honda Power Equipment<\/span><b><\/b><\/h3><\/div>\n\n\t<div id=\"text-1358491165\" class=\"text\">\n\t\t\n\n<p>Das Engagement von Honda f\u00fcr die Entwicklung von Produkten, die die Lebensqualit\u00e4t der Menschen verbessern, geht weit \u00fcber Autos und Motorr\u00e4der hinaus. Seit 1953 hat Honda weltweit \u00fcber 100 Millionen Motorprodukte hergestellt. Honda ist nach wie vor f\u00fchrend in der Entwicklung von emissionsarmen, kraftstoffsparenden und umweltfreundlichen 4-Takt-Motoren, die in Generatoren, Wasserpumpen, Rasenm\u00e4hern, Au\u00dfenbordmotoren und vielen anderen Motorger\u00e4ten zum Einsatz kommen. Erfahren Sie mehr \u00fcber die globale Geschichte von Honda Power Products.<\/p>\n<p>Honda Power Equipment, with headquarters in Alpharetta, Georgia, consists of three distinct operating units: Honda Power Equipment,\u00a0Honda Marine, and\u00a0Honda Engines\u00a0. The division&#8217;s products, including engines, generators, <a href=\"https:\/\/hondapowertools.com\/de\/produkt\/hrc216hxa\/\"  data-wpil-monitor-id=\"29\">lawn mowers<\/a>, pumps, snow blowers, tillers, trimmers, and marine engines, are assembled in Honda plants in the United States and around the world.<\/p>\n<h2>Aktuelle Produkte<\/h2>\n<p>Honda Power Equipment bietet mehr als 70 Modelle in sechs gro\u00dfen Produktfamilien an:<\/p>\n<ul class=\"g-pa-0\">\n<li>Generatoren: von 1.000 Watt bis 10.000 Watt in Modellen f\u00fcr Wohn-, Freizeit- und Industrieanwendungen.<\/li>\n<li><a href=\"https:\/\/hondapowertools.com\/de\/produkt-schlagwort\/honda-hrx217vka-lawn-mower\/\"  data-wpil-monitor-id=\"33\">Rasenm\u00e4her<\/a>: 21-inch push-type and self-propelled models for premium residential and commercial gardening applications.<\/li>\n<li>Pumpen: eine gro\u00dfe Auswahl an allgemeinen Entw\u00e4sserungs-, Mehrzweck-, Gewerbe- und Tauchpumpenmodellen mit F\u00f6rderleistungen von 37 bis 433 Litern pro Minute.<\/li>\n<li><a href=\"https:\/\/hondapowertools.com\/de\/produkt-schlagwort\/honda-hss928at-two-stage-track-drive-gas-snow-blower\/\"  data-wpil-monitor-id=\"34\">Snow blowers<\/a>: wheel drive, track drive, and lightweight models capable of moving from 1500 to 3000 lbs of snow.<\/li>\n<li>Bodenfr\u00e4sen: Mini-, Mittel- und Heckzinkenmodelle.<\/li>\n<li>Trimmers: three trimmer models in a variety of trim heads, engine sizes, and handle design choices, as well as the Honda VersAttach system, a multi-tool system featuring 2 <a href=\"https:\/\/hondapowertools.com\/de\/produkt-schlagwort\/echo-power-pruner-attachment\/\"  data-wpil-monitor-id=\"36\">power heads and six attachments<\/a>.<\/li>\n<\/ul>\n<p>\u00a0<\/p>\n<p>Honda Power Equipment verf\u00fcgt \u00fcber ein Netz von Tausenden von unabh\u00e4ngigen H\u00e4ndlern in den Vereinigten Staaten, die den Kunden au\u00dfergew\u00f6hnliche Unterst\u00fctzung und Fachwissen bieten. Eine ausgew\u00e4hlte Anzahl von H\u00e4ndlern hat sich auch f\u00fcr die h\u00f6chste Auszeichnung von Honda qualifiziert, Honda Premier. Honda Premier-H\u00e4ndler erf\u00fcllen die h\u00f6chsten Standards in Bezug auf Markenrepr\u00e4sentation, Verkaufsleistung und Produktservice - und bieten damit die beste Honda-Kundenerfahrung insgesamt. Honda-Produkte sind auch bei Home Depot und Tausenden von Vermietungsgesch\u00e4ften im ganzen Land erh\u00e4ltlich.<\/p>\n<h2>Geschichte<\/h2>\n<p>Honda began manufacturing small engines for use in power equipment products in 1953. In 1973 Honda introduced <a href=\"https:\/\/hondapowertools.com\/de\/produkt\/eu2200i-generator\/\"  data-wpil-monitor-id=\"30\">Honda Generators<\/a>, Tillers and Outboards into the U.S. Market. <a href=\"https:\/\/hondapowertools.com\/de\/produkt-schlagwort\/honda-wx10-water-pump\/\"  data-wpil-monitor-id=\"35\">Water Pumps<\/a> were added to the Power Equipment lineup in 1975, followed by Lawn Mowers in 1979. Four years later, <a href=\"https:\/\/hondapowertools.com\/de\/produkt-kategorie\/honda-snow-blowers\/\"  data-wpil-monitor-id=\"31\">Honda snow blowers<\/a> were added to the product lineup.<\/p>\n<p>Im Jahr 2015 feierte Honda einen bedeutenden Meilenstein: \u00fcber 40 Millionen zufriedene Power Equipment-Kunden in den Vereinigten Staaten.<\/p>\n<h2>Fertigung und F&amp;E<\/h2>\n<p>Die Produkte von Honda Power Equipment werden in 11 Honda-Produktionsst\u00e4tten auf der ganzen Welt zusammengebaut, darunter Honda Power Equipment Mfg. Forschungs-, Entwicklungs- und Testaktivit\u00e4ten werden bei Honda R&amp;D Americas, Inc. ebenfalls in North Carolina, und Honda R&amp;D Co. in Japan durchgef\u00fchrt.<\/p>\n<p>Honda Power Equipment Mfg. LLC (HPE) hat seine Produktion von Allzweckmotoren f\u00fcr Honda und andere Hersteller auf 2 Millionen Motoren pro Jahr erh\u00f6ht.<\/p>\n<p>In addition to engines, HPE produces <a href=\"https:\/\/hondapowertools.com\/de\/produkt-kategorie\/honda-lawn-mowers\/\"  data-wpil-monitor-id=\"32\">Honda lawn mowers<\/a>, generators, snow blowers, pumps, tillers, and string trimmers.<\/p>\n<p>Das Forschungs- und Entwicklungszentrum von Honda in North Carolina ist eine 1993 gegr\u00fcndete Einrichtung mit einer Fl\u00e4che von 11.000 Quadratmetern, in der die Produktentwicklung, die Entwicklung von Prototypen und die Erprobung von Kraftwerksprodukten durchgef\u00fchrt werden.<\/p>\n<p>Informationen f\u00fcr die Medien zu Honda-Produkten finden Sie unter www.hondanews.com.<\/p>\n\t\t\n<style>\n#text-1358491165 {\n  font-size: 0.95rem;\n  line-height: 2.05;\n  color: rgb(0,0,0);\n}\n#text-1358491165 > * {\n  color: rgb(0,0,0);\n}\n<\/style>\n\t<\/div>","protected":false},"excerpt":{"rendered":"","protected":false},"author":1,"featured_media":0,"parent":0,"menu_order":0,"comment_status":"closed","ping_status":"closed","template":"","meta":{"footnotes":""},"class_list":["post-330","page","type-page","status-publish","hentry"],"yoast_head":"<!-- This site is optimized with the Yoast SEO Premium plugin v26.2 (Yoast SEO v26.2) - https:\/\/yoast.com\/wordpress\/plugins\/seo\/ -->\n<title>About Us - HONDA POWER EQUIPMENT<\/title>\n<meta name=\"robots\" content=\"index, follow, max-snippet:-1, max-image-preview:large, max-video-preview:-1\" \/>\n<link rel=\"canonical\" href=\"https:\/\/hondapowertools.com\/de\/about-us\/\" \/>\n<meta property=\"og:locale\" content=\"de_DE\" \/>\n<meta property=\"og:type\" content=\"article\" \/>\n<meta property=\"og:title\" content=\"About Us\" \/>\n<meta property=\"og:url\" content=\"https:\/\/hondapowertools.com\/de\/about-us\/\" \/>\n<meta property=\"og:site_name\" content=\"HONDA POWER EQUIPMENT\" \/>\n<meta property=\"article:modified_time\" content=\"2025-02-08T11:37:20+00:00\" \/>\n<meta name=\"twitter:card\" content=\"summary_large_image\" \/>\n<meta name=\"twitter:label1\" content=\"Gesch\u00e4tzte Lesezeit\" \/>\n\t<meta name=\"twitter:data1\" content=\"3\u00a0Minuten\" \/>\n<script type=\"application\/ld+json\" class=\"yoast-schema-graph\">{\"@context\":\"https:\/\/schema.org\",\"@graph\":[{\"@type\":\"WebPage\",\"@id\":\"https:\/\/hondapowertools.com\/about-us\/\",\"url\":\"https:\/\/hondapowertools.com\/about-us\/\",\"name\":\"About Us - HONDA POWER EQUIPMENT\",\"isPartOf\":{\"@id\":\"https:\/\/hondapowertools.com\/#website\"},\"datePublished\":\"2025-02-07T18:38:11+00:00\",\"dateModified\":\"2025-02-08T11:37:20+00:00\",\"breadcrumb\":{\"@id\":\"https:\/\/hondapowertools.com\/about-us\/#breadcrumb\"},\"inLanguage\":\"de\",\"potentialAction\":[{\"@type\":\"ReadAction\",\"target\":[\"https:\/\/hondapowertools.com\/about-us\/\"]}]},{\"@type\":\"BreadcrumbList\",\"@id\":\"https:\/\/hondapowertools.com\/about-us\/#breadcrumb\",\"itemListElement\":[{\"@type\":\"ListItem\",\"position\":1,\"name\":\"Home\",\"item\":\"https:\/\/hondapowertools.com\/\"},{\"@type\":\"ListItem\",\"position\":2,\"name\":\"About Us\"}]},{\"@type\":\"WebSite\",\"@id\":\"https:\/\/hondapowertools.com\/#website\",\"url\":\"https:\/\/hondapowertools.com\/\",\"name\":\"HONDA POWER EQUIPMENTS\",\"description\":\"Honda Power Equipment\",\"publisher\":{\"@id\":\"https:\/\/hondapowertools.com\/#organization\"},\"potentialAction\":[{\"@type\":\"SearchAction\",\"target\":{\"@type\":\"EntryPoint\",\"urlTemplate\":\"https:\/\/hondapowertools.com\/?s={search_term_string}\"},\"query-input\":{\"@type\":\"PropertyValueSpecification\",\"valueRequired\":true,\"valueName\":\"search_term_string\"}}],\"inLanguage\":\"de\"},{\"@type\":\"Organization\",\"@id\":\"https:\/\/hondapowertools.com\/#organization\",\"name\":\"HONDA POWER TOOLS\",\"alternateName\":\"HONDA POWER EQUIPMENT\",\"url\":\"https:\/\/hondapowertools.com\/\",\"logo\":{\"@type\":\"ImageObject\",\"inLanguage\":\"de\",\"@id\":\"https:\/\/hondapowertools.com\/#\/schema\/logo\/image\/\",\"url\":\"https:\/\/hondapowertools.com\/wp-content\/uploads\/2025\/02\/cropped-honda-power-equipment-logo.png\",\"contentUrl\":\"https:\/\/hondapowertools.com\/wp-content\/uploads\/2025\/02\/cropped-honda-power-equipment-logo.png\",\"width\":290,\"height\":70,\"caption\":\"HONDA POWER TOOLS\"},\"image\":{\"@id\":\"https:\/\/hondapowertools.com\/#\/schema\/logo\/image\/\"}}]}<\/script>\n<!-- \/ Yoast SEO Premium plugin. -->","yoast_head_json":{"title":"About Us - HONDA POWER EQUIPMENT","robots":{"index":"index","follow":"follow","max-snippet":"max-snippet:-1","max-image-preview":"max-image-preview:large","max-video-preview":"max-video-preview:-1"},"canonical":"https:\/\/hondapowertools.com\/de\/about-us\/","og_locale":"de_DE","og_type":"article","og_title":"About Us","og_url":"https:\/\/hondapowertools.com\/de\/about-us\/","og_site_name":"HONDA POWER EQUIPMENT","article_modified_time":"2025-02-08T11:37:20+00:00","twitter_card":"summary_large_image","twitter_misc":{"Gesch\u00e4tzte Lesezeit":"3\u00a0Minuten"},"schema":{"@context":"https:\/\/schema.org","@graph":[{"@type":"WebPage","@id":"https:\/\/hondapowertools.com\/about-us\/","url":"https:\/\/hondapowertools.com\/about-us\/","name":"About Us - HONDA POWER EQUIPMENT","isPartOf":{"@id":"https:\/\/hondapowertools.com\/#website"},"datePublished":"2025-02-07T18:38:11+00:00","dateModified":"2025-02-08T11:37:20+00:00","breadcrumb":{"@id":"https:\/\/hondapowertools.com\/about-us\/#breadcrumb"},"inLanguage":"de","potentialAction":[{"@type":"ReadAction","target":["https:\/\/hondapowertools.com\/about-us\/"]}]},{"@type":"BreadcrumbList","@id":"https:\/\/hondapowertools.com\/about-us\/#breadcrumb","itemListElement":[{"@type":"ListItem","position":1,"name":"Home","item":"https:\/\/hondapowertools.com\/"},{"@type":"ListItem","position":2,"name":"About Us"}]},{"@type":"WebSite","@id":"https:\/\/hondapowertools.com\/#website","url":"https:\/\/hondapowertools.com\/","name":"HONDA POWER EQUIPMENTS","description":"Honda Power Equipment","publisher":{"@id":"https:\/\/hondapowertools.com\/#organization"},"potentialAction":[{"@type":"SearchAction","target":{"@type":"EntryPoint","urlTemplate":"https:\/\/hondapowertools.com\/?s={search_term_string}"},"query-input":{"@type":"PropertyValueSpecification","valueRequired":true,"valueName":"search_term_string"}}],"inLanguage":"de"},{"@type":"Organization","@id":"https:\/\/hondapowertools.com\/#organization","name":"HONDA POWER TOOLS","alternateName":"HONDA POWER EQUIPMENT","url":"https:\/\/hondapowertools.com\/","logo":{"@type":"ImageObject","inLanguage":"de","@id":"https:\/\/hondapowertools.com\/#\/schema\/logo\/image\/","url":"https:\/\/hondapowertools.com\/wp-content\/uploads\/2025\/02\/cropped-honda-power-equipment-logo.png","contentUrl":"https:\/\/hondapowertools.com\/wp-content\/uploads\/2025\/02\/cropped-honda-power-equipment-logo.png","width":290,"height":70,"caption":"HONDA POWER TOOLS"},"image":{"@id":"https:\/\/hondapowertools.com\/#\/schema\/logo\/image\/"}}]}},"_links":{"self":[{"href":"https:\/\/hondapowertools.com\/de\/wp-json\/wp\/v2\/pages\/330","targetHints":{"allow":["GET"]}}],"collection":[{"href":"https:\/\/hondapowertools.com\/de\/wp-json\/wp\/v2\/pages"}],"about":[{"href":"https:\/\/hondapowertools.com\/de\/wp-json\/wp\/v2\/types\/page"}],"author":[{"embeddable":true,"href":"https:\/\/hondapowertools.com\/de\/wp-json\/wp\/v2\/users\/1"}],"replies":[{"embeddable":true,"href":"https:\/\/hondapowertools.com\/de\/wp-json\/wp\/v2\/comments?post=330"}],"version-history":[{"count":6,"href":"https:\/\/hondapowertools.com\/de\/wp-json\/wp\/v2\/pages\/330\/revisions"}],"predecessor-version":[{"id":946,"href":"https:\/\/hondapowertools.com\/de\/wp-json\/wp\/v2\/pages\/330\/revisions\/946"}],"wp:attachment":[{"href":"https:\/\/hondapowertools.com\/de\/wp-json\/wp\/v2\/media?parent=330"}],"curies":[{"name":"wp","href":"https:\/\/api.w.org\/{rel}","templated":true}]}}