{"id":519,"date":"2025-02-09T09:47:11","date_gmt":"2025-02-09T09:47:11","guid":{"rendered":"https:\/\/hondapowertools.com\/?post_type=product&#038;p=519"},"modified":"2025-02-09T09:47:12","modified_gmt":"2025-02-09T09:47:12","slug":"ztr-mowers","status":"publish","type":"product","link":"https:\/\/hondapowertools.com\/de\/produkt\/ztr-mowers\/","title":{"rendered":"ZTR-Rasenm\u00e4her"},"content":{"rendered":"<h2><strong>ztr mowers for sale<\/strong><\/h2>\n<p>Lernen Sie die brandneuen akkubetriebenen Zero Ztr-M\u00e4her von Honda kennen. Erstklassige Leistung, damit Sie schnell arbeiten k\u00f6nnen, ohne Kompromisse bei der Leistung einzugehen. Erstklassige Schnittqualit\u00e4t, mit einem professionellen Finish beim ersten Durchgang. Maximaler Komfort, mit voll gefedertem M\u00e4hwerk f\u00fcr weniger Erm\u00fcdung. Und vertrauensw\u00fcrdige Zuverl\u00e4ssigkeit, gebaut f\u00fcr die Anforderungen des gewerblichen Einsatzes, nur von Honda.<\/p>\n<p>&nbsp;<\/p>\n<h4 class=\"g-font-weight-600 g-color-primary g-mb-5\">Erstklassige Leistung<\/h4>\n<div class=\"mb-0 g-line-height-2 u-in-viewport g-color-gray-dark-v2 g-font-weight-400 g-pb-10\">\n<p>Die ZTR-Rasenm\u00e4her von Honda werden von 5 separaten Elektromotoren angetrieben. 3 M\u00e4hwerksmotoren drehen jeweils unsere exklusiven MicroCut\u00ae-Doppelmesser, und 2 Antriebsradmotoren man\u00f6vrieren das Fahrzeug mit pr\u00e4ziser Steuerung. Diese leistungsstarken b\u00fcrstenlosen 48-Volt-Elektromotoren halten den harten Anforderungen im gewerblichen Landschaftsbau stand und bieten die n\u00f6tige Leistung, um mit maximaler Effizienz zu m\u00e4hen und gleichzeitig eine makellose Schnittqualit\u00e4t zu gew\u00e4hrleisten.<\/p>\n<p>W\u00e4hrend einige ZTRs die Fahrgeschwindigkeit f\u00fcr das M\u00e4hen von Gras opfern, bietet der ZTR von Honda gen\u00fcgend Leistung, um mit h\u00f6heren Geschwindigkeiten zu m\u00e4hen, ohne dass Sie sich um eine schlechte Schnittqualit\u00e4t sorgen m\u00fcssen. Mit Honda k\u00f6nnen Sie schnell arbeiten, ohne Kompromisse bei der Leistung einzugehen.<\/p>\n<p>Die Honda ZTR-M\u00e4her sind mit sechs Lithium-Ionen-Batterien ausgestattet, die insgesamt 19,2 kW Energie liefern. Mit einer einzigen Akkuladung m\u00e4hen diese neuen Modelle bis zu 15 Hektar und bieten damit Schnittleistung und Produktivit\u00e4t auf professionellem Niveau.<\/p>\n<h4 class=\"g-font-weight-600 g-color-primary g-mb-5\">Erstklassige Schnittqualit\u00e4t<\/h4>\n<div class=\"mb-0 g-line-height-2 u-in-viewport g-color-gray-dark-v2 g-font-weight-400 g-pb-10\">\n<p>Der ZTR von Honda bietet einen sauberen, gleichm\u00e4\u00dfigen und klassenbesten Schnitt beim ersten Durchgang. Sie m\u00fcssen nicht zweimal m\u00e4hen, um einen gro\u00dfartig aussehenden Rasen zu erhalten. Es ist kein zus\u00e4tzliches Mulchkit erforderlich. Keine unansehnlichen Grasb\u00fcschel auf der Grasnarbe. Nur ein sch\u00f6ner Schnitt, mit dem Ihre Kunden zufrieden sein werden.<\/p>\n<p>Die 54- und 60-Zoll-ZTR-M\u00e4hwerke von Honda verf\u00fcgen \u00fcber ein optimiertes Geh\u00e4usedesign und drei Doppelmesser, die insgesamt 12 Schnittkanten bieten. Mehrere Grasschnitte ergeben feineres Schnittgut f\u00fcr ein professionelles Ergebnis bei weniger Arbeit.<\/p>\n<p>Die gestapelten und versetzten MicroCut\u00ae-Doppelmesser sorgen f\u00fcr eine \u00fcberragende Schnittqualit\u00e4t und kleineres Schnittgut f\u00fcr ein hohes Ma\u00df an Graszerkleinerung ohne Verklumpung.<\/p>\n<p>&nbsp;<\/p>\n<\/div>\n<\/div>","protected":false},"excerpt":{"rendered":"<p>ztr mowers for sale Meet Honda\u2019s all-new battery-powered Zero Ztr mowers. Premium power, so you can work fast without compromising performance. Best in class cut quality, with a pro finish on the first pass. Maximum comfort, with full mower suspension for less fatigue. And trusted reliability, built for the demands of commercial use, only from [&#8230;]","protected":false},"featured_media":520,"comment_status":"open","ping_status":"closed","template":"","meta":[],"product_brand":[],"product_cat":[48],"product_tag":[96,94,95],"class_list":{"0":"post-519","1":"product","2":"type-product","3":"status-publish","4":"has-post-thumbnail","6":"product_cat-honda-ztr-mowers","7":"product_tag-ohn-deere-zero-turn-mowers","8":"product_tag-used-ztr-mowers-for-sale","9":"product_tag-ztr-mowers-for-sale","11":"first","12":"instock","13":"shipping-taxable","14":"purchasable","15":"product-type-simple"},"yoast_head":"<!-- This site is optimized with the Yoast SEO Premium plugin v26.2 (Yoast SEO v26.2) - https:\/\/yoast.com\/wordpress\/plugins\/seo\/ -->\n<title>ZTR Mowers - HONDA POWER EQUIPMENT<\/title>\n<meta name=\"description\" content=\"Order Honda&#039;s new battery-powered Zero Turn ZTR Mowers. Premium power, best-in-class cut quality, maximum comfort, and trusted reliability.\" \/>\n<meta name=\"robots\" content=\"index, follow, max-snippet:-1, max-image-preview:large, max-video-preview:-1\" \/>\n<link rel=\"canonical\" href=\"https:\/\/hondapowertools.com\/de\/produkt\/ztr-mowers\/\" \/>\n<meta property=\"og:locale\" content=\"de_DE\" \/>\n<meta property=\"og:type\" content=\"article\" \/>\n<meta property=\"og:title\" content=\"ZTR Mowers\" \/>\n<meta property=\"og:description\" content=\"Order Honda&#039;s new battery-powered Zero Turn ZTR Mowers. Premium power, best-in-class cut quality, maximum comfort, and trusted reliability.\" \/>\n<meta property=\"og:url\" content=\"https:\/\/hondapowertools.com\/de\/produkt\/ztr-mowers\/\" \/>\n<meta property=\"og:site_name\" content=\"HONDA POWER EQUIPMENT\" \/>\n<meta property=\"article:modified_time\" content=\"2025-02-09T09:47:12+00:00\" \/>\n<meta name=\"twitter:card\" content=\"summary_large_image\" \/>\n<meta name=\"twitter:label1\" content=\"Gesch\u00e4tzte Lesezeit\" \/>\n\t<meta name=\"twitter:data1\" content=\"2\u00a0Minuten\" \/>\n<script type=\"application\/ld+json\" class=\"yoast-schema-graph\">{\"@context\":\"https:\/\/schema.org\",\"@graph\":[{\"@type\":\"WebPage\",\"@id\":\"https:\/\/hondapowertools.com\/product\/ztr-mowers\/\",\"url\":\"https:\/\/hondapowertools.com\/product\/ztr-mowers\/\",\"name\":\"ZTR Mowers - HONDA POWER EQUIPMENT\",\"isPartOf\":{\"@id\":\"https:\/\/hondapowertools.com\/#website\"},\"primaryImageOfPage\":{\"@id\":\"https:\/\/hondapowertools.com\/product\/ztr-mowers\/#primaryimage\"},\"image\":{\"@id\":\"https:\/\/hondapowertools.com\/product\/ztr-mowers\/#primaryimage\"},\"thumbnailUrl\":\"https:\/\/hondapowertools.com\/wp-content\/uploads\/2025\/02\/HZ60SXB_Seat_Lever.avif\",\"datePublished\":\"2025-02-09T09:47:11+00:00\",\"dateModified\":\"2025-02-09T09:47:12+00:00\",\"description\":\"Order Honda's new battery-powered Zero Turn ZTR Mowers. Premium power, best-in-class cut quality, maximum comfort, and trusted reliability.\",\"breadcrumb\":{\"@id\":\"https:\/\/hondapowertools.com\/product\/ztr-mowers\/#breadcrumb\"},\"inLanguage\":\"de\",\"potentialAction\":[{\"@type\":\"ReadAction\",\"target\":[\"https:\/\/hondapowertools.com\/product\/ztr-mowers\/\"]}]},{\"@type\":\"ImageObject\",\"inLanguage\":\"de\",\"@id\":\"https:\/\/hondapowertools.com\/product\/ztr-mowers\/#primaryimage\",\"url\":\"https:\/\/hondapowertools.com\/wp-content\/uploads\/2025\/02\/HZ60SXB_Seat_Lever.avif\",\"contentUrl\":\"https:\/\/hondapowertools.com\/wp-content\/uploads\/2025\/02\/HZ60SXB_Seat_Lever.avif\",\"width\":700,\"height\":700,\"caption\":\"ZTR Mowers\"},{\"@type\":\"BreadcrumbList\",\"@id\":\"https:\/\/hondapowertools.com\/product\/ztr-mowers\/#breadcrumb\",\"itemListElement\":[{\"@type\":\"ListItem\",\"position\":1,\"name\":\"Home\",\"item\":\"https:\/\/hondapowertools.com\/\"},{\"@type\":\"ListItem\",\"position\":2,\"name\":\"Shop\",\"item\":\"https:\/\/hondapowertools.com\/?page_id=10\"},{\"@type\":\"ListItem\",\"position\":3,\"name\":\"ZTR Mowers\"}]},{\"@type\":\"WebSite\",\"@id\":\"https:\/\/hondapowertools.com\/#website\",\"url\":\"https:\/\/hondapowertools.com\/\",\"name\":\"HONDA POWER EQUIPMENTS\",\"description\":\"Honda Power Equipment\",\"publisher\":{\"@id\":\"https:\/\/hondapowertools.com\/#organization\"},\"potentialAction\":[{\"@type\":\"SearchAction\",\"target\":{\"@type\":\"EntryPoint\",\"urlTemplate\":\"https:\/\/hondapowertools.com\/?s={search_term_string}\"},\"query-input\":{\"@type\":\"PropertyValueSpecification\",\"valueRequired\":true,\"valueName\":\"search_term_string\"}}],\"inLanguage\":\"de\"},{\"@type\":\"Organization\",\"@id\":\"https:\/\/hondapowertools.com\/#organization\",\"name\":\"HONDA POWER TOOLS\",\"alternateName\":\"HONDA POWER EQUIPMENT\",\"url\":\"https:\/\/hondapowertools.com\/\",\"logo\":{\"@type\":\"ImageObject\",\"inLanguage\":\"de\",\"@id\":\"https:\/\/hondapowertools.com\/#\/schema\/logo\/image\/\",\"url\":\"https:\/\/hondapowertools.com\/wp-content\/uploads\/2025\/02\/cropped-honda-power-equipment-logo.png\",\"contentUrl\":\"https:\/\/hondapowertools.com\/wp-content\/uploads\/2025\/02\/cropped-honda-power-equipment-logo.png\",\"width\":290,\"height\":70,\"caption\":\"HONDA POWER TOOLS\"},\"image\":{\"@id\":\"https:\/\/hondapowertools.com\/#\/schema\/logo\/image\/\"}}]}<\/script>\n<!-- \/ Yoast SEO Premium plugin. -->","yoast_head_json":{"title":"ZTR Mowers - HONDA POWER EQUIPMENT","description":"Order Honda's new battery-powered Zero Turn ZTR Mowers. Premium power, best-in-class cut quality, maximum comfort, and trusted reliability.","robots":{"index":"index","follow":"follow","max-snippet":"max-snippet:-1","max-image-preview":"max-image-preview:large","max-video-preview":"max-video-preview:-1"},"canonical":"https:\/\/hondapowertools.com\/de\/produkt\/ztr-mowers\/","og_locale":"de_DE","og_type":"article","og_title":"ZTR Mowers","og_description":"Order Honda's new battery-powered Zero Turn ZTR Mowers. Premium power, best-in-class cut quality, maximum comfort, and trusted reliability.","og_url":"https:\/\/hondapowertools.com\/de\/produkt\/ztr-mowers\/","og_site_name":"HONDA POWER EQUIPMENT","article_modified_time":"2025-02-09T09:47:12+00:00","twitter_card":"summary_large_image","twitter_misc":{"Gesch\u00e4tzte Lesezeit":"2\u00a0Minuten"},"schema":{"@context":"https:\/\/schema.org","@graph":[{"@type":"WebPage","@id":"https:\/\/hondapowertools.com\/product\/ztr-mowers\/","url":"https:\/\/hondapowertools.com\/product\/ztr-mowers\/","name":"ZTR Mowers - HONDA POWER EQUIPMENT","isPartOf":{"@id":"https:\/\/hondapowertools.com\/#website"},"primaryImageOfPage":{"@id":"https:\/\/hondapowertools.com\/product\/ztr-mowers\/#primaryimage"},"image":{"@id":"https:\/\/hondapowertools.com\/product\/ztr-mowers\/#primaryimage"},"thumbnailUrl":"https:\/\/hondapowertools.com\/wp-content\/uploads\/2025\/02\/HZ60SXB_Seat_Lever.avif","datePublished":"2025-02-09T09:47:11+00:00","dateModified":"2025-02-09T09:47:12+00:00","description":"Order Honda's new battery-powered Zero Turn ZTR Mowers. Premium power, best-in-class cut quality, maximum comfort, and trusted reliability.","breadcrumb":{"@id":"https:\/\/hondapowertools.com\/product\/ztr-mowers\/#breadcrumb"},"inLanguage":"de","potentialAction":[{"@type":"ReadAction","target":["https:\/\/hondapowertools.com\/product\/ztr-mowers\/"]}]},{"@type":"ImageObject","inLanguage":"de","@id":"https:\/\/hondapowertools.com\/product\/ztr-mowers\/#primaryimage","url":"https:\/\/hondapowertools.com\/wp-content\/uploads\/2025\/02\/HZ60SXB_Seat_Lever.avif","contentUrl":"https:\/\/hondapowertools.com\/wp-content\/uploads\/2025\/02\/HZ60SXB_Seat_Lever.avif","width":700,"height":700,"caption":"ZTR Mowers"},{"@type":"BreadcrumbList","@id":"https:\/\/hondapowertools.com\/product\/ztr-mowers\/#breadcrumb","itemListElement":[{"@type":"ListItem","position":1,"name":"Home","item":"https:\/\/hondapowertools.com\/"},{"@type":"ListItem","position":2,"name":"Shop","item":"https:\/\/hondapowertools.com\/?page_id=10"},{"@type":"ListItem","position":3,"name":"ZTR Mowers"}]},{"@type":"WebSite","@id":"https:\/\/hondapowertools.com\/#website","url":"https:\/\/hondapowertools.com\/","name":"HONDA POWER EQUIPMENTS","description":"Honda Power Equipment","publisher":{"@id":"https:\/\/hondapowertools.com\/#organization"},"potentialAction":[{"@type":"SearchAction","target":{"@type":"EntryPoint","urlTemplate":"https:\/\/hondapowertools.com\/?s={search_term_string}"},"query-input":{"@type":"PropertyValueSpecification","valueRequired":true,"valueName":"search_term_string"}}],"inLanguage":"de"},{"@type":"Organization","@id":"https:\/\/hondapowertools.com\/#organization","name":"HONDA POWER TOOLS","alternateName":"HONDA POWER EQUIPMENT","url":"https:\/\/hondapowertools.com\/","logo":{"@type":"ImageObject","inLanguage":"de","@id":"https:\/\/hondapowertools.com\/#\/schema\/logo\/image\/","url":"https:\/\/hondapowertools.com\/wp-content\/uploads\/2025\/02\/cropped-honda-power-equipment-logo.png","contentUrl":"https:\/\/hondapowertools.com\/wp-content\/uploads\/2025\/02\/cropped-honda-power-equipment-logo.png","width":290,"height":70,"caption":"HONDA POWER TOOLS"},"image":{"@id":"https:\/\/hondapowertools.com\/#\/schema\/logo\/image\/"}}]}},"_links":{"self":[{"href":"https:\/\/hondapowertools.com\/de\/wp-json\/wp\/v2\/product\/519","targetHints":{"allow":["GET"]}}],"collection":[{"href":"https:\/\/hondapowertools.com\/de\/wp-json\/wp\/v2\/product"}],"about":[{"href":"https:\/\/hondapowertools.com\/de\/wp-json\/wp\/v2\/types\/product"}],"replies":[{"embeddable":true,"href":"https:\/\/hondapowertools.com\/de\/wp-json\/wp\/v2\/comments?post=519"}],"wp:featuredmedia":[{"embeddable":true,"href":"https:\/\/hondapowertools.com\/de\/wp-json\/wp\/v2\/media\/520"}],"wp:attachment":[{"href":"https:\/\/hondapowertools.com\/de\/wp-json\/wp\/v2\/media?parent=519"}],"wp:term":[{"taxonomy":"product_brand","embeddable":true,"href":"https:\/\/hondapowertools.com\/de\/wp-json\/wp\/v2\/product_brand?post=519"},{"taxonomy":"product_cat","embeddable":true,"href":"https:\/\/hondapowertools.com\/de\/wp-json\/wp\/v2\/product_cat?post=519"},{"taxonomy":"product_tag","embeddable":true,"href":"https:\/\/hondapowertools.com\/de\/wp-json\/wp\/v2\/product_tag?post=519"}],"curies":[{"name":"wp","href":"https:\/\/api.w.org\/{rel}","templated":true}]}}