{"id":582,"date":"2025-02-09T14:11:18","date_gmt":"2025-02-09T14:11:18","guid":{"rendered":"https:\/\/hondapowertools.com\/?post_type=product&#038;p=582"},"modified":"2025-02-09T14:12:00","modified_gmt":"2025-02-09T14:12:00","slug":"trimmer-attachment","status":"publish","type":"product","link":"https:\/\/hondapowertools.com\/de\/produkt\/trimmer-attachment\/","title":{"rendered":"Trimmeraufsatz"},"content":{"rendered":"<div id=\"Features\" class=\"anchor2 container g-py-0\">\n<div class=\"row\">\n<div class=\"col-lg-2 featimg text-center g-pa-10 g-mb-0 g-font-weight-600\"><img decoding=\"async\" class=\"img-fluid\" src=\"https:\/\/services.powerequipment.honda.com\/content\/images\/pe\/models\/features\/thumbs\/versattach_ssst_trimmer_attachment.jpg\" alt=\"Superior trimming performance\" \/><\/div>\n<div class=\"col-lg-4 g-pa-10 g-mb-0\">\n<p><span class=\"g-color-black g-font-weight-700\">Superior trimming performance<\/span>The trimmer attachment makes your VersAttach powerhead into a heavy duty trimmer. Whether you are using it for residential or commercial use, you&#8217;ll find the trimmer offers plenty of power and superior performance, even on tough jobs.<\/p>\n<\/div>\n<div class=\"col-lg-2 featimg text-center g-pa-10 g-mb-0 g-font-weight-600\"><img decoding=\"async\" class=\"img-fluid\" style=\"box-sizing: border-box; vertical-align: middle; border-style: none; max-width: 100%; height: auto;\" src=\"https:\/\/services.powerequipment.honda.com\/content\/images\/pe\/models\/features\/thumbs\/versattach_all_attachments.jpg\" alt=\"Multi-tool flexibility: VersAttach&lt;sup&gt;&amp;reg;&lt;\/sup&gt; System\" \/><\/div>\n<div class=\"col-lg-4 g-pa-10 g-mb-0\">\n<p><span class=\"g-color-black g-font-weight-700\">Flexibilit\u00e4t mit mehreren Werkzeugen: VersAttach<sup>\u00ae<\/sup>\u00a0System<\/span>The trimmer attachment is part of Honda&#8217;s exclusive VersAttach System. It is interchangeable with any of 5 other options: edger, pruner, hedge trimmer, cultivator, and blower.<\/p>\n<\/div>\n<div class=\"col-lg-2 featimg text-center g-pa-10 g-mb-0 g-font-weight-600\"><img decoding=\"async\" class=\"img-fluid\" src=\"https:\/\/services.powerequipment.honda.com\/content\/images\/pe\/models\/features\/thumbs\/attach_umc425.jpg\" alt=\"Pairs with both the UMC425 and UMC435 Powerheads\" \/><\/div>\n<div class=\"col-lg-4 g-pa-10 g-mb-0\">\n<p><span class=\"g-color-black g-font-weight-700\">Kombinierbar mit den Antriebsk\u00f6pfen UMC425 und UMC435<\/span>The trimmer attachment connects with either Honda VersAttach powerhead for instant power.<\/p>\n<\/div>\n<div class=\"col-lg-2 featimg text-center g-pa-10 g-mb-0 g-font-weight-600\"><img decoding=\"async\" class=\"img-fluid\" style=\"box-sizing: border-box; vertical-align: middle; border-style: none; max-width: 100%; height: auto;\" src=\"https:\/\/services.powerequipment.honda.com\/content\/images\/pe\/models\/features\/thumbs\/sureloc_demo.jpg\" alt=\"SureLoc&lt;sup&gt;&amp;reg;&lt;\/sup&gt; System: Twist, lock, and go!\" \/><\/div>\n<div class=\"col-lg-4 g-pa-10 g-mb-0\">\n<p><span class=\"g-color-black g-font-weight-700\">SureLoc<sup>\u00ae<\/sup>\u00a0System: Drehen, verriegeln und los!<\/span>Das innovative SureLoc-Verriegelungssystem macht es einfach, Anbauger\u00e4te sicher zu verbinden. Einfach dr\u00fccken und klicken, um das Anbauger\u00e4t zu verriegeln. Es wird kein Werkzeug ben\u00f6tigt! Mit SureLoc m\u00fcssen Sie nicht mehr raten, ob das Anbauger\u00e4t richtig am Antriebskopf befestigt ist.<\/p>\n<\/div>\n<div class=\"col-lg-2 featimg text-center g-pa-10 g-mb-0 g-font-weight-600\"><\/div>\n<div class=\"col-lg-4 g-pa-10 g-mb-0\">\n<p><span class=\"g-color-black g-font-weight-700\">Praktischer Befestigungshaken f\u00fcr die Aufbewahrung<\/span>Jeder VersAttach-Aufsatz wird mit einem praktischen Haken zur einfachen Aufbewahrung geliefert. Die Kappe verhindert au\u00dferdem, dass sich Schmutz und Staub in der Verzahnung ansammeln.<\/p>\n<\/div>\n<div class=\"col-lg-2 featimg text-center g-pa-10 g-mb-0 g-font-weight-600\"><\/div>\n<div class=\"col-lg-4 g-pa-10 g-mb-0\">\n<p><span class=\"g-color-black g-font-weight-700\">Reinforced metallic insert<\/span>The nylon cutting head includes a reinforced metallic insert, for additional durability.<\/p>\n<\/div>\n<div class=\"col-lg-2 featimg text-center g-pa-10 g-mb-0 g-font-weight-600\"><\/div>\n<div class=\"col-lg-4 g-pa-10 g-mb-0\">\n<p><span class=\"g-color-black g-font-weight-700\">16.5&#8243; Cutting Diameter<\/span>Cuts a wide swath to get the job done quickly.<\/p>\n<\/div>\n<div class=\"col-lg-2 featimg text-center g-pa-10 g-mb-0 g-font-weight-600\"><img decoding=\"async\" class=\"img-fluid\" src=\"https:\/\/services.powerequipment.honda.com\/content\/images\/pe\/models\/features\/thumbs\/versattach_ssst_trimmer_closeup.jpg\" alt=\"2 line Bump Feed Head\" \/><\/div>\n<div class=\"col-lg-4 g-pa-10 g-mb-0\">\n<p><span class=\"g-color-black g-font-weight-700\">2 line Bump Feed Head<\/span>Tap &amp; go functionality makes it easy and convenient to add more line.<\/p>\n<\/div>\n<div class=\"col-lg-2 featimg text-center g-pa-10 g-mb-0 g-font-weight-600\"><img decoding=\"async\" class=\"img-fluid\" src=\"https:\/\/services.powerequipment.honda.com\/content\/images\/pe\/models\/features\/thumbs\/360_engine.jpg\" alt=\"Use and store in any position\" \/><\/div>\n<div class=\"col-lg-4 g-pa-10 g-mb-0\">\n<p><span class=\"g-color-black g-font-weight-700\">Verwendung und Lagerung in jeder Position<\/span>Hondas einzigartiger, um 360 Grad neigbarer Motor kann in jeder Position verwendet, gedreht und gelagert werden.<\/p>\n<\/div>\n<div class=\"col-lg-2 featimg text-center g-pa-10 g-mb-0 g-font-weight-600\"><\/div>\n<div class=\"col-lg-4 g-pa-10 g-mb-0\">\n<p><span class=\"g-color-black g-font-weight-700\">Schnelle Beschleunigung und ausgezeichnetes Drehmoment f\u00fcr anspruchsvolle Aufgaben<\/span>Entwickelt f\u00fcr schwierige Aufgaben, ohne zu stocken. Dank des starken Drehmoments im unteren Drehzahlbereich k\u00f6nnen viele Arbeiten mit Teilgas ausgef\u00fchrt werden, was die Kraftstoffeffizienz erh\u00f6ht.<\/p>\n<\/div>\n<\/div>\n<\/div>\n<div id=\"Specs\" class=\"anchor2 container g-py-0\">\n<div class=\"col-lg-12 g-pa-0\">\n<div class=\"u-heading-v3-1 g-bg-main g-brd-main u-heading-v3-1 g-bg-main g-brd-main g-my-30 col-lg-12 g-pa-0\">\n<h2 class=\"h3 u-heading-v3__title\">Spezifikationen<\/h2>\n<\/div>\n<div class=\"g-pt-30 container\">\n<div class=\"col-lg-12 g-pa-0\">\n<div class=\"col-lg-12 g-brd-bottom g-brd-gray-light-v4 g-pt-0 g-pb-20 g-mb-0\"><span class=\"g-font-weight-600\">Abmessungen (LxBxH)<\/span><span class=\"pull-right w-50\">28.5 x 12.2 x 7.9 in.<\/span><\/div>\n<\/div>\n<\/div>\n<div class=\"g-pt-30 container\">\n<div class=\"col-lg-12 g-pa-0\">\n<div class=\"col-lg-12 g-brd-bottom g-brd-gray-light-v4 g-pt-0 g-pb-20 g-mb-0\"><span class=\"g-font-weight-600\">Gewicht<\/span><span class=\"pull-right w-50\">3.1 lbs(1.4kg)<\/span><\/div>\n<\/div>\n<\/div>\n<div class=\"g-pt-30 container\">\n<div class=\"col-lg-12 g-pa-0\">\n<div class=\"col-lg-12 g-brd-bottom g-brd-gray-light-v4 g-pt-0 g-pb-20 g-mb-0\"><span class=\"g-font-weight-600\">Cutting Swatch<\/span><span class=\"pull-right w-50\">16.5 inch<\/span><\/div>\n<\/div>\n<\/div>\n<div class=\"g-pt-30 container\">\n<div class=\"col-lg-12 g-pa-0\">\n<div class=\"col-lg-12 g-brd-bottom g-brd-gray-light-v4 g-pt-0 g-pb-20 g-mb-0\"><span class=\"g-font-weight-600\">Driveshaft Type<\/span><span class=\"pull-right w-50\">Solid Steel<\/span><\/div>\n<\/div>\n<\/div>\n<div class=\"g-pt-30 container\">\n<div class=\"col-lg-12 g-pa-0\">\n<div class=\"col-lg-12 g-brd-bottom g-brd-gray-light-v4 g-pt-0 g-pb-20 g-mb-0\"><span class=\"g-font-weight-600\">Maximum Spindle Speed<\/span><span class=\"pull-right w-50\">6900 RPM<\/span><\/div>\n<\/div>\n<\/div>\n<div class=\"g-pt-30 container\">\n<div class=\"col-lg-12 g-pa-0\">\n<div class=\"col-lg-12 g-brd-bottom g-brd-gray-light-v4 g-pt-0 g-pb-20 g-mb-0\"><span class=\"g-font-weight-600\">Head Type<\/span><span class=\"pull-right w-50\">2-Line Bump-Feed<\/span><\/div>\n<\/div>\n<\/div>\n<div class=\"g-pt-30 container\">\n<div class=\"col-lg-12 g-pa-0\">\n<div class=\"col-lg-12 g-brd-bottom g-brd-gray-light-v4 g-pt-0 g-pb-20 g-mb-0\"><span class=\"g-font-weight-600\">Trimmer Line Diameter<\/span><span class=\"pull-right w-50\">0.105 inch<\/span><\/div>\n<\/div>\n<\/div>\n<div class=\"g-pt-30 container\">\n<div class=\"col-lg-12 g-pa-0\">\n<div class=\"col-lg-12 g-brd-bottom g-brd-gray-light-v4 g-pt-0 g-pb-20 g-mb-0\"><span class=\"g-font-weight-600\">Garantie f\u00fcr Wohngeb\u00e4ude<\/span><span class=\"pull-right w-50\">24 Monate<\/span><\/div>\n<\/div>\n<\/div>\n<div class=\"g-pt-30 container\">\n<div class=\"col-lg-12 g-pa-0\">\n<div class=\"col-lg-12 g-brd-bottom g-brd-gray-light-v4 g-pt-0 g-pb-20 g-mb-0\"><span class=\"g-font-weight-600\">Kommerzielle Garantie<\/span><span class=\"pull-right w-50\">12 Monate<\/span><\/div>\n<\/div>\n<\/div>\n<div class=\"g-pt-30 container\"><\/div>\n<\/div>\n<\/div>","protected":false},"excerpt":{"rendered":"<ul class=\"g-ml-0 g-pl-20\">\n<li>Superior trimming performance<\/li>\n<li>VersAttach<sup>\u00ae<\/sup>\u00a0System - Multitool-Flexibilit\u00e4t<\/li>\n<li>Kombinierbar mit den Antriebsk\u00f6pfen UMC425 und UMC435<\/li>\n<\/ul>","protected":false},"featured_media":583,"comment_status":"open","ping_status":"closed","template":"","meta":[],"product_brand":[],"product_cat":[47],"product_tag":[],"class_list":{"0":"post-582","1":"product","2":"type-product","3":"status-publish","4":"has-post-thumbnail","6":"product_cat-honda-trimmers","8":"first","9":"instock","10":"shipping-taxable","11":"purchasable","12":"product-type-simple"},"yoast_head":"<!-- This site is optimized with the Yoast SEO Premium plugin v26.2 (Yoast SEO v26.2) - https:\/\/yoast.com\/wordpress\/plugins\/seo\/ -->\n<title>Trimmer Attachment - HONDA POWER EQUIPMENT<\/title>\n<meta name=\"description\" content=\"The trimmer attachment is part of Honda&#039;s VersAttach\u00ae System. The trimmer attachment makes your VersAttach\u00ae powerhead into a heavy duty trimmer.\" \/>\n<meta name=\"robots\" content=\"index, follow, max-snippet:-1, max-image-preview:large, max-video-preview:-1\" \/>\n<link rel=\"canonical\" href=\"https:\/\/hondapowertools.com\/de\/tuote\/trimmer-attachment\/\" \/>\n<meta property=\"og:locale\" content=\"de_DE\" \/>\n<meta property=\"og:type\" content=\"article\" \/>\n<meta property=\"og:title\" content=\"Trimmer Attachment\" \/>\n<meta property=\"og:description\" content=\"The trimmer attachment is part of Honda&#039;s VersAttach\u00ae System. The trimmer attachment makes your VersAttach\u00ae powerhead into a heavy duty trimmer.\" \/>\n<meta property=\"og:url\" content=\"https:\/\/hondapowertools.com\/de\/tuote\/trimmer-attachment\/\" \/>\n<meta property=\"og:site_name\" content=\"HONDA POWER EQUIPMENT\" \/>\n<meta property=\"article:modified_time\" content=\"2025-02-09T14:12:00+00:00\" \/>\n<meta property=\"og:image\" content=\"https:\/\/hondapowertools.com\/wp-content\/uploads\/2025\/02\/ssst_pe_imglg.jpg\" \/>\n\t<meta property=\"og:image:width\" content=\"1100\" \/>\n\t<meta property=\"og:image:height\" content=\"1100\" \/>\n\t<meta property=\"og:image:type\" content=\"image\/jpeg\" \/>\n<meta name=\"twitter:card\" content=\"summary_large_image\" \/>\n<meta name=\"twitter:label1\" content=\"Gesch\u00e4tzte Lesezeit\" \/>\n\t<meta name=\"twitter:data1\" content=\"3\u00a0Minuten\" \/>\n<script type=\"application\/ld+json\" class=\"yoast-schema-graph\">{\"@context\":\"https:\/\/schema.org\",\"@graph\":[{\"@type\":\"WebPage\",\"@id\":\"https:\/\/hondapowertools.com\/fi\/tuote\/trimmer-attachment\/\",\"url\":\"https:\/\/hondapowertools.com\/fi\/tuote\/trimmer-attachment\/\",\"name\":\"Trimmer Attachment - HONDA POWER EQUIPMENT\",\"isPartOf\":{\"@id\":\"https:\/\/hondapowertools.com\/#website\"},\"primaryImageOfPage\":{\"@id\":\"https:\/\/hondapowertools.com\/fi\/tuote\/trimmer-attachment\/#primaryimage\"},\"image\":{\"@id\":\"https:\/\/hondapowertools.com\/fi\/tuote\/trimmer-attachment\/#primaryimage\"},\"thumbnailUrl\":\"https:\/\/hondapowertools.com\/wp-content\/uploads\/2025\/02\/ssst_pe_imglg.jpg\",\"datePublished\":\"2025-02-09T14:11:18+00:00\",\"dateModified\":\"2025-02-09T14:12:00+00:00\",\"description\":\"The trimmer attachment is part of Honda's VersAttach\u00ae System. The trimmer attachment makes your VersAttach\u00ae powerhead into a heavy duty trimmer.\",\"breadcrumb\":{\"@id\":\"https:\/\/hondapowertools.com\/fi\/tuote\/trimmer-attachment\/#breadcrumb\"},\"inLanguage\":\"de\",\"potentialAction\":[{\"@type\":\"ReadAction\",\"target\":[\"https:\/\/hondapowertools.com\/fi\/tuote\/trimmer-attachment\/\"]}]},{\"@type\":\"ImageObject\",\"inLanguage\":\"de\",\"@id\":\"https:\/\/hondapowertools.com\/fi\/tuote\/trimmer-attachment\/#primaryimage\",\"url\":\"https:\/\/hondapowertools.com\/wp-content\/uploads\/2025\/02\/ssst_pe_imglg.jpg\",\"contentUrl\":\"https:\/\/hondapowertools.com\/wp-content\/uploads\/2025\/02\/ssst_pe_imglg.jpg\",\"width\":1100,\"height\":1100,\"caption\":\"Trimmer Attachment\"},{\"@type\":\"BreadcrumbList\",\"@id\":\"https:\/\/hondapowertools.com\/fi\/tuote\/trimmer-attachment\/#breadcrumb\",\"itemListElement\":[{\"@type\":\"ListItem\",\"position\":1,\"name\":\"Home\",\"item\":\"https:\/\/hondapowertools.com\/\"},{\"@type\":\"ListItem\",\"position\":2,\"name\":\"Shop\",\"item\":\"https:\/\/hondapowertools.com\/?page_id=10\"},{\"@type\":\"ListItem\",\"position\":3,\"name\":\"Trimmer Attachment\"}]},{\"@type\":\"WebSite\",\"@id\":\"https:\/\/hondapowertools.com\/#website\",\"url\":\"https:\/\/hondapowertools.com\/\",\"name\":\"HONDA POWER EQUIPMENTS\",\"description\":\"Honda Power Equipment\",\"publisher\":{\"@id\":\"https:\/\/hondapowertools.com\/#organization\"},\"potentialAction\":[{\"@type\":\"SearchAction\",\"target\":{\"@type\":\"EntryPoint\",\"urlTemplate\":\"https:\/\/hondapowertools.com\/?s={search_term_string}\"},\"query-input\":{\"@type\":\"PropertyValueSpecification\",\"valueRequired\":true,\"valueName\":\"search_term_string\"}}],\"inLanguage\":\"de\"},{\"@type\":\"Organization\",\"@id\":\"https:\/\/hondapowertools.com\/#organization\",\"name\":\"HONDA POWER TOOLS\",\"alternateName\":\"HONDA POWER EQUIPMENT\",\"url\":\"https:\/\/hondapowertools.com\/\",\"logo\":{\"@type\":\"ImageObject\",\"inLanguage\":\"de\",\"@id\":\"https:\/\/hondapowertools.com\/#\/schema\/logo\/image\/\",\"url\":\"https:\/\/hondapowertools.com\/wp-content\/uploads\/2025\/02\/cropped-honda-power-equipment-logo.png\",\"contentUrl\":\"https:\/\/hondapowertools.com\/wp-content\/uploads\/2025\/02\/cropped-honda-power-equipment-logo.png\",\"width\":290,\"height\":70,\"caption\":\"HONDA POWER TOOLS\"},\"image\":{\"@id\":\"https:\/\/hondapowertools.com\/#\/schema\/logo\/image\/\"}}]}<\/script>\n<!-- \/ Yoast SEO Premium plugin. -->","yoast_head_json":{"title":"Trimmer Attachment - HONDA POWER EQUIPMENT","description":"The trimmer attachment is part of Honda's VersAttach\u00ae System. The trimmer attachment makes your VersAttach\u00ae powerhead into a heavy duty trimmer.","robots":{"index":"index","follow":"follow","max-snippet":"max-snippet:-1","max-image-preview":"max-image-preview:large","max-video-preview":"max-video-preview:-1"},"canonical":"https:\/\/hondapowertools.com\/de\/tuote\/trimmer-attachment\/","og_locale":"de_DE","og_type":"article","og_title":"Trimmer Attachment","og_description":"The trimmer attachment is part of Honda's VersAttach\u00ae System. The trimmer attachment makes your VersAttach\u00ae powerhead into a heavy duty trimmer.","og_url":"https:\/\/hondapowertools.com\/de\/tuote\/trimmer-attachment\/","og_site_name":"HONDA POWER EQUIPMENT","article_modified_time":"2025-02-09T14:12:00+00:00","og_image":[{"width":1100,"height":1100,"url":"https:\/\/hondapowertools.com\/wp-content\/uploads\/2025\/02\/ssst_pe_imglg.jpg","type":"image\/jpeg"}],"twitter_card":"summary_large_image","twitter_misc":{"Gesch\u00e4tzte Lesezeit":"3\u00a0Minuten"},"schema":{"@context":"https:\/\/schema.org","@graph":[{"@type":"WebPage","@id":"https:\/\/hondapowertools.com\/fi\/tuote\/trimmer-attachment\/","url":"https:\/\/hondapowertools.com\/fi\/tuote\/trimmer-attachment\/","name":"Trimmer Attachment - HONDA POWER EQUIPMENT","isPartOf":{"@id":"https:\/\/hondapowertools.com\/#website"},"primaryImageOfPage":{"@id":"https:\/\/hondapowertools.com\/fi\/tuote\/trimmer-attachment\/#primaryimage"},"image":{"@id":"https:\/\/hondapowertools.com\/fi\/tuote\/trimmer-attachment\/#primaryimage"},"thumbnailUrl":"https:\/\/hondapowertools.com\/wp-content\/uploads\/2025\/02\/ssst_pe_imglg.jpg","datePublished":"2025-02-09T14:11:18+00:00","dateModified":"2025-02-09T14:12:00+00:00","description":"The trimmer attachment is part of Honda's VersAttach\u00ae System. The trimmer attachment makes your VersAttach\u00ae powerhead into a heavy duty trimmer.","breadcrumb":{"@id":"https:\/\/hondapowertools.com\/fi\/tuote\/trimmer-attachment\/#breadcrumb"},"inLanguage":"de","potentialAction":[{"@type":"ReadAction","target":["https:\/\/hondapowertools.com\/fi\/tuote\/trimmer-attachment\/"]}]},{"@type":"ImageObject","inLanguage":"de","@id":"https:\/\/hondapowertools.com\/fi\/tuote\/trimmer-attachment\/#primaryimage","url":"https:\/\/hondapowertools.com\/wp-content\/uploads\/2025\/02\/ssst_pe_imglg.jpg","contentUrl":"https:\/\/hondapowertools.com\/wp-content\/uploads\/2025\/02\/ssst_pe_imglg.jpg","width":1100,"height":1100,"caption":"Trimmer Attachment"},{"@type":"BreadcrumbList","@id":"https:\/\/hondapowertools.com\/fi\/tuote\/trimmer-attachment\/#breadcrumb","itemListElement":[{"@type":"ListItem","position":1,"name":"Home","item":"https:\/\/hondapowertools.com\/"},{"@type":"ListItem","position":2,"name":"Shop","item":"https:\/\/hondapowertools.com\/?page_id=10"},{"@type":"ListItem","position":3,"name":"Trimmer Attachment"}]},{"@type":"WebSite","@id":"https:\/\/hondapowertools.com\/#website","url":"https:\/\/hondapowertools.com\/","name":"HONDA POWER EQUIPMENTS","description":"Honda Power Equipment","publisher":{"@id":"https:\/\/hondapowertools.com\/#organization"},"potentialAction":[{"@type":"SearchAction","target":{"@type":"EntryPoint","urlTemplate":"https:\/\/hondapowertools.com\/?s={search_term_string}"},"query-input":{"@type":"PropertyValueSpecification","valueRequired":true,"valueName":"search_term_string"}}],"inLanguage":"de"},{"@type":"Organization","@id":"https:\/\/hondapowertools.com\/#organization","name":"HONDA POWER TOOLS","alternateName":"HONDA POWER EQUIPMENT","url":"https:\/\/hondapowertools.com\/","logo":{"@type":"ImageObject","inLanguage":"de","@id":"https:\/\/hondapowertools.com\/#\/schema\/logo\/image\/","url":"https:\/\/hondapowertools.com\/wp-content\/uploads\/2025\/02\/cropped-honda-power-equipment-logo.png","contentUrl":"https:\/\/hondapowertools.com\/wp-content\/uploads\/2025\/02\/cropped-honda-power-equipment-logo.png","width":290,"height":70,"caption":"HONDA POWER TOOLS"},"image":{"@id":"https:\/\/hondapowertools.com\/#\/schema\/logo\/image\/"}}]}},"_links":{"self":[{"href":"https:\/\/hondapowertools.com\/de\/wp-json\/wp\/v2\/product\/582","targetHints":{"allow":["GET"]}}],"collection":[{"href":"https:\/\/hondapowertools.com\/de\/wp-json\/wp\/v2\/product"}],"about":[{"href":"https:\/\/hondapowertools.com\/de\/wp-json\/wp\/v2\/types\/product"}],"replies":[{"embeddable":true,"href":"https:\/\/hondapowertools.com\/de\/wp-json\/wp\/v2\/comments?post=582"}],"wp:featuredmedia":[{"embeddable":true,"href":"https:\/\/hondapowertools.com\/de\/wp-json\/wp\/v2\/media\/583"}],"wp:attachment":[{"href":"https:\/\/hondapowertools.com\/de\/wp-json\/wp\/v2\/media?parent=582"}],"wp:term":[{"taxonomy":"product_brand","embeddable":true,"href":"https:\/\/hondapowertools.com\/de\/wp-json\/wp\/v2\/product_brand?post=582"},{"taxonomy":"product_cat","embeddable":true,"href":"https:\/\/hondapowertools.com\/de\/wp-json\/wp\/v2\/product_cat?post=582"},{"taxonomy":"product_tag","embeddable":true,"href":"https:\/\/hondapowertools.com\/de\/wp-json\/wp\/v2\/product_tag?post=582"}],"curies":[{"name":"wp","href":"https:\/\/api.w.org\/{rel}","templated":true}]}}