{"id":591,"date":"2025-02-09T14:28:06","date_gmt":"2025-02-09T14:28:06","guid":{"rendered":"https:\/\/hondapowertools.com\/?post_type=product&#038;p=591"},"modified":"2025-02-09T14:29:38","modified_gmt":"2025-02-09T14:29:38","slug":"hedge-trimmer-attachment-short","status":"publish","type":"product","link":"https:\/\/hondapowertools.com\/de\/produkt\/hedge-trimmer-attachment-short\/","title":{"rendered":"Heckenscherenaufsatz - kurz"},"content":{"rendered":"<div id=\"Features\" class=\"anchor2 container g-py-0\">\n<div class=\"row\">\n<div>\n<h2 class=\"product-title product_title entry-title\">HONDA Hedge Trimmer Attachment<\/h2>\n<\/div>\n<div>The short hedge trimmer attachment is part of Honda&#8217;s VersAttach\u00ae System. It is ideal for cutting and shaping shrubs and hedges.<\/div>\n<div><\/div>\n<div class=\"col-lg-2 featimg text-center g-pa-10 g-mb-0 g-font-weight-600\"><img decoding=\"async\" class=\"img-fluid\" style=\"box-sizing: border-box; vertical-align: middle; border-style: none; max-width: 100%; height: auto;\" src=\"https:\/\/services.powerequipment.honda.com\/content\/images\/pe\/models\/features\/thumbs\/sshh-s_hedgetrimmer_closeup.jpg\" alt=\"Converts your VersAttach&lt;sup&gt;&amp;reg;&lt;\/sup&gt; Powerhead into a hedge trimmer\" \/><\/div>\n<div class=\"col-lg-4 g-pa-10 g-mb-0\">\n<p><span class=\"g-color-black g-font-weight-700\">Konvertiert Ihr VersAttach<sup>\u00ae<\/sup>\u00a0Powerhead into a hedge trimmer<\/span>The hedge trimmer attachment makes your VersAttach powerhead into a heavy-duty hedge trimmer suitable for both residential and commercial use.<\/p>\n<\/div>\n<div class=\"col-lg-2 featimg text-center g-pa-10 g-mb-0 g-font-weight-600\"><img decoding=\"async\" class=\"img-fluid\" src=\"https:\/\/services.powerequipment.honda.com\/content\/images\/pe\/models\/features\/thumbs\/close-up-hedgetrimmer-action.jpg\" alt=\"Create perfect circular bushes and cornered hedges.\" \/><\/div>\n<div class=\"col-lg-4 g-pa-10 g-mb-0\">\n<p><span class=\"g-color-black g-font-weight-700\">Create perfect circular bushes and cornered hedges.<\/span>Whether you\u2019re shaping small bushes or taming tall hedges, the Versattach hedge trimmer attachment is right for the job. It includes an adjustable joint that pivots both left and right, to ensure comfort and maneuverability.<\/p>\n<\/div>\n<div class=\"col-lg-2 featimg text-center g-pa-10 g-mb-0 g-font-weight-600\"><img decoding=\"async\" class=\"img-fluid\" src=\"https:\/\/services.powerequipment.honda.com\/content\/images\/pe\/models\/features\/thumbs\/close-up-hedgetrimmer.jpg\" alt=\"Tough, double sided blades\" \/><\/div>\n<div class=\"col-lg-4 g-pa-10 g-mb-0\">\n<p><span class=\"g-color-black g-font-weight-700\">Tough, double-sided blades<\/span>The hedge trimmer&#8217;s blades are double-sided, making it easy to cut and sculpt by moving it left or right.<\/p>\n<\/div>\n<div class=\"col-lg-2 featimg text-center g-pa-10 g-mb-0 g-font-weight-600\"><img decoding=\"async\" class=\"img-fluid\" style=\"box-sizing: border-box; vertical-align: middle; border-style: none; max-width: 100%; height: auto;\" src=\"https:\/\/services.powerequipment.honda.com\/content\/images\/pe\/models\/features\/thumbs\/versattach_all_attachments.jpg\" alt=\"Multi-tool flexibility: VersAttach&lt;sup&gt;&amp;reg;&lt;\/sup&gt; System\" \/><\/div>\n<div class=\"col-lg-4 g-pa-10 g-mb-0\">\n<p><span class=\"g-color-black g-font-weight-700\">Flexibilit\u00e4t mit mehreren Werkzeugen: VersAttach<sup>\u00ae<\/sup>\u00a0System<\/span>The hedge trimmer attachment is part of Honda&#8217;s exclusive VersAttach System. It is interchangeable with any of 5 other options: trimmer, edger, pruner, cultivator, and blower.<\/p>\n<\/div>\n<div class=\"col-lg-2 featimg text-center g-pa-10 g-mb-0 g-font-weight-600\"><img decoding=\"async\" class=\"img-fluid\" src=\"https:\/\/services.powerequipment.honda.com\/content\/images\/pe\/models\/features\/thumbs\/attach_umc425.jpg\" alt=\"Pairs with both the UMC425 and UMC435 Powerheads\" \/><\/div>\n<div class=\"col-lg-4 g-pa-10 g-mb-0\">\n<p><span class=\"g-color-black g-font-weight-700\">Kombinierbar mit den Antriebsk\u00f6pfen UMC425 und UMC435<\/span>The hedge trimmer attachment connects with either Honda VersAttach powerhead for instant power.<\/p>\n<\/div>\n<div class=\"col-lg-2 featimg text-center g-pa-10 g-mb-0 g-font-weight-600\"><img decoding=\"async\" class=\"img-fluid\" style=\"box-sizing: border-box; vertical-align: middle; border-style: none; max-width: 100%; height: auto;\" src=\"https:\/\/services.powerequipment.honda.com\/content\/images\/pe\/models\/features\/thumbs\/sureloc_demo.jpg\" alt=\"SureLoc&lt;sup&gt;&amp;reg;&lt;\/sup&gt; System: Twist, lock, and go!\" \/><\/div>\n<div class=\"col-lg-4 g-pa-10 g-mb-0\">\n<p><span class=\"g-color-black g-font-weight-700\">SureLoc<sup>\u00ae<\/sup>\u00a0System: Drehen, verriegeln und los!<\/span>Das innovative SureLoc-Verriegelungssystem macht es einfach, Anbauger\u00e4te sicher zu verbinden. Einfach dr\u00fccken und klicken, um das Anbauger\u00e4t zu verriegeln. Es wird kein Werkzeug ben\u00f6tigt! Mit SureLoc m\u00fcssen Sie nicht mehr raten, ob das Anbauger\u00e4t richtig am Antriebskopf befestigt ist.<\/p>\n<p><a class=\"btn u-btn-primary colorbox light-box cboxElement\" title=\"\" href=\"https:\/\/powerequipment.honda.com\/trimmers\/sureloc\">Mehr erfahren<\/a><\/p>\n<\/div>\n<div class=\"col-lg-2 featimg text-center g-pa-10 g-mb-0 g-font-weight-600\"><\/div>\n<div class=\"col-lg-4 g-pa-10 g-mb-0\">\n<p><span class=\"g-color-black g-font-weight-700\">Praktischer Befestigungshaken f\u00fcr die Aufbewahrung<\/span>Jeder VersAttach-Aufsatz wird mit einem praktischen Haken zur einfachen Aufbewahrung geliefert. Die Kappe verhindert au\u00dferdem, dass sich Schmutz und Staub in der Verzahnung ansammeln.<\/p>\n<\/div>\n<div class=\"col-lg-2 featimg text-center g-pa-10 g-mb-0 g-font-weight-600\"><img decoding=\"async\" class=\"img-fluid\" src=\"https:\/\/services.powerequipment.honda.com\/content\/images\/pe\/models\/features\/thumbs\/360_engine.jpg\" alt=\"Use and store in any position\" \/><\/div>\n<div class=\"col-lg-4 g-pa-10 g-mb-0\">\n<p><span class=\"g-color-black g-font-weight-700\">Verwendung und Lagerung in jeder Position<\/span>Hondas einzigartiger, um 360 Grad neigbarer Motor kann in jeder Position verwendet, gedreht und gelagert werden.<\/p>\n<\/div>\n<div class=\"col-lg-2 featimg text-center g-pa-10 g-mb-0 g-font-weight-600\"><\/div>\n<div class=\"col-lg-4 g-pa-10 g-mb-0\">\n<p><span class=\"g-color-black g-font-weight-700\">Schnelle Beschleunigung und ausgezeichnetes Drehmoment f\u00fcr anspruchsvolle Aufgaben<\/span>Entwickelt f\u00fcr schwierige Aufgaben, ohne zu stocken. Dank des starken Drehmoments im unteren Drehzahlbereich k\u00f6nnen viele Arbeiten mit Teilgas ausgef\u00fchrt werden, was die Kraftstoffeffizienz erh\u00f6ht.<\/p>\n<\/div>\n<\/div>\n<\/div>\n<div id=\"Specs\" class=\"anchor2 container g-py-0\">\n<div class=\"col-lg-12 g-pa-0\">\n<div class=\"u-heading-v3-1 g-bg-main g-brd-main u-heading-v3-1 g-bg-main g-brd-main g-my-30 col-lg-12 g-pa-0\">\n<h2 class=\"h3 u-heading-v3__title\">Spezifikationen<\/h2>\n<\/div>\n<div class=\"g-pt-30 container\">\n<div class=\"col-lg-12 g-pa-0\">\n<div class=\"col-lg-12 g-brd-bottom g-brd-gray-light-v4 g-pt-0 g-pb-20 g-mb-0\"><span class=\"g-font-weight-600\">Abmessungen (LxBxH)<\/span><span class=\"pull-right w-50\">35.2 x 4.9 x 4.9 in.<\/span><\/div>\n<\/div>\n<\/div>\n<div class=\"g-pt-30 container\">\n<div class=\"col-lg-12 g-pa-0\">\n<div class=\"col-lg-12 g-brd-bottom g-brd-gray-light-v4 g-pt-0 g-pb-20 g-mb-0\"><span class=\"g-font-weight-600\">Gewicht<\/span><span class=\"pull-right w-50\">4.8 lb. (2.2 kg)<\/span><\/div>\n<\/div>\n<\/div>\n<div class=\"g-pt-30 container\">\n<div class=\"col-lg-12 g-pa-0\">\n<div class=\"col-lg-12 g-brd-bottom g-brd-gray-light-v4 g-pt-0 g-pb-20 g-mb-0\"><span class=\"g-font-weight-600\">L\u00e4nge der Welle<\/span><span class=\"pull-right w-50\">5.3 in. (135 mm)<\/span><\/div>\n<\/div>\n<\/div>\n<div class=\"g-pt-30 container\">\n<div class=\"col-lg-12 g-pa-0\">\n<div class=\"col-lg-12 g-brd-bottom g-brd-gray-light-v4 g-pt-0 g-pb-20 g-mb-0\"><span class=\"g-font-weight-600\">Cutter Type<\/span><span class=\"pull-right w-50\">Double-sided, Double-recripocating<\/span><\/div>\n<\/div>\n<\/div>\n<div class=\"g-pt-30 container\">\n<div class=\"col-lg-12 g-pa-0\">\n<div class=\"col-lg-12 g-brd-bottom g-brd-gray-light-v4 g-pt-0 g-pb-20 g-mb-0\"><span class=\"g-font-weight-600\">Blade Length<\/span><span class=\"pull-right w-50\">21.6 in (550 mm)<\/span><\/div>\n<\/div>\n<\/div>\n<div class=\"g-pt-30 container\">\n<div class=\"col-lg-12 g-pa-0\">\n<div class=\"col-lg-12 g-brd-bottom g-brd-gray-light-v4 g-pt-0 g-pb-20 g-mb-0\"><span class=\"g-font-weight-600\">Articulation Angle Increment<\/span><span class=\"pull-right w-50\">18 deg.<\/span><\/div>\n<\/div>\n<\/div>\n<div class=\"g-pt-30 container\">\n<div class=\"col-lg-12 g-pa-0\">\n<div class=\"col-lg-12 g-brd-bottom g-brd-gray-light-v4 g-pt-0 g-pb-20 g-mb-0\"><span class=\"g-font-weight-600\">Total Articulation Range<\/span><span class=\"pull-right w-50\">108 deg (-54 deg ~ +54 deg)<\/span><\/div>\n<\/div>\n<\/div>\n<div class=\"g-pt-30 container\">\n<div class=\"col-lg-12 g-pa-0\">\n<div class=\"col-lg-12 g-brd-bottom g-brd-gray-light-v4 g-pt-0 g-pb-20 g-mb-0\"><span class=\"g-font-weight-600\">Garantie f\u00fcr Wohngeb\u00e4ude<\/span><span class=\"pull-right w-50\">24 Monate<\/span><\/div>\n<\/div>\n<\/div>\n<div class=\"g-pt-30 container\">\n<div class=\"col-lg-12 g-pa-0\">\n<div class=\"col-lg-12 g-brd-bottom g-brd-gray-light-v4 g-pt-0 g-pb-20 g-mb-0\"><span class=\"g-font-weight-600\">Kommerzielle Garantie<\/span><span class=\"pull-right w-50\">12 Monate<\/span><\/div>\n<\/div>\n<\/div>\n<\/div>\n<\/div>","protected":false},"excerpt":{"rendered":"<p>HONDA Hedge Trimmer Attachment The short hedge trimmer attachment is part of Honda&#8217;s VersAttach\u00ae System. It is ideal for cutting and shaping shrubs and hedges. Converts your VersAttach\u00ae\u00a0Powerhead into a hedge trimmerThe hedge trimmer attachment makes your VersAttach powerhead into a heavy-duty hedge trimmer suitable for both residential and commercial use. Create perfect circular bushes [&#8230;]","protected":false},"featured_media":593,"comment_status":"open","ping_status":"closed","template":"","meta":[],"product_brand":[],"product_cat":[47],"product_tag":[106,107,108],"class_list":{"0":"post-591","1":"product","2":"type-product","3":"status-publish","4":"has-post-thumbnail","6":"product_cat-honda-trimmers","7":"product_tag-hedge-trimmer-attachment","8":"product_tag-milwaukee-hedge-trimmer-attachment","9":"product_tag-stihl-hedge-trimmer-attachment","11":"first","12":"instock","13":"shipping-taxable","14":"purchasable","15":"product-type-simple"},"yoast_head":"<!-- This site is optimized with the Yoast SEO Premium plugin v26.2 (Yoast SEO v26.2) - https:\/\/yoast.com\/wordpress\/plugins\/seo\/ -->\n<title>Hedge Trimmer Attachment - Short - HONDA POWER EQUIPMENT<\/title>\n<meta name=\"description\" content=\"The short hedge trimmer attachment is part of Honda&#039;s VersAttach\u00ae System. It is ideal for cutting and shaping shrubs and hedges.\" \/>\n<meta name=\"robots\" content=\"index, follow, max-snippet:-1, max-image-preview:large, max-video-preview:-1\" \/>\n<link rel=\"canonical\" href=\"https:\/\/hondapowertools.com\/de\/produkt\/hedge-trimmer-attachment-short\/\" \/>\n<meta property=\"og:locale\" content=\"de_DE\" \/>\n<meta property=\"og:type\" content=\"article\" \/>\n<meta property=\"og:title\" content=\"Hedge Trimmer Attachment - Short\" \/>\n<meta property=\"og:description\" content=\"The short hedge trimmer attachment is part of Honda&#039;s VersAttach\u00ae System. It is ideal for cutting and shaping shrubs and hedges.\" \/>\n<meta property=\"og:url\" content=\"https:\/\/hondapowertools.com\/de\/produkt\/hedge-trimmer-attachment-short\/\" \/>\n<meta property=\"og:site_name\" content=\"HONDA POWER EQUIPMENT\" \/>\n<meta property=\"article:modified_time\" content=\"2025-02-09T14:29:38+00:00\" \/>\n<meta property=\"og:image\" content=\"https:\/\/hondapowertools.com\/wp-content\/uploads\/2025\/02\/sshh-s_pe_imglg.jpg\" \/>\n\t<meta property=\"og:image:width\" content=\"1100\" \/>\n\t<meta property=\"og:image:height\" content=\"1100\" \/>\n\t<meta property=\"og:image:type\" content=\"image\/jpeg\" \/>\n<meta name=\"twitter:card\" content=\"summary_large_image\" \/>\n<meta name=\"twitter:label1\" content=\"Gesch\u00e4tzte Lesezeit\" \/>\n\t<meta name=\"twitter:data1\" content=\"4\u00a0Minuten\" \/>\n<script type=\"application\/ld+json\" class=\"yoast-schema-graph\">{\"@context\":\"https:\/\/schema.org\",\"@graph\":[{\"@type\":\"WebPage\",\"@id\":\"https:\/\/hondapowertools.com\/pl\/produkt\/hedge-trimmer-attachment-short\/\",\"url\":\"https:\/\/hondapowertools.com\/pl\/produkt\/hedge-trimmer-attachment-short\/\",\"name\":\"Hedge Trimmer Attachment - Short - HONDA POWER EQUIPMENT\",\"isPartOf\":{\"@id\":\"https:\/\/hondapowertools.com\/#website\"},\"primaryImageOfPage\":{\"@id\":\"https:\/\/hondapowertools.com\/pl\/produkt\/hedge-trimmer-attachment-short\/#primaryimage\"},\"image\":{\"@id\":\"https:\/\/hondapowertools.com\/pl\/produkt\/hedge-trimmer-attachment-short\/#primaryimage\"},\"thumbnailUrl\":\"https:\/\/hondapowertools.com\/wp-content\/uploads\/2025\/02\/sshh-s_pe_imglg.jpg\",\"datePublished\":\"2025-02-09T14:28:06+00:00\",\"dateModified\":\"2025-02-09T14:29:38+00:00\",\"description\":\"The short hedge trimmer attachment is part of Honda's VersAttach\u00ae System. It is ideal for cutting and shaping shrubs and hedges.\",\"breadcrumb\":{\"@id\":\"https:\/\/hondapowertools.com\/pl\/produkt\/hedge-trimmer-attachment-short\/#breadcrumb\"},\"inLanguage\":\"de\",\"potentialAction\":[{\"@type\":\"ReadAction\",\"target\":[\"https:\/\/hondapowertools.com\/pl\/produkt\/hedge-trimmer-attachment-short\/\"]}]},{\"@type\":\"ImageObject\",\"inLanguage\":\"de\",\"@id\":\"https:\/\/hondapowertools.com\/pl\/produkt\/hedge-trimmer-attachment-short\/#primaryimage\",\"url\":\"https:\/\/hondapowertools.com\/wp-content\/uploads\/2025\/02\/sshh-s_pe_imglg.jpg\",\"contentUrl\":\"https:\/\/hondapowertools.com\/wp-content\/uploads\/2025\/02\/sshh-s_pe_imglg.jpg\",\"width\":1100,\"height\":1100,\"caption\":\"Hedge Trimmer Attachment\"},{\"@type\":\"BreadcrumbList\",\"@id\":\"https:\/\/hondapowertools.com\/pl\/produkt\/hedge-trimmer-attachment-short\/#breadcrumb\",\"itemListElement\":[{\"@type\":\"ListItem\",\"position\":1,\"name\":\"Home\",\"item\":\"https:\/\/hondapowertools.com\/\"},{\"@type\":\"ListItem\",\"position\":2,\"name\":\"Shop\",\"item\":\"https:\/\/hondapowertools.com\/?page_id=10\"},{\"@type\":\"ListItem\",\"position\":3,\"name\":\"Hedge Trimmer Attachment &#8211; Short\"}]},{\"@type\":\"WebSite\",\"@id\":\"https:\/\/hondapowertools.com\/#website\",\"url\":\"https:\/\/hondapowertools.com\/\",\"name\":\"HONDA POWER EQUIPMENTS\",\"description\":\"Honda Power Equipment\",\"publisher\":{\"@id\":\"https:\/\/hondapowertools.com\/#organization\"},\"potentialAction\":[{\"@type\":\"SearchAction\",\"target\":{\"@type\":\"EntryPoint\",\"urlTemplate\":\"https:\/\/hondapowertools.com\/?s={search_term_string}\"},\"query-input\":{\"@type\":\"PropertyValueSpecification\",\"valueRequired\":true,\"valueName\":\"search_term_string\"}}],\"inLanguage\":\"de\"},{\"@type\":\"Organization\",\"@id\":\"https:\/\/hondapowertools.com\/#organization\",\"name\":\"HONDA POWER TOOLS\",\"alternateName\":\"HONDA POWER EQUIPMENT\",\"url\":\"https:\/\/hondapowertools.com\/\",\"logo\":{\"@type\":\"ImageObject\",\"inLanguage\":\"de\",\"@id\":\"https:\/\/hondapowertools.com\/#\/schema\/logo\/image\/\",\"url\":\"https:\/\/hondapowertools.com\/wp-content\/uploads\/2025\/02\/cropped-honda-power-equipment-logo.png\",\"contentUrl\":\"https:\/\/hondapowertools.com\/wp-content\/uploads\/2025\/02\/cropped-honda-power-equipment-logo.png\",\"width\":290,\"height\":70,\"caption\":\"HONDA POWER TOOLS\"},\"image\":{\"@id\":\"https:\/\/hondapowertools.com\/#\/schema\/logo\/image\/\"}}]}<\/script>\n<!-- \/ Yoast SEO Premium plugin. -->","yoast_head_json":{"title":"Hedge Trimmer Attachment - Short - HONDA POWER EQUIPMENT","description":"The short hedge trimmer attachment is part of Honda's VersAttach\u00ae System. It is ideal for cutting and shaping shrubs and hedges.","robots":{"index":"index","follow":"follow","max-snippet":"max-snippet:-1","max-image-preview":"max-image-preview:large","max-video-preview":"max-video-preview:-1"},"canonical":"https:\/\/hondapowertools.com\/de\/produkt\/hedge-trimmer-attachment-short\/","og_locale":"de_DE","og_type":"article","og_title":"Hedge Trimmer Attachment - Short","og_description":"The short hedge trimmer attachment is part of Honda's VersAttach\u00ae System. It is ideal for cutting and shaping shrubs and hedges.","og_url":"https:\/\/hondapowertools.com\/de\/produkt\/hedge-trimmer-attachment-short\/","og_site_name":"HONDA POWER EQUIPMENT","article_modified_time":"2025-02-09T14:29:38+00:00","og_image":[{"width":1100,"height":1100,"url":"https:\/\/hondapowertools.com\/wp-content\/uploads\/2025\/02\/sshh-s_pe_imglg.jpg","type":"image\/jpeg"}],"twitter_card":"summary_large_image","twitter_misc":{"Gesch\u00e4tzte Lesezeit":"4\u00a0Minuten"},"schema":{"@context":"https:\/\/schema.org","@graph":[{"@type":"WebPage","@id":"https:\/\/hondapowertools.com\/pl\/produkt\/hedge-trimmer-attachment-short\/","url":"https:\/\/hondapowertools.com\/pl\/produkt\/hedge-trimmer-attachment-short\/","name":"Hedge Trimmer Attachment - Short - HONDA POWER EQUIPMENT","isPartOf":{"@id":"https:\/\/hondapowertools.com\/#website"},"primaryImageOfPage":{"@id":"https:\/\/hondapowertools.com\/pl\/produkt\/hedge-trimmer-attachment-short\/#primaryimage"},"image":{"@id":"https:\/\/hondapowertools.com\/pl\/produkt\/hedge-trimmer-attachment-short\/#primaryimage"},"thumbnailUrl":"https:\/\/hondapowertools.com\/wp-content\/uploads\/2025\/02\/sshh-s_pe_imglg.jpg","datePublished":"2025-02-09T14:28:06+00:00","dateModified":"2025-02-09T14:29:38+00:00","description":"The short hedge trimmer attachment is part of Honda's VersAttach\u00ae System. It is ideal for cutting and shaping shrubs and hedges.","breadcrumb":{"@id":"https:\/\/hondapowertools.com\/pl\/produkt\/hedge-trimmer-attachment-short\/#breadcrumb"},"inLanguage":"de","potentialAction":[{"@type":"ReadAction","target":["https:\/\/hondapowertools.com\/pl\/produkt\/hedge-trimmer-attachment-short\/"]}]},{"@type":"ImageObject","inLanguage":"de","@id":"https:\/\/hondapowertools.com\/pl\/produkt\/hedge-trimmer-attachment-short\/#primaryimage","url":"https:\/\/hondapowertools.com\/wp-content\/uploads\/2025\/02\/sshh-s_pe_imglg.jpg","contentUrl":"https:\/\/hondapowertools.com\/wp-content\/uploads\/2025\/02\/sshh-s_pe_imglg.jpg","width":1100,"height":1100,"caption":"Hedge Trimmer Attachment"},{"@type":"BreadcrumbList","@id":"https:\/\/hondapowertools.com\/pl\/produkt\/hedge-trimmer-attachment-short\/#breadcrumb","itemListElement":[{"@type":"ListItem","position":1,"name":"Home","item":"https:\/\/hondapowertools.com\/"},{"@type":"ListItem","position":2,"name":"Shop","item":"https:\/\/hondapowertools.com\/?page_id=10"},{"@type":"ListItem","position":3,"name":"Hedge Trimmer Attachment &#8211; Short"}]},{"@type":"WebSite","@id":"https:\/\/hondapowertools.com\/#website","url":"https:\/\/hondapowertools.com\/","name":"HONDA POWER EQUIPMENTS","description":"Honda Power Equipment","publisher":{"@id":"https:\/\/hondapowertools.com\/#organization"},"potentialAction":[{"@type":"SearchAction","target":{"@type":"EntryPoint","urlTemplate":"https:\/\/hondapowertools.com\/?s={search_term_string}"},"query-input":{"@type":"PropertyValueSpecification","valueRequired":true,"valueName":"search_term_string"}}],"inLanguage":"de"},{"@type":"Organization","@id":"https:\/\/hondapowertools.com\/#organization","name":"HONDA POWER TOOLS","alternateName":"HONDA POWER EQUIPMENT","url":"https:\/\/hondapowertools.com\/","logo":{"@type":"ImageObject","inLanguage":"de","@id":"https:\/\/hondapowertools.com\/#\/schema\/logo\/image\/","url":"https:\/\/hondapowertools.com\/wp-content\/uploads\/2025\/02\/cropped-honda-power-equipment-logo.png","contentUrl":"https:\/\/hondapowertools.com\/wp-content\/uploads\/2025\/02\/cropped-honda-power-equipment-logo.png","width":290,"height":70,"caption":"HONDA POWER TOOLS"},"image":{"@id":"https:\/\/hondapowertools.com\/#\/schema\/logo\/image\/"}}]}},"_links":{"self":[{"href":"https:\/\/hondapowertools.com\/de\/wp-json\/wp\/v2\/product\/591","targetHints":{"allow":["GET"]}}],"collection":[{"href":"https:\/\/hondapowertools.com\/de\/wp-json\/wp\/v2\/product"}],"about":[{"href":"https:\/\/hondapowertools.com\/de\/wp-json\/wp\/v2\/types\/product"}],"replies":[{"embeddable":true,"href":"https:\/\/hondapowertools.com\/de\/wp-json\/wp\/v2\/comments?post=591"}],"wp:featuredmedia":[{"embeddable":true,"href":"https:\/\/hondapowertools.com\/de\/wp-json\/wp\/v2\/media\/593"}],"wp:attachment":[{"href":"https:\/\/hondapowertools.com\/de\/wp-json\/wp\/v2\/media?parent=591"}],"wp:term":[{"taxonomy":"product_brand","embeddable":true,"href":"https:\/\/hondapowertools.com\/de\/wp-json\/wp\/v2\/product_brand?post=591"},{"taxonomy":"product_cat","embeddable":true,"href":"https:\/\/hondapowertools.com\/de\/wp-json\/wp\/v2\/product_cat?post=591"},{"taxonomy":"product_tag","embeddable":true,"href":"https:\/\/hondapowertools.com\/de\/wp-json\/wp\/v2\/product_tag?post=591"}],"curies":[{"name":"wp","href":"https:\/\/api.w.org\/{rel}","templated":true}]}}