{"id":685,"date":"2025-02-11T07:34:34","date_gmt":"2025-02-11T07:34:34","guid":{"rendered":"https:\/\/hondapowertools.com\/?post_type=product&#038;p=685"},"modified":"2025-02-11T07:34:36","modified_gmt":"2025-02-11T07:34:36","slug":"wx10","status":"publish","type":"product","link":"https:\/\/hondapowertools.com\/de\/produkt\/wx10\/","title":{"rendered":"WX10"},"content":{"rendered":"<div id=\"Features\" class=\"anchor2 container g-py-0\">\n<div class=\"row\">\n<h2>Honda WX10 Wasserpumpe<\/h2>\n<div><\/div>\n<div>Die leichte Wasserpumpe WX10 von Honda l\u00e4sst sich einfach an einen Gartenschlauch anschlie\u00dfen. Diese kleine, tragbare 1-Zoll-Pumpe ist ideal f\u00fcr Hausbesitzer, G\u00e4rtner und Bootsbesitzer.<\/div>\n<div><\/div>\n<div><\/div>\n<div class=\"col-lg-2 featimg text-center g-pa-10 g-mb-0 g-font-weight-600\"><img decoding=\"async\" class=\"img-fluid\" src=\"https:\/\/services.powerequipment.honda.com\/content\/images\/pe\/models\/features\/thumbs\/wx10-carry.jpg\" alt=\"Perfect for homeowners, gardeners, boat owners, and more\" \/><\/div>\n<div class=\"col-lg-4 g-pa-10 g-mb-0\"><span class=\"g-color-black g-font-weight-700\">Perfekt f\u00fcr Hausbesitzer, G\u00e4rtner, Bootsbesitzer und mehr<\/span>Die WX10 ist leicht, kompakt und einfach zu bedienen.<\/p>\n<\/div>\n<div class=\"col-lg-2 featimg text-center g-pa-10 g-mb-0 g-font-weight-600\"><img decoding=\"async\" class=\"img-fluid\" src=\"https:\/\/services.powerequipment.honda.com\/content\/images\/pe\/models\/features\/thumbs\/gx25.jpg\" alt=\"Easy starting Honda mini 4-stroke commercial engine\" \/><\/div>\n<div class=\"col-lg-4 g-pa-10 g-mb-0\"><span class=\"g-color-black g-font-weight-700\">Leicht zu startender Honda Mini 4-Takt-Nutzfahrzeugmotor<\/span>Der robuste Honda-Motor der GX-Serie f\u00fcr den gewerblichen Einsatz ist leicht zu starten und bietet ausreichend Leistung f\u00fcr die h\u00e4rtesten Bedingungen.<\/p>\n<\/div>\n<div class=\"col-lg-2 featimg text-center g-pa-10 g-mb-0 g-font-weight-600\"><img decoding=\"async\" class=\"img-fluid\" src=\"https:\/\/services.powerequipment.honda.com\/content\/images\/pe\/models\/features\/thumbs\/lightweight.jpg\" alt=\"Lightweight\" \/><\/div>\n<div class=\"col-lg-4 g-pa-10 g-mb-0\"><span class=\"g-color-black g-font-weight-700\">Leichtgewicht<\/span>Mit nur 13 Pfund ist der WX10 leicht zu transportieren.<\/p>\n<\/div>\n<div class=\"col-lg-2 featimg text-center g-pa-10 g-mb-0 g-font-weight-600\"><\/div>\n<div class=\"col-lg-4 g-pa-10 g-mb-0\"><span class=\"g-color-black g-font-weight-700\">Modernes Pumpendesign f\u00fcr \u00fcberlegene Haltbarkeit und Leistung<\/span>Die WX10 wurde von der Honda-Forschung und -Entwicklung im Hinblick auf Qualit\u00e4t und Langlebigkeit komplett neu entwickelt. Verbesserungen an Laufrad, Geh\u00e4use, Motorrahmenbett und anderen Pumpenkomponenten tragen zur beeindruckenden Haltbarkeit und Leistung der WX10 bei.<\/p>\n<\/div>\n<div class=\"col-lg-2 featimg text-center g-pa-10 g-mb-0 g-font-weight-600\"><img decoding=\"async\" class=\"img-fluid\" src=\"https:\/\/services.powerequipment.honda.com\/content\/images\/pe\/models\/features\/thumbs\/wx10t_hose.jpg\" alt=\"Garden hose adaptor, suction hose, clamps, and strainer included\" \/><\/div>\n<div class=\"col-lg-4 g-pa-10 g-mb-0\"><span class=\"g-color-black g-font-weight-700\">Inklusive Gartenschlauchadapter, Saugschlauch, Klemmen und Sieb<\/span>Im Lieferumfang ist alles enthalten, was Sie brauchen, um loszulegen. Schlie\u00dfen Sie einfach einen Gartenschlauch an, und schon k\u00f6nnen Sie pumpen.<\/p>\n<\/div>\n<div class=\"col-lg-2 featimg text-center g-pa-10 g-mb-0 g-font-weight-600\"><\/div>\n<div class=\"col-lg-4 g-pa-10 g-mb-0\"><span class=\"g-color-black g-font-weight-700\">3-Positionen-Auslass\u00f6ffnung<\/span>Die WX10-Wasserauslass\u00f6ffnung kann in 3 Positionen ver\u00e4ndert werden, was zus\u00e4tzliche Flexibilit\u00e4t bietet.<\/p>\n<\/div>\n<div class=\"col-lg-2 featimg text-center g-pa-10 g-mb-0 g-font-weight-600\"><\/div>\n<div class=\"col-lg-4 g-pa-10 g-mb-0\"><span class=\"g-color-black g-font-weight-700\">Standard-Transportgriff<\/span>Die WX10 l\u00e4sst sich leicht \u00fcberallhin mitnehmen, wo Sie sie brauchen.<\/p>\n<\/div>\n<div class=\"col-lg-2 featimg text-center g-pa-10 g-mb-0 g-font-weight-600\"><\/div>\n<div class=\"col-lg-4 g-pa-10 g-mb-0\"><span class=\"g-color-black g-font-weight-700\">32 Gallonen\/Min. Kapazit\u00e4t<\/span>&nbsp;<\/p>\n<\/div>\n<div class=\"col-lg-2 featimg text-center g-pa-10 g-mb-0 g-font-weight-600\"><img decoding=\"async\" class=\"img-fluid\" src=\"https:\/\/services.powerequipment.honda.com\/content\/images\/pe\/models\/features\/thumbs\/4-stroke-power.jpg\" alt=\"Uses regular gasoline - no mixing of oil and gas!\" \/><\/div>\n<div class=\"col-lg-4 g-pa-10 g-mb-0\"><span class=\"g-color-black g-font-weight-700\">Verwendet normales Benzin - kein Vermischen von \u00d6l und Gas!<\/span>&nbsp;<\/p>\n<\/div>\n<div class=\"col-lg-2 featimg text-center g-pa-10 g-mb-0 g-font-weight-600\"><\/div>\n<div class=\"col-lg-4 g-pa-10 g-mb-0\"><span class=\"g-color-black g-font-weight-700\">Leichtere Grundierung<\/span>Die Ansaug\u00f6ffnung ist so konzipiert, dass sie das Ansaugverhalten erleichtert und das Austropfen und Versch\u00fctten reduziert.<\/p>\n<\/div>\n<\/div>\n<\/div>\n<div id=\"Specs\" class=\"anchor2 container g-py-0\">\n<div class=\"col-lg-12 g-pa-0\">\n<div class=\"u-heading-v3-1 g-bg-main g-brd-main u-heading-v3-1 g-bg-main g-brd-main g-my-30 col-lg-12 g-pa-0\">\n<h2 class=\"h3 u-heading-v3__title\">Spezifikationen<\/h2>\n<\/div>\n<div class=\"g-pt-30 container\">\n<div class=\"col-lg-12 g-pa-0\">\n<div class=\"col-lg-12 g-brd-bottom g-brd-gray-light-v4 g-pt-0 g-pb-20 g-mb-0\"><span class=\"g-font-weight-600\">Motor<\/span><span class=\"pull-right w-50\">GX25<\/span><\/div>\n<\/div>\n<\/div>\n<div class=\"g-pt-30 container\">\n<div class=\"col-lg-12 g-pa-0\">\n<div class=\"col-lg-12 g-brd-bottom g-brd-gray-light-v4 g-pt-0 g-pb-20 g-mb-0\"><span class=\"g-font-weight-600\">Verdr\u00e4ngung<\/span><span class=\"pull-right w-50\">25cc<\/span><\/div>\n<\/div>\n<\/div>\n<div class=\"g-pt-30 container\">\n<div class=\"col-lg-12 g-pa-0\">\n<div class=\"col-lg-12 g-brd-bottom g-brd-gray-light-v4 g-pt-0 g-pb-20 g-mb-0\"><span class=\"g-font-weight-600\">Bohrung und Hub<\/span><span class=\"pull-right w-50\">1.4\u2033 x 1.0\u2033<\/span><\/div>\n<\/div>\n<\/div>\n<div class=\"g-pt-30 container\">\n<div class=\"col-lg-12 g-pa-0\">\n<div class=\"col-lg-12 g-brd-bottom g-brd-gray-light-v4 g-pt-0 g-pb-20 g-mb-0\"><span class=\"g-font-weight-600\">Verdichtungsverh\u00e4ltnis<\/span><span class=\"pull-right w-50\">8.0:1<\/span><\/div>\n<\/div>\n<\/div>\n<div class=\"g-pt-30 container\">\n<div class=\"col-lg-12 g-pa-0\">\n<div class=\"col-lg-12 g-brd-bottom g-brd-gray-light-v4 g-pt-0 g-pb-20 g-mb-0\"><span class=\"g-font-weight-600\">\u00d6l-Alarm<\/span><span class=\"pull-right w-50\">K.A.<\/span><\/div>\n<\/div>\n<\/div>\n<div class=\"g-pt-30 container\">\n<div class=\"col-lg-12 g-pa-0\">\n<div class=\"col-lg-12 g-brd-bottom g-brd-gray-light-v4 g-pt-0 g-pb-20 g-mb-0\"><span class=\"g-font-weight-600\">Pumpe Typ<\/span><span class=\"pull-right w-50\">Allgemeiner Zweck Zentrifugal Selbstansaugend<\/span><\/div>\n<\/div>\n<\/div>\n<div class=\"g-pt-30 container\">\n<div class=\"col-lg-12 g-pa-0\">\n<div class=\"col-lg-12 g-brd-bottom g-brd-gray-light-v4 g-pt-0 g-pb-20 g-mb-0\"><span class=\"g-font-weight-600\">Spiralgeh\u00e4use<\/span><span class=\"pull-right w-50\">Aluminium<\/span><\/div>\n<\/div>\n<\/div>\n<div class=\"g-pt-30 container\">\n<div class=\"col-lg-12 g-pa-0\">\n<div class=\"col-lg-12 g-brd-bottom g-brd-gray-light-v4 g-pt-0 g-pb-20 g-mb-0\"><span class=\"g-font-weight-600\">Laufrad<\/span><span class=\"pull-right w-50\">Aluminium<\/span><\/div>\n<\/div>\n<\/div>\n<div class=\"g-pt-30 container\">\n<div class=\"col-lg-12 g-pa-0\">\n<div class=\"col-lg-12 g-brd-bottom g-brd-gray-light-v4 g-pt-0 g-pb-20 g-mb-0\"><span class=\"g-font-weight-600\">Gleitringdichtung (Pumpengeh\u00e4use\/Laufrad)<\/span><span class=\"pull-right w-50\">Kohlenstoff\/Keramik<\/span><\/div>\n<\/div>\n<\/div>\n<div class=\"g-pt-30 container\">\n<div class=\"col-lg-12 g-pa-0\">\n<div class=\"col-lg-12 g-brd-bottom g-brd-gray-light-v4 g-pt-0 g-pb-20 g-mb-0\"><span class=\"g-font-weight-600\">Vorlaufzeit<\/span><span class=\"pull-right w-50\">80 Sek. bei 16,4 ft.<\/span><\/div>\n<\/div>\n<\/div>\n<div class=\"g-pt-30 container\">\n<div class=\"col-lg-12 g-pa-0\">\n<div class=\"col-lg-12 g-brd-bottom g-brd-gray-light-v4 g-pt-0 g-pb-20 g-mb-0\"><span class=\"g-font-weight-600\">Antriebssystem direkt<\/span><\/div>\n<\/div>\n<\/div>\n<div class=\"g-pt-30 container\">\n<div class=\"col-lg-12 g-pa-0\">\n<div class=\"col-lg-12 g-brd-bottom g-brd-gray-light-v4 g-pt-0 g-pb-20 g-mb-0\"><span class=\"g-font-weight-600\">Entladungskapazit\u00e4t 32<\/span><span class=\"pull-right w-50\">\u00a0gal.\/min.<\/span><\/div>\n<\/div>\n<\/div>\n<div class=\"g-pt-30 container\">\n<div class=\"col-lg-12 g-pa-0\">\n<div class=\"col-lg-12 g-brd-bottom g-brd-gray-light-v4 g-pt-0 g-pb-20 g-mb-0\"><span class=\"g-font-weight-600\">Durchmesser der Ansaug\u00f6ffnung<\/span><span class=\"pull-right w-50\">1,0\u2033 NPT<\/span><\/div>\n<\/div>\n<\/div>\n<div class=\"g-pt-30 container\">\n<div class=\"col-lg-12 g-pa-0\">\n<div class=\"col-lg-12 g-brd-bottom g-brd-gray-light-v4 g-pt-0 g-pb-20 g-mb-0\"><span class=\"g-font-weight-600\">Durchmesser der Auslass\u00f6ffnung<\/span><span class=\"pull-right w-50\">1,0\u2033 NPT<\/span><\/div>\n<\/div>\n<\/div>\n<div class=\"g-pt-30 container\">\n<div class=\"col-lg-12 g-pa-0\">\n<div class=\"col-lg-12 g-brd-bottom g-brd-gray-light-v4 g-pt-0 g-pb-20 g-mb-0\"><span class=\"g-font-weight-600\">Gesamter Kopfhub<\/span><span class=\"pull-right w-50\">121 ft.<\/span><\/div>\n<\/div>\n<\/div>\n<div class=\"g-pt-30 container\">\n<div class=\"col-lg-12 g-pa-0\">\n<div class=\"col-lg-12 g-brd-bottom g-brd-gray-light-v4 g-pt-0 g-pb-20 g-mb-0\"><span class=\"g-font-weight-600\">Ansaugkopf hebt 26<\/span><span class=\"pull-right w-50\">\u00a0ft.<\/span><\/div>\n<\/div>\n<\/div>\n<div class=\"g-pt-30 container\">\n<div class=\"col-lg-12 g-pa-0\">\n<div class=\"col-lg-12 g-brd-bottom g-brd-gray-light-v4 g-pt-0 g-pb-20 g-mb-0\"><span class=\"g-font-weight-600\">Maximaler Druck<\/span><span class=\"pull-right w-50\">52 psi<\/span><\/div>\n<\/div>\n<\/div>\n<div class=\"g-pt-30 container\">\n<div class=\"col-lg-12 g-pa-0\">\n<div class=\"col-lg-12 g-brd-bottom g-brd-gray-light-v4 g-pt-0 g-pb-20 g-mb-0\"><span class=\"g-font-weight-600\">Handhabung von Feststoffen<\/span><span class=\"pull-right w-50\">K.A.<\/span><\/div>\n<\/div>\n<\/div>\n<div class=\"g-pt-30 container\">\n<div class=\"col-lg-12 g-pa-0\">\n<div class=\"col-lg-12 g-brd-bottom g-brd-gray-light-v4 g-pt-0 g-pb-20 g-mb-0\"><span class=\"g-font-weight-600\">Abmessungen (LxBxH)<\/span><span class=\"pull-right w-50\">13,4\u2033x8,7\u2033x11,6\u2033<\/span><\/div>\n<\/div>\n<\/div>\n<div class=\"g-pt-30 container\">\n<div class=\"col-lg-12 g-pa-0\">\n<div class=\"col-lg-12 g-brd-bottom g-brd-gray-light-v4 g-pt-0 g-pb-20 g-mb-0\"><span class=\"g-font-weight-600\">Trockengewicht<\/span><span class=\"pull-right w-50\">13 lbs.<\/span><\/div>\n<\/div>\n<\/div>\n<div class=\"g-pt-30 container\">\n<div class=\"col-lg-12 g-pa-0\">\n<div class=\"col-lg-12 g-brd-bottom g-brd-gray-light-v4 g-pt-0 g-pb-20 g-mb-0\"><span class=\"g-font-weight-600\">Kraftstoffkapazit\u00e4t<\/span><span class=\"pull-right w-50\">0,56 qt<\/span><\/div>\n<\/div>\n<\/div>\n<div class=\"g-pt-30 container\">\n<div class=\"col-lg-12 g-pa-0\">\n<div class=\"col-lg-12 g-brd-bottom g-brd-gray-light-v4 g-pt-0 g-pb-20 g-mb-0\"><span class=\"g-font-weight-600\">Betriebszeit bei maximaler Entladung<\/span><span class=\"pull-right w-50\">0,9 Std.<\/span><\/div>\n<\/div>\n<\/div>\n<div class=\"g-pt-30 container\">\n<div class=\"col-lg-12 g-pa-0\">\n<div class=\"col-lg-12 g-brd-bottom g-brd-gray-light-v4 g-pt-0 g-pb-20 g-mb-0\"><span class=\"g-font-weight-600\">Schmutzf\u00e4nger Teil #<\/span><span class=\"pull-right w-50\">78325-YB0-711<\/span><\/div>\n<\/div>\n<\/div>\n<div class=\"g-pt-30 container\">\n<div class=\"col-lg-12 g-pa-0\">\n<div class=\"col-lg-12 g-brd-bottom g-brd-gray-light-v4 g-pt-0 g-pb-20 g-mb-0\"><span class=\"g-font-weight-600\">Garantie f\u00fcr Wohngeb\u00e4ude<\/span><span class=\"pull-right w-50\">2 Jahre<\/span><\/div>\n<\/div>\n<\/div>\n<div class=\"g-pt-30 container\">\n<div class=\"col-lg-12 g-pa-0\">\n<div class=\"col-lg-12 g-brd-bottom g-brd-gray-light-v4 g-pt-0 g-pb-20 g-mb-0\"><span class=\"g-font-weight-600\">Kommerzielle Garantie<\/span><span class=\"pull-right w-50\">1 Jahr<\/span><\/div>\n<\/div>\n<\/div>\n<\/div>\n<\/div>","protected":false},"excerpt":{"rendered":"<ul class=\"g-ml-0 g-pl-20\">\n<li>32 Gallonen\/Min. Kapazit\u00e4t<\/li>\n<li>Wiegt nur 13 lbs.<\/li>\n<li>Inklusive Gartenschlauchadapter, Saugschlauch, Klemmen und Sieb<\/li>\n<\/ul>","protected":false},"featured_media":686,"comment_status":"open","ping_status":"closed","template":"","meta":[],"product_brand":[],"product_cat":[44],"product_tag":[163,162,164],"class_list":{"0":"post-685","1":"product","2":"type-product","3":"status-publish","4":"has-post-thumbnail","6":"product_cat-honda-pumps","7":"product_tag-honda-wx10","8":"product_tag-honda-wx10-water-pump","9":"product_tag-wx10-honda-pump","11":"first","12":"instock","13":"shipping-taxable","14":"purchasable","15":"product-type-simple"},"yoast_head":"<!-- This site is optimized with the Yoast SEO Premium plugin v26.2 (Yoast SEO v26.2) - https:\/\/yoast.com\/wordpress\/plugins\/seo\/ -->\n<title>WX10 - HONDA POWER EQUIPMENT<\/title>\n<meta name=\"description\" content=\"Honda&#039;s lightweight WX10 water pump easily connects to a garden hose. This small, portable 1-inch pump is ideal for homeowners, gardeners, and boat owners.\" \/>\n<meta name=\"robots\" content=\"index, follow, max-snippet:-1, max-image-preview:large, max-video-preview:-1\" \/>\n<link rel=\"canonical\" href=\"https:\/\/hondapowertools.com\/de\/san-pham\/wx10\/\" \/>\n<meta property=\"og:locale\" content=\"de_DE\" \/>\n<meta property=\"og:type\" content=\"article\" \/>\n<meta property=\"og:title\" content=\"WX10\" \/>\n<meta property=\"og:description\" content=\"Honda&#039;s lightweight WX10 water pump easily connects to a garden hose. This small, portable 1-inch pump is ideal for homeowners, gardeners, and boat owners.\" \/>\n<meta property=\"og:url\" content=\"https:\/\/hondapowertools.com\/de\/san-pham\/wx10\/\" \/>\n<meta property=\"og:site_name\" content=\"HONDA POWER EQUIPMENT\" \/>\n<meta property=\"article:modified_time\" content=\"2025-02-11T07:34:36+00:00\" \/>\n<meta property=\"og:image\" content=\"https:\/\/hondapowertools.com\/wp-content\/uploads\/2025\/02\/wx10_pe_imglg.jpg\" \/>\n\t<meta property=\"og:image:width\" content=\"1100\" \/>\n\t<meta property=\"og:image:height\" content=\"1100\" \/>\n\t<meta property=\"og:image:type\" content=\"image\/jpeg\" \/>\n<meta name=\"twitter:card\" content=\"summary_large_image\" \/>\n<meta name=\"twitter:label1\" content=\"Gesch\u00e4tzte Lesezeit\" \/>\n\t<meta name=\"twitter:data1\" content=\"3\u00a0Minuten\" \/>\n<script type=\"application\/ld+json\" class=\"yoast-schema-graph\">{\"@context\":\"https:\/\/schema.org\",\"@graph\":[{\"@type\":\"WebPage\",\"@id\":\"https:\/\/hondapowertools.com\/vi\/san-pham\/wx10\/\",\"url\":\"https:\/\/hondapowertools.com\/vi\/san-pham\/wx10\/\",\"name\":\"WX10 - HONDA POWER EQUIPMENT\",\"isPartOf\":{\"@id\":\"https:\/\/hondapowertools.com\/#website\"},\"primaryImageOfPage\":{\"@id\":\"https:\/\/hondapowertools.com\/vi\/san-pham\/wx10\/#primaryimage\"},\"image\":{\"@id\":\"https:\/\/hondapowertools.com\/vi\/san-pham\/wx10\/#primaryimage\"},\"thumbnailUrl\":\"https:\/\/hondapowertools.com\/wp-content\/uploads\/2025\/02\/wx10_pe_imglg.jpg\",\"datePublished\":\"2025-02-11T07:34:34+00:00\",\"dateModified\":\"2025-02-11T07:34:36+00:00\",\"description\":\"Honda's lightweight WX10 water pump easily connects to a garden hose. This small, portable 1-inch pump is ideal for homeowners, gardeners, and boat owners.\",\"breadcrumb\":{\"@id\":\"https:\/\/hondapowertools.com\/vi\/san-pham\/wx10\/#breadcrumb\"},\"inLanguage\":\"de\",\"potentialAction\":[{\"@type\":\"ReadAction\",\"target\":[\"https:\/\/hondapowertools.com\/vi\/san-pham\/wx10\/\"]}]},{\"@type\":\"ImageObject\",\"inLanguage\":\"de\",\"@id\":\"https:\/\/hondapowertools.com\/vi\/san-pham\/wx10\/#primaryimage\",\"url\":\"https:\/\/hondapowertools.com\/wp-content\/uploads\/2025\/02\/wx10_pe_imglg.jpg\",\"contentUrl\":\"https:\/\/hondapowertools.com\/wp-content\/uploads\/2025\/02\/wx10_pe_imglg.jpg\",\"width\":1100,\"height\":1100,\"caption\":\"WX10\"},{\"@type\":\"BreadcrumbList\",\"@id\":\"https:\/\/hondapowertools.com\/vi\/san-pham\/wx10\/#breadcrumb\",\"itemListElement\":[{\"@type\":\"ListItem\",\"position\":1,\"name\":\"Home\",\"item\":\"https:\/\/hondapowertools.com\/\"},{\"@type\":\"ListItem\",\"position\":2,\"name\":\"Shop\",\"item\":\"https:\/\/hondapowertools.com\/?page_id=10\"},{\"@type\":\"ListItem\",\"position\":3,\"name\":\"WX10\"}]},{\"@type\":\"WebSite\",\"@id\":\"https:\/\/hondapowertools.com\/#website\",\"url\":\"https:\/\/hondapowertools.com\/\",\"name\":\"HONDA POWER EQUIPMENTS\",\"description\":\"Honda Power Equipment\",\"publisher\":{\"@id\":\"https:\/\/hondapowertools.com\/#organization\"},\"potentialAction\":[{\"@type\":\"SearchAction\",\"target\":{\"@type\":\"EntryPoint\",\"urlTemplate\":\"https:\/\/hondapowertools.com\/?s={search_term_string}\"},\"query-input\":{\"@type\":\"PropertyValueSpecification\",\"valueRequired\":true,\"valueName\":\"search_term_string\"}}],\"inLanguage\":\"de\"},{\"@type\":\"Organization\",\"@id\":\"https:\/\/hondapowertools.com\/#organization\",\"name\":\"HONDA POWER TOOLS\",\"alternateName\":\"HONDA POWER EQUIPMENT\",\"url\":\"https:\/\/hondapowertools.com\/\",\"logo\":{\"@type\":\"ImageObject\",\"inLanguage\":\"de\",\"@id\":\"https:\/\/hondapowertools.com\/#\/schema\/logo\/image\/\",\"url\":\"https:\/\/hondapowertools.com\/wp-content\/uploads\/2025\/02\/cropped-honda-power-equipment-logo.png\",\"contentUrl\":\"https:\/\/hondapowertools.com\/wp-content\/uploads\/2025\/02\/cropped-honda-power-equipment-logo.png\",\"width\":290,\"height\":70,\"caption\":\"HONDA POWER TOOLS\"},\"image\":{\"@id\":\"https:\/\/hondapowertools.com\/#\/schema\/logo\/image\/\"}}]}<\/script>\n<!-- \/ Yoast SEO Premium plugin. -->","yoast_head_json":{"title":"WX10 - HONDA POWER EQUIPMENT","description":"Honda's lightweight WX10 water pump easily connects to a garden hose. This small, portable 1-inch pump is ideal for homeowners, gardeners, and boat owners.","robots":{"index":"index","follow":"follow","max-snippet":"max-snippet:-1","max-image-preview":"max-image-preview:large","max-video-preview":"max-video-preview:-1"},"canonical":"https:\/\/hondapowertools.com\/de\/san-pham\/wx10\/","og_locale":"de_DE","og_type":"article","og_title":"WX10","og_description":"Honda's lightweight WX10 water pump easily connects to a garden hose. This small, portable 1-inch pump is ideal for homeowners, gardeners, and boat owners.","og_url":"https:\/\/hondapowertools.com\/de\/san-pham\/wx10\/","og_site_name":"HONDA POWER EQUIPMENT","article_modified_time":"2025-02-11T07:34:36+00:00","og_image":[{"width":1100,"height":1100,"url":"https:\/\/hondapowertools.com\/wp-content\/uploads\/2025\/02\/wx10_pe_imglg.jpg","type":"image\/jpeg"}],"twitter_card":"summary_large_image","twitter_misc":{"Gesch\u00e4tzte Lesezeit":"3\u00a0Minuten"},"schema":{"@context":"https:\/\/schema.org","@graph":[{"@type":"WebPage","@id":"https:\/\/hondapowertools.com\/vi\/san-pham\/wx10\/","url":"https:\/\/hondapowertools.com\/vi\/san-pham\/wx10\/","name":"WX10 - HONDA POWER EQUIPMENT","isPartOf":{"@id":"https:\/\/hondapowertools.com\/#website"},"primaryImageOfPage":{"@id":"https:\/\/hondapowertools.com\/vi\/san-pham\/wx10\/#primaryimage"},"image":{"@id":"https:\/\/hondapowertools.com\/vi\/san-pham\/wx10\/#primaryimage"},"thumbnailUrl":"https:\/\/hondapowertools.com\/wp-content\/uploads\/2025\/02\/wx10_pe_imglg.jpg","datePublished":"2025-02-11T07:34:34+00:00","dateModified":"2025-02-11T07:34:36+00:00","description":"Honda's lightweight WX10 water pump easily connects to a garden hose. This small, portable 1-inch pump is ideal for homeowners, gardeners, and boat owners.","breadcrumb":{"@id":"https:\/\/hondapowertools.com\/vi\/san-pham\/wx10\/#breadcrumb"},"inLanguage":"de","potentialAction":[{"@type":"ReadAction","target":["https:\/\/hondapowertools.com\/vi\/san-pham\/wx10\/"]}]},{"@type":"ImageObject","inLanguage":"de","@id":"https:\/\/hondapowertools.com\/vi\/san-pham\/wx10\/#primaryimage","url":"https:\/\/hondapowertools.com\/wp-content\/uploads\/2025\/02\/wx10_pe_imglg.jpg","contentUrl":"https:\/\/hondapowertools.com\/wp-content\/uploads\/2025\/02\/wx10_pe_imglg.jpg","width":1100,"height":1100,"caption":"WX10"},{"@type":"BreadcrumbList","@id":"https:\/\/hondapowertools.com\/vi\/san-pham\/wx10\/#breadcrumb","itemListElement":[{"@type":"ListItem","position":1,"name":"Home","item":"https:\/\/hondapowertools.com\/"},{"@type":"ListItem","position":2,"name":"Shop","item":"https:\/\/hondapowertools.com\/?page_id=10"},{"@type":"ListItem","position":3,"name":"WX10"}]},{"@type":"WebSite","@id":"https:\/\/hondapowertools.com\/#website","url":"https:\/\/hondapowertools.com\/","name":"HONDA POWER EQUIPMENTS","description":"Honda Power Equipment","publisher":{"@id":"https:\/\/hondapowertools.com\/#organization"},"potentialAction":[{"@type":"SearchAction","target":{"@type":"EntryPoint","urlTemplate":"https:\/\/hondapowertools.com\/?s={search_term_string}"},"query-input":{"@type":"PropertyValueSpecification","valueRequired":true,"valueName":"search_term_string"}}],"inLanguage":"de"},{"@type":"Organization","@id":"https:\/\/hondapowertools.com\/#organization","name":"HONDA POWER TOOLS","alternateName":"HONDA POWER EQUIPMENT","url":"https:\/\/hondapowertools.com\/","logo":{"@type":"ImageObject","inLanguage":"de","@id":"https:\/\/hondapowertools.com\/#\/schema\/logo\/image\/","url":"https:\/\/hondapowertools.com\/wp-content\/uploads\/2025\/02\/cropped-honda-power-equipment-logo.png","contentUrl":"https:\/\/hondapowertools.com\/wp-content\/uploads\/2025\/02\/cropped-honda-power-equipment-logo.png","width":290,"height":70,"caption":"HONDA POWER TOOLS"},"image":{"@id":"https:\/\/hondapowertools.com\/#\/schema\/logo\/image\/"}}]}},"_links":{"self":[{"href":"https:\/\/hondapowertools.com\/de\/wp-json\/wp\/v2\/product\/685","targetHints":{"allow":["GET"]}}],"collection":[{"href":"https:\/\/hondapowertools.com\/de\/wp-json\/wp\/v2\/product"}],"about":[{"href":"https:\/\/hondapowertools.com\/de\/wp-json\/wp\/v2\/types\/product"}],"replies":[{"embeddable":true,"href":"https:\/\/hondapowertools.com\/de\/wp-json\/wp\/v2\/comments?post=685"}],"wp:featuredmedia":[{"embeddable":true,"href":"https:\/\/hondapowertools.com\/de\/wp-json\/wp\/v2\/media\/686"}],"wp:attachment":[{"href":"https:\/\/hondapowertools.com\/de\/wp-json\/wp\/v2\/media?parent=685"}],"wp:term":[{"taxonomy":"product_brand","embeddable":true,"href":"https:\/\/hondapowertools.com\/de\/wp-json\/wp\/v2\/product_brand?post=685"},{"taxonomy":"product_cat","embeddable":true,"href":"https:\/\/hondapowertools.com\/de\/wp-json\/wp\/v2\/product_cat?post=685"},{"taxonomy":"product_tag","embeddable":true,"href":"https:\/\/hondapowertools.com\/de\/wp-json\/wp\/v2\/product_tag?post=685"}],"curies":[{"name":"wp","href":"https:\/\/api.w.org\/{rel}","templated":true}]}}