{"id":806,"date":"2025-02-15T06:56:31","date_gmt":"2025-02-15T06:56:31","guid":{"rendered":"https:\/\/hondapowertools.com\/?post_type=product&#038;p=806"},"modified":"2025-02-15T06:56:32","modified_gmt":"2025-02-15T06:56:32","slug":"buy-golf-cart-pro","status":"publish","type":"product","link":"https:\/\/hondapowertools.com\/de\/produkt\/buy-golf-cart-pro\/","title":{"rendered":"Golf Cart Pro kaufen"},"content":{"rendered":"<h2><strong>Heben Sie sich mit Ihrem Golfwagen ab, kaufen Sie Ihren Golfwagen jetzt bei Honda\u00a0<\/strong><\/h2>\n<p>Sie wollen einen Wagen, der Stil mit Leistung verbindet? Sie haben ihn gefunden. Dieser beeindruckende Wagen verf\u00fcgt \u00fcber eine Titan-Karosserie, 12-Zoll-Aluminiumr\u00e4der und eine 7-farbige LED-Beleuchtung am Fahrgestell. Au\u00dferdem verf\u00fcgt er \u00fcber ein integriertes Ladeger\u00e4t und 6 Blei-S\u00e4ure-Batterien der Marke Interstate, die f\u00fcr ausreichend Strom sorgen. Au\u00dferdem sorgen die LED-Scheinwerfer und -R\u00fcckleuchten mit Blinkern und Bremslichtern daf\u00fcr, dass Sie sicher auf der Stra\u00dfe unterwegs sind. Die speziell angefertigten schwarzen Sitze mit wei\u00dfen, eingen\u00e4hten MD-Logos sind ein echter Blickfang und bequem. Und wenn Sie zus\u00e4tzlichen Stauraum ben\u00f6tigen, l\u00e4sst sich der R\u00fccksitz umklappen, so dass eine Ladefl\u00e4che mit einer Ladekapazit\u00e4t von 500 Pfund entsteht. Wenn Sie Aussehen und Muskeln zu einem erschwinglichen Preis wollen, sollten Sie den Pro<\/p>\n<h2>Auffallen mit Golf Cart Pro<\/h2>\n<p>.<\/p>\n<p>Guter Kredit\/schlechter Kredit\/kein Kredit - OK! Wir bieten bis zu 100% Zahlungspl\u00e4ne f\u00fcr jedermann mit verf\u00fcgbaren Bedingungen von bis zu 84 Monaten mit 6 Monaten, die gleiche wie die Cash-Option!<\/p>\n<p>*Optionen und Merkmale k\u00f6nnen von der Abbildung abweichen.<\/p>","protected":false},"excerpt":{"rendered":"<p>Stand out with your golf cart, Buy your golf cart now from Honda\u00a0 Do you want a cart that combines style with performance? You\u2019ve found it. This impressive cart features a Titan body, 12\u201d aluminum wheels, and 7-color undercarriage LED lighting. It also has an onboard charger and 6 Interstate brand lead-acid batteries that provide [&#8230;]","protected":false},"featured_media":807,"comment_status":"open","ping_status":"closed","template":"","meta":[],"product_brand":[],"product_cat":[50],"product_tag":[195,193,194],"class_list":{"0":"post-806","1":"product","2":"type-product","3":"status-publish","4":"has-post-thumbnail","6":"product_cat-honda-golf-carts","7":"product_tag-buy-golf-cart","8":"product_tag-buy-golf-cart-pro-online","9":"product_tag-golf-carts-for-sale","11":"first","12":"instock","13":"shipping-taxable","14":"purchasable","15":"product-type-simple"},"yoast_head":"<!-- This site is optimized with the Yoast SEO Premium plugin v26.2 (Yoast SEO v26.2) - https:\/\/yoast.com\/wordpress\/plugins\/seo\/ -->\n<title>Buy golf cart pro - HONDA POWER EQUIPMENT<\/title>\n<meta name=\"description\" content=\"Time to shop for your golf cart pro with amazing discounts that will help you maintain this amazing peace of items buy your gold cart pro now\" \/>\n<meta name=\"robots\" content=\"index, follow, max-snippet:-1, max-image-preview:large, max-video-preview:-1\" \/>\n<link rel=\"canonical\" href=\"https:\/\/hondapowertools.com\/de\/tuote\/buy-golf-cart-pro\/\" \/>\n<meta property=\"og:locale\" content=\"de_DE\" \/>\n<meta property=\"og:type\" content=\"article\" \/>\n<meta property=\"og:title\" content=\"Buy golf cart pro\" \/>\n<meta property=\"og:description\" content=\"Time to shop for your golf cart pro with amazing discounts that will help you maintain this amazing peace of items buy your gold cart pro now\" \/>\n<meta property=\"og:url\" content=\"https:\/\/hondapowertools.com\/de\/tuote\/buy-golf-cart-pro\/\" \/>\n<meta property=\"og:site_name\" content=\"HONDA POWER EQUIPMENT\" \/>\n<meta property=\"article:modified_time\" content=\"2025-02-15T06:56:32+00:00\" \/>\n<meta property=\"og:image\" content=\"https:\/\/hondapowertools.com\/wp-content\/uploads\/2025\/02\/Pro8-1200x800-9b9f185.jpg\" \/>\n\t<meta property=\"og:image:width\" content=\"1199\" \/>\n\t<meta property=\"og:image:height\" content=\"800\" \/>\n\t<meta property=\"og:image:type\" content=\"image\/jpeg\" \/>\n<meta name=\"twitter:card\" content=\"summary_large_image\" \/>\n<meta name=\"twitter:label1\" content=\"Gesch\u00e4tzte Lesezeit\" \/>\n\t<meta name=\"twitter:data1\" content=\"1\u00a0Minute\" \/>\n<script type=\"application\/ld+json\" class=\"yoast-schema-graph\">{\"@context\":\"https:\/\/schema.org\",\"@graph\":[{\"@type\":\"WebPage\",\"@id\":\"https:\/\/hondapowertools.com\/fi\/tuote\/buy-golf-cart-pro\/\",\"url\":\"https:\/\/hondapowertools.com\/fi\/tuote\/buy-golf-cart-pro\/\",\"name\":\"Buy golf cart pro - HONDA POWER EQUIPMENT\",\"isPartOf\":{\"@id\":\"https:\/\/hondapowertools.com\/#website\"},\"primaryImageOfPage\":{\"@id\":\"https:\/\/hondapowertools.com\/fi\/tuote\/buy-golf-cart-pro\/#primaryimage\"},\"image\":{\"@id\":\"https:\/\/hondapowertools.com\/fi\/tuote\/buy-golf-cart-pro\/#primaryimage\"},\"thumbnailUrl\":\"https:\/\/hondapowertools.com\/wp-content\/uploads\/2025\/02\/Pro8-1200x800-9b9f185.jpg\",\"datePublished\":\"2025-02-15T06:56:31+00:00\",\"dateModified\":\"2025-02-15T06:56:32+00:00\",\"description\":\"Time to shop for your golf cart pro with amazing discounts that will help you maintain this amazing peace of items buy your gold cart pro now\",\"breadcrumb\":{\"@id\":\"https:\/\/hondapowertools.com\/fi\/tuote\/buy-golf-cart-pro\/#breadcrumb\"},\"inLanguage\":\"de\",\"potentialAction\":[{\"@type\":\"ReadAction\",\"target\":[\"https:\/\/hondapowertools.com\/fi\/tuote\/buy-golf-cart-pro\/\"]}]},{\"@type\":\"ImageObject\",\"inLanguage\":\"de\",\"@id\":\"https:\/\/hondapowertools.com\/fi\/tuote\/buy-golf-cart-pro\/#primaryimage\",\"url\":\"https:\/\/hondapowertools.com\/wp-content\/uploads\/2025\/02\/Pro8-1200x800-9b9f185.jpg\",\"contentUrl\":\"https:\/\/hondapowertools.com\/wp-content\/uploads\/2025\/02\/Pro8-1200x800-9b9f185.jpg\",\"width\":1199,\"height\":800,\"caption\":\"Buy golf cart pro\"},{\"@type\":\"BreadcrumbList\",\"@id\":\"https:\/\/hondapowertools.com\/fi\/tuote\/buy-golf-cart-pro\/#breadcrumb\",\"itemListElement\":[{\"@type\":\"ListItem\",\"position\":1,\"name\":\"Home\",\"item\":\"https:\/\/hondapowertools.com\/\"},{\"@type\":\"ListItem\",\"position\":2,\"name\":\"Shop\",\"item\":\"https:\/\/hondapowertools.com\/?page_id=10\"},{\"@type\":\"ListItem\",\"position\":3,\"name\":\"Buy golf cart pro\"}]},{\"@type\":\"WebSite\",\"@id\":\"https:\/\/hondapowertools.com\/#website\",\"url\":\"https:\/\/hondapowertools.com\/\",\"name\":\"HONDA POWER EQUIPMENTS\",\"description\":\"Honda Power Equipment\",\"publisher\":{\"@id\":\"https:\/\/hondapowertools.com\/#organization\"},\"potentialAction\":[{\"@type\":\"SearchAction\",\"target\":{\"@type\":\"EntryPoint\",\"urlTemplate\":\"https:\/\/hondapowertools.com\/?s={search_term_string}\"},\"query-input\":{\"@type\":\"PropertyValueSpecification\",\"valueRequired\":true,\"valueName\":\"search_term_string\"}}],\"inLanguage\":\"de\"},{\"@type\":\"Organization\",\"@id\":\"https:\/\/hondapowertools.com\/#organization\",\"name\":\"HONDA POWER TOOLS\",\"alternateName\":\"HONDA POWER EQUIPMENT\",\"url\":\"https:\/\/hondapowertools.com\/\",\"logo\":{\"@type\":\"ImageObject\",\"inLanguage\":\"de\",\"@id\":\"https:\/\/hondapowertools.com\/#\/schema\/logo\/image\/\",\"url\":\"https:\/\/hondapowertools.com\/wp-content\/uploads\/2025\/02\/cropped-honda-power-equipment-logo.png\",\"contentUrl\":\"https:\/\/hondapowertools.com\/wp-content\/uploads\/2025\/02\/cropped-honda-power-equipment-logo.png\",\"width\":290,\"height\":70,\"caption\":\"HONDA POWER TOOLS\"},\"image\":{\"@id\":\"https:\/\/hondapowertools.com\/#\/schema\/logo\/image\/\"}}]}<\/script>\n<!-- \/ Yoast SEO Premium plugin. -->","yoast_head_json":{"title":"Buy golf cart pro - HONDA POWER EQUIPMENT","description":"Time to shop for your golf cart pro with amazing discounts that will help you maintain this amazing peace of items buy your gold cart pro now","robots":{"index":"index","follow":"follow","max-snippet":"max-snippet:-1","max-image-preview":"max-image-preview:large","max-video-preview":"max-video-preview:-1"},"canonical":"https:\/\/hondapowertools.com\/de\/tuote\/buy-golf-cart-pro\/","og_locale":"de_DE","og_type":"article","og_title":"Buy golf cart pro","og_description":"Time to shop for your golf cart pro with amazing discounts that will help you maintain this amazing peace of items buy your gold cart pro now","og_url":"https:\/\/hondapowertools.com\/de\/tuote\/buy-golf-cart-pro\/","og_site_name":"HONDA POWER EQUIPMENT","article_modified_time":"2025-02-15T06:56:32+00:00","og_image":[{"width":1199,"height":800,"url":"https:\/\/hondapowertools.com\/wp-content\/uploads\/2025\/02\/Pro8-1200x800-9b9f185.jpg","type":"image\/jpeg"}],"twitter_card":"summary_large_image","twitter_misc":{"Gesch\u00e4tzte Lesezeit":"1\u00a0Minute"},"schema":{"@context":"https:\/\/schema.org","@graph":[{"@type":"WebPage","@id":"https:\/\/hondapowertools.com\/fi\/tuote\/buy-golf-cart-pro\/","url":"https:\/\/hondapowertools.com\/fi\/tuote\/buy-golf-cart-pro\/","name":"Buy golf cart pro - HONDA POWER EQUIPMENT","isPartOf":{"@id":"https:\/\/hondapowertools.com\/#website"},"primaryImageOfPage":{"@id":"https:\/\/hondapowertools.com\/fi\/tuote\/buy-golf-cart-pro\/#primaryimage"},"image":{"@id":"https:\/\/hondapowertools.com\/fi\/tuote\/buy-golf-cart-pro\/#primaryimage"},"thumbnailUrl":"https:\/\/hondapowertools.com\/wp-content\/uploads\/2025\/02\/Pro8-1200x800-9b9f185.jpg","datePublished":"2025-02-15T06:56:31+00:00","dateModified":"2025-02-15T06:56:32+00:00","description":"Time to shop for your golf cart pro with amazing discounts that will help you maintain this amazing peace of items buy your gold cart pro now","breadcrumb":{"@id":"https:\/\/hondapowertools.com\/fi\/tuote\/buy-golf-cart-pro\/#breadcrumb"},"inLanguage":"de","potentialAction":[{"@type":"ReadAction","target":["https:\/\/hondapowertools.com\/fi\/tuote\/buy-golf-cart-pro\/"]}]},{"@type":"ImageObject","inLanguage":"de","@id":"https:\/\/hondapowertools.com\/fi\/tuote\/buy-golf-cart-pro\/#primaryimage","url":"https:\/\/hondapowertools.com\/wp-content\/uploads\/2025\/02\/Pro8-1200x800-9b9f185.jpg","contentUrl":"https:\/\/hondapowertools.com\/wp-content\/uploads\/2025\/02\/Pro8-1200x800-9b9f185.jpg","width":1199,"height":800,"caption":"Buy golf cart pro"},{"@type":"BreadcrumbList","@id":"https:\/\/hondapowertools.com\/fi\/tuote\/buy-golf-cart-pro\/#breadcrumb","itemListElement":[{"@type":"ListItem","position":1,"name":"Home","item":"https:\/\/hondapowertools.com\/"},{"@type":"ListItem","position":2,"name":"Shop","item":"https:\/\/hondapowertools.com\/?page_id=10"},{"@type":"ListItem","position":3,"name":"Buy golf cart pro"}]},{"@type":"WebSite","@id":"https:\/\/hondapowertools.com\/#website","url":"https:\/\/hondapowertools.com\/","name":"HONDA POWER EQUIPMENTS","description":"Honda Power Equipment","publisher":{"@id":"https:\/\/hondapowertools.com\/#organization"},"potentialAction":[{"@type":"SearchAction","target":{"@type":"EntryPoint","urlTemplate":"https:\/\/hondapowertools.com\/?s={search_term_string}"},"query-input":{"@type":"PropertyValueSpecification","valueRequired":true,"valueName":"search_term_string"}}],"inLanguage":"de"},{"@type":"Organization","@id":"https:\/\/hondapowertools.com\/#organization","name":"HONDA POWER TOOLS","alternateName":"HONDA POWER EQUIPMENT","url":"https:\/\/hondapowertools.com\/","logo":{"@type":"ImageObject","inLanguage":"de","@id":"https:\/\/hondapowertools.com\/#\/schema\/logo\/image\/","url":"https:\/\/hondapowertools.com\/wp-content\/uploads\/2025\/02\/cropped-honda-power-equipment-logo.png","contentUrl":"https:\/\/hondapowertools.com\/wp-content\/uploads\/2025\/02\/cropped-honda-power-equipment-logo.png","width":290,"height":70,"caption":"HONDA POWER TOOLS"},"image":{"@id":"https:\/\/hondapowertools.com\/#\/schema\/logo\/image\/"}}]}},"_links":{"self":[{"href":"https:\/\/hondapowertools.com\/de\/wp-json\/wp\/v2\/product\/806","targetHints":{"allow":["GET"]}}],"collection":[{"href":"https:\/\/hondapowertools.com\/de\/wp-json\/wp\/v2\/product"}],"about":[{"href":"https:\/\/hondapowertools.com\/de\/wp-json\/wp\/v2\/types\/product"}],"replies":[{"embeddable":true,"href":"https:\/\/hondapowertools.com\/de\/wp-json\/wp\/v2\/comments?post=806"}],"wp:featuredmedia":[{"embeddable":true,"href":"https:\/\/hondapowertools.com\/de\/wp-json\/wp\/v2\/media\/807"}],"wp:attachment":[{"href":"https:\/\/hondapowertools.com\/de\/wp-json\/wp\/v2\/media?parent=806"}],"wp:term":[{"taxonomy":"product_brand","embeddable":true,"href":"https:\/\/hondapowertools.com\/de\/wp-json\/wp\/v2\/product_brand?post=806"},{"taxonomy":"product_cat","embeddable":true,"href":"https:\/\/hondapowertools.com\/de\/wp-json\/wp\/v2\/product_cat?post=806"},{"taxonomy":"product_tag","embeddable":true,"href":"https:\/\/hondapowertools.com\/de\/wp-json\/wp\/v2\/product_tag?post=806"}],"curies":[{"name":"wp","href":"https:\/\/api.w.org\/{rel}","templated":true}]}}