{"id":330,"date":"2025-02-07T18:38:11","date_gmt":"2025-02-07T18:38:11","guid":{"rendered":"https:\/\/hondapowertools.com\/?page_id=330"},"modified":"2025-02-08T11:37:20","modified_gmt":"2025-02-08T11:37:20","slug":"about-us","status":"publish","type":"page","link":"https:\/\/hondapowertools.com\/es\/about-us\/","title":{"rendered":"Qui\u00e9nes somos"},"content":{"rendered":"<div class=\"row\"  id=\"row-1086426909\">\n\n\n\t<div id=\"col-1796208985\" class=\"col small-12 large-12\"  >\n\t\t\t\t<div class=\"col-inner\"  >\n\t\t\t\n\t\t\t\n\n\t<div class=\"img has-hover x md-x lg-x y md-y lg-y\" id=\"image_1363133557\">\n\t\t\t\t\t\t\t\t<div class=\"img-inner dark\" >\n\t\t\t<img loading=\"lazy\" decoding=\"async\" width=\"1000\" height=\"363\" src=\"https:\/\/hondapowertools.com\/wp-content\/uploads\/2025\/02\/inside-store.jpg\" class=\"attachment-large size-large\" alt=\"\" srcset=\"https:\/\/hondapowertools.com\/wp-content\/uploads\/2025\/02\/inside-store.jpg 1000w, https:\/\/hondapowertools.com\/wp-content\/uploads\/2025\/02\/inside-store-300x109.jpg 300w, https:\/\/hondapowertools.com\/wp-content\/uploads\/2025\/02\/inside-store-768x279.jpg 768w, https:\/\/hondapowertools.com\/wp-content\/uploads\/2025\/02\/inside-store-510x185.jpg 510w\" sizes=\"auto, (max-width: 1000px) 100vw, 1000px\" \/>\t\t\t\t\t\t\t<div class=\"overlay\" style=\"background-color: rgba(34, 31, 31, 0.448)\"><\/div>\n\t\t\t\t\t\t\n\t\t\t\t\t<\/div>\n\t\t\t\t\t\t\t\t\n<style>\n#image_1363133557 {\n  width: 100%;\n}\n<\/style>\n\t<\/div>\n\t\n\n\n\t\t<\/div>\n\t\t\t\t\t<\/div>\n\n\t\n\n<\/div>\n<div class=\"container section-title-container\" ><h3 class=\"section-title section-title-normal\"><b><\/b><span class=\"section-title-main\" style=\"color:rgb(0, 0, 0);\">Acerca de Honda Power Equipment<\/span><b><\/b><\/h3><\/div>\n\n\t<div id=\"text-1063041955\" class=\"text\">\n\t\t\n\n<p>El compromiso de Honda de crear productos que mejoren la calidad de vida de las personas va mucho m\u00e1s all\u00e1 de los autom\u00f3viles y las motocicletas. Desde 1953, Honda ha fabricado m\u00e1s de 100 millones de productos de propulsi\u00f3n en todo el mundo. Honda sigue siendo l\u00edder en el desarrollo de motores de 4 tiempos de bajas emisiones, bajo consumo y respetuosos con el medio ambiente para su uso en generadores, bombas de agua, cortac\u00e9spedes, motores fueraborda y muchas otras aplicaciones de equipos de potencia. M\u00e1s informaci\u00f3n sobre la historia global de Honda Power Products .<\/p>\n<p>Honda Power Equipment, with headquarters in Alpharetta, Georgia, consists of three distinct operating units: Honda Power Equipment,\u00a0Honda Marine, and\u00a0Honda Engines\u00a0. The division&#8217;s products, including engines, generators, <a href=\"https:\/\/hondapowertools.com\/es\/producto\/hrc216hxa\/\"  data-wpil-monitor-id=\"29\">lawn mowers<\/a>, pumps, snow blowers, tillers, trimmers, and marine engines, are assembled in Honda plants in the United States and around the world.<\/p>\n<h2>Productos actuales<\/h2>\n<p>Honda Power Equipment ofrece m\u00e1s de 70 modelos en seis grandes familias de productos:<\/p>\n<ul class=\"g-pa-0\">\n<li>Generadores: de 1.000 vatios a 10.000 vatios en modelos dise\u00f1ados para aplicaciones residenciales, recreativas e industriales.<\/li>\n<li><a href=\"https:\/\/hondapowertools.com\/es\/etiqueta-producto\/honda-hrx217vka-lawn-mower\/\"  data-wpil-monitor-id=\"33\">Cortac\u00e9spedes<\/a>: 21-inch push-type and self-propelled models for premium residential and commercial gardening applications.<\/li>\n<li>Bombas: una amplia variedad de modelos de achique general, multiuso, comerciales y sumergibles con capacidades de descarga de 37 a 433 galones por minuto.<\/li>\n<li><a href=\"https:\/\/hondapowertools.com\/es\/etiqueta-producto\/honda-hss928at-two-stage-track-drive-gas-snow-blower\/\"  data-wpil-monitor-id=\"34\">Snow blowers<\/a>: wheel drive, track drive, and lightweight models capable of moving from 1500 to 3000 lbs of snow.<\/li>\n<li>Motocultores: modelos mini-medianos y de p\u00faas traseras.<\/li>\n<li>Trimmers: three trimmer models in a variety of trim heads, engine sizes, and handle design choices, as well as the Honda VersAttach system, a multi-tool system featuring 2 <a href=\"https:\/\/hondapowertools.com\/es\/etiqueta-producto\/echo-power-pruner-attachment\/\"  data-wpil-monitor-id=\"36\">power heads and six attachments<\/a>.<\/li>\n<\/ul>\n<p>\u00a0<\/p>\n<p>Honda Power Equipment cuenta con una red de miles de concesionarios independientes en todo Estados Unidos, que ofrecen a los consumidores un apoyo y una experiencia excepcionales. Un selecto n\u00famero de concesionarios tambi\u00e9n se han calificado para el m\u00e1s alto reconocimiento de Honda, Honda Premier. Los Concesionarios Honda Premier cumplen con los m\u00e1s altos est\u00e1ndares de representaci\u00f3n de marca, rendimiento de ventas y servicio de producto, proporcionando la mejor experiencia global al cliente Honda. Los productos Honda tambi\u00e9n se pueden encontrar en Home Depot y en miles de puntos de alquiler de todo el pa\u00eds.<\/p>\n<h2>Historia<\/h2>\n<p>Honda began manufacturing small engines for use in power equipment products in 1953. In 1973 Honda introduced <a href=\"https:\/\/hondapowertools.com\/es\/producto\/eu2200i-generator\/\"  data-wpil-monitor-id=\"30\">Honda Generators<\/a>, Tillers and Outboards into the U.S. Market. <a href=\"https:\/\/hondapowertools.com\/es\/etiqueta-producto\/honda-wx10-water-pump\/\"  data-wpil-monitor-id=\"35\">Water Pumps<\/a> were added to the Power Equipment lineup in 1975, followed by Lawn Mowers in 1979. Four years later, <a href=\"https:\/\/hondapowertools.com\/es\/categoria-producto\/honda-snow-blowers\/\"  data-wpil-monitor-id=\"31\">Honda snow blowers<\/a> were added to the product lineup.<\/p>\n<p>En 2015, Honda celebr\u00f3 un hito importante: m\u00e1s de 40 millones de clientes satisfechos de Power Equipment en Estados Unidos.<\/p>\n<h2>Fabricaci\u00f3n e I+D<\/h2>\n<p>Los productos Honda Power Equipment se ensamblan en 11 plantas de fabricaci\u00f3n de Honda en todo el mundo, incluyendo Honda Power Equipment Mfg., LLC ubicada en Swepsonville, Carolina del Norte. Las actividades de investigaci\u00f3n, desarrollo y pruebas se llevan a cabo en Honda R&amp;D Americas, Inc, tambi\u00e9n ubicada en Carolina del Norte, y Honda R&amp;D Co, Ltd., en Jap\u00f3n.<\/p>\n<p>Honda Power Equipment Mfg., LLC (HPE) ha aumentado su producci\u00f3n de motores de uso general a 2 millones de motores al a\u00f1o para su uso por Honda y otros fabricantes.<\/p>\n<p>In addition to engines, HPE produces <a href=\"https:\/\/hondapowertools.com\/es\/categoria-producto\/honda-lawn-mowers\/\"  data-wpil-monitor-id=\"32\">Honda lawn mowers<\/a>, generators, snow blowers, pumps, tillers, and string trimmers.<\/p>\n<p>El Centro de Investigaci\u00f3n y Desarrollo de Honda en Carolina del Norte es una instalaci\u00f3n de 11.000 pies cuadrados establecida en 1993 que realiza ingenier\u00eda de producto, desarrollo de prototipos y pruebas de productos de equipos de potencia.<\/p>\n<p>La informaci\u00f3n para los medios de comunicaci\u00f3n sobre los productos Honda est\u00e1 disponible en www.hondanews.com.<\/p>\n\t\t\n<style>\n#text-1063041955 {\n  font-size: 0.95rem;\n  line-height: 2.05;\n  color: rgb(0,0,0);\n}\n#text-1063041955 > * {\n  color: rgb(0,0,0);\n}\n<\/style>\n\t<\/div>","protected":false},"excerpt":{"rendered":"","protected":false},"author":1,"featured_media":0,"parent":0,"menu_order":0,"comment_status":"closed","ping_status":"closed","template":"","meta":{"footnotes":""},"class_list":["post-330","page","type-page","status-publish","hentry"],"yoast_head":"<!-- This site is optimized with the Yoast SEO Premium plugin v26.2 (Yoast SEO v26.2) - https:\/\/yoast.com\/wordpress\/plugins\/seo\/ -->\n<title>About Us - HONDA POWER EQUIPMENT<\/title>\n<meta name=\"robots\" content=\"index, follow, max-snippet:-1, max-image-preview:large, max-video-preview:-1\" \/>\n<link rel=\"canonical\" href=\"https:\/\/hondapowertools.com\/es\/about-us\/\" \/>\n<meta property=\"og:locale\" content=\"es_MX\" \/>\n<meta property=\"og:type\" content=\"article\" \/>\n<meta property=\"og:title\" content=\"About Us\" \/>\n<meta property=\"og:url\" content=\"https:\/\/hondapowertools.com\/es\/about-us\/\" \/>\n<meta property=\"og:site_name\" content=\"HONDA POWER EQUIPMENT\" \/>\n<meta property=\"article:modified_time\" content=\"2025-02-08T11:37:20+00:00\" \/>\n<meta name=\"twitter:card\" content=\"summary_large_image\" \/>\n<meta name=\"twitter:label1\" content=\"Tiempo de lectura\" \/>\n\t<meta name=\"twitter:data1\" content=\"3 minutos\" \/>\n<script type=\"application\/ld+json\" class=\"yoast-schema-graph\">{\"@context\":\"https:\/\/schema.org\",\"@graph\":[{\"@type\":\"WebPage\",\"@id\":\"https:\/\/hondapowertools.com\/about-us\/\",\"url\":\"https:\/\/hondapowertools.com\/about-us\/\",\"name\":\"About Us - HONDA POWER EQUIPMENT\",\"isPartOf\":{\"@id\":\"https:\/\/hondapowertools.com\/#website\"},\"datePublished\":\"2025-02-07T18:38:11+00:00\",\"dateModified\":\"2025-02-08T11:37:20+00:00\",\"breadcrumb\":{\"@id\":\"https:\/\/hondapowertools.com\/about-us\/#breadcrumb\"},\"inLanguage\":\"es\",\"potentialAction\":[{\"@type\":\"ReadAction\",\"target\":[\"https:\/\/hondapowertools.com\/about-us\/\"]}]},{\"@type\":\"BreadcrumbList\",\"@id\":\"https:\/\/hondapowertools.com\/about-us\/#breadcrumb\",\"itemListElement\":[{\"@type\":\"ListItem\",\"position\":1,\"name\":\"Home\",\"item\":\"https:\/\/hondapowertools.com\/\"},{\"@type\":\"ListItem\",\"position\":2,\"name\":\"About Us\"}]},{\"@type\":\"WebSite\",\"@id\":\"https:\/\/hondapowertools.com\/#website\",\"url\":\"https:\/\/hondapowertools.com\/\",\"name\":\"HONDA POWER EQUIPMENTS\",\"description\":\"Honda Power Equipment\",\"publisher\":{\"@id\":\"https:\/\/hondapowertools.com\/#organization\"},\"potentialAction\":[{\"@type\":\"SearchAction\",\"target\":{\"@type\":\"EntryPoint\",\"urlTemplate\":\"https:\/\/hondapowertools.com\/?s={search_term_string}\"},\"query-input\":{\"@type\":\"PropertyValueSpecification\",\"valueRequired\":true,\"valueName\":\"search_term_string\"}}],\"inLanguage\":\"es\"},{\"@type\":\"Organization\",\"@id\":\"https:\/\/hondapowertools.com\/#organization\",\"name\":\"HONDA POWER TOOLS\",\"alternateName\":\"HONDA POWER EQUIPMENT\",\"url\":\"https:\/\/hondapowertools.com\/\",\"logo\":{\"@type\":\"ImageObject\",\"inLanguage\":\"es\",\"@id\":\"https:\/\/hondapowertools.com\/#\/schema\/logo\/image\/\",\"url\":\"https:\/\/hondapowertools.com\/wp-content\/uploads\/2025\/02\/cropped-honda-power-equipment-logo.png\",\"contentUrl\":\"https:\/\/hondapowertools.com\/wp-content\/uploads\/2025\/02\/cropped-honda-power-equipment-logo.png\",\"width\":290,\"height\":70,\"caption\":\"HONDA POWER TOOLS\"},\"image\":{\"@id\":\"https:\/\/hondapowertools.com\/#\/schema\/logo\/image\/\"}}]}<\/script>\n<!-- \/ Yoast SEO Premium plugin. -->","yoast_head_json":{"title":"About Us - HONDA POWER EQUIPMENT","robots":{"index":"index","follow":"follow","max-snippet":"max-snippet:-1","max-image-preview":"max-image-preview:large","max-video-preview":"max-video-preview:-1"},"canonical":"https:\/\/hondapowertools.com\/es\/about-us\/","og_locale":"es_MX","og_type":"article","og_title":"About Us","og_url":"https:\/\/hondapowertools.com\/es\/about-us\/","og_site_name":"HONDA POWER EQUIPMENT","article_modified_time":"2025-02-08T11:37:20+00:00","twitter_card":"summary_large_image","twitter_misc":{"Tiempo de lectura":"3 minutos"},"schema":{"@context":"https:\/\/schema.org","@graph":[{"@type":"WebPage","@id":"https:\/\/hondapowertools.com\/about-us\/","url":"https:\/\/hondapowertools.com\/about-us\/","name":"About Us - HONDA POWER EQUIPMENT","isPartOf":{"@id":"https:\/\/hondapowertools.com\/#website"},"datePublished":"2025-02-07T18:38:11+00:00","dateModified":"2025-02-08T11:37:20+00:00","breadcrumb":{"@id":"https:\/\/hondapowertools.com\/about-us\/#breadcrumb"},"inLanguage":"es","potentialAction":[{"@type":"ReadAction","target":["https:\/\/hondapowertools.com\/about-us\/"]}]},{"@type":"BreadcrumbList","@id":"https:\/\/hondapowertools.com\/about-us\/#breadcrumb","itemListElement":[{"@type":"ListItem","position":1,"name":"Home","item":"https:\/\/hondapowertools.com\/"},{"@type":"ListItem","position":2,"name":"About Us"}]},{"@type":"WebSite","@id":"https:\/\/hondapowertools.com\/#website","url":"https:\/\/hondapowertools.com\/","name":"HONDA POWER EQUIPMENTS","description":"Honda Power Equipment","publisher":{"@id":"https:\/\/hondapowertools.com\/#organization"},"potentialAction":[{"@type":"SearchAction","target":{"@type":"EntryPoint","urlTemplate":"https:\/\/hondapowertools.com\/?s={search_term_string}"},"query-input":{"@type":"PropertyValueSpecification","valueRequired":true,"valueName":"search_term_string"}}],"inLanguage":"es"},{"@type":"Organization","@id":"https:\/\/hondapowertools.com\/#organization","name":"HONDA POWER TOOLS","alternateName":"HONDA POWER EQUIPMENT","url":"https:\/\/hondapowertools.com\/","logo":{"@type":"ImageObject","inLanguage":"es","@id":"https:\/\/hondapowertools.com\/#\/schema\/logo\/image\/","url":"https:\/\/hondapowertools.com\/wp-content\/uploads\/2025\/02\/cropped-honda-power-equipment-logo.png","contentUrl":"https:\/\/hondapowertools.com\/wp-content\/uploads\/2025\/02\/cropped-honda-power-equipment-logo.png","width":290,"height":70,"caption":"HONDA POWER TOOLS"},"image":{"@id":"https:\/\/hondapowertools.com\/#\/schema\/logo\/image\/"}}]}},"_links":{"self":[{"href":"https:\/\/hondapowertools.com\/es\/wp-json\/wp\/v2\/pages\/330","targetHints":{"allow":["GET"]}}],"collection":[{"href":"https:\/\/hondapowertools.com\/es\/wp-json\/wp\/v2\/pages"}],"about":[{"href":"https:\/\/hondapowertools.com\/es\/wp-json\/wp\/v2\/types\/page"}],"author":[{"embeddable":true,"href":"https:\/\/hondapowertools.com\/es\/wp-json\/wp\/v2\/users\/1"}],"replies":[{"embeddable":true,"href":"https:\/\/hondapowertools.com\/es\/wp-json\/wp\/v2\/comments?post=330"}],"version-history":[{"count":6,"href":"https:\/\/hondapowertools.com\/es\/wp-json\/wp\/v2\/pages\/330\/revisions"}],"predecessor-version":[{"id":946,"href":"https:\/\/hondapowertools.com\/es\/wp-json\/wp\/v2\/pages\/330\/revisions\/946"}],"wp:attachment":[{"href":"https:\/\/hondapowertools.com\/es\/wp-json\/wp\/v2\/media?parent=330"}],"curies":[{"name":"wp","href":"https:\/\/api.w.org\/{rel}","templated":true}]}}