{"id":456,"date":"2025-02-09T06:53:44","date_gmt":"2025-02-09T06:53:44","guid":{"rendered":"https:\/\/hondapowertools.com\/?post_type=product&#038;p=456"},"modified":"2025-02-09T06:57:29","modified_gmt":"2025-02-09T06:57:29","slug":"eu3000is","status":"publish","type":"product","link":"https:\/\/hondapowertools.com\/es\/producto\/eu3000is\/","title":{"rendered":"EU3000iS"},"content":{"rendered":"<div><\/div>\n<div><\/div>\n<h2>Generador\/inversor Honda Eu3000is<\/h2>\n<div><\/div>\n<div id=\"Features\" class=\"anchor2 container g-py-0\">\n<div class=\"row\">\n<div><\/div>\n<div class=\"col-lg-2 featimg text-center g-pa-10 g-mb-0 g-font-weight-600\"><img decoding=\"async\" class=\"img-fluid\" src=\"https:\/\/services.powerequipment.honda.com\/content\/images\/pe\/models\/features\/thumbs\/app_refrig.microwave.rv.jpg\" alt=\"Excellent source of power for RVs, including 13,500 BTU AC units, and basic home backup power\" \/><\/div>\n<div class=\"col-lg-4 g-pa-10 g-mb-0\">\n<p><span class=\"g-color-black g-font-weight-700\">Honda eu3000is es una excelente fuente de energ\u00eda para veh\u00edculos recreativos, incluyendo unidades de CA de 13.500 BTU, y energ\u00eda de reserva b\u00e1sica para el hogar<\/span>Este popular modelo puede operar varios aparatos, incluyendo un horno, nevera, microondas, la mayor\u00eda de las unidades de 13.500 BTU RV AC, y mucho m\u00e1s. Echa un vistazo a la pesta\u00f1a de aplicaciones para ver m\u00e1s ejemplos.<\/p>\n<\/div>\n<div class=\"col-lg-2 featimg text-center g-pa-10 g-mb-0 g-font-weight-600\"><img decoding=\"async\" class=\"img-fluid\" src=\"https:\/\/services.powerequipment.honda.com\/content\/images\/pe\/models\/features\/thumbs\/honda-quiet-icon.jpg\" alt=\"Super quiet - less noise than normal conversation\" \/><\/div>\n<div class=\"col-lg-4 g-pa-10 g-mb-0\">\n<p><span class=\"g-color-black g-font-weight-700\">Super silencioso - menos ruido que una conversaci\u00f3n normal<\/span>\u00a0silencioso, sus vecinos se lo agradecer\u00e1n. El Honda eu3000is funciona entre 50 y 57 dB(A), que es menos ruido que una conversaci\u00f3n normal. Esto lo hace ideal para acampar, la energ\u00eda RV, y cualquier otra actividad que requiera un funcionamiento silencioso.<\/p>\n<\/div>\n<div class=\"col-lg-2 featimg text-center g-pa-10 g-mb-0 g-font-weight-600\"><img decoding=\"async\" class=\"img-fluid\" src=\"https:\/\/services.powerequipment.honda.com\/content\/images\/pe\/models\/features\/thumbs\/co-minder-logo.jpg\" alt=\"CO-MINDER: Advanced Carbon Monoxide Detection System\" \/><\/div>\n<div class=\"col-lg-4 g-pa-10 g-mb-0\">\n<p><span class=\"g-color-black g-font-weight-700\">CO-MINDER: Sistema avanzado de detecci\u00f3n de mon\u00f3xido de carbono<\/span>CO-MINDER<sup>\u2122<\/sup>\u00a0supervisa continuamente los niveles de mon\u00f3xido de carbono (CO). Apaga autom\u00e1ticamente el generador antes de que los niveles de CO detectados cerca del generador sean peligrosamente altos.<\/p>\n<\/div>\n<div class=\"col-lg-2 featimg text-center g-pa-10 g-mb-0 g-font-weight-600\"><\/div>\n<div class=\"col-lg-4 g-pa-10 g-mb-0\">\n<p><span class=\"g-color-black g-font-weight-700\">C\u00f3modo arranque el\u00e9ctrico y f\u00e1cil<\/span> Tambi\u00e9n hay disponibles arrancadores de retroceso de repuesto.<\/p>\n<\/div>\n<div class=\"col-lg-2 featimg text-center g-pa-10 g-mb-0 g-font-weight-600\"><img decoding=\"async\" class=\"img-fluid\" src=\"https:\/\/services.powerequipment.honda.com\/content\/images\/pe\/models\/features\/thumbs\/generator-eco-throttle.jpg\" alt=\"Fuel efficient - Runs nearly 20 hours on 3.4 gal of fuel\" \/><\/div>\n<div class=\"col-lg-4 g-pa-10 g-mb-0\">\n<p><span class=\"g-color-black g-font-weight-700\">Ahorro de combustible - Funciona casi 20 horas con 3,4 galones de combustible gracias<\/span>\u00a0Gracias a nuestro exclusivo sistema Eco Throttle, el generador Honda eu3000is ofrece una gran eficiencia de combustible. Funciona de 6,9 a 19,6 horas con un solo dep\u00f3sito, dependiendo de la carga. Esto lo hace ideal para funcionar durante la noche.<\/p>\n<\/div>\n<div class=\"col-lg-2 featimg text-center g-pa-10 g-mb-0 g-font-weight-600\"><img decoding=\"async\" class=\"img-fluid\" src=\"https:\/\/services.powerequipment.honda.com\/content\/images\/pe\/models\/features\/thumbs\/generator-inverter-sine-wave.gif\" alt=\"Advanced inverter technology - reliable power for computers and other sensitive equipment\" \/><\/div>\n<div class=\"col-lg-4 g-pa-10 g-mb-0\">\n<p><span class=\"g-color-black g-font-weight-700\">Tecnolog\u00eda inverter avanzada: alimentaci\u00f3n fiable para ordenadores y otros equipos sensibles<\/span>La tecnolog\u00eda inverter de Honda significa potencia estable y limpia en un paquete m\u00e1s peque\u00f1o y ligero. La precisi\u00f3n de <a href=\"https:\/\/hondapowertools.com\/es\/etiqueta-producto\/honda-eu2200i-camo-2200-watt-portable-inverter-generator-eu2200i-camo\/\" data-wpil-monitor-id=\"9\">La tecnolog\u00eda inverter de Honda garantiza que nuestros generadores inverter produzcan una energ\u00eda tan fiable como la que obtiene de sus enchufes en casa.<\/a>.<\/p>\n<\/div>\n<div class=\"col-lg-2 featimg text-center g-pa-10 g-mb-0 g-font-weight-600\"><img decoding=\"async\" class=\"img-fluid\" src=\"https:\/\/services.powerequipment.honda.com\/content\/images\/pe\/models\/features\/thumbs\/eu3000is-parallel-cable.jpg\" alt=\"Add more power with parallel capability\" \/><\/div>\n<div class=\"col-lg-4 g-pa-10 g-mb-0\">\n<p><span class=\"g-color-black g-font-weight-700\">A\u00f1ade m\u00e1s potencia con la capacidad paralela<\/span>\u00bfNecesita m\u00e1s potencia? A\u00f1ada un segundo EU3000iS para obtener potencia adicional. Dos modelos id\u00e9nticos pueden ponerse en paralelo con un cable opcional.<\/p>\n<\/div>\n<div class=\"col-lg-2 featimg text-center g-pa-10 g-mb-0 g-font-weight-600\"><img decoding=\"async\" class=\"img-fluid\" src=\"https:\/\/services.powerequipment.honda.com\/content\/images\/pe\/models\/features\/thumbs\/honda-3-year-warranty.jpg\" alt=\"3 year residential warranty\" \/><\/div>\n<div class=\"col-lg-4 g-pa-10 g-mb-0\">\n<p><span class=\"g-color-black g-font-weight-700\">Garant\u00eda residencial de 3 a\u00f1os<\/span>Puede estar tranquilo, sabiendo que su generador est\u00e1 cubierto de arriba abajo durante 3 a\u00f1os completos.<\/p>\n<\/div>\n<div class=\"col-lg-2 featimg text-center g-pa-10 g-mb-0 g-font-weight-600\"><\/div>\n<div class=\"col-lg-4 g-pa-10 g-mb-0\">\n<p><span class=\"g-color-black g-font-weight-700\">Protegido por Alerta Petrolera<sup>\u00ae<\/sup><\/span>Protege el generador apagando el motor cuando se detecta bajo nivel de aceite.<\/p>\n<\/div>\n<div class=\"col-lg-2 featimg text-center g-pa-10 g-mb-0 g-font-weight-600\"><\/div>\n<div class=\"col-lg-4 g-pa-10 g-mb-0\">\n<p><span class=\"g-color-black g-font-weight-700\">Parachispas\/silenciador calificado por la USDA<\/span><\/p>\n<\/div>\n<div class=\"col-lg-2 featimg text-center g-pa-10 g-mb-0 g-font-weight-600\"><\/div>\n<div class=\"col-lg-4 g-pa-10 g-mb-0\">\n<p><span class=\"g-color-black g-font-weight-700\">Circuito protegido<\/span>Protege el generador de sobrecargas.<\/p>\n<\/div>\n<\/div>\n<\/div>\n<div id=\"Specs\" class=\"anchor2 container g-py-0\">\n<div class=\"col-lg-12 g-pa-0\">\n<div class=\"u-heading-v3-1 g-bg-main g-brd-main u-heading-v3-1 g-bg-main g-brd-main g-my-30 col-lg-12 g-pa-0\">\n<h2 class=\"h3 u-heading-v3__title\">Especificaciones<\/h2>\n<\/div>\n<div class=\"g-pt-30 container\">\n<div class=\"col-lg-12 g-pa-0\">\n<div class=\"col-lg-12 g-brd-bottom g-brd-gray-light-v4 g-pt-0 g-pb-20 g-mb-0\"><span class=\"g-font-weight-600\">Nombre completo del modelo<\/span><span class=\"pull-right w-50\">EU3000IS1AN<\/span><\/div>\n<\/div>\n<\/div>\n<div class=\"g-pt-30 container\">\n<div class=\"col-lg-12 g-pa-0\">\n<div class=\"col-lg-12 g-brd-bottom g-brd-gray-light-v4 g-pt-0 g-pb-20 g-mb-0\"><span class=\"g-font-weight-600\">Motor<\/span><span class=\"pull-right w-50\">Honda GX200<\/span><\/div>\n<\/div>\n<\/div>\n<div class=\"g-pt-30 container\">\n<div class=\"col-lg-12 g-pa-0\">\n<div class=\"col-lg-12 g-brd-bottom g-brd-gray-light-v4 g-pt-0 g-pb-20 g-mb-0\"><span class=\"g-font-weight-600\">Desplazamiento<\/span><span class=\"pull-right w-50\">196 cc<\/span><\/div>\n<\/div>\n<\/div>\n<div class=\"g-pt-30 container\">\n<div class=\"col-lg-12 g-pa-0\">\n<div class=\"col-lg-12 g-brd-bottom g-brd-gray-light-v4 g-pt-0 g-pb-20 g-mb-0\"><span class=\"g-font-weight-600\">Salida CA<\/span><span class=\"pull-right w-50\">120V 3000W m\u00e1x.(25A) 2800W nominal (23.3A)<\/span><\/div>\n<\/div>\n<\/div>\n<div class=\"g-pt-30 container\">\n<div class=\"col-lg-12 g-pa-0\">\n<div class=\"col-lg-12 g-brd-bottom g-brd-gray-light-v4 g-pt-0 g-pb-20 g-mb-0\"><span class=\"g-font-weight-600\">Recept\u00e1culos<\/span><span class=\"pull-right w-50\">20A 125V Duplex, 30A 125V Enchufe de bloqueo<\/span><\/div>\n<\/div>\n<\/div>\n<div class=\"g-pt-30 container\">\n<div class=\"col-lg-12 g-pa-0\">\n<div class=\"col-lg-12 g-brd-bottom g-brd-gray-light-v4 g-pt-0 g-pb-20 g-mb-0\"><span class=\"g-font-weight-600\">Salida CC<\/span><span class=\"pull-right w-50\">NA<\/span><\/div>\n<\/div>\n<\/div>\n<div class=\"g-pt-30 container\">\n<div class=\"col-lg-12 g-pa-0\">\n<div class=\"col-lg-12 g-brd-bottom g-brd-gray-light-v4 g-pt-0 g-pb-20 g-mb-0\"><span class=\"g-font-weight-600\">Sistema de arranque<\/span><span class=\"pull-right w-50\">Retroceso, el\u00e9ctrico<\/span><\/div>\n<\/div>\n<\/div>\n<div class=\"g-pt-30 container\">\n<div class=\"col-lg-12 g-pa-0\">\n<div class=\"col-lg-12 g-brd-bottom g-brd-gray-light-v4 g-pt-0 g-pb-20 g-mb-0\"><span class=\"g-font-weight-600\">Capacidad del dep\u00f3sito de combustible 3,4<\/span><span class=\"pull-right w-50\">\u00a0gal.<\/span><\/div>\n<\/div>\n<\/div>\n<div class=\"g-pt-30 container\">\n<div class=\"col-lg-12 g-pa-0\">\n<div class=\"col-lg-12 g-brd-bottom g-brd-gray-light-v4 g-pt-0 g-pb-20 g-mb-0\"><span class=\"g-font-weight-600\">Tiempo de funcionamiento por dep\u00f3sito<\/span><span class=\"pull-right w-50\">6,9 h a carga nominal 19,6 h a 1\/4 de carga<\/span><\/div>\n<\/div>\n<\/div>\n<div class=\"g-pt-30 container\">\n<div class=\"col-lg-12 g-pa-0\">\n<div class=\"col-lg-12 g-brd-bottom g-brd-gray-light-v4 g-pt-0 g-pb-20 g-mb-0\"><span class=\"g-font-weight-600\">Dimensiones (L x A x A)<\/span><span class=\"pull-right w-50\">25,9\u2033 x 17,6\u2033 x 22,0\u2033<\/span><\/div>\n<\/div>\n<\/div>\n<div class=\"g-pt-30 container\">\n<div class=\"col-lg-12 g-pa-0\">\n<div class=\"col-lg-12 g-brd-bottom g-brd-gray-light-v4 g-pt-0 g-pb-20 g-mb-0\"><span class=\"g-font-weight-600\">Nivel de ruido<\/span><span class=\"pull-right w-50\">57 dB(A) @ carga nominal, 50 dB(A) @ 1\/4 carga<\/span><\/div>\n<\/div>\n<\/div>\n<div class=\"g-pt-30 container\">\n<div class=\"col-lg-12 g-pa-0\">\n<div class=\"col-lg-12 g-brd-bottom g-brd-gray-light-v4 g-pt-0 g-pb-20 g-mb-0\"><span class=\"g-font-weight-600\">Peso en seco<\/span><span class=\"pull-right w-50\">130,7 lb.<\/span><\/div>\n<\/div>\n<\/div>\n<div class=\"g-pt-30 container\">\n<div class=\"col-lg-12 g-pa-0\">\n<div class=\"col-lg-12 g-brd-bottom g-brd-gray-light-v4 g-pt-0 g-pb-20 g-mb-0\"><span class=\"g-font-weight-600\">Garant\u00eda residencial<\/span><span class=\"pull-right w-50\">3 a\u00f1os<\/span><\/div>\n<\/div>\n<\/div>\n<div class=\"g-pt-30 container\">\n<div class=\"col-lg-12 g-pa-0\">\n<div class=\"col-lg-12 g-brd-bottom g-brd-gray-light-v4 g-pt-0 g-pb-20 g-mb-0\"><span class=\"g-font-weight-600\">Garant\u00eda comercial<\/span><span class=\"pull-right w-50\">12 meses<\/span><\/div>\n<\/div>\n<\/div>\n<\/div>\n<\/div>","protected":false},"excerpt":{"rendered":"<ul class=\"g-ml-0 g-pl-20\">\n<li>Alimentaci\u00f3n para horno, frigor\u00edfico, la mayor\u00eda de unidades de aire acondicionado de 13.500 BTU para veh\u00edculos recreativos, etc.<\/li>\n<li>Super silencioso y de bajo consumo<\/li>\n<li>Arranque el\u00e9ctrico<\/li>\n<li>Inversor: alimentaci\u00f3n estable para ordenadores y mucho m\u00e1s<\/li>\n<li>CO-MINDER: sistema avanzado de detecci\u00f3n de mon\u00f3xido de carbono<\/li>\n<\/ul>\n<p>&nbsp;<\/p>","protected":false},"featured_media":458,"comment_status":"open","ping_status":"closed","template":"","meta":[],"product_brand":[],"product_cat":[42],"product_tag":[65,62,63,64,66],"class_list":{"0":"post-456","1":"product","2":"type-product","3":"status-publish","4":"has-post-thumbnail","6":"product_cat-honda-generators","7":"product_tag-eu3000is-honda-generator","8":"product_tag-honda-eu3000is","9":"product_tag-honda-eu3000is-canada","10":"product_tag-honda-eu3000is-generator","11":"product_tag-honda-inverter-eu3000is","13":"first","14":"instock","15":"shipping-taxable","16":"purchasable","17":"product-type-simple"},"yoast_head":"<!-- This site is optimized with the Yoast SEO Premium plugin v26.2 (Yoast SEO v26.2) - https:\/\/yoast.com\/wordpress\/plugins\/seo\/ -->\n<title>EU3000iS - HONDA POWER EQUIPMENT<\/title>\n<meta name=\"description\" content=\"The Honda eu3000is generator is also an inverter that offers 3000 watts of power with the convenience of an electric start. it is ideal for a home, RV\" \/>\n<meta name=\"robots\" content=\"index, follow, max-snippet:-1, max-image-preview:large, max-video-preview:-1\" \/>\n<link rel=\"canonical\" href=\"https:\/\/hondapowertools.com\/es\/tuote\/eu3000is\/\" \/>\n<meta property=\"og:locale\" content=\"es_MX\" \/>\n<meta property=\"og:type\" content=\"article\" \/>\n<meta property=\"og:title\" content=\"EU3000iS\" \/>\n<meta property=\"og:description\" content=\"The Honda eu3000is generator is also an inverter that offers 3000 watts of power with the convenience of an electric start. it is ideal for a home, RV\" \/>\n<meta property=\"og:url\" content=\"https:\/\/hondapowertools.com\/es\/tuote\/eu3000is\/\" \/>\n<meta property=\"og:site_name\" content=\"HONDA POWER EQUIPMENT\" \/>\n<meta property=\"article:modified_time\" content=\"2025-02-09T06:57:29+00:00\" \/>\n<meta property=\"og:image\" content=\"https:\/\/hondapowertools.com\/wp-content\/uploads\/2025\/02\/eu3000_left.jpg\" \/>\n\t<meta property=\"og:image:width\" content=\"850\" \/>\n\t<meta property=\"og:image:height\" content=\"850\" \/>\n\t<meta property=\"og:image:type\" content=\"image\/jpeg\" \/>\n<meta name=\"twitter:card\" content=\"summary_large_image\" \/>\n<meta name=\"twitter:label1\" content=\"Tiempo de lectura\" \/>\n\t<meta name=\"twitter:data1\" content=\"4 minutos\" \/>\n<script type=\"application\/ld+json\" class=\"yoast-schema-graph\">{\"@context\":\"https:\/\/schema.org\",\"@graph\":[{\"@type\":\"WebPage\",\"@id\":\"https:\/\/hondapowertools.com\/fi\/tuote\/eu3000is\/\",\"url\":\"https:\/\/hondapowertools.com\/fi\/tuote\/eu3000is\/\",\"name\":\"EU3000iS - HONDA POWER EQUIPMENT\",\"isPartOf\":{\"@id\":\"https:\/\/hondapowertools.com\/#website\"},\"primaryImageOfPage\":{\"@id\":\"https:\/\/hondapowertools.com\/fi\/tuote\/eu3000is\/#primaryimage\"},\"image\":{\"@id\":\"https:\/\/hondapowertools.com\/fi\/tuote\/eu3000is\/#primaryimage\"},\"thumbnailUrl\":\"https:\/\/hondapowertools.com\/wp-content\/uploads\/2025\/02\/eu3000_left.jpg\",\"datePublished\":\"2025-02-09T06:53:44+00:00\",\"dateModified\":\"2025-02-09T06:57:29+00:00\",\"description\":\"The Honda eu3000is generator is also an inverter that offers 3000 watts of power with the convenience of an electric start. it is ideal for a home, RV\",\"breadcrumb\":{\"@id\":\"https:\/\/hondapowertools.com\/fi\/tuote\/eu3000is\/#breadcrumb\"},\"inLanguage\":\"es\",\"potentialAction\":[{\"@type\":\"ReadAction\",\"target\":[\"https:\/\/hondapowertools.com\/fi\/tuote\/eu3000is\/\"]}]},{\"@type\":\"ImageObject\",\"inLanguage\":\"es\",\"@id\":\"https:\/\/hondapowertools.com\/fi\/tuote\/eu3000is\/#primaryimage\",\"url\":\"https:\/\/hondapowertools.com\/wp-content\/uploads\/2025\/02\/eu3000_left.jpg\",\"contentUrl\":\"https:\/\/hondapowertools.com\/wp-content\/uploads\/2025\/02\/eu3000_left.jpg\",\"width\":850,\"height\":850,\"caption\":\"honda eu3000is\"},{\"@type\":\"BreadcrumbList\",\"@id\":\"https:\/\/hondapowertools.com\/fi\/tuote\/eu3000is\/#breadcrumb\",\"itemListElement\":[{\"@type\":\"ListItem\",\"position\":1,\"name\":\"Home\",\"item\":\"https:\/\/hondapowertools.com\/\"},{\"@type\":\"ListItem\",\"position\":2,\"name\":\"Shop\",\"item\":\"https:\/\/hondapowertools.com\/?page_id=10\"},{\"@type\":\"ListItem\",\"position\":3,\"name\":\"EU3000iS\"}]},{\"@type\":\"WebSite\",\"@id\":\"https:\/\/hondapowertools.com\/#website\",\"url\":\"https:\/\/hondapowertools.com\/\",\"name\":\"HONDA POWER EQUIPMENTS\",\"description\":\"Honda Power Equipment\",\"publisher\":{\"@id\":\"https:\/\/hondapowertools.com\/#organization\"},\"potentialAction\":[{\"@type\":\"SearchAction\",\"target\":{\"@type\":\"EntryPoint\",\"urlTemplate\":\"https:\/\/hondapowertools.com\/?s={search_term_string}\"},\"query-input\":{\"@type\":\"PropertyValueSpecification\",\"valueRequired\":true,\"valueName\":\"search_term_string\"}}],\"inLanguage\":\"es\"},{\"@type\":\"Organization\",\"@id\":\"https:\/\/hondapowertools.com\/#organization\",\"name\":\"HONDA POWER TOOLS\",\"alternateName\":\"HONDA POWER EQUIPMENT\",\"url\":\"https:\/\/hondapowertools.com\/\",\"logo\":{\"@type\":\"ImageObject\",\"inLanguage\":\"es\",\"@id\":\"https:\/\/hondapowertools.com\/#\/schema\/logo\/image\/\",\"url\":\"https:\/\/hondapowertools.com\/wp-content\/uploads\/2025\/02\/cropped-honda-power-equipment-logo.png\",\"contentUrl\":\"https:\/\/hondapowertools.com\/wp-content\/uploads\/2025\/02\/cropped-honda-power-equipment-logo.png\",\"width\":290,\"height\":70,\"caption\":\"HONDA POWER TOOLS\"},\"image\":{\"@id\":\"https:\/\/hondapowertools.com\/#\/schema\/logo\/image\/\"}}]}<\/script>\n<!-- \/ Yoast SEO Premium plugin. -->","yoast_head_json":{"title":"EU3000iS - HONDA POWER EQUIPMENT","description":"The Honda eu3000is generator is also an inverter that offers 3000 watts of power with the convenience of an electric start. it is ideal for a home, RV","robots":{"index":"index","follow":"follow","max-snippet":"max-snippet:-1","max-image-preview":"max-image-preview:large","max-video-preview":"max-video-preview:-1"},"canonical":"https:\/\/hondapowertools.com\/es\/tuote\/eu3000is\/","og_locale":"es_MX","og_type":"article","og_title":"EU3000iS","og_description":"The Honda eu3000is generator is also an inverter that offers 3000 watts of power with the convenience of an electric start. it is ideal for a home, RV","og_url":"https:\/\/hondapowertools.com\/es\/tuote\/eu3000is\/","og_site_name":"HONDA POWER EQUIPMENT","article_modified_time":"2025-02-09T06:57:29+00:00","og_image":[{"width":850,"height":850,"url":"https:\/\/hondapowertools.com\/wp-content\/uploads\/2025\/02\/eu3000_left.jpg","type":"image\/jpeg"}],"twitter_card":"summary_large_image","twitter_misc":{"Tiempo de lectura":"4 minutos"},"schema":{"@context":"https:\/\/schema.org","@graph":[{"@type":"WebPage","@id":"https:\/\/hondapowertools.com\/fi\/tuote\/eu3000is\/","url":"https:\/\/hondapowertools.com\/fi\/tuote\/eu3000is\/","name":"EU3000iS - HONDA POWER EQUIPMENT","isPartOf":{"@id":"https:\/\/hondapowertools.com\/#website"},"primaryImageOfPage":{"@id":"https:\/\/hondapowertools.com\/fi\/tuote\/eu3000is\/#primaryimage"},"image":{"@id":"https:\/\/hondapowertools.com\/fi\/tuote\/eu3000is\/#primaryimage"},"thumbnailUrl":"https:\/\/hondapowertools.com\/wp-content\/uploads\/2025\/02\/eu3000_left.jpg","datePublished":"2025-02-09T06:53:44+00:00","dateModified":"2025-02-09T06:57:29+00:00","description":"The Honda eu3000is generator is also an inverter that offers 3000 watts of power with the convenience of an electric start. it is ideal for a home, RV","breadcrumb":{"@id":"https:\/\/hondapowertools.com\/fi\/tuote\/eu3000is\/#breadcrumb"},"inLanguage":"es","potentialAction":[{"@type":"ReadAction","target":["https:\/\/hondapowertools.com\/fi\/tuote\/eu3000is\/"]}]},{"@type":"ImageObject","inLanguage":"es","@id":"https:\/\/hondapowertools.com\/fi\/tuote\/eu3000is\/#primaryimage","url":"https:\/\/hondapowertools.com\/wp-content\/uploads\/2025\/02\/eu3000_left.jpg","contentUrl":"https:\/\/hondapowertools.com\/wp-content\/uploads\/2025\/02\/eu3000_left.jpg","width":850,"height":850,"caption":"honda eu3000is"},{"@type":"BreadcrumbList","@id":"https:\/\/hondapowertools.com\/fi\/tuote\/eu3000is\/#breadcrumb","itemListElement":[{"@type":"ListItem","position":1,"name":"Home","item":"https:\/\/hondapowertools.com\/"},{"@type":"ListItem","position":2,"name":"Shop","item":"https:\/\/hondapowertools.com\/?page_id=10"},{"@type":"ListItem","position":3,"name":"EU3000iS"}]},{"@type":"WebSite","@id":"https:\/\/hondapowertools.com\/#website","url":"https:\/\/hondapowertools.com\/","name":"HONDA POWER EQUIPMENTS","description":"Honda Power Equipment","publisher":{"@id":"https:\/\/hondapowertools.com\/#organization"},"potentialAction":[{"@type":"SearchAction","target":{"@type":"EntryPoint","urlTemplate":"https:\/\/hondapowertools.com\/?s={search_term_string}"},"query-input":{"@type":"PropertyValueSpecification","valueRequired":true,"valueName":"search_term_string"}}],"inLanguage":"es"},{"@type":"Organization","@id":"https:\/\/hondapowertools.com\/#organization","name":"HONDA POWER TOOLS","alternateName":"HONDA POWER EQUIPMENT","url":"https:\/\/hondapowertools.com\/","logo":{"@type":"ImageObject","inLanguage":"es","@id":"https:\/\/hondapowertools.com\/#\/schema\/logo\/image\/","url":"https:\/\/hondapowertools.com\/wp-content\/uploads\/2025\/02\/cropped-honda-power-equipment-logo.png","contentUrl":"https:\/\/hondapowertools.com\/wp-content\/uploads\/2025\/02\/cropped-honda-power-equipment-logo.png","width":290,"height":70,"caption":"HONDA POWER TOOLS"},"image":{"@id":"https:\/\/hondapowertools.com\/#\/schema\/logo\/image\/"}}]}},"_links":{"self":[{"href":"https:\/\/hondapowertools.com\/es\/wp-json\/wp\/v2\/product\/456","targetHints":{"allow":["GET"]}}],"collection":[{"href":"https:\/\/hondapowertools.com\/es\/wp-json\/wp\/v2\/product"}],"about":[{"href":"https:\/\/hondapowertools.com\/es\/wp-json\/wp\/v2\/types\/product"}],"replies":[{"embeddable":true,"href":"https:\/\/hondapowertools.com\/es\/wp-json\/wp\/v2\/comments?post=456"}],"wp:featuredmedia":[{"embeddable":true,"href":"https:\/\/hondapowertools.com\/es\/wp-json\/wp\/v2\/media\/458"}],"wp:attachment":[{"href":"https:\/\/hondapowertools.com\/es\/wp-json\/wp\/v2\/media?parent=456"}],"wp:term":[{"taxonomy":"product_brand","embeddable":true,"href":"https:\/\/hondapowertools.com\/es\/wp-json\/wp\/v2\/product_brand?post=456"},{"taxonomy":"product_cat","embeddable":true,"href":"https:\/\/hondapowertools.com\/es\/wp-json\/wp\/v2\/product_cat?post=456"},{"taxonomy":"product_tag","embeddable":true,"href":"https:\/\/hondapowertools.com\/es\/wp-json\/wp\/v2\/product_tag?post=456"}],"curies":[{"name":"wp","href":"https:\/\/api.w.org\/{rel}","templated":true}]}}