{"id":579,"date":"2025-02-09T14:00:18","date_gmt":"2025-02-09T14:00:18","guid":{"rendered":"https:\/\/hondapowertools.com\/?post_type=product&#038;p=579"},"modified":"2025-02-09T19:14:14","modified_gmt":"2025-02-09T19:14:14","slug":"umc435","status":"publish","type":"product","link":"https:\/\/hondapowertools.com\/es\/producto\/umc435\/","title":{"rendered":"UMC435"},"content":{"rendered":"<h2><strong>Honda umc435<\/strong><\/h2>\n<p>En <strong>Honda\u00a0<\/strong>UMC435 power head is part of Honda&#8217;s VersAttach\u00ae System for landscaping. VersAttach\u00ae is a versatile, user-friendly multi-task power tool with 6 attachments.<\/p>\n<div id=\"Features\" class=\"anchor2 container g-py-0\">\n<div class=\"row\">\n<div class=\"col-lg-2 featimg text-center g-pa-10 g-mb-0 g-font-weight-600\"><img decoding=\"async\" class=\"img-fluid\" src=\"https:\/\/services.powerequipment.honda.com\/content\/images\/pe\/models\/features\/thumbs\/versattach_all_attachments.jpg\" alt=\"A variety of attachments save you time, storage space, and money\" \/><\/div>\n<div class=\"col-lg-4 g-pa-10 g-mb-0\">\n<p><span class=\"g-color-black g-font-weight-700\">A variety of attachments saves you time, storage space, and money<\/span>VersAttach<sup>\u00ae<\/sup>\u00a0offers 6 optional attachments: trimmer, edger, pruner, hedge trimmer, cultivator, and blower. It&#8217;s a flexible tool designed to take on a huge range of residential and commercial garden tasks.<\/p>\n<\/div>\n<div class=\"col-lg-2 featimg text-center g-pa-10 g-mb-0 g-font-weight-600\"><img decoding=\"async\" class=\"img-fluid\" style=\"box-sizing: border-box; vertical-align: middle; border-style: none; max-width: 100%; height: auto;\" src=\"https:\/\/services.powerequipment.honda.com\/content\/images\/pe\/models\/features\/thumbs\/va_sureloc_01.jpg\" alt=\"SureLoc&lt;sup&gt;&amp;reg;&lt;\/sup&gt; System: Twist, lock, and go!\" \/><\/div>\n<div class=\"col-lg-4 g-pa-10 g-mb-0\">\n<p><span class=\"g-color-black g-font-weight-700\">SureLoc<sup>\u00ae<\/sup> Sistema: \u00a1Girar, bloquear y listo!\u00a0<\/span>El innovador sistema de bloqueo de articulaciones SureLoc facilita la conexi\u00f3n de accesorios con total confianza. Basta con pulsar y hacer clic para bloquear el accesorio en su sitio. No se necesitan herramientas. SureLoc elimina las conjeturas a la hora de saber si el accesorio est\u00e1 bien sujeto al cabezal motor.<\/p>\n<\/div>\n<div class=\"col-lg-2 featimg text-center g-pa-10 g-mb-0 g-font-weight-600\"><img decoding=\"async\" class=\"img-fluid\" src=\"https:\/\/services.powerequipment.honda.com\/content\/images\/pe\/models\/features\/thumbs\/gx35.jpg\" alt=\"Easy starting, 4-stroke Honda GX35 engine\" \/><\/div>\n<div class=\"col-lg-4 g-pa-10 g-mb-0\">\n<p><span class=\"g-color-black g-font-weight-700\">Easy starting, 4-stroke Honda GX35 engine<\/span>Honda&#8217;s GX35 engine offers a quick, easy start. No hassle. No fuss. Every time.<\/p>\n<\/div>\n<div class=\"col-lg-2 featimg text-center g-pa-10 g-mb-0 g-font-weight-600\"><img decoding=\"async\" class=\"img-fluid\" src=\"https:\/\/services.powerequipment.honda.com\/content\/images\/pe\/models\/features\/thumbs\/4-stroke-power.jpg\" alt=\"Runs on regular gas - no mixing!\" \/><\/div>\n<div class=\"col-lg-4 g-pa-10 g-mb-0\">\n<p><span class=\"g-color-black g-font-weight-700\">Funciona con gasolina normal, \u00a1sin mezclas! <\/span>The GX35 is a mini 4-stroke engine. It runs on straight, unleaded gas. No need to mix gas and oil!<\/p>\n<\/div>\n<div class=\"col-lg-2 featimg text-center g-pa-10 g-mb-0 g-font-weight-600\"><img decoding=\"async\" class=\"img-fluid\" src=\"https:\/\/services.powerequipment.honda.com\/content\/images\/pe\/models\/features\/thumbs\/honda-quiet-icon.jpg\" alt=\"Lowest sound level\" \/><\/div>\n<div class=\"col-lg-4 g-pa-10 g-mb-0\">\n<p><span class=\"g-color-black g-font-weight-700\">Lowest sound level Honda&#8217;s<\/span>\u00a0superior engine technology reduces noise, offering the lowest sound level at idle and full throttle of any competitor.<\/p>\n<\/div>\n<div class=\"col-lg-2 featimg text-center g-pa-10 g-mb-0 g-font-weight-600\"><img decoding=\"async\" class=\"img-fluid\" src=\"https:\/\/services.powerequipment.honda.com\/content\/images\/pe\/models\/features\/thumbs\/va_vibration.jpg\" alt=\"Anti- vibration system for more comfortable operation\" \/><\/div>\n<div class=\"col-lg-4 g-pa-10 g-mb-0\">\n<p><span class=\"g-color-black g-font-weight-700\">Anti-vibration systems for more comfortable operational<\/span>\u00a0powerheads are equipped with Honda&#8217;s anti-vibration system. A rubber-mounted shaft between the shaft and the clutch reduces vibration. This creates a more comfortable user experience, especially for long periods of operation.<\/p>\n<\/div>\n<div class=\"col-lg-2 featimg text-center g-pa-10 g-mb-0 g-font-weight-600\"><img decoding=\"async\" class=\"img-fluid\" src=\"https:\/\/services.powerequipment.honda.com\/content\/images\/pe\/models\/features\/thumbs\/360_engine.jpg\" alt=\"Use and store in any position\" \/><\/div>\n<div class=\"col-lg-4 g-pa-10 g-mb-0\">\n<p><span class=\"g-color-black g-font-weight-700\">Use and store in any position Honda&#8217;s<\/span>\u00a0unique 360-degree inclinable engine can be used, rotated, and stored in any position.<\/p>\n<\/div>\n<div class=\"col-lg-2 featimg text-center g-pa-10 g-mb-0 g-font-weight-600\"><\/div>\n<div class=\"col-lg-4 g-pa-10 g-mb-0\">\n<p><span class=\"g-color-black g-font-weight-700\">Quick acceleration and excellent torque for demanding jobs designed<\/span>\u00a0to take on tough jobs without bogging down. Strong low-end torque characteristics allow many jobs to be performed at partial throttle, increasing fuel efficiency.<\/p>\n<\/div>\n<div class=\"col-lg-2 featimg text-center g-pa-10 g-mb-0 g-font-weight-600\"><\/div>\n<div class=\"col-lg-4 g-pa-10 g-mb-0\">\n<p><span class=\"g-color-black g-font-weight-700\">Exceptional fuel efficiency Honda&#8217;s<\/span>\u00a0highly fuel-efficient design costs less to operate &#8211; up to 50% less than a comparable two-stroke model.<\/p>\n<\/div>\n<div class=\"col-lg-2 featimg text-center g-pa-10 g-mb-0 g-font-weight-600\"><\/div>\n<div class=\"col-lg-4 g-pa-10 g-mb-0\">\n<p><span class=\"g-color-black g-font-weight-700\">Comfortable loop handle design<\/span>The vibration-dampening design makes the <a href=\"https:\/\/www.google.com\/search?q=UMC435&amp;sca_esv=d338ee00b3033484&amp;sxsrf=AHTn8zpBbQHoA7yl7zpB1I_uzZPqn6GT-A%3A1739107053172&amp;ei=7aqoZ9GZCrjAp84PsYCU8QU&amp;ved=0ahUKEwiRxIXR1raLAxU44MkDHTEAJV4Q4dUDCBA&amp;oq=UMC435&amp;gs_lp=Egxnd3Mtd2l6LXNlcnAiBlVNQzQzNTILEAAYgAQYkQIYigUyBRAAGIAEMgsQABiABBiRAhiKBTIEEAAYHjIEEAAYHjIEEAAYHjIGEAAYBRgeSP0LUABYAHAAeAGQAQCYAc4CoAHOAqoBAzMtMbgBDMgBAPgBAZgCAaAC1wKYAwCSBwMzLTGgB78D&amp;sclient=gws-wiz-serp\">UMC435 more comfortable to operate<\/a>.<\/p>\n<\/div>\n<div class=\"col-lg-2 featimg text-center g-pa-10 g-mb-0 g-font-weight-600\"><\/div>\n<div class=\"col-lg-4 g-pa-10 g-mb-0\">\n<p><span class=\"g-color-black g-font-weight-700\">Dise\u00f1o de gatillo s\u00f3lido para una mayor durabilidad<\/span><\/p>\n<\/div>\n<div class=\"col-lg-2 featimg text-center g-pa-10 g-mb-0 g-font-weight-600\"><\/div>\n<div class=\"col-lg-4 g-pa-10 g-mb-0\">\n<p><span class=\"g-color-black g-font-weight-700\">Menos humos y olores<\/span>Los motores de 4 tiempos no queman aceite como los de dos tiempos. Esto significa que hay menos olor y no hay humo - y menos dolor de cabeza para usted.<\/p>\n<\/div>\n<div class=\"col-lg-2 featimg text-center g-pa-10 g-mb-0 g-font-weight-600\"><\/div>\n<div class=\"col-lg-4 g-pa-10 g-mb-0\">\n<p><span class=\"g-color-black g-font-weight-700\">Mandos de dise\u00f1o y posici\u00f3n ergon\u00f3micos<\/span>El equilibrio y la maniobrabilidad son magn\u00edficos gracias a la optimizaci\u00f3n del centro de gravedad del motor, as\u00ed como a la ubicaci\u00f3n del conjunto del acelerador y el asa de lazo.<\/p>\n<\/div>\n<div class=\"col-lg-2 featimg text-center g-pa-10 g-mb-0 g-font-weight-600\"><\/div>\n<div class=\"col-lg-4 g-pa-10 g-mb-0\">\n<p><span class=\"g-color-black g-font-weight-700\">Harness included<\/span><\/p>\n<\/div>\n<\/div>\n<\/div>\n<div id=\"Specs\" class=\"anchor2 container g-py-0\">\n<div class=\"col-lg-12 g-pa-0\">\n<div class=\"u-heading-v3-1 g-bg-main g-brd-main u-heading-v3-1 g-bg-main g-brd-main g-my-30 col-lg-12 g-pa-0\">\n<h2 class=\"h3 u-heading-v3__title\">Especificaciones<\/h2>\n<\/div>\n<div class=\"g-pt-30 container\">\n<div class=\"col-lg-12 g-pa-0\">\n<div class=\"col-lg-12 g-brd-bottom g-brd-gray-light-v4 g-pt-0 g-pb-20 g-mb-0\"><span class=\"g-font-weight-600\">Motor<\/span><span class=\"pull-right w-50\">GX35<\/span><\/div>\n<\/div>\n<\/div>\n<div class=\"g-pt-30 container\">\n<div class=\"col-lg-12 g-pa-0\">\n<div class=\"col-lg-12 g-brd-bottom g-brd-gray-light-v4 g-pt-0 g-pb-20 g-mb-0\"><span class=\"g-font-weight-600\">Desplazamiento<\/span><span class=\"pull-right w-50\">2,18 pulgadas c\u00fabicas (35,8 cc)<\/span><\/div>\n<\/div>\n<\/div>\n<div class=\"g-pt-30 container\">\n<div class=\"col-lg-12 g-pa-0\">\n<div class=\"col-lg-12 g-brd-bottom g-brd-gray-light-v4 g-pt-0 g-pb-20 g-mb-0\"><span class=\"g-font-weight-600\">Combustible<\/span><span class=\"pull-right w-50\">Gasolina sin plomo (86 octanos o superior)<\/span><\/div>\n<\/div>\n<\/div>\n<div class=\"g-pt-30 container\">\n<div class=\"col-lg-12 g-pa-0\">\n<div class=\"col-lg-12 g-brd-bottom g-brd-gray-light-v4 g-pt-0 g-pb-20 g-mb-0\"><span class=\"g-font-weight-600\">Capacidad del dep\u00f3sito de combustible<\/span><span class=\"pull-right w-50\">0.67 qt<\/span><\/div>\n<\/div>\n<\/div>\n<div class=\"g-pt-30 container\">\n<div class=\"col-lg-12 g-pa-0\">\n<div class=\"col-lg-12 g-brd-bottom g-brd-gray-light-v4 g-pt-0 g-pb-20 g-mb-0\"><span class=\"g-font-weight-600\">Carburador<\/span><span class=\"pull-right w-50\">Diaphram Type w\/Fuel Pump<\/span><\/div>\n<\/div>\n<\/div>\n<div class=\"g-pt-30 container\">\n<div class=\"col-lg-12 g-pa-0\">\n<div class=\"col-lg-12 g-brd-bottom g-brd-gray-light-v4 g-pt-0 g-pb-20 g-mb-0\"><span class=\"g-font-weight-600\">Velocidad de ralent\u00ed<\/span><span class=\"pull-right w-50\">3.100 +\/- 200 rpm<\/span><\/div>\n<\/div>\n<\/div>\n<div class=\"g-pt-30 container\">\n<div class=\"col-lg-12 g-pa-0\">\n<div class=\"col-lg-12 g-brd-bottom g-brd-gray-light-v4 g-pt-0 g-pb-20 g-mb-0\"><span class=\"g-font-weight-600\">M\u00e1x. (sin carga) RPM<\/span><span class=\"pull-right w-50\">10,000 rpm<\/span><\/div>\n<\/div>\n<\/div>\n<div class=\"g-pt-30 container\">\n<div class=\"col-lg-12 g-pa-0\">\n<div class=\"col-lg-12 g-brd-bottom g-brd-gray-light-v4 g-pt-0 g-pb-20 g-mb-0\"><span class=\"g-font-weight-600\">Dimensiones (LxAxA)<\/span><span class=\"pull-right w-50\">45.1 in. x 12.6 in. x 10.0 in. (without attachment)<\/span><\/div>\n<\/div>\n<\/div>\n<div class=\"g-pt-30 container\">\n<div class=\"col-lg-12 g-pa-0\">\n<div class=\"col-lg-12 g-brd-bottom g-brd-gray-light-v4 g-pt-0 g-pb-20 g-mb-0\"><span class=\"g-font-weight-600\">Peso en seco<\/span><span class=\"pull-right w-50\">13.2 lb (w\/o attachment)<\/span><\/div>\n<\/div>\n<\/div>\n<div class=\"g-pt-30 container\">\n<div class=\"col-lg-12 g-pa-0\">\n<div class=\"col-lg-12 g-brd-bottom g-brd-gray-light-v4 g-pt-0 g-pb-20 g-mb-0\"><span class=\"g-font-weight-600\">Interruptor de parada del motor<\/span><span class=\"pull-right w-50\">Interruptor deslizante<\/span><\/div>\n<\/div>\n<\/div>\n<div class=\"g-pt-30 container\">\n<div class=\"col-lg-12 g-pa-0\">\n<div class=\"col-lg-12 g-brd-bottom g-brd-gray-light-v4 g-pt-0 g-pb-20 g-mb-0\"><span class=\"g-font-weight-600\">Control del acelerador<\/span><span class=\"pull-right w-50\">\u00a0Activador de movimiento<\/span><\/div>\n<\/div>\n<\/div>\n<div class=\"g-pt-30 container\">\n<div class=\"col-lg-12 g-pa-0\">\n<div class=\"col-lg-12 g-brd-bottom g-brd-gray-light-v4 g-pt-0 g-pb-20 g-mb-0\"><span class=\"g-font-weight-600\">Di\u00e1metro de la tuber\u00eda principal<\/span><span class=\"pull-right w-50\">26 mm (1.02 in.)<\/span><\/div>\n<\/div>\n<\/div>\n<div class=\"g-pt-30 container\">\n<div class=\"col-lg-12 g-pa-0\">\n<div class=\"col-lg-12 g-brd-bottom g-brd-gray-light-v4 g-pt-0 g-pb-20 g-mb-0\"><span class=\"g-font-weight-600\">Main Pipe Thickness 2<\/span><span class=\"pull-right w-50\">\u00a0mm (0.08 in.) Aluminum<\/span><\/div>\n<\/div>\n<\/div>\n<div class=\"g-pt-30 container\">\n<div class=\"col-lg-12 g-pa-0\">\n<div class=\"col-lg-12 g-brd-bottom g-brd-gray-light-v4 g-pt-0 g-pb-20 g-mb-0\"><span class=\"g-font-weight-600\">Eje motriz<\/span><span class=\"pull-right w-50\">Rigid Steel<\/span><\/div>\n<\/div>\n<\/div>\n<div class=\"g-pt-30 container\">\n<div class=\"col-lg-12 g-pa-0\">\n<div class=\"col-lg-12 g-brd-bottom g-brd-gray-light-v4 g-pt-0 g-pb-20 g-mb-0\"><span class=\"g-font-weight-600\">Soporte del eje<\/span><span class=\"pull-right w-50\">Rubber Mounted Bushings (4)<\/span><\/div>\n<\/div>\n<\/div>\n<div class=\"g-pt-30 container\">\n<div class=\"col-lg-12 g-pa-0\">\n<div class=\"col-lg-12 g-brd-bottom g-brd-gray-light-v4 g-pt-0 g-pb-20 g-mb-0\"><span class=\"g-font-weight-600\">Mango<\/span><span class=\"pull-right w-50\">Loop Type<\/span><\/div>\n<\/div>\n<\/div>\n<div class=\"g-pt-30 container\">\n<div class=\"col-lg-12 g-pa-0\">\n<div class=\"col-lg-12 g-brd-bottom g-brd-gray-light-v4 g-pt-0 g-pb-20 g-mb-0\"><span class=\"g-font-weight-600\">Arn\u00e9s simple<\/span><span class=\"pull-right w-50\">Est\u00e1ndar<\/span><\/div>\n<\/div>\n<\/div>\n<div class=\"g-pt-30 container\">\n<div class=\"col-lg-12 g-pa-0\">\n<div class=\"col-lg-12 g-brd-bottom g-brd-gray-light-v4 g-pt-0 g-pb-20 g-mb-0\"><span class=\"g-font-weight-600\">Kit de barrera de cuchillas<\/span><span class=\"pull-right w-50\">Est\u00e1ndar<\/span><\/div>\n<\/div>\n<\/div>\n<div class=\"g-pt-30 container\">\n<div class=\"col-lg-12 g-pa-0\">\n<div class=\"col-lg-12 g-brd-bottom g-brd-gray-light-v4 g-pt-0 g-pb-20 g-mb-0\"><span class=\"g-font-weight-600\">Garant\u00eda residencial<\/span><span class=\"pull-right w-50\">24 meses<\/span><\/div>\n<\/div>\n<\/div>\n<div class=\"g-pt-30 container\">\n<div class=\"col-lg-12 g-pa-0\">\n<div class=\"col-lg-12 g-brd-bottom g-brd-gray-light-v4 g-pt-0 g-pb-20 g-mb-0\"><span class=\"g-font-weight-600\">Garant\u00eda comercial<\/span><span class=\"pull-right w-50\">12 meses<\/span><\/div>\n<\/div>\n<\/div>\n<\/div>\n<\/div>","protected":false},"excerpt":{"rendered":"<ul class=\"g-ml-0 g-pl-20\">\n<li>VersAttach<sup>\u00ae<\/sup>\u00a0System 25cc Powerhead<\/li>\n<li>Funciona con gasolina sin plomo (sin mezclar)<\/li>\n<li>A variety of attachments are available<\/li>\n<li>SureLoc<sup>\u00ae<\/sup>\u00a0system \u2013 easy to connect<\/li>\n<\/ul>","protected":false},"featured_media":581,"comment_status":"open","ping_status":"closed","template":"","meta":[],"product_brand":[],"product_cat":[47],"product_tag":[],"class_list":{"0":"post-579","1":"product","2":"type-product","3":"status-publish","4":"has-post-thumbnail","6":"product_cat-honda-trimmers","8":"first","9":"instock","10":"shipping-taxable","11":"purchasable","12":"product-type-simple"},"yoast_head":"<!-- This site is optimized with the Yoast SEO Premium plugin v26.2 (Yoast SEO v26.2) - https:\/\/yoast.com\/wordpress\/plugins\/seo\/ -->\n<title>UMC435 - HONDA POWER EQUIPMENT<\/title>\n<meta name=\"description\" content=\"The UMC435 power head is part of Honda&#039;s VersAttach\u00ae System for landscaping. VersAttach\u00ae is a versatile, user-friendly multi-task power with 6 attachments.\" \/>\n<meta name=\"robots\" content=\"index, follow, max-snippet:-1, max-image-preview:large, max-video-preview:-1\" \/>\n<link rel=\"canonical\" href=\"https:\/\/hondapowertools.com\/es\/produit\/umc435\/\" \/>\n<meta property=\"og:locale\" content=\"es_MX\" \/>\n<meta property=\"og:type\" content=\"article\" \/>\n<meta property=\"og:title\" content=\"UMC435\" \/>\n<meta property=\"og:description\" content=\"The UMC435 power head is part of Honda&#039;s VersAttach\u00ae System for landscaping. VersAttach\u00ae is a versatile, user-friendly multi-task power with 6 attachments.\" \/>\n<meta property=\"og:url\" content=\"https:\/\/hondapowertools.com\/es\/produit\/umc435\/\" \/>\n<meta property=\"og:site_name\" content=\"HONDA POWER EQUIPMENT\" \/>\n<meta property=\"article:modified_time\" content=\"2025-02-09T19:14:14+00:00\" \/>\n<meta property=\"og:image\" content=\"https:\/\/hondapowertools.com\/wp-content\/uploads\/2025\/02\/versattach_umc435_l.jpg\" \/>\n\t<meta property=\"og:image:width\" content=\"600\" \/>\n\t<meta property=\"og:image:height\" content=\"600\" \/>\n\t<meta property=\"og:image:type\" content=\"image\/jpeg\" \/>\n<meta name=\"twitter:card\" content=\"summary_large_image\" \/>\n<meta name=\"twitter:label1\" content=\"Tiempo de lectura\" \/>\n\t<meta name=\"twitter:data1\" content=\"4 minutos\" \/>\n<script type=\"application\/ld+json\" class=\"yoast-schema-graph\">{\"@context\":\"https:\/\/schema.org\",\"@graph\":[{\"@type\":\"WebPage\",\"@id\":\"https:\/\/hondapowertools.com\/fr\/produit\/umc435\/\",\"url\":\"https:\/\/hondapowertools.com\/fr\/produit\/umc435\/\",\"name\":\"UMC435 - HONDA POWER EQUIPMENT\",\"isPartOf\":{\"@id\":\"https:\/\/hondapowertools.com\/#website\"},\"primaryImageOfPage\":{\"@id\":\"https:\/\/hondapowertools.com\/fr\/produit\/umc435\/#primaryimage\"},\"image\":{\"@id\":\"https:\/\/hondapowertools.com\/fr\/produit\/umc435\/#primaryimage\"},\"thumbnailUrl\":\"https:\/\/hondapowertools.com\/wp-content\/uploads\/2025\/02\/versattach_umc435_l.jpg\",\"datePublished\":\"2025-02-09T14:00:18+00:00\",\"dateModified\":\"2025-02-09T19:14:14+00:00\",\"description\":\"The UMC435 power head is part of Honda's VersAttach\u00ae System for landscaping. VersAttach\u00ae is a versatile, user-friendly multi-task power with 6 attachments.\",\"breadcrumb\":{\"@id\":\"https:\/\/hondapowertools.com\/fr\/produit\/umc435\/#breadcrumb\"},\"inLanguage\":\"es\",\"potentialAction\":[{\"@type\":\"ReadAction\",\"target\":[\"https:\/\/hondapowertools.com\/fr\/produit\/umc435\/\"]}]},{\"@type\":\"ImageObject\",\"inLanguage\":\"es\",\"@id\":\"https:\/\/hondapowertools.com\/fr\/produit\/umc435\/#primaryimage\",\"url\":\"https:\/\/hondapowertools.com\/wp-content\/uploads\/2025\/02\/versattach_umc435_l.jpg\",\"contentUrl\":\"https:\/\/hondapowertools.com\/wp-content\/uploads\/2025\/02\/versattach_umc435_l.jpg\",\"width\":600,\"height\":600,\"caption\":\"UMC435\"},{\"@type\":\"BreadcrumbList\",\"@id\":\"https:\/\/hondapowertools.com\/fr\/produit\/umc435\/#breadcrumb\",\"itemListElement\":[{\"@type\":\"ListItem\",\"position\":1,\"name\":\"Home\",\"item\":\"https:\/\/hondapowertools.com\/\"},{\"@type\":\"ListItem\",\"position\":2,\"name\":\"Shop\",\"item\":\"https:\/\/hondapowertools.com\/?page_id=10\"},{\"@type\":\"ListItem\",\"position\":3,\"name\":\"UMC435\"}]},{\"@type\":\"WebSite\",\"@id\":\"https:\/\/hondapowertools.com\/#website\",\"url\":\"https:\/\/hondapowertools.com\/\",\"name\":\"HONDA POWER EQUIPMENTS\",\"description\":\"Honda Power Equipment\",\"publisher\":{\"@id\":\"https:\/\/hondapowertools.com\/#organization\"},\"potentialAction\":[{\"@type\":\"SearchAction\",\"target\":{\"@type\":\"EntryPoint\",\"urlTemplate\":\"https:\/\/hondapowertools.com\/?s={search_term_string}\"},\"query-input\":{\"@type\":\"PropertyValueSpecification\",\"valueRequired\":true,\"valueName\":\"search_term_string\"}}],\"inLanguage\":\"es\"},{\"@type\":\"Organization\",\"@id\":\"https:\/\/hondapowertools.com\/#organization\",\"name\":\"HONDA POWER TOOLS\",\"alternateName\":\"HONDA POWER EQUIPMENT\",\"url\":\"https:\/\/hondapowertools.com\/\",\"logo\":{\"@type\":\"ImageObject\",\"inLanguage\":\"es\",\"@id\":\"https:\/\/hondapowertools.com\/#\/schema\/logo\/image\/\",\"url\":\"https:\/\/hondapowertools.com\/wp-content\/uploads\/2025\/02\/cropped-honda-power-equipment-logo.png\",\"contentUrl\":\"https:\/\/hondapowertools.com\/wp-content\/uploads\/2025\/02\/cropped-honda-power-equipment-logo.png\",\"width\":290,\"height\":70,\"caption\":\"HONDA POWER TOOLS\"},\"image\":{\"@id\":\"https:\/\/hondapowertools.com\/#\/schema\/logo\/image\/\"}}]}<\/script>\n<!-- \/ Yoast SEO Premium plugin. -->","yoast_head_json":{"title":"UMC435 - HONDA POWER EQUIPMENT","description":"The UMC435 power head is part of Honda's VersAttach\u00ae System for landscaping. VersAttach\u00ae is a versatile, user-friendly multi-task power with 6 attachments.","robots":{"index":"index","follow":"follow","max-snippet":"max-snippet:-1","max-image-preview":"max-image-preview:large","max-video-preview":"max-video-preview:-1"},"canonical":"https:\/\/hondapowertools.com\/es\/produit\/umc435\/","og_locale":"es_MX","og_type":"article","og_title":"UMC435","og_description":"The UMC435 power head is part of Honda's VersAttach\u00ae System for landscaping. VersAttach\u00ae is a versatile, user-friendly multi-task power with 6 attachments.","og_url":"https:\/\/hondapowertools.com\/es\/produit\/umc435\/","og_site_name":"HONDA POWER EQUIPMENT","article_modified_time":"2025-02-09T19:14:14+00:00","og_image":[{"width":600,"height":600,"url":"https:\/\/hondapowertools.com\/wp-content\/uploads\/2025\/02\/versattach_umc435_l.jpg","type":"image\/jpeg"}],"twitter_card":"summary_large_image","twitter_misc":{"Tiempo de lectura":"4 minutos"},"schema":{"@context":"https:\/\/schema.org","@graph":[{"@type":"WebPage","@id":"https:\/\/hondapowertools.com\/fr\/produit\/umc435\/","url":"https:\/\/hondapowertools.com\/fr\/produit\/umc435\/","name":"UMC435 - HONDA POWER EQUIPMENT","isPartOf":{"@id":"https:\/\/hondapowertools.com\/#website"},"primaryImageOfPage":{"@id":"https:\/\/hondapowertools.com\/fr\/produit\/umc435\/#primaryimage"},"image":{"@id":"https:\/\/hondapowertools.com\/fr\/produit\/umc435\/#primaryimage"},"thumbnailUrl":"https:\/\/hondapowertools.com\/wp-content\/uploads\/2025\/02\/versattach_umc435_l.jpg","datePublished":"2025-02-09T14:00:18+00:00","dateModified":"2025-02-09T19:14:14+00:00","description":"The UMC435 power head is part of Honda's VersAttach\u00ae System for landscaping. VersAttach\u00ae is a versatile, user-friendly multi-task power with 6 attachments.","breadcrumb":{"@id":"https:\/\/hondapowertools.com\/fr\/produit\/umc435\/#breadcrumb"},"inLanguage":"es","potentialAction":[{"@type":"ReadAction","target":["https:\/\/hondapowertools.com\/fr\/produit\/umc435\/"]}]},{"@type":"ImageObject","inLanguage":"es","@id":"https:\/\/hondapowertools.com\/fr\/produit\/umc435\/#primaryimage","url":"https:\/\/hondapowertools.com\/wp-content\/uploads\/2025\/02\/versattach_umc435_l.jpg","contentUrl":"https:\/\/hondapowertools.com\/wp-content\/uploads\/2025\/02\/versattach_umc435_l.jpg","width":600,"height":600,"caption":"UMC435"},{"@type":"BreadcrumbList","@id":"https:\/\/hondapowertools.com\/fr\/produit\/umc435\/#breadcrumb","itemListElement":[{"@type":"ListItem","position":1,"name":"Home","item":"https:\/\/hondapowertools.com\/"},{"@type":"ListItem","position":2,"name":"Shop","item":"https:\/\/hondapowertools.com\/?page_id=10"},{"@type":"ListItem","position":3,"name":"UMC435"}]},{"@type":"WebSite","@id":"https:\/\/hondapowertools.com\/#website","url":"https:\/\/hondapowertools.com\/","name":"HONDA POWER EQUIPMENTS","description":"Honda Power Equipment","publisher":{"@id":"https:\/\/hondapowertools.com\/#organization"},"potentialAction":[{"@type":"SearchAction","target":{"@type":"EntryPoint","urlTemplate":"https:\/\/hondapowertools.com\/?s={search_term_string}"},"query-input":{"@type":"PropertyValueSpecification","valueRequired":true,"valueName":"search_term_string"}}],"inLanguage":"es"},{"@type":"Organization","@id":"https:\/\/hondapowertools.com\/#organization","name":"HONDA POWER TOOLS","alternateName":"HONDA POWER EQUIPMENT","url":"https:\/\/hondapowertools.com\/","logo":{"@type":"ImageObject","inLanguage":"es","@id":"https:\/\/hondapowertools.com\/#\/schema\/logo\/image\/","url":"https:\/\/hondapowertools.com\/wp-content\/uploads\/2025\/02\/cropped-honda-power-equipment-logo.png","contentUrl":"https:\/\/hondapowertools.com\/wp-content\/uploads\/2025\/02\/cropped-honda-power-equipment-logo.png","width":290,"height":70,"caption":"HONDA POWER TOOLS"},"image":{"@id":"https:\/\/hondapowertools.com\/#\/schema\/logo\/image\/"}}]}},"_links":{"self":[{"href":"https:\/\/hondapowertools.com\/es\/wp-json\/wp\/v2\/product\/579","targetHints":{"allow":["GET"]}}],"collection":[{"href":"https:\/\/hondapowertools.com\/es\/wp-json\/wp\/v2\/product"}],"about":[{"href":"https:\/\/hondapowertools.com\/es\/wp-json\/wp\/v2\/types\/product"}],"replies":[{"embeddable":true,"href":"https:\/\/hondapowertools.com\/es\/wp-json\/wp\/v2\/comments?post=579"}],"wp:featuredmedia":[{"embeddable":true,"href":"https:\/\/hondapowertools.com\/es\/wp-json\/wp\/v2\/media\/581"}],"wp:attachment":[{"href":"https:\/\/hondapowertools.com\/es\/wp-json\/wp\/v2\/media?parent=579"}],"wp:term":[{"taxonomy":"product_brand","embeddable":true,"href":"https:\/\/hondapowertools.com\/es\/wp-json\/wp\/v2\/product_brand?post=579"},{"taxonomy":"product_cat","embeddable":true,"href":"https:\/\/hondapowertools.com\/es\/wp-json\/wp\/v2\/product_cat?post=579"},{"taxonomy":"product_tag","embeddable":true,"href":"https:\/\/hondapowertools.com\/es\/wp-json\/wp\/v2\/product_tag?post=579"}],"curies":[{"name":"wp","href":"https:\/\/api.w.org\/{rel}","templated":true}]}}