{"id":585,"date":"2025-02-09T14:16:15","date_gmt":"2025-02-09T14:16:15","guid":{"rendered":"https:\/\/hondapowertools.com\/?post_type=product&#038;p=585"},"modified":"2025-02-09T14:17:54","modified_gmt":"2025-02-09T14:17:54","slug":"edger-attachment","status":"publish","type":"product","link":"https:\/\/hondapowertools.com\/es\/producto\/edger-attachment\/","title":{"rendered":"Canteadora"},"content":{"rendered":"<div id=\"Features\" class=\"anchor2 container g-py-0\">\n<div class=\"row\">\n<h2>Accesorio Canteador HONDA<\/h2>\n<div>El cortabordes forma parte del sistema VersAttach\u00ae de Honda para recortar bordes de parterres y entradas de veh\u00edculos. VersAttach\u00ae es una herramienta el\u00e9ctrica multitarea vers\u00e1til y f\u00e1cil de usar con 6 accesorios.<\/div>\n<div><\/div>\n<div class=\"col-lg-2 featimg text-center g-pa-10 g-mb-0 g-font-weight-600\"><img decoding=\"async\" class=\"img-fluid\" style=\"box-sizing: border-box; vertical-align: middle; border-style: none; max-width: 100%; height: auto;\" src=\"https:\/\/services.powerequipment.honda.com\/content\/images\/pe\/models\/features\/thumbs\/versattach_sset_edger_closeup_01.jpg\" alt=\"Converts your VersAttach&lt;sup&gt;&amp;reg;&lt;\/sup&gt; Powerhead into a easy to use edger\" \/><\/div>\n<div class=\"col-lg-4 g-pa-10 g-mb-0\">\n<p><span class=\"g-color-black g-font-weight-700\">Convierte tu VersAttach<sup>\u00ae<\/sup>\u00a0Cabezal motorizado en una bordeadora f\u00e1cil de usar<\/span>El accesorio de bordeadora convierte su cabezal VersAttach en una bordeadora de gran potencia apta tanto para uso residencial como comercial.<\/p>\n<\/div>\n<div class=\"col-lg-2 featimg text-center g-pa-10 g-mb-0 g-font-weight-600\"><img decoding=\"async\" class=\"img-fluid\" src=\"https:\/\/services.powerequipment.honda.com\/content\/images\/pe\/models\/features\/thumbs\/versattach_sset_edger_closeup_02.jpg\" alt=\"Get a clean-cut lawn without the back-ache.\" \/><\/div>\n<div class=\"col-lg-4 g-pa-10 g-mb-0\">\n<p><span class=\"g-color-black g-font-weight-700\">Consiga un c\u00e9sped bien cortado sin dolor de espalda.<\/span>Crear un acabado impecable para su c\u00e9sped es f\u00e1cil con nuestro accesorio bordeador: crea un borde de jard\u00edn ordenado y atractivo alrededor de parterres, caminos y patios para conseguir un c\u00e9sped de aspecto perfecto.<\/p>\n<\/div>\n<div class=\"col-lg-2 featimg text-center g-pa-10 g-mb-0 g-font-weight-600\"><img decoding=\"async\" class=\"img-fluid\" src=\"https:\/\/services.powerequipment.honda.com\/content\/images\/pe\/models\/features\/thumbs\/edger-anti-wear-strip.jpg\" alt=\"Long lasting metal anti-wear strip\" \/><\/div>\n<div class=\"col-lg-4 g-pa-10 g-mb-0\">\n<p><span class=\"g-color-black g-font-weight-700\">Banda met\u00e1lica antidesgaste de larga duraci\u00f3n<\/span>La banda antidesgaste de la bordeadora est\u00e1 dise\u00f1ada para trabajar duro sin defraudarle.<\/p>\n<\/div>\n<div class=\"col-lg-2 featimg text-center g-pa-10 g-mb-0 g-font-weight-600\"><img decoding=\"async\" class=\"img-fluid\" style=\"box-sizing: border-box; vertical-align: middle; border-style: none; max-width: 100%; height: auto;\" src=\"https:\/\/services.powerequipment.honda.com\/content\/images\/pe\/models\/features\/thumbs\/versattach_all_attachments.jpg\" alt=\"Multi-tool flexibility: VersAttach&lt;sup&gt;&amp;reg;&lt;\/sup&gt; System\" \/><\/div>\n<div class=\"col-lg-4 g-pa-10 g-mb-0\">\n<p><span class=\"g-color-black g-font-weight-700\">Flexibilidad multiherramienta: VersAttach<sup>\u00ae<\/sup>\u00a0Sistema<\/span>El cortabordes forma parte del exclusivo sistema VersAttach de Honda. Es intercambiable con cualquiera de las otras 5 opciones: cortabordes, podadora, cortasetos, cultivador y soplador.<\/p>\n<\/div>\n<div class=\"col-lg-2 featimg text-center g-pa-10 g-mb-0 g-font-weight-600\"><img decoding=\"async\" class=\"img-fluid\" src=\"https:\/\/services.powerequipment.honda.com\/content\/images\/pe\/models\/features\/thumbs\/attach_umc425.jpg\" alt=\"Pairs with both the UMC425 and UMC435 Powerheads\" \/><\/div>\n<div class=\"col-lg-4 g-pa-10 g-mb-0\">\n<p><span class=\"g-color-black g-font-weight-700\">Compatible con los cabezales UMC425 y UMC435<\/span>El accesorio cortabordes se conecta a cualquiera de los cabezales Honda VersAttach para una potencia instant\u00e1nea.<\/p>\n<\/div>\n<div class=\"col-lg-2 featimg text-center g-pa-10 g-mb-0 g-font-weight-600\"><img decoding=\"async\" class=\"img-fluid\" style=\"box-sizing: border-box; vertical-align: middle; border-style: none; max-width: 100%; height: auto;\" src=\"https:\/\/services.powerequipment.honda.com\/content\/images\/pe\/models\/features\/thumbs\/sureloc_demo.jpg\" alt=\"SureLoc&lt;sup&gt;&amp;reg;&lt;\/sup&gt; System: Twist, lock, and go!\" \/><\/div>\n<div class=\"col-lg-4 g-pa-10 g-mb-0\">\n<p><span class=\"g-color-black g-font-weight-700\">SureLoc<sup>\u00ae<\/sup>\u00a0Sistema: \u00a1Girar, bloquear y listo!<\/span>El innovador sistema de bloqueo de articulaciones SureLoc facilita la conexi\u00f3n de accesorios con total confianza. Basta con pulsar y hacer clic para bloquear el accesorio en su sitio. No se necesitan herramientas. SureLoc elimina las conjeturas a la hora de saber si el accesorio est\u00e1 bien sujeto al cabezal motor.<\/p>\n<p><a class=\"btn u-btn-primary colorbox light-box cboxElement\" title=\"\" href=\"https:\/\/powerequipment.honda.com\/trimmers\/sureloc\">M\u00e1s informaci\u00f3n<\/a><\/p>\n<\/div>\n<div class=\"col-lg-2 featimg text-center g-pa-10 g-mb-0 g-font-weight-600\"><\/div>\n<div class=\"col-lg-4 g-pa-10 g-mb-0\">\n<p><span class=\"g-color-black g-font-weight-700\">Pr\u00e1ctico gancho de sujeci\u00f3n para guardarlo<\/span>Cada accesorio VersAttach viene con un pr\u00e1ctico gancho para guardarlo f\u00e1cilmente. La tapa tambi\u00e9n evita que la suciedad y el polvo se acumulen en la ranura.<\/p>\n<\/div>\n<div class=\"col-lg-2 featimg text-center g-pa-10 g-mb-0 g-font-weight-600\"><img decoding=\"async\" class=\"img-fluid\" src=\"https:\/\/services.powerequipment.honda.com\/content\/images\/pe\/models\/features\/thumbs\/edger-attachment-closeup.jpg\" alt=\"Blade guard protects from debris\" \/><\/div>\n<div class=\"col-lg-4 g-pa-10 g-mb-0\">\n<p><span class=\"g-color-black g-font-weight-700\">El protector de la cuchilla protege de la suciedad<\/span>La bordeadora incorpora un protector de cuchillas para mayor seguridad. Tambi\u00e9n evita que los recortes de hierba, la tierra y la arena se esparzan por el c\u00e9sped.<\/p>\n<\/div>\n<div class=\"col-lg-2 featimg text-center g-pa-10 g-mb-0 g-font-weight-600\"><img decoding=\"async\" class=\"img-fluid\" src=\"https:\/\/services.powerequipment.honda.com\/content\/images\/pe\/models\/features\/thumbs\/360_engine.jpg\" alt=\"Use and store in any position\" \/><\/div>\n<div class=\"col-lg-4 g-pa-10 g-mb-0\">\n<p><span class=\"g-color-black g-font-weight-700\">Uso y almacenamiento en cualquier posici\u00f3n<\/span>El exclusivo motor inclinable 360 grados de Honda puede utilizarse, girarse y guardarse en cualquier posici\u00f3n.<\/p>\n<\/div>\n<div class=\"col-lg-2 featimg text-center g-pa-10 g-mb-0 g-font-weight-600\"><\/div>\n<div class=\"col-lg-4 g-pa-10 g-mb-0\">\n<p><span class=\"g-color-black g-font-weight-700\">R\u00e1pida aceleraci\u00f3n y excelente par motor para trabajos exigentes<\/span>Dise\u00f1ado para realizar trabajos duros sin atascarse. Sus potentes caracter\u00edsticas de par a bajas revoluciones permiten realizar muchos trabajos con aceleraci\u00f3n parcial, lo que aumenta la eficiencia del combustible.<\/p>\n<\/div>\n<\/div>\n<\/div>\n<div id=\"Specs\" class=\"anchor2 container g-py-0\">\n<div class=\"col-lg-12 g-pa-0\">\n<div class=\"u-heading-v3-1 g-bg-main g-brd-main u-heading-v3-1 g-bg-main g-brd-main g-my-30 col-lg-12 g-pa-0\">\n<h2 class=\"h3 u-heading-v3__title\">Especificaciones<\/h2>\n<\/div>\n<div class=\"g-pt-30 container\">\n<div class=\"col-lg-12 g-pa-0\">\n<div class=\"col-lg-12 g-brd-bottom g-brd-gray-light-v4 g-pt-0 g-pb-20 g-mb-0\"><span class=\"g-font-weight-600\">Dimensiones (LxAxA)<\/span><span class=\"pull-right w-50\">27,5 x 7,9 x 14,2 pulg.<\/span><\/div>\n<\/div>\n<\/div>\n<div class=\"g-pt-30 container\">\n<div class=\"col-lg-12 g-pa-0\">\n<div class=\"col-lg-12 g-brd-bottom g-brd-gray-light-v4 g-pt-0 g-pb-20 g-mb-0\"><span class=\"g-font-weight-600\">Peso<\/span><span class=\"pull-right w-50\">1,9 kg (4,1 lbs)<\/span><\/div>\n<\/div>\n<\/div>\n<div class=\"g-pt-30 container\">\n<div class=\"col-lg-12 g-pa-0\">\n<div class=\"col-lg-12 g-brd-bottom g-brd-gray-light-v4 g-pt-0 g-pb-20 g-mb-0\"><span class=\"g-font-weight-600\">Longitud de la hoja<\/span><span class=\"pull-right w-50\">200 mm (7,87 pulg.)<\/span><\/div>\n<\/div>\n<\/div>\n<div class=\"g-pt-30 container\">\n<div class=\"col-lg-12 g-pa-0\">\n<div class=\"col-lg-12 g-brd-bottom g-brd-gray-light-v4 g-pt-0 g-pb-20 g-mb-0\"><span class=\"g-font-weight-600\">Garant\u00eda residencial<\/span><span class=\"pull-right w-50\">24 meses<\/span><\/div>\n<\/div>\n<\/div>\n<div class=\"g-pt-30 container\">\n<div class=\"col-lg-12 g-pa-0\">\n<div class=\"col-lg-12 g-brd-bottom g-brd-gray-light-v4 g-pt-0 g-pb-20 g-mb-0\"><span class=\"g-font-weight-600\">Garant\u00eda comercial<\/span><span class=\"pull-right w-50\">12 meses<\/span><\/div>\n<\/div>\n<\/div>\n<\/div>\n<\/div>","protected":false},"excerpt":{"rendered":"<ul class=\"g-ml-0 g-pl-20\">\n<li>Crea un acabado limpio y ordenado en su c\u00e9sped<\/li>\n<li>VersAttach<sup>\u00ae<\/sup>\u00a0Sistema - flexibilidad multiherramienta<\/li>\n<li>Compatible con los cabezales UMC425 y UMC435<\/li>\n<\/ul>","protected":false},"featured_media":586,"comment_status":"open","ping_status":"closed","template":"","meta":[],"product_brand":[],"product_cat":[47],"product_tag":[101,102,100],"class_list":{"0":"post-585","1":"product","2":"type-product","3":"status-publish","4":"has-post-thumbnail","6":"product_cat-honda-trimmers","7":"product_tag-milwaukee-edger-attachment","8":"product_tag-ryobi-edger-attachment","9":"product_tag-stihl-edger-attachment","11":"first","12":"instock","13":"shipping-taxable","14":"product-type-simple"},"yoast_head":"<!-- This site is optimized with the Yoast SEO Premium plugin v26.2 (Yoast SEO v26.2) - https:\/\/yoast.com\/wordpress\/plugins\/seo\/ -->\n<title>Edger Attachment - HONDA POWER EQUIPMENT<\/title>\n<meta name=\"description\" content=\"The edger attachment is part of Honda&#039;s VersAttach\u00ae System for edging flower beds and driveways. VersAttach\u00ae is a versatile, user-friendly multi-task power tool with 6 attachments.\" \/>\n<meta name=\"robots\" content=\"index, follow, max-snippet:-1, max-image-preview:large, max-video-preview:-1\" \/>\n<link rel=\"canonical\" href=\"https:\/\/hondapowertools.com\/es\/san-pham\/edger-attachment\/\" \/>\n<meta property=\"og:locale\" content=\"es_MX\" \/>\n<meta property=\"og:type\" content=\"article\" \/>\n<meta property=\"og:title\" content=\"Edger Attachment\" \/>\n<meta property=\"og:description\" content=\"The edger attachment is part of Honda&#039;s VersAttach\u00ae System for edging flower beds and driveways. VersAttach\u00ae is a versatile, user-friendly multi-task power tool with 6 attachments.\" \/>\n<meta property=\"og:url\" content=\"https:\/\/hondapowertools.com\/es\/san-pham\/edger-attachment\/\" \/>\n<meta property=\"og:site_name\" content=\"HONDA POWER EQUIPMENT\" \/>\n<meta property=\"article:modified_time\" content=\"2025-02-09T14:17:54+00:00\" \/>\n<meta property=\"og:image\" content=\"https:\/\/hondapowertools.com\/wp-content\/uploads\/2025\/02\/sset_pe_imglg.jpg\" \/>\n\t<meta property=\"og:image:width\" content=\"1100\" \/>\n\t<meta property=\"og:image:height\" content=\"1100\" \/>\n\t<meta property=\"og:image:type\" content=\"image\/jpeg\" \/>\n<meta name=\"twitter:card\" content=\"summary_large_image\" \/>\n<meta name=\"twitter:label1\" content=\"Tiempo de lectura\" \/>\n\t<meta name=\"twitter:data1\" content=\"4 minutos\" \/>\n<script type=\"application\/ld+json\" class=\"yoast-schema-graph\">{\"@context\":\"https:\/\/schema.org\",\"@graph\":[{\"@type\":\"WebPage\",\"@id\":\"https:\/\/hondapowertools.com\/vi\/san-pham\/edger-attachment\/\",\"url\":\"https:\/\/hondapowertools.com\/vi\/san-pham\/edger-attachment\/\",\"name\":\"Edger Attachment - HONDA POWER EQUIPMENT\",\"isPartOf\":{\"@id\":\"https:\/\/hondapowertools.com\/#website\"},\"primaryImageOfPage\":{\"@id\":\"https:\/\/hondapowertools.com\/vi\/san-pham\/edger-attachment\/#primaryimage\"},\"image\":{\"@id\":\"https:\/\/hondapowertools.com\/vi\/san-pham\/edger-attachment\/#primaryimage\"},\"thumbnailUrl\":\"https:\/\/hondapowertools.com\/wp-content\/uploads\/2025\/02\/sset_pe_imglg.jpg\",\"datePublished\":\"2025-02-09T14:16:15+00:00\",\"dateModified\":\"2025-02-09T14:17:54+00:00\",\"description\":\"The edger attachment is part of Honda's VersAttach\u00ae System for edging flower beds and driveways. VersAttach\u00ae is a versatile, user-friendly multi-task power tool with 6 attachments.\",\"breadcrumb\":{\"@id\":\"https:\/\/hondapowertools.com\/vi\/san-pham\/edger-attachment\/#breadcrumb\"},\"inLanguage\":\"es\",\"potentialAction\":[{\"@type\":\"ReadAction\",\"target\":[\"https:\/\/hondapowertools.com\/vi\/san-pham\/edger-attachment\/\"]}]},{\"@type\":\"ImageObject\",\"inLanguage\":\"es\",\"@id\":\"https:\/\/hondapowertools.com\/vi\/san-pham\/edger-attachment\/#primaryimage\",\"url\":\"https:\/\/hondapowertools.com\/wp-content\/uploads\/2025\/02\/sset_pe_imglg.jpg\",\"contentUrl\":\"https:\/\/hondapowertools.com\/wp-content\/uploads\/2025\/02\/sset_pe_imglg.jpg\",\"width\":1100,\"height\":1100,\"caption\":\"Edger Attachment\"},{\"@type\":\"BreadcrumbList\",\"@id\":\"https:\/\/hondapowertools.com\/vi\/san-pham\/edger-attachment\/#breadcrumb\",\"itemListElement\":[{\"@type\":\"ListItem\",\"position\":1,\"name\":\"Home\",\"item\":\"https:\/\/hondapowertools.com\/\"},{\"@type\":\"ListItem\",\"position\":2,\"name\":\"Shop\",\"item\":\"https:\/\/hondapowertools.com\/?page_id=10\"},{\"@type\":\"ListItem\",\"position\":3,\"name\":\"Edger Attachment\"}]},{\"@type\":\"WebSite\",\"@id\":\"https:\/\/hondapowertools.com\/#website\",\"url\":\"https:\/\/hondapowertools.com\/\",\"name\":\"HONDA POWER EQUIPMENTS\",\"description\":\"Honda Power Equipment\",\"publisher\":{\"@id\":\"https:\/\/hondapowertools.com\/#organization\"},\"potentialAction\":[{\"@type\":\"SearchAction\",\"target\":{\"@type\":\"EntryPoint\",\"urlTemplate\":\"https:\/\/hondapowertools.com\/?s={search_term_string}\"},\"query-input\":{\"@type\":\"PropertyValueSpecification\",\"valueRequired\":true,\"valueName\":\"search_term_string\"}}],\"inLanguage\":\"es\"},{\"@type\":\"Organization\",\"@id\":\"https:\/\/hondapowertools.com\/#organization\",\"name\":\"HONDA POWER TOOLS\",\"alternateName\":\"HONDA POWER EQUIPMENT\",\"url\":\"https:\/\/hondapowertools.com\/\",\"logo\":{\"@type\":\"ImageObject\",\"inLanguage\":\"es\",\"@id\":\"https:\/\/hondapowertools.com\/#\/schema\/logo\/image\/\",\"url\":\"https:\/\/hondapowertools.com\/wp-content\/uploads\/2025\/02\/cropped-honda-power-equipment-logo.png\",\"contentUrl\":\"https:\/\/hondapowertools.com\/wp-content\/uploads\/2025\/02\/cropped-honda-power-equipment-logo.png\",\"width\":290,\"height\":70,\"caption\":\"HONDA POWER TOOLS\"},\"image\":{\"@id\":\"https:\/\/hondapowertools.com\/#\/schema\/logo\/image\/\"}}]}<\/script>\n<!-- \/ Yoast SEO Premium plugin. -->","yoast_head_json":{"title":"Edger Attachment - HONDA POWER EQUIPMENT","description":"The edger attachment is part of Honda's VersAttach\u00ae System for edging flower beds and driveways. VersAttach\u00ae is a versatile, user-friendly multi-task power tool with 6 attachments.","robots":{"index":"index","follow":"follow","max-snippet":"max-snippet:-1","max-image-preview":"max-image-preview:large","max-video-preview":"max-video-preview:-1"},"canonical":"https:\/\/hondapowertools.com\/es\/san-pham\/edger-attachment\/","og_locale":"es_MX","og_type":"article","og_title":"Edger Attachment","og_description":"The edger attachment is part of Honda's VersAttach\u00ae System for edging flower beds and driveways. VersAttach\u00ae is a versatile, user-friendly multi-task power tool with 6 attachments.","og_url":"https:\/\/hondapowertools.com\/es\/san-pham\/edger-attachment\/","og_site_name":"HONDA POWER EQUIPMENT","article_modified_time":"2025-02-09T14:17:54+00:00","og_image":[{"width":1100,"height":1100,"url":"https:\/\/hondapowertools.com\/wp-content\/uploads\/2025\/02\/sset_pe_imglg.jpg","type":"image\/jpeg"}],"twitter_card":"summary_large_image","twitter_misc":{"Tiempo de lectura":"4 minutos"},"schema":{"@context":"https:\/\/schema.org","@graph":[{"@type":"WebPage","@id":"https:\/\/hondapowertools.com\/vi\/san-pham\/edger-attachment\/","url":"https:\/\/hondapowertools.com\/vi\/san-pham\/edger-attachment\/","name":"Edger Attachment - HONDA POWER EQUIPMENT","isPartOf":{"@id":"https:\/\/hondapowertools.com\/#website"},"primaryImageOfPage":{"@id":"https:\/\/hondapowertools.com\/vi\/san-pham\/edger-attachment\/#primaryimage"},"image":{"@id":"https:\/\/hondapowertools.com\/vi\/san-pham\/edger-attachment\/#primaryimage"},"thumbnailUrl":"https:\/\/hondapowertools.com\/wp-content\/uploads\/2025\/02\/sset_pe_imglg.jpg","datePublished":"2025-02-09T14:16:15+00:00","dateModified":"2025-02-09T14:17:54+00:00","description":"The edger attachment is part of Honda's VersAttach\u00ae System for edging flower beds and driveways. VersAttach\u00ae is a versatile, user-friendly multi-task power tool with 6 attachments.","breadcrumb":{"@id":"https:\/\/hondapowertools.com\/vi\/san-pham\/edger-attachment\/#breadcrumb"},"inLanguage":"es","potentialAction":[{"@type":"ReadAction","target":["https:\/\/hondapowertools.com\/vi\/san-pham\/edger-attachment\/"]}]},{"@type":"ImageObject","inLanguage":"es","@id":"https:\/\/hondapowertools.com\/vi\/san-pham\/edger-attachment\/#primaryimage","url":"https:\/\/hondapowertools.com\/wp-content\/uploads\/2025\/02\/sset_pe_imglg.jpg","contentUrl":"https:\/\/hondapowertools.com\/wp-content\/uploads\/2025\/02\/sset_pe_imglg.jpg","width":1100,"height":1100,"caption":"Edger Attachment"},{"@type":"BreadcrumbList","@id":"https:\/\/hondapowertools.com\/vi\/san-pham\/edger-attachment\/#breadcrumb","itemListElement":[{"@type":"ListItem","position":1,"name":"Home","item":"https:\/\/hondapowertools.com\/"},{"@type":"ListItem","position":2,"name":"Shop","item":"https:\/\/hondapowertools.com\/?page_id=10"},{"@type":"ListItem","position":3,"name":"Edger Attachment"}]},{"@type":"WebSite","@id":"https:\/\/hondapowertools.com\/#website","url":"https:\/\/hondapowertools.com\/","name":"HONDA POWER EQUIPMENTS","description":"Honda Power Equipment","publisher":{"@id":"https:\/\/hondapowertools.com\/#organization"},"potentialAction":[{"@type":"SearchAction","target":{"@type":"EntryPoint","urlTemplate":"https:\/\/hondapowertools.com\/?s={search_term_string}"},"query-input":{"@type":"PropertyValueSpecification","valueRequired":true,"valueName":"search_term_string"}}],"inLanguage":"es"},{"@type":"Organization","@id":"https:\/\/hondapowertools.com\/#organization","name":"HONDA POWER TOOLS","alternateName":"HONDA POWER EQUIPMENT","url":"https:\/\/hondapowertools.com\/","logo":{"@type":"ImageObject","inLanguage":"es","@id":"https:\/\/hondapowertools.com\/#\/schema\/logo\/image\/","url":"https:\/\/hondapowertools.com\/wp-content\/uploads\/2025\/02\/cropped-honda-power-equipment-logo.png","contentUrl":"https:\/\/hondapowertools.com\/wp-content\/uploads\/2025\/02\/cropped-honda-power-equipment-logo.png","width":290,"height":70,"caption":"HONDA POWER TOOLS"},"image":{"@id":"https:\/\/hondapowertools.com\/#\/schema\/logo\/image\/"}}]}},"_links":{"self":[{"href":"https:\/\/hondapowertools.com\/es\/wp-json\/wp\/v2\/product\/585","targetHints":{"allow":["GET"]}}],"collection":[{"href":"https:\/\/hondapowertools.com\/es\/wp-json\/wp\/v2\/product"}],"about":[{"href":"https:\/\/hondapowertools.com\/es\/wp-json\/wp\/v2\/types\/product"}],"replies":[{"embeddable":true,"href":"https:\/\/hondapowertools.com\/es\/wp-json\/wp\/v2\/comments?post=585"}],"wp:featuredmedia":[{"embeddable":true,"href":"https:\/\/hondapowertools.com\/es\/wp-json\/wp\/v2\/media\/586"}],"wp:attachment":[{"href":"https:\/\/hondapowertools.com\/es\/wp-json\/wp\/v2\/media?parent=585"}],"wp:term":[{"taxonomy":"product_brand","embeddable":true,"href":"https:\/\/hondapowertools.com\/es\/wp-json\/wp\/v2\/product_brand?post=585"},{"taxonomy":"product_cat","embeddable":true,"href":"https:\/\/hondapowertools.com\/es\/wp-json\/wp\/v2\/product_cat?post=585"},{"taxonomy":"product_tag","embeddable":true,"href":"https:\/\/hondapowertools.com\/es\/wp-json\/wp\/v2\/product_tag?post=585"}],"curies":[{"name":"wp","href":"https:\/\/api.w.org\/{rel}","templated":true}]}}