{"id":594,"date":"2025-02-09T14:52:07","date_gmt":"2025-02-09T14:52:07","guid":{"rendered":"https:\/\/hondapowertools.com\/?post_type=product&#038;p=594"},"modified":"2025-02-09T14:52:08","modified_gmt":"2025-02-09T14:52:08","slug":"cultivator-attachment","status":"publish","type":"product","link":"https:\/\/hondapowertools.com\/es\/producto\/cultivator-attachment\/","title":{"rendered":"Accesorio cultivador"},"content":{"rendered":"<h2 class=\"d-inline-block g-color-black g-mr-10\">Honda Cultivator Attachment<\/h2>\n<p>The cultivator attachment is part of Honda&#8217;s VersAttach\u00ae System for tilling soil. VersAttach\u00ae is a versatile, user-friendly multi-task power tool with 6 attachments.<\/p>\n<div id=\"Features\" class=\"anchor2 container g-py-0\">\n<div class=\"row\">\n<div class=\"col-lg-2 featimg text-center g-pa-10 g-mb-0 g-font-weight-600\"><img decoding=\"async\" class=\"img-fluid\" style=\"box-sizing: border-box; vertical-align: middle; border-style: none; max-width: 100%; height: auto;\" src=\"https:\/\/services.powerequipment.honda.com\/content\/images\/pe\/models\/features\/thumbs\/sscl_cultivator_close_up.jpg\" alt=\"Converts your VersAttach&lt;sup&gt;&amp;reg;&lt;\/sup&gt; Powerhead into a Cultivator\" \/><\/div>\n<div class=\"col-lg-4 g-pa-10 g-mb-0\"><span class=\"g-color-black g-font-weight-700\">Convierte tu VersAttach<sup>\u00ae<\/sup>\u00a0Powerhead into a Cultivator<\/span>The cultivator attachment makes your VersAttach powerhead into a commercial-grade cultivator suitable for both residential and commercial use.<\/p>\n<\/div>\n<div class=\"col-lg-2 featimg text-center g-pa-10 g-mb-0 g-font-weight-600\"><img decoding=\"async\" class=\"img-fluid\" src=\"https:\/\/services.powerequipment.honda.com\/content\/images\/pe\/models\/features\/thumbs\/cultivator-tines.jpg\" alt=\"Makes tilling and aerating your soil easy\" \/><\/div>\n<div class=\"col-lg-4 g-pa-10 g-mb-0\"><span class=\"g-color-black g-font-weight-700\">Makes tilling and aerating your soil easy<\/span>Durable and powerful, the cultivator attachment provides high torque for tackling compact soil. Its 6.5 in. working width gives you accuracy in moving around beds.<\/p>\n<\/div>\n<div class=\"col-lg-2 featimg text-center g-pa-10 g-mb-0 g-font-weight-600\"><img decoding=\"async\" class=\"img-fluid\" style=\"box-sizing: border-box; vertical-align: middle; border-style: none; max-width: 100%; height: auto;\" src=\"https:\/\/services.powerequipment.honda.com\/content\/images\/pe\/models\/features\/thumbs\/versattach_all_attachments.jpg\" alt=\"Multi-tool flexibility: VersAttach&lt;sup&gt;&amp;reg;&lt;\/sup&gt; System\" \/><\/div>\n<div class=\"col-lg-4 g-pa-10 g-mb-0\"><span class=\"g-color-black g-font-weight-700\">Flexibilidad multiherramienta: VersAttach<sup>\u00ae<\/sup>\u00a0Sistema<\/span>The cultivator is part of Honda&#8217;s exclusive VersAttach System. It is interchangeable with any of 5 other options: trimmer, edger, hedge trimmer, pruner, and blower.<\/p>\n<\/div>\n<div class=\"col-lg-2 featimg text-center g-pa-10 g-mb-0 g-font-weight-600\"><img decoding=\"async\" class=\"img-fluid\" src=\"https:\/\/services.powerequipment.honda.com\/content\/images\/pe\/models\/features\/thumbs\/attach_umc425.jpg\" alt=\"Pairs with both the UMC425 and UMC435 Powerheads\" \/><\/div>\n<div class=\"col-lg-4 g-pa-10 g-mb-0\"><span class=\"g-color-black g-font-weight-700\">Compatible con los cabezales UMC425 y UMC435<\/span>The cultivator connects with either Honda VersAttach powerhead for instant power.<\/p>\n<\/div>\n<div class=\"col-lg-2 featimg text-center g-pa-10 g-mb-0 g-font-weight-600\"><img decoding=\"async\" class=\"img-fluid\" style=\"box-sizing: border-box; vertical-align: middle; border-style: none; max-width: 100%; height: auto;\" src=\"https:\/\/services.powerequipment.honda.com\/content\/images\/pe\/models\/features\/thumbs\/sureloc_demo.jpg\" alt=\"SureLoc&lt;sup&gt;&amp;reg;&lt;\/sup&gt; System: Twist, lock, and go!\" \/><\/div>\n<div class=\"col-lg-4 g-pa-10 g-mb-0\"><span class=\"g-color-black g-font-weight-700\">SureLoc<sup>\u00ae<\/sup>\u00a0Sistema: \u00a1Girar, bloquear y listo!<\/span>El innovador sistema de bloqueo de articulaciones SureLoc facilita la conexi\u00f3n de accesorios con total confianza. Basta con pulsar y hacer clic para bloquear el accesorio en su sitio. No se necesitan herramientas. SureLoc elimina las conjeturas a la hora de saber si el accesorio est\u00e1 bien sujeto al cabezal motor.<\/p>\n<\/div>\n<div class=\"col-lg-2 featimg text-center g-pa-10 g-mb-0 g-font-weight-600\"><\/div>\n<div class=\"col-lg-4 g-pa-10 g-mb-0\"><span class=\"g-color-black g-font-weight-700\">Pr\u00e1ctico gancho de sujeci\u00f3n para guardarlo<\/span>Cada accesorio VersAttach viene con un pr\u00e1ctico gancho para guardarlo f\u00e1cilmente. La tapa tambi\u00e9n evita que la suciedad y el polvo se acumulen en la ranura.<\/p>\n<\/div>\n<div class=\"col-lg-2 featimg text-center g-pa-10 g-mb-0 g-font-weight-600\"><img decoding=\"async\" class=\"img-fluid\" src=\"https:\/\/services.powerequipment.honda.com\/content\/images\/pe\/models\/features\/thumbs\/360_engine.jpg\" alt=\"Use and store in any position\" \/><\/div>\n<div class=\"col-lg-4 g-pa-10 g-mb-0\"><span class=\"g-color-black g-font-weight-700\">Uso y almacenamiento en cualquier posici\u00f3n<\/span>Honda&#8217;s unique 360-degree inclinable engine can be used, rotated, and stored in any position.<\/p>\n<\/div>\n<div class=\"col-lg-2 featimg text-center g-pa-10 g-mb-0 g-font-weight-600\"><\/div>\n<div class=\"col-lg-4 g-pa-10 g-mb-0\"><span class=\"g-color-black g-font-weight-700\">R\u00e1pida aceleraci\u00f3n y excelente par motor para trabajos exigentes<\/span>Dise\u00f1ado para realizar trabajos duros sin atascarse. Sus potentes caracter\u00edsticas de par a bajas revoluciones permiten realizar muchos trabajos con aceleraci\u00f3n parcial, lo que aumenta la eficiencia del combustible.<\/p>\n<\/div>\n<\/div>\n<\/div>\n<div id=\"Specs\" class=\"anchor2 container g-py-0\">\n<div class=\"col-lg-12 g-pa-0\">\n<div class=\"u-heading-v3-1 g-bg-main g-brd-main u-heading-v3-1 g-bg-main g-brd-main g-my-30 col-lg-12 g-pa-0\">\n<h2 class=\"h3 u-heading-v3__title\">Especificaciones<\/h2>\n<\/div>\n<div class=\"g-pt-30 container\">\n<div class=\"col-lg-12 g-pa-0\">\n<div class=\"col-lg-12 g-brd-bottom g-brd-gray-light-v4 g-pt-0 g-pb-20 g-mb-0\"><span class=\"g-font-weight-600\">Dimensiones (LxAxA)<\/span><span class=\"pull-right w-50\">31.5 x 9.6 x 10 in.<\/span><\/div>\n<\/div>\n<\/div>\n<div class=\"g-pt-30 container\">\n<div class=\"col-lg-12 g-pa-0\">\n<div class=\"col-lg-12 g-brd-bottom g-brd-gray-light-v4 g-pt-0 g-pb-20 g-mb-0\"><span class=\"g-font-weight-600\">Peso<\/span><span class=\"pull-right w-50\">7.2lbs (3.3kg)<\/span><\/div>\n<\/div>\n<\/div>\n<div class=\"g-pt-30 container\">\n<div class=\"col-lg-12 g-pa-0\">\n<div class=\"col-lg-12 g-brd-bottom g-brd-gray-light-v4 g-pt-0 g-pb-20 g-mb-0\"><span class=\"g-font-weight-600\">Di\u00e1metro de las p\u00faas<\/span><span class=\"pull-right w-50\">9.4 in. (240mm)<\/span><\/div>\n<\/div>\n<\/div>\n<div class=\"g-pt-30 container\">\n<div class=\"col-lg-12 g-pa-0\">\n<div class=\"col-lg-12 g-brd-bottom g-brd-gray-light-v4 g-pt-0 g-pb-20 g-mb-0\"><span class=\"g-font-weight-600\">Anchura de laboreo<\/span><span class=\"pull-right w-50\">6.5 in. (166mm)<\/span><\/div>\n<\/div>\n<\/div>\n<div class=\"g-pt-30 container\">\n<div class=\"col-lg-12 g-pa-0\">\n<div class=\"col-lg-12 g-brd-bottom g-brd-gray-light-v4 g-pt-0 g-pb-20 g-mb-0\"><span class=\"g-font-weight-600\">Tine Speed<\/span><span class=\"pull-right w-50\">233 rpm @ 10,000 rpm engine speed<\/span><\/div>\n<\/div>\n<\/div>\n<div class=\"g-pt-30 container\">\n<div class=\"col-lg-12 g-pa-0\">\n<div class=\"col-lg-12 g-brd-bottom g-brd-gray-light-v4 g-pt-0 g-pb-20 g-mb-0\"><span class=\"g-font-weight-600\">Garant\u00eda residencial<\/span><span class=\"pull-right w-50\">24 meses<\/span><\/div>\n<\/div>\n<\/div>\n<div class=\"g-pt-30 container\">\n<div class=\"col-lg-12 g-pa-0\">\n<div class=\"col-lg-12 g-brd-bottom g-brd-gray-light-v4 g-pt-0 g-pb-20 g-mb-0\"><span class=\"g-font-weight-600\">Garant\u00eda comercial<\/span><span class=\"pull-right w-50\">12 meses<\/span><\/div>\n<\/div>\n<\/div>\n<\/div>\n<\/div>","protected":false},"excerpt":{"rendered":"<ul class=\"g-ml-0 g-pl-20\">\n<li>Perfect for maintaining garden beds and tilling compact soil<\/li>\n<li>VersAttach<sup>\u00ae<\/sup>\u00a0Sistema - flexibilidad multiherramienta<\/li>\n<li>Compatible con los cabezales UMC425 y UMC435<\/li>\n<\/ul>","protected":false},"featured_media":595,"comment_status":"open","ping_status":"closed","template":"","meta":[],"product_brand":[],"product_cat":[47],"product_tag":[111,109,110],"class_list":{"0":"post-594","1":"product","2":"type-product","3":"status-publish","4":"has-post-thumbnail","6":"product_cat-honda-trimmers","7":"product_tag-dewalt-cultivator-attachment","8":"product_tag-milwaukee-cultivator-attachment","9":"product_tag-ryobi-cultivator-attachment","11":"first","12":"instock","13":"shipping-taxable","14":"purchasable","15":"product-type-simple"},"yoast_head":"<!-- This site is optimized with the Yoast SEO Premium plugin v26.2 (Yoast SEO v26.2) - https:\/\/yoast.com\/wordpress\/plugins\/seo\/ -->\n<title>Cultivator Attachment - HONDA POWER EQUIPMENT<\/title>\n<meta name=\"description\" content=\"The cultivator attachment is part of Honda&#039;s VersAttach\u00ae System for tilling soil. VersAttach\u00ae is a versatile, user-friendly multi-task power tool with 6 attachments.\" \/>\n<meta name=\"robots\" content=\"index, follow, max-snippet:-1, max-image-preview:large, max-video-preview:-1\" \/>\n<link rel=\"canonical\" href=\"https:\/\/hondapowertools.com\/es\/produkt\/cultivator-attachment\/\" \/>\n<meta property=\"og:locale\" content=\"es_MX\" \/>\n<meta property=\"og:type\" content=\"article\" \/>\n<meta property=\"og:title\" content=\"Cultivator Attachment\" \/>\n<meta property=\"og:description\" content=\"The cultivator attachment is part of Honda&#039;s VersAttach\u00ae System for tilling soil. VersAttach\u00ae is a versatile, user-friendly multi-task power tool with 6 attachments.\" \/>\n<meta property=\"og:url\" content=\"https:\/\/hondapowertools.com\/es\/produkt\/cultivator-attachment\/\" \/>\n<meta property=\"og:site_name\" content=\"HONDA POWER EQUIPMENT\" \/>\n<meta property=\"article:modified_time\" content=\"2025-02-09T14:52:08+00:00\" \/>\n<meta property=\"og:image\" content=\"https:\/\/hondapowertools.com\/wp-content\/uploads\/2025\/02\/sscl_pe_imglg.jpg\" \/>\n\t<meta property=\"og:image:width\" content=\"1100\" \/>\n\t<meta property=\"og:image:height\" content=\"1100\" \/>\n\t<meta property=\"og:image:type\" content=\"image\/jpeg\" \/>\n<meta name=\"twitter:card\" content=\"summary_large_image\" \/>\n<meta name=\"twitter:label1\" content=\"Tiempo de lectura\" \/>\n\t<meta name=\"twitter:data1\" content=\"3 minutos\" \/>\n<script type=\"application\/ld+json\" class=\"yoast-schema-graph\">{\"@context\":\"https:\/\/schema.org\",\"@graph\":[{\"@type\":\"WebPage\",\"@id\":\"https:\/\/hondapowertools.com\/de\/produkt\/cultivator-attachment\/\",\"url\":\"https:\/\/hondapowertools.com\/de\/produkt\/cultivator-attachment\/\",\"name\":\"Cultivator Attachment - HONDA POWER EQUIPMENT\",\"isPartOf\":{\"@id\":\"https:\/\/hondapowertools.com\/#website\"},\"primaryImageOfPage\":{\"@id\":\"https:\/\/hondapowertools.com\/de\/produkt\/cultivator-attachment\/#primaryimage\"},\"image\":{\"@id\":\"https:\/\/hondapowertools.com\/de\/produkt\/cultivator-attachment\/#primaryimage\"},\"thumbnailUrl\":\"https:\/\/hondapowertools.com\/wp-content\/uploads\/2025\/02\/sscl_pe_imglg.jpg\",\"datePublished\":\"2025-02-09T14:52:07+00:00\",\"dateModified\":\"2025-02-09T14:52:08+00:00\",\"description\":\"The cultivator attachment is part of Honda's VersAttach\u00ae System for tilling soil. VersAttach\u00ae is a versatile, user-friendly multi-task power tool with 6 attachments.\",\"breadcrumb\":{\"@id\":\"https:\/\/hondapowertools.com\/de\/produkt\/cultivator-attachment\/#breadcrumb\"},\"inLanguage\":\"es\",\"potentialAction\":[{\"@type\":\"ReadAction\",\"target\":[\"https:\/\/hondapowertools.com\/de\/produkt\/cultivator-attachment\/\"]}]},{\"@type\":\"ImageObject\",\"inLanguage\":\"es\",\"@id\":\"https:\/\/hondapowertools.com\/de\/produkt\/cultivator-attachment\/#primaryimage\",\"url\":\"https:\/\/hondapowertools.com\/wp-content\/uploads\/2025\/02\/sscl_pe_imglg.jpg\",\"contentUrl\":\"https:\/\/hondapowertools.com\/wp-content\/uploads\/2025\/02\/sscl_pe_imglg.jpg\",\"width\":1100,\"height\":1100,\"caption\":\"Cultivator Attachment\"},{\"@type\":\"BreadcrumbList\",\"@id\":\"https:\/\/hondapowertools.com\/de\/produkt\/cultivator-attachment\/#breadcrumb\",\"itemListElement\":[{\"@type\":\"ListItem\",\"position\":1,\"name\":\"Home\",\"item\":\"https:\/\/hondapowertools.com\/\"},{\"@type\":\"ListItem\",\"position\":2,\"name\":\"Shop\",\"item\":\"https:\/\/hondapowertools.com\/?page_id=10\"},{\"@type\":\"ListItem\",\"position\":3,\"name\":\"Cultivator Attachment\"}]},{\"@type\":\"WebSite\",\"@id\":\"https:\/\/hondapowertools.com\/#website\",\"url\":\"https:\/\/hondapowertools.com\/\",\"name\":\"HONDA POWER EQUIPMENTS\",\"description\":\"Honda Power Equipment\",\"publisher\":{\"@id\":\"https:\/\/hondapowertools.com\/#organization\"},\"potentialAction\":[{\"@type\":\"SearchAction\",\"target\":{\"@type\":\"EntryPoint\",\"urlTemplate\":\"https:\/\/hondapowertools.com\/?s={search_term_string}\"},\"query-input\":{\"@type\":\"PropertyValueSpecification\",\"valueRequired\":true,\"valueName\":\"search_term_string\"}}],\"inLanguage\":\"es\"},{\"@type\":\"Organization\",\"@id\":\"https:\/\/hondapowertools.com\/#organization\",\"name\":\"HONDA POWER TOOLS\",\"alternateName\":\"HONDA POWER EQUIPMENT\",\"url\":\"https:\/\/hondapowertools.com\/\",\"logo\":{\"@type\":\"ImageObject\",\"inLanguage\":\"es\",\"@id\":\"https:\/\/hondapowertools.com\/#\/schema\/logo\/image\/\",\"url\":\"https:\/\/hondapowertools.com\/wp-content\/uploads\/2025\/02\/cropped-honda-power-equipment-logo.png\",\"contentUrl\":\"https:\/\/hondapowertools.com\/wp-content\/uploads\/2025\/02\/cropped-honda-power-equipment-logo.png\",\"width\":290,\"height\":70,\"caption\":\"HONDA POWER TOOLS\"},\"image\":{\"@id\":\"https:\/\/hondapowertools.com\/#\/schema\/logo\/image\/\"}}]}<\/script>\n<!-- \/ Yoast SEO Premium plugin. -->","yoast_head_json":{"title":"Cultivator Attachment - HONDA POWER EQUIPMENT","description":"The cultivator attachment is part of Honda's VersAttach\u00ae System for tilling soil. VersAttach\u00ae is a versatile, user-friendly multi-task power tool with 6 attachments.","robots":{"index":"index","follow":"follow","max-snippet":"max-snippet:-1","max-image-preview":"max-image-preview:large","max-video-preview":"max-video-preview:-1"},"canonical":"https:\/\/hondapowertools.com\/es\/produkt\/cultivator-attachment\/","og_locale":"es_MX","og_type":"article","og_title":"Cultivator Attachment","og_description":"The cultivator attachment is part of Honda's VersAttach\u00ae System for tilling soil. VersAttach\u00ae is a versatile, user-friendly multi-task power tool with 6 attachments.","og_url":"https:\/\/hondapowertools.com\/es\/produkt\/cultivator-attachment\/","og_site_name":"HONDA POWER EQUIPMENT","article_modified_time":"2025-02-09T14:52:08+00:00","og_image":[{"width":1100,"height":1100,"url":"https:\/\/hondapowertools.com\/wp-content\/uploads\/2025\/02\/sscl_pe_imglg.jpg","type":"image\/jpeg"}],"twitter_card":"summary_large_image","twitter_misc":{"Tiempo de lectura":"3 minutos"},"schema":{"@context":"https:\/\/schema.org","@graph":[{"@type":"WebPage","@id":"https:\/\/hondapowertools.com\/de\/produkt\/cultivator-attachment\/","url":"https:\/\/hondapowertools.com\/de\/produkt\/cultivator-attachment\/","name":"Cultivator Attachment - HONDA POWER EQUIPMENT","isPartOf":{"@id":"https:\/\/hondapowertools.com\/#website"},"primaryImageOfPage":{"@id":"https:\/\/hondapowertools.com\/de\/produkt\/cultivator-attachment\/#primaryimage"},"image":{"@id":"https:\/\/hondapowertools.com\/de\/produkt\/cultivator-attachment\/#primaryimage"},"thumbnailUrl":"https:\/\/hondapowertools.com\/wp-content\/uploads\/2025\/02\/sscl_pe_imglg.jpg","datePublished":"2025-02-09T14:52:07+00:00","dateModified":"2025-02-09T14:52:08+00:00","description":"The cultivator attachment is part of Honda's VersAttach\u00ae System for tilling soil. VersAttach\u00ae is a versatile, user-friendly multi-task power tool with 6 attachments.","breadcrumb":{"@id":"https:\/\/hondapowertools.com\/de\/produkt\/cultivator-attachment\/#breadcrumb"},"inLanguage":"es","potentialAction":[{"@type":"ReadAction","target":["https:\/\/hondapowertools.com\/de\/produkt\/cultivator-attachment\/"]}]},{"@type":"ImageObject","inLanguage":"es","@id":"https:\/\/hondapowertools.com\/de\/produkt\/cultivator-attachment\/#primaryimage","url":"https:\/\/hondapowertools.com\/wp-content\/uploads\/2025\/02\/sscl_pe_imglg.jpg","contentUrl":"https:\/\/hondapowertools.com\/wp-content\/uploads\/2025\/02\/sscl_pe_imglg.jpg","width":1100,"height":1100,"caption":"Cultivator Attachment"},{"@type":"BreadcrumbList","@id":"https:\/\/hondapowertools.com\/de\/produkt\/cultivator-attachment\/#breadcrumb","itemListElement":[{"@type":"ListItem","position":1,"name":"Home","item":"https:\/\/hondapowertools.com\/"},{"@type":"ListItem","position":2,"name":"Shop","item":"https:\/\/hondapowertools.com\/?page_id=10"},{"@type":"ListItem","position":3,"name":"Cultivator Attachment"}]},{"@type":"WebSite","@id":"https:\/\/hondapowertools.com\/#website","url":"https:\/\/hondapowertools.com\/","name":"HONDA POWER EQUIPMENTS","description":"Honda Power Equipment","publisher":{"@id":"https:\/\/hondapowertools.com\/#organization"},"potentialAction":[{"@type":"SearchAction","target":{"@type":"EntryPoint","urlTemplate":"https:\/\/hondapowertools.com\/?s={search_term_string}"},"query-input":{"@type":"PropertyValueSpecification","valueRequired":true,"valueName":"search_term_string"}}],"inLanguage":"es"},{"@type":"Organization","@id":"https:\/\/hondapowertools.com\/#organization","name":"HONDA POWER TOOLS","alternateName":"HONDA POWER EQUIPMENT","url":"https:\/\/hondapowertools.com\/","logo":{"@type":"ImageObject","inLanguage":"es","@id":"https:\/\/hondapowertools.com\/#\/schema\/logo\/image\/","url":"https:\/\/hondapowertools.com\/wp-content\/uploads\/2025\/02\/cropped-honda-power-equipment-logo.png","contentUrl":"https:\/\/hondapowertools.com\/wp-content\/uploads\/2025\/02\/cropped-honda-power-equipment-logo.png","width":290,"height":70,"caption":"HONDA POWER TOOLS"},"image":{"@id":"https:\/\/hondapowertools.com\/#\/schema\/logo\/image\/"}}]}},"_links":{"self":[{"href":"https:\/\/hondapowertools.com\/es\/wp-json\/wp\/v2\/product\/594","targetHints":{"allow":["GET"]}}],"collection":[{"href":"https:\/\/hondapowertools.com\/es\/wp-json\/wp\/v2\/product"}],"about":[{"href":"https:\/\/hondapowertools.com\/es\/wp-json\/wp\/v2\/types\/product"}],"replies":[{"embeddable":true,"href":"https:\/\/hondapowertools.com\/es\/wp-json\/wp\/v2\/comments?post=594"}],"wp:featuredmedia":[{"embeddable":true,"href":"https:\/\/hondapowertools.com\/es\/wp-json\/wp\/v2\/media\/595"}],"wp:attachment":[{"href":"https:\/\/hondapowertools.com\/es\/wp-json\/wp\/v2\/media?parent=594"}],"wp:term":[{"taxonomy":"product_brand","embeddable":true,"href":"https:\/\/hondapowertools.com\/es\/wp-json\/wp\/v2\/product_brand?post=594"},{"taxonomy":"product_cat","embeddable":true,"href":"https:\/\/hondapowertools.com\/es\/wp-json\/wp\/v2\/product_cat?post=594"},{"taxonomy":"product_tag","embeddable":true,"href":"https:\/\/hondapowertools.com\/es\/wp-json\/wp\/v2\/product_tag?post=594"}],"curies":[{"name":"wp","href":"https:\/\/api.w.org\/{rel}","templated":true}]}}