{"id":794,"date":"2025-02-14T04:36:29","date_gmt":"2025-02-14T04:36:29","guid":{"rendered":"https:\/\/hondapowertools.com\/?post_type=product&#038;p=794"},"modified":"2026-01-07T08:19:44","modified_gmt":"2026-01-07T08:19:44","slug":"2017-honda-fourtrax-foreman-rubicon-4x4-eps","status":"publish","type":"product","link":"https:\/\/hondapowertools.com\/es\/producto\/2017-honda-fourtrax-foreman-rubicon-4x4-eps\/","title":{"rendered":"2017 Honda FourTrax Foreman Rubicon 4\u00d74 EPS"},"content":{"rendered":"<h2 class=\"tide-font-20 tide-font-600\">2017 Honda FourTrax Foreman Rubicon 4\u00d74 EPS muy usado con 10000millas.<\/h2>\n<p>&nbsp;<\/p>\n<h3>Bonito equipo de potencia Honda usado: Cabrestante y actualizaci\u00f3n de ruedas y neum\u00e1ticos de aluminio Sedona.<\/h3>\n<p>No importa si hablamos de arquitectura, transporte, ropa, comida o m\u00fasica: los aut\u00e9nticos grandes superan la prueba del tiempo. Y cuando hablamos de todoterrenos, esa prueba significa dos cosas: cu\u00e1ntas horas al d\u00eda quieres montar y cu\u00e1nto dura tu ATV.<\/p>\n<p>En ambos aspectos, el Honda FourTrax Foreman Rubicon es un fuera de serie. Es un ATV de primera calidad que da prioridad a la comodidad del conductor durante todo el d\u00eda. Y tenemos una gran selecci\u00f3n de modelos Rubicon con una amplia gama de caracter\u00edsticas, para que puedas elegir el que sea perfecto para ti. Y para 2017, incluso tenemos un modelo con el color de la pintura aplicado sobre la carrocer\u00eda, una primicia para un ATV Honda.<\/p>\n<p>Todos los Rubicon utilizan el mismo motor de clase 500: resistente, probado y eficiente. Puedes elegir entre dos opciones de transmisi\u00f3n: una robusta caja de cambios de tipo convencional para ATV que convierte al Rubicon en el \u00fanico ATV con cambio manual y suspensi\u00f3n trasera independiente del mercado, y nuestra revolucionaria transmisi\u00f3n autom\u00e1tica de doble embrague con un nuevo mapa de cambios m\u00e1s suave y resistentes engranajes internos de acero.<\/p>\n<p>&nbsp;<\/p>\n<p>Sin embargo, la suspensi\u00f3n trasera independiente (IRS) es mucho m\u00e1s que confort y una conducci\u00f3n suave. La ingenier\u00eda superior de la suspensi\u00f3n del Rubicon te da la confianza que necesitas para enfrentarte a los caminos m\u00e1s abruptos, a la vez que te proporciona confort durante todo el d\u00eda y una excelente tracci\u00f3n en terrenos irregulares.<\/p>\n<p>Y hay mucho m\u00e1s de lo que hablar: mandos refinados, robustos bastidores de acero, freno de disco trasero interior, direcci\u00f3n asistida el\u00e9ctrica (EPS) disponible e incluso modelos con brazos A rojos, muelles y llantas de fundici\u00f3n negra y aluminio mecanizado. Pero no importa qu\u00e9 Rubicon elijas, una cosa es segura: Una vez que empieces a conducir, la \u00fanica raz\u00f3n por la que querr\u00e1s parar es para repostar.<\/p>","protected":false},"excerpt":{"rendered":"<p>2017 Honda FourTrax Foreman Rubicon 4&#215;4 EPS farly used with 10000miles &nbsp; Nice used Honda power equipment: Winch and Sedona Aluminum Wheel and Tire upgrade. It doesn\u2019t matter whether we\u2019re talking about architecture, transportation, clothing, food, or music: the real greats stand the test of time. And when you\u2019re talking about all-terrain vehicles, that test [&#8230;]","protected":false},"featured_media":796,"comment_status":"open","ping_status":"closed","template":"","meta":[],"product_brand":[],"product_cat":[50],"product_tag":[192],"class_list":{"0":"post-794","1":"product","2":"type-product","3":"status-publish","4":"has-post-thumbnail","6":"product_cat-honda-golf-carts","7":"product_tag-2017-honda-rubicon-500-for-sale","9":"first","10":"instock","11":"shipping-taxable","12":"purchasable","13":"product-type-simple"},"yoast_head":"<!-- This site is optimized with the Yoast SEO Premium plugin v26.2 (Yoast SEO v26.2) - https:\/\/yoast.com\/wordpress\/plugins\/seo\/ -->\n<title>2017 Honda FourTrax Foreman Rubicon 4x4 EPS - HONDA POWER EQUIPMENT<\/title>\n<meta name=\"description\" content=\"Order fairly used 2017 Honda FourTrax Foreman Rubicon comes with 10000 miles and has never been repaired. good engine ,good transmission\" \/>\n<meta name=\"robots\" content=\"index, follow, max-snippet:-1, max-image-preview:large, max-video-preview:-1\" \/>\n<link rel=\"canonical\" href=\"https:\/\/hondapowertools.com\/es\/tuote\/2017-honda-fourtrax-foreman-rubicon-4x4-eps\/\" \/>\n<meta property=\"og:locale\" content=\"es_MX\" \/>\n<meta property=\"og:type\" content=\"article\" \/>\n<meta property=\"og:title\" content=\"2017 Honda FourTrax Foreman Rubicon 4x4 EPS\" \/>\n<meta property=\"og:description\" content=\"Order fairly used 2017 Honda FourTrax Foreman Rubicon comes with 10000 miles and has never been repaired. good engine ,good transmission\" \/>\n<meta property=\"og:url\" content=\"https:\/\/hondapowertools.com\/es\/tuote\/2017-honda-fourtrax-foreman-rubicon-4x4-eps\/\" \/>\n<meta property=\"og:site_name\" content=\"HONDA POWER EQUIPMENT\" \/>\n<meta property=\"article:modified_time\" content=\"2026-01-07T08:19:44+00:00\" \/>\n<meta property=\"og:image\" content=\"https:\/\/hondapowertools.com\/wp-content\/uploads\/2025\/02\/675869b9bae48632fa120496.jpg\" \/>\n\t<meta property=\"og:image:width\" content=\"1024\" \/>\n\t<meta property=\"og:image:height\" content=\"768\" \/>\n\t<meta property=\"og:image:type\" content=\"image\/jpeg\" \/>\n<meta name=\"twitter:card\" content=\"summary_large_image\" \/>\n<meta name=\"twitter:label1\" content=\"Tiempo de lectura\" \/>\n\t<meta name=\"twitter:data1\" content=\"2 minutos\" \/>\n<script type=\"application\/ld+json\" class=\"yoast-schema-graph\">{\"@context\":\"https:\/\/schema.org\",\"@graph\":[{\"@type\":\"WebPage\",\"@id\":\"https:\/\/hondapowertools.com\/fi\/tuote\/2017-honda-fourtrax-foreman-rubicon-4x4-eps\/\",\"url\":\"https:\/\/hondapowertools.com\/fi\/tuote\/2017-honda-fourtrax-foreman-rubicon-4x4-eps\/\",\"name\":\"2017 Honda FourTrax Foreman Rubicon 4x4 EPS - HONDA POWER EQUIPMENT\",\"isPartOf\":{\"@id\":\"https:\/\/hondapowertools.com\/#website\"},\"primaryImageOfPage\":{\"@id\":\"https:\/\/hondapowertools.com\/fi\/tuote\/2017-honda-fourtrax-foreman-rubicon-4x4-eps\/#primaryimage\"},\"image\":{\"@id\":\"https:\/\/hondapowertools.com\/fi\/tuote\/2017-honda-fourtrax-foreman-rubicon-4x4-eps\/#primaryimage\"},\"thumbnailUrl\":\"https:\/\/hondapowertools.com\/wp-content\/uploads\/2025\/02\/675869b9bae48632fa120496.jpg\",\"datePublished\":\"2025-02-14T04:36:29+00:00\",\"dateModified\":\"2026-01-07T08:19:44+00:00\",\"description\":\"Order fairly used 2017 Honda FourTrax Foreman Rubicon comes with 10000 miles and has never been repaired. good engine ,good transmission\",\"breadcrumb\":{\"@id\":\"https:\/\/hondapowertools.com\/fi\/tuote\/2017-honda-fourtrax-foreman-rubicon-4x4-eps\/#breadcrumb\"},\"inLanguage\":\"es\",\"potentialAction\":[{\"@type\":\"ReadAction\",\"target\":[\"https:\/\/hondapowertools.com\/fi\/tuote\/2017-honda-fourtrax-foreman-rubicon-4x4-eps\/\"]}]},{\"@type\":\"ImageObject\",\"inLanguage\":\"es\",\"@id\":\"https:\/\/hondapowertools.com\/fi\/tuote\/2017-honda-fourtrax-foreman-rubicon-4x4-eps\/#primaryimage\",\"url\":\"https:\/\/hondapowertools.com\/wp-content\/uploads\/2025\/02\/675869b9bae48632fa120496.jpg\",\"contentUrl\":\"https:\/\/hondapowertools.com\/wp-content\/uploads\/2025\/02\/675869b9bae48632fa120496.jpg\",\"width\":1024,\"height\":768,\"caption\":\"2017 honda rubicon 500 for sale\"},{\"@type\":\"BreadcrumbList\",\"@id\":\"https:\/\/hondapowertools.com\/fi\/tuote\/2017-honda-fourtrax-foreman-rubicon-4x4-eps\/#breadcrumb\",\"itemListElement\":[{\"@type\":\"ListItem\",\"position\":1,\"name\":\"Home\",\"item\":\"https:\/\/hondapowertools.com\/\"},{\"@type\":\"ListItem\",\"position\":2,\"name\":\"Shop\",\"item\":\"https:\/\/hondapowertools.com\/?page_id=10\"},{\"@type\":\"ListItem\",\"position\":3,\"name\":\"2017 Honda FourTrax Foreman Rubicon 4&#215;4 EPS\"}]},{\"@type\":\"WebSite\",\"@id\":\"https:\/\/hondapowertools.com\/#website\",\"url\":\"https:\/\/hondapowertools.com\/\",\"name\":\"HONDA POWER EQUIPMENTS\",\"description\":\"Honda Power Equipment\",\"publisher\":{\"@id\":\"https:\/\/hondapowertools.com\/#organization\"},\"potentialAction\":[{\"@type\":\"SearchAction\",\"target\":{\"@type\":\"EntryPoint\",\"urlTemplate\":\"https:\/\/hondapowertools.com\/?s={search_term_string}\"},\"query-input\":{\"@type\":\"PropertyValueSpecification\",\"valueRequired\":true,\"valueName\":\"search_term_string\"}}],\"inLanguage\":\"es\"},{\"@type\":\"Organization\",\"@id\":\"https:\/\/hondapowertools.com\/#organization\",\"name\":\"HONDA POWER TOOLS\",\"alternateName\":\"HONDA POWER EQUIPMENT\",\"url\":\"https:\/\/hondapowertools.com\/\",\"logo\":{\"@type\":\"ImageObject\",\"inLanguage\":\"es\",\"@id\":\"https:\/\/hondapowertools.com\/#\/schema\/logo\/image\/\",\"url\":\"https:\/\/hondapowertools.com\/wp-content\/uploads\/2025\/02\/cropped-honda-power-equipment-logo.png\",\"contentUrl\":\"https:\/\/hondapowertools.com\/wp-content\/uploads\/2025\/02\/cropped-honda-power-equipment-logo.png\",\"width\":290,\"height\":70,\"caption\":\"HONDA POWER TOOLS\"},\"image\":{\"@id\":\"https:\/\/hondapowertools.com\/#\/schema\/logo\/image\/\"}}]}<\/script>\n<!-- \/ Yoast SEO Premium plugin. -->","yoast_head_json":{"title":"2017 Honda FourTrax Foreman Rubicon 4x4 EPS - HONDA POWER EQUIPMENT","description":"Order fairly used 2017 Honda FourTrax Foreman Rubicon comes with 10000 miles and has never been repaired. good engine ,good transmission","robots":{"index":"index","follow":"follow","max-snippet":"max-snippet:-1","max-image-preview":"max-image-preview:large","max-video-preview":"max-video-preview:-1"},"canonical":"https:\/\/hondapowertools.com\/es\/tuote\/2017-honda-fourtrax-foreman-rubicon-4x4-eps\/","og_locale":"es_MX","og_type":"article","og_title":"2017 Honda FourTrax Foreman Rubicon 4x4 EPS","og_description":"Order fairly used 2017 Honda FourTrax Foreman Rubicon comes with 10000 miles and has never been repaired. good engine ,good transmission","og_url":"https:\/\/hondapowertools.com\/es\/tuote\/2017-honda-fourtrax-foreman-rubicon-4x4-eps\/","og_site_name":"HONDA POWER EQUIPMENT","article_modified_time":"2026-01-07T08:19:44+00:00","og_image":[{"width":1024,"height":768,"url":"https:\/\/hondapowertools.com\/wp-content\/uploads\/2025\/02\/675869b9bae48632fa120496.jpg","type":"image\/jpeg"}],"twitter_card":"summary_large_image","twitter_misc":{"Tiempo de lectura":"2 minutos"},"schema":{"@context":"https:\/\/schema.org","@graph":[{"@type":"WebPage","@id":"https:\/\/hondapowertools.com\/fi\/tuote\/2017-honda-fourtrax-foreman-rubicon-4x4-eps\/","url":"https:\/\/hondapowertools.com\/fi\/tuote\/2017-honda-fourtrax-foreman-rubicon-4x4-eps\/","name":"2017 Honda FourTrax Foreman Rubicon 4x4 EPS - HONDA POWER EQUIPMENT","isPartOf":{"@id":"https:\/\/hondapowertools.com\/#website"},"primaryImageOfPage":{"@id":"https:\/\/hondapowertools.com\/fi\/tuote\/2017-honda-fourtrax-foreman-rubicon-4x4-eps\/#primaryimage"},"image":{"@id":"https:\/\/hondapowertools.com\/fi\/tuote\/2017-honda-fourtrax-foreman-rubicon-4x4-eps\/#primaryimage"},"thumbnailUrl":"https:\/\/hondapowertools.com\/wp-content\/uploads\/2025\/02\/675869b9bae48632fa120496.jpg","datePublished":"2025-02-14T04:36:29+00:00","dateModified":"2026-01-07T08:19:44+00:00","description":"Order fairly used 2017 Honda FourTrax Foreman Rubicon comes with 10000 miles and has never been repaired. good engine ,good transmission","breadcrumb":{"@id":"https:\/\/hondapowertools.com\/fi\/tuote\/2017-honda-fourtrax-foreman-rubicon-4x4-eps\/#breadcrumb"},"inLanguage":"es","potentialAction":[{"@type":"ReadAction","target":["https:\/\/hondapowertools.com\/fi\/tuote\/2017-honda-fourtrax-foreman-rubicon-4x4-eps\/"]}]},{"@type":"ImageObject","inLanguage":"es","@id":"https:\/\/hondapowertools.com\/fi\/tuote\/2017-honda-fourtrax-foreman-rubicon-4x4-eps\/#primaryimage","url":"https:\/\/hondapowertools.com\/wp-content\/uploads\/2025\/02\/675869b9bae48632fa120496.jpg","contentUrl":"https:\/\/hondapowertools.com\/wp-content\/uploads\/2025\/02\/675869b9bae48632fa120496.jpg","width":1024,"height":768,"caption":"2017 honda rubicon 500 for sale"},{"@type":"BreadcrumbList","@id":"https:\/\/hondapowertools.com\/fi\/tuote\/2017-honda-fourtrax-foreman-rubicon-4x4-eps\/#breadcrumb","itemListElement":[{"@type":"ListItem","position":1,"name":"Home","item":"https:\/\/hondapowertools.com\/"},{"@type":"ListItem","position":2,"name":"Shop","item":"https:\/\/hondapowertools.com\/?page_id=10"},{"@type":"ListItem","position":3,"name":"2017 Honda FourTrax Foreman Rubicon 4&#215;4 EPS"}]},{"@type":"WebSite","@id":"https:\/\/hondapowertools.com\/#website","url":"https:\/\/hondapowertools.com\/","name":"HONDA POWER EQUIPMENTS","description":"Honda Power Equipment","publisher":{"@id":"https:\/\/hondapowertools.com\/#organization"},"potentialAction":[{"@type":"SearchAction","target":{"@type":"EntryPoint","urlTemplate":"https:\/\/hondapowertools.com\/?s={search_term_string}"},"query-input":{"@type":"PropertyValueSpecification","valueRequired":true,"valueName":"search_term_string"}}],"inLanguage":"es"},{"@type":"Organization","@id":"https:\/\/hondapowertools.com\/#organization","name":"HONDA POWER TOOLS","alternateName":"HONDA POWER EQUIPMENT","url":"https:\/\/hondapowertools.com\/","logo":{"@type":"ImageObject","inLanguage":"es","@id":"https:\/\/hondapowertools.com\/#\/schema\/logo\/image\/","url":"https:\/\/hondapowertools.com\/wp-content\/uploads\/2025\/02\/cropped-honda-power-equipment-logo.png","contentUrl":"https:\/\/hondapowertools.com\/wp-content\/uploads\/2025\/02\/cropped-honda-power-equipment-logo.png","width":290,"height":70,"caption":"HONDA POWER TOOLS"},"image":{"@id":"https:\/\/hondapowertools.com\/#\/schema\/logo\/image\/"}}]}},"_links":{"self":[{"href":"https:\/\/hondapowertools.com\/es\/wp-json\/wp\/v2\/product\/794","targetHints":{"allow":["GET"]}}],"collection":[{"href":"https:\/\/hondapowertools.com\/es\/wp-json\/wp\/v2\/product"}],"about":[{"href":"https:\/\/hondapowertools.com\/es\/wp-json\/wp\/v2\/types\/product"}],"replies":[{"embeddable":true,"href":"https:\/\/hondapowertools.com\/es\/wp-json\/wp\/v2\/comments?post=794"}],"wp:featuredmedia":[{"embeddable":true,"href":"https:\/\/hondapowertools.com\/es\/wp-json\/wp\/v2\/media\/796"}],"wp:attachment":[{"href":"https:\/\/hondapowertools.com\/es\/wp-json\/wp\/v2\/media?parent=794"}],"wp:term":[{"taxonomy":"product_brand","embeddable":true,"href":"https:\/\/hondapowertools.com\/es\/wp-json\/wp\/v2\/product_brand?post=794"},{"taxonomy":"product_cat","embeddable":true,"href":"https:\/\/hondapowertools.com\/es\/wp-json\/wp\/v2\/product_cat?post=794"},{"taxonomy":"product_tag","embeddable":true,"href":"https:\/\/hondapowertools.com\/es\/wp-json\/wp\/v2\/product_tag?post=794"}],"curies":[{"name":"wp","href":"https:\/\/api.w.org\/{rel}","templated":true}]}}