{"id":462,"date":"2025-02-09T07:05:56","date_gmt":"2025-02-09T07:05:56","guid":{"rendered":"https:\/\/hondapowertools.com\/?post_type=product&#038;p=462"},"modified":"2025-02-09T07:19:59","modified_gmt":"2025-02-09T07:19:59","slug":"eu3200i","status":"publish","type":"product","link":"https:\/\/hondapowertools.com\/fi\/tuote\/eu3200i\/","title":{"rendered":"EU3200i"},"content":{"rendered":"<div id=\"Features\" class=\"anchor2 container g-py-0\">\n<div class=\"row\">\n<h2><\/h2>\n<h2>Honda EU3200I generaattori\/invertteri<\/h2>\n<div><\/div>\n<div class=\"col-lg-2 featimg text-center g-pa-10 g-mb-0 g-font-weight-600\"><img decoding=\"async\" class=\"img-fluid\" src=\"https:\/\/services.powerequipment.honda.com\/content\/images\/pe\/models\/features\/thumbs\/app_refrig.microwave.rv.jpg\" alt=\"3200 Watts of Portable Power\" \/><\/div>\n<div class=\"col-lg-4 g-pa-10 g-mb-0\">\n<p><span class=\"g-color-black g-font-weight-700\">3200 watin kannettava teho<\/span>Honda EU3200I -generaattorilla voi k\u00e4ytt\u00e4\u00e4 erilaisia laitteita, kuten uunia, j\u00e4\u00e4kaappia, mikroaaltouunia, asuntoauton ilmastointia ja paljon muuta. Se on ihanteellinen matkailuautoihin, ulkoilmatapahtumiin, kodin varavoimanl\u00e4hteeksi ja paljon muuhun.<\/p>\n<\/div>\n<div class=\"col-lg-2 featimg text-center g-pa-10 g-mb-0 g-font-weight-600\"><img decoding=\"async\" class=\"img-fluid\" src=\"https:\/\/services.powerequipment.honda.com\/content\/images\/pe\/models\/features\/thumbs\/eu32-weight-icon.jpg\" alt=\"Compact &amp; Lightweight Design\" \/><\/div>\n<div class=\"col-lg-4 g-pa-10 g-mb-0\">\n<p><span class=\"g-color-black g-font-weight-700\">Kompakti ja kevyt rakenne<\/span>EU3200i on alle 60 kilon painollaan kevyin ja pienikokoisin 3000 watin sarjan generaattori, jota olemme koskaan valmistaneet. Kahden integroidun kahvan ansiosta sit\u00e4 on helppo nostaa, kuljettaa ja s\u00e4ilytt\u00e4\u00e4.<\/p>\n<\/div>\n<div class=\"col-lg-2 featimg text-center g-pa-10 g-mb-0 g-font-weight-600\"><img decoding=\"async\" class=\"img-fluid\" src=\"https:\/\/services.powerequipment.honda.com\/content\/images\/pe\/models\/features\/thumbs\/eu3200-starting.jpg\" alt=\"Easy Starts &amp; Simple Operation\" \/><\/div>\n<div class=\"col-lg-4 g-pa-10 g-mb-0\">\n<p><span class=\"g-color-black g-font-weight-700\">Helppo k\u00e4ynnistys ja yksinkertainen k\u00e4ytt\u00f6<\/span>Nopea ja helppo 2-vaiheinen kuristimeton k\u00e4ynnistys: k\u00e4ynnist\u00e4 ja ved\u00e4 vain, niin saat heti tehoa.<\/p>\n<\/div>\n<div class=\"col-lg-2 featimg text-center g-pa-10 g-mb-0 g-font-weight-600\"><img decoding=\"async\" class=\"img-fluid\" src=\"https:\/\/services.powerequipment.honda.com\/content\/images\/pe\/models\/features\/thumbs\/honda-my-generator-app.jpg\" alt=\"Convenient Smartphone Control\" \/><\/div>\n<div class=\"col-lg-4 g-pa-10 g-mb-0\">\n<p><span class=\"g-color-black g-font-weight-700\">K\u00e4tev\u00e4 \u00e4lypuhelimen ohjaus<\/span>Seuraa helposti polttoainetasoa, tehoa ja Eco Throttle -kaasupoljinta<sup>\u00ae,<\/sup>\u00a0ja paljon muuta, kaikki k\u00e4mmenelt\u00e4si. Sovellus sis\u00e4lt\u00e4\u00e4 langattoman pys\u00e4ytyksen, k\u00e4yt\u00f6nvalvonnan ja huoltomuistutukset. Sis\u00e4\u00e4nrakennettu Bluetooth\u00ae-yhteys ja yksinoikeudella toimiva Honda Generator Bluetooth\u00ae -sovellus takaavat t\u00e4ydellisen vapauden ja hallinnan.<\/p>\n<\/div>\n<div class=\"col-lg-2 featimg text-center g-pa-10 g-mb-0 g-font-weight-600\"><img decoding=\"async\" class=\"img-fluid\" src=\"https:\/\/services.powerequipment.honda.com\/content\/images\/pe\/models\/features\/thumbs\/eco.jpg\" alt=\"Exceptional Fuel efficiency\" \/><\/div>\n<div class=\"col-lg-4 g-pa-10 g-mb-0\">\n<p><span class=\"g-color-black g-font-weight-700\">Poikkeuksellinen polttoainetehokkuus<\/span>\u00a0Hondan ainutlaatuisen Eco Throttle System -kaasuj\u00e4rjestelm\u00e4n ansiosta EU3200i on eritt\u00e4in polttoainetehokas. Kulkee jopa 8,6 tuntia yhdell\u00e4 tankilla kuormituksesta riippuen. T\u00e4m\u00e4 tekee siit\u00e4 erinomaisen y\u00f6aikaan k\u00e4ytett\u00e4v\u00e4n voimanl\u00e4hteen.<\/p>\n<\/div>\n<div class=\"col-lg-2 featimg text-center g-pa-10 g-mb-0 g-font-weight-600\"><img decoding=\"async\" class=\"img-fluid\" src=\"https:\/\/services.powerequipment.honda.com\/content\/images\/pe\/models\/features\/thumbs\/fuel-injection-icon.jpg\" alt=\"Powerful Honda GX130 Fuel-Injected Engine\" \/><\/div>\n<div class=\"col-lg-4 g-pa-10 g-mb-0\">\n<p><span class=\"g-color-black g-font-weight-700\">Tehokas Honda GX130 polttoainesuihkutettu moottori<\/span>\u00c4lyk\u00e4s elektroninen polttoaineen ruiskutustekniikka lis\u00e4\u00e4 polttoainetehokkuutta, poistaa moottorin kuristimen ja v\u00e4hent\u00e4\u00e4 polttoaineeseen liittyvi\u00e4 kaasutinongelmia.<\/p>\n<\/div>\n<div class=\"col-lg-2 featimg text-center g-pa-10 g-mb-0 g-font-weight-600\"><img decoding=\"async\" class=\"img-fluid\" src=\"https:\/\/services.powerequipment.honda.com\/content\/images\/pe\/models\/features\/thumbs\/eu3200-led-status.jpg\" alt=\"Know with a Glance\" \/><\/div>\n<div class=\"col-lg-4 g-pa-10 g-mb-0\">\n<p><span class=\"g-color-black g-font-weight-700\">Tied\u00e4 yhdell\u00e4 silm\u00e4yksell\u00e4<\/span>Etupaneelin LED-merkkivalot n\u00e4ytt\u00e4v\u00e4t nopeasti ja k\u00e4tev\u00e4sti polttoainetason, Eco Throttle<sup>\u00ae<\/sup>\u00a0toiminta ja paljon muuta.<\/p>\n<\/div>\n<div class=\"col-lg-2 featimg text-center g-pa-10 g-mb-0 g-font-weight-600\"><img decoding=\"async\" class=\"img-fluid\" src=\"https:\/\/services.powerequipment.honda.com\/content\/images\/pe\/models\/features\/thumbs\/quiet.jpg\" alt=\"Super quiet - less noise than normal conversation\" \/><\/div>\n<div class=\"col-lg-4 g-pa-10 g-mb-0\">\n<p><span class=\"g-color-black g-font-weight-700\">Eritt\u00e4in hiljainen - v\u00e4hemm\u00e4n melua kuin normaali keskustelu<\/span> Hiljaa, naapurisi kiitt\u00e4v\u00e4t sinua. EU3200i toimii 54-58 dB(A):n \u00e4\u00e4nitasolla, mik\u00e4 on v\u00e4hemm\u00e4n melua kuin normaali keskustelu. T\u00e4m\u00e4n ansiosta se sopii erinomaisesti retkeilyyn, asuntoautovirtaan ja mihin tahansa muuhun toimintaan, joka edellytt\u00e4\u00e4 hiljaista toimintaa.<\/p>\n<\/div>\n<div class=\"col-lg-2 featimg text-center g-pa-10 g-mb-0 g-font-weight-600\"><img decoding=\"async\" class=\"img-fluid\" src=\"https:\/\/services.powerequipment.honda.com\/content\/images\/pe\/models\/features\/thumbs\/laptop.jpg\" alt=\"Clean, Stable Power for Electronics\" \/><\/div>\n<div class=\"col-lg-4 g-pa-10 g-mb-0\">\n<p><span class=\"g-color-black g-font-weight-700\">Puhdasta, vakaata virtaa elektroniikkaan<\/span>Hondan invertteritekniikka tarjoaa kotipistorasiaan laadukasta virtaa herk\u00e4lle elektroniikalle.<\/p>\n<\/div>\n<div class=\"col-lg-2 featimg text-center g-pa-10 g-mb-0 g-font-weight-600\"><img decoding=\"async\" class=\"img-fluid\" src=\"https:\/\/services.powerequipment.honda.com\/content\/images\/pe\/models\/features\/thumbs\/parallel-icon.jpg\" alt=\"Double Your Power\" \/><\/div>\n<div class=\"col-lg-4 g-pa-10 g-mb-0\">\n<p><span class=\"g-color-black g-font-weight-700\">Kaksinkertainen teho Rinnakkainen<\/span>\u00a0toisen EU3200i:n kanssa jopa 6400 watin tehoa varten. Kaksi samanlaista mallia voidaan rinnakkaistaa lis\u00e4varusteena saatavalla rinnakkaissarjalla (saatavana kev\u00e4\u00e4ll\u00e4 2024).<\/p>\n<\/div>\n<div class=\"col-lg-2 featimg text-center g-pa-10 g-mb-0 g-font-weight-600\"><img decoding=\"async\" class=\"img-fluid\" src=\"https:\/\/services.powerequipment.honda.com\/content\/images\/pe\/models\/features\/thumbs\/co-minder-logo.jpg\" alt=\"Added Peace Of Mind\" \/><\/div>\n<div class=\"col-lg-4 g-pa-10 g-mb-0\">\n<p><span class=\"g-color-black g-font-weight-700\">Lis\u00e4tty mielenrauha<\/span>CO-MINDER<sup>\u00ae<\/sup>\u00a0j\u00e4rjestelm\u00e4 on suunniteltu sammuttamaan generaattori automaattisesti, jos se havaitsee hiilimonoksidikaasun nousevan vaaralliselle tasolle.<\/p>\n<\/div>\n<div class=\"col-lg-2 featimg text-center g-pa-10 g-mb-0 g-font-weight-600\"><img decoding=\"async\" class=\"img-fluid\" src=\"https:\/\/services.powerequipment.honda.com\/content\/images\/pe\/models\/features\/thumbs\/honda-3-year-warranty.jpg\" alt=\"3 year residential warranty\" \/><\/div>\n<div class=\"col-lg-4 g-pa-10 g-mb-0\">\n<p><span class=\"g-color-black g-font-weight-700\">3 vuoden takuu asuinrakennuksille<\/span>Voit lev\u00e4t\u00e4 rauhassa tiet\u00e4en, ett\u00e4 generaattorisi on suojattu alusta loppuun 3 vuoden ajan.<\/p>\n<\/div>\n<div class=\"col-lg-2 featimg text-center g-pa-10 g-mb-0 g-font-weight-600\"><img decoding=\"async\" class=\"img-fluid\" style=\"box-sizing: border-box; vertical-align: middle; border-style: none; max-width: 100%; height: auto;\" src=\"https:\/\/services.powerequipment.honda.com\/content\/images\/pe\/models\/features\/thumbs\/oil-alert.jpg\" alt=\"Protected by Oil Alert&lt;sup&gt;&amp;reg;&lt;\/sup&gt;\" \/><\/div>\n<div class=\"col-lg-4 g-pa-10 g-mb-0\">\n<p><span class=\"g-color-black g-font-weight-700\">Suojattu \u00f6ljyh\u00e4lytyksell\u00e4<sup>\u00ae<\/sup><\/span>Suojaa generaattoria sammuttamalla moottorin, kun havaitaan alhainen \u00f6ljym\u00e4\u00e4r\u00e4.<\/p>\n<\/div>\n<div class=\"col-lg-2 featimg text-center g-pa-10 g-mb-0 g-font-weight-600\"><img decoding=\"async\" class=\"img-fluid\" src=\"https:\/\/services.powerequipment.honda.com\/content\/images\/pe\/models\/features\/thumbs\/spark-arrestor.jpg\" alt=\"USDA-qualified spark arrestor\/muffler\" \/><\/div>\n<div class=\"col-lg-4 g-pa-10 g-mb-0\">\n<p><span class=\"g-color-black g-font-weight-700\">USDA-p\u00e4tev\u00f6ity kipin\u00e4nsammutin\/vaimennin<\/span><\/p>\n<\/div>\n<div class=\"col-lg-2 featimg text-center g-pa-10 g-mb-0 g-font-weight-600\"><\/div>\n<div class=\"col-lg-4 g-pa-10 g-mb-0\">\n<p><span class=\"g-color-black g-font-weight-700\">Suojattu piiri<\/span>Suojaa generaattoria ylikuormitukselta.<\/p>\n<\/div>\n<\/div>\n<\/div>\n<div id=\"Specs\" class=\"anchor2 container g-py-0\">\n<div class=\"col-lg-12 g-pa-0\">\n<div class=\"u-heading-v3-1 g-bg-main g-brd-main u-heading-v3-1 g-bg-main g-brd-main g-my-30 col-lg-12 g-pa-0\">\n<h2 class=\"h3 u-heading-v3__title\">Tekniset tiedot<\/h2>\n<\/div>\n<div class=\"g-pt-30 container\">\n<div class=\"col-lg-12 g-pa-0\">\n<div class=\"col-lg-12 g-brd-bottom g-brd-gray-light-v4 g-pt-0 g-pb-20 g-mb-0\"><span class=\"g-font-weight-600\">Mallin t\u00e4ydellinen nimi<\/span><span class=\"pull-right w-50\">EU3200IAN (49 osavaltiota), EU3200IAC (50 osavaltiota).<\/span><\/div>\n<\/div>\n<\/div>\n<div class=\"g-pt-30 container\">\n<div class=\"col-lg-12 g-pa-0\">\n<div class=\"col-lg-12 g-brd-bottom g-brd-gray-light-v4 g-pt-0 g-pb-20 g-mb-0\"><span class=\"g-font-weight-600\">Moottori<\/span><span class=\"pull-right w-50\">Honda GX130<\/span><\/div>\n<\/div>\n<\/div>\n<div class=\"g-pt-30 container\">\n<div class=\"col-lg-12 g-pa-0\">\n<div class=\"col-lg-12 g-brd-bottom g-brd-gray-light-v4 g-pt-0 g-pb-20 g-mb-0\"><span class=\"g-font-weight-600\">Siirtym\u00e4<\/span><span class=\"pull-right w-50\">130cc<\/span><\/div>\n<\/div>\n<\/div>\n<div class=\"g-pt-30 container\">\n<div class=\"col-lg-12 g-pa-0\">\n<div class=\"col-lg-12 g-brd-bottom g-brd-gray-light-v4 g-pt-0 g-pb-20 g-mb-0\"><span class=\"g-font-weight-600\">AC-l\u00e4ht\u00f6<\/span><span class=\"pull-right w-50\">120V 3200W max. (26,7A), 2600W nimellisarvo (21,7A).<\/span><\/div>\n<\/div>\n<\/div>\n<div class=\"g-pt-30 container\">\n<div class=\"col-lg-12 g-pa-0\">\n<div class=\"col-lg-12 g-brd-bottom g-brd-gray-light-v4 g-pt-0 g-pb-20 g-mb-0\"><span class=\"g-font-weight-600\">J\u00e4teastiat<\/span><span class=\"pull-right w-50\">30A 125V lukittava pistoke, 20A 125V duplex-pistoke<\/span><\/div>\n<\/div>\n<\/div>\n<div class=\"g-pt-30 container\">\n<div class=\"col-lg-12 g-pa-0\">\n<div class=\"col-lg-12 g-brd-bottom g-brd-gray-light-v4 g-pt-0 g-pb-20 g-mb-0\"><span class=\"g-font-weight-600\">DC-l\u00e4ht\u00f6<\/span><span class=\"pull-right w-50\">NA<\/span><\/div>\n<\/div>\n<\/div>\n<div class=\"g-pt-30 container\">\n<div class=\"col-lg-12 g-pa-0\">\n<div class=\"col-lg-12 g-brd-bottom g-brd-gray-light-v4 g-pt-0 g-pb-20 g-mb-0\"><span class=\"g-font-weight-600\">J\u00e4rjestelm\u00e4n k\u00e4ynnist\u00e4minen<\/span><span class=\"pull-right w-50\">Recoil<\/span><\/div>\n<\/div>\n<\/div>\n<div class=\"g-pt-30 container\">\n<div class=\"col-lg-12 g-pa-0\">\n<div class=\"col-lg-12 g-brd-bottom g-brd-gray-light-v4 g-pt-0 g-pb-20 g-mb-0\"><span class=\"g-font-weight-600\">Polttoaines\u00e4ili\u00f6n kapasiteetti<\/span><span class=\"pull-right w-50\">1,2 gal.<\/span><\/div>\n<\/div>\n<\/div>\n<div class=\"g-pt-30 container\">\n<div class=\"col-lg-12 g-pa-0\">\n<div class=\"col-lg-12 g-brd-bottom g-brd-gray-light-v4 g-pt-0 g-pb-20 g-mb-0\"><span class=\"g-font-weight-600\">K\u00e4yntiaika s\u00e4ili\u00f6t\u00e4 kohti<\/span><span class=\"pull-right w-50\">3,3 tuntia. @ nimelliskuorma, 8,6 tuntia @ 1\/4 kuormitus<\/span><\/div>\n<\/div>\n<\/div>\n<div class=\"g-pt-30 container\">\n<div class=\"col-lg-12 g-pa-0\">\n<div class=\"col-lg-12 g-brd-bottom g-brd-gray-light-v4 g-pt-0 g-pb-20 g-mb-0\"><span class=\"g-font-weight-600\">Mitat (L x S x K)<\/span><span class=\"pull-right w-50\">22,5 x 12,0 x 17,8 tuumaa.<\/span><\/div>\n<\/div>\n<\/div>\n<div class=\"g-pt-30 container\">\n<div class=\"col-lg-12 g-pa-0\">\n<div class=\"col-lg-12 g-brd-bottom g-brd-gray-light-v4 g-pt-0 g-pb-20 g-mb-0\"><span class=\"g-font-weight-600\">Melutaso<\/span><span class=\"pull-right w-50\">58 dB(A) nimelliskuormituksella, 54 dB(A) 1\/4 kuormituksella.<\/span><\/div>\n<\/div>\n<\/div>\n<div class=\"g-pt-30 container\">\n<div class=\"col-lg-12 g-pa-0\">\n<div class=\"col-lg-12 g-brd-bottom g-brd-gray-light-v4 g-pt-0 g-pb-20 g-mb-0\"><span class=\"g-font-weight-600\">Kuivapaino<\/span><span class=\"pull-right w-50\">59,1 kiloa<\/span><\/div>\n<\/div>\n<\/div>\n<div class=\"g-pt-30 container\">\n<div class=\"col-lg-12 g-pa-0\">\n<div class=\"col-lg-12 g-brd-bottom g-brd-gray-light-v4 g-pt-0 g-pb-20 g-mb-0\"><span class=\"g-font-weight-600\">Asuintakuu<\/span><span class=\"pull-right w-50\">3 vuotta<\/span><\/div>\n<\/div>\n<\/div>\n<div class=\"g-pt-30 container\">\n<div class=\"col-lg-12 g-pa-0\">\n<div class=\"col-lg-12 g-brd-bottom g-brd-gray-light-v4 g-pt-0 g-pb-20 g-mb-0\"><span class=\"g-font-weight-600\">Kaupallinen takuu<\/span><span class=\"pull-right w-50\">12 kuukautta<\/span><\/div>\n<div><\/div>\n<\/div>\n<\/div>\n<div class=\"g-pt-30 container\"><\/div>\n<\/div>\n<\/div>","protected":false},"excerpt":{"rendered":"<ul class=\"g-ml-0 g-pl-20\">\n<li>Virta uunille, j\u00e4\u00e4kaapille, 13,500 BTU RV AC -yksik\u00f6ille ja muullekin<\/li>\n<li>Eritt\u00e4in hiljainen, kevyt ja polttoainetehokas<\/li>\n<li>Puhdas, vakaa invertteriteho elektroniikalle<\/li>\n<li>Honda My Generator -sovellus + Bluetooth<sup>\u00ae<\/sup>\u00a0valmiudet<\/li>\n<li>CO-MINDER: kehittynyt hiilimonoksidin havaitsemisj\u00e4rjestelm\u00e4<\/li>\n<\/ul>","protected":false},"featured_media":464,"comment_status":"open","ping_status":"closed","template":"","meta":[],"product_brand":[],"product_cat":[42],"product_tag":[],"class_list":{"0":"post-462","1":"product","2":"type-product","3":"status-publish","4":"has-post-thumbnail","6":"product_cat-honda-generators","8":"first","9":"instock","10":"sale","11":"shipping-taxable","12":"purchasable","13":"product-type-simple"},"yoast_head":"<!-- This site is optimized with the Yoast SEO Premium plugin v26.2 (Yoast SEO v26.2) - https:\/\/yoast.com\/wordpress\/plugins\/seo\/ -->\n<title>EU3200i - HONDA POWER EQUIPMENT<\/title>\n<meta name=\"description\" content=\"The Honda EU3200i generator combines power and portability. Lightweight and compact, this 3200-watt generator is the perfect portable power source for an RV.\" \/>\n<meta name=\"robots\" content=\"index, follow, max-snippet:-1, max-image-preview:large, max-video-preview:-1\" \/>\n<link rel=\"canonical\" href=\"https:\/\/hondapowertools.com\/fi\/tuote\/eu3200i\/\" \/>\n<meta property=\"og:locale\" content=\"fi_FI\" \/>\n<meta property=\"og:type\" content=\"article\" \/>\n<meta property=\"og:title\" content=\"EU3200i\" \/>\n<meta property=\"og:description\" content=\"The Honda EU3200i generator combines power and portability. Lightweight and compact, this 3200-watt generator is the perfect portable power source for an RV.\" \/>\n<meta property=\"og:url\" content=\"https:\/\/hondapowertools.com\/fi\/tuote\/eu3200i\/\" \/>\n<meta property=\"og:site_name\" content=\"HONDA POWER EQUIPMENT\" \/>\n<meta property=\"article:modified_time\" content=\"2025-02-09T07:19:59+00:00\" \/>\n<meta property=\"og:image\" content=\"https:\/\/hondapowertools.com\/wp-content\/uploads\/2025\/02\/eu3200i_pe_imglg.jpg\" \/>\n\t<meta property=\"og:image:width\" content=\"1200\" \/>\n\t<meta property=\"og:image:height\" content=\"1200\" \/>\n\t<meta property=\"og:image:type\" content=\"image\/jpeg\" \/>\n<meta name=\"twitter:card\" content=\"summary_large_image\" \/>\n<meta name=\"twitter:label1\" content=\"Arvioitu lukuaika\" \/>\n\t<meta name=\"twitter:data1\" content=\"6 minuuttia\" \/>\n<script type=\"application\/ld+json\" class=\"yoast-schema-graph\">{\"@context\":\"https:\/\/schema.org\",\"@graph\":[{\"@type\":\"WebPage\",\"@id\":\"https:\/\/hondapowertools.com\/en_au\/product\/eu3200i\/\",\"url\":\"https:\/\/hondapowertools.com\/en_au\/product\/eu3200i\/\",\"name\":\"EU3200i - HONDA POWER EQUIPMENT\",\"isPartOf\":{\"@id\":\"https:\/\/hondapowertools.com\/#website\"},\"primaryImageOfPage\":{\"@id\":\"https:\/\/hondapowertools.com\/en_au\/product\/eu3200i\/#primaryimage\"},\"image\":{\"@id\":\"https:\/\/hondapowertools.com\/en_au\/product\/eu3200i\/#primaryimage\"},\"thumbnailUrl\":\"https:\/\/hondapowertools.com\/wp-content\/uploads\/2025\/02\/eu3200i_pe_imglg.jpg\",\"datePublished\":\"2025-02-09T07:05:56+00:00\",\"dateModified\":\"2025-02-09T07:19:59+00:00\",\"description\":\"The Honda EU3200i generator combines power and portability. Lightweight and compact, this 3200-watt generator is the perfect portable power source for an RV.\",\"breadcrumb\":{\"@id\":\"https:\/\/hondapowertools.com\/en_au\/product\/eu3200i\/#breadcrumb\"},\"inLanguage\":\"fi\",\"potentialAction\":[{\"@type\":\"ReadAction\",\"target\":[\"https:\/\/hondapowertools.com\/en_au\/product\/eu3200i\/\"]}]},{\"@type\":\"ImageObject\",\"inLanguage\":\"fi\",\"@id\":\"https:\/\/hondapowertools.com\/en_au\/product\/eu3200i\/#primaryimage\",\"url\":\"https:\/\/hondapowertools.com\/wp-content\/uploads\/2025\/02\/eu3200i_pe_imglg.jpg\",\"contentUrl\":\"https:\/\/hondapowertools.com\/wp-content\/uploads\/2025\/02\/eu3200i_pe_imglg.jpg\",\"width\":1200,\"height\":1200,\"caption\":\"EU3200i\"},{\"@type\":\"BreadcrumbList\",\"@id\":\"https:\/\/hondapowertools.com\/en_au\/product\/eu3200i\/#breadcrumb\",\"itemListElement\":[{\"@type\":\"ListItem\",\"position\":1,\"name\":\"Home\",\"item\":\"https:\/\/hondapowertools.com\/\"},{\"@type\":\"ListItem\",\"position\":2,\"name\":\"Shop\",\"item\":\"https:\/\/hondapowertools.com\/?page_id=10\"},{\"@type\":\"ListItem\",\"position\":3,\"name\":\"EU3200i\"}]},{\"@type\":\"WebSite\",\"@id\":\"https:\/\/hondapowertools.com\/#website\",\"url\":\"https:\/\/hondapowertools.com\/\",\"name\":\"HONDA POWER EQUIPMENTS\",\"description\":\"Honda Power Equipment\",\"publisher\":{\"@id\":\"https:\/\/hondapowertools.com\/#organization\"},\"potentialAction\":[{\"@type\":\"SearchAction\",\"target\":{\"@type\":\"EntryPoint\",\"urlTemplate\":\"https:\/\/hondapowertools.com\/?s={search_term_string}\"},\"query-input\":{\"@type\":\"PropertyValueSpecification\",\"valueRequired\":true,\"valueName\":\"search_term_string\"}}],\"inLanguage\":\"fi\"},{\"@type\":\"Organization\",\"@id\":\"https:\/\/hondapowertools.com\/#organization\",\"name\":\"HONDA POWER TOOLS\",\"alternateName\":\"HONDA POWER EQUIPMENT\",\"url\":\"https:\/\/hondapowertools.com\/\",\"logo\":{\"@type\":\"ImageObject\",\"inLanguage\":\"fi\",\"@id\":\"https:\/\/hondapowertools.com\/#\/schema\/logo\/image\/\",\"url\":\"https:\/\/hondapowertools.com\/wp-content\/uploads\/2025\/02\/cropped-honda-power-equipment-logo.png\",\"contentUrl\":\"https:\/\/hondapowertools.com\/wp-content\/uploads\/2025\/02\/cropped-honda-power-equipment-logo.png\",\"width\":290,\"height\":70,\"caption\":\"HONDA POWER TOOLS\"},\"image\":{\"@id\":\"https:\/\/hondapowertools.com\/#\/schema\/logo\/image\/\"}}]}<\/script>\n<!-- \/ Yoast SEO Premium plugin. -->","yoast_head_json":{"title":"EU3200i - HONDA POWER EQUIPMENT","description":"The Honda EU3200i generator combines power and portability. Lightweight and compact, this 3200-watt generator is the perfect portable power source for an RV.","robots":{"index":"index","follow":"follow","max-snippet":"max-snippet:-1","max-image-preview":"max-image-preview:large","max-video-preview":"max-video-preview:-1"},"canonical":"https:\/\/hondapowertools.com\/fi\/tuote\/eu3200i\/","og_locale":"fi_FI","og_type":"article","og_title":"EU3200i","og_description":"The Honda EU3200i generator combines power and portability. Lightweight and compact, this 3200-watt generator is the perfect portable power source for an RV.","og_url":"https:\/\/hondapowertools.com\/fi\/tuote\/eu3200i\/","og_site_name":"HONDA POWER EQUIPMENT","article_modified_time":"2025-02-09T07:19:59+00:00","og_image":[{"width":1200,"height":1200,"url":"https:\/\/hondapowertools.com\/wp-content\/uploads\/2025\/02\/eu3200i_pe_imglg.jpg","type":"image\/jpeg"}],"twitter_card":"summary_large_image","twitter_misc":{"Arvioitu lukuaika":"6 minuuttia"},"schema":{"@context":"https:\/\/schema.org","@graph":[{"@type":"WebPage","@id":"https:\/\/hondapowertools.com\/en_au\/product\/eu3200i\/","url":"https:\/\/hondapowertools.com\/en_au\/product\/eu3200i\/","name":"EU3200i - HONDA POWER EQUIPMENT","isPartOf":{"@id":"https:\/\/hondapowertools.com\/#website"},"primaryImageOfPage":{"@id":"https:\/\/hondapowertools.com\/en_au\/product\/eu3200i\/#primaryimage"},"image":{"@id":"https:\/\/hondapowertools.com\/en_au\/product\/eu3200i\/#primaryimage"},"thumbnailUrl":"https:\/\/hondapowertools.com\/wp-content\/uploads\/2025\/02\/eu3200i_pe_imglg.jpg","datePublished":"2025-02-09T07:05:56+00:00","dateModified":"2025-02-09T07:19:59+00:00","description":"The Honda EU3200i generator combines power and portability. Lightweight and compact, this 3200-watt generator is the perfect portable power source for an RV.","breadcrumb":{"@id":"https:\/\/hondapowertools.com\/en_au\/product\/eu3200i\/#breadcrumb"},"inLanguage":"fi","potentialAction":[{"@type":"ReadAction","target":["https:\/\/hondapowertools.com\/en_au\/product\/eu3200i\/"]}]},{"@type":"ImageObject","inLanguage":"fi","@id":"https:\/\/hondapowertools.com\/en_au\/product\/eu3200i\/#primaryimage","url":"https:\/\/hondapowertools.com\/wp-content\/uploads\/2025\/02\/eu3200i_pe_imglg.jpg","contentUrl":"https:\/\/hondapowertools.com\/wp-content\/uploads\/2025\/02\/eu3200i_pe_imglg.jpg","width":1200,"height":1200,"caption":"EU3200i"},{"@type":"BreadcrumbList","@id":"https:\/\/hondapowertools.com\/en_au\/product\/eu3200i\/#breadcrumb","itemListElement":[{"@type":"ListItem","position":1,"name":"Home","item":"https:\/\/hondapowertools.com\/"},{"@type":"ListItem","position":2,"name":"Shop","item":"https:\/\/hondapowertools.com\/?page_id=10"},{"@type":"ListItem","position":3,"name":"EU3200i"}]},{"@type":"WebSite","@id":"https:\/\/hondapowertools.com\/#website","url":"https:\/\/hondapowertools.com\/","name":"HONDA POWER EQUIPMENTS","description":"Honda Power Equipment","publisher":{"@id":"https:\/\/hondapowertools.com\/#organization"},"potentialAction":[{"@type":"SearchAction","target":{"@type":"EntryPoint","urlTemplate":"https:\/\/hondapowertools.com\/?s={search_term_string}"},"query-input":{"@type":"PropertyValueSpecification","valueRequired":true,"valueName":"search_term_string"}}],"inLanguage":"fi"},{"@type":"Organization","@id":"https:\/\/hondapowertools.com\/#organization","name":"HONDA POWER TOOLS","alternateName":"HONDA POWER EQUIPMENT","url":"https:\/\/hondapowertools.com\/","logo":{"@type":"ImageObject","inLanguage":"fi","@id":"https:\/\/hondapowertools.com\/#\/schema\/logo\/image\/","url":"https:\/\/hondapowertools.com\/wp-content\/uploads\/2025\/02\/cropped-honda-power-equipment-logo.png","contentUrl":"https:\/\/hondapowertools.com\/wp-content\/uploads\/2025\/02\/cropped-honda-power-equipment-logo.png","width":290,"height":70,"caption":"HONDA POWER TOOLS"},"image":{"@id":"https:\/\/hondapowertools.com\/#\/schema\/logo\/image\/"}}]}},"_links":{"self":[{"href":"https:\/\/hondapowertools.com\/fi\/wp-json\/wp\/v2\/product\/462","targetHints":{"allow":["GET"]}}],"collection":[{"href":"https:\/\/hondapowertools.com\/fi\/wp-json\/wp\/v2\/product"}],"about":[{"href":"https:\/\/hondapowertools.com\/fi\/wp-json\/wp\/v2\/types\/product"}],"replies":[{"embeddable":true,"href":"https:\/\/hondapowertools.com\/fi\/wp-json\/wp\/v2\/comments?post=462"}],"wp:featuredmedia":[{"embeddable":true,"href":"https:\/\/hondapowertools.com\/fi\/wp-json\/wp\/v2\/media\/464"}],"wp:attachment":[{"href":"https:\/\/hondapowertools.com\/fi\/wp-json\/wp\/v2\/media?parent=462"}],"wp:term":[{"taxonomy":"product_brand","embeddable":true,"href":"https:\/\/hondapowertools.com\/fi\/wp-json\/wp\/v2\/product_brand?post=462"},{"taxonomy":"product_cat","embeddable":true,"href":"https:\/\/hondapowertools.com\/fi\/wp-json\/wp\/v2\/product_cat?post=462"},{"taxonomy":"product_tag","embeddable":true,"href":"https:\/\/hondapowertools.com\/fi\/wp-json\/wp\/v2\/product_tag?post=462"}],"curies":[{"name":"wp","href":"https:\/\/api.w.org\/{rel}","templated":true}]}}