{"id":474,"date":"2025-02-09T07:36:58","date_gmt":"2025-02-09T07:36:58","guid":{"rendered":"https:\/\/hondapowertools.com\/?post_type=product&#038;p=474"},"modified":"2026-01-29T07:48:43","modified_gmt":"2026-01-29T07:48:43","slug":"474","status":"publish","type":"product","link":"https:\/\/hondapowertools.com\/fr\/produit\/474\/","title":{"rendered":"EM5000SX"},"content":{"rendered":"<div id=\"Features\" class=\"anchor2 container g-py-0\">\n<h2 class=\"col-lg-2 featimg text-center g-pa-10 g-mb-0 g-font-weight-600\"><strong>Honda em5000sx<\/strong><\/h2>\n<div class=\"row\">\n<div class=\"col-lg-4 g-pa-10 g-mb-0\">\n<p>The Honda EM5000sx generator offers the right features for reliable, home backup power. 5000 watts, electric start, and optional remote start<\/p>\n<\/div>\n<div class=\"col-lg-2 featimg text-center g-pa-10 g-mb-0 g-font-weight-600\"><img decoding=\"async\" class=\"img-fluid\" src=\"https:\/\/services.powerequipment.honda.com\/content\/images\/pe\/models\/features\/thumbs\/generator-iavr.jpg\" alt=\"Consistent power with iAVR (Intelligent Automatic Voltage Regulation) technology\" \/><\/div>\n<div class=\"col-lg-4 g-pa-10 g-mb-0\">\n<p><span class=\"g-color-black g-font-weight-700\">Consistent power with iAVR (Intelligent Automatic Voltage Regulation) technology&#8217;s<\/span>\u00a0exclusive iAVR technology ensures a consistent flow of power regardless of the load. This translates into stable power for sensitive equipment and a more reliable power source for you.<\/p>\n<\/div>\n<div class=\"col-lg-2 featimg text-center g-pa-10 g-mb-0 g-font-weight-600\"><img decoding=\"async\" class=\"img-fluid\" src=\"https:\/\/services.powerequipment.honda.com\/content\/images\/pe\/models\/features\/thumbs\/generator-7000watts.jpg\" alt=\"Provides 7,000 watts for 10 sec to start larger equipment\" \/><\/div>\n<div class=\"col-lg-4 g-pa-10 g-mb-0\">\n<p><span class=\"g-color-black g-font-weight-700\">Provides 7,000 watts for 10 sec to start larger equipment<\/span>Honda exclusive iAVR technology lets the generator operate well above its maximum rating for up to 10 seconds to start high initial amp draw equipment.<\/p>\n<\/div>\n<div class=\"col-lg-2 featimg text-center g-pa-10 g-mb-0 g-font-weight-600\"><img decoding=\"async\" class=\"img-fluid\" style=\"box-sizing: border-box; vertical-align: middle; border-style: none; max-width: 100%; height: auto;\" src=\"https:\/\/services.powerequipment.honda.com\/content\/images\/pe\/models\/features\/thumbs\/honda-my-generator-app.jpg\" alt=\"Honda My Generator app + Bluetooth&lt;sup&gt;&amp;reg;&lt;\/sup&gt; capability\" \/><\/div>\n<div class=\"col-lg-4 g-pa-10 g-mb-0\">\n<p><span class=\"g-color-black g-font-weight-700\">Honda My Generator app + Bluetooth<sup>\u00ae<\/sup>\u00a0capability<\/span>Honda&#8217;s exclusive My Generator smartphone app offers remote generator operation and monitoring with impressive performance and unmatched convenience. The app includes wireless start\/stop, operation monitoring, and service reminders, utilizing Bluetooth<sup>\u00ae<\/sup>\u00a0connectivity.*<\/p>\n<\/div>\n<div class=\"col-lg-2 featimg text-center g-pa-10 g-mb-0 g-font-weight-600\"><img decoding=\"async\" class=\"img-fluid\" src=\"https:\/\/services.powerequipment.honda.com\/content\/images\/pe\/models\/features\/thumbs\/co-minder-logo.jpg\" alt=\"CO-MINDER: Advanced Carbon Monoxide Detection System\" \/><\/div>\n<div class=\"col-lg-4 g-pa-10 g-mb-0\">\n<p><span class=\"g-color-black g-font-weight-700\">CO-MINDER : Syst\u00e8me avanc\u00e9 de d\u00e9tection du monoxyde de carbone<\/span>CO-MINDER<sup>\u2122<\/sup>\u00a0surveille en permanence les niveaux de monoxyde de carbone (CO). Il arr\u00eate automatiquement le g\u00e9n\u00e9rateur avant que les niveaux de CO d\u00e9tect\u00e9s \u00e0 proximit\u00e9 du g\u00e9n\u00e9rateur ne deviennent dangereusement \u00e9lev\u00e9s.<\/p>\n<\/div>\n<div class=\"col-lg-2 featimg text-center g-pa-10 g-mb-0 g-font-weight-600\"><img decoding=\"async\" class=\"img-fluid\" src=\"https:\/\/services.powerequipment.honda.com\/content\/images\/pe\/models\/features\/thumbs\/igx390.jpg\" alt=\"Powerful Honda iGX commercial engine\" \/><\/div>\n<div class=\"col-lg-4 g-pa-10 g-mb-0\">\n<p><span class=\"g-color-black g-font-weight-700\">Powerful <a href=\"https:\/\/hondapowertools.com\/fr\/etiquette-produit\/honda-hrc216hda-self-propelled-commercial-lawn-mower\/\"  data-wpil-monitor-id=\"43\">Honda iGX commercial<\/a> engine Honda\u2019s<\/span>\u00a0innovative iGX series engines deliver exactly what you\u2019ve always wanted: reliable, optimal performance. These intelligent computer-controlled engines operate automatically with much better, simpler, and faster controls.<\/p>\n<\/div>\n<div class=\"col-lg-2 featimg text-center g-pa-10 g-mb-0 g-font-weight-600\"><\/div>\n<div class=\"col-lg-4 g-pa-10 g-mb-0\">\n<p><span class=\"g-color-black g-font-weight-700\">Electric start electric<\/span>\u00a0start (battery included) makes starting easy, along with recoil backup<\/p>\n<\/div>\n<div class=\"col-lg-2 featimg text-center g-pa-10 g-mb-0 g-font-weight-600\"><img decoding=\"async\" class=\"img-fluid\" src=\"https:\/\/services.powerequipment.honda.com\/content\/images\/pe\/models\/features\/thumbs\/generator-voltage-selector-switch.jpg\" alt=\"120\/240V Selector switch - More usable power, more flexibility\" \/><\/div>\n<div class=\"col-lg-4 g-pa-10 g-mb-0\">\n<p><span class=\"g-color-black g-font-weight-700\">120\/240V Selector switch &#8211; More usable power, more flexibility choose<\/span>\u00a0between using both 120 and 240 Volts, or 120 Volts only. This allows for the total generator output to be available through any of the 120-volt outlets, limited only by the capacity of the individual outlet. This enables you to power units with larger wattage requirements.<\/p>\n<\/div>\n<div class=\"col-lg-2 featimg text-center g-pa-10 g-mb-0 g-font-weight-600\"><img decoding=\"async\" class=\"img-fluid\" src=\"https:\/\/services.powerequipment.honda.com\/content\/images\/pe\/models\/features\/thumbs\/em-eb-generator-folding-handle.jpg\" alt=\"Easy folding handles\" \/><\/div>\n<div class=\"col-lg-4 g-pa-10 g-mb-0\">\n<p><span class=\"g-color-black g-font-weight-700\">Poign\u00e9es faciles \u00e0 plier<\/span>Les larges poign\u00e9es pliantes \u00e0 verrouillage positif permettent un transport et un stockage pratiques et une unit\u00e9 plus compacte.<\/p>\n<\/div>\n<div class=\"col-lg-2 featimg text-center g-pa-10 g-mb-0 g-font-weight-600\"><img decoding=\"async\" class=\"img-fluid\" src=\"https:\/\/services.powerequipment.honda.com\/content\/images\/pe\/models\/features\/thumbs\/honda-3-year-warranty.jpg\" alt=\"3 year residential warranty\" \/><\/div>\n<div class=\"col-lg-4 g-pa-10 g-mb-0\">\n<p><span class=\"g-color-black g-font-weight-700\">Garantie r\u00e9sidentielle de 3 ans<\/span>Vous pouvez \u00eatre tranquille, sachant que votre g\u00e9n\u00e9rateur est couvert de fond en comble pendant 3 ann\u00e9es compl\u00e8tes.<\/p>\n<\/div>\n<div class=\"col-lg-2 featimg text-center g-pa-10 g-mb-0 g-font-weight-600\"><img decoding=\"async\" class=\"img-fluid\" src=\"https:\/\/services.powerequipment.honda.com\/content\/images\/pe\/models\/features\/thumbs\/generator-longruntime.jpg\" alt=\"Runs up to 10.5 hours on 6.2 gallon tank\" \/><\/div>\n<div class=\"col-lg-4 g-pa-10 g-mb-0\">\n<p><span class=\"g-color-black g-font-weight-700\">Runs up to 10.5 hours on 6.2 gallon tank runs<\/span>\u00a0approximately 10.5 hours at half load and 7.1 hours at full load. This makes the EM5000 great for overnight power.<\/p>\n<\/div>\n<div class=\"col-lg-2 featimg text-center g-pa-10 g-mb-0 g-font-weight-600\"><\/div>\n<div class=\"col-lg-4 g-pa-10 g-mb-0\">\n<p><span class=\"g-color-black g-font-weight-700\">Wheel kit standard<\/span>\u00a0EM5000SX is easy to maneuver and transport.<\/p>\n<\/div>\n<div class=\"col-lg-2 featimg text-center g-pa-10 g-mb-0 g-font-weight-600\"><\/div>\n<div class=\"col-lg-4 g-pa-10 g-mb-0\">\n<p><span class=\"g-color-black g-font-weight-700\">12V DC Auto Charging<\/span>Use when charging 12-volt automotive-type batteries. (Requires an optional charging cord.)<\/p>\n<\/div>\n<div class=\"col-lg-2 featimg text-center g-pa-10 g-mb-0 g-font-weight-600\"><\/div>\n<div class=\"col-lg-4 g-pa-10 g-mb-0\">\n<p><span class=\"g-color-black g-font-weight-700\">Multiple front panel outlets for easy power connections<\/span>Covered outlets provide added protection from the elements<\/p>\n<\/div>\n<div class=\"col-lg-2 featimg text-center g-pa-10 g-mb-0 g-font-weight-600\"><\/div>\n<div class=\"col-lg-4 g-pa-10 g-mb-0\">\n<p><span class=\"g-color-black g-font-weight-700\">Low 63-66 dB(A) sound level<\/span><\/p>\n<\/div>\n<div class=\"col-lg-2 featimg text-center g-pa-10 g-mb-0 g-font-weight-600\"><\/div>\n<div class=\"col-lg-4 g-pa-10 g-mb-0\">\n<p><span class=\"g-color-black g-font-weight-700\">Full Frame Protection<\/span><\/p>\n<\/div>\n<div class=\"col-lg-2 featimg text-center g-pa-10 g-mb-0 g-font-weight-600\"><\/div>\n<div class=\"col-lg-4 g-pa-10 g-mb-0\">\n<p><span class=\"g-color-black g-font-weight-700\">Prot\u00e9g\u00e9 par le syst\u00e8me Honda Oil Alert<sup>\u00ae<\/sup><\/span>Prot\u00e8ge le g\u00e9n\u00e9rateur en arr\u00eatant le moteur lorsqu'un manque d'huile est d\u00e9tect\u00e9.<\/p>\n<\/div>\n<div class=\"col-lg-2 featimg text-center g-pa-10 g-mb-0 g-font-weight-600\"><\/div>\n<div class=\"col-lg-4 g-pa-10 g-mb-0\">\n<p><span class=\"g-color-black g-font-weight-700\">Pieds renforc\u00e9s<\/span><\/p>\n<\/div>\n<div class=\"col-lg-2 featimg text-center g-pa-10 g-mb-0 g-font-weight-600\"><\/div>\n<div class=\"col-lg-4 g-pa-10 g-mb-0\">\n<p><span class=\"g-color-black g-font-weight-700\">Protection GFCI<\/span>The EM5000SX offers 2 duplex outlets with GFCI protection.<\/p>\n<\/div>\n<div class=\"col-lg-2 featimg text-center g-pa-10 g-mb-0 g-font-weight-600\"><\/div>\n<div class=\"col-lg-4 g-pa-10 g-mb-0\">\n<p><span class=\"g-color-black g-font-weight-700\">Allumage \u00e9lectronique<\/span><\/p>\n<\/div>\n<div class=\"col-lg-2 featimg text-center g-pa-10 g-mb-0 g-font-weight-600\"><\/div>\n<div class=\"col-lg-4 g-pa-10 g-mb-0\">\n<p><span class=\"g-color-black g-font-weight-700\">Pare-\u00e9tincelles\/silencieux qualifi\u00e9 par l'USDA<\/span><\/p>\n<\/div>\n<div class=\"col-lg-2 featimg text-center g-pa-10 g-mb-0 g-font-weight-600\"><\/div>\n<div class=\"col-lg-4 g-pa-10 g-mb-0\">\n<p><span class=\"g-color-black g-font-weight-700\">Electronic circuit breakers protect<\/span>\u00a0the generator from being overloaded.<\/p>\n<\/div>\n<div class=\"col-lg-2 featimg text-center g-pa-10 g-mb-0 g-font-weight-600\"><\/div>\n<div class=\"col-lg-4 g-pa-10 g-mb-0\">\n<p><span class=\"g-color-black g-font-weight-700\">Jauge de carburant standard<\/span><\/p>\n<\/div>\n<\/div>\n<\/div>\n<div id=\"Specs\" class=\"anchor2 container g-py-0\">\n<div class=\"col-lg-12 g-pa-0\">\n<div class=\"u-heading-v3-1 g-bg-main g-brd-main u-heading-v3-1 g-bg-main g-brd-main g-my-30 col-lg-12 g-pa-0\">\n<h2 class=\"h3 u-heading-v3__title\">Sp\u00e9cifications<\/h2>\n<\/div>\n<div class=\"g-pt-30 container\">\n<div class=\"col-lg-12 g-pa-0\">\n<div class=\"col-lg-12 g-brd-bottom g-brd-gray-light-v4 g-pt-0 g-pb-20 g-mb-0\"><span class=\"g-font-weight-600\">Nom complet du mod\u00e8le<\/span><span class=\"pull-right w-50\">EM5000SXK3AN<\/span><\/div>\n<\/div>\n<\/div>\n<div class=\"g-pt-30 container\">\n<div class=\"col-lg-12 g-pa-0\">\n<div class=\"col-lg-12 g-brd-bottom g-brd-gray-light-v4 g-pt-0 g-pb-20 g-mb-0\"><span class=\"g-font-weight-600\">Moteur<\/span><span class=\"pull-right w-50\">Honda iGX390<\/span><\/div>\n<\/div>\n<\/div>\n<div class=\"g-pt-30 container\">\n<div class=\"col-lg-12 g-pa-0\">\n<div class=\"col-lg-12 g-brd-bottom g-brd-gray-light-v4 g-pt-0 g-pb-20 g-mb-0\"><span class=\"g-font-weight-600\">D\u00e9placement<\/span><span class=\"pull-right w-50\">389cc<\/span><\/div>\n<\/div>\n<\/div>\n<div class=\"g-pt-30 container\">\n<div class=\"col-lg-12 g-pa-0\">\n<div class=\"col-lg-12 g-brd-bottom g-brd-gray-light-v4 g-pt-0 g-pb-20 g-mb-0\"><span class=\"g-font-weight-600\">Sortie AC<\/span><span class=\"pull-right w-50\">120\/240V 5000W max. (41.2\/20.8A) \/ 4500W rated (37.5\/18.6A)<\/span><\/div>\n<\/div>\n<\/div>\n<div class=\"g-pt-30 container\">\n<div class=\"col-lg-12 g-pa-0\">\n<div class=\"col-lg-12 g-brd-bottom g-brd-gray-light-v4 g-pt-0 g-pb-20 g-mb-0\"><span class=\"g-font-weight-600\">Sortie de l'iAVR<\/span><span class=\"pull-right w-50\">7000W (58.3\/29.2A) for 10 sec.<\/span><\/div>\n<\/div>\n<\/div>\n<div class=\"g-pt-30 container\">\n<div class=\"col-lg-12 g-pa-0\">\n<div class=\"col-lg-12 g-brd-bottom g-brd-gray-light-v4 g-pt-0 g-pb-20 g-mb-0\"><span class=\"g-font-weight-600\">R\u00e9ceptacles<\/span><span class=\"pull-right w-50\">20A 125V GFCI Duplex (2), 30A 125V Locking Plug, 30A 125\/250V Locking Plug<\/span><\/div>\n<\/div>\n<\/div>\n<div class=\"g-pt-30 container\">\n<div class=\"col-lg-12 g-pa-0\">\n<div class=\"col-lg-12 g-brd-bottom g-brd-gray-light-v4 g-pt-0 g-pb-20 g-mb-0\"><span class=\"g-font-weight-600\">Sortie DC<\/span><span class=\"pull-right w-50\">12V, 100W (8.3A)<\/span><\/div>\n<\/div>\n<\/div>\n<div class=\"g-pt-30 container\">\n<div class=\"col-lg-12 g-pa-0\">\n<div class=\"col-lg-12 g-brd-bottom g-brd-gray-light-v4 g-pt-0 g-pb-20 g-mb-0\"><span class=\"g-font-weight-600\">Syst\u00e8me de d\u00e9marrage<\/span><span class=\"pull-right w-50\">Electric &amp; Recoil<\/span><\/div>\n<\/div>\n<\/div>\n<div class=\"g-pt-30 container\">\n<div class=\"col-lg-12 g-pa-0\">\n<div class=\"col-lg-12 g-brd-bottom g-brd-gray-light-v4 g-pt-0 g-pb-20 g-mb-0\"><span class=\"g-font-weight-600\">Capacit\u00e9 du r\u00e9servoir de carburant<\/span><span class=\"pull-right w-50\">6.2 Gallons<\/span><\/div>\n<\/div>\n<\/div>\n<div class=\"g-pt-30 container\">\n<div class=\"col-lg-12 g-pa-0\">\n<div class=\"col-lg-12 g-brd-bottom g-brd-gray-light-v4 g-pt-0 g-pb-20 g-mb-0\"><span class=\"g-font-weight-600\">Temps de fonctionnement par r\u00e9servoir<\/span><span class=\"pull-right w-50\">7.1 hr @ rated load, 10.5 hr @ 1\/2 load<\/span><\/div>\n<\/div>\n<\/div>\n<div class=\"g-pt-30 container\">\n<div class=\"col-lg-12 g-pa-0\">\n<div class=\"col-lg-12 g-brd-bottom g-brd-gray-light-v4 g-pt-0 g-pb-20 g-mb-0\"><span class=\"g-font-weight-600\">Dimensions (L x L x H)<\/span><span class=\"pull-right w-50\">41.1&#8243; x 27.8&#8243; x 28.3&#8243;<\/span><\/div>\n<\/div>\n<\/div>\n<div class=\"g-pt-30 container\">\n<div class=\"col-lg-12 g-pa-0\">\n<div class=\"col-lg-12 g-brd-bottom g-brd-gray-light-v4 g-pt-0 g-pb-20 g-mb-0\"><span class=\"g-font-weight-600\">Niveau de bruit<\/span><span class=\"pull-right w-50\">66 dB(A) @ rated load; 63 db(A) @ 50% load<\/span><\/div>\n<\/div>\n<\/div>\n<div class=\"g-pt-30 container\">\n<div class=\"col-lg-12 g-pa-0\">\n<div class=\"col-lg-12 g-brd-bottom g-brd-gray-light-v4 g-pt-0 g-pb-20 g-mb-0\"><span class=\"g-font-weight-600\">Dry Weight 226.4<\/span><span class=\"pull-right w-50\">\u00a0lb.<\/span><\/div>\n<\/div>\n<\/div>\n<div class=\"g-pt-30 container\">\n<div class=\"col-lg-12 g-pa-0\">\n<div class=\"col-lg-12 g-brd-bottom g-brd-gray-light-v4 g-pt-0 g-pb-20 g-mb-0\"><span class=\"g-font-weight-600\">Garantie r\u00e9sidentielle<\/span><span class=\"pull-right w-50\">3 ans<\/span><\/div>\n<\/div>\n<\/div>\n<div class=\"g-pt-30 container\">\n<div class=\"col-lg-12 g-pa-0\">\n<div class=\"col-lg-12 g-brd-bottom g-brd-gray-light-v4 g-pt-0 g-pb-20 g-mb-0\"><span class=\"g-font-weight-600\">Garantie commerciale<\/span><span class=\"pull-right w-50\">12 mois<\/span><\/div>\n<\/div>\n<\/div>\n<div class=\"g-pt-30 container\"><\/div>\n<\/div>\n<\/div>","protected":false},"excerpt":{"rendered":"<ul class=\"g-ml-0 g-pl-20\">\n<li>Provides 7,000 watts for 10 sec to start larger equipment<\/li>\n<li>Powers fridge, furnace, well pump, and much more<\/li>\n<li>Long run time &#8211; up to 10.5 hrs<\/li>\n<li>D\u00e9marrage \u00e9lectrique<\/li>\n<li>Honda My Generator app + Bluetooth<sup>\u00ae<\/sup>\u00a0capability<\/li>\n<li>CO-MINDER : syst\u00e8me avanc\u00e9 de d\u00e9tection du monoxyde de carbone<\/li>\n<\/ul>","protected":false},"featured_media":477,"comment_status":"open","ping_status":"closed","template":"","meta":[],"product_brand":[],"product_cat":[42],"product_tag":[71,72],"class_list":{"0":"post-474","1":"product","2":"type-product","3":"status-publish","4":"has-post-thumbnail","6":"product_cat-honda-generators","7":"product_tag-honda-em5000sx-generator","8":"product_tag-honda-generator-em5000sx","10":"first","11":"instock","12":"sale","13":"shipping-taxable","14":"purchasable","15":"product-type-simple"},"yoast_head":"<!-- This site is optimized with the Yoast SEO Premium plugin v26.2 (Yoast SEO v26.2) - https:\/\/yoast.com\/wordpress\/plugins\/seo\/ -->\n<title>EM5000SX - HONDA POWER EQUIPMENT<\/title>\n<meta name=\"description\" content=\"The Honda EM5000sx generator offers the right features for reliable, home backup power. 5000 watts, electric start and optional remote start .Order now!\" \/>\n<meta name=\"robots\" content=\"index, follow, max-snippet:-1, max-image-preview:large, max-video-preview:-1\" \/>\n<link rel=\"canonical\" href=\"https:\/\/hondapowertools.com\/fr\/produit\/474\/\" \/>\n<meta property=\"og:locale\" content=\"fr_FR\" \/>\n<meta property=\"og:type\" content=\"article\" \/>\n<meta property=\"og:title\" content=\"EM5000SX\" \/>\n<meta property=\"og:description\" content=\"The Honda EM5000sx generator offers the right features for reliable, home backup power. 5000 watts, electric start and optional remote start .Order now!\" \/>\n<meta property=\"og:url\" content=\"https:\/\/hondapowertools.com\/fr\/produit\/474\/\" \/>\n<meta property=\"og:site_name\" content=\"HONDA POWER EQUIPMENT\" \/>\n<meta property=\"article:modified_time\" content=\"2026-01-29T07:48:43+00:00\" \/>\n<meta property=\"og:image\" content=\"https:\/\/hondapowertools.com\/wp-content\/uploads\/2025\/02\/em5000sx3ag_left_handlesdown.jpg\" \/>\n\t<meta property=\"og:image:width\" content=\"850\" \/>\n\t<meta property=\"og:image:height\" content=\"850\" \/>\n\t<meta property=\"og:image:type\" content=\"image\/jpeg\" \/>\n<meta name=\"twitter:card\" content=\"summary_large_image\" \/>\n<meta name=\"twitter:label1\" content=\"Dur\u00e9e de lecture estim\u00e9e\" \/>\n\t<meta name=\"twitter:data1\" content=\"5 minutes\" \/>\n<script type=\"application\/ld+json\" class=\"yoast-schema-graph\">{\"@context\":\"https:\/\/schema.org\",\"@graph\":[{\"@type\":\"WebPage\",\"@id\":\"https:\/\/hondapowertools.com\/product\/474\/\",\"url\":\"https:\/\/hondapowertools.com\/product\/474\/\",\"name\":\"EM5000SX - HONDA POWER EQUIPMENT\",\"isPartOf\":{\"@id\":\"https:\/\/hondapowertools.com\/#website\"},\"primaryImageOfPage\":{\"@id\":\"https:\/\/hondapowertools.com\/product\/474\/#primaryimage\"},\"image\":{\"@id\":\"https:\/\/hondapowertools.com\/product\/474\/#primaryimage\"},\"thumbnailUrl\":\"https:\/\/hondapowertools.com\/wp-content\/uploads\/2025\/02\/em5000sx3ag_left_handlesdown.jpg\",\"datePublished\":\"2025-02-09T07:36:58+00:00\",\"dateModified\":\"2026-01-29T07:48:43+00:00\",\"description\":\"The Honda EM5000sx generator offers the right features for reliable, home backup power. 5000 watts, electric start and optional remote start .Order now!\",\"breadcrumb\":{\"@id\":\"https:\/\/hondapowertools.com\/product\/474\/#breadcrumb\"},\"inLanguage\":\"fr-FR\",\"potentialAction\":[{\"@type\":\"ReadAction\",\"target\":[\"https:\/\/hondapowertools.com\/product\/474\/\"]}]},{\"@type\":\"ImageObject\",\"inLanguage\":\"fr-FR\",\"@id\":\"https:\/\/hondapowertools.com\/product\/474\/#primaryimage\",\"url\":\"https:\/\/hondapowertools.com\/wp-content\/uploads\/2025\/02\/em5000sx3ag_left_handlesdown.jpg\",\"contentUrl\":\"https:\/\/hondapowertools.com\/wp-content\/uploads\/2025\/02\/em5000sx3ag_left_handlesdown.jpg\",\"width\":850,\"height\":850,\"caption\":\"honda em5000sx\"},{\"@type\":\"BreadcrumbList\",\"@id\":\"https:\/\/hondapowertools.com\/product\/474\/#breadcrumb\",\"itemListElement\":[{\"@type\":\"ListItem\",\"position\":1,\"name\":\"Home\",\"item\":\"https:\/\/hondapowertools.com\/\"},{\"@type\":\"ListItem\",\"position\":2,\"name\":\"Shop\",\"item\":\"https:\/\/hondapowertools.com\/?page_id=10\"},{\"@type\":\"ListItem\",\"position\":3,\"name\":\"EM5000SX\"}]},{\"@type\":\"WebSite\",\"@id\":\"https:\/\/hondapowertools.com\/#website\",\"url\":\"https:\/\/hondapowertools.com\/\",\"name\":\"HONDA POWER EQUIPMENTS\",\"description\":\"Honda Power Equipment\",\"publisher\":{\"@id\":\"https:\/\/hondapowertools.com\/#organization\"},\"potentialAction\":[{\"@type\":\"SearchAction\",\"target\":{\"@type\":\"EntryPoint\",\"urlTemplate\":\"https:\/\/hondapowertools.com\/?s={search_term_string}\"},\"query-input\":{\"@type\":\"PropertyValueSpecification\",\"valueRequired\":true,\"valueName\":\"search_term_string\"}}],\"inLanguage\":\"fr-FR\"},{\"@type\":\"Organization\",\"@id\":\"https:\/\/hondapowertools.com\/#organization\",\"name\":\"HONDA POWER TOOLS\",\"alternateName\":\"HONDA POWER EQUIPMENT\",\"url\":\"https:\/\/hondapowertools.com\/\",\"logo\":{\"@type\":\"ImageObject\",\"inLanguage\":\"fr-FR\",\"@id\":\"https:\/\/hondapowertools.com\/#\/schema\/logo\/image\/\",\"url\":\"https:\/\/hondapowertools.com\/wp-content\/uploads\/2025\/02\/cropped-honda-power-equipment-logo.png\",\"contentUrl\":\"https:\/\/hondapowertools.com\/wp-content\/uploads\/2025\/02\/cropped-honda-power-equipment-logo.png\",\"width\":290,\"height\":70,\"caption\":\"HONDA POWER TOOLS\"},\"image\":{\"@id\":\"https:\/\/hondapowertools.com\/#\/schema\/logo\/image\/\"}}]}<\/script>\n<!-- \/ Yoast SEO Premium plugin. -->","yoast_head_json":{"title":"EM5000SX - HONDA POWER EQUIPMENT","description":"The Honda EM5000sx generator offers the right features for reliable, home backup power. 5000 watts, electric start and optional remote start .Order now!","robots":{"index":"index","follow":"follow","max-snippet":"max-snippet:-1","max-image-preview":"max-image-preview:large","max-video-preview":"max-video-preview:-1"},"canonical":"https:\/\/hondapowertools.com\/fr\/produit\/474\/","og_locale":"fr_FR","og_type":"article","og_title":"EM5000SX","og_description":"The Honda EM5000sx generator offers the right features for reliable, home backup power. 5000 watts, electric start and optional remote start .Order now!","og_url":"https:\/\/hondapowertools.com\/fr\/produit\/474\/","og_site_name":"HONDA POWER EQUIPMENT","article_modified_time":"2026-01-29T07:48:43+00:00","og_image":[{"width":850,"height":850,"url":"https:\/\/hondapowertools.com\/wp-content\/uploads\/2025\/02\/em5000sx3ag_left_handlesdown.jpg","type":"image\/jpeg"}],"twitter_card":"summary_large_image","twitter_misc":{"Dur\u00e9e de lecture estim\u00e9e":"5 minutes"},"schema":{"@context":"https:\/\/schema.org","@graph":[{"@type":"WebPage","@id":"https:\/\/hondapowertools.com\/product\/474\/","url":"https:\/\/hondapowertools.com\/product\/474\/","name":"EM5000SX - HONDA POWER EQUIPMENT","isPartOf":{"@id":"https:\/\/hondapowertools.com\/#website"},"primaryImageOfPage":{"@id":"https:\/\/hondapowertools.com\/product\/474\/#primaryimage"},"image":{"@id":"https:\/\/hondapowertools.com\/product\/474\/#primaryimage"},"thumbnailUrl":"https:\/\/hondapowertools.com\/wp-content\/uploads\/2025\/02\/em5000sx3ag_left_handlesdown.jpg","datePublished":"2025-02-09T07:36:58+00:00","dateModified":"2026-01-29T07:48:43+00:00","description":"The Honda EM5000sx generator offers the right features for reliable, home backup power. 5000 watts, electric start and optional remote start .Order now!","breadcrumb":{"@id":"https:\/\/hondapowertools.com\/product\/474\/#breadcrumb"},"inLanguage":"fr-FR","potentialAction":[{"@type":"ReadAction","target":["https:\/\/hondapowertools.com\/product\/474\/"]}]},{"@type":"ImageObject","inLanguage":"fr-FR","@id":"https:\/\/hondapowertools.com\/product\/474\/#primaryimage","url":"https:\/\/hondapowertools.com\/wp-content\/uploads\/2025\/02\/em5000sx3ag_left_handlesdown.jpg","contentUrl":"https:\/\/hondapowertools.com\/wp-content\/uploads\/2025\/02\/em5000sx3ag_left_handlesdown.jpg","width":850,"height":850,"caption":"honda em5000sx"},{"@type":"BreadcrumbList","@id":"https:\/\/hondapowertools.com\/product\/474\/#breadcrumb","itemListElement":[{"@type":"ListItem","position":1,"name":"Home","item":"https:\/\/hondapowertools.com\/"},{"@type":"ListItem","position":2,"name":"Shop","item":"https:\/\/hondapowertools.com\/?page_id=10"},{"@type":"ListItem","position":3,"name":"EM5000SX"}]},{"@type":"WebSite","@id":"https:\/\/hondapowertools.com\/#website","url":"https:\/\/hondapowertools.com\/","name":"HONDA POWER EQUIPMENTS","description":"Honda Power Equipment","publisher":{"@id":"https:\/\/hondapowertools.com\/#organization"},"potentialAction":[{"@type":"SearchAction","target":{"@type":"EntryPoint","urlTemplate":"https:\/\/hondapowertools.com\/?s={search_term_string}"},"query-input":{"@type":"PropertyValueSpecification","valueRequired":true,"valueName":"search_term_string"}}],"inLanguage":"fr-FR"},{"@type":"Organization","@id":"https:\/\/hondapowertools.com\/#organization","name":"HONDA POWER TOOLS","alternateName":"HONDA POWER EQUIPMENT","url":"https:\/\/hondapowertools.com\/","logo":{"@type":"ImageObject","inLanguage":"fr-FR","@id":"https:\/\/hondapowertools.com\/#\/schema\/logo\/image\/","url":"https:\/\/hondapowertools.com\/wp-content\/uploads\/2025\/02\/cropped-honda-power-equipment-logo.png","contentUrl":"https:\/\/hondapowertools.com\/wp-content\/uploads\/2025\/02\/cropped-honda-power-equipment-logo.png","width":290,"height":70,"caption":"HONDA POWER TOOLS"},"image":{"@id":"https:\/\/hondapowertools.com\/#\/schema\/logo\/image\/"}}]}},"_links":{"self":[{"href":"https:\/\/hondapowertools.com\/fr\/wp-json\/wp\/v2\/product\/474","targetHints":{"allow":["GET"]}}],"collection":[{"href":"https:\/\/hondapowertools.com\/fr\/wp-json\/wp\/v2\/product"}],"about":[{"href":"https:\/\/hondapowertools.com\/fr\/wp-json\/wp\/v2\/types\/product"}],"replies":[{"embeddable":true,"href":"https:\/\/hondapowertools.com\/fr\/wp-json\/wp\/v2\/comments?post=474"}],"wp:featuredmedia":[{"embeddable":true,"href":"https:\/\/hondapowertools.com\/fr\/wp-json\/wp\/v2\/media\/477"}],"wp:attachment":[{"href":"https:\/\/hondapowertools.com\/fr\/wp-json\/wp\/v2\/media?parent=474"}],"wp:term":[{"taxonomy":"product_brand","embeddable":true,"href":"https:\/\/hondapowertools.com\/fr\/wp-json\/wp\/v2\/product_brand?post=474"},{"taxonomy":"product_cat","embeddable":true,"href":"https:\/\/hondapowertools.com\/fr\/wp-json\/wp\/v2\/product_cat?post=474"},{"taxonomy":"product_tag","embeddable":true,"href":"https:\/\/hondapowertools.com\/fr\/wp-json\/wp\/v2\/product_tag?post=474"}],"curies":[{"name":"wp","href":"https:\/\/api.w.org\/{rel}","templated":true}]}}