{"id":506,"date":"2025-02-09T09:04:33","date_gmt":"2025-02-09T09:04:33","guid":{"rendered":"https:\/\/hondapowertools.com\/?post_type=product&#038;p=506"},"modified":"2026-01-29T07:44:37","modified_gmt":"2026-01-29T07:44:37","slug":"eb6500","status":"publish","type":"product","link":"https:\/\/hondapowertools.com\/fr\/produit\/eb6500\/","title":{"rendered":"EB6500"},"content":{"rendered":"<div id=\"Features\" class=\"anchor2 container g-py-0\">\n<div class=\"row\">\n<h2><strong>Honda eb6500 generator<\/strong><\/h2>\n<p>Honda&#8217;s EB6500 portable industrial generator offers 6500 watts of commercial power, ideal for construction, rental, industrial, and professional needs.<\/p>\n<div><\/div>\n<div class=\"col-lg-2 featimg text-center g-pa-10 g-mb-0 g-font-weight-600\"><img decoding=\"async\" class=\"img-fluid\" src=\"https:\/\/services.powerequipment.honda.com\/content\/images\/pe\/models\/features\/thumbs\/generator-iavr.jpg\" alt=\"Consistent power with iAVR (Intelligent Automatic Voltage Regulation) technology\" \/><\/div>\n<div class=\"col-lg-4 g-pa-10 g-mb-0\">\n<p><span class=\"g-color-black g-font-weight-700\">Consistent power with iAVR (Intelligent Automatic Voltage Regulation) technology&#8217;s<\/span>\u00a0exclusive iAVR technology ensures a consistent flow of power regardless of the load. No need to worry about power fluctuations ruining your valuable tools.<\/p>\n<\/div>\n<div class=\"col-lg-2 featimg text-center g-pa-10 g-mb-0 g-font-weight-600\"><img decoding=\"async\" class=\"img-fluid\" src=\"https:\/\/services.powerequipment.honda.com\/content\/images\/pe\/models\/features\/thumbs\/generator-7000watts.jpg\" alt=\"Provides 7,000 watts for 10 secs to start larger equipment\" \/><\/div>\n<div class=\"col-lg-4 g-pa-10 g-mb-0\">\n<p><span class=\"g-color-black g-font-weight-700\">Provides 7,000 watts for 10 secs to start larger equipmentHonda exclusive iAVR technology lets the <a href=\"https:\/\/hondapowertools.com\/fr\/produit\/eb5000\/\" data-wpil-monitor-id=\"13\">g\u00e9n\u00e9rateur<\/a> operate well above its maximum rating for up to 10 seconds to start high initial amp draw equipment.<\/span><\/p>\n<\/div>\n<div class=\"col-lg-2 featimg text-center g-pa-10 g-mb-0 g-font-weight-600\"><img decoding=\"async\" class=\"img-fluid\" src=\"https:\/\/services.powerequipment.honda.com\/content\/images\/pe\/models\/features\/thumbs\/co-minder-logo.jpg\" alt=\"CO-MINDER: Advanced Carbon Monoxide Detection System\" \/><\/div>\n<div class=\"col-lg-4 g-pa-10 g-mb-0\">\n<p><span class=\"g-color-black g-font-weight-700\">CO-MINDER : Syst\u00e8me avanc\u00e9 de d\u00e9tection du monoxyde de carbone<\/span>CO-MINDER<sup>\u2122<\/sup>\u00a0surveille en permanence les niveaux de monoxyde de carbone (CO). Il arr\u00eate automatiquement le g\u00e9n\u00e9rateur avant que les niveaux de CO d\u00e9tect\u00e9s \u00e0 proximit\u00e9 du g\u00e9n\u00e9rateur ne deviennent dangereusement \u00e9lev\u00e9s.<\/p>\n<\/div>\n<div class=\"col-lg-2 featimg text-center g-pa-10 g-mb-0 g-font-weight-600\"><img decoding=\"async\" class=\"img-fluid\" src=\"https:\/\/services.powerequipment.honda.com\/content\/images\/pe\/models\/features\/thumbs\/igx390.jpg\" alt=\"Powerful Honda iGX commercial engine\" \/><\/div>\n<div class=\"col-lg-4 g-pa-10 g-mb-0\">\n<p><span class=\"g-color-black g-font-weight-700\">Powerful <a href=\"https:\/\/hondapowertools.com\/fr\/etiquette-produit\/honda-hrc216hda-self-propelled-commercial-lawn-mower\/\"  data-wpil-monitor-id=\"40\">Honda iGX commercial<\/a> engine Honda\u2019s<\/span>\u00a0innovative iGX series engines deliver exactly what you\u2019ve always wanted: reliable, optimal performance. This new generation of intelligent computer-controlled engines operates automatically with much better, simpler, and faster controls.<\/p>\n<\/div>\n<div class=\"col-lg-2 featimg text-center g-pa-10 g-mb-0 g-font-weight-600\"><img decoding=\"async\" class=\"img-fluid\" src=\"https:\/\/services.powerequipment.honda.com\/content\/images\/pe\/models\/features\/thumbs\/generator-voltage-selector-switch.jpg\" alt=\"120\/240V Selector switch - More usable power, more flexibility\" \/><\/div>\n<div class=\"col-lg-4 g-pa-10 g-mb-0\">\n<p><span class=\"g-color-black g-font-weight-700\">120\/240V Selector switch &#8211; More usable power, more flexibility choose<\/span>\u00a0between using both 120 and 240 Volts, or 120 Volts only. This allows for the total generator output to be available through any of the 120-volt outlets, limited only by the capacity of the individual outlet. This enables you to power units with larger wattage requirements.<\/p>\n<\/div>\n<div class=\"col-lg-2 featimg text-center g-pa-10 g-mb-0 g-font-weight-600\"><img decoding=\"async\" class=\"img-fluid\" src=\"https:\/\/services.powerequipment.honda.com\/content\/images\/pe\/models\/features\/thumbs\/generator-longruntime.jpg\" alt=\"Runs approximately 9.8 hours @ 50% load (6.2 gal.)\" \/><\/div>\n<div class=\"col-lg-4 g-pa-10 g-mb-0\">\n<p><span class=\"g-color-black g-font-weight-700\">Runs approximately 9.8 hours @ 50% load (6.2 gal.)<\/span>Keeps you working, all day long. The EB6500 runs approximately 9.8 hours at halfload and 6.4 hours at full load.<\/p>\n<\/div>\n<div class=\"col-lg-2 featimg text-center g-pa-10 g-mb-0 g-font-weight-600\"><img decoding=\"async\" class=\"img-fluid\" src=\"https:\/\/services.powerequipment.honda.com\/content\/images\/pe\/models\/features\/thumbs\/honda-3-year-warranty.jpg\" alt=\"3 year residential warranty\" \/><\/div>\n<div class=\"col-lg-4 g-pa-10 g-mb-0\">\n<p><span class=\"g-color-black g-font-weight-700\">Garantie r\u00e9sidentielle de 3 ans<\/span>Vous pouvez \u00eatre tranquille, sachant que votre g\u00e9n\u00e9rateur est couvert de fond en comble pendant 3 ann\u00e9es compl\u00e8tes.<\/p>\n<\/div>\n<div class=\"col-lg-2 featimg text-center g-pa-10 g-mb-0 g-font-weight-600\"><img decoding=\"async\" class=\"img-fluid\" src=\"https:\/\/services.powerequipment.honda.com\/content\/images\/pe\/models\/features\/thumbs\/generator-hanger-kit.jpg\" alt=\"Hanger kit\/lifting eye standard\" \/><\/div>\n<div class=\"col-lg-4 g-pa-10 g-mb-0\">\n<p><span class=\"g-color-black g-font-weight-700\">Kit de suspension\/\u0153illet de levage standard<\/span><\/p>\n<\/div>\n<div class=\"col-lg-2 featimg text-center g-pa-10 g-mb-0 g-font-weight-600\"><img decoding=\"async\" class=\"img-fluid\" src=\"https:\/\/services.powerequipment.honda.com\/content\/images\/pe\/models\/features\/thumbs\/em-eb-generator-folding-handle.jpg\" alt=\"Easy folding handles\" \/><\/div>\n<div class=\"col-lg-4 g-pa-10 g-mb-0\">\n<p><span class=\"g-color-black g-font-weight-700\">Poign\u00e9es faciles \u00e0 plier<\/span>Les larges poign\u00e9es pliantes \u00e0 verrouillage positif permettent un transport et un stockage pratiques et une unit\u00e9 plus compacte.<\/p>\n<\/div>\n<div class=\"col-lg-2 featimg text-center g-pa-10 g-mb-0 g-font-weight-600\"><\/div>\n<div class=\"col-lg-4 g-pa-10 g-mb-0\">\n<p><span class=\"g-color-black g-font-weight-700\">Tous les circuits sont prot\u00e9g\u00e9s par un disjoncteur de fuite \u00e0 la terre<\/span>\u00a0<a href=\"https:\/\/www.google.com\/search?q=EB6500&amp;sca_esv=2c87421130c61f90&amp;sxsrf=AHTn8zqc-_qdWDEbRFv0YM4JKoXXiObNxQ%3A1739091116401&amp;ei=rGyoZ8CbGOuPwbkPh9TNwA8&amp;ved=0ahUKEwjAoeahm7aLAxXrRzABHQdqE_gQ4dUDCBA&amp;oq=EB6500&amp;gs_lp=Egxnd3Mtd2l6LXNlcnAiBkVCNjUwMDIFEAAYgAQyBRAAGIAEMgUQABiABDIFEAAYgAQyBRAAGIAEMgoQABiABBgUGIcCMgUQABiABDIFEAAYgAQyBRAAGIAEMgsQABiABBiGAxiKBUjCElD-CVj-CXABeAGQAQCYAdYCoAHWAqoBAzMtMbgBDMgBAPgBAZgCAqAC4QLCAgoQABiwAxjWBBhHmAMAiAYBkAYIkgcFMS4zLTGgB5kF&amp;sclient=gws-wiz-serp\">EB6500 offers neutral bond and full generator<\/a> GFCI (Ground fault circuit protection) on all outlets.<\/p>\n<\/div>\n<div class=\"col-lg-2 featimg text-center g-pa-10 g-mb-0 g-font-weight-600\"><\/div>\n<div class=\"col-lg-4 g-pa-10 g-mb-0\">\n<p><span class=\"g-color-black g-font-weight-700\">Conforme aux normes OSHA sur le lieu de travail<\/span>The EB6500 was designed to meet OSHA requirements, making it ideal for worksite applications.<\/p>\n<\/div>\n<div class=\"col-lg-2 featimg text-center g-pa-10 g-mb-0 g-font-weight-600\"><\/div>\n<div class=\"col-lg-4 g-pa-10 g-mb-0\">\n<p><span class=\"g-color-black g-font-weight-700\">6 outlets for easy connection of multiple tools<\/span><\/p>\n<\/div>\n<div class=\"col-lg-2 featimg text-center g-pa-10 g-mb-0 g-font-weight-600\"><\/div>\n<div class=\"col-lg-4 g-pa-10 g-mb-0\">\n<p><span class=\"g-color-black g-font-weight-700\">Low 64-67 dB(A) sound level<\/span>Special muffler for quieter operation<\/p>\n<\/div>\n<div class=\"col-lg-2 featimg text-center g-pa-10 g-mb-0 g-font-weight-600\"><\/div>\n<div class=\"col-lg-4 g-pa-10 g-mb-0\">\n<p><span class=\"g-color-black g-font-weight-700\">A tough one-piece welded frame<\/span> protects the generator.<\/p>\n<\/div>\n<div class=\"col-lg-2 featimg text-center g-pa-10 g-mb-0 g-font-weight-600\"><\/div>\n<div class=\"col-lg-4 g-pa-10 g-mb-0\">\n<p><span class=\"g-color-black g-font-weight-700\">Protected by Honda<sup>\u00ae<\/sup>\u00a0Alerte p\u00e9troli\u00e8re<sup>\u00ae<\/sup><\/span>Protects the <a href=\"https:\/\/hondapowertools.com\/fr\/etiquette-produit\/honda-generator-eu2200i\/\" data-wpil-monitor-id=\"14\">g\u00e9n\u00e9rateur<\/a> by shutting the engine off when low oil is detected.<\/p>\n<\/div>\n<div class=\"col-lg-2 featimg text-center g-pa-10 g-mb-0 g-font-weight-600\"><\/div>\n<div class=\"col-lg-4 g-pa-10 g-mb-0\">\n<p><span class=\"g-color-black g-font-weight-700\">Pieds renforc\u00e9s<\/span><\/p>\n<\/div>\n<div class=\"col-lg-2 featimg text-center g-pa-10 g-mb-0 g-font-weight-600\"><\/div>\n<div class=\"col-lg-4 g-pa-10 g-mb-0\">\n<p><span class=\"g-color-black g-font-weight-700\">Allumage \u00e9lectronique<\/span><\/p>\n<\/div>\n<div class=\"col-lg-2 featimg text-center g-pa-10 g-mb-0 g-font-weight-600\"><\/div>\n<div class=\"col-lg-4 g-pa-10 g-mb-0\">\n<p><span class=\"g-color-black g-font-weight-700\">Pare-\u00e9tincelles\/silencieux qualifi\u00e9 par l'USDA<\/span><\/p>\n<\/div>\n<div class=\"col-lg-2 featimg text-center g-pa-10 g-mb-0 g-font-weight-600\"><\/div>\n<div class=\"col-lg-4 g-pa-10 g-mb-0\">\n<p><span class=\"g-color-black g-font-weight-700\">Electronic circuit breakers protect<\/span>\u00a0the generator from being overloaded.<\/p>\n<\/div>\n<div class=\"col-lg-2 featimg text-center g-pa-10 g-mb-0 g-font-weight-600\"><\/div>\n<div class=\"col-lg-4 g-pa-10 g-mb-0\">\n<p><span class=\"g-color-black g-font-weight-700\">Jauge de carburant standard<\/span><\/p>\n<\/div>\n<div class=\"col-lg-2 featimg text-center g-pa-10 g-mb-0 g-font-weight-600\"><\/div>\n<div class=\"col-lg-4 g-pa-10 g-mb-0\">\n<p><span class=\"g-color-black g-font-weight-700\">Conforme aux r\u00e9glementations OSHA, LA-ETL et ANSI<\/span><\/p>\n<\/div>\n<\/div>\n<\/div>\n<div id=\"Specs\" class=\"anchor2 container g-py-0\">\n<div class=\"col-lg-12 g-pa-0\">\n<div class=\"u-heading-v3-1 g-bg-main g-brd-main u-heading-v3-1 g-bg-main g-brd-main g-my-30 col-lg-12 g-pa-0\">\n<h2 class=\"h3 u-heading-v3__title\">Sp\u00e9cifications<\/h2>\n<\/div>\n<div class=\"g-pt-30 container\">\n<div class=\"col-lg-12 g-pa-0\">\n<div class=\"col-lg-12 g-brd-bottom g-brd-gray-light-v4 g-pt-0 g-pb-20 g-mb-0\"><span class=\"g-font-weight-600\">Nom complet du mod\u00e8le<\/span><span class=\"pull-right w-50\">EB6500X1AN<\/span><\/div>\n<\/div>\n<\/div>\n<div class=\"g-pt-30 container\">\n<div class=\"col-lg-12 g-pa-0\">\n<div class=\"col-lg-12 g-brd-bottom g-brd-gray-light-v4 g-pt-0 g-pb-20 g-mb-0\"><span class=\"g-font-weight-600\">Moteur<\/span><span class=\"pull-right w-50\">Honda iGX390<\/span><\/div>\n<\/div>\n<\/div>\n<div class=\"g-pt-30 container\">\n<div class=\"col-lg-12 g-pa-0\">\n<div class=\"col-lg-12 g-brd-bottom g-brd-gray-light-v4 g-pt-0 g-pb-20 g-mb-0\"><span class=\"g-font-weight-600\">D\u00e9placement<\/span><span class=\"pull-right w-50\">389cc<\/span><\/div>\n<\/div>\n<\/div>\n<div class=\"g-pt-30 container\">\n<div class=\"col-lg-12 g-pa-0\">\n<div class=\"col-lg-12 g-brd-bottom g-brd-gray-light-v4 g-pt-0 g-pb-20 g-mb-0\"><span class=\"g-font-weight-600\">Sortie AC<\/span><span class=\"pull-right w-50\">120\/240V 6500W max. (54.1\/27.1A) \/ 5500W rated (45.8\/22.9A)<\/span><\/div>\n<\/div>\n<\/div>\n<div class=\"g-pt-30 container\">\n<div class=\"col-lg-12 g-pa-0\">\n<div class=\"col-lg-12 g-brd-bottom g-brd-gray-light-v4 g-pt-0 g-pb-20 g-mb-0\"><span class=\"g-font-weight-600\">Sortie de l'iAVR<\/span><span class=\"pull-right w-50\">7000W (58.3\/29.2A) for 10 sec.<\/span><\/div>\n<\/div>\n<\/div>\n<div class=\"g-pt-30 container\">\n<div class=\"col-lg-12 g-pa-0\">\n<div class=\"col-lg-12 g-brd-bottom g-brd-gray-light-v4 g-pt-0 g-pb-20 g-mb-0\"><span class=\"g-font-weight-600\">R\u00e9ceptacles<\/span><span class=\"pull-right w-50\">20A 125V GFCI Duplex (2), 30A 125V Locking Plug, 30A 125\/250V Locking Plug<\/span><\/div>\n<\/div>\n<\/div>\n<div class=\"g-pt-30 container\">\n<div class=\"col-lg-12 g-pa-0\">\n<div class=\"col-lg-12 g-brd-bottom g-brd-gray-light-v4 g-pt-0 g-pb-20 g-mb-0\"><span class=\"g-font-weight-600\">Sortie DC<\/span><span class=\"pull-right w-50\">N\/A<\/span><\/div>\n<\/div>\n<\/div>\n<div class=\"g-pt-30 container\">\n<div class=\"col-lg-12 g-pa-0\">\n<div class=\"col-lg-12 g-brd-bottom g-brd-gray-light-v4 g-pt-0 g-pb-20 g-mb-0\"><span class=\"g-font-weight-600\">Syst\u00e8me de d\u00e9marrage<\/span><span class=\"pull-right w-50\">Le recul<\/span><\/div>\n<\/div>\n<\/div>\n<div class=\"g-pt-30 container\">\n<div class=\"col-lg-12 g-pa-0\">\n<div class=\"col-lg-12 g-brd-bottom g-brd-gray-light-v4 g-pt-0 g-pb-20 g-mb-0\"><span class=\"g-font-weight-600\">Capacit\u00e9 du r\u00e9servoir de carburant<\/span><span class=\"pull-right w-50\">6.2 gal.<\/span><\/div>\n<\/div>\n<\/div>\n<div class=\"g-pt-30 container\">\n<div class=\"col-lg-12 g-pa-0\">\n<div class=\"col-lg-12 g-brd-bottom g-brd-gray-light-v4 g-pt-0 g-pb-20 g-mb-0\"><span class=\"g-font-weight-600\">Temps de fonctionnement par r\u00e9servoir<\/span><span class=\"pull-right w-50\">6.4 hr@ rated load, 9.8 hr @ 1\/2 load<\/span><\/div>\n<\/div>\n<\/div>\n<div class=\"g-pt-30 container\">\n<div class=\"col-lg-12 g-pa-0\">\n<div class=\"col-lg-12 g-brd-bottom g-brd-gray-light-v4 g-pt-0 g-pb-20 g-mb-0\"><span class=\"g-font-weight-600\">Dimensions (L x L x H)<\/span><span class=\"pull-right w-50\">41.4&#8243;x27.8&#8243;x30.4&#8243;<\/span><\/div>\n<\/div>\n<\/div>\n<div class=\"g-pt-30 container\">\n<div class=\"col-lg-12 g-pa-0\">\n<div class=\"col-lg-12 g-brd-bottom g-brd-gray-light-v4 g-pt-0 g-pb-20 g-mb-0\"><span class=\"g-font-weight-600\">Niveau de bruit<\/span><span class=\"pull-right w-50\">67 dB(A) @ rated load, 64 dB(A) @ 50% load<\/span><\/div>\n<\/div>\n<\/div>\n<div class=\"g-pt-30 container\">\n<div class=\"col-lg-12 g-pa-0\">\n<div class=\"col-lg-12 g-brd-bottom g-brd-gray-light-v4 g-pt-0 g-pb-20 g-mb-0\"><span class=\"g-font-weight-600\">Poids \u00e0 sec<\/span><span class=\"pull-right w-50\">215.8 lb.<\/span><\/div>\n<\/div>\n<\/div>\n<div class=\"g-pt-30 container\">\n<div class=\"col-lg-12 g-pa-0\">\n<div class=\"col-lg-12 g-brd-bottom g-brd-gray-light-v4 g-pt-0 g-pb-20 g-mb-0\"><span class=\"g-font-weight-600\">Garantie r\u00e9sidentielle<\/span><span class=\"pull-right w-50\">3 ans<\/span><\/div>\n<\/div>\n<\/div>\n<div class=\"g-pt-30 container\">\n<div class=\"col-lg-12 g-pa-0\">\n<div class=\"col-lg-12 g-brd-bottom g-brd-gray-light-v4 g-pt-0 g-pb-20 g-mb-0\"><span class=\"g-font-weight-600\">Garantie commerciale<\/span><span class=\"pull-right w-50\">12 mois<\/span><\/div>\n<\/div>\n<\/div>\n<div class=\"g-pt-30 container\"><\/div>\n<\/div>\n<\/div>","protected":false},"excerpt":{"rendered":"<ul class=\"g-ml-0 g-pl-20\">\n<li>Provides 7,000 watts for 10 secs to start larger equipment<\/li>\n<li>Full GFCI protection<\/li>\n<li>OSHA worksite compliant &#8211; meets job site emission and safety requirements<\/li>\n<li>Long run time &#8211; up to 9.8 hrs<\/li>\n<li>CO-MINDER : syst\u00e8me avanc\u00e9 de d\u00e9tection du monoxyde de carbone<\/li>\n<\/ul>\n<p>&nbsp;<\/p>","protected":false},"featured_media":507,"comment_status":"open","ping_status":"closed","template":"","meta":[],"product_brand":[],"product_cat":[42],"product_tag":[88,87,89],"class_list":{"0":"post-506","1":"product","2":"type-product","3":"status-publish","4":"has-post-thumbnail","6":"product_cat-honda-generators","7":"product_tag-eb6500-honda-generator","8":"product_tag-honda-eb6500-generator","9":"product_tag-honda-generator-eb6500","11":"first","12":"instock","13":"shipping-taxable","14":"purchasable","15":"product-type-simple"},"yoast_head":"<!-- This site is optimized with the Yoast SEO Premium plugin v26.2 (Yoast SEO v26.2) - https:\/\/yoast.com\/wordpress\/plugins\/seo\/ -->\n<title>EB6500 - HONDA POWER EQUIPMENT<\/title>\n<meta name=\"description\" content=\"Honda&#039;s EB6500 portable industrial generator offers 6500 watts of commercial power, ideal for construction, rental, industrial, and professional needs.\" \/>\n<meta name=\"robots\" content=\"index, follow, max-snippet:-1, max-image-preview:large, max-video-preview:-1\" \/>\n<link rel=\"canonical\" href=\"https:\/\/hondapowertools.com\/fr\/produit\/eb6500\/\" \/>\n<meta property=\"og:locale\" content=\"fr_FR\" \/>\n<meta property=\"og:type\" content=\"article\" \/>\n<meta property=\"og:title\" content=\"EB6500\" \/>\n<meta property=\"og:description\" content=\"Honda&#039;s EB6500 portable industrial generator offers 6500 watts of commercial power, ideal for construction, rental, industrial, and professional needs.\" \/>\n<meta property=\"og:url\" content=\"https:\/\/hondapowertools.com\/fr\/produit\/eb6500\/\" \/>\n<meta property=\"og:site_name\" content=\"HONDA POWER EQUIPMENT\" \/>\n<meta property=\"article:modified_time\" content=\"2026-01-29T07:44:37+00:00\" \/>\n<meta property=\"og:image\" content=\"https:\/\/hondapowertools.com\/wp-content\/uploads\/2025\/02\/eb6500x1ag_pe_imglg.jpg\" \/>\n\t<meta property=\"og:image:width\" content=\"1200\" \/>\n\t<meta property=\"og:image:height\" content=\"1200\" \/>\n\t<meta property=\"og:image:type\" content=\"image\/jpeg\" \/>\n<meta name=\"twitter:card\" content=\"summary_large_image\" \/>\n<meta name=\"twitter:label1\" content=\"Dur\u00e9e de lecture estim\u00e9e\" \/>\n\t<meta name=\"twitter:data1\" content=\"5 minutes\" \/>\n<script type=\"application\/ld+json\" class=\"yoast-schema-graph\">{\"@context\":\"https:\/\/schema.org\",\"@graph\":[{\"@type\":\"WebPage\",\"@id\":\"https:\/\/hondapowertools.com\/product\/eb6500\/\",\"url\":\"https:\/\/hondapowertools.com\/product\/eb6500\/\",\"name\":\"EB6500 - HONDA POWER EQUIPMENT\",\"isPartOf\":{\"@id\":\"https:\/\/hondapowertools.com\/#website\"},\"primaryImageOfPage\":{\"@id\":\"https:\/\/hondapowertools.com\/product\/eb6500\/#primaryimage\"},\"image\":{\"@id\":\"https:\/\/hondapowertools.com\/product\/eb6500\/#primaryimage\"},\"thumbnailUrl\":\"https:\/\/hondapowertools.com\/wp-content\/uploads\/2025\/02\/eb6500x1ag_pe_imglg.jpg\",\"datePublished\":\"2025-02-09T09:04:33+00:00\",\"dateModified\":\"2026-01-29T07:44:37+00:00\",\"description\":\"Honda's EB6500 portable industrial generator offers 6500 watts of commercial power, ideal for construction, rental, industrial, and professional needs.\",\"breadcrumb\":{\"@id\":\"https:\/\/hondapowertools.com\/product\/eb6500\/#breadcrumb\"},\"inLanguage\":\"fr-FR\",\"potentialAction\":[{\"@type\":\"ReadAction\",\"target\":[\"https:\/\/hondapowertools.com\/product\/eb6500\/\"]}]},{\"@type\":\"ImageObject\",\"inLanguage\":\"fr-FR\",\"@id\":\"https:\/\/hondapowertools.com\/product\/eb6500\/#primaryimage\",\"url\":\"https:\/\/hondapowertools.com\/wp-content\/uploads\/2025\/02\/eb6500x1ag_pe_imglg.jpg\",\"contentUrl\":\"https:\/\/hondapowertools.com\/wp-content\/uploads\/2025\/02\/eb6500x1ag_pe_imglg.jpg\",\"width\":1200,\"height\":1200,\"caption\":\"EB6500\"},{\"@type\":\"BreadcrumbList\",\"@id\":\"https:\/\/hondapowertools.com\/product\/eb6500\/#breadcrumb\",\"itemListElement\":[{\"@type\":\"ListItem\",\"position\":1,\"name\":\"Home\",\"item\":\"https:\/\/hondapowertools.com\/\"},{\"@type\":\"ListItem\",\"position\":2,\"name\":\"Shop\",\"item\":\"https:\/\/hondapowertools.com\/?page_id=10\"},{\"@type\":\"ListItem\",\"position\":3,\"name\":\"EB6500\"}]},{\"@type\":\"WebSite\",\"@id\":\"https:\/\/hondapowertools.com\/#website\",\"url\":\"https:\/\/hondapowertools.com\/\",\"name\":\"HONDA POWER EQUIPMENTS\",\"description\":\"Honda Power Equipment\",\"publisher\":{\"@id\":\"https:\/\/hondapowertools.com\/#organization\"},\"potentialAction\":[{\"@type\":\"SearchAction\",\"target\":{\"@type\":\"EntryPoint\",\"urlTemplate\":\"https:\/\/hondapowertools.com\/?s={search_term_string}\"},\"query-input\":{\"@type\":\"PropertyValueSpecification\",\"valueRequired\":true,\"valueName\":\"search_term_string\"}}],\"inLanguage\":\"fr-FR\"},{\"@type\":\"Organization\",\"@id\":\"https:\/\/hondapowertools.com\/#organization\",\"name\":\"HONDA POWER TOOLS\",\"alternateName\":\"HONDA POWER EQUIPMENT\",\"url\":\"https:\/\/hondapowertools.com\/\",\"logo\":{\"@type\":\"ImageObject\",\"inLanguage\":\"fr-FR\",\"@id\":\"https:\/\/hondapowertools.com\/#\/schema\/logo\/image\/\",\"url\":\"https:\/\/hondapowertools.com\/wp-content\/uploads\/2025\/02\/cropped-honda-power-equipment-logo.png\",\"contentUrl\":\"https:\/\/hondapowertools.com\/wp-content\/uploads\/2025\/02\/cropped-honda-power-equipment-logo.png\",\"width\":290,\"height\":70,\"caption\":\"HONDA POWER TOOLS\"},\"image\":{\"@id\":\"https:\/\/hondapowertools.com\/#\/schema\/logo\/image\/\"}}]}<\/script>\n<!-- \/ Yoast SEO Premium plugin. -->","yoast_head_json":{"title":"EB6500 - HONDA POWER EQUIPMENT","description":"Honda's EB6500 portable industrial generator offers 6500 watts of commercial power, ideal for construction, rental, industrial, and professional needs.","robots":{"index":"index","follow":"follow","max-snippet":"max-snippet:-1","max-image-preview":"max-image-preview:large","max-video-preview":"max-video-preview:-1"},"canonical":"https:\/\/hondapowertools.com\/fr\/produit\/eb6500\/","og_locale":"fr_FR","og_type":"article","og_title":"EB6500","og_description":"Honda's EB6500 portable industrial generator offers 6500 watts of commercial power, ideal for construction, rental, industrial, and professional needs.","og_url":"https:\/\/hondapowertools.com\/fr\/produit\/eb6500\/","og_site_name":"HONDA POWER EQUIPMENT","article_modified_time":"2026-01-29T07:44:37+00:00","og_image":[{"width":1200,"height":1200,"url":"https:\/\/hondapowertools.com\/wp-content\/uploads\/2025\/02\/eb6500x1ag_pe_imglg.jpg","type":"image\/jpeg"}],"twitter_card":"summary_large_image","twitter_misc":{"Dur\u00e9e de lecture estim\u00e9e":"5 minutes"},"schema":{"@context":"https:\/\/schema.org","@graph":[{"@type":"WebPage","@id":"https:\/\/hondapowertools.com\/product\/eb6500\/","url":"https:\/\/hondapowertools.com\/product\/eb6500\/","name":"EB6500 - HONDA POWER EQUIPMENT","isPartOf":{"@id":"https:\/\/hondapowertools.com\/#website"},"primaryImageOfPage":{"@id":"https:\/\/hondapowertools.com\/product\/eb6500\/#primaryimage"},"image":{"@id":"https:\/\/hondapowertools.com\/product\/eb6500\/#primaryimage"},"thumbnailUrl":"https:\/\/hondapowertools.com\/wp-content\/uploads\/2025\/02\/eb6500x1ag_pe_imglg.jpg","datePublished":"2025-02-09T09:04:33+00:00","dateModified":"2026-01-29T07:44:37+00:00","description":"Honda's EB6500 portable industrial generator offers 6500 watts of commercial power, ideal for construction, rental, industrial, and professional needs.","breadcrumb":{"@id":"https:\/\/hondapowertools.com\/product\/eb6500\/#breadcrumb"},"inLanguage":"fr-FR","potentialAction":[{"@type":"ReadAction","target":["https:\/\/hondapowertools.com\/product\/eb6500\/"]}]},{"@type":"ImageObject","inLanguage":"fr-FR","@id":"https:\/\/hondapowertools.com\/product\/eb6500\/#primaryimage","url":"https:\/\/hondapowertools.com\/wp-content\/uploads\/2025\/02\/eb6500x1ag_pe_imglg.jpg","contentUrl":"https:\/\/hondapowertools.com\/wp-content\/uploads\/2025\/02\/eb6500x1ag_pe_imglg.jpg","width":1200,"height":1200,"caption":"EB6500"},{"@type":"BreadcrumbList","@id":"https:\/\/hondapowertools.com\/product\/eb6500\/#breadcrumb","itemListElement":[{"@type":"ListItem","position":1,"name":"Home","item":"https:\/\/hondapowertools.com\/"},{"@type":"ListItem","position":2,"name":"Shop","item":"https:\/\/hondapowertools.com\/?page_id=10"},{"@type":"ListItem","position":3,"name":"EB6500"}]},{"@type":"WebSite","@id":"https:\/\/hondapowertools.com\/#website","url":"https:\/\/hondapowertools.com\/","name":"HONDA POWER EQUIPMENTS","description":"Honda Power Equipment","publisher":{"@id":"https:\/\/hondapowertools.com\/#organization"},"potentialAction":[{"@type":"SearchAction","target":{"@type":"EntryPoint","urlTemplate":"https:\/\/hondapowertools.com\/?s={search_term_string}"},"query-input":{"@type":"PropertyValueSpecification","valueRequired":true,"valueName":"search_term_string"}}],"inLanguage":"fr-FR"},{"@type":"Organization","@id":"https:\/\/hondapowertools.com\/#organization","name":"HONDA POWER TOOLS","alternateName":"HONDA POWER EQUIPMENT","url":"https:\/\/hondapowertools.com\/","logo":{"@type":"ImageObject","inLanguage":"fr-FR","@id":"https:\/\/hondapowertools.com\/#\/schema\/logo\/image\/","url":"https:\/\/hondapowertools.com\/wp-content\/uploads\/2025\/02\/cropped-honda-power-equipment-logo.png","contentUrl":"https:\/\/hondapowertools.com\/wp-content\/uploads\/2025\/02\/cropped-honda-power-equipment-logo.png","width":290,"height":70,"caption":"HONDA POWER TOOLS"},"image":{"@id":"https:\/\/hondapowertools.com\/#\/schema\/logo\/image\/"}}]}},"_links":{"self":[{"href":"https:\/\/hondapowertools.com\/fr\/wp-json\/wp\/v2\/product\/506","targetHints":{"allow":["GET"]}}],"collection":[{"href":"https:\/\/hondapowertools.com\/fr\/wp-json\/wp\/v2\/product"}],"about":[{"href":"https:\/\/hondapowertools.com\/fr\/wp-json\/wp\/v2\/types\/product"}],"replies":[{"embeddable":true,"href":"https:\/\/hondapowertools.com\/fr\/wp-json\/wp\/v2\/comments?post=506"}],"wp:featuredmedia":[{"embeddable":true,"href":"https:\/\/hondapowertools.com\/fr\/wp-json\/wp\/v2\/media\/507"}],"wp:attachment":[{"href":"https:\/\/hondapowertools.com\/fr\/wp-json\/wp\/v2\/media?parent=506"}],"wp:term":[{"taxonomy":"product_brand","embeddable":true,"href":"https:\/\/hondapowertools.com\/fr\/wp-json\/wp\/v2\/product_brand?post=506"},{"taxonomy":"product_cat","embeddable":true,"href":"https:\/\/hondapowertools.com\/fr\/wp-json\/wp\/v2\/product_cat?post=506"},{"taxonomy":"product_tag","embeddable":true,"href":"https:\/\/hondapowertools.com\/fr\/wp-json\/wp\/v2\/product_tag?post=506"}],"curies":[{"name":"wp","href":"https:\/\/api.w.org\/{rel}","templated":true}]}}