{"id":519,"date":"2025-02-09T09:47:11","date_gmt":"2025-02-09T09:47:11","guid":{"rendered":"https:\/\/hondapowertools.com\/?post_type=product&#038;p=519"},"modified":"2025-02-09T09:47:12","modified_gmt":"2025-02-09T09:47:12","slug":"ztr-mowers","status":"publish","type":"product","link":"https:\/\/hondapowertools.com\/fr\/produit\/ztr-mowers\/","title":{"rendered":"Faucheuses ZTR"},"content":{"rendered":"<h2><strong>tondeuses ztr \u00e0 vendre<\/strong><\/h2>\n<p>Voici les toutes nouvelles tondeuses Honda Zero Ztr aliment\u00e9es par batterie. Une puissance de premier ordre pour travailler rapidement sans compromettre la performance. La meilleure qualit\u00e9 de coupe de sa cat\u00e9gorie, avec une finition professionnelle d\u00e8s le premier passage. Un confort maximum, avec une suspension compl\u00e8te de la tondeuse pour moins de fatigue. Et une fiabilit\u00e9 \u00e0 toute \u00e9preuve, con\u00e7ue pour r\u00e9pondre aux exigences de l'utilisation commerciale, uniquement chez Honda.<\/p>\n<p>&nbsp;<\/p>\n<h4 class=\"g-font-weight-600 g-color-primary g-mb-5\">Performance Premium<\/h4>\n<div class=\"mb-0 g-line-height-2 u-in-viewport g-color-gray-dark-v2 g-font-weight-400 g-pb-10\">\n<p>Les tondeuses ZTR de Honda sont aliment\u00e9es par 5 moteurs \u00e9lectriques distincts. 3 moteurs de plateau font tourner chacune de nos lames jumelles MicroCut\u00ae exclusives, et 2 moteurs de roues motrices man\u0153uvrent le v\u00e9hicule avec un contr\u00f4le pr\u00e9cis. Ces moteurs \u00e9lectriques sans balai 48 volts haute performance r\u00e9sistent aux rigueurs de l'am\u00e9nagement paysager commercial, avec la puissance n\u00e9cessaire pour tondre avec une efficacit\u00e9 maximale tout en conservant une qualit\u00e9 de coupe irr\u00e9prochable.<\/p>\n<p>Alors que certains ZTR sacrifient la vitesse de d\u00e9placement pour couper l'herbe, le ZTR de Honda offre suffisamment de puissance pour tondre \u00e0 des vitesses plus \u00e9lev\u00e9es, sans avoir \u00e0 s'inqui\u00e9ter d'une mauvaise qualit\u00e9 de coupe. Avec Honda, vous pourrez travailler rapidement sans compromettre la performance.<\/p>\n<p>Les tondeuses ZTR Honda sont \u00e9quip\u00e9es de six batteries lithium-ion, fournissant un total de 19,2 kW d'\u00e9nergie. Tondant jusqu'\u00e0 15 acres en une seule charge, ces tout nouveaux mod\u00e8les offrent une coupe et une productivit\u00e9 de niveau professionnel.<\/p>\n<h4 class=\"g-font-weight-600 g-color-primary g-mb-5\">La meilleure qualit\u00e9 de coupe de sa cat\u00e9gorie<\/h4>\n<div class=\"mb-0 g-line-height-2 u-in-viewport g-color-gray-dark-v2 g-font-weight-400 g-pb-10\">\n<p>Le ZTR de Honda assure une coupe nette et uniforme, la meilleure de sa cat\u00e9gorie, d\u00e8s le premier passage. Il n'est pas n\u00e9cessaire de tondre deux fois pour obtenir une belle pelouse. Aucun kit de broyage suppl\u00e9mentaire n'est n\u00e9cessaire. Pas de touffes d'herbe disgracieuses sur le gazon. Juste une belle coupe qui laissera vos clients satisfaits.<\/p>\n<p>Les plateaux de coupe ZTR Honda de 54 et 60 pouces sont dot\u00e9s d'un carter optimis\u00e9 et de trois lames jumel\u00e9es, offrant 12 ar\u00eates de coupe au total. Les coupes multiples de l'herbe permettent d'obtenir une tonte plus fine pour une finition professionnelle avec moins de travail.<\/p>\n<p>La conception des lames jumelles MicroCut\u00ae empil\u00e9es et d\u00e9cal\u00e9es offre une qualit\u00e9 de coupe sup\u00e9rieure et des rognures plus petites pour un niveau \u00e9lev\u00e9 de broyage de l'herbe sans amas.<\/p>\n<p>&nbsp;<\/p>\n<\/div>\n<\/div>","protected":false},"excerpt":{"rendered":"<p>ztr mowers for sale Meet Honda\u2019s all-new battery-powered Zero Ztr mowers. Premium power, so you can work fast without compromising performance. Best in class cut quality, with a pro finish on the first pass. Maximum comfort, with full mower suspension for less fatigue. And trusted reliability, built for the demands of commercial use, only from [&#8230;]","protected":false},"featured_media":520,"comment_status":"open","ping_status":"closed","template":"","meta":[],"product_brand":[],"product_cat":[48],"product_tag":[96,94,95],"class_list":{"0":"post-519","1":"product","2":"type-product","3":"status-publish","4":"has-post-thumbnail","6":"product_cat-honda-ztr-mowers","7":"product_tag-ohn-deere-zero-turn-mowers","8":"product_tag-used-ztr-mowers-for-sale","9":"product_tag-ztr-mowers-for-sale","11":"first","12":"instock","13":"shipping-taxable","14":"purchasable","15":"product-type-simple"},"yoast_head":"<!-- This site is optimized with the Yoast SEO Premium plugin v26.2 (Yoast SEO v26.2) - https:\/\/yoast.com\/wordpress\/plugins\/seo\/ -->\n<title>ZTR Mowers - HONDA POWER EQUIPMENT<\/title>\n<meta name=\"description\" content=\"Order Honda&#039;s new battery-powered Zero Turn ZTR Mowers. Premium power, best-in-class cut quality, maximum comfort, and trusted reliability.\" \/>\n<meta name=\"robots\" content=\"index, follow, max-snippet:-1, max-image-preview:large, max-video-preview:-1\" \/>\n<link rel=\"canonical\" href=\"https:\/\/hondapowertools.com\/fr\/produit\/ztr-mowers\/\" \/>\n<meta property=\"og:locale\" content=\"fr_FR\" \/>\n<meta property=\"og:type\" content=\"article\" \/>\n<meta property=\"og:title\" content=\"ZTR Mowers\" \/>\n<meta property=\"og:description\" content=\"Order Honda&#039;s new battery-powered Zero Turn ZTR Mowers. Premium power, best-in-class cut quality, maximum comfort, and trusted reliability.\" \/>\n<meta property=\"og:url\" content=\"https:\/\/hondapowertools.com\/fr\/produit\/ztr-mowers\/\" \/>\n<meta property=\"og:site_name\" content=\"HONDA POWER EQUIPMENT\" \/>\n<meta property=\"article:modified_time\" content=\"2025-02-09T09:47:12+00:00\" \/>\n<meta name=\"twitter:card\" content=\"summary_large_image\" \/>\n<meta name=\"twitter:label1\" content=\"Dur\u00e9e de lecture estim\u00e9e\" \/>\n\t<meta name=\"twitter:data1\" content=\"2 minutes\" \/>\n<script type=\"application\/ld+json\" class=\"yoast-schema-graph\">{\"@context\":\"https:\/\/schema.org\",\"@graph\":[{\"@type\":\"WebPage\",\"@id\":\"https:\/\/hondapowertools.com\/product\/ztr-mowers\/\",\"url\":\"https:\/\/hondapowertools.com\/product\/ztr-mowers\/\",\"name\":\"ZTR Mowers - HONDA POWER EQUIPMENT\",\"isPartOf\":{\"@id\":\"https:\/\/hondapowertools.com\/#website\"},\"primaryImageOfPage\":{\"@id\":\"https:\/\/hondapowertools.com\/product\/ztr-mowers\/#primaryimage\"},\"image\":{\"@id\":\"https:\/\/hondapowertools.com\/product\/ztr-mowers\/#primaryimage\"},\"thumbnailUrl\":\"https:\/\/hondapowertools.com\/wp-content\/uploads\/2025\/02\/HZ60SXB_Seat_Lever.avif\",\"datePublished\":\"2025-02-09T09:47:11+00:00\",\"dateModified\":\"2025-02-09T09:47:12+00:00\",\"description\":\"Order Honda's new battery-powered Zero Turn ZTR Mowers. Premium power, best-in-class cut quality, maximum comfort, and trusted reliability.\",\"breadcrumb\":{\"@id\":\"https:\/\/hondapowertools.com\/product\/ztr-mowers\/#breadcrumb\"},\"inLanguage\":\"fr-FR\",\"potentialAction\":[{\"@type\":\"ReadAction\",\"target\":[\"https:\/\/hondapowertools.com\/product\/ztr-mowers\/\"]}]},{\"@type\":\"ImageObject\",\"inLanguage\":\"fr-FR\",\"@id\":\"https:\/\/hondapowertools.com\/product\/ztr-mowers\/#primaryimage\",\"url\":\"https:\/\/hondapowertools.com\/wp-content\/uploads\/2025\/02\/HZ60SXB_Seat_Lever.avif\",\"contentUrl\":\"https:\/\/hondapowertools.com\/wp-content\/uploads\/2025\/02\/HZ60SXB_Seat_Lever.avif\",\"width\":700,\"height\":700,\"caption\":\"ZTR Mowers\"},{\"@type\":\"BreadcrumbList\",\"@id\":\"https:\/\/hondapowertools.com\/product\/ztr-mowers\/#breadcrumb\",\"itemListElement\":[{\"@type\":\"ListItem\",\"position\":1,\"name\":\"Home\",\"item\":\"https:\/\/hondapowertools.com\/\"},{\"@type\":\"ListItem\",\"position\":2,\"name\":\"Shop\",\"item\":\"https:\/\/hondapowertools.com\/?page_id=10\"},{\"@type\":\"ListItem\",\"position\":3,\"name\":\"ZTR Mowers\"}]},{\"@type\":\"WebSite\",\"@id\":\"https:\/\/hondapowertools.com\/#website\",\"url\":\"https:\/\/hondapowertools.com\/\",\"name\":\"HONDA POWER EQUIPMENTS\",\"description\":\"Honda Power Equipment\",\"publisher\":{\"@id\":\"https:\/\/hondapowertools.com\/#organization\"},\"potentialAction\":[{\"@type\":\"SearchAction\",\"target\":{\"@type\":\"EntryPoint\",\"urlTemplate\":\"https:\/\/hondapowertools.com\/?s={search_term_string}\"},\"query-input\":{\"@type\":\"PropertyValueSpecification\",\"valueRequired\":true,\"valueName\":\"search_term_string\"}}],\"inLanguage\":\"fr-FR\"},{\"@type\":\"Organization\",\"@id\":\"https:\/\/hondapowertools.com\/#organization\",\"name\":\"HONDA POWER TOOLS\",\"alternateName\":\"HONDA POWER EQUIPMENT\",\"url\":\"https:\/\/hondapowertools.com\/\",\"logo\":{\"@type\":\"ImageObject\",\"inLanguage\":\"fr-FR\",\"@id\":\"https:\/\/hondapowertools.com\/#\/schema\/logo\/image\/\",\"url\":\"https:\/\/hondapowertools.com\/wp-content\/uploads\/2025\/02\/cropped-honda-power-equipment-logo.png\",\"contentUrl\":\"https:\/\/hondapowertools.com\/wp-content\/uploads\/2025\/02\/cropped-honda-power-equipment-logo.png\",\"width\":290,\"height\":70,\"caption\":\"HONDA POWER TOOLS\"},\"image\":{\"@id\":\"https:\/\/hondapowertools.com\/#\/schema\/logo\/image\/\"}}]}<\/script>\n<!-- \/ Yoast SEO Premium plugin. -->","yoast_head_json":{"title":"ZTR Mowers - HONDA POWER EQUIPMENT","description":"Order Honda's new battery-powered Zero Turn ZTR Mowers. Premium power, best-in-class cut quality, maximum comfort, and trusted reliability.","robots":{"index":"index","follow":"follow","max-snippet":"max-snippet:-1","max-image-preview":"max-image-preview:large","max-video-preview":"max-video-preview:-1"},"canonical":"https:\/\/hondapowertools.com\/fr\/produit\/ztr-mowers\/","og_locale":"fr_FR","og_type":"article","og_title":"ZTR Mowers","og_description":"Order Honda's new battery-powered Zero Turn ZTR Mowers. Premium power, best-in-class cut quality, maximum comfort, and trusted reliability.","og_url":"https:\/\/hondapowertools.com\/fr\/produit\/ztr-mowers\/","og_site_name":"HONDA POWER EQUIPMENT","article_modified_time":"2025-02-09T09:47:12+00:00","twitter_card":"summary_large_image","twitter_misc":{"Dur\u00e9e de lecture estim\u00e9e":"2 minutes"},"schema":{"@context":"https:\/\/schema.org","@graph":[{"@type":"WebPage","@id":"https:\/\/hondapowertools.com\/product\/ztr-mowers\/","url":"https:\/\/hondapowertools.com\/product\/ztr-mowers\/","name":"ZTR Mowers - HONDA POWER EQUIPMENT","isPartOf":{"@id":"https:\/\/hondapowertools.com\/#website"},"primaryImageOfPage":{"@id":"https:\/\/hondapowertools.com\/product\/ztr-mowers\/#primaryimage"},"image":{"@id":"https:\/\/hondapowertools.com\/product\/ztr-mowers\/#primaryimage"},"thumbnailUrl":"https:\/\/hondapowertools.com\/wp-content\/uploads\/2025\/02\/HZ60SXB_Seat_Lever.avif","datePublished":"2025-02-09T09:47:11+00:00","dateModified":"2025-02-09T09:47:12+00:00","description":"Order Honda's new battery-powered Zero Turn ZTR Mowers. Premium power, best-in-class cut quality, maximum comfort, and trusted reliability.","breadcrumb":{"@id":"https:\/\/hondapowertools.com\/product\/ztr-mowers\/#breadcrumb"},"inLanguage":"fr-FR","potentialAction":[{"@type":"ReadAction","target":["https:\/\/hondapowertools.com\/product\/ztr-mowers\/"]}]},{"@type":"ImageObject","inLanguage":"fr-FR","@id":"https:\/\/hondapowertools.com\/product\/ztr-mowers\/#primaryimage","url":"https:\/\/hondapowertools.com\/wp-content\/uploads\/2025\/02\/HZ60SXB_Seat_Lever.avif","contentUrl":"https:\/\/hondapowertools.com\/wp-content\/uploads\/2025\/02\/HZ60SXB_Seat_Lever.avif","width":700,"height":700,"caption":"ZTR Mowers"},{"@type":"BreadcrumbList","@id":"https:\/\/hondapowertools.com\/product\/ztr-mowers\/#breadcrumb","itemListElement":[{"@type":"ListItem","position":1,"name":"Home","item":"https:\/\/hondapowertools.com\/"},{"@type":"ListItem","position":2,"name":"Shop","item":"https:\/\/hondapowertools.com\/?page_id=10"},{"@type":"ListItem","position":3,"name":"ZTR Mowers"}]},{"@type":"WebSite","@id":"https:\/\/hondapowertools.com\/#website","url":"https:\/\/hondapowertools.com\/","name":"HONDA POWER EQUIPMENTS","description":"Honda Power Equipment","publisher":{"@id":"https:\/\/hondapowertools.com\/#organization"},"potentialAction":[{"@type":"SearchAction","target":{"@type":"EntryPoint","urlTemplate":"https:\/\/hondapowertools.com\/?s={search_term_string}"},"query-input":{"@type":"PropertyValueSpecification","valueRequired":true,"valueName":"search_term_string"}}],"inLanguage":"fr-FR"},{"@type":"Organization","@id":"https:\/\/hondapowertools.com\/#organization","name":"HONDA POWER TOOLS","alternateName":"HONDA POWER EQUIPMENT","url":"https:\/\/hondapowertools.com\/","logo":{"@type":"ImageObject","inLanguage":"fr-FR","@id":"https:\/\/hondapowertools.com\/#\/schema\/logo\/image\/","url":"https:\/\/hondapowertools.com\/wp-content\/uploads\/2025\/02\/cropped-honda-power-equipment-logo.png","contentUrl":"https:\/\/hondapowertools.com\/wp-content\/uploads\/2025\/02\/cropped-honda-power-equipment-logo.png","width":290,"height":70,"caption":"HONDA POWER TOOLS"},"image":{"@id":"https:\/\/hondapowertools.com\/#\/schema\/logo\/image\/"}}]}},"_links":{"self":[{"href":"https:\/\/hondapowertools.com\/fr\/wp-json\/wp\/v2\/product\/519","targetHints":{"allow":["GET"]}}],"collection":[{"href":"https:\/\/hondapowertools.com\/fr\/wp-json\/wp\/v2\/product"}],"about":[{"href":"https:\/\/hondapowertools.com\/fr\/wp-json\/wp\/v2\/types\/product"}],"replies":[{"embeddable":true,"href":"https:\/\/hondapowertools.com\/fr\/wp-json\/wp\/v2\/comments?post=519"}],"wp:featuredmedia":[{"embeddable":true,"href":"https:\/\/hondapowertools.com\/fr\/wp-json\/wp\/v2\/media\/520"}],"wp:attachment":[{"href":"https:\/\/hondapowertools.com\/fr\/wp-json\/wp\/v2\/media?parent=519"}],"wp:term":[{"taxonomy":"product_brand","embeddable":true,"href":"https:\/\/hondapowertools.com\/fr\/wp-json\/wp\/v2\/product_brand?post=519"},{"taxonomy":"product_cat","embeddable":true,"href":"https:\/\/hondapowertools.com\/fr\/wp-json\/wp\/v2\/product_cat?post=519"},{"taxonomy":"product_tag","embeddable":true,"href":"https:\/\/hondapowertools.com\/fr\/wp-json\/wp\/v2\/product_tag?post=519"}],"curies":[{"name":"wp","href":"https:\/\/api.w.org\/{rel}","templated":true}]}}