{"id":690,"date":"2025-02-11T07:40:41","date_gmt":"2025-02-11T07:40:41","guid":{"rendered":"https:\/\/hondapowertools.com\/?post_type=product&#038;p=690"},"modified":"2025-11-26T21:18:34","modified_gmt":"2025-11-26T21:18:34","slug":"wx15","status":"publish","type":"product","link":"https:\/\/hondapowertools.com\/fr\/produit\/wx15\/","title":{"rendered":"WX15"},"content":{"rendered":"<div id=\"Features\" class=\"anchor2 container g-py-0\">\n<div class=\"row\">\n<h2><strong>Honda WX15 water pump<\/strong><\/h2>\n<div><\/div>\n<div>Honda&#8217;s lightweight WX15 water pump is compact and easy to carry. This small, portable 1.5-inch pump is ideal for homeowners, gardeners, and boat owners.<\/div>\n<div><\/div>\n<div><\/div>\n<div class=\"col-lg-4 g-pa-10 g-mb-0\">\n<p><span class=\"g-color-black g-font-weight-700\">Perfect for homeowners, gardeners, boat owners, and more<\/span>The WX15 is lightweight, compact, and easy to use.<\/p>\n<\/div>\n<div class=\"col-lg-2 featimg text-center g-pa-10 g-mb-0 g-font-weight-600\"><\/div>\n<div class=\"col-lg-4 g-pa-10 g-mb-0\">\n<p><span class=\"g-color-black g-font-weight-700\">Easy starting Honda mini 4-stroke commercial engine<\/span>Le moteur Honda GX de qualit\u00e9 commerciale est facile \u00e0 d\u00e9marrer et fournit une puissance suffisante pour les conditions les plus difficiles.<\/p>\n<\/div>\n<div class=\"col-lg-2 featimg text-center g-pa-10 g-mb-0 g-font-weight-600\"><img decoding=\"async\" class=\"img-fluid\" src=\"https:\/\/services.powerequipment.honda.com\/content\/images\/pe\/models\/features\/thumbs\/lightweight.jpg\" alt=\"Lightweight aluminum pump\" \/><\/div>\n<div class=\"col-lg-4 g-pa-10 g-mb-0\">\n<p><span class=\"g-color-black g-font-weight-700\">Lightweight aluminum pump<\/span>At only 20 lbs., the WX15 is easily portable.<\/p>\n<\/div>\n<div class=\"col-lg-2 featimg text-center g-pa-10 g-mb-0 g-font-weight-600\"><\/div>\n<div class=\"col-lg-4 g-pa-10 g-mb-0\">\n<p><span class=\"g-color-black g-font-weight-700\">Hose clamps and strainer included<\/span><\/p>\n<\/div>\n<div class=\"col-lg-2 featimg text-center g-pa-10 g-mb-0 g-font-weight-600\"><\/div>\n<div class=\"col-lg-4 g-pa-10 g-mb-0\">\n<p><span class=\"g-color-black g-font-weight-700\">Standard transport handle<\/span>The WX15 is easy to carry wherever you need it.<\/p>\n<\/div>\n<div class=\"col-lg-2 featimg text-center g-pa-10 g-mb-0 g-font-weight-600\"><\/div>\n<div class=\"col-lg-4 g-pa-10 g-mb-0\">\n<p><span class=\"g-color-black g-font-weight-700\">74 gal.\/min capacity<\/span><\/p>\n<\/div>\n<div class=\"col-lg-2 featimg text-center g-pa-10 g-mb-0 g-font-weight-600\"><\/div>\n<div class=\"col-lg-4 g-pa-10 g-mb-0\">\n<p><span class=\"g-color-black g-font-weight-700\">Protected by <a href=\"https:\/\/hondapowertools.com\/fr\/etiquette-produit\/wx10-honda-pump\/\" data-wpil-monitor-id=\"20\">Honda Oil Alert\u00aeProtects the pump<\/a> by shutting the engine off when low oil is detected.<\/span><\/p>\n<\/div>\n<\/div>\n<\/div>\n<div id=\"Specs\" class=\"anchor2 container g-py-0\">\n<div class=\"col-lg-12 g-pa-0\">\n<div class=\"u-heading-v3-1 g-bg-main g-brd-main u-heading-v3-1 g-bg-main g-brd-main g-my-30 col-lg-12 g-pa-0\">\n<h2 class=\"h3 u-heading-v3__title\">Sp\u00e9cifications<\/h2>\n<\/div>\n<div class=\"g-pt-30 container\">\n<div class=\"col-lg-12 g-pa-0\">\n<div class=\"col-lg-12 g-brd-bottom g-brd-gray-light-v4 g-pt-0 g-pb-20 g-mb-0\"><span class=\"g-font-weight-600\">Moteur<\/span><span class=\"pull-right w-50\">GXH50<\/span><\/div>\n<\/div>\n<\/div>\n<div class=\"g-pt-30 container\">\n<div class=\"col-lg-12 g-pa-0\">\n<div class=\"col-lg-12 g-brd-bottom g-brd-gray-light-v4 g-pt-0 g-pb-20 g-mb-0\"><span class=\"g-font-weight-600\">D\u00e9placement<\/span><span class=\"pull-right w-50\">49cc<\/span><\/div>\n<\/div>\n<\/div>\n<div class=\"g-pt-30 container\">\n<div class=\"col-lg-12 g-pa-0\">\n<div class=\"col-lg-12 g-brd-bottom g-brd-gray-light-v4 g-pt-0 g-pb-20 g-mb-0\"><span class=\"g-font-weight-600\">Al\u00e9sage et course<\/span><span class=\"pull-right w-50\">1.65&#8243; x 1.42&#8243;<\/span><\/div>\n<\/div>\n<\/div>\n<div class=\"g-pt-30 container\">\n<div class=\"col-lg-12 g-pa-0\">\n<div class=\"col-lg-12 g-brd-bottom g-brd-gray-light-v4 g-pt-0 g-pb-20 g-mb-0\"><span class=\"g-font-weight-600\">Taux de compression<\/span><span class=\"pull-right w-50\">8.0:1<\/span><\/div>\n<\/div>\n<\/div>\n<div class=\"g-pt-30 container\">\n<div class=\"col-lg-12 g-pa-0\">\n<div class=\"col-lg-12 g-brd-bottom g-brd-gray-light-v4 g-pt-0 g-pb-20 g-mb-0\"><span class=\"g-font-weight-600\">Alerte p\u00e9troli\u00e8re<\/span><span class=\"pull-right w-50\">Std<\/span><\/div>\n<\/div>\n<\/div>\n<div class=\"g-pt-30 container\">\n<div class=\"col-lg-12 g-pa-0\">\n<div class=\"col-lg-12 g-brd-bottom g-brd-gray-light-v4 g-pt-0 g-pb-20 g-mb-0\"><span class=\"g-font-weight-600\">Type de pompe<\/span><span class=\"pull-right w-50\">General purpose Centrifugal Self-priming<\/span><\/div>\n<\/div>\n<\/div>\n<div class=\"g-pt-30 container\">\n<div class=\"col-lg-12 g-pa-0\">\n<div class=\"col-lg-12 g-brd-bottom g-brd-gray-light-v4 g-pt-0 g-pb-20 g-mb-0\"><span class=\"g-font-weight-600\">Volute<\/span><span class=\"pull-right w-50\">Aluminum<\/span><\/div>\n<\/div>\n<\/div>\n<div class=\"g-pt-30 container\">\n<div class=\"col-lg-12 g-pa-0\">\n<div class=\"col-lg-12 g-brd-bottom g-brd-gray-light-v4 g-pt-0 g-pb-20 g-mb-0\"><span class=\"g-font-weight-600\">Roue<\/span><span class=\"pull-right w-50\">Aluminum<\/span><\/div>\n<\/div>\n<\/div>\n<div class=\"g-pt-30 container\">\n<div class=\"col-lg-12 g-pa-0\">\n<div class=\"col-lg-12 g-brd-bottom g-brd-gray-light-v4 g-pt-0 g-pb-20 g-mb-0\"><span class=\"g-font-weight-600\">Garniture m\u00e9canique (corps de pompe\/turbine)<\/span><span class=\"pull-right w-50\">Carbon\/Ceramic<\/span><\/div>\n<\/div>\n<\/div>\n<div class=\"g-pt-30 container\">\n<div class=\"col-lg-12 g-pa-0\">\n<div class=\"col-lg-12 g-brd-bottom g-brd-gray-light-v4 g-pt-0 g-pb-20 g-mb-0\"><span class=\"g-font-weight-600\">Temps d'amor\u00e7age<\/span><span class=\"pull-right w-50\">120 sec. at 16.4 ft.<\/span><\/div>\n<\/div>\n<\/div>\n<div class=\"g-pt-30 container\">\n<div class=\"col-lg-12 g-pa-0\">\n<div class=\"col-lg-12 g-brd-bottom g-brd-gray-light-v4 g-pt-0 g-pb-20 g-mb-0\"><span class=\"g-font-weight-600\">Syst\u00e8me d'entra\u00eenement direct<\/span><\/div>\n<\/div>\n<\/div>\n<div class=\"g-pt-30 container\">\n<div class=\"col-lg-12 g-pa-0\">\n<div class=\"col-lg-12 g-brd-bottom g-brd-gray-light-v4 g-pt-0 g-pb-20 g-mb-0\"><span class=\"g-font-weight-600\">Capacit\u00e9 de d\u00e9charge<\/span><span class=\"pull-right w-50\">74 gal\/min<\/span><\/div>\n<\/div>\n<\/div>\n<div class=\"g-pt-30 container\">\n<div class=\"col-lg-12 g-pa-0\">\n<div class=\"col-lg-12 g-brd-bottom g-brd-gray-light-v4 g-pt-0 g-pb-20 g-mb-0\"><span class=\"g-font-weight-600\">Diam\u00e8tre de l'orifice d'aspiration<\/span><span class=\"pull-right w-50\">1.5&#8243; NPT<\/span><\/div>\n<\/div>\n<\/div>\n<div class=\"g-pt-30 container\">\n<div class=\"col-lg-12 g-pa-0\">\n<div class=\"col-lg-12 g-brd-bottom g-brd-gray-light-v4 g-pt-0 g-pb-20 g-mb-0\"><span class=\"g-font-weight-600\">Diam\u00e8tre de l'orifice de d\u00e9charge<\/span><span class=\"pull-right w-50\">1.5&#8243; NPT<\/span><\/div>\n<\/div>\n<\/div>\n<div class=\"g-pt-30 container\">\n<div class=\"col-lg-12 g-pa-0\">\n<div class=\"col-lg-12 g-brd-bottom g-brd-gray-light-v4 g-pt-0 g-pb-20 g-mb-0\"><span class=\"g-font-weight-600\">Levage total de la t\u00eate<\/span><span class=\"pull-right w-50\">121 ft.<\/span><\/div>\n<\/div>\n<\/div>\n<div class=\"g-pt-30 container\">\n<div class=\"col-lg-12 g-pa-0\">\n<div class=\"col-lg-12 g-brd-bottom g-brd-gray-light-v4 g-pt-0 g-pb-20 g-mb-0\"><span class=\"g-font-weight-600\">Suction head lifts 26<\/span><span class=\"pull-right w-50\">\u00a0ft.<\/span><\/div>\n<\/div>\n<\/div>\n<div class=\"g-pt-30 container\">\n<div class=\"col-lg-12 g-pa-0\">\n<div class=\"col-lg-12 g-brd-bottom g-brd-gray-light-v4 g-pt-0 g-pb-20 g-mb-0\"><span class=\"g-font-weight-600\">Pression maximale<\/span><span class=\"pull-right w-50\">52 psi<\/span><\/div>\n<\/div>\n<\/div>\n<div class=\"g-pt-30 container\">\n<div class=\"col-lg-12 g-pa-0\">\n<div class=\"col-lg-12 g-brd-bottom g-brd-gray-light-v4 g-pt-0 g-pb-20 g-mb-0\"><span class=\"g-font-weight-600\">Traitement des solides<\/span><span class=\"pull-right w-50\">N\/A<\/span><\/div>\n<\/div>\n<\/div>\n<div class=\"g-pt-30 container\">\n<div class=\"col-lg-12 g-pa-0\">\n<div class=\"col-lg-12 g-brd-bottom g-brd-gray-light-v4 g-pt-0 g-pb-20 g-mb-0\"><span class=\"g-font-weight-600\">Dimensions (LxLxH)<\/span><span class=\"pull-right w-50\">14.0&#8243;x10.8&#8243;x14.8&#8243;<\/span><\/div>\n<\/div>\n<\/div>\n<div class=\"g-pt-30 container\">\n<div class=\"col-lg-12 g-pa-0\">\n<div class=\"col-lg-12 g-brd-bottom g-brd-gray-light-v4 g-pt-0 g-pb-20 g-mb-0\"><span class=\"g-font-weight-600\">Dry weight 20<\/span><span class=\"pull-right w-50\">\u00a0lb.<\/span><\/div>\n<\/div>\n<\/div>\n<div class=\"g-pt-30 container\">\n<div class=\"col-lg-12 g-pa-0\">\n<div class=\"col-lg-12 g-brd-bottom g-brd-gray-light-v4 g-pt-0 g-pb-20 g-mb-0\"><span class=\"g-font-weight-600\">Capacit\u00e9 en carburant<\/span><span class=\"pull-right w-50\">0.20 gal<\/span><\/div>\n<\/div>\n<\/div>\n<div class=\"g-pt-30 container\">\n<div class=\"col-lg-12 g-pa-0\">\n<div class=\"col-lg-12 g-brd-bottom g-brd-gray-light-v4 g-pt-0 g-pb-20 g-mb-0\"><span class=\"g-font-weight-600\">Dur\u00e9e de fonctionnement \u00e0 la d\u00e9charge maximale<\/span><span class=\"pull-right w-50\">0.9 hr<\/span><\/div>\n<\/div>\n<\/div>\n<div class=\"g-pt-30 container\">\n<div class=\"col-lg-12 g-pa-0\">\n<div class=\"col-lg-12 g-brd-bottom g-brd-gray-light-v4 g-pt-0 g-pb-20 g-mb-0\"><span class=\"g-font-weight-600\">Filtre Partie #<\/span><span class=\"pull-right w-50\">78325-YB0-751<\/span><\/div>\n<\/div>\n<\/div>\n<div class=\"g-pt-30 container\">\n<div class=\"col-lg-12 g-pa-0\">\n<div class=\"col-lg-12 g-brd-bottom g-brd-gray-light-v4 g-pt-0 g-pb-20 g-mb-0\"><span class=\"g-font-weight-600\">Garantie r\u00e9sidentielle<\/span><span class=\"pull-right w-50\">2 years<\/span><\/div>\n<\/div>\n<\/div>\n<div class=\"g-pt-30 container\">\n<div class=\"col-lg-12 g-pa-0\">\n<div class=\"col-lg-12 g-brd-bottom g-brd-gray-light-v4 g-pt-0 g-pb-20 g-mb-0\"><span class=\"g-font-weight-600\">Garantie commerciale<\/span><span class=\"pull-right w-50\">1 year<\/span><\/div>\n<\/div>\n<\/div>\n<div class=\"col-lg-12 g-brd-bottom g-brd-gray-light-v4 g-py-20 g-mb-0 g-font-weight-600\">AVERTISSEMENT : California Prop 65 Information<\/div>\n<\/div>\n<\/div>\n<div id=\"Performance\" class=\"anchor2 container g-py-0\">\n<div class=\"col-lg-12 g-pa-0\">\n<div class=\"u-heading-v3-1 g-bg-main g-brd-main u-heading-v3-1 g-bg-main g-brd-main g-my-30 col-lg-12 g-pa-0\">\n<h2 class=\"h3 u-heading-v3__title\">Performance de la pompe<\/h2>\n<\/div>\n<div class=\"g-pt-30 container\">\n<div class=\"row justify-content-center\">\n<div class=\"col-lg-6 g-pa-0\">\n<div class=\"col-lg-12 g-brd-bottom g-brd-gray-light-v4 g-pt-0 g-pb-20 g-mb-0\"><img decoding=\"async\" class=\"img-fluid\" src=\"https:\/\/services.powerequipment.honda.com\/content\/images\/pe\/models\/curves\/wx15-curve.gif\" alt=\"WX15 Pump Performance\" \/><\/div>\n<\/div>\n<\/div>\n<\/div>\n<\/div>\n<\/div>","protected":false},"excerpt":{"rendered":"<ul class=\"g-ml-0 g-pl-20\">\n<li>Weighs only 20 lbs.<\/li>\n<li>74 gal.\/min capacity<\/li>\n<li>Hose clamps and strainer included<\/li>\n<\/ul>","protected":false},"featured_media":691,"comment_status":"open","ping_status":"closed","template":"","meta":[],"product_brand":[],"product_cat":[44],"product_tag":[166,165,167],"class_list":{"0":"post-690","1":"product","2":"type-product","3":"status-publish","4":"has-post-thumbnail","6":"product_cat-honda-pumps","7":"product_tag-honda-water-pump-wx15","8":"product_tag-honda-wx15-water-pump","9":"product_tag-wx15-honda-pump","11":"first","12":"instock","13":"shipping-taxable","14":"purchasable","15":"product-type-simple"},"yoast_head":"<!-- This site is optimized with the Yoast SEO Premium plugin v26.2 (Yoast SEO v26.2) - https:\/\/yoast.com\/wordpress\/plugins\/seo\/ -->\n<title>WX15 - HONDA POWER EQUIPMENT<\/title>\n<meta name=\"description\" content=\"Honda&#039;s lightweight WX15 water pump is compact and easy to carry. This small, portable 1.5-inch pump is ideal for homeowners, gardeners, and boat owners.\" \/>\n<meta name=\"robots\" content=\"index, follow, max-snippet:-1, max-image-preview:large, max-video-preview:-1\" \/>\n<link rel=\"canonical\" href=\"https:\/\/hondapowertools.com\/fr\/produit\/wx15\/\" \/>\n<meta property=\"og:locale\" content=\"fr_FR\" \/>\n<meta property=\"og:type\" content=\"article\" \/>\n<meta property=\"og:title\" content=\"WX15\" \/>\n<meta property=\"og:description\" content=\"Honda&#039;s lightweight WX15 water pump is compact and easy to carry. This small, portable 1.5-inch pump is ideal for homeowners, gardeners, and boat owners.\" \/>\n<meta property=\"og:url\" content=\"https:\/\/hondapowertools.com\/fr\/produit\/wx15\/\" \/>\n<meta property=\"og:site_name\" content=\"HONDA POWER EQUIPMENT\" \/>\n<meta property=\"article:modified_time\" content=\"2025-11-26T21:18:34+00:00\" \/>\n<meta property=\"og:image\" content=\"https:\/\/hondapowertools.com\/wp-content\/uploads\/2025\/02\/wx15t_left.jpg\" \/>\n\t<meta property=\"og:image:width\" content=\"600\" \/>\n\t<meta property=\"og:image:height\" content=\"600\" \/>\n\t<meta property=\"og:image:type\" content=\"image\/jpeg\" \/>\n<meta name=\"twitter:card\" content=\"summary_large_image\" \/>\n<meta name=\"twitter:label1\" content=\"Dur\u00e9e de lecture estim\u00e9e\" \/>\n\t<meta name=\"twitter:data1\" content=\"2 minutes\" \/>\n<script type=\"application\/ld+json\" class=\"yoast-schema-graph\">{\"@context\":\"https:\/\/schema.org\",\"@graph\":[{\"@type\":\"WebPage\",\"@id\":\"https:\/\/hondapowertools.com\/en_au\/product\/wx15\/\",\"url\":\"https:\/\/hondapowertools.com\/en_au\/product\/wx15\/\",\"name\":\"WX15 - HONDA POWER EQUIPMENT\",\"isPartOf\":{\"@id\":\"https:\/\/hondapowertools.com\/#website\"},\"primaryImageOfPage\":{\"@id\":\"https:\/\/hondapowertools.com\/en_au\/product\/wx15\/#primaryimage\"},\"image\":{\"@id\":\"https:\/\/hondapowertools.com\/en_au\/product\/wx15\/#primaryimage\"},\"thumbnailUrl\":\"https:\/\/hondapowertools.com\/wp-content\/uploads\/2025\/02\/wx15t_left.jpg\",\"datePublished\":\"2025-02-11T07:40:41+00:00\",\"dateModified\":\"2025-11-26T21:18:34+00:00\",\"description\":\"Honda's lightweight WX15 water pump is compact and easy to carry. This small, portable 1.5-inch pump is ideal for homeowners, gardeners, and boat owners.\",\"breadcrumb\":{\"@id\":\"https:\/\/hondapowertools.com\/en_au\/product\/wx15\/#breadcrumb\"},\"inLanguage\":\"fr-FR\",\"potentialAction\":[{\"@type\":\"ReadAction\",\"target\":[\"https:\/\/hondapowertools.com\/en_au\/product\/wx15\/\"]}]},{\"@type\":\"ImageObject\",\"inLanguage\":\"fr-FR\",\"@id\":\"https:\/\/hondapowertools.com\/en_au\/product\/wx15\/#primaryimage\",\"url\":\"https:\/\/hondapowertools.com\/wp-content\/uploads\/2025\/02\/wx15t_left.jpg\",\"contentUrl\":\"https:\/\/hondapowertools.com\/wp-content\/uploads\/2025\/02\/wx15t_left.jpg\",\"width\":600,\"height\":600,\"caption\":\"wx15 honda pump\"},{\"@type\":\"BreadcrumbList\",\"@id\":\"https:\/\/hondapowertools.com\/en_au\/product\/wx15\/#breadcrumb\",\"itemListElement\":[{\"@type\":\"ListItem\",\"position\":1,\"name\":\"Home\",\"item\":\"https:\/\/hondapowertools.com\/\"},{\"@type\":\"ListItem\",\"position\":2,\"name\":\"Shop\",\"item\":\"https:\/\/hondapowertools.com\/?page_id=10\"},{\"@type\":\"ListItem\",\"position\":3,\"name\":\"WX15\"}]},{\"@type\":\"WebSite\",\"@id\":\"https:\/\/hondapowertools.com\/#website\",\"url\":\"https:\/\/hondapowertools.com\/\",\"name\":\"HONDA POWER EQUIPMENTS\",\"description\":\"Honda Power Equipment\",\"publisher\":{\"@id\":\"https:\/\/hondapowertools.com\/#organization\"},\"potentialAction\":[{\"@type\":\"SearchAction\",\"target\":{\"@type\":\"EntryPoint\",\"urlTemplate\":\"https:\/\/hondapowertools.com\/?s={search_term_string}\"},\"query-input\":{\"@type\":\"PropertyValueSpecification\",\"valueRequired\":true,\"valueName\":\"search_term_string\"}}],\"inLanguage\":\"fr-FR\"},{\"@type\":\"Organization\",\"@id\":\"https:\/\/hondapowertools.com\/#organization\",\"name\":\"HONDA POWER TOOLS\",\"alternateName\":\"HONDA POWER EQUIPMENT\",\"url\":\"https:\/\/hondapowertools.com\/\",\"logo\":{\"@type\":\"ImageObject\",\"inLanguage\":\"fr-FR\",\"@id\":\"https:\/\/hondapowertools.com\/#\/schema\/logo\/image\/\",\"url\":\"https:\/\/hondapowertools.com\/wp-content\/uploads\/2025\/02\/cropped-honda-power-equipment-logo.png\",\"contentUrl\":\"https:\/\/hondapowertools.com\/wp-content\/uploads\/2025\/02\/cropped-honda-power-equipment-logo.png\",\"width\":290,\"height\":70,\"caption\":\"HONDA POWER TOOLS\"},\"image\":{\"@id\":\"https:\/\/hondapowertools.com\/#\/schema\/logo\/image\/\"}}]}<\/script>\n<!-- \/ Yoast SEO Premium plugin. -->","yoast_head_json":{"title":"WX15 - HONDA POWER EQUIPMENT","description":"Honda's lightweight WX15 water pump is compact and easy to carry. This small, portable 1.5-inch pump is ideal for homeowners, gardeners, and boat owners.","robots":{"index":"index","follow":"follow","max-snippet":"max-snippet:-1","max-image-preview":"max-image-preview:large","max-video-preview":"max-video-preview:-1"},"canonical":"https:\/\/hondapowertools.com\/fr\/produit\/wx15\/","og_locale":"fr_FR","og_type":"article","og_title":"WX15","og_description":"Honda's lightweight WX15 water pump is compact and easy to carry. This small, portable 1.5-inch pump is ideal for homeowners, gardeners, and boat owners.","og_url":"https:\/\/hondapowertools.com\/fr\/produit\/wx15\/","og_site_name":"HONDA POWER EQUIPMENT","article_modified_time":"2025-11-26T21:18:34+00:00","og_image":[{"width":600,"height":600,"url":"https:\/\/hondapowertools.com\/wp-content\/uploads\/2025\/02\/wx15t_left.jpg","type":"image\/jpeg"}],"twitter_card":"summary_large_image","twitter_misc":{"Dur\u00e9e de lecture estim\u00e9e":"2 minutes"},"schema":{"@context":"https:\/\/schema.org","@graph":[{"@type":"WebPage","@id":"https:\/\/hondapowertools.com\/en_au\/product\/wx15\/","url":"https:\/\/hondapowertools.com\/en_au\/product\/wx15\/","name":"WX15 - HONDA POWER EQUIPMENT","isPartOf":{"@id":"https:\/\/hondapowertools.com\/#website"},"primaryImageOfPage":{"@id":"https:\/\/hondapowertools.com\/en_au\/product\/wx15\/#primaryimage"},"image":{"@id":"https:\/\/hondapowertools.com\/en_au\/product\/wx15\/#primaryimage"},"thumbnailUrl":"https:\/\/hondapowertools.com\/wp-content\/uploads\/2025\/02\/wx15t_left.jpg","datePublished":"2025-02-11T07:40:41+00:00","dateModified":"2025-11-26T21:18:34+00:00","description":"Honda's lightweight WX15 water pump is compact and easy to carry. This small, portable 1.5-inch pump is ideal for homeowners, gardeners, and boat owners.","breadcrumb":{"@id":"https:\/\/hondapowertools.com\/en_au\/product\/wx15\/#breadcrumb"},"inLanguage":"fr-FR","potentialAction":[{"@type":"ReadAction","target":["https:\/\/hondapowertools.com\/en_au\/product\/wx15\/"]}]},{"@type":"ImageObject","inLanguage":"fr-FR","@id":"https:\/\/hondapowertools.com\/en_au\/product\/wx15\/#primaryimage","url":"https:\/\/hondapowertools.com\/wp-content\/uploads\/2025\/02\/wx15t_left.jpg","contentUrl":"https:\/\/hondapowertools.com\/wp-content\/uploads\/2025\/02\/wx15t_left.jpg","width":600,"height":600,"caption":"wx15 honda pump"},{"@type":"BreadcrumbList","@id":"https:\/\/hondapowertools.com\/en_au\/product\/wx15\/#breadcrumb","itemListElement":[{"@type":"ListItem","position":1,"name":"Home","item":"https:\/\/hondapowertools.com\/"},{"@type":"ListItem","position":2,"name":"Shop","item":"https:\/\/hondapowertools.com\/?page_id=10"},{"@type":"ListItem","position":3,"name":"WX15"}]},{"@type":"WebSite","@id":"https:\/\/hondapowertools.com\/#website","url":"https:\/\/hondapowertools.com\/","name":"HONDA POWER EQUIPMENTS","description":"Honda Power Equipment","publisher":{"@id":"https:\/\/hondapowertools.com\/#organization"},"potentialAction":[{"@type":"SearchAction","target":{"@type":"EntryPoint","urlTemplate":"https:\/\/hondapowertools.com\/?s={search_term_string}"},"query-input":{"@type":"PropertyValueSpecification","valueRequired":true,"valueName":"search_term_string"}}],"inLanguage":"fr-FR"},{"@type":"Organization","@id":"https:\/\/hondapowertools.com\/#organization","name":"HONDA POWER TOOLS","alternateName":"HONDA POWER EQUIPMENT","url":"https:\/\/hondapowertools.com\/","logo":{"@type":"ImageObject","inLanguage":"fr-FR","@id":"https:\/\/hondapowertools.com\/#\/schema\/logo\/image\/","url":"https:\/\/hondapowertools.com\/wp-content\/uploads\/2025\/02\/cropped-honda-power-equipment-logo.png","contentUrl":"https:\/\/hondapowertools.com\/wp-content\/uploads\/2025\/02\/cropped-honda-power-equipment-logo.png","width":290,"height":70,"caption":"HONDA POWER TOOLS"},"image":{"@id":"https:\/\/hondapowertools.com\/#\/schema\/logo\/image\/"}}]}},"_links":{"self":[{"href":"https:\/\/hondapowertools.com\/fr\/wp-json\/wp\/v2\/product\/690","targetHints":{"allow":["GET"]}}],"collection":[{"href":"https:\/\/hondapowertools.com\/fr\/wp-json\/wp\/v2\/product"}],"about":[{"href":"https:\/\/hondapowertools.com\/fr\/wp-json\/wp\/v2\/types\/product"}],"replies":[{"embeddable":true,"href":"https:\/\/hondapowertools.com\/fr\/wp-json\/wp\/v2\/comments?post=690"}],"wp:featuredmedia":[{"embeddable":true,"href":"https:\/\/hondapowertools.com\/fr\/wp-json\/wp\/v2\/media\/691"}],"wp:attachment":[{"href":"https:\/\/hondapowertools.com\/fr\/wp-json\/wp\/v2\/media?parent=690"}],"wp:term":[{"taxonomy":"product_brand","embeddable":true,"href":"https:\/\/hondapowertools.com\/fr\/wp-json\/wp\/v2\/product_brand?post=690"},{"taxonomy":"product_cat","embeddable":true,"href":"https:\/\/hondapowertools.com\/fr\/wp-json\/wp\/v2\/product_cat?post=690"},{"taxonomy":"product_tag","embeddable":true,"href":"https:\/\/hondapowertools.com\/fr\/wp-json\/wp\/v2\/product_tag?post=690"}],"curies":[{"name":"wp","href":"https:\/\/api.w.org\/{rel}","templated":true}]}}