{"id":694,"date":"2025-02-11T07:52:03","date_gmt":"2025-02-11T07:52:03","guid":{"rendered":"https:\/\/hondapowertools.com\/?post_type=product&#038;p=694"},"modified":"2025-02-11T07:52:04","modified_gmt":"2025-02-11T07:52:04","slug":"wb20","status":"publish","type":"product","link":"https:\/\/hondapowertools.com\/fr\/produit\/wb20\/","title":{"rendered":"WB20"},"content":{"rendered":"<div id=\"Features\" class=\"anchor2 container g-py-0\">\n<div class=\"row\">\n<h2>Pompe \u00e0 eau Honda Wb20<\/h2>\n<p>La pompe \u00e0 eau Honda WB20 convient \u00e0 la lutte contre les inondations, \u00e0 la construction l\u00e9g\u00e8re, \u00e0 la vidange des piscines, \u00e0 l'ass\u00e8chement, etc. La pompe centrifuge WB20 de 2 pouces est durable et fiable.<\/p>\n<div><\/div>\n<div class=\"col-lg-2 featimg text-center g-pa-10 g-mb-0 g-font-weight-600\"><img decoding=\"async\" class=\"img-fluid\" src=\"https:\/\/services.powerequipment.honda.com\/content\/images\/pe\/models\/features\/thumbs\/gx120.jpg\" alt=\"Easy starting Honda OHV commercial engine\" \/><\/div>\n<div class=\"col-lg-4 g-pa-10 g-mb-0\"><span class=\"g-color-black g-font-weight-700\">Moteur commercial Honda OHV \u00e0 d\u00e9marrage facile<\/span>Le moteur Honda GX de qualit\u00e9 commerciale est facile \u00e0 d\u00e9marrer et fournit une puissance suffisante pour les conditions les plus difficiles.<\/p>\n<\/div>\n<div class=\"col-lg-2 featimg text-center g-pa-10 g-mb-0 g-font-weight-600\"><img decoding=\"async\" class=\"img-fluid\" src=\"https:\/\/services.powerequipment.honda.com\/content\/images\/pe\/models\/features\/thumbs\/pump-seals.jpg\" alt=\"Durable silicon carbide mechanical seal\" \/><\/div>\n<div class=\"col-lg-4 g-pa-10 g-mb-0\"><span class=\"g-color-black g-font-weight-700\">Garniture m\u00e9canique durable en carbure de silicium<\/span>Le WB20 est \u00e9quip\u00e9 de joints en carbure de silicone r\u00e9sistants \u00e0 l'abrasion pour une usure prolong\u00e9e.<\/p>\n<\/div>\n<div class=\"col-lg-2 featimg text-center g-pa-10 g-mb-0 g-font-weight-600\"><img decoding=\"async\" class=\"img-fluid\" src=\"https:\/\/services.powerequipment.honda.com\/content\/images\/pe\/models\/features\/thumbs\/wb-impeller.jpg\" alt=\"4 vane high efficiency impeller\" \/><\/div>\n<div class=\"col-lg-4 g-pa-10 g-mb-0\"><span class=\"g-color-black g-font-weight-700\">Roue \u00e0 4 palettes \u00e0 haut rendement<\/span>La roue \u00e0 4 palettes exclusive du WB20, con\u00e7ue par Honda, offre des performances am\u00e9lior\u00e9es et une grande efficacit\u00e9.<\/p>\n<\/div>\n<div class=\"col-lg-2 featimg text-center g-pa-10 g-mb-0 g-font-weight-600\"><img decoding=\"async\" class=\"img-fluid\" src=\"https:\/\/services.powerequipment.honda.com\/content\/images\/pe\/models\/features\/thumbs\/pump-volute.jpg\" alt=\"Cast iron volute\" \/><\/div>\n<div class=\"col-lg-4 g-pa-10 g-mb-0\"><span class=\"g-color-black g-font-weight-700\">Volute en fonte<\/span>La volute en fonte \u00e0 montage rigide r\u00e9duit l'usure du carter, augmentant ainsi la dur\u00e9e de vie de la pompe.<\/p>\n<\/div>\n<div class=\"col-lg-2 featimg text-center g-pa-10 g-mb-0 g-font-weight-600\"><img decoding=\"async\" class=\"img-fluid\" src=\"https:\/\/services.powerequipment.honda.com\/content\/images\/pe\/models\/features\/thumbs\/wb-full-frame.jpg\" alt=\"Heavy duty full frame protection\" \/><\/div>\n<div class=\"col-lg-4 g-pa-10 g-mb-0\"><span class=\"g-color-black g-font-weight-700\">Protection robuste de l'ensemble du cadre<\/span>Prot\u00e8ge la pompe tout en offrant un point d'attache pratique pour le transport.<\/p>\n<\/div>\n<div class=\"col-lg-2 featimg text-center g-pa-10 g-mb-0 g-font-weight-600\"><img decoding=\"async\" class=\"img-fluid\" src=\"https:\/\/services.powerequipment.honda.com\/content\/images\/pe\/models\/features\/thumbs\/pump-isolation-mounts.jpg\" alt=\"Isolation mounted engine and pump\" \/><\/div>\n<div class=\"col-lg-4 g-pa-10 g-mb-0\"><span class=\"g-color-black g-font-weight-700\">Moteur et pompe mont\u00e9s sur silentblocs<\/span>Les supports haute performance minimisent les vibrations, emp\u00eachant la pompe de \"marcher\".<sup>&#8220;<\/sup>\u00a0ou \"enterrer<sup>&#8220;<\/sup>\u00a0dans des conditions de sol mou. La r\u00e9duction des vibrations diminue \u00e9galement l'usure des composants, ce qui accro\u00eet la durabilit\u00e9 de la pompe.<\/p>\n<\/div>\n<div class=\"col-lg-2 featimg text-center g-pa-10 g-mb-0 g-font-weight-600\"><img decoding=\"async\" class=\"img-fluid\" style=\"box-sizing: border-box; vertical-align: middle; border-style: none; max-width: 100%; height: auto;\" src=\"https:\/\/services.powerequipment.honda.com\/content\/images\/pe\/models\/features\/thumbs\/oil-alert.jpg\" alt=\"Protected by Honda Oil Alert&lt;sup&gt;&amp;reg;&lt;\/sup&gt;\" \/><\/div>\n<div class=\"col-lg-4 g-pa-10 g-mb-0\"><span class=\"g-color-black g-font-weight-700\">Prot\u00e9g\u00e9 par le syst\u00e8me Honda Oil Alert<sup>\u00ae<\/sup><\/span>Prot\u00e8ge la pompe en arr\u00eatant le moteur lorsqu'un manque d'huile est d\u00e9tect\u00e9.<\/p>\n<\/div>\n<div class=\"col-lg-2 featimg text-center g-pa-10 g-mb-0 g-font-weight-600\"><img decoding=\"async\" class=\"img-fluid\" src=\"https:\/\/services.powerequipment.honda.com\/content\/images\/pe\/models\/features\/thumbs\/pump-strainer.jpg\" alt=\"Large strainer\" \/><\/div>\n<div class=\"col-lg-4 g-pa-10 g-mb-0\"><span class=\"g-color-black g-font-weight-700\">Grand tamis<\/span>La cr\u00e9pine permet le passage de solides jusqu'\u00e0 8 mm (5\/16 in.), ce qui contribue \u00e0 \u00e9viter le colmatage.<\/p>\n<\/div>\n<\/div>\n<\/div>\n<div id=\"Specs\" class=\"anchor2 container g-py-0\">\n<div class=\"col-lg-12 g-pa-0\">\n<div class=\"u-heading-v3-1 g-bg-main g-brd-main u-heading-v3-1 g-bg-main g-brd-main g-my-30 col-lg-12 g-pa-0\">\n<h2 class=\"h3 u-heading-v3__title\">Sp\u00e9cifications<\/h2>\n<\/div>\n<div class=\"g-pt-30 container\">\n<div class=\"col-lg-12 g-pa-0\">\n<div class=\"col-lg-12 g-brd-bottom g-brd-gray-light-v4 g-pt-0 g-pb-20 g-mb-0\"><span class=\"g-font-weight-600\">Moteur<\/span><span class=\"pull-right w-50\">GX120<\/span><\/div>\n<\/div>\n<\/div>\n<div class=\"g-pt-30 container\">\n<div class=\"col-lg-12 g-pa-0\">\n<div class=\"col-lg-12 g-brd-bottom g-brd-gray-light-v4 g-pt-0 g-pb-20 g-mb-0\"><span class=\"g-font-weight-600\">D\u00e9placement<\/span><span class=\"pull-right w-50\">118cc<\/span><\/div>\n<\/div>\n<\/div>\n<div class=\"g-pt-30 container\">\n<div class=\"col-lg-12 g-pa-0\">\n<div class=\"col-lg-12 g-brd-bottom g-brd-gray-light-v4 g-pt-0 g-pb-20 g-mb-0\"><span class=\"g-font-weight-600\">Al\u00e9sage et course<\/span><span class=\"pull-right w-50\">2.4\u2033 x 1.7\u2033<\/span><\/div>\n<\/div>\n<\/div>\n<div class=\"g-pt-30 container\">\n<div class=\"col-lg-12 g-pa-0\">\n<div class=\"col-lg-12 g-brd-bottom g-brd-gray-light-v4 g-pt-0 g-pb-20 g-mb-0\"><span class=\"g-font-weight-600\">Taux de compression<\/span><span class=\"pull-right w-50\">8.5:1<\/span><\/div>\n<\/div>\n<\/div>\n<div class=\"g-pt-30 container\">\n<div class=\"col-lg-12 g-pa-0\">\n<div class=\"col-lg-12 g-brd-bottom g-brd-gray-light-v4 g-pt-0 g-pb-20 g-mb-0\"><span class=\"g-font-weight-600\">Alerte p\u00e9troli\u00e8re<\/span><span class=\"pull-right w-50\">Std<\/span><\/div>\n<\/div>\n<\/div>\n<div class=\"g-pt-30 container\">\n<div class=\"col-lg-12 g-pa-0\">\n<div class=\"col-lg-12 g-brd-bottom g-brd-gray-light-v4 g-pt-0 g-pb-20 g-mb-0\"><span class=\"g-font-weight-600\">Type de pompe<\/span><span class=\"pull-right w-50\">Centrifuge, auto-amor\u00e7ant<\/span><\/div>\n<\/div>\n<\/div>\n<div class=\"g-pt-30 container\">\n<div class=\"col-lg-12 g-pa-0\">\n<div class=\"col-lg-12 g-brd-bottom g-brd-gray-light-v4 g-pt-0 g-pb-20 g-mb-0\"><span class=\"g-font-weight-600\">Volute<\/span><span class=\"pull-right w-50\">Fonte mont\u00e9e rigide<\/span><\/div>\n<\/div>\n<\/div>\n<div class=\"g-pt-30 container\">\n<div class=\"col-lg-12 g-pa-0\">\n<div class=\"col-lg-12 g-brd-bottom g-brd-gray-light-v4 g-pt-0 g-pb-20 g-mb-0\"><span class=\"g-font-weight-600\">Roue<\/span><span class=\"pull-right w-50\">4 palettes en fonte<\/span><\/div>\n<\/div>\n<\/div>\n<div class=\"g-pt-30 container\">\n<div class=\"col-lg-12 g-pa-0\">\n<div class=\"col-lg-12 g-brd-bottom g-brd-gray-light-v4 g-pt-0 g-pb-20 g-mb-0\"><span class=\"g-font-weight-600\">Garniture m\u00e9canique (corps de pompe\/turbine)<\/span><span class=\"pull-right w-50\">Carbure de silicium\/Carbure de silicium<\/span><\/div>\n<\/div>\n<\/div>\n<div class=\"g-pt-30 container\">\n<div class=\"col-lg-12 g-pa-0\">\n<div class=\"col-lg-12 g-brd-bottom g-brd-gray-light-v4 g-pt-0 g-pb-20 g-mb-0\"><span class=\"g-font-weight-600\">Temps d'amor\u00e7age<\/span><span class=\"pull-right w-50\">110 sec @ 16.4 ft.<\/span><\/div>\n<\/div>\n<\/div>\n<div class=\"g-pt-30 container\">\n<div class=\"col-lg-12 g-pa-0\">\n<div class=\"col-lg-12 g-brd-bottom g-brd-gray-light-v4 g-pt-0 g-pb-20 g-mb-0\"><span class=\"g-font-weight-600\">Syst\u00e8me d'entra\u00eenement direct<\/span><\/div>\n<\/div>\n<\/div>\n<div class=\"g-pt-30 container\">\n<div class=\"col-lg-12 g-pa-0\">\n<div class=\"col-lg-12 g-brd-bottom g-brd-gray-light-v4 g-pt-0 g-pb-20 g-mb-0\"><span class=\"g-font-weight-600\">Capacit\u00e9 de d\u00e9charge<\/span><span class=\"pull-right w-50\">164 gal\/min<\/span><\/div>\n<\/div>\n<\/div>\n<div class=\"g-pt-30 container\">\n<div class=\"col-lg-12 g-pa-0\">\n<div class=\"col-lg-12 g-brd-bottom g-brd-gray-light-v4 g-pt-0 g-pb-20 g-mb-0\"><span class=\"g-font-weight-600\">Diam\u00e8tre de l'orifice d'aspiration<\/span><span class=\"pull-right w-50\">2\u2033 NPT<\/span><\/div>\n<\/div>\n<\/div>\n<div class=\"g-pt-30 container\">\n<div class=\"col-lg-12 g-pa-0\">\n<div class=\"col-lg-12 g-brd-bottom g-brd-gray-light-v4 g-pt-0 g-pb-20 g-mb-0\"><span class=\"g-font-weight-600\">Diam\u00e8tre de l'orifice de d\u00e9charge<\/span><span class=\"pull-right w-50\">2\u2033 NPT<\/span><\/div>\n<\/div>\n<\/div>\n<div class=\"g-pt-30 container\">\n<div class=\"col-lg-12 g-pa-0\">\n<div class=\"col-lg-12 g-brd-bottom g-brd-gray-light-v4 g-pt-0 g-pb-20 g-mb-0\"><span class=\"g-font-weight-600\">Levage total de la t\u00eate<\/span><span class=\"pull-right w-50\">105 ft.<\/span><\/div>\n<\/div>\n<\/div>\n<div class=\"g-pt-30 container\">\n<div class=\"col-lg-12 g-pa-0\">\n<div class=\"col-lg-12 g-brd-bottom g-brd-gray-light-v4 g-pt-0 g-pb-20 g-mb-0\"><span class=\"g-font-weight-600\">La t\u00eate d'aspiration soul\u00e8ve <\/span><span class=\"pull-right w-50\">25 ft.<\/span><\/div>\n<\/div>\n<\/div>\n<div class=\"g-pt-30 container\">\n<div class=\"col-lg-12 g-pa-0\">\n<div class=\"col-lg-12 g-brd-bottom g-brd-gray-light-v4 g-pt-0 g-pb-20 g-mb-0\"><span class=\"g-font-weight-600\">Pression maximale<\/span><span class=\"pull-right w-50\">45 psi<\/span><\/div>\n<\/div>\n<\/div>\n<div class=\"g-pt-30 container\">\n<div class=\"col-lg-12 g-pa-0\">\n<div class=\"col-lg-12 g-brd-bottom g-brd-gray-light-v4 g-pt-0 g-pb-20 g-mb-0\"><span class=\"g-font-weight-600\">Traitement des solides<\/span><span class=\"pull-right w-50\">N\/A<\/span><\/div>\n<\/div>\n<\/div>\n<div class=\"g-pt-30 container\">\n<div class=\"col-lg-12 g-pa-0\">\n<div class=\"col-lg-12 g-brd-bottom g-brd-gray-light-v4 g-pt-0 g-pb-20 g-mb-0\"><span class=\"g-font-weight-600\">Dimensions (LxLxH)<\/span><span class=\"pull-right w-50\">19.3\u2033 x 14.4\u2033 x 16.5\u2033<\/span><\/div>\n<\/div>\n<\/div>\n<div class=\"g-pt-30 container\">\n<div class=\"col-lg-12 g-pa-0\">\n<div class=\"col-lg-12 g-brd-bottom g-brd-gray-light-v4 g-pt-0 g-pb-20 g-mb-0\"><span class=\"g-font-weight-600\">Poids \u00e0 sec 44<\/span><span class=\"pull-right w-50\">\u00a0lb.<\/span><\/div>\n<\/div>\n<\/div>\n<div class=\"g-pt-30 container\">\n<div class=\"col-lg-12 g-pa-0\">\n<div class=\"col-lg-12 g-brd-bottom g-brd-gray-light-v4 g-pt-0 g-pb-20 g-mb-0\"><span class=\"g-font-weight-600\">Capacit\u00e9 en carburant<\/span><span class=\"pull-right w-50\">0.53 gal<\/span><\/div>\n<\/div>\n<\/div>\n<div class=\"g-pt-30 container\">\n<div class=\"col-lg-12 g-pa-0\">\n<div class=\"col-lg-12 g-brd-bottom g-brd-gray-light-v4 g-pt-0 g-pb-20 g-mb-0\"><span class=\"g-font-weight-600\">Dur\u00e9e de fonctionnement \u00e0 la d\u00e9charge maximale<\/span><span class=\"pull-right w-50\">1,7 heure<\/span><\/div>\n<\/div>\n<\/div>\n<div class=\"g-pt-30 container\">\n<div class=\"col-lg-12 g-pa-0\">\n<div class=\"col-lg-12 g-brd-bottom g-brd-gray-light-v4 g-pt-0 g-pb-20 g-mb-0\"><span class=\"g-font-weight-600\">Filtre Partie #<\/span><span class=\"pull-right w-50\">78325-YG3-000<\/span><\/div>\n<\/div>\n<\/div>\n<div class=\"g-pt-30 container\">\n<div class=\"col-lg-12 g-pa-0\">\n<div class=\"col-lg-12 g-brd-bottom g-brd-gray-light-v4 g-pt-0 g-pb-20 g-mb-0\"><span class=\"g-font-weight-600\">Garantie r\u00e9sidentielle<\/span><span class=\"pull-right w-50\">24 mois<\/span><\/div>\n<\/div>\n<\/div>\n<div class=\"g-pt-30 container\">\n<div class=\"col-lg-12 g-pa-0\">\n<div class=\"col-lg-12 g-brd-bottom g-brd-gray-light-v4 g-pt-0 g-pb-20 g-mb-0\"><span class=\"g-font-weight-600\">Garantie commerciale<\/span><span class=\"pull-right w-50\">12 mois<\/span><\/div>\n<\/div>\n<\/div>\n<div class=\"col-lg-12 g-brd-bottom g-brd-gray-light-v4 g-py-20 g-mb-0 g-font-weight-600\">AVERTISSEMENT : California Prop 65 Information<\/div>\n<\/div>\n<\/div>\n<div id=\"Performance\" class=\"anchor2 container g-py-0\">\n<div class=\"col-lg-12  g-pa-0\">\n<div class=\"u-heading-v3-1 g-bg-main g-brd-main u-heading-v3-1 g-bg-main g-brd-main g-my-30 col-lg-12 g-pa-0\">\n<h2 class=\"h3 u-heading-v3__title\">Performance de la pompe<\/h2>\n<\/div>\n<div class=\"g-pt-30 container\">\n<div class=\"row justify-content-center\">\n<div class=\"col-lg-6 g-pa-0\">\n<div class=\"col-lg-12 g-brd-bottom g-brd-gray-light-v4 g-pt-0 g-pb-20 g-mb-0\"><img decoding=\"async\" class=\"img-fluid\" src=\"https:\/\/services.powerequipment.honda.com\/content\/images\/pe\/models\/curves\/wb20-curve.gif\" alt=\"WB20 Pump Performance\" \/><\/div>\n<\/div>\n<\/div>\n<\/div>\n<\/div>\n<\/div>","protected":false},"excerpt":{"rendered":"<ul class=\"g-ml-0 g-pl-20\">\n<li>Capacit\u00e9 de 164 gal.\/min.<\/li>\n<li>Garniture m\u00e9canique durable en carbure de silicium<\/li>\n<li>Volute et roue en fonte<\/li>\n<\/ul>","protected":false},"featured_media":695,"comment_status":"open","ping_status":"closed","template":"","meta":[],"product_brand":[],"product_cat":[44],"product_tag":[169,168],"class_list":{"0":"post-694","1":"product","2":"type-product","3":"status-publish","4":"has-post-thumbnail","6":"product_cat-honda-pumps","7":"product_tag-honda-wb20","8":"product_tag-honda-wb20-water-pump-wb20xt4a","10":"first","11":"instock","12":"shipping-taxable","13":"purchasable","14":"product-type-simple"},"yoast_head":"<!-- This site is optimized with the Yoast SEO Premium plugin v26.2 (Yoast SEO v26.2) - https:\/\/yoast.com\/wordpress\/plugins\/seo\/ -->\n<title>WB20 - HONDA POWER EQUIPMENT<\/title>\n<meta name=\"description\" content=\"The Honda WB20 water pump is suited for flood control, light construction, pool draining, de-watering, &amp; more. The WB20 2-inch centrifugal pump is durable &amp; reliable.\" \/>\n<meta name=\"robots\" content=\"index, follow, max-snippet:-1, max-image-preview:large, max-video-preview:-1\" \/>\n<link rel=\"canonical\" href=\"https:\/\/hondapowertools.com\/fr\/tuote\/wb20\/\" \/>\n<meta property=\"og:locale\" content=\"fr_FR\" \/>\n<meta property=\"og:type\" content=\"article\" \/>\n<meta property=\"og:title\" content=\"WB20\" \/>\n<meta property=\"og:description\" content=\"The Honda WB20 water pump is suited for flood control, light construction, pool draining, de-watering, &amp; more. The WB20 2-inch centrifugal pump is durable &amp; reliable.\" \/>\n<meta property=\"og:url\" content=\"https:\/\/hondapowertools.com\/fr\/tuote\/wb20\/\" \/>\n<meta property=\"og:site_name\" content=\"HONDA POWER EQUIPMENT\" \/>\n<meta property=\"article:modified_time\" content=\"2025-02-11T07:52:04+00:00\" \/>\n<meta property=\"og:image\" content=\"https:\/\/hondapowertools.com\/wp-content\/uploads\/2025\/02\/wb20_pe_imglg.jpg\" \/>\n\t<meta property=\"og:image:width\" content=\"1124\" \/>\n\t<meta property=\"og:image:height\" content=\"1124\" \/>\n\t<meta property=\"og:image:type\" content=\"image\/jpeg\" \/>\n<meta name=\"twitter:card\" content=\"summary_large_image\" \/>\n<meta name=\"twitter:label1\" content=\"Dur\u00e9e de lecture estim\u00e9e\" \/>\n\t<meta name=\"twitter:data1\" content=\"4 minutes\" \/>\n<script type=\"application\/ld+json\" class=\"yoast-schema-graph\">{\"@context\":\"https:\/\/schema.org\",\"@graph\":[{\"@type\":\"WebPage\",\"@id\":\"https:\/\/hondapowertools.com\/fi\/tuote\/wb20\/\",\"url\":\"https:\/\/hondapowertools.com\/fi\/tuote\/wb20\/\",\"name\":\"WB20 - HONDA POWER EQUIPMENT\",\"isPartOf\":{\"@id\":\"https:\/\/hondapowertools.com\/#website\"},\"primaryImageOfPage\":{\"@id\":\"https:\/\/hondapowertools.com\/fi\/tuote\/wb20\/#primaryimage\"},\"image\":{\"@id\":\"https:\/\/hondapowertools.com\/fi\/tuote\/wb20\/#primaryimage\"},\"thumbnailUrl\":\"https:\/\/hondapowertools.com\/wp-content\/uploads\/2025\/02\/wb20_pe_imglg.jpg\",\"datePublished\":\"2025-02-11T07:52:03+00:00\",\"dateModified\":\"2025-02-11T07:52:04+00:00\",\"description\":\"The Honda WB20 water pump is suited for flood control, light construction, pool draining, de-watering, & more. The WB20 2-inch centrifugal pump is durable & reliable.\",\"breadcrumb\":{\"@id\":\"https:\/\/hondapowertools.com\/fi\/tuote\/wb20\/#breadcrumb\"},\"inLanguage\":\"fr-FR\",\"potentialAction\":[{\"@type\":\"ReadAction\",\"target\":[\"https:\/\/hondapowertools.com\/fi\/tuote\/wb20\/\"]}]},{\"@type\":\"ImageObject\",\"inLanguage\":\"fr-FR\",\"@id\":\"https:\/\/hondapowertools.com\/fi\/tuote\/wb20\/#primaryimage\",\"url\":\"https:\/\/hondapowertools.com\/wp-content\/uploads\/2025\/02\/wb20_pe_imglg.jpg\",\"contentUrl\":\"https:\/\/hondapowertools.com\/wp-content\/uploads\/2025\/02\/wb20_pe_imglg.jpg\",\"width\":1124,\"height\":1124,\"caption\":\"Honda Wb20 water pump\"},{\"@type\":\"BreadcrumbList\",\"@id\":\"https:\/\/hondapowertools.com\/fi\/tuote\/wb20\/#breadcrumb\",\"itemListElement\":[{\"@type\":\"ListItem\",\"position\":1,\"name\":\"Home\",\"item\":\"https:\/\/hondapowertools.com\/\"},{\"@type\":\"ListItem\",\"position\":2,\"name\":\"Shop\",\"item\":\"https:\/\/hondapowertools.com\/?page_id=10\"},{\"@type\":\"ListItem\",\"position\":3,\"name\":\"WB20\"}]},{\"@type\":\"WebSite\",\"@id\":\"https:\/\/hondapowertools.com\/#website\",\"url\":\"https:\/\/hondapowertools.com\/\",\"name\":\"HONDA POWER EQUIPMENTS\",\"description\":\"Honda Power Equipment\",\"publisher\":{\"@id\":\"https:\/\/hondapowertools.com\/#organization\"},\"potentialAction\":[{\"@type\":\"SearchAction\",\"target\":{\"@type\":\"EntryPoint\",\"urlTemplate\":\"https:\/\/hondapowertools.com\/?s={search_term_string}\"},\"query-input\":{\"@type\":\"PropertyValueSpecification\",\"valueRequired\":true,\"valueName\":\"search_term_string\"}}],\"inLanguage\":\"fr-FR\"},{\"@type\":\"Organization\",\"@id\":\"https:\/\/hondapowertools.com\/#organization\",\"name\":\"HONDA POWER TOOLS\",\"alternateName\":\"HONDA POWER EQUIPMENT\",\"url\":\"https:\/\/hondapowertools.com\/\",\"logo\":{\"@type\":\"ImageObject\",\"inLanguage\":\"fr-FR\",\"@id\":\"https:\/\/hondapowertools.com\/#\/schema\/logo\/image\/\",\"url\":\"https:\/\/hondapowertools.com\/wp-content\/uploads\/2025\/02\/cropped-honda-power-equipment-logo.png\",\"contentUrl\":\"https:\/\/hondapowertools.com\/wp-content\/uploads\/2025\/02\/cropped-honda-power-equipment-logo.png\",\"width\":290,\"height\":70,\"caption\":\"HONDA POWER TOOLS\"},\"image\":{\"@id\":\"https:\/\/hondapowertools.com\/#\/schema\/logo\/image\/\"}}]}<\/script>\n<!-- \/ Yoast SEO Premium plugin. -->","yoast_head_json":{"title":"WB20 - HONDA POWER EQUIPMENT","description":"The Honda WB20 water pump is suited for flood control, light construction, pool draining, de-watering, & more. The WB20 2-inch centrifugal pump is durable & reliable.","robots":{"index":"index","follow":"follow","max-snippet":"max-snippet:-1","max-image-preview":"max-image-preview:large","max-video-preview":"max-video-preview:-1"},"canonical":"https:\/\/hondapowertools.com\/fr\/tuote\/wb20\/","og_locale":"fr_FR","og_type":"article","og_title":"WB20","og_description":"The Honda WB20 water pump is suited for flood control, light construction, pool draining, de-watering, & more. The WB20 2-inch centrifugal pump is durable & reliable.","og_url":"https:\/\/hondapowertools.com\/fr\/tuote\/wb20\/","og_site_name":"HONDA POWER EQUIPMENT","article_modified_time":"2025-02-11T07:52:04+00:00","og_image":[{"width":1124,"height":1124,"url":"https:\/\/hondapowertools.com\/wp-content\/uploads\/2025\/02\/wb20_pe_imglg.jpg","type":"image\/jpeg"}],"twitter_card":"summary_large_image","twitter_misc":{"Dur\u00e9e de lecture estim\u00e9e":"4 minutes"},"schema":{"@context":"https:\/\/schema.org","@graph":[{"@type":"WebPage","@id":"https:\/\/hondapowertools.com\/fi\/tuote\/wb20\/","url":"https:\/\/hondapowertools.com\/fi\/tuote\/wb20\/","name":"WB20 - HONDA POWER EQUIPMENT","isPartOf":{"@id":"https:\/\/hondapowertools.com\/#website"},"primaryImageOfPage":{"@id":"https:\/\/hondapowertools.com\/fi\/tuote\/wb20\/#primaryimage"},"image":{"@id":"https:\/\/hondapowertools.com\/fi\/tuote\/wb20\/#primaryimage"},"thumbnailUrl":"https:\/\/hondapowertools.com\/wp-content\/uploads\/2025\/02\/wb20_pe_imglg.jpg","datePublished":"2025-02-11T07:52:03+00:00","dateModified":"2025-02-11T07:52:04+00:00","description":"The Honda WB20 water pump is suited for flood control, light construction, pool draining, de-watering, & more. The WB20 2-inch centrifugal pump is durable & reliable.","breadcrumb":{"@id":"https:\/\/hondapowertools.com\/fi\/tuote\/wb20\/#breadcrumb"},"inLanguage":"fr-FR","potentialAction":[{"@type":"ReadAction","target":["https:\/\/hondapowertools.com\/fi\/tuote\/wb20\/"]}]},{"@type":"ImageObject","inLanguage":"fr-FR","@id":"https:\/\/hondapowertools.com\/fi\/tuote\/wb20\/#primaryimage","url":"https:\/\/hondapowertools.com\/wp-content\/uploads\/2025\/02\/wb20_pe_imglg.jpg","contentUrl":"https:\/\/hondapowertools.com\/wp-content\/uploads\/2025\/02\/wb20_pe_imglg.jpg","width":1124,"height":1124,"caption":"Honda Wb20 water pump"},{"@type":"BreadcrumbList","@id":"https:\/\/hondapowertools.com\/fi\/tuote\/wb20\/#breadcrumb","itemListElement":[{"@type":"ListItem","position":1,"name":"Home","item":"https:\/\/hondapowertools.com\/"},{"@type":"ListItem","position":2,"name":"Shop","item":"https:\/\/hondapowertools.com\/?page_id=10"},{"@type":"ListItem","position":3,"name":"WB20"}]},{"@type":"WebSite","@id":"https:\/\/hondapowertools.com\/#website","url":"https:\/\/hondapowertools.com\/","name":"HONDA POWER EQUIPMENTS","description":"Honda Power Equipment","publisher":{"@id":"https:\/\/hondapowertools.com\/#organization"},"potentialAction":[{"@type":"SearchAction","target":{"@type":"EntryPoint","urlTemplate":"https:\/\/hondapowertools.com\/?s={search_term_string}"},"query-input":{"@type":"PropertyValueSpecification","valueRequired":true,"valueName":"search_term_string"}}],"inLanguage":"fr-FR"},{"@type":"Organization","@id":"https:\/\/hondapowertools.com\/#organization","name":"HONDA POWER TOOLS","alternateName":"HONDA POWER EQUIPMENT","url":"https:\/\/hondapowertools.com\/","logo":{"@type":"ImageObject","inLanguage":"fr-FR","@id":"https:\/\/hondapowertools.com\/#\/schema\/logo\/image\/","url":"https:\/\/hondapowertools.com\/wp-content\/uploads\/2025\/02\/cropped-honda-power-equipment-logo.png","contentUrl":"https:\/\/hondapowertools.com\/wp-content\/uploads\/2025\/02\/cropped-honda-power-equipment-logo.png","width":290,"height":70,"caption":"HONDA POWER TOOLS"},"image":{"@id":"https:\/\/hondapowertools.com\/#\/schema\/logo\/image\/"}}]}},"_links":{"self":[{"href":"https:\/\/hondapowertools.com\/fr\/wp-json\/wp\/v2\/product\/694","targetHints":{"allow":["GET"]}}],"collection":[{"href":"https:\/\/hondapowertools.com\/fr\/wp-json\/wp\/v2\/product"}],"about":[{"href":"https:\/\/hondapowertools.com\/fr\/wp-json\/wp\/v2\/types\/product"}],"replies":[{"embeddable":true,"href":"https:\/\/hondapowertools.com\/fr\/wp-json\/wp\/v2\/comments?post=694"}],"wp:featuredmedia":[{"embeddable":true,"href":"https:\/\/hondapowertools.com\/fr\/wp-json\/wp\/v2\/media\/695"}],"wp:attachment":[{"href":"https:\/\/hondapowertools.com\/fr\/wp-json\/wp\/v2\/media?parent=694"}],"wp:term":[{"taxonomy":"product_brand","embeddable":true,"href":"https:\/\/hondapowertools.com\/fr\/wp-json\/wp\/v2\/product_brand?post=694"},{"taxonomy":"product_cat","embeddable":true,"href":"https:\/\/hondapowertools.com\/fr\/wp-json\/wp\/v2\/product_cat?post=694"},{"taxonomy":"product_tag","embeddable":true,"href":"https:\/\/hondapowertools.com\/fr\/wp-json\/wp\/v2\/product_tag?post=694"}],"curies":[{"name":"wp","href":"https:\/\/api.w.org\/{rel}","templated":true}]}}