{"id":701,"date":"2025-02-11T08:21:33","date_gmt":"2025-02-11T08:21:33","guid":{"rendered":"https:\/\/hondapowertools.com\/?post_type=product&#038;p=701"},"modified":"2025-02-11T08:21:34","modified_gmt":"2025-02-11T08:21:34","slug":"wh20","status":"publish","type":"product","link":"https:\/\/hondapowertools.com\/fr\/produit\/wh20\/","title":{"rendered":"WH20"},"content":{"rendered":"<div id=\"Features\" class=\"anchor2 container g-py-0\">\n<div class=\"row\">\n<h2><strong>WH20 honda pump<\/strong><\/h2>\n<p>The Honda WH20 water pump is a 2-inch high-pressure pump, ideal for use with sprinklers or nozzles, such as irrigation, or for pumping water over longer distances.<\/p>\n<div><\/div>\n<div class=\"col-lg-2 featimg text-center g-pa-10 g-mb-0 g-font-weight-600\"><img decoding=\"async\" class=\"img-fluid\" src=\"https:\/\/services.powerequipment.honda.com\/content\/images\/pe\/models\/features\/thumbs\/high-pressure-sprinkler.jpg\" alt=\"High pressure - ideal for sprinklers or nozzles\" \/><\/div>\n<div class=\"col-lg-4 g-pa-10 g-mb-0\"><span class=\"g-color-black g-font-weight-700\">High pressure &#8211; ideal for sprinklers or nozzles<\/span>With a maximum pressure of 64 psi, the WH20 is designed for a variety of applications requiring high pressure.<\/p>\n<\/div>\n<div class=\"col-lg-2 featimg text-center g-pa-10 g-mb-0 g-font-weight-600\"><img decoding=\"async\" class=\"img-fluid\" src=\"https:\/\/services.powerequipment.honda.com\/content\/images\/pe\/models\/features\/thumbs\/gx160.jpg\" alt=\"Easy starting Honda OHV commercial engine\" \/><\/div>\n<div class=\"col-lg-4 g-pa-10 g-mb-0\"><span class=\"g-color-black g-font-weight-700\">Moteur commercial Honda OHV \u00e0 d\u00e9marrage facile<\/span>Le moteur Honda GX de qualit\u00e9 commerciale est facile \u00e0 d\u00e9marrer et fournit une puissance suffisante pour les conditions les plus difficiles.<\/p>\n<\/div>\n<div class=\"col-lg-2 featimg text-center g-pa-10 g-mb-0 g-font-weight-600\"><\/div>\n<div class=\"col-lg-4 g-pa-10 g-mb-0\"><span class=\"g-color-black g-font-weight-700\">119 gal.\/min capacity<\/span>&nbsp;<\/p>\n<\/div>\n<div class=\"col-lg-2 featimg text-center g-pa-10 g-mb-0 g-font-weight-600\"><img decoding=\"async\" class=\"img-fluid\" src=\"https:\/\/services.powerequipment.honda.com\/content\/images\/pe\/models\/features\/thumbs\/pump-volute.jpg\" alt=\"Cast iron volute and impeller\" \/><\/div>\n<div class=\"col-lg-4 g-pa-10 g-mb-0\"><span class=\"g-color-black g-font-weight-700\">Volute et roue en fonte<\/span>La volute en fonte \u00e0 montage rigide r\u00e9duit l'usure du carter, augmentant ainsi la dur\u00e9e de vie de la pompe.<\/p>\n<\/div>\n<div class=\"col-lg-2 featimg text-center g-pa-10 g-mb-0 g-font-weight-600\"><\/div>\n<div class=\"col-lg-4 g-pa-10 g-mb-0\"><span class=\"g-color-black g-font-weight-700\">Protection robuste de l'ensemble du cadre<\/span>Prot\u00e8ge la pompe tout en offrant un point d'attache pratique pour le transport.<\/p>\n<\/div>\n<div class=\"col-lg-2 featimg text-center g-pa-10 g-mb-0 g-font-weight-600\"><\/div>\n<div class=\"col-lg-4 g-pa-10 g-mb-0\"><span class=\"g-color-black g-font-weight-700\">Lightweight aluminum case<\/span>&nbsp;<\/p>\n<\/div>\n<\/div>\n<\/div>\n<div id=\"Specs\" class=\"anchor2 container g-py-0\">\n<div class=\"col-lg-12 g-pa-0\">\n<div class=\"u-heading-v3-1 g-bg-main g-brd-main u-heading-v3-1 g-bg-main g-brd-main g-my-30 col-lg-12 g-pa-0\">\n<h2 class=\"h3 u-heading-v3__title\">Sp\u00e9cifications<\/h2>\n<\/div>\n<div class=\"g-pt-30 container\">\n<div class=\"col-lg-12 g-pa-0\">\n<div class=\"col-lg-12 g-brd-bottom g-brd-gray-light-v4 g-pt-0 g-pb-20 g-mb-0\"><span class=\"g-font-weight-600\">Moteur<\/span><span class=\"pull-right w-50\">GX160<\/span><\/div>\n<\/div>\n<\/div>\n<div class=\"g-pt-30 container\">\n<div class=\"col-lg-12 g-pa-0\">\n<div class=\"col-lg-12 g-brd-bottom g-brd-gray-light-v4 g-pt-0 g-pb-20 g-mb-0\"><span class=\"g-font-weight-600\">D\u00e9placement<\/span><span class=\"pull-right w-50\">163cc<\/span><\/div>\n<\/div>\n<\/div>\n<div class=\"g-pt-30 container\">\n<div class=\"col-lg-12 g-pa-0\">\n<div class=\"col-lg-12 g-brd-bottom g-brd-gray-light-v4 g-pt-0 g-pb-20 g-mb-0\"><span class=\"g-font-weight-600\">Al\u00e9sage et course<\/span><span class=\"pull-right w-50\">2.7&#8243; x 1.8&#8243;<\/span><\/div>\n<\/div>\n<\/div>\n<div class=\"g-pt-30 container\">\n<div class=\"col-lg-12 g-pa-0\">\n<div class=\"col-lg-12 g-brd-bottom g-brd-gray-light-v4 g-pt-0 g-pb-20 g-mb-0\"><span class=\"g-font-weight-600\">Taux de compression<\/span><span class=\"pull-right w-50\">9.0:1<\/span><\/div>\n<\/div>\n<\/div>\n<div class=\"g-pt-30 container\">\n<div class=\"col-lg-12 g-pa-0\">\n<div class=\"col-lg-12 g-brd-bottom g-brd-gray-light-v4 g-pt-0 g-pb-20 g-mb-0\"><span class=\"g-font-weight-600\">Alerte p\u00e9troli\u00e8re<\/span><span class=\"pull-right w-50\">N\/A<\/span><\/div>\n<\/div>\n<\/div>\n<div class=\"g-pt-30 container\">\n<div class=\"col-lg-12 g-pa-0\">\n<div class=\"col-lg-12 g-brd-bottom g-brd-gray-light-v4 g-pt-0 g-pb-20 g-mb-0\"><span class=\"g-font-weight-600\">Type de pompe<\/span><span class=\"pull-right w-50\">High Pressure, Centrifugal, Self-priming<\/span><\/div>\n<\/div>\n<\/div>\n<div class=\"g-pt-30 container\">\n<div class=\"col-lg-12 g-pa-0\">\n<div class=\"col-lg-12 g-brd-bottom g-brd-gray-light-v4 g-pt-0 g-pb-20 g-mb-0\"><span class=\"g-font-weight-600\">Volute<\/span><span class=\"pull-right w-50\">Fonte mont\u00e9e rigide<\/span><\/div>\n<\/div>\n<\/div>\n<div class=\"g-pt-30 container\">\n<div class=\"col-lg-12 g-pa-0\">\n<div class=\"col-lg-12 g-brd-bottom g-brd-gray-light-v4 g-pt-0 g-pb-20 g-mb-0\"><span class=\"g-font-weight-600\">Roue<\/span><span class=\"pull-right w-50\">Cast Iron<\/span><\/div>\n<\/div>\n<\/div>\n<div class=\"g-pt-30 container\">\n<div class=\"col-lg-12 g-pa-0\">\n<div class=\"col-lg-12 g-brd-bottom g-brd-gray-light-v4 g-pt-0 g-pb-20 g-mb-0\"><span class=\"g-font-weight-600\">Garniture m\u00e9canique (corps de pompe\/turbine)<\/span><span class=\"pull-right w-50\">Carbon\/Ceramic<\/span><\/div>\n<\/div>\n<\/div>\n<div class=\"g-pt-30 container\">\n<div class=\"col-lg-12 g-pa-0\">\n<div class=\"col-lg-12 g-brd-bottom g-brd-gray-light-v4 g-pt-0 g-pb-20 g-mb-0\"><span class=\"g-font-weight-600\">Temps d'amor\u00e7age<\/span><span class=\"pull-right w-50\">80 sec. at 16.4 ft.<\/span><\/div>\n<\/div>\n<\/div>\n<div class=\"g-pt-30 container\">\n<div class=\"col-lg-12 g-pa-0\">\n<div class=\"col-lg-12 g-brd-bottom g-brd-gray-light-v4 g-pt-0 g-pb-20 g-mb-0\"><span class=\"g-font-weight-600\">Syst\u00e8me d'entra\u00eenement direct<\/span><\/div>\n<\/div>\n<\/div>\n<div class=\"g-pt-30 container\">\n<div class=\"col-lg-12 g-pa-0\">\n<div class=\"col-lg-12 g-brd-bottom g-brd-gray-light-v4 g-pt-0 g-pb-20 g-mb-0\"><span class=\"g-font-weight-600\">Capacit\u00e9 de d\u00e9charge<\/span><span class=\"pull-right w-50\">119 gals.\/min.<\/span><\/div>\n<\/div>\n<\/div>\n<div class=\"g-pt-30 container\">\n<div class=\"col-lg-12 g-pa-0\">\n<div class=\"col-lg-12 g-brd-bottom g-brd-gray-light-v4 g-pt-0 g-pb-20 g-mb-0\"><span class=\"g-font-weight-600\">Diam\u00e8tre de l'orifice d'aspiration<\/span><span class=\"pull-right w-50\">2\u2033 NPT<\/span><\/div>\n<\/div>\n<\/div>\n<div class=\"g-pt-30 container\">\n<div class=\"col-lg-12 g-pa-0\">\n<div class=\"col-lg-12 g-brd-bottom g-brd-gray-light-v4 g-pt-0 g-pb-20 g-mb-0\"><span class=\"g-font-weight-600\">Diam\u00e8tre de l'orifice de d\u00e9charge<\/span><span class=\"pull-right w-50\">2\u2033 NPT<\/span><\/div>\n<\/div>\n<\/div>\n<div class=\"g-pt-30 container\">\n<div class=\"col-lg-12 g-pa-0\">\n<div class=\"col-lg-12 g-brd-bottom g-brd-gray-light-v4 g-pt-0 g-pb-20 g-mb-0\"><span class=\"g-font-weight-600\">Levage total de la t\u00eate<\/span><span class=\"pull-right w-50\">148 ft.<\/span><\/div>\n<\/div>\n<\/div>\n<div class=\"g-pt-30 container\">\n<div class=\"col-lg-12 g-pa-0\">\n<div class=\"col-lg-12 g-brd-bottom g-brd-gray-light-v4 g-pt-0 g-pb-20 g-mb-0\"><span class=\"g-font-weight-600\">Suction head lifts 26<\/span><span class=\"pull-right w-50\">\u00a0ft.<\/span><\/div>\n<\/div>\n<\/div>\n<div class=\"g-pt-30 container\">\n<div class=\"col-lg-12 g-pa-0\">\n<div class=\"col-lg-12 g-brd-bottom g-brd-gray-light-v4 g-pt-0 g-pb-20 g-mb-0\"><span class=\"g-font-weight-600\">Pression maximale<\/span><span class=\"pull-right w-50\">64 psi<\/span><\/div>\n<\/div>\n<\/div>\n<div class=\"g-pt-30 container\">\n<div class=\"col-lg-12 g-pa-0\">\n<div class=\"col-lg-12 g-brd-bottom g-brd-gray-light-v4 g-pt-0 g-pb-20 g-mb-0\"><span class=\"g-font-weight-600\">Traitement des solides<\/span><span class=\"pull-right w-50\">N\/A<\/span><\/div>\n<\/div>\n<\/div>\n<div class=\"g-pt-30 container\">\n<div class=\"col-lg-12 g-pa-0\">\n<div class=\"col-lg-12 g-brd-bottom g-brd-gray-light-v4 g-pt-0 g-pb-20 g-mb-0\"><span class=\"g-font-weight-600\">Dimensions (LxLxH)<\/span><span class=\"pull-right w-50\">20.5&#8243; x 15.7&#8243; x 18.1&#8243;<\/span><\/div>\n<\/div>\n<\/div>\n<div class=\"g-pt-30 container\">\n<div class=\"col-lg-12 g-pa-0\">\n<div class=\"col-lg-12 g-brd-bottom g-brd-gray-light-v4 g-pt-0 g-pb-20 g-mb-0\"><span class=\"g-font-weight-600\">Dry weight 60<\/span><span class=\"pull-right w-50\">\u00a0lb.<\/span><\/div>\n<\/div>\n<\/div>\n<div class=\"g-pt-30 container\">\n<div class=\"col-lg-12 g-pa-0\">\n<div class=\"col-lg-12 g-brd-bottom g-brd-gray-light-v4 g-pt-0 g-pb-20 g-mb-0\"><span class=\"g-font-weight-600\">Capacit\u00e9 en carburant<\/span><span class=\"pull-right w-50\">0.82 gal<\/span><\/div>\n<\/div>\n<\/div>\n<div class=\"g-pt-30 container\">\n<div class=\"col-lg-12 g-pa-0\">\n<div class=\"col-lg-12 g-brd-bottom g-brd-gray-light-v4 g-pt-0 g-pb-20 g-mb-0\"><span class=\"g-font-weight-600\">Dur\u00e9e de fonctionnement \u00e0 la d\u00e9charge maximale<\/span><span class=\"pull-right w-50\">1.5 hr<\/span><\/div>\n<\/div>\n<\/div>\n<div class=\"g-pt-30 container\">\n<div class=\"col-lg-12 g-pa-0\">\n<div class=\"col-lg-12 g-brd-bottom g-brd-gray-light-v4 g-pt-0 g-pb-20 g-mb-0\"><span class=\"g-font-weight-600\">Filtre Partie #<\/span><span class=\"pull-right w-50\">78325-YB7-702<\/span><\/div>\n<\/div>\n<\/div>\n<div class=\"g-pt-30 container\">\n<div class=\"col-lg-12 g-pa-0\">\n<div class=\"col-lg-12 g-brd-bottom g-brd-gray-light-v4 g-pt-0 g-pb-20 g-mb-0\"><span class=\"g-font-weight-600\">Garantie r\u00e9sidentielle<\/span><span class=\"pull-right w-50\">24 mois<\/span><\/div>\n<\/div>\n<\/div>\n<div class=\"g-pt-30 container\">\n<div class=\"col-lg-12 g-pa-0\">\n<div class=\"col-lg-12 g-brd-bottom g-brd-gray-light-v4 g-pt-0 g-pb-20 g-mb-0\"><span class=\"g-font-weight-600\">Garantie commerciale<\/span><span class=\"pull-right w-50\">12 mois<\/span><\/div>\n<\/div>\n<\/div>\n<div class=\"col-lg-12 g-brd-bottom g-brd-gray-light-v4 g-py-20 g-mb-0 g-font-weight-600\">AVERTISSEMENT : California Prop 65 Information<\/div>\n<\/div>\n<\/div>\n<div id=\"Performance\" class=\"anchor2 container g-py-0\">\n<div class=\"col-lg-12  g-pa-0\">\n<div class=\"u-heading-v3-1 g-bg-main g-brd-main u-heading-v3-1 g-bg-main g-brd-main g-my-30 col-lg-12 g-pa-0\">\n<h2 class=\"h3 u-heading-v3__title\">Performance de la pompe<\/h2>\n<\/div>\n<div class=\"g-pt-30 container\">\n<div class=\"row justify-content-center\">\n<div class=\"col-lg-6 g-pa-0\">\n<div class=\"col-lg-12 g-brd-bottom g-brd-gray-light-v4 g-pt-0 g-pb-20 g-mb-0\"><img decoding=\"async\" class=\"img-fluid\" src=\"https:\/\/services.powerequipment.honda.com\/content\/images\/pe\/models\/curves\/wh20-curve.gif\" alt=\"WH20 Pump Performance\" \/><\/div>\n<\/div>\n<\/div>\n<\/div>\n<\/div>\n<\/div>\n<div id=\"Accessories\" class=\"anchor2 container g-py-0\">\n<div class=\"col-lg-12 g-pa-0\">\n<div class=\"row\">\n<div class=\"u-heading-v3-1 g-bg-main g-brd-main g-my-30 col-lg-12 g-pa-0\">\n<h2 class=\"h3 u-heading-v3__title\">Accessories<\/h2>\n<\/div>\n<div class=\"col-lg-2 text-center g-mb-10\">\n<div class=\"col-lg-12 g-pa-0 featimg\"><img decoding=\"async\" class=\"img-fluid g-pb-15\" src=\"https:\/\/services.powerequipment.honda.com\/content\/images\/pe\/models\/features\/thumbs\/pump-camlock-hose-kit.jpg\" \/><\/div>\n<div class=\"col-lg-12 g-pa-0\"><span class=\"text-center\">A wide variety of hose kits, couplers, adaptors, and other accessories are available.<\/span><\/div>\n<\/div>\n<\/div>\n<\/div>\n<\/div>\n<div id=\"Manuals\" class=\"anchor2 container g-py-0\">\n<div class=\"row\">\n<div class=\"col-lg-12 g-pa-0\"><\/div>\n<\/div>\n<\/div>","protected":false},"excerpt":{"rendered":"<ul class=\"g-ml-0 g-pl-20\">\n<li>119 gal.\/min capacity<\/li>\n<li>64 psi max.<\/li>\n<li>Volute et roue en fonte<\/li>\n<\/ul>","protected":false},"featured_media":702,"comment_status":"open","ping_status":"closed","template":"","meta":[],"product_brand":[],"product_cat":[44],"product_tag":[],"class_list":{"0":"post-701","1":"product","2":"type-product","3":"status-publish","4":"has-post-thumbnail","6":"product_cat-honda-pumps","8":"first","9":"instock","10":"shipping-taxable","11":"purchasable","12":"product-type-simple"},"yoast_head":"<!-- This site is optimized with the Yoast SEO Premium plugin v26.2 (Yoast SEO v26.2) - https:\/\/yoast.com\/wordpress\/plugins\/seo\/ -->\n<title>WH20 - HONDA POWER EQUIPMENT<\/title>\n<meta name=\"description\" content=\"The Honda WH20 water pump is a 2 inch high pressure pump, ideal for use with sprinklers or nozzles, such as irrigation, or for pumping water over longer distances.\" \/>\n<meta name=\"robots\" content=\"index, follow, max-snippet:-1, max-image-preview:large, max-video-preview:-1\" \/>\n<link rel=\"canonical\" href=\"https:\/\/hondapowertools.com\/fr\/produkt\/wh20\/\" \/>\n<meta property=\"og:locale\" content=\"fr_FR\" \/>\n<meta property=\"og:type\" content=\"article\" \/>\n<meta property=\"og:title\" content=\"WH20\" \/>\n<meta property=\"og:description\" content=\"The Honda WH20 water pump is a 2 inch high pressure pump, ideal for use with sprinklers or nozzles, such as irrigation, or for pumping water over longer distances.\" \/>\n<meta property=\"og:url\" content=\"https:\/\/hondapowertools.com\/fr\/produkt\/wh20\/\" \/>\n<meta property=\"og:site_name\" content=\"HONDA POWER EQUIPMENT\" \/>\n<meta property=\"article:modified_time\" content=\"2025-02-11T08:21:34+00:00\" \/>\n<meta property=\"og:image\" content=\"https:\/\/hondapowertools.com\/wp-content\/uploads\/2025\/02\/wh20_pe_imglg.jpg\" \/>\n\t<meta property=\"og:image:width\" content=\"1200\" \/>\n\t<meta property=\"og:image:height\" content=\"1200\" \/>\n\t<meta property=\"og:image:type\" content=\"image\/jpeg\" \/>\n<meta name=\"twitter:card\" content=\"summary_large_image\" \/>\n<meta name=\"twitter:label1\" content=\"Dur\u00e9e de lecture estim\u00e9e\" \/>\n\t<meta name=\"twitter:data1\" content=\"3 minutes\" \/>\n<script type=\"application\/ld+json\" class=\"yoast-schema-graph\">{\"@context\":\"https:\/\/schema.org\",\"@graph\":[{\"@type\":\"WebPage\",\"@id\":\"https:\/\/hondapowertools.com\/de\/produkt\/wh20\/\",\"url\":\"https:\/\/hondapowertools.com\/de\/produkt\/wh20\/\",\"name\":\"WH20 - HONDA POWER EQUIPMENT\",\"isPartOf\":{\"@id\":\"https:\/\/hondapowertools.com\/#website\"},\"primaryImageOfPage\":{\"@id\":\"https:\/\/hondapowertools.com\/de\/produkt\/wh20\/#primaryimage\"},\"image\":{\"@id\":\"https:\/\/hondapowertools.com\/de\/produkt\/wh20\/#primaryimage\"},\"thumbnailUrl\":\"https:\/\/hondapowertools.com\/wp-content\/uploads\/2025\/02\/wh20_pe_imglg.jpg\",\"datePublished\":\"2025-02-11T08:21:33+00:00\",\"dateModified\":\"2025-02-11T08:21:34+00:00\",\"description\":\"The Honda WH20 water pump is a 2 inch high pressure pump, ideal for use with sprinklers or nozzles, such as irrigation, or for pumping water over longer distances.\",\"breadcrumb\":{\"@id\":\"https:\/\/hondapowertools.com\/de\/produkt\/wh20\/#breadcrumb\"},\"inLanguage\":\"fr-FR\",\"potentialAction\":[{\"@type\":\"ReadAction\",\"target\":[\"https:\/\/hondapowertools.com\/de\/produkt\/wh20\/\"]}]},{\"@type\":\"ImageObject\",\"inLanguage\":\"fr-FR\",\"@id\":\"https:\/\/hondapowertools.com\/de\/produkt\/wh20\/#primaryimage\",\"url\":\"https:\/\/hondapowertools.com\/wp-content\/uploads\/2025\/02\/wh20_pe_imglg.jpg\",\"contentUrl\":\"https:\/\/hondapowertools.com\/wp-content\/uploads\/2025\/02\/wh20_pe_imglg.jpg\",\"width\":1200,\"height\":1200,\"caption\":\"WH20\"},{\"@type\":\"BreadcrumbList\",\"@id\":\"https:\/\/hondapowertools.com\/de\/produkt\/wh20\/#breadcrumb\",\"itemListElement\":[{\"@type\":\"ListItem\",\"position\":1,\"name\":\"Home\",\"item\":\"https:\/\/hondapowertools.com\/\"},{\"@type\":\"ListItem\",\"position\":2,\"name\":\"Shop\",\"item\":\"https:\/\/hondapowertools.com\/?page_id=10\"},{\"@type\":\"ListItem\",\"position\":3,\"name\":\"WH20\"}]},{\"@type\":\"WebSite\",\"@id\":\"https:\/\/hondapowertools.com\/#website\",\"url\":\"https:\/\/hondapowertools.com\/\",\"name\":\"HONDA POWER EQUIPMENTS\",\"description\":\"Honda Power Equipment\",\"publisher\":{\"@id\":\"https:\/\/hondapowertools.com\/#organization\"},\"potentialAction\":[{\"@type\":\"SearchAction\",\"target\":{\"@type\":\"EntryPoint\",\"urlTemplate\":\"https:\/\/hondapowertools.com\/?s={search_term_string}\"},\"query-input\":{\"@type\":\"PropertyValueSpecification\",\"valueRequired\":true,\"valueName\":\"search_term_string\"}}],\"inLanguage\":\"fr-FR\"},{\"@type\":\"Organization\",\"@id\":\"https:\/\/hondapowertools.com\/#organization\",\"name\":\"HONDA POWER TOOLS\",\"alternateName\":\"HONDA POWER EQUIPMENT\",\"url\":\"https:\/\/hondapowertools.com\/\",\"logo\":{\"@type\":\"ImageObject\",\"inLanguage\":\"fr-FR\",\"@id\":\"https:\/\/hondapowertools.com\/#\/schema\/logo\/image\/\",\"url\":\"https:\/\/hondapowertools.com\/wp-content\/uploads\/2025\/02\/cropped-honda-power-equipment-logo.png\",\"contentUrl\":\"https:\/\/hondapowertools.com\/wp-content\/uploads\/2025\/02\/cropped-honda-power-equipment-logo.png\",\"width\":290,\"height\":70,\"caption\":\"HONDA POWER TOOLS\"},\"image\":{\"@id\":\"https:\/\/hondapowertools.com\/#\/schema\/logo\/image\/\"}}]}<\/script>\n<!-- \/ Yoast SEO Premium plugin. -->","yoast_head_json":{"title":"WH20 - HONDA POWER EQUIPMENT","description":"The Honda WH20 water pump is a 2 inch high pressure pump, ideal for use with sprinklers or nozzles, such as irrigation, or for pumping water over longer distances.","robots":{"index":"index","follow":"follow","max-snippet":"max-snippet:-1","max-image-preview":"max-image-preview:large","max-video-preview":"max-video-preview:-1"},"canonical":"https:\/\/hondapowertools.com\/fr\/produkt\/wh20\/","og_locale":"fr_FR","og_type":"article","og_title":"WH20","og_description":"The Honda WH20 water pump is a 2 inch high pressure pump, ideal for use with sprinklers or nozzles, such as irrigation, or for pumping water over longer distances.","og_url":"https:\/\/hondapowertools.com\/fr\/produkt\/wh20\/","og_site_name":"HONDA POWER EQUIPMENT","article_modified_time":"2025-02-11T08:21:34+00:00","og_image":[{"width":1200,"height":1200,"url":"https:\/\/hondapowertools.com\/wp-content\/uploads\/2025\/02\/wh20_pe_imglg.jpg","type":"image\/jpeg"}],"twitter_card":"summary_large_image","twitter_misc":{"Dur\u00e9e de lecture estim\u00e9e":"3 minutes"},"schema":{"@context":"https:\/\/schema.org","@graph":[{"@type":"WebPage","@id":"https:\/\/hondapowertools.com\/de\/produkt\/wh20\/","url":"https:\/\/hondapowertools.com\/de\/produkt\/wh20\/","name":"WH20 - HONDA POWER EQUIPMENT","isPartOf":{"@id":"https:\/\/hondapowertools.com\/#website"},"primaryImageOfPage":{"@id":"https:\/\/hondapowertools.com\/de\/produkt\/wh20\/#primaryimage"},"image":{"@id":"https:\/\/hondapowertools.com\/de\/produkt\/wh20\/#primaryimage"},"thumbnailUrl":"https:\/\/hondapowertools.com\/wp-content\/uploads\/2025\/02\/wh20_pe_imglg.jpg","datePublished":"2025-02-11T08:21:33+00:00","dateModified":"2025-02-11T08:21:34+00:00","description":"The Honda WH20 water pump is a 2 inch high pressure pump, ideal for use with sprinklers or nozzles, such as irrigation, or for pumping water over longer distances.","breadcrumb":{"@id":"https:\/\/hondapowertools.com\/de\/produkt\/wh20\/#breadcrumb"},"inLanguage":"fr-FR","potentialAction":[{"@type":"ReadAction","target":["https:\/\/hondapowertools.com\/de\/produkt\/wh20\/"]}]},{"@type":"ImageObject","inLanguage":"fr-FR","@id":"https:\/\/hondapowertools.com\/de\/produkt\/wh20\/#primaryimage","url":"https:\/\/hondapowertools.com\/wp-content\/uploads\/2025\/02\/wh20_pe_imglg.jpg","contentUrl":"https:\/\/hondapowertools.com\/wp-content\/uploads\/2025\/02\/wh20_pe_imglg.jpg","width":1200,"height":1200,"caption":"WH20"},{"@type":"BreadcrumbList","@id":"https:\/\/hondapowertools.com\/de\/produkt\/wh20\/#breadcrumb","itemListElement":[{"@type":"ListItem","position":1,"name":"Home","item":"https:\/\/hondapowertools.com\/"},{"@type":"ListItem","position":2,"name":"Shop","item":"https:\/\/hondapowertools.com\/?page_id=10"},{"@type":"ListItem","position":3,"name":"WH20"}]},{"@type":"WebSite","@id":"https:\/\/hondapowertools.com\/#website","url":"https:\/\/hondapowertools.com\/","name":"HONDA POWER EQUIPMENTS","description":"Honda Power Equipment","publisher":{"@id":"https:\/\/hondapowertools.com\/#organization"},"potentialAction":[{"@type":"SearchAction","target":{"@type":"EntryPoint","urlTemplate":"https:\/\/hondapowertools.com\/?s={search_term_string}"},"query-input":{"@type":"PropertyValueSpecification","valueRequired":true,"valueName":"search_term_string"}}],"inLanguage":"fr-FR"},{"@type":"Organization","@id":"https:\/\/hondapowertools.com\/#organization","name":"HONDA POWER TOOLS","alternateName":"HONDA POWER EQUIPMENT","url":"https:\/\/hondapowertools.com\/","logo":{"@type":"ImageObject","inLanguage":"fr-FR","@id":"https:\/\/hondapowertools.com\/#\/schema\/logo\/image\/","url":"https:\/\/hondapowertools.com\/wp-content\/uploads\/2025\/02\/cropped-honda-power-equipment-logo.png","contentUrl":"https:\/\/hondapowertools.com\/wp-content\/uploads\/2025\/02\/cropped-honda-power-equipment-logo.png","width":290,"height":70,"caption":"HONDA POWER TOOLS"},"image":{"@id":"https:\/\/hondapowertools.com\/#\/schema\/logo\/image\/"}}]}},"_links":{"self":[{"href":"https:\/\/hondapowertools.com\/fr\/wp-json\/wp\/v2\/product\/701","targetHints":{"allow":["GET"]}}],"collection":[{"href":"https:\/\/hondapowertools.com\/fr\/wp-json\/wp\/v2\/product"}],"about":[{"href":"https:\/\/hondapowertools.com\/fr\/wp-json\/wp\/v2\/types\/product"}],"replies":[{"embeddable":true,"href":"https:\/\/hondapowertools.com\/fr\/wp-json\/wp\/v2\/comments?post=701"}],"wp:featuredmedia":[{"embeddable":true,"href":"https:\/\/hondapowertools.com\/fr\/wp-json\/wp\/v2\/media\/702"}],"wp:attachment":[{"href":"https:\/\/hondapowertools.com\/fr\/wp-json\/wp\/v2\/media?parent=701"}],"wp:term":[{"taxonomy":"product_brand","embeddable":true,"href":"https:\/\/hondapowertools.com\/fr\/wp-json\/wp\/v2\/product_brand?post=701"},{"taxonomy":"product_cat","embeddable":true,"href":"https:\/\/hondapowertools.com\/fr\/wp-json\/wp\/v2\/product_cat?post=701"},{"taxonomy":"product_tag","embeddable":true,"href":"https:\/\/hondapowertools.com\/fr\/wp-json\/wp\/v2\/product_tag?post=701"}],"curies":[{"name":"wp","href":"https:\/\/api.w.org\/{rel}","templated":true}]}}