{"id":777,"date":"2025-02-13T03:29:34","date_gmt":"2025-02-13T03:29:34","guid":{"rendered":"https:\/\/hondapowertools.com\/?post_type=product&#038;p=777"},"modified":"2025-02-13T03:36:21","modified_gmt":"2025-02-13T03:36:21","slug":"2023-honda-talon-1000x-4-fox-live-valve","status":"publish","type":"product","link":"https:\/\/hondapowertools.com\/fr\/produit\/2023-honda-talon-1000x-4-fox-live-valve\/","title":{"rendered":"2023 Honda TALON 1000X-4 FOX LIVE VALVE"},"content":{"rendered":"<h3><\/h3>\n<h2><strong>2023 HONDA TALON 1000X-4 FOX LIVE VALVE, Big Rock Powersports &amp; Marine est le sp\u00e9cialiste de l'entretien et de la r\u00e9paration des v\u00e9hicules.<br \/>\n<\/strong><\/h2>\n<p>Le Honda Talon 1000X-4 FOX Live Valve** 2023 est un c\u00f4te-\u00e0-c\u00f4te haut de gamme con\u00e7u pour les aventures tout-terrain :<\/p>\n<p>Moteur bicylindre parall\u00e8le de 999 cm3<\/p>\n<p>Offre des performances puissantes et r\u00e9actives sur tous les terrains.<\/p>\n<p>FOX Live Valve Suspension,<\/p>\n<p>S'ajuste en permanence pour offrir un confort et une maniabilit\u00e9 optimaux.<\/p>\n<p>Confort 4 places<\/p>\n<p>Cabine spacieuse et ergonomique con\u00e7ue pour les amis et la famille.<\/p>\n<p class=\"h6 text-black font-semibold\">Empattement plus court<\/p>\n<div class=\"content-additional-features last-mb-none mb-10 md:mb-7 2xl:mb-11 1k6:mb-7\" data-event-trigger-children=\"click-event\" data-event-type=\"click event\" data-event-module=\"additional features\" data-event-label=\"\" data-event-category=\"cta\" data-event-trigger-element=\"a\" data-event-label-type=\"text\">\n<p>Les mod\u00e8les X ont un empattement plus court de 116,4 pouces, ce qui contribue \u00e0 l'agilit\u00e9 et \u00e0 l'excellente tenue de route de ce c\u00f4te-\u00e0-c\u00f4te sur les terrains accident\u00e9s.<\/p>\n<h3 class=\"h6 text-black font-semibold\"><i class=\"\">i<\/i>-4RM<\/h3>\n<div class=\"content-additional-features last-mb-none mb-10 md:mb-7 2xl:mb-11 1k6:mb-7\" data-event-trigger-children=\"click-event\" data-event-type=\"click event\" data-event-module=\"additional features\" data-event-label=\"\" data-event-category=\"cta\" data-event-trigger-element=\"a\" data-event-label-type=\"text\">\n<p>Tous les Talons pr\u00e9sentent la deuxi\u00e8me g\u00e9n\u00e9ration de notre syst\u00e8me exclusif de contr\u00f4le de la qualit\u00e9.\u00a0<i>i<\/i>Syst\u00e8me -4WD. Pensez \"i\" pour \"intelligent\", car c'est pr\u00e9cis\u00e9ment ce qu'il est. Il s'agit d'un syst\u00e8me de contr\u00f4le de la traction et du freinage, une premi\u00e8re dans l'industrie, qui aide \u00e0 maintenir la traction des roues avant m\u00eame si l'une d'entre elles a envie de patiner.<\/p>\n<h3 class=\"h6 text-black font-semibold\">Nombreux accessoires<\/h3>\n<div class=\"content-additional-features last-mb-none mb-10 md:mb-7 2xl:mb-11 1k6:mb-7\" data-event-trigger-children=\"click-event\" data-event-type=\"click event\" data-event-module=\"additional features\" data-event-label=\"\" data-event-category=\"cta\" data-event-trigger-element=\"a\" data-event-label-type=\"text\">\n<p>Nous ajoutons de nouveaux accessoires chaque ann\u00e9e et nous en offrons actuellement plus de 50 pour le Talon 1000X-4. Vous pouvez ajouter des \u00e9l\u00e9ments tels qu'un syst\u00e8me audio complet, des pare-brise, un treuil, un \u00e9clairage LED auxiliaire, une protection de la carrosserie et du ch\u00e2ssis, ainsi que notre gamme d'accessoires Honda Pro-Connect \u00e0 fixation rapide.<\/p>\n<\/div>\n<\/div>\n<\/div>","protected":false},"excerpt":{"rendered":"<p>Le Talon 1000X-4 est votre billet pour une aventure partag\u00e9e sur les sentiers \u00e9troits et les terrains techniques. Pouvant accueillir quatre personnes, il est propuls\u00e9 par notre l\u00e9gendaire moteur Unicam\u00ae de 999 cm3, une transmission automatique \u00e0 double embrayage souple et une suspension FOX Live Valve en option pour une maniabilit\u00e9 et un contr\u00f4le in\u00e9gal\u00e9s. La performance de pr\u00e9cision rencontre le plaisir familial - parce que l'aventure est meilleure ensemble.<\/p>","protected":false},"featured_media":778,"comment_status":"open","ping_status":"closed","template":"","meta":[],"product_brand":[],"product_cat":[50],"product_tag":[],"class_list":{"0":"post-777","1":"product","2":"type-product","3":"status-publish","4":"has-post-thumbnail","6":"product_cat-honda-golf-carts","8":"first","9":"instock","10":"shipping-taxable","11":"purchasable","12":"product-type-simple"},"yoast_head":"<!-- This site is optimized with the Yoast SEO Premium plugin v26.2 (Yoast SEO v26.2) - https:\/\/yoast.com\/wordpress\/plugins\/seo\/ -->\n<title>2023 Honda TALON 1000X-4 FOX LIVE VALVE - HONDA POWER EQUIPMENT<\/title>\n<meta name=\"description\" content=\"Experience the Talon 1000X-4: a four-seater SxS built for tight trails with a powerful Unicam\u00ae engine, DCT,order now at honda power equipment\" \/>\n<meta name=\"robots\" content=\"index, follow, max-snippet:-1, max-image-preview:large, max-video-preview:-1\" \/>\n<link rel=\"canonical\" href=\"https:\/\/hondapowertools.com\/fr\/produto\/2023-honda-talon-1000x-4-fox-live-valve\/\" \/>\n<meta property=\"og:locale\" content=\"fr_FR\" \/>\n<meta property=\"og:type\" content=\"article\" \/>\n<meta property=\"og:title\" content=\"2023 Honda TALON 1000X-4 FOX LIVE VALVE\" \/>\n<meta property=\"og:description\" content=\"Experience the Talon 1000X-4: a four-seater SxS built for tight trails with a powerful Unicam\u00ae engine, DCT,order now at honda power equipment\" \/>\n<meta property=\"og:url\" content=\"https:\/\/hondapowertools.com\/fr\/produto\/2023-honda-talon-1000x-4-fox-live-valve\/\" \/>\n<meta property=\"og:site_name\" content=\"HONDA POWER EQUIPMENT\" \/>\n<meta property=\"article:modified_time\" content=\"2025-02-13T03:36:21+00:00\" \/>\n<meta property=\"og:image\" content=\"https:\/\/hondapowertools.com\/wp-content\/uploads\/2025\/02\/67a3797e20ca727c37341dc8.jpg\" \/>\n\t<meta property=\"og:image:width\" content=\"1024\" \/>\n\t<meta property=\"og:image:height\" content=\"768\" \/>\n\t<meta property=\"og:image:type\" content=\"image\/jpeg\" \/>\n<meta name=\"twitter:card\" content=\"summary_large_image\" \/>\n<meta name=\"twitter:label1\" content=\"Dur\u00e9e de lecture estim\u00e9e\" \/>\n\t<meta name=\"twitter:data1\" content=\"1 minute\" \/>\n<script type=\"application\/ld+json\" class=\"yoast-schema-graph\">{\"@context\":\"https:\/\/schema.org\",\"@graph\":[{\"@type\":\"WebPage\",\"@id\":\"https:\/\/hondapowertools.com\/pt\/produto\/2023-honda-talon-1000x-4-fox-live-valve\/\",\"url\":\"https:\/\/hondapowertools.com\/pt\/produto\/2023-honda-talon-1000x-4-fox-live-valve\/\",\"name\":\"2023 Honda TALON 1000X-4 FOX LIVE VALVE - HONDA POWER EQUIPMENT\",\"isPartOf\":{\"@id\":\"https:\/\/hondapowertools.com\/#website\"},\"primaryImageOfPage\":{\"@id\":\"https:\/\/hondapowertools.com\/pt\/produto\/2023-honda-talon-1000x-4-fox-live-valve\/#primaryimage\"},\"image\":{\"@id\":\"https:\/\/hondapowertools.com\/pt\/produto\/2023-honda-talon-1000x-4-fox-live-valve\/#primaryimage\"},\"thumbnailUrl\":\"https:\/\/hondapowertools.com\/wp-content\/uploads\/2025\/02\/67a3797e20ca727c37341dc8.jpg\",\"datePublished\":\"2025-02-13T03:29:34+00:00\",\"dateModified\":\"2025-02-13T03:36:21+00:00\",\"description\":\"Experience the Talon 1000X-4: a four-seater SxS built for tight trails with a powerful Unicam\u00ae engine, DCT,order now at honda power equipment\",\"breadcrumb\":{\"@id\":\"https:\/\/hondapowertools.com\/pt\/produto\/2023-honda-talon-1000x-4-fox-live-valve\/#breadcrumb\"},\"inLanguage\":\"fr-FR\",\"potentialAction\":[{\"@type\":\"ReadAction\",\"target\":[\"https:\/\/hondapowertools.com\/pt\/produto\/2023-honda-talon-1000x-4-fox-live-valve\/\"]}]},{\"@type\":\"ImageObject\",\"inLanguage\":\"fr-FR\",\"@id\":\"https:\/\/hondapowertools.com\/pt\/produto\/2023-honda-talon-1000x-4-fox-live-valve\/#primaryimage\",\"url\":\"https:\/\/hondapowertools.com\/wp-content\/uploads\/2025\/02\/67a3797e20ca727c37341dc8.jpg\",\"contentUrl\":\"https:\/\/hondapowertools.com\/wp-content\/uploads\/2025\/02\/67a3797e20ca727c37341dc8.jpg\",\"width\":1024,\"height\":768,\"caption\":\"2023 Honda TALON 1000X-4 FOX LIVE VALVE\"},{\"@type\":\"BreadcrumbList\",\"@id\":\"https:\/\/hondapowertools.com\/pt\/produto\/2023-honda-talon-1000x-4-fox-live-valve\/#breadcrumb\",\"itemListElement\":[{\"@type\":\"ListItem\",\"position\":1,\"name\":\"Home\",\"item\":\"https:\/\/hondapowertools.com\/\"},{\"@type\":\"ListItem\",\"position\":2,\"name\":\"Shop\",\"item\":\"https:\/\/hondapowertools.com\/?page_id=10\"},{\"@type\":\"ListItem\",\"position\":3,\"name\":\"2023 Honda TALON 1000X-4 FOX LIVE VALVE\"}]},{\"@type\":\"WebSite\",\"@id\":\"https:\/\/hondapowertools.com\/#website\",\"url\":\"https:\/\/hondapowertools.com\/\",\"name\":\"HONDA POWER EQUIPMENTS\",\"description\":\"Honda Power Equipment\",\"publisher\":{\"@id\":\"https:\/\/hondapowertools.com\/#organization\"},\"potentialAction\":[{\"@type\":\"SearchAction\",\"target\":{\"@type\":\"EntryPoint\",\"urlTemplate\":\"https:\/\/hondapowertools.com\/?s={search_term_string}\"},\"query-input\":{\"@type\":\"PropertyValueSpecification\",\"valueRequired\":true,\"valueName\":\"search_term_string\"}}],\"inLanguage\":\"fr-FR\"},{\"@type\":\"Organization\",\"@id\":\"https:\/\/hondapowertools.com\/#organization\",\"name\":\"HONDA POWER TOOLS\",\"alternateName\":\"HONDA POWER EQUIPMENT\",\"url\":\"https:\/\/hondapowertools.com\/\",\"logo\":{\"@type\":\"ImageObject\",\"inLanguage\":\"fr-FR\",\"@id\":\"https:\/\/hondapowertools.com\/#\/schema\/logo\/image\/\",\"url\":\"https:\/\/hondapowertools.com\/wp-content\/uploads\/2025\/02\/cropped-honda-power-equipment-logo.png\",\"contentUrl\":\"https:\/\/hondapowertools.com\/wp-content\/uploads\/2025\/02\/cropped-honda-power-equipment-logo.png\",\"width\":290,\"height\":70,\"caption\":\"HONDA POWER TOOLS\"},\"image\":{\"@id\":\"https:\/\/hondapowertools.com\/#\/schema\/logo\/image\/\"}}]}<\/script>\n<!-- \/ Yoast SEO Premium plugin. -->","yoast_head_json":{"title":"2023 Honda TALON 1000X-4 FOX LIVE VALVE - HONDA POWER EQUIPMENT","description":"Experience the Talon 1000X-4: a four-seater SxS built for tight trails with a powerful Unicam\u00ae engine, DCT,order now at honda power equipment","robots":{"index":"index","follow":"follow","max-snippet":"max-snippet:-1","max-image-preview":"max-image-preview:large","max-video-preview":"max-video-preview:-1"},"canonical":"https:\/\/hondapowertools.com\/fr\/produto\/2023-honda-talon-1000x-4-fox-live-valve\/","og_locale":"fr_FR","og_type":"article","og_title":"2023 Honda TALON 1000X-4 FOX LIVE VALVE","og_description":"Experience the Talon 1000X-4: a four-seater SxS built for tight trails with a powerful Unicam\u00ae engine, DCT,order now at honda power equipment","og_url":"https:\/\/hondapowertools.com\/fr\/produto\/2023-honda-talon-1000x-4-fox-live-valve\/","og_site_name":"HONDA POWER EQUIPMENT","article_modified_time":"2025-02-13T03:36:21+00:00","og_image":[{"width":1024,"height":768,"url":"https:\/\/hondapowertools.com\/wp-content\/uploads\/2025\/02\/67a3797e20ca727c37341dc8.jpg","type":"image\/jpeg"}],"twitter_card":"summary_large_image","twitter_misc":{"Dur\u00e9e de lecture estim\u00e9e":"1 minute"},"schema":{"@context":"https:\/\/schema.org","@graph":[{"@type":"WebPage","@id":"https:\/\/hondapowertools.com\/pt\/produto\/2023-honda-talon-1000x-4-fox-live-valve\/","url":"https:\/\/hondapowertools.com\/pt\/produto\/2023-honda-talon-1000x-4-fox-live-valve\/","name":"2023 Honda TALON 1000X-4 FOX LIVE VALVE - HONDA POWER EQUIPMENT","isPartOf":{"@id":"https:\/\/hondapowertools.com\/#website"},"primaryImageOfPage":{"@id":"https:\/\/hondapowertools.com\/pt\/produto\/2023-honda-talon-1000x-4-fox-live-valve\/#primaryimage"},"image":{"@id":"https:\/\/hondapowertools.com\/pt\/produto\/2023-honda-talon-1000x-4-fox-live-valve\/#primaryimage"},"thumbnailUrl":"https:\/\/hondapowertools.com\/wp-content\/uploads\/2025\/02\/67a3797e20ca727c37341dc8.jpg","datePublished":"2025-02-13T03:29:34+00:00","dateModified":"2025-02-13T03:36:21+00:00","description":"Experience the Talon 1000X-4: a four-seater SxS built for tight trails with a powerful Unicam\u00ae engine, DCT,order now at honda power equipment","breadcrumb":{"@id":"https:\/\/hondapowertools.com\/pt\/produto\/2023-honda-talon-1000x-4-fox-live-valve\/#breadcrumb"},"inLanguage":"fr-FR","potentialAction":[{"@type":"ReadAction","target":["https:\/\/hondapowertools.com\/pt\/produto\/2023-honda-talon-1000x-4-fox-live-valve\/"]}]},{"@type":"ImageObject","inLanguage":"fr-FR","@id":"https:\/\/hondapowertools.com\/pt\/produto\/2023-honda-talon-1000x-4-fox-live-valve\/#primaryimage","url":"https:\/\/hondapowertools.com\/wp-content\/uploads\/2025\/02\/67a3797e20ca727c37341dc8.jpg","contentUrl":"https:\/\/hondapowertools.com\/wp-content\/uploads\/2025\/02\/67a3797e20ca727c37341dc8.jpg","width":1024,"height":768,"caption":"2023 Honda TALON 1000X-4 FOX LIVE VALVE"},{"@type":"BreadcrumbList","@id":"https:\/\/hondapowertools.com\/pt\/produto\/2023-honda-talon-1000x-4-fox-live-valve\/#breadcrumb","itemListElement":[{"@type":"ListItem","position":1,"name":"Home","item":"https:\/\/hondapowertools.com\/"},{"@type":"ListItem","position":2,"name":"Shop","item":"https:\/\/hondapowertools.com\/?page_id=10"},{"@type":"ListItem","position":3,"name":"2023 Honda TALON 1000X-4 FOX LIVE VALVE"}]},{"@type":"WebSite","@id":"https:\/\/hondapowertools.com\/#website","url":"https:\/\/hondapowertools.com\/","name":"HONDA POWER EQUIPMENTS","description":"Honda Power Equipment","publisher":{"@id":"https:\/\/hondapowertools.com\/#organization"},"potentialAction":[{"@type":"SearchAction","target":{"@type":"EntryPoint","urlTemplate":"https:\/\/hondapowertools.com\/?s={search_term_string}"},"query-input":{"@type":"PropertyValueSpecification","valueRequired":true,"valueName":"search_term_string"}}],"inLanguage":"fr-FR"},{"@type":"Organization","@id":"https:\/\/hondapowertools.com\/#organization","name":"HONDA POWER TOOLS","alternateName":"HONDA POWER EQUIPMENT","url":"https:\/\/hondapowertools.com\/","logo":{"@type":"ImageObject","inLanguage":"fr-FR","@id":"https:\/\/hondapowertools.com\/#\/schema\/logo\/image\/","url":"https:\/\/hondapowertools.com\/wp-content\/uploads\/2025\/02\/cropped-honda-power-equipment-logo.png","contentUrl":"https:\/\/hondapowertools.com\/wp-content\/uploads\/2025\/02\/cropped-honda-power-equipment-logo.png","width":290,"height":70,"caption":"HONDA POWER TOOLS"},"image":{"@id":"https:\/\/hondapowertools.com\/#\/schema\/logo\/image\/"}}]}},"_links":{"self":[{"href":"https:\/\/hondapowertools.com\/fr\/wp-json\/wp\/v2\/product\/777","targetHints":{"allow":["GET"]}}],"collection":[{"href":"https:\/\/hondapowertools.com\/fr\/wp-json\/wp\/v2\/product"}],"about":[{"href":"https:\/\/hondapowertools.com\/fr\/wp-json\/wp\/v2\/types\/product"}],"replies":[{"embeddable":true,"href":"https:\/\/hondapowertools.com\/fr\/wp-json\/wp\/v2\/comments?post=777"}],"wp:featuredmedia":[{"embeddable":true,"href":"https:\/\/hondapowertools.com\/fr\/wp-json\/wp\/v2\/media\/778"}],"wp:attachment":[{"href":"https:\/\/hondapowertools.com\/fr\/wp-json\/wp\/v2\/media?parent=777"}],"wp:term":[{"taxonomy":"product_brand","embeddable":true,"href":"https:\/\/hondapowertools.com\/fr\/wp-json\/wp\/v2\/product_brand?post=777"},{"taxonomy":"product_cat","embeddable":true,"href":"https:\/\/hondapowertools.com\/fr\/wp-json\/wp\/v2\/product_cat?post=777"},{"taxonomy":"product_tag","embeddable":true,"href":"https:\/\/hondapowertools.com\/fr\/wp-json\/wp\/v2\/product_tag?post=777"}],"curies":[{"name":"wp","href":"https:\/\/api.w.org\/{rel}","templated":true}]}}