{"id":791,"date":"2025-02-14T04:20:59","date_gmt":"2025-02-14T04:20:59","guid":{"rendered":"https:\/\/hondapowertools.com\/?post_type=product&#038;p=791"},"modified":"2025-02-14T04:26:52","modified_gmt":"2025-02-14T04:26:52","slug":"2025-honda-fourtrax-rubicon-700-4x4-automatic-trx700fa5","status":"publish","type":"product","link":"https:\/\/hondapowertools.com\/fr\/produit\/2025-honda-fourtrax-rubicon-700-4x4-automatic-trx700fa5\/","title":{"rendered":"2025 Honda FourTrax Rubicon 700 4\u00d74 Automatique TRX700FA5"},"content":{"rendered":"<h2 class=\"tide-font-20 tide-font-600\"><strong>2025 Honda FourTraxhonda Rubicon 700 \u00e0 vendre, 4\u00d74 Automatique TRX700FA5<\/strong><\/h2>\n<p>2025 HONDA FourTrax Rubicon 700 4\u00d74 Automatic TRX700FA5, Le tout nouveau Rubicon est en stock et pr\u00eat pour le travail ou les loisirs. Rendez-nous visite et v\u00e9rifiez-le.<\/p>\n<p>&nbsp;<\/p>\n<ul>;<\/ul>\n<h3><strong>Options de couleur pour votre Honda FourTraxhonda Rubicon 700 2025 <\/strong><\/h3>\n<ul>\n<li>Hero Red : +$0<\/li>\n<li>Argent mat m\u00e9tallis\u00e9 : +$400<\/li>\n<\/ul>\n<p>Tarification<\/p>\n<ul>\n<li>Garantie (mois) : 12<\/li>\n<\/ul>\n<p>Moteur<\/p>\n<ul>\n<li>Type de moteur : Monocylindre<\/li>\n<li>Cylindres : 1<\/li>\n<li>Refroidissement : Liquide<\/li>\n<li>Al\u00e9sage : 102 mm ; 4.02 in<\/li>\n<li>Course : 82,6 mm ; 3,25 in<\/li>\n<li>Cylindr\u00e9e : 675 cc ; 41,2 ci<\/li>\n<li>D\u00e9marreur : \u00e9lectrique \/ \u00e0 traction<\/li>\n<li>Type de carburant : Gaz<\/li>\n<li>Normes d'\u00e9missions : Conforme aux \u00e9missions hors route du CARB<\/li>\n<li>Type de carburation : Injection de carburant<\/li>\n<\/ul>\n<p>le rubicon Transmission<\/p>\n<ul>\n<li>Type de transmission : Automatique<\/li>\n<li>Inverser : Oui<\/li>\n<\/ul>\n<p>Ligne de conduite<\/p>\n<ul>\n<li>Type de transmission : S\u00e9lectionnable 4X2 \/ 4X4<\/li>\n<\/ul>\n<p>Sp\u00e9cifications techniques<\/p>\n<ul>\n<li>Longueur : 86,5 in ; 2197,1 mm<\/li>\n<li>Largeur : 47,5 in ; 1206,5 mm<\/li>\n<li>Hauteur : 48 in ; 1219.2 mm<\/li>\n<li>Empattement : 50,6 in ; 1285,2 mm<\/li>\n<li>Garde au sol : 9,5 in ; 241,3 mm<\/li>\n<li>Poids humide : 701 lbs ; 318 kg<\/li>\n<li>Capacit\u00e9 de remorquage : 848 lbs ; 384.7 kg<\/li>\n<li>Capacit\u00e9 de carburant : 4,4 gal ; 16,7 l<\/li>\n<li><a href=\"http:\/\/2025 Honda FourTraxhonda rubicon 700\">https:\/\/www.bing.com\/search?q=2025+Honda+FourTrax+Rubicon+700&amp;FORM=HDRSC1<\/a><\/li>\n<\/ul>","protected":false},"excerpt":{"rendered":"<p>2025 Honda FourTraxhonda Rubicon 700 for sale, 4&#215;4 Automatic TRX700FA5 2025 HONDA FourTrax Rubicon 700 4&#215;4 Automatic TRX700FA5, The newest Rubicon is in stock and ready for work or play. Visit us and check it out. &nbsp; ; Color Options for your 2025 Honda FourTraxhonda Rubicon 700 Hero Red: +$0 Matte Silver Metallic: +$400 Pricing [&#8230;]","protected":false},"featured_media":792,"comment_status":"open","ping_status":"closed","template":"","meta":[],"product_brand":[],"product_cat":[50],"product_tag":[191,190,189],"class_list":{"0":"post-791","1":"product","2":"type-product","3":"status-publish","4":"has-post-thumbnail","6":"product_cat-honda-golf-carts","7":"product_tag-2025-honda-rubicon-700","8":"product_tag-2025-honda-rubicon-700-specs","9":"product_tag-honda-rubicon-700-for-sale","11":"first","12":"instock","13":"shipping-taxable","14":"purchasable","15":"product-type-simple"},"yoast_head":"<!-- This site is optimized with the Yoast SEO Premium plugin v26.2 (Yoast SEO v26.2) - https:\/\/yoast.com\/wordpress\/plugins\/seo\/ -->\n<title>2025 Honda FourTrax Rubicon 700 4x4 Automatic TRX700FA5 - HONDA POWER EQUIPMENT<\/title>\n<meta name=\"description\" content=\"2025 Honda FourTraxhonda rubicon 700 for sale, 4x4 Automatic TRX700FA5 . Honda power equipment offers great deals for this rubicon .order now\" \/>\n<meta name=\"robots\" content=\"index, follow, max-snippet:-1, max-image-preview:large, max-video-preview:-1\" \/>\n<link rel=\"canonical\" href=\"https:\/\/hondapowertools.com\/fr\/produkt\/2025-honda-fourtrax-rubicon-700-4x4-automatic-trx700fa5\/\" \/>\n<meta property=\"og:locale\" content=\"fr_FR\" \/>\n<meta property=\"og:type\" content=\"article\" \/>\n<meta property=\"og:title\" content=\"2025 Honda FourTrax Rubicon 700 4x4 Automatic TRX700FA5\" \/>\n<meta property=\"og:description\" content=\"2025 Honda FourTraxhonda rubicon 700 for sale, 4x4 Automatic TRX700FA5 . Honda power equipment offers great deals for this rubicon .order now\" \/>\n<meta property=\"og:url\" content=\"https:\/\/hondapowertools.com\/fr\/produkt\/2025-honda-fourtrax-rubicon-700-4x4-automatic-trx700fa5\/\" \/>\n<meta property=\"og:site_name\" content=\"HONDA POWER EQUIPMENT\" \/>\n<meta property=\"article:modified_time\" content=\"2025-02-14T04:26:52+00:00\" \/>\n<meta property=\"og:image\" content=\"https:\/\/hondapowertools.com\/wp-content\/uploads\/2025\/02\/67acb05321888e40a4328124.jpg\" \/>\n\t<meta property=\"og:image:width\" content=\"1024\" \/>\n\t<meta property=\"og:image:height\" content=\"768\" \/>\n\t<meta property=\"og:image:type\" content=\"image\/jpeg\" \/>\n<meta name=\"twitter:card\" content=\"summary_large_image\" \/>\n<meta name=\"twitter:label1\" content=\"Dur\u00e9e de lecture estim\u00e9e\" \/>\n\t<meta name=\"twitter:data1\" content=\"1 minute\" \/>\n<script type=\"application\/ld+json\" class=\"yoast-schema-graph\">{\"@context\":\"https:\/\/schema.org\",\"@graph\":[{\"@type\":\"WebPage\",\"@id\":\"https:\/\/hondapowertools.com\/de\/produkt\/2025-honda-fourtrax-rubicon-700-4x4-automatic-trx700fa5\/\",\"url\":\"https:\/\/hondapowertools.com\/de\/produkt\/2025-honda-fourtrax-rubicon-700-4x4-automatic-trx700fa5\/\",\"name\":\"2025 Honda FourTrax Rubicon 700 4x4 Automatic TRX700FA5 - HONDA POWER EQUIPMENT\",\"isPartOf\":{\"@id\":\"https:\/\/hondapowertools.com\/#website\"},\"primaryImageOfPage\":{\"@id\":\"https:\/\/hondapowertools.com\/de\/produkt\/2025-honda-fourtrax-rubicon-700-4x4-automatic-trx700fa5\/#primaryimage\"},\"image\":{\"@id\":\"https:\/\/hondapowertools.com\/de\/produkt\/2025-honda-fourtrax-rubicon-700-4x4-automatic-trx700fa5\/#primaryimage\"},\"thumbnailUrl\":\"https:\/\/hondapowertools.com\/wp-content\/uploads\/2025\/02\/67acb05321888e40a4328124.jpg\",\"datePublished\":\"2025-02-14T04:20:59+00:00\",\"dateModified\":\"2025-02-14T04:26:52+00:00\",\"description\":\"2025 Honda FourTraxhonda rubicon 700 for sale, 4x4 Automatic TRX700FA5 . Honda power equipment offers great deals for this rubicon .order now\",\"breadcrumb\":{\"@id\":\"https:\/\/hondapowertools.com\/de\/produkt\/2025-honda-fourtrax-rubicon-700-4x4-automatic-trx700fa5\/#breadcrumb\"},\"inLanguage\":\"fr-FR\",\"potentialAction\":[{\"@type\":\"ReadAction\",\"target\":[\"https:\/\/hondapowertools.com\/de\/produkt\/2025-honda-fourtrax-rubicon-700-4x4-automatic-trx700fa5\/\"]}]},{\"@type\":\"ImageObject\",\"inLanguage\":\"fr-FR\",\"@id\":\"https:\/\/hondapowertools.com\/de\/produkt\/2025-honda-fourtrax-rubicon-700-4x4-automatic-trx700fa5\/#primaryimage\",\"url\":\"https:\/\/hondapowertools.com\/wp-content\/uploads\/2025\/02\/67acb05321888e40a4328124.jpg\",\"contentUrl\":\"https:\/\/hondapowertools.com\/wp-content\/uploads\/2025\/02\/67acb05321888e40a4328124.jpg\",\"width\":1024,\"height\":768,\"caption\":\"honda rubicon 700 for sale\"},{\"@type\":\"BreadcrumbList\",\"@id\":\"https:\/\/hondapowertools.com\/de\/produkt\/2025-honda-fourtrax-rubicon-700-4x4-automatic-trx700fa5\/#breadcrumb\",\"itemListElement\":[{\"@type\":\"ListItem\",\"position\":1,\"name\":\"Home\",\"item\":\"https:\/\/hondapowertools.com\/\"},{\"@type\":\"ListItem\",\"position\":2,\"name\":\"Shop\",\"item\":\"https:\/\/hondapowertools.com\/?page_id=10\"},{\"@type\":\"ListItem\",\"position\":3,\"name\":\"2025 Honda FourTrax Rubicon 700 4&#215;4 Automatic TRX700FA5\"}]},{\"@type\":\"WebSite\",\"@id\":\"https:\/\/hondapowertools.com\/#website\",\"url\":\"https:\/\/hondapowertools.com\/\",\"name\":\"HONDA POWER EQUIPMENTS\",\"description\":\"Honda Power Equipment\",\"publisher\":{\"@id\":\"https:\/\/hondapowertools.com\/#organization\"},\"potentialAction\":[{\"@type\":\"SearchAction\",\"target\":{\"@type\":\"EntryPoint\",\"urlTemplate\":\"https:\/\/hondapowertools.com\/?s={search_term_string}\"},\"query-input\":{\"@type\":\"PropertyValueSpecification\",\"valueRequired\":true,\"valueName\":\"search_term_string\"}}],\"inLanguage\":\"fr-FR\"},{\"@type\":\"Organization\",\"@id\":\"https:\/\/hondapowertools.com\/#organization\",\"name\":\"HONDA POWER TOOLS\",\"alternateName\":\"HONDA POWER EQUIPMENT\",\"url\":\"https:\/\/hondapowertools.com\/\",\"logo\":{\"@type\":\"ImageObject\",\"inLanguage\":\"fr-FR\",\"@id\":\"https:\/\/hondapowertools.com\/#\/schema\/logo\/image\/\",\"url\":\"https:\/\/hondapowertools.com\/wp-content\/uploads\/2025\/02\/cropped-honda-power-equipment-logo.png\",\"contentUrl\":\"https:\/\/hondapowertools.com\/wp-content\/uploads\/2025\/02\/cropped-honda-power-equipment-logo.png\",\"width\":290,\"height\":70,\"caption\":\"HONDA POWER TOOLS\"},\"image\":{\"@id\":\"https:\/\/hondapowertools.com\/#\/schema\/logo\/image\/\"}}]}<\/script>\n<!-- \/ Yoast SEO Premium plugin. -->","yoast_head_json":{"title":"2025 Honda FourTrax Rubicon 700 4x4 Automatic TRX700FA5 - HONDA POWER EQUIPMENT","description":"2025 Honda FourTraxhonda rubicon 700 for sale, 4x4 Automatic TRX700FA5 . Honda power equipment offers great deals for this rubicon .order now","robots":{"index":"index","follow":"follow","max-snippet":"max-snippet:-1","max-image-preview":"max-image-preview:large","max-video-preview":"max-video-preview:-1"},"canonical":"https:\/\/hondapowertools.com\/fr\/produkt\/2025-honda-fourtrax-rubicon-700-4x4-automatic-trx700fa5\/","og_locale":"fr_FR","og_type":"article","og_title":"2025 Honda FourTrax Rubicon 700 4x4 Automatic TRX700FA5","og_description":"2025 Honda FourTraxhonda rubicon 700 for sale, 4x4 Automatic TRX700FA5 . Honda power equipment offers great deals for this rubicon .order now","og_url":"https:\/\/hondapowertools.com\/fr\/produkt\/2025-honda-fourtrax-rubicon-700-4x4-automatic-trx700fa5\/","og_site_name":"HONDA POWER EQUIPMENT","article_modified_time":"2025-02-14T04:26:52+00:00","og_image":[{"width":1024,"height":768,"url":"https:\/\/hondapowertools.com\/wp-content\/uploads\/2025\/02\/67acb05321888e40a4328124.jpg","type":"image\/jpeg"}],"twitter_card":"summary_large_image","twitter_misc":{"Dur\u00e9e de lecture estim\u00e9e":"1 minute"},"schema":{"@context":"https:\/\/schema.org","@graph":[{"@type":"WebPage","@id":"https:\/\/hondapowertools.com\/de\/produkt\/2025-honda-fourtrax-rubicon-700-4x4-automatic-trx700fa5\/","url":"https:\/\/hondapowertools.com\/de\/produkt\/2025-honda-fourtrax-rubicon-700-4x4-automatic-trx700fa5\/","name":"2025 Honda FourTrax Rubicon 700 4x4 Automatic TRX700FA5 - HONDA POWER EQUIPMENT","isPartOf":{"@id":"https:\/\/hondapowertools.com\/#website"},"primaryImageOfPage":{"@id":"https:\/\/hondapowertools.com\/de\/produkt\/2025-honda-fourtrax-rubicon-700-4x4-automatic-trx700fa5\/#primaryimage"},"image":{"@id":"https:\/\/hondapowertools.com\/de\/produkt\/2025-honda-fourtrax-rubicon-700-4x4-automatic-trx700fa5\/#primaryimage"},"thumbnailUrl":"https:\/\/hondapowertools.com\/wp-content\/uploads\/2025\/02\/67acb05321888e40a4328124.jpg","datePublished":"2025-02-14T04:20:59+00:00","dateModified":"2025-02-14T04:26:52+00:00","description":"2025 Honda FourTraxhonda rubicon 700 for sale, 4x4 Automatic TRX700FA5 . Honda power equipment offers great deals for this rubicon .order now","breadcrumb":{"@id":"https:\/\/hondapowertools.com\/de\/produkt\/2025-honda-fourtrax-rubicon-700-4x4-automatic-trx700fa5\/#breadcrumb"},"inLanguage":"fr-FR","potentialAction":[{"@type":"ReadAction","target":["https:\/\/hondapowertools.com\/de\/produkt\/2025-honda-fourtrax-rubicon-700-4x4-automatic-trx700fa5\/"]}]},{"@type":"ImageObject","inLanguage":"fr-FR","@id":"https:\/\/hondapowertools.com\/de\/produkt\/2025-honda-fourtrax-rubicon-700-4x4-automatic-trx700fa5\/#primaryimage","url":"https:\/\/hondapowertools.com\/wp-content\/uploads\/2025\/02\/67acb05321888e40a4328124.jpg","contentUrl":"https:\/\/hondapowertools.com\/wp-content\/uploads\/2025\/02\/67acb05321888e40a4328124.jpg","width":1024,"height":768,"caption":"honda rubicon 700 for sale"},{"@type":"BreadcrumbList","@id":"https:\/\/hondapowertools.com\/de\/produkt\/2025-honda-fourtrax-rubicon-700-4x4-automatic-trx700fa5\/#breadcrumb","itemListElement":[{"@type":"ListItem","position":1,"name":"Home","item":"https:\/\/hondapowertools.com\/"},{"@type":"ListItem","position":2,"name":"Shop","item":"https:\/\/hondapowertools.com\/?page_id=10"},{"@type":"ListItem","position":3,"name":"2025 Honda FourTrax Rubicon 700 4&#215;4 Automatic TRX700FA5"}]},{"@type":"WebSite","@id":"https:\/\/hondapowertools.com\/#website","url":"https:\/\/hondapowertools.com\/","name":"HONDA POWER EQUIPMENTS","description":"Honda Power Equipment","publisher":{"@id":"https:\/\/hondapowertools.com\/#organization"},"potentialAction":[{"@type":"SearchAction","target":{"@type":"EntryPoint","urlTemplate":"https:\/\/hondapowertools.com\/?s={search_term_string}"},"query-input":{"@type":"PropertyValueSpecification","valueRequired":true,"valueName":"search_term_string"}}],"inLanguage":"fr-FR"},{"@type":"Organization","@id":"https:\/\/hondapowertools.com\/#organization","name":"HONDA POWER TOOLS","alternateName":"HONDA POWER EQUIPMENT","url":"https:\/\/hondapowertools.com\/","logo":{"@type":"ImageObject","inLanguage":"fr-FR","@id":"https:\/\/hondapowertools.com\/#\/schema\/logo\/image\/","url":"https:\/\/hondapowertools.com\/wp-content\/uploads\/2025\/02\/cropped-honda-power-equipment-logo.png","contentUrl":"https:\/\/hondapowertools.com\/wp-content\/uploads\/2025\/02\/cropped-honda-power-equipment-logo.png","width":290,"height":70,"caption":"HONDA POWER TOOLS"},"image":{"@id":"https:\/\/hondapowertools.com\/#\/schema\/logo\/image\/"}}]}},"_links":{"self":[{"href":"https:\/\/hondapowertools.com\/fr\/wp-json\/wp\/v2\/product\/791","targetHints":{"allow":["GET"]}}],"collection":[{"href":"https:\/\/hondapowertools.com\/fr\/wp-json\/wp\/v2\/product"}],"about":[{"href":"https:\/\/hondapowertools.com\/fr\/wp-json\/wp\/v2\/types\/product"}],"replies":[{"embeddable":true,"href":"https:\/\/hondapowertools.com\/fr\/wp-json\/wp\/v2\/comments?post=791"}],"wp:featuredmedia":[{"embeddable":true,"href":"https:\/\/hondapowertools.com\/fr\/wp-json\/wp\/v2\/media\/792"}],"wp:attachment":[{"href":"https:\/\/hondapowertools.com\/fr\/wp-json\/wp\/v2\/media?parent=791"}],"wp:term":[{"taxonomy":"product_brand","embeddable":true,"href":"https:\/\/hondapowertools.com\/fr\/wp-json\/wp\/v2\/product_brand?post=791"},{"taxonomy":"product_cat","embeddable":true,"href":"https:\/\/hondapowertools.com\/fr\/wp-json\/wp\/v2\/product_cat?post=791"},{"taxonomy":"product_tag","embeddable":true,"href":"https:\/\/hondapowertools.com\/fr\/wp-json\/wp\/v2\/product_tag?post=791"}],"curies":[{"name":"wp","href":"https:\/\/api.w.org\/{rel}","templated":true}]}}