{"id":794,"date":"2025-02-14T04:36:29","date_gmt":"2025-02-14T04:36:29","guid":{"rendered":"https:\/\/hondapowertools.com\/?post_type=product&#038;p=794"},"modified":"2026-01-07T08:19:44","modified_gmt":"2026-01-07T08:19:44","slug":"2017-honda-fourtrax-foreman-rubicon-4x4-eps","status":"publish","type":"product","link":"https:\/\/hondapowertools.com\/fr\/produit\/2017-honda-fourtrax-foreman-rubicon-4x4-eps\/","title":{"rendered":"2017 Honda FourTrax Foreman Rubicon 4\u00d74 EPS"},"content":{"rendered":"<h2 class=\"tide-font-20 tide-font-600\">2017 Honda FourTrax Foreman Rubicon 4\u00d74 EPS tr\u00e8s peu utilis\u00e9 avec 10000miles<\/h2>\n<p>&nbsp;<\/p>\n<h3>Joli \u00e9quipement \u00e9lectrique Honda d'occasion : Treuil et am\u00e9lioration des roues et pneus Sedona en aluminium.<\/h3>\n<p>Qu'il s'agisse d'architecture, de transport, d'habillement, de cuisine ou de musique, les grands noms r\u00e9sistent \u00e0 l'\u00e9preuve du temps. Et lorsqu'il s'agit de v\u00e9hicules tout-terrain, cette \u00e9preuve signifie deux choses : le nombre d'heures par jour que vous souhaitez passer \u00e0 rouler et la dur\u00e9e de vie de votre VTT.<\/p>\n<p>Sur ces deux plans, le Honda FourTrax Foreman Rubicon fait un tabac. C'est un VTT haut de gamme qui met l'accent sur le confort du conducteur - un confort qui dure toute la journ\u00e9e. Et nous avons une grande s\u00e9lection de mod\u00e8les Rubicon avec un large \u00e9ventail de caract\u00e9ristiques, de sorte que vous pouvez choisir celui qui est parfait pour vous. Et pour 2017, nous avons m\u00eame un mod\u00e8le dont la couleur de la peinture est appliqu\u00e9e sur la carrosserie - une premi\u00e8re pour un VTT Honda.<\/p>\n<p>Chaque Rubicon utilise le m\u00eame moteur de classe 500, robuste, \u00e9prouv\u00e9 et efficace. Vous avez le choix entre deux options de transmission : une bo\u00eete de vitesses robuste de type ATV conventionnel qui fait du Rubicon le seul ATV \u00e0 changement de vitesses manuel avec suspension arri\u00e8re ind\u00e9pendante sur le march\u00e9, et notre transmission automatique r\u00e9volutionnaire \u00e0 double embrayage avec une nouvelle cartographie de changement de vitesses plus douce, dot\u00e9e d'engrenages internes en acier robustes.<\/p>\n<p>&nbsp;<\/p>\n<p>La suspension arri\u00e8re ind\u00e9pendante (IRS) ne se r\u00e9sume pas au confort et \u00e0 la douceur de la conduite. L'ing\u00e9nierie sup\u00e9rieure de la suspension du Rubicon vous donne la confiance dont vous avez besoin pour affronter les pistes accident\u00e9es, tout en offrant un confort de conduite tout au long de la journ\u00e9e et une excellente traction sur les sols irr\u00e9guliers.<\/p>\n<p>Et il y a encore bien d'autres choses \u00e0 dire : des commandes raffin\u00e9es, de solides porte-bagages en acier, un frein \u00e0 disque arri\u00e8re int\u00e9rieur, une direction assist\u00e9e \u00e9lectrique (EPS) en option, et m\u00eame des mod\u00e8les dot\u00e9s de bras triangulaires et de ressorts rouges, ainsi que de jantes noires en aluminium moul\u00e9 et usin\u00e9. Mais quel que soit le mod\u00e8le Rubicon que vous choisirez, une chose est s\u00fbre : Une fois que vous aurez commenc\u00e9 \u00e0 rouler, la seule raison pour laquelle vous voudrez vous arr\u00eater sera pour faire le plein.<\/p>","protected":false},"excerpt":{"rendered":"<p>2017 Honda FourTrax Foreman Rubicon 4&#215;4 EPS farly used with 10000miles &nbsp; Nice used Honda power equipment: Winch and Sedona Aluminum Wheel and Tire upgrade. It doesn\u2019t matter whether we\u2019re talking about architecture, transportation, clothing, food, or music: the real greats stand the test of time. And when you\u2019re talking about all-terrain vehicles, that test [&#8230;]","protected":false},"featured_media":796,"comment_status":"open","ping_status":"closed","template":"","meta":[],"product_brand":[],"product_cat":[50],"product_tag":[192],"class_list":{"0":"post-794","1":"product","2":"type-product","3":"status-publish","4":"has-post-thumbnail","6":"product_cat-honda-golf-carts","7":"product_tag-2017-honda-rubicon-500-for-sale","9":"first","10":"instock","11":"shipping-taxable","12":"purchasable","13":"product-type-simple"},"yoast_head":"<!-- This site is optimized with the Yoast SEO Premium plugin v26.2 (Yoast SEO v26.2) - https:\/\/yoast.com\/wordpress\/plugins\/seo\/ -->\n<title>2017 Honda FourTrax Foreman Rubicon 4x4 EPS - HONDA POWER EQUIPMENT<\/title>\n<meta name=\"description\" content=\"Order fairly used 2017 Honda FourTrax Foreman Rubicon comes with 10000 miles and has never been repaired. good engine ,good transmission\" \/>\n<meta name=\"robots\" content=\"index, follow, max-snippet:-1, max-image-preview:large, max-video-preview:-1\" \/>\n<link rel=\"canonical\" href=\"https:\/\/hondapowertools.com\/fr\/tuote\/2017-honda-fourtrax-foreman-rubicon-4x4-eps\/\" \/>\n<meta property=\"og:locale\" content=\"fr_FR\" \/>\n<meta property=\"og:type\" content=\"article\" \/>\n<meta property=\"og:title\" content=\"2017 Honda FourTrax Foreman Rubicon 4x4 EPS\" \/>\n<meta property=\"og:description\" content=\"Order fairly used 2017 Honda FourTrax Foreman Rubicon comes with 10000 miles and has never been repaired. good engine ,good transmission\" \/>\n<meta property=\"og:url\" content=\"https:\/\/hondapowertools.com\/fr\/tuote\/2017-honda-fourtrax-foreman-rubicon-4x4-eps\/\" \/>\n<meta property=\"og:site_name\" content=\"HONDA POWER EQUIPMENT\" \/>\n<meta property=\"article:modified_time\" content=\"2026-01-07T08:19:44+00:00\" \/>\n<meta property=\"og:image\" content=\"https:\/\/hondapowertools.com\/wp-content\/uploads\/2025\/02\/675869b9bae48632fa120496.jpg\" \/>\n\t<meta property=\"og:image:width\" content=\"1024\" \/>\n\t<meta property=\"og:image:height\" content=\"768\" \/>\n\t<meta property=\"og:image:type\" content=\"image\/jpeg\" \/>\n<meta name=\"twitter:card\" content=\"summary_large_image\" \/>\n<meta name=\"twitter:label1\" content=\"Dur\u00e9e de lecture estim\u00e9e\" \/>\n\t<meta name=\"twitter:data1\" content=\"2 minutes\" \/>\n<script type=\"application\/ld+json\" class=\"yoast-schema-graph\">{\"@context\":\"https:\/\/schema.org\",\"@graph\":[{\"@type\":\"WebPage\",\"@id\":\"https:\/\/hondapowertools.com\/fi\/tuote\/2017-honda-fourtrax-foreman-rubicon-4x4-eps\/\",\"url\":\"https:\/\/hondapowertools.com\/fi\/tuote\/2017-honda-fourtrax-foreman-rubicon-4x4-eps\/\",\"name\":\"2017 Honda FourTrax Foreman Rubicon 4x4 EPS - HONDA POWER EQUIPMENT\",\"isPartOf\":{\"@id\":\"https:\/\/hondapowertools.com\/#website\"},\"primaryImageOfPage\":{\"@id\":\"https:\/\/hondapowertools.com\/fi\/tuote\/2017-honda-fourtrax-foreman-rubicon-4x4-eps\/#primaryimage\"},\"image\":{\"@id\":\"https:\/\/hondapowertools.com\/fi\/tuote\/2017-honda-fourtrax-foreman-rubicon-4x4-eps\/#primaryimage\"},\"thumbnailUrl\":\"https:\/\/hondapowertools.com\/wp-content\/uploads\/2025\/02\/675869b9bae48632fa120496.jpg\",\"datePublished\":\"2025-02-14T04:36:29+00:00\",\"dateModified\":\"2026-01-07T08:19:44+00:00\",\"description\":\"Order fairly used 2017 Honda FourTrax Foreman Rubicon comes with 10000 miles and has never been repaired. good engine ,good transmission\",\"breadcrumb\":{\"@id\":\"https:\/\/hondapowertools.com\/fi\/tuote\/2017-honda-fourtrax-foreman-rubicon-4x4-eps\/#breadcrumb\"},\"inLanguage\":\"fr-FR\",\"potentialAction\":[{\"@type\":\"ReadAction\",\"target\":[\"https:\/\/hondapowertools.com\/fi\/tuote\/2017-honda-fourtrax-foreman-rubicon-4x4-eps\/\"]}]},{\"@type\":\"ImageObject\",\"inLanguage\":\"fr-FR\",\"@id\":\"https:\/\/hondapowertools.com\/fi\/tuote\/2017-honda-fourtrax-foreman-rubicon-4x4-eps\/#primaryimage\",\"url\":\"https:\/\/hondapowertools.com\/wp-content\/uploads\/2025\/02\/675869b9bae48632fa120496.jpg\",\"contentUrl\":\"https:\/\/hondapowertools.com\/wp-content\/uploads\/2025\/02\/675869b9bae48632fa120496.jpg\",\"width\":1024,\"height\":768,\"caption\":\"2017 honda rubicon 500 for sale\"},{\"@type\":\"BreadcrumbList\",\"@id\":\"https:\/\/hondapowertools.com\/fi\/tuote\/2017-honda-fourtrax-foreman-rubicon-4x4-eps\/#breadcrumb\",\"itemListElement\":[{\"@type\":\"ListItem\",\"position\":1,\"name\":\"Home\",\"item\":\"https:\/\/hondapowertools.com\/\"},{\"@type\":\"ListItem\",\"position\":2,\"name\":\"Shop\",\"item\":\"https:\/\/hondapowertools.com\/?page_id=10\"},{\"@type\":\"ListItem\",\"position\":3,\"name\":\"2017 Honda FourTrax Foreman Rubicon 4&#215;4 EPS\"}]},{\"@type\":\"WebSite\",\"@id\":\"https:\/\/hondapowertools.com\/#website\",\"url\":\"https:\/\/hondapowertools.com\/\",\"name\":\"HONDA POWER EQUIPMENTS\",\"description\":\"Honda Power Equipment\",\"publisher\":{\"@id\":\"https:\/\/hondapowertools.com\/#organization\"},\"potentialAction\":[{\"@type\":\"SearchAction\",\"target\":{\"@type\":\"EntryPoint\",\"urlTemplate\":\"https:\/\/hondapowertools.com\/?s={search_term_string}\"},\"query-input\":{\"@type\":\"PropertyValueSpecification\",\"valueRequired\":true,\"valueName\":\"search_term_string\"}}],\"inLanguage\":\"fr-FR\"},{\"@type\":\"Organization\",\"@id\":\"https:\/\/hondapowertools.com\/#organization\",\"name\":\"HONDA POWER TOOLS\",\"alternateName\":\"HONDA POWER EQUIPMENT\",\"url\":\"https:\/\/hondapowertools.com\/\",\"logo\":{\"@type\":\"ImageObject\",\"inLanguage\":\"fr-FR\",\"@id\":\"https:\/\/hondapowertools.com\/#\/schema\/logo\/image\/\",\"url\":\"https:\/\/hondapowertools.com\/wp-content\/uploads\/2025\/02\/cropped-honda-power-equipment-logo.png\",\"contentUrl\":\"https:\/\/hondapowertools.com\/wp-content\/uploads\/2025\/02\/cropped-honda-power-equipment-logo.png\",\"width\":290,\"height\":70,\"caption\":\"HONDA POWER TOOLS\"},\"image\":{\"@id\":\"https:\/\/hondapowertools.com\/#\/schema\/logo\/image\/\"}}]}<\/script>\n<!-- \/ Yoast SEO Premium plugin. -->","yoast_head_json":{"title":"2017 Honda FourTrax Foreman Rubicon 4x4 EPS - HONDA POWER EQUIPMENT","description":"Order fairly used 2017 Honda FourTrax Foreman Rubicon comes with 10000 miles and has never been repaired. good engine ,good transmission","robots":{"index":"index","follow":"follow","max-snippet":"max-snippet:-1","max-image-preview":"max-image-preview:large","max-video-preview":"max-video-preview:-1"},"canonical":"https:\/\/hondapowertools.com\/fr\/tuote\/2017-honda-fourtrax-foreman-rubicon-4x4-eps\/","og_locale":"fr_FR","og_type":"article","og_title":"2017 Honda FourTrax Foreman Rubicon 4x4 EPS","og_description":"Order fairly used 2017 Honda FourTrax Foreman Rubicon comes with 10000 miles and has never been repaired. good engine ,good transmission","og_url":"https:\/\/hondapowertools.com\/fr\/tuote\/2017-honda-fourtrax-foreman-rubicon-4x4-eps\/","og_site_name":"HONDA POWER EQUIPMENT","article_modified_time":"2026-01-07T08:19:44+00:00","og_image":[{"width":1024,"height":768,"url":"https:\/\/hondapowertools.com\/wp-content\/uploads\/2025\/02\/675869b9bae48632fa120496.jpg","type":"image\/jpeg"}],"twitter_card":"summary_large_image","twitter_misc":{"Dur\u00e9e de lecture estim\u00e9e":"2 minutes"},"schema":{"@context":"https:\/\/schema.org","@graph":[{"@type":"WebPage","@id":"https:\/\/hondapowertools.com\/fi\/tuote\/2017-honda-fourtrax-foreman-rubicon-4x4-eps\/","url":"https:\/\/hondapowertools.com\/fi\/tuote\/2017-honda-fourtrax-foreman-rubicon-4x4-eps\/","name":"2017 Honda FourTrax Foreman Rubicon 4x4 EPS - HONDA POWER EQUIPMENT","isPartOf":{"@id":"https:\/\/hondapowertools.com\/#website"},"primaryImageOfPage":{"@id":"https:\/\/hondapowertools.com\/fi\/tuote\/2017-honda-fourtrax-foreman-rubicon-4x4-eps\/#primaryimage"},"image":{"@id":"https:\/\/hondapowertools.com\/fi\/tuote\/2017-honda-fourtrax-foreman-rubicon-4x4-eps\/#primaryimage"},"thumbnailUrl":"https:\/\/hondapowertools.com\/wp-content\/uploads\/2025\/02\/675869b9bae48632fa120496.jpg","datePublished":"2025-02-14T04:36:29+00:00","dateModified":"2026-01-07T08:19:44+00:00","description":"Order fairly used 2017 Honda FourTrax Foreman Rubicon comes with 10000 miles and has never been repaired. good engine ,good transmission","breadcrumb":{"@id":"https:\/\/hondapowertools.com\/fi\/tuote\/2017-honda-fourtrax-foreman-rubicon-4x4-eps\/#breadcrumb"},"inLanguage":"fr-FR","potentialAction":[{"@type":"ReadAction","target":["https:\/\/hondapowertools.com\/fi\/tuote\/2017-honda-fourtrax-foreman-rubicon-4x4-eps\/"]}]},{"@type":"ImageObject","inLanguage":"fr-FR","@id":"https:\/\/hondapowertools.com\/fi\/tuote\/2017-honda-fourtrax-foreman-rubicon-4x4-eps\/#primaryimage","url":"https:\/\/hondapowertools.com\/wp-content\/uploads\/2025\/02\/675869b9bae48632fa120496.jpg","contentUrl":"https:\/\/hondapowertools.com\/wp-content\/uploads\/2025\/02\/675869b9bae48632fa120496.jpg","width":1024,"height":768,"caption":"2017 honda rubicon 500 for sale"},{"@type":"BreadcrumbList","@id":"https:\/\/hondapowertools.com\/fi\/tuote\/2017-honda-fourtrax-foreman-rubicon-4x4-eps\/#breadcrumb","itemListElement":[{"@type":"ListItem","position":1,"name":"Home","item":"https:\/\/hondapowertools.com\/"},{"@type":"ListItem","position":2,"name":"Shop","item":"https:\/\/hondapowertools.com\/?page_id=10"},{"@type":"ListItem","position":3,"name":"2017 Honda FourTrax Foreman Rubicon 4&#215;4 EPS"}]},{"@type":"WebSite","@id":"https:\/\/hondapowertools.com\/#website","url":"https:\/\/hondapowertools.com\/","name":"HONDA POWER EQUIPMENTS","description":"Honda Power Equipment","publisher":{"@id":"https:\/\/hondapowertools.com\/#organization"},"potentialAction":[{"@type":"SearchAction","target":{"@type":"EntryPoint","urlTemplate":"https:\/\/hondapowertools.com\/?s={search_term_string}"},"query-input":{"@type":"PropertyValueSpecification","valueRequired":true,"valueName":"search_term_string"}}],"inLanguage":"fr-FR"},{"@type":"Organization","@id":"https:\/\/hondapowertools.com\/#organization","name":"HONDA POWER TOOLS","alternateName":"HONDA POWER EQUIPMENT","url":"https:\/\/hondapowertools.com\/","logo":{"@type":"ImageObject","inLanguage":"fr-FR","@id":"https:\/\/hondapowertools.com\/#\/schema\/logo\/image\/","url":"https:\/\/hondapowertools.com\/wp-content\/uploads\/2025\/02\/cropped-honda-power-equipment-logo.png","contentUrl":"https:\/\/hondapowertools.com\/wp-content\/uploads\/2025\/02\/cropped-honda-power-equipment-logo.png","width":290,"height":70,"caption":"HONDA POWER TOOLS"},"image":{"@id":"https:\/\/hondapowertools.com\/#\/schema\/logo\/image\/"}}]}},"_links":{"self":[{"href":"https:\/\/hondapowertools.com\/fr\/wp-json\/wp\/v2\/product\/794","targetHints":{"allow":["GET"]}}],"collection":[{"href":"https:\/\/hondapowertools.com\/fr\/wp-json\/wp\/v2\/product"}],"about":[{"href":"https:\/\/hondapowertools.com\/fr\/wp-json\/wp\/v2\/types\/product"}],"replies":[{"embeddable":true,"href":"https:\/\/hondapowertools.com\/fr\/wp-json\/wp\/v2\/comments?post=794"}],"wp:featuredmedia":[{"embeddable":true,"href":"https:\/\/hondapowertools.com\/fr\/wp-json\/wp\/v2\/media\/796"}],"wp:attachment":[{"href":"https:\/\/hondapowertools.com\/fr\/wp-json\/wp\/v2\/media?parent=794"}],"wp:term":[{"taxonomy":"product_brand","embeddable":true,"href":"https:\/\/hondapowertools.com\/fr\/wp-json\/wp\/v2\/product_brand?post=794"},{"taxonomy":"product_cat","embeddable":true,"href":"https:\/\/hondapowertools.com\/fr\/wp-json\/wp\/v2\/product_cat?post=794"},{"taxonomy":"product_tag","embeddable":true,"href":"https:\/\/hondapowertools.com\/fr\/wp-json\/wp\/v2\/product_tag?post=794"}],"curies":[{"name":"wp","href":"https:\/\/api.w.org\/{rel}","templated":true}]}}