{"id":798,"date":"2025-02-14T04:55:46","date_gmt":"2025-02-14T04:55:46","guid":{"rendered":"https:\/\/hondapowertools.com\/?post_type=product&#038;p=798"},"modified":"2025-02-14T04:56:51","modified_gmt":"2025-02-14T04:56:51","slug":"2023-honda-talon-1000xs-4-fox-live-valve","status":"publish","type":"product","link":"https:\/\/hondapowertools.com\/fr\/produit\/2023-honda-talon-1000xs-4-fox-live-valve\/","title":{"rendered":"2023 Honda TALON 1000XS 4 FOX LIVE VALVE"},"content":{"rendered":"<h2 class=\"basic-modal-title tide-display-flex tide-axis1-between tide-width-full tide-padding-2 tide-font-20 tide-font-700 tide-margin-right-2\"><strong>A propos de ce 2023 Honda TALON 1000XS 4 FOX LIVE VALVE<\/strong><\/h2>\n<div class=\"basic-modal-content tide-y-auto tide-padding-bottom-2\" data-v-bf84aec3=\"\">\n<p data-v-25f4c8ef=\"\">2023 HONDA TALON 1000XS 4 FOX LIVE VALVE, Big Rock Powersports &amp; Marine est le *<\/p>\n<p data-v-25f4c8ef=\"\">Le meilleur endroit pour acheter votre Honda Talon 1000XS-4 FOX Live Valve, et voici pourquoi :<\/p>\n<p data-v-25f4c8ef=\"\">Garantie du meilleur prix<\/p>\n<p data-v-25f4c8ef=\"\">\u00a0Big Rock Powersports &amp; Marine propose une<\/p>\n<p data-v-25f4c8ef=\"\">Garantie du meilleur prix*<\/p>\n<p data-v-25f4c8ef=\"\">\u00a0en vous assurant d'obtenir le prix le plus bas possible pour votre nouvelle Honda<\/p>\n<h3>Honda Talon 1000XS-4 FOX Live Valve ;- Ils \u00e9galent ou battent les prix des concurrents, vous assurant d'obtenir le meilleur rapport qualit\u00e9\/prix pour votre investissement.<\/h3>\n<p data-v-25f4c8ef=\"\">Cinq sites pratiques dans l'est de la Caroline du Nord<\/p>\n<p data-v-25f4c8ef=\"\">\u00a0Avec cinq sites<\/p>\n<p data-v-25f4c8ef=\"\">Dans l'est de la Caroline du Nord, Big Rock Powersports &amp; Marine facilite l'achat de votre Talon, o\u00f9 que vous soyez. ;- Chaque site est enti\u00e8rement approvisionn\u00e9 en stock et dot\u00e9 d'un personnel professionnel comp\u00e9tent pour vous aider.<\/p>\n<p data-v-25f4c8ef=\"\">Concessionnaire Honda agr\u00e9\u00e9<\/p>\n<p data-v-25f4c8ef=\"\">\u00a0Big Rock Powersports &amp; Marine est un<\/p>\n<p data-v-25f4c8ef=\"\">*concessionnaire Honda agr\u00e9\u00e9*<\/p>\n<p data-v-25f4c8ef=\"\">*, ce qui garantit que vous achetez un produit authentique **<\/p>\n<p data-v-25f4c8ef=\"\">2023 Honda Talon 1000XS-4 FOX Live Valve* (en anglais)<\/p>\n<p data-v-25f4c8ef=\"\">* La garantie d'usine et l'assistance de Honda;;;-<\/p>\n<p data-v-25f4c8ef=\"\">4. Inventaire \u00e9tendu**<\/p>\n<p data-v-25f4c8ef=\"\">;- Ils proposent un **vaste choix**<\/p>\n<p data-v-25f4c8ef=\"\">des c\u00f4te-\u00e0-c\u00f4te Honda, y compris le **Talon 1000XS-4 FOX Live Valve*.<\/p>\n<p data-v-25f4c8ef=\"\">*, vous avez donc plus de chances de trouver exactement ce que vous cherchez.<\/p>\n<p data-v-25f4c8ef=\"\">*5. Options de financement expertes** ;<\/p>\n<p data-v-25f4c8ef=\"\">- Big Rock Powersports &amp; Marine offre des **plans de financement personnalis\u00e9s** pour rendre l'achat d'une Honda Talon 1000XS-4 plus abordable ;- Leurs experts en financement travaillent avec vous pour cr\u00e9er des options de paiement qui s'adaptent \u00e0 votre budget ;- Leurs experts en financement travaillent avec vous pour cr\u00e9er des options de paiement qui s'adaptent \u00e0 votre budget ;- ;<\/p>\n<p data-v-25f4c8ef=\"\">6. Service apr\u00e8s-vente certifi\u00e9**;-<\/p>\n<p data-v-25f4c8ef=\"\">Leur **d\u00e9partement de service Honda certifi\u00e9** s'assure que votre Talon re\u00e7oive un entretien et des r\u00e9parations de premi\u00e8re qualit\u00e9 effectu\u00e9s par des techniciens form\u00e9s en usine et utilisant des pi\u00e8ces Honda d'origine. ;- Qu'il s'agisse d'un entretien de routine ou d'am\u00e9liorations de performance, ils vous couvrent.;;-;;### **7. Inspection avant livraison**;- Chaque **2023 Honda Talon 1000XS-4 FOX Live Valve** est minutieusement inspect\u00e9 avant livraison, pour s'assurer qu'il est en parfait \u00e9tat lorsque vous le ramenez \u00e0 la maison.<\/p>\n<p data-v-25f4c8ef=\"\">8. Un personnel comp\u00e9tent et amical**<\/p>\n<p data-v-25f4c8ef=\"\">;- Big Rock Powersports &amp; Marine emploie une \u00e9quipe de **professionnels exp\u00e9riment\u00e9s et sympathiques** qui se consacrent \u00e0 rendre votre exp\u00e9rience d'achat transparente et agr\u00e9able ;- Ils seront heureux de r\u00e9pondre \u00e0 toutes vos questions et de vous aider \u00e0 s\u00e9lectionner des accessoires pour personnaliser votre Talon ;<\/p>\n<p data-v-25f4c8ef=\"\">9. La satisfaction du client**;- Avec une solide r\u00e9putation de **service \u00e0 la client\u00e8le hors pair*<\/p>\n<p data-v-25f4c8ef=\"\">*, Big Rock Powersports &amp; Marine s'engage \u00e0 d\u00e9passer vos attentes tout au long du processus d'achat et au-del\u00e0.<\/p>\n<p data-v-25f4c8ef=\"\">A propos de la Honda Talon 1000XS-4 FOX Live Valve 2023**;La<\/p>\n<p data-v-25f4c8ef=\"\">2023 Honda Talon 1000XS-4 FOX Live Valve** est le c\u00f4te-\u00e0-c\u00f4te ultime pour les passionn\u00e9s d'aventure.<\/p>\n<p data-v-25f4c8ef=\"\">-Moteur puissant<\/p>\n<p data-v-25f4c8ef=\"\">Dot\u00e9 d'un moteur bicylindre parall\u00e8le de 999 cm3 pour des performances tout-terrain palpitantes ;<\/p>\n<p data-v-25f4c8ef=\"\">-Suspension Live ValveFOX** : Ajuste l'amortissement en temps r\u00e9el pour un confort et un contr\u00f4le in\u00e9gal\u00e9s ;- **4-S<\/p>\n<\/div>","protected":false},"excerpt":{"rendered":"<p>About this 2023 Honda TALON 1000XS 4 FOX LIVE VALVE 2023 HONDA TALON 1000XS 4 FOX LIVE VALVE, Big Rock Powersports &amp; Marine is the * best place to purchase your 2023 Honda Talon 1000XS-4 FOX Live Valve, and here\u2019s why: Best Price Guarantee \u00a0Big Rock Powersports &amp; Marine offers a Best Price Guarantee* \u00a0ensuring [&#8230;]","protected":false},"featured_media":800,"comment_status":"open","ping_status":"closed","template":"","meta":[],"product_brand":[],"product_cat":[50],"product_tag":[],"class_list":{"0":"post-798","1":"product","2":"type-product","3":"status-publish","4":"has-post-thumbnail","6":"product_cat-honda-golf-carts","8":"first","9":"instock","10":"shipping-taxable","11":"purchasable","12":"product-type-simple"},"yoast_head":"<!-- This site is optimized with the Yoast SEO Premium plugin v26.2 (Yoast SEO v26.2) - https:\/\/yoast.com\/wordpress\/plugins\/seo\/ -->\n<title>2023 Honda TALON 1000XS 4 FOX LIVE VALVE - HONDA POWER EQUIPMENT<\/title>\n<meta name=\"description\" content=\"New 2023 Honda Talon 1000XS 4 Fox Live Valve 1000XS-4 Fox Live Valve atv for sale in Rocky Mount, NC Honda power equipment\" \/>\n<meta name=\"robots\" content=\"index, follow, max-snippet:-1, max-image-preview:large, max-video-preview:-1\" \/>\n<link rel=\"canonical\" href=\"https:\/\/hondapowertools.com\/fr\/produit\/2023-honda-talon-1000xs-4-fox-live-valve\/\" \/>\n<meta property=\"og:locale\" content=\"fr_FR\" \/>\n<meta property=\"og:type\" content=\"article\" \/>\n<meta property=\"og:title\" content=\"2023 Honda TALON 1000XS 4 FOX LIVE VALVE\" \/>\n<meta property=\"og:description\" content=\"New 2023 Honda Talon 1000XS 4 Fox Live Valve 1000XS-4 Fox Live Valve atv for sale in Rocky Mount, NC Honda power equipment\" \/>\n<meta property=\"og:url\" content=\"https:\/\/hondapowertools.com\/fr\/produit\/2023-honda-talon-1000xs-4-fox-live-valve\/\" \/>\n<meta property=\"og:site_name\" content=\"HONDA POWER EQUIPMENT\" \/>\n<meta property=\"article:modified_time\" content=\"2025-02-14T04:56:51+00:00\" \/>\n<meta property=\"og:image\" content=\"https:\/\/hondapowertools.com\/wp-content\/uploads\/2025\/02\/67a3798911db8c67ec4014f4.jpg\" \/>\n\t<meta property=\"og:image:width\" content=\"1024\" \/>\n\t<meta property=\"og:image:height\" content=\"768\" \/>\n\t<meta property=\"og:image:type\" content=\"image\/jpeg\" \/>\n<meta name=\"twitter:card\" content=\"summary_large_image\" \/>\n<meta name=\"twitter:label1\" content=\"Dur\u00e9e de lecture estim\u00e9e\" \/>\n\t<meta name=\"twitter:data1\" content=\"3 minutes\" \/>\n<script type=\"application\/ld+json\" class=\"yoast-schema-graph\">{\"@context\":\"https:\/\/schema.org\",\"@graph\":[{\"@type\":\"WebPage\",\"@id\":\"https:\/\/hondapowertools.com\/fr\/produit\/2023-honda-talon-1000xs-4-fox-live-valve\/\",\"url\":\"https:\/\/hondapowertools.com\/fr\/produit\/2023-honda-talon-1000xs-4-fox-live-valve\/\",\"name\":\"2023 Honda TALON 1000XS 4 FOX LIVE VALVE - HONDA POWER EQUIPMENT\",\"isPartOf\":{\"@id\":\"https:\/\/hondapowertools.com\/#website\"},\"primaryImageOfPage\":{\"@id\":\"https:\/\/hondapowertools.com\/fr\/produit\/2023-honda-talon-1000xs-4-fox-live-valve\/#primaryimage\"},\"image\":{\"@id\":\"https:\/\/hondapowertools.com\/fr\/produit\/2023-honda-talon-1000xs-4-fox-live-valve\/#primaryimage\"},\"thumbnailUrl\":\"https:\/\/hondapowertools.com\/wp-content\/uploads\/2025\/02\/67a3798911db8c67ec4014f4.jpg\",\"datePublished\":\"2025-02-14T04:55:46+00:00\",\"dateModified\":\"2025-02-14T04:56:51+00:00\",\"description\":\"New 2023 Honda Talon 1000XS 4 Fox Live Valve 1000XS-4 Fox Live Valve atv for sale in Rocky Mount, NC Honda power equipment\",\"breadcrumb\":{\"@id\":\"https:\/\/hondapowertools.com\/fr\/produit\/2023-honda-talon-1000xs-4-fox-live-valve\/#breadcrumb\"},\"inLanguage\":\"fr-FR\",\"potentialAction\":[{\"@type\":\"ReadAction\",\"target\":[\"https:\/\/hondapowertools.com\/fr\/produit\/2023-honda-talon-1000xs-4-fox-live-valve\/\"]}]},{\"@type\":\"ImageObject\",\"inLanguage\":\"fr-FR\",\"@id\":\"https:\/\/hondapowertools.com\/fr\/produit\/2023-honda-talon-1000xs-4-fox-live-valve\/#primaryimage\",\"url\":\"https:\/\/hondapowertools.com\/wp-content\/uploads\/2025\/02\/67a3798911db8c67ec4014f4.jpg\",\"contentUrl\":\"https:\/\/hondapowertools.com\/wp-content\/uploads\/2025\/02\/67a3798911db8c67ec4014f4.jpg\",\"width\":1024,\"height\":768,\"caption\":\"2023 Honda TALON 1000XS 4 FOX LIVE VALVE\"},{\"@type\":\"BreadcrumbList\",\"@id\":\"https:\/\/hondapowertools.com\/fr\/produit\/2023-honda-talon-1000xs-4-fox-live-valve\/#breadcrumb\",\"itemListElement\":[{\"@type\":\"ListItem\",\"position\":1,\"name\":\"Home\",\"item\":\"https:\/\/hondapowertools.com\/\"},{\"@type\":\"ListItem\",\"position\":2,\"name\":\"Shop\",\"item\":\"https:\/\/hondapowertools.com\/?page_id=10\"},{\"@type\":\"ListItem\",\"position\":3,\"name\":\"2023 Honda TALON 1000XS 4 FOX LIVE VALVE\"}]},{\"@type\":\"WebSite\",\"@id\":\"https:\/\/hondapowertools.com\/#website\",\"url\":\"https:\/\/hondapowertools.com\/\",\"name\":\"HONDA POWER EQUIPMENTS\",\"description\":\"Honda Power Equipment\",\"publisher\":{\"@id\":\"https:\/\/hondapowertools.com\/#organization\"},\"potentialAction\":[{\"@type\":\"SearchAction\",\"target\":{\"@type\":\"EntryPoint\",\"urlTemplate\":\"https:\/\/hondapowertools.com\/?s={search_term_string}\"},\"query-input\":{\"@type\":\"PropertyValueSpecification\",\"valueRequired\":true,\"valueName\":\"search_term_string\"}}],\"inLanguage\":\"fr-FR\"},{\"@type\":\"Organization\",\"@id\":\"https:\/\/hondapowertools.com\/#organization\",\"name\":\"HONDA POWER TOOLS\",\"alternateName\":\"HONDA POWER EQUIPMENT\",\"url\":\"https:\/\/hondapowertools.com\/\",\"logo\":{\"@type\":\"ImageObject\",\"inLanguage\":\"fr-FR\",\"@id\":\"https:\/\/hondapowertools.com\/#\/schema\/logo\/image\/\",\"url\":\"https:\/\/hondapowertools.com\/wp-content\/uploads\/2025\/02\/cropped-honda-power-equipment-logo.png\",\"contentUrl\":\"https:\/\/hondapowertools.com\/wp-content\/uploads\/2025\/02\/cropped-honda-power-equipment-logo.png\",\"width\":290,\"height\":70,\"caption\":\"HONDA POWER TOOLS\"},\"image\":{\"@id\":\"https:\/\/hondapowertools.com\/#\/schema\/logo\/image\/\"}}]}<\/script>\n<!-- \/ Yoast SEO Premium plugin. -->","yoast_head_json":{"title":"2023 Honda TALON 1000XS 4 FOX LIVE VALVE - HONDA POWER EQUIPMENT","description":"New 2023 Honda Talon 1000XS 4 Fox Live Valve 1000XS-4 Fox Live Valve atv for sale in Rocky Mount, NC Honda power equipment","robots":{"index":"index","follow":"follow","max-snippet":"max-snippet:-1","max-image-preview":"max-image-preview:large","max-video-preview":"max-video-preview:-1"},"canonical":"https:\/\/hondapowertools.com\/fr\/produit\/2023-honda-talon-1000xs-4-fox-live-valve\/","og_locale":"fr_FR","og_type":"article","og_title":"2023 Honda TALON 1000XS 4 FOX LIVE VALVE","og_description":"New 2023 Honda Talon 1000XS 4 Fox Live Valve 1000XS-4 Fox Live Valve atv for sale in Rocky Mount, NC Honda power equipment","og_url":"https:\/\/hondapowertools.com\/fr\/produit\/2023-honda-talon-1000xs-4-fox-live-valve\/","og_site_name":"HONDA POWER EQUIPMENT","article_modified_time":"2025-02-14T04:56:51+00:00","og_image":[{"width":1024,"height":768,"url":"https:\/\/hondapowertools.com\/wp-content\/uploads\/2025\/02\/67a3798911db8c67ec4014f4.jpg","type":"image\/jpeg"}],"twitter_card":"summary_large_image","twitter_misc":{"Dur\u00e9e de lecture estim\u00e9e":"3 minutes"},"schema":{"@context":"https:\/\/schema.org","@graph":[{"@type":"WebPage","@id":"https:\/\/hondapowertools.com\/fr\/produit\/2023-honda-talon-1000xs-4-fox-live-valve\/","url":"https:\/\/hondapowertools.com\/fr\/produit\/2023-honda-talon-1000xs-4-fox-live-valve\/","name":"2023 Honda TALON 1000XS 4 FOX LIVE VALVE - HONDA POWER EQUIPMENT","isPartOf":{"@id":"https:\/\/hondapowertools.com\/#website"},"primaryImageOfPage":{"@id":"https:\/\/hondapowertools.com\/fr\/produit\/2023-honda-talon-1000xs-4-fox-live-valve\/#primaryimage"},"image":{"@id":"https:\/\/hondapowertools.com\/fr\/produit\/2023-honda-talon-1000xs-4-fox-live-valve\/#primaryimage"},"thumbnailUrl":"https:\/\/hondapowertools.com\/wp-content\/uploads\/2025\/02\/67a3798911db8c67ec4014f4.jpg","datePublished":"2025-02-14T04:55:46+00:00","dateModified":"2025-02-14T04:56:51+00:00","description":"New 2023 Honda Talon 1000XS 4 Fox Live Valve 1000XS-4 Fox Live Valve atv for sale in Rocky Mount, NC Honda power equipment","breadcrumb":{"@id":"https:\/\/hondapowertools.com\/fr\/produit\/2023-honda-talon-1000xs-4-fox-live-valve\/#breadcrumb"},"inLanguage":"fr-FR","potentialAction":[{"@type":"ReadAction","target":["https:\/\/hondapowertools.com\/fr\/produit\/2023-honda-talon-1000xs-4-fox-live-valve\/"]}]},{"@type":"ImageObject","inLanguage":"fr-FR","@id":"https:\/\/hondapowertools.com\/fr\/produit\/2023-honda-talon-1000xs-4-fox-live-valve\/#primaryimage","url":"https:\/\/hondapowertools.com\/wp-content\/uploads\/2025\/02\/67a3798911db8c67ec4014f4.jpg","contentUrl":"https:\/\/hondapowertools.com\/wp-content\/uploads\/2025\/02\/67a3798911db8c67ec4014f4.jpg","width":1024,"height":768,"caption":"2023 Honda TALON 1000XS 4 FOX LIVE VALVE"},{"@type":"BreadcrumbList","@id":"https:\/\/hondapowertools.com\/fr\/produit\/2023-honda-talon-1000xs-4-fox-live-valve\/#breadcrumb","itemListElement":[{"@type":"ListItem","position":1,"name":"Home","item":"https:\/\/hondapowertools.com\/"},{"@type":"ListItem","position":2,"name":"Shop","item":"https:\/\/hondapowertools.com\/?page_id=10"},{"@type":"ListItem","position":3,"name":"2023 Honda TALON 1000XS 4 FOX LIVE VALVE"}]},{"@type":"WebSite","@id":"https:\/\/hondapowertools.com\/#website","url":"https:\/\/hondapowertools.com\/","name":"HONDA POWER EQUIPMENTS","description":"Honda Power Equipment","publisher":{"@id":"https:\/\/hondapowertools.com\/#organization"},"potentialAction":[{"@type":"SearchAction","target":{"@type":"EntryPoint","urlTemplate":"https:\/\/hondapowertools.com\/?s={search_term_string}"},"query-input":{"@type":"PropertyValueSpecification","valueRequired":true,"valueName":"search_term_string"}}],"inLanguage":"fr-FR"},{"@type":"Organization","@id":"https:\/\/hondapowertools.com\/#organization","name":"HONDA POWER TOOLS","alternateName":"HONDA POWER EQUIPMENT","url":"https:\/\/hondapowertools.com\/","logo":{"@type":"ImageObject","inLanguage":"fr-FR","@id":"https:\/\/hondapowertools.com\/#\/schema\/logo\/image\/","url":"https:\/\/hondapowertools.com\/wp-content\/uploads\/2025\/02\/cropped-honda-power-equipment-logo.png","contentUrl":"https:\/\/hondapowertools.com\/wp-content\/uploads\/2025\/02\/cropped-honda-power-equipment-logo.png","width":290,"height":70,"caption":"HONDA POWER TOOLS"},"image":{"@id":"https:\/\/hondapowertools.com\/#\/schema\/logo\/image\/"}}]}},"_links":{"self":[{"href":"https:\/\/hondapowertools.com\/fr\/wp-json\/wp\/v2\/product\/798","targetHints":{"allow":["GET"]}}],"collection":[{"href":"https:\/\/hondapowertools.com\/fr\/wp-json\/wp\/v2\/product"}],"about":[{"href":"https:\/\/hondapowertools.com\/fr\/wp-json\/wp\/v2\/types\/product"}],"replies":[{"embeddable":true,"href":"https:\/\/hondapowertools.com\/fr\/wp-json\/wp\/v2\/comments?post=798"}],"wp:featuredmedia":[{"embeddable":true,"href":"https:\/\/hondapowertools.com\/fr\/wp-json\/wp\/v2\/media\/800"}],"wp:attachment":[{"href":"https:\/\/hondapowertools.com\/fr\/wp-json\/wp\/v2\/media?parent=798"}],"wp:term":[{"taxonomy":"product_brand","embeddable":true,"href":"https:\/\/hondapowertools.com\/fr\/wp-json\/wp\/v2\/product_brand?post=798"},{"taxonomy":"product_cat","embeddable":true,"href":"https:\/\/hondapowertools.com\/fr\/wp-json\/wp\/v2\/product_cat?post=798"},{"taxonomy":"product_tag","embeddable":true,"href":"https:\/\/hondapowertools.com\/fr\/wp-json\/wp\/v2\/product_tag?post=798"}],"curies":[{"name":"wp","href":"https:\/\/api.w.org\/{rel}","templated":true}]}}