{"id":420,"date":"2025-02-08T12:25:32","date_gmt":"2025-02-08T12:25:32","guid":{"rendered":"https:\/\/hondapowertools.com\/?post_type=product&#038;p=420"},"modified":"2025-02-08T18:45:04","modified_gmt":"2025-02-08T18:45:04","slug":"eu1000i","status":"publish","type":"product","link":"https:\/\/hondapowertools.com\/pl\/produkt\/eu1000i\/","title":{"rendered":"Generator EU1000i"},"content":{"rendered":"<h2>1000 watt 120V inverter generator with CO-MINDER<\/h2>\n<ul class=\"g-ml-0 g-pl-20\">\n<li>Ideal for TV, lights, fans, small power tools and more<\/li>\n<li>Super quiet<\/li>\n<li>Lightweight &amp; fuel efficient<\/li>\n<li>Inverter &#8211; stable power for computers &amp; more<\/li>\n<li>CO-MINDER: zaawansowany system wykrywania tlenku w\u0119gla<\/li>\n<li>\n<div class=\"col-lg-4 g-pa-10 g-mb-0\">\n<p><span class=\"g-color-black g-font-weight-700\">Power for fans, TV, lights and small power tools and appliances<\/span>This popular model can operate a wide variety of small appliances. Take a look at the applications tab for more examples.<\/p>\n<\/div>\n<div class=\"col-lg-2 featimg text-center g-pa-10 g-mb-0 g-font-weight-600\"><img decoding=\"async\" class=\"img-fluid\" src=\"https:\/\/services.powerequipment.honda.com\/content\/images\/pe\/models\/features\/thumbs\/honda-quiet-icon.jpg\" alt=\"Super quiet - less noise than normal conversation\" \/><\/div>\n<div class=\"col-lg-4 g-pa-10 g-mb-0\">\n<p><span class=\"g-color-black g-font-weight-700\">Super cichy - mniej ha\u0142asu ni\u017c normalna rozmowa<\/span>So quiet, your neighbors will thank you. The EU1000i operates at 42 to 50 dB(A), which is less noise than a normal conversation. This makes it ideal for camping, supplemental RV power and any other activity that requires quiet operation.<\/p>\n<p><a class=\"btn u-btn-primary colorbox light-box cboxElement\" title=\"\" href=\"https:\/\/powerequipment.honda.com\/generators\/super-quiet\">Dowiedz si\u0119 wi\u0119cej<\/a><\/p>\n<\/div>\n<div class=\"col-lg-2 featimg text-center g-pa-10 g-mb-0 g-font-weight-600\"><img decoding=\"async\" class=\"img-fluid\" src=\"https:\/\/services.powerequipment.honda.com\/content\/images\/pe\/models\/features\/thumbs\/co-minder-logo.jpg\" alt=\"CO-MINDER: Advanced Carbon Monoxide Detection System\" \/><\/div>\n<div class=\"col-lg-4 g-pa-10 g-mb-0\">\n<p><span class=\"g-color-black g-font-weight-700\">CO-MINDER: Zaawansowany system wykrywania tlenku w\u0119gla<\/span>CO-MINDER<sup>\u2122<\/sup>\u00a0stale monitoruje poziom tlenku w\u0119gla (CO). Automatycznie wy\u0142\u0105cza generator, zanim wykryte poziomy CO w pobli\u017cu generatora stan\u0105 si\u0119 niebezpiecznie wysokie.<\/p>\n<p><a class=\"btn u-btn-primary colorbox light-box cboxElement\" title=\"\" href=\"https:\/\/powerequipment.honda.com\/generators\/co-minder-info\">Dowiedz si\u0119 wi\u0119cej<\/a><\/p>\n<\/div>\n<div class=\"col-lg-2 featimg text-center g-pa-10 g-mb-0 g-font-weight-600\"><\/div>\n<div class=\"col-lg-4 g-pa-10 g-mb-0\">\n<p><span class=\"g-color-black g-font-weight-700\">Lightweight and compact<\/span>Weighing only 29 pounds, the EU1000 is incredibly lightweight and portable.<\/p>\n<\/div>\n<div class=\"col-lg-2 featimg text-center g-pa-10 g-mb-0 g-font-weight-600\"><img decoding=\"async\" class=\"img-fluid\" src=\"https:\/\/services.powerequipment.honda.com\/content\/images\/pe\/models\/features\/thumbs\/generator-eco-throttle.jpg\" alt=\"Fuel efficient - runs up to 6.8 hr on 0.6 gal. of fuel\" \/><\/div>\n<div class=\"col-lg-4 g-pa-10 g-mb-0\">\n<p><span class=\"g-color-black g-font-weight-700\">Fuel efficient &#8211; runs up to 6.8 hr on 0.6 gal. of fuel<\/span>Thanks to our exclusive Eco Throttle System, the EU1000i offers great fuel efficiency. It runs 3.0 to 6.8 hours on a single tank, depending on the load.<\/p>\n<p><a class=\"btn u-btn-primary colorbox light-box cboxElement\" title=\"\" href=\"https:\/\/powerequipment.honda.com\/generators\/eco-throttle\">Dowiedz si\u0119 wi\u0119cej<\/a><\/p>\n<\/div>\n<div class=\"col-lg-2 featimg text-center g-pa-10 g-mb-0 g-font-weight-600\"><img decoding=\"async\" class=\"img-fluid\" src=\"https:\/\/services.powerequipment.honda.com\/content\/images\/pe\/models\/features\/thumbs\/generator-inverter-sine-wave.gif\" alt=\"Advanced inverter technology - reliable power for computers and other sensitive equipment\" \/><\/div>\n<div class=\"col-lg-4 g-pa-10 g-mb-0\">\n<p><span class=\"g-color-black g-font-weight-700\">Zaawansowana technologia inwerterowa - niezawodne zasilanie komputer\u00f3w i innych wra\u017cliwych urz\u0105dze\u0144<\/span>Honda&#8217;s inverter technology means stable, clean power in a smaller, lighter package. The precision of <a href=\"https:\/\/hondapowertools.com\/pl\/znacznik-produktu\/honda-generator-eu2200i\/\" data-wpil-monitor-id=\"1\">Honda&#8217;s inverter technology ensures our inverter generators<\/a> produce power that is as reliable as the power you get from your outlets at home.<\/p>\n<p><a class=\"btn u-btn-primary colorbox light-box cboxElement\" title=\"\" href=\"https:\/\/powerequipment.honda.com\/generators\/inverter\">Dowiedz si\u0119 wi\u0119cej<\/a><\/p>\n<\/div>\n<div class=\"col-lg-2 featimg text-center g-pa-10 g-mb-0 g-font-weight-600\"><img decoding=\"async\" class=\"img-fluid\" src=\"https:\/\/services.powerequipment.honda.com\/content\/images\/pe\/models\/features\/thumbs\/two-eu1000i-in-parallel.jpg\" alt=\"Double your power with parallel capability\" \/><\/div>\n<div class=\"col-lg-4 g-pa-10 g-mb-0\">\n<p><span class=\"g-color-black g-font-weight-700\">Podwojona moc dzi\u0119ki mo\u017cliwo\u015bci pracy r\u00f3wnoleg\u0142ej<\/span>Need more power? Add a second EU1000i for additional power. Two identical models can be paralleled with an optional cable or cord for up to 2000 watts of power.<\/p>\n<p><a class=\"btn u-btn-primary colorbox light-box cboxElement\" title=\"\" href=\"https:\/\/powerequipment.honda.com\/generators\/parallel-capability\">Dowiedz si\u0119 wi\u0119cej<\/a><\/p>\n<\/div>\n<div class=\"col-lg-2 featimg text-center g-pa-10 g-mb-0 g-font-weight-600\"><\/div>\n<div class=\"col-lg-4 g-pa-10 g-mb-0\">\n<p><span class=\"g-color-black g-font-weight-700\">Chroniony przez Oil Alert<sup>\u00ae<\/sup><\/span>Chroni generator, wy\u0142\u0105czaj\u0105c silnik w przypadku wykrycia niskiego poziomu oleju.<\/p>\n<\/div>\n<\/li>\n<\/ul>","protected":false},"excerpt":{"rendered":"<ul class=\"g-ml-0 g-pl-20\">\n<li>Ideal for TV, lights, fans, small power tools and more<\/li>\n<li>Super quiet<\/li>\n<li>Lightweight &amp; fuel efficient<\/li>\n<li>Inverter &#8211; stable power for computers &amp; more<\/li>\n<li>CO-MINDER: zaawansowany system wykrywania tlenku w\u0119gla<\/li>\n<\/ul>\n<p>&nbsp;<\/p>","protected":false},"featured_media":421,"comment_status":"open","ping_status":"closed","template":"","meta":[],"product_brand":[],"product_cat":[42],"product_tag":[55],"class_list":{"0":"post-420","1":"product","2":"type-product","3":"status-publish","4":"has-post-thumbnail","6":"product_cat-honda-generators","7":"product_tag-honda-eu1000i-generator","9":"first","10":"instock","11":"shipping-taxable","12":"purchasable","13":"product-type-simple"},"yoast_head":"<!-- This site is optimized with the Yoast SEO Premium plugin v26.2 (Yoast SEO v26.2) - https:\/\/yoast.com\/wordpress\/plugins\/seo\/ -->\n<title>EU1000i Generator - HONDA POWER EQUIPMENT<\/title>\n<meta name=\"description\" content=\"shop The Honda for EU1000i great for lighting up home appliances ,the super quiet generator offers 1000 watts of power to run small appliances.\" \/>\n<meta name=\"robots\" content=\"index, follow, max-snippet:-1, max-image-preview:large, max-video-preview:-1\" \/>\n<link rel=\"canonical\" href=\"https:\/\/hondapowertools.com\/pl\/produkt\/eu1000i\/\" \/>\n<meta property=\"og:locale\" content=\"pl_PL\" \/>\n<meta property=\"og:type\" content=\"article\" \/>\n<meta property=\"og:title\" content=\"EU1000i Generator\" \/>\n<meta property=\"og:description\" content=\"shop The Honda for EU1000i great for lighting up home appliances ,the super quiet generator offers 1000 watts of power to run small appliances.\" \/>\n<meta property=\"og:url\" content=\"https:\/\/hondapowertools.com\/pl\/produkt\/eu1000i\/\" \/>\n<meta property=\"og:site_name\" content=\"HONDA POWER EQUIPMENT\" \/>\n<meta property=\"article:modified_time\" content=\"2025-02-08T18:45:04+00:00\" \/>\n<meta property=\"og:image\" content=\"https:\/\/hondapowertools.com\/wp-content\/uploads\/2025\/02\/eu1000t1ag_pe_imglg.jpg\" \/>\n\t<meta property=\"og:image:width\" content=\"1200\" \/>\n\t<meta property=\"og:image:height\" content=\"1200\" \/>\n\t<meta property=\"og:image:type\" content=\"image\/jpeg\" \/>\n<meta name=\"twitter:card\" content=\"summary_large_image\" \/>\n<meta name=\"twitter:label1\" content=\"Szacowany czas czytania\" \/>\n\t<meta name=\"twitter:data1\" content=\"3 minuty\" \/>\n<script type=\"application\/ld+json\" class=\"yoast-schema-graph\">{\"@context\":\"https:\/\/schema.org\",\"@graph\":[{\"@type\":\"WebPage\",\"@id\":\"https:\/\/hondapowertools.com\/en_au\/product\/eu1000i\/\",\"url\":\"https:\/\/hondapowertools.com\/en_au\/product\/eu1000i\/\",\"name\":\"EU1000i Generator - HONDA POWER EQUIPMENT\",\"isPartOf\":{\"@id\":\"https:\/\/hondapowertools.com\/#website\"},\"primaryImageOfPage\":{\"@id\":\"https:\/\/hondapowertools.com\/en_au\/product\/eu1000i\/#primaryimage\"},\"image\":{\"@id\":\"https:\/\/hondapowertools.com\/en_au\/product\/eu1000i\/#primaryimage\"},\"thumbnailUrl\":\"https:\/\/hondapowertools.com\/wp-content\/uploads\/2025\/02\/eu1000t1ag_pe_imglg.jpg\",\"datePublished\":\"2025-02-08T12:25:32+00:00\",\"dateModified\":\"2025-02-08T18:45:04+00:00\",\"description\":\"shop The Honda for EU1000i great for lighting up home appliances ,the super quiet generator offers 1000 watts of power to run small appliances.\",\"breadcrumb\":{\"@id\":\"https:\/\/hondapowertools.com\/en_au\/product\/eu1000i\/#breadcrumb\"},\"inLanguage\":\"pl-PL\",\"potentialAction\":[{\"@type\":\"ReadAction\",\"target\":[\"https:\/\/hondapowertools.com\/en_au\/product\/eu1000i\/\"]}]},{\"@type\":\"ImageObject\",\"inLanguage\":\"pl-PL\",\"@id\":\"https:\/\/hondapowertools.com\/en_au\/product\/eu1000i\/#primaryimage\",\"url\":\"https:\/\/hondapowertools.com\/wp-content\/uploads\/2025\/02\/eu1000t1ag_pe_imglg.jpg\",\"contentUrl\":\"https:\/\/hondapowertools.com\/wp-content\/uploads\/2025\/02\/eu1000t1ag_pe_imglg.jpg\",\"width\":1200,\"height\":1200,\"caption\":\"EU1000i Generator\"},{\"@type\":\"BreadcrumbList\",\"@id\":\"https:\/\/hondapowertools.com\/en_au\/product\/eu1000i\/#breadcrumb\",\"itemListElement\":[{\"@type\":\"ListItem\",\"position\":1,\"name\":\"Home\",\"item\":\"https:\/\/hondapowertools.com\/\"},{\"@type\":\"ListItem\",\"position\":2,\"name\":\"Shop\",\"item\":\"https:\/\/hondapowertools.com\/?page_id=10\"},{\"@type\":\"ListItem\",\"position\":3,\"name\":\"EU1000i Generator\"}]},{\"@type\":\"WebSite\",\"@id\":\"https:\/\/hondapowertools.com\/#website\",\"url\":\"https:\/\/hondapowertools.com\/\",\"name\":\"HONDA POWER EQUIPMENTS\",\"description\":\"Honda Power Equipment\",\"publisher\":{\"@id\":\"https:\/\/hondapowertools.com\/#organization\"},\"potentialAction\":[{\"@type\":\"SearchAction\",\"target\":{\"@type\":\"EntryPoint\",\"urlTemplate\":\"https:\/\/hondapowertools.com\/?s={search_term_string}\"},\"query-input\":{\"@type\":\"PropertyValueSpecification\",\"valueRequired\":true,\"valueName\":\"search_term_string\"}}],\"inLanguage\":\"pl-PL\"},{\"@type\":\"Organization\",\"@id\":\"https:\/\/hondapowertools.com\/#organization\",\"name\":\"HONDA POWER TOOLS\",\"alternateName\":\"HONDA POWER EQUIPMENT\",\"url\":\"https:\/\/hondapowertools.com\/\",\"logo\":{\"@type\":\"ImageObject\",\"inLanguage\":\"pl-PL\",\"@id\":\"https:\/\/hondapowertools.com\/#\/schema\/logo\/image\/\",\"url\":\"https:\/\/hondapowertools.com\/wp-content\/uploads\/2025\/02\/cropped-honda-power-equipment-logo.png\",\"contentUrl\":\"https:\/\/hondapowertools.com\/wp-content\/uploads\/2025\/02\/cropped-honda-power-equipment-logo.png\",\"width\":290,\"height\":70,\"caption\":\"HONDA POWER TOOLS\"},\"image\":{\"@id\":\"https:\/\/hondapowertools.com\/#\/schema\/logo\/image\/\"}}]}<\/script>\n<!-- \/ Yoast SEO Premium plugin. -->","yoast_head_json":{"title":"EU1000i Generator - HONDA POWER EQUIPMENT","description":"shop The Honda for EU1000i great for lighting up home appliances ,the super quiet generator offers 1000 watts of power to run small appliances.","robots":{"index":"index","follow":"follow","max-snippet":"max-snippet:-1","max-image-preview":"max-image-preview:large","max-video-preview":"max-video-preview:-1"},"canonical":"https:\/\/hondapowertools.com\/pl\/produkt\/eu1000i\/","og_locale":"pl_PL","og_type":"article","og_title":"EU1000i Generator","og_description":"shop The Honda for EU1000i great for lighting up home appliances ,the super quiet generator offers 1000 watts of power to run small appliances.","og_url":"https:\/\/hondapowertools.com\/pl\/produkt\/eu1000i\/","og_site_name":"HONDA POWER EQUIPMENT","article_modified_time":"2025-02-08T18:45:04+00:00","og_image":[{"width":1200,"height":1200,"url":"https:\/\/hondapowertools.com\/wp-content\/uploads\/2025\/02\/eu1000t1ag_pe_imglg.jpg","type":"image\/jpeg"}],"twitter_card":"summary_large_image","twitter_misc":{"Szacowany czas czytania":"3 minuty"},"schema":{"@context":"https:\/\/schema.org","@graph":[{"@type":"WebPage","@id":"https:\/\/hondapowertools.com\/en_au\/product\/eu1000i\/","url":"https:\/\/hondapowertools.com\/en_au\/product\/eu1000i\/","name":"EU1000i Generator - HONDA POWER EQUIPMENT","isPartOf":{"@id":"https:\/\/hondapowertools.com\/#website"},"primaryImageOfPage":{"@id":"https:\/\/hondapowertools.com\/en_au\/product\/eu1000i\/#primaryimage"},"image":{"@id":"https:\/\/hondapowertools.com\/en_au\/product\/eu1000i\/#primaryimage"},"thumbnailUrl":"https:\/\/hondapowertools.com\/wp-content\/uploads\/2025\/02\/eu1000t1ag_pe_imglg.jpg","datePublished":"2025-02-08T12:25:32+00:00","dateModified":"2025-02-08T18:45:04+00:00","description":"shop The Honda for EU1000i great for lighting up home appliances ,the super quiet generator offers 1000 watts of power to run small appliances.","breadcrumb":{"@id":"https:\/\/hondapowertools.com\/en_au\/product\/eu1000i\/#breadcrumb"},"inLanguage":"pl-PL","potentialAction":[{"@type":"ReadAction","target":["https:\/\/hondapowertools.com\/en_au\/product\/eu1000i\/"]}]},{"@type":"ImageObject","inLanguage":"pl-PL","@id":"https:\/\/hondapowertools.com\/en_au\/product\/eu1000i\/#primaryimage","url":"https:\/\/hondapowertools.com\/wp-content\/uploads\/2025\/02\/eu1000t1ag_pe_imglg.jpg","contentUrl":"https:\/\/hondapowertools.com\/wp-content\/uploads\/2025\/02\/eu1000t1ag_pe_imglg.jpg","width":1200,"height":1200,"caption":"EU1000i Generator"},{"@type":"BreadcrumbList","@id":"https:\/\/hondapowertools.com\/en_au\/product\/eu1000i\/#breadcrumb","itemListElement":[{"@type":"ListItem","position":1,"name":"Home","item":"https:\/\/hondapowertools.com\/"},{"@type":"ListItem","position":2,"name":"Shop","item":"https:\/\/hondapowertools.com\/?page_id=10"},{"@type":"ListItem","position":3,"name":"EU1000i Generator"}]},{"@type":"WebSite","@id":"https:\/\/hondapowertools.com\/#website","url":"https:\/\/hondapowertools.com\/","name":"HONDA POWER EQUIPMENTS","description":"Honda Power Equipment","publisher":{"@id":"https:\/\/hondapowertools.com\/#organization"},"potentialAction":[{"@type":"SearchAction","target":{"@type":"EntryPoint","urlTemplate":"https:\/\/hondapowertools.com\/?s={search_term_string}"},"query-input":{"@type":"PropertyValueSpecification","valueRequired":true,"valueName":"search_term_string"}}],"inLanguage":"pl-PL"},{"@type":"Organization","@id":"https:\/\/hondapowertools.com\/#organization","name":"HONDA POWER TOOLS","alternateName":"HONDA POWER EQUIPMENT","url":"https:\/\/hondapowertools.com\/","logo":{"@type":"ImageObject","inLanguage":"pl-PL","@id":"https:\/\/hondapowertools.com\/#\/schema\/logo\/image\/","url":"https:\/\/hondapowertools.com\/wp-content\/uploads\/2025\/02\/cropped-honda-power-equipment-logo.png","contentUrl":"https:\/\/hondapowertools.com\/wp-content\/uploads\/2025\/02\/cropped-honda-power-equipment-logo.png","width":290,"height":70,"caption":"HONDA POWER TOOLS"},"image":{"@id":"https:\/\/hondapowertools.com\/#\/schema\/logo\/image\/"}}]}},"_links":{"self":[{"href":"https:\/\/hondapowertools.com\/pl\/wp-json\/wp\/v2\/product\/420","targetHints":{"allow":["GET"]}}],"collection":[{"href":"https:\/\/hondapowertools.com\/pl\/wp-json\/wp\/v2\/product"}],"about":[{"href":"https:\/\/hondapowertools.com\/pl\/wp-json\/wp\/v2\/types\/product"}],"replies":[{"embeddable":true,"href":"https:\/\/hondapowertools.com\/pl\/wp-json\/wp\/v2\/comments?post=420"}],"wp:featuredmedia":[{"embeddable":true,"href":"https:\/\/hondapowertools.com\/pl\/wp-json\/wp\/v2\/media\/421"}],"wp:attachment":[{"href":"https:\/\/hondapowertools.com\/pl\/wp-json\/wp\/v2\/media?parent=420"}],"wp:term":[{"taxonomy":"product_brand","embeddable":true,"href":"https:\/\/hondapowertools.com\/pl\/wp-json\/wp\/v2\/product_brand?post=420"},{"taxonomy":"product_cat","embeddable":true,"href":"https:\/\/hondapowertools.com\/pl\/wp-json\/wp\/v2\/product_cat?post=420"},{"taxonomy":"product_tag","embeddable":true,"href":"https:\/\/hondapowertools.com\/pl\/wp-json\/wp\/v2\/product_tag?post=420"}],"curies":[{"name":"wp","href":"https:\/\/api.w.org\/{rel}","templated":true}]}}