{"id":456,"date":"2025-02-09T06:53:44","date_gmt":"2025-02-09T06:53:44","guid":{"rendered":"https:\/\/hondapowertools.com\/?post_type=product&#038;p=456"},"modified":"2025-02-09T06:57:29","modified_gmt":"2025-02-09T06:57:29","slug":"eu3000is","status":"publish","type":"product","link":"https:\/\/hondapowertools.com\/pl\/produkt\/eu3000is\/","title":{"rendered":"EU3000iS"},"content":{"rendered":"<div><\/div>\n<div><\/div>\n<h2>Honda Eu3000is generator\/inverter<\/h2>\n<div><\/div>\n<div id=\"Features\" class=\"anchor2 container g-py-0\">\n<div class=\"row\">\n<div><\/div>\n<div class=\"col-lg-2 featimg text-center g-pa-10 g-mb-0 g-font-weight-600\"><img decoding=\"async\" class=\"img-fluid\" src=\"https:\/\/services.powerequipment.honda.com\/content\/images\/pe\/models\/features\/thumbs\/app_refrig.microwave.rv.jpg\" alt=\"Excellent source of power for RVs, including 13,500 BTU AC units, and basic home backup power\" \/><\/div>\n<div class=\"col-lg-4 g-pa-10 g-mb-0\">\n<p><span class=\"g-color-black g-font-weight-700\">Honda eu3000is is an Excellent source of power for RVs, including 13,500 BTU AC units, and basic home backup power<\/span>This popular model can operate various appliances, including a furnace, fridge, microwave, most 13,500 BTU RV AC units, and much more. Take a look at the applications tab for more examples.<\/p>\n<\/div>\n<div class=\"col-lg-2 featimg text-center g-pa-10 g-mb-0 g-font-weight-600\"><img decoding=\"async\" class=\"img-fluid\" src=\"https:\/\/services.powerequipment.honda.com\/content\/images\/pe\/models\/features\/thumbs\/honda-quiet-icon.jpg\" alt=\"Super quiet - less noise than normal conversation\" \/><\/div>\n<div class=\"col-lg-4 g-pa-10 g-mb-0\">\n<p><span class=\"g-color-black g-font-weight-700\">Super cichy - mniej ha\u0142asu ni\u017c normalna rozmowa<\/span>\u00a0quiet, your neighbors will thank you. The Honda eu3000is operates at 50 to 57 dB(A), which is less noise than a normal conversation. This makes it ideal for camping, RV power, and any other activity that requires quiet operation.<\/p>\n<\/div>\n<div class=\"col-lg-2 featimg text-center g-pa-10 g-mb-0 g-font-weight-600\"><img decoding=\"async\" class=\"img-fluid\" src=\"https:\/\/services.powerequipment.honda.com\/content\/images\/pe\/models\/features\/thumbs\/co-minder-logo.jpg\" alt=\"CO-MINDER: Advanced Carbon Monoxide Detection System\" \/><\/div>\n<div class=\"col-lg-4 g-pa-10 g-mb-0\">\n<p><span class=\"g-color-black g-font-weight-700\">CO-MINDER: Zaawansowany system wykrywania tlenku w\u0119gla<\/span>CO-MINDER<sup>\u2122<\/sup>\u00a0stale monitoruje poziom tlenku w\u0119gla (CO). Automatycznie wy\u0142\u0105cza generator, zanim wykryte poziomy CO w pobli\u017cu generatora stan\u0105 si\u0119 niebezpiecznie wysokie.<\/p>\n<\/div>\n<div class=\"col-lg-2 featimg text-center g-pa-10 g-mb-0 g-font-weight-600\"><\/div>\n<div class=\"col-lg-4 g-pa-10 g-mb-0\">\n<p><span class=\"g-color-black g-font-weight-700\">Convenient electric starting and easy<\/span> recoil starting are also available as a backup.<\/p>\n<\/div>\n<div class=\"col-lg-2 featimg text-center g-pa-10 g-mb-0 g-font-weight-600\"><img decoding=\"async\" class=\"img-fluid\" src=\"https:\/\/services.powerequipment.honda.com\/content\/images\/pe\/models\/features\/thumbs\/generator-eco-throttle.jpg\" alt=\"Fuel efficient - Runs nearly 20 hours on 3.4 gal of fuel\" \/><\/div>\n<div class=\"col-lg-4 g-pa-10 g-mb-0\">\n<p><span class=\"g-color-black g-font-weight-700\">Fuel efficient &#8211; Runs nearly 20 hours on 3.4 gal of fuel thanks<\/span>\u00a0to our exclusive Eco Throttle System, the Honda generator eu3000is offers great fuel efficiency. Runs from 6.9 to 19.6 hours on a single tank, depending on the load. This makes it great for overnight power.<\/p>\n<\/div>\n<div class=\"col-lg-2 featimg text-center g-pa-10 g-mb-0 g-font-weight-600\"><img decoding=\"async\" class=\"img-fluid\" src=\"https:\/\/services.powerequipment.honda.com\/content\/images\/pe\/models\/features\/thumbs\/generator-inverter-sine-wave.gif\" alt=\"Advanced inverter technology - reliable power for computers and other sensitive equipment\" \/><\/div>\n<div class=\"col-lg-4 g-pa-10 g-mb-0\">\n<p><span class=\"g-color-black g-font-weight-700\">Zaawansowana technologia inwerterowa - niezawodne zasilanie komputer\u00f3w i innych wra\u017cliwych urz\u0105dze\u0144<\/span>Honda&#8217;s inverter technology means stable, clean power in a smaller, lighter package. The precision of <a href=\"https:\/\/hondapowertools.com\/pl\/znacznik-produktu\/honda-eu2200i-camo-2200-watt-portable-inverter-generator-eu2200i-camo\/\" data-wpil-monitor-id=\"9\">Honda&#8217;s inverter technology ensures our inverter generators produce power as reliable as the power you get from your outlets at home<\/a>.<\/p>\n<\/div>\n<div class=\"col-lg-2 featimg text-center g-pa-10 g-mb-0 g-font-weight-600\"><img decoding=\"async\" class=\"img-fluid\" src=\"https:\/\/services.powerequipment.honda.com\/content\/images\/pe\/models\/features\/thumbs\/eu3000is-parallel-cable.jpg\" alt=\"Add more power with parallel capability\" \/><\/div>\n<div class=\"col-lg-4 g-pa-10 g-mb-0\">\n<p><span class=\"g-color-black g-font-weight-700\">Add more power with parallel capability<\/span>Need more power? Add a second EU3000iS for additional power. Two identical models can be paralleled with an optional cable.<\/p>\n<\/div>\n<div class=\"col-lg-2 featimg text-center g-pa-10 g-mb-0 g-font-weight-600\"><img decoding=\"async\" class=\"img-fluid\" src=\"https:\/\/services.powerequipment.honda.com\/content\/images\/pe\/models\/features\/thumbs\/honda-3-year-warranty.jpg\" alt=\"3 year residential warranty\" \/><\/div>\n<div class=\"col-lg-4 g-pa-10 g-mb-0\">\n<p><span class=\"g-color-black g-font-weight-700\">3-letnia gwarancja mieszkaniowa<\/span>Mo\u017cesz spa\u0107 spokojnie, wiedz\u0105c, \u017ce Tw\u00f3j generator jest obj\u0119ty ochron\u0105 od g\u00f3ry do do\u0142u przez 3 pe\u0142ne lata.<\/p>\n<\/div>\n<div class=\"col-lg-2 featimg text-center g-pa-10 g-mb-0 g-font-weight-600\"><\/div>\n<div class=\"col-lg-4 g-pa-10 g-mb-0\">\n<p><span class=\"g-color-black g-font-weight-700\">Chroniony przez Oil Alert<sup>\u00ae<\/sup><\/span>Chroni generator, wy\u0142\u0105czaj\u0105c silnik w przypadku wykrycia niskiego poziomu oleju.<\/p>\n<\/div>\n<div class=\"col-lg-2 featimg text-center g-pa-10 g-mb-0 g-font-weight-600\"><\/div>\n<div class=\"col-lg-4 g-pa-10 g-mb-0\">\n<p><span class=\"g-color-black g-font-weight-700\">T\u0142umik iskier z certyfikatem USDA<\/span><\/p>\n<\/div>\n<div class=\"col-lg-2 featimg text-center g-pa-10 g-mb-0 g-font-weight-600\"><\/div>\n<div class=\"col-lg-4 g-pa-10 g-mb-0\">\n<p><span class=\"g-color-black g-font-weight-700\">Circuit protected<\/span>Chroni generator przed przeci\u0105\u017ceniem.<\/p>\n<\/div>\n<\/div>\n<\/div>\n<div id=\"Specs\" class=\"anchor2 container g-py-0\">\n<div class=\"col-lg-12 g-pa-0\">\n<div class=\"u-heading-v3-1 g-bg-main g-brd-main u-heading-v3-1 g-bg-main g-brd-main g-my-30 col-lg-12 g-pa-0\">\n<h2 class=\"h3 u-heading-v3__title\">Specyfikacje<\/h2>\n<\/div>\n<div class=\"g-pt-30 container\">\n<div class=\"col-lg-12 g-pa-0\">\n<div class=\"col-lg-12 g-brd-bottom g-brd-gray-light-v4 g-pt-0 g-pb-20 g-mb-0\"><span class=\"g-font-weight-600\">Pe\u0142na nazwa modelu<\/span><span class=\"pull-right w-50\">EU3000IS1AN<\/span><\/div>\n<\/div>\n<\/div>\n<div class=\"g-pt-30 container\">\n<div class=\"col-lg-12 g-pa-0\">\n<div class=\"col-lg-12 g-brd-bottom g-brd-gray-light-v4 g-pt-0 g-pb-20 g-mb-0\"><span class=\"g-font-weight-600\">Silnik<\/span><span class=\"pull-right w-50\">Honda GX200<\/span><\/div>\n<\/div>\n<\/div>\n<div class=\"g-pt-30 container\">\n<div class=\"col-lg-12 g-pa-0\">\n<div class=\"col-lg-12 g-brd-bottom g-brd-gray-light-v4 g-pt-0 g-pb-20 g-mb-0\"><span class=\"g-font-weight-600\">Przemieszczenie<\/span><span class=\"pull-right w-50\">196cc<\/span><\/div>\n<\/div>\n<\/div>\n<div class=\"g-pt-30 container\">\n<div class=\"col-lg-12 g-pa-0\">\n<div class=\"col-lg-12 g-brd-bottom g-brd-gray-light-v4 g-pt-0 g-pb-20 g-mb-0\"><span class=\"g-font-weight-600\">Wyj\u015bcie AC<\/span><span class=\"pull-right w-50\">120V 3000W max.(25A) 2800W rated (23.3A)<\/span><\/div>\n<\/div>\n<\/div>\n<div class=\"g-pt-30 container\">\n<div class=\"col-lg-12 g-pa-0\">\n<div class=\"col-lg-12 g-brd-bottom g-brd-gray-light-v4 g-pt-0 g-pb-20 g-mb-0\"><span class=\"g-font-weight-600\">Gniazda<\/span><span class=\"pull-right w-50\">20A 125V Duplex, 30A 125V Locking Plug<\/span><\/div>\n<\/div>\n<\/div>\n<div class=\"g-pt-30 container\">\n<div class=\"col-lg-12 g-pa-0\">\n<div class=\"col-lg-12 g-brd-bottom g-brd-gray-light-v4 g-pt-0 g-pb-20 g-mb-0\"><span class=\"g-font-weight-600\">Wyj\u015bcie DC<\/span><span class=\"pull-right w-50\">NA<\/span><\/div>\n<\/div>\n<\/div>\n<div class=\"g-pt-30 container\">\n<div class=\"col-lg-12 g-pa-0\">\n<div class=\"col-lg-12 g-brd-bottom g-brd-gray-light-v4 g-pt-0 g-pb-20 g-mb-0\"><span class=\"g-font-weight-600\">System startowy<\/span><span class=\"pull-right w-50\">Recoil, electric<\/span><\/div>\n<\/div>\n<\/div>\n<div class=\"g-pt-30 container\">\n<div class=\"col-lg-12 g-pa-0\">\n<div class=\"col-lg-12 g-brd-bottom g-brd-gray-light-v4 g-pt-0 g-pb-20 g-mb-0\"><span class=\"g-font-weight-600\">Fuel Tank Capacity 3.4<\/span><span class=\"pull-right w-50\">\u00a0gal.<\/span><\/div>\n<\/div>\n<\/div>\n<div class=\"g-pt-30 container\">\n<div class=\"col-lg-12 g-pa-0\">\n<div class=\"col-lg-12 g-brd-bottom g-brd-gray-light-v4 g-pt-0 g-pb-20 g-mb-0\"><span class=\"g-font-weight-600\">Czas pracy na zbiornik<\/span><span class=\"pull-right w-50\">6.9 hr @ rated load 19.6 hr @ 1\/4 load<\/span><\/div>\n<\/div>\n<\/div>\n<div class=\"g-pt-30 container\">\n<div class=\"col-lg-12 g-pa-0\">\n<div class=\"col-lg-12 g-brd-bottom g-brd-gray-light-v4 g-pt-0 g-pb-20 g-mb-0\"><span class=\"g-font-weight-600\">Wymiary (d\u0142. x szer. x wys.)<\/span><span class=\"pull-right w-50\">25.9&#8243; x 17.6&#8243; x 22.0&#8243;<\/span><\/div>\n<\/div>\n<\/div>\n<div class=\"g-pt-30 container\">\n<div class=\"col-lg-12 g-pa-0\">\n<div class=\"col-lg-12 g-brd-bottom g-brd-gray-light-v4 g-pt-0 g-pb-20 g-mb-0\"><span class=\"g-font-weight-600\">Poziom ha\u0142asu<\/span><span class=\"pull-right w-50\">57 dB(A) @ rated load, 50 dB(A) @ 1\/4 load<\/span><\/div>\n<\/div>\n<\/div>\n<div class=\"g-pt-30 container\">\n<div class=\"col-lg-12 g-pa-0\">\n<div class=\"col-lg-12 g-brd-bottom g-brd-gray-light-v4 g-pt-0 g-pb-20 g-mb-0\"><span class=\"g-font-weight-600\">Waga na sucho<\/span><span class=\"pull-right w-50\">130.7 lb.<\/span><\/div>\n<\/div>\n<\/div>\n<div class=\"g-pt-30 container\">\n<div class=\"col-lg-12 g-pa-0\">\n<div class=\"col-lg-12 g-brd-bottom g-brd-gray-light-v4 g-pt-0 g-pb-20 g-mb-0\"><span class=\"g-font-weight-600\">Gwarancja mieszkaniowa<\/span><span class=\"pull-right w-50\">3 lata<\/span><\/div>\n<\/div>\n<\/div>\n<div class=\"g-pt-30 container\">\n<div class=\"col-lg-12 g-pa-0\">\n<div class=\"col-lg-12 g-brd-bottom g-brd-gray-light-v4 g-pt-0 g-pb-20 g-mb-0\"><span class=\"g-font-weight-600\">Gwarancja komercyjna<\/span><span class=\"pull-right w-50\">12 miesi\u0119cy<\/span><\/div>\n<\/div>\n<\/div>\n<\/div>\n<\/div>","protected":false},"excerpt":{"rendered":"<ul class=\"g-ml-0 g-pl-20\">\n<li>Power for furnace, fridge, most 13,500 BTU RV AC units, &amp; more<\/li>\n<li>Super quiet &amp; fuel efficient<\/li>\n<li>Electric start<\/li>\n<li>Inverter &#8211; stable power for computers &amp; more<\/li>\n<li>CO-MINDER: zaawansowany system wykrywania tlenku w\u0119gla<\/li>\n<\/ul>\n<p>&nbsp;<\/p>","protected":false},"featured_media":458,"comment_status":"open","ping_status":"closed","template":"","meta":[],"product_brand":[],"product_cat":[42],"product_tag":[65,62,63,64,66],"class_list":{"0":"post-456","1":"product","2":"type-product","3":"status-publish","4":"has-post-thumbnail","6":"product_cat-honda-generators","7":"product_tag-eu3000is-honda-generator","8":"product_tag-honda-eu3000is","9":"product_tag-honda-eu3000is-canada","10":"product_tag-honda-eu3000is-generator","11":"product_tag-honda-inverter-eu3000is","13":"first","14":"instock","15":"shipping-taxable","16":"purchasable","17":"product-type-simple"},"yoast_head":"<!-- This site is optimized with the Yoast SEO Premium plugin v26.2 (Yoast SEO v26.2) - https:\/\/yoast.com\/wordpress\/plugins\/seo\/ -->\n<title>EU3000iS - HONDA POWER EQUIPMENT<\/title>\n<meta name=\"description\" content=\"The Honda eu3000is generator is also an inverter that offers 3000 watts of power with the convenience of an electric start. it is ideal for a home, RV\" \/>\n<meta name=\"robots\" content=\"index, follow, max-snippet:-1, max-image-preview:large, max-video-preview:-1\" \/>\n<link rel=\"canonical\" href=\"https:\/\/hondapowertools.com\/pl\/tuote\/eu3000is\/\" \/>\n<meta property=\"og:locale\" content=\"pl_PL\" \/>\n<meta property=\"og:type\" content=\"article\" \/>\n<meta property=\"og:title\" content=\"EU3000iS\" \/>\n<meta property=\"og:description\" content=\"The Honda eu3000is generator is also an inverter that offers 3000 watts of power with the convenience of an electric start. it is ideal for a home, RV\" \/>\n<meta property=\"og:url\" content=\"https:\/\/hondapowertools.com\/pl\/tuote\/eu3000is\/\" \/>\n<meta property=\"og:site_name\" content=\"HONDA POWER EQUIPMENT\" \/>\n<meta property=\"article:modified_time\" content=\"2025-02-09T06:57:29+00:00\" \/>\n<meta property=\"og:image\" content=\"https:\/\/hondapowertools.com\/wp-content\/uploads\/2025\/02\/eu3000_left.jpg\" \/>\n\t<meta property=\"og:image:width\" content=\"850\" \/>\n\t<meta property=\"og:image:height\" content=\"850\" \/>\n\t<meta property=\"og:image:type\" content=\"image\/jpeg\" \/>\n<meta name=\"twitter:card\" content=\"summary_large_image\" \/>\n<meta name=\"twitter:label1\" content=\"Szacowany czas czytania\" \/>\n\t<meta name=\"twitter:data1\" content=\"4 minuty\" \/>\n<script type=\"application\/ld+json\" class=\"yoast-schema-graph\">{\"@context\":\"https:\/\/schema.org\",\"@graph\":[{\"@type\":\"WebPage\",\"@id\":\"https:\/\/hondapowertools.com\/fi\/tuote\/eu3000is\/\",\"url\":\"https:\/\/hondapowertools.com\/fi\/tuote\/eu3000is\/\",\"name\":\"EU3000iS - HONDA POWER EQUIPMENT\",\"isPartOf\":{\"@id\":\"https:\/\/hondapowertools.com\/#website\"},\"primaryImageOfPage\":{\"@id\":\"https:\/\/hondapowertools.com\/fi\/tuote\/eu3000is\/#primaryimage\"},\"image\":{\"@id\":\"https:\/\/hondapowertools.com\/fi\/tuote\/eu3000is\/#primaryimage\"},\"thumbnailUrl\":\"https:\/\/hondapowertools.com\/wp-content\/uploads\/2025\/02\/eu3000_left.jpg\",\"datePublished\":\"2025-02-09T06:53:44+00:00\",\"dateModified\":\"2025-02-09T06:57:29+00:00\",\"description\":\"The Honda eu3000is generator is also an inverter that offers 3000 watts of power with the convenience of an electric start. it is ideal for a home, RV\",\"breadcrumb\":{\"@id\":\"https:\/\/hondapowertools.com\/fi\/tuote\/eu3000is\/#breadcrumb\"},\"inLanguage\":\"pl-PL\",\"potentialAction\":[{\"@type\":\"ReadAction\",\"target\":[\"https:\/\/hondapowertools.com\/fi\/tuote\/eu3000is\/\"]}]},{\"@type\":\"ImageObject\",\"inLanguage\":\"pl-PL\",\"@id\":\"https:\/\/hondapowertools.com\/fi\/tuote\/eu3000is\/#primaryimage\",\"url\":\"https:\/\/hondapowertools.com\/wp-content\/uploads\/2025\/02\/eu3000_left.jpg\",\"contentUrl\":\"https:\/\/hondapowertools.com\/wp-content\/uploads\/2025\/02\/eu3000_left.jpg\",\"width\":850,\"height\":850,\"caption\":\"honda eu3000is\"},{\"@type\":\"BreadcrumbList\",\"@id\":\"https:\/\/hondapowertools.com\/fi\/tuote\/eu3000is\/#breadcrumb\",\"itemListElement\":[{\"@type\":\"ListItem\",\"position\":1,\"name\":\"Home\",\"item\":\"https:\/\/hondapowertools.com\/\"},{\"@type\":\"ListItem\",\"position\":2,\"name\":\"Shop\",\"item\":\"https:\/\/hondapowertools.com\/?page_id=10\"},{\"@type\":\"ListItem\",\"position\":3,\"name\":\"EU3000iS\"}]},{\"@type\":\"WebSite\",\"@id\":\"https:\/\/hondapowertools.com\/#website\",\"url\":\"https:\/\/hondapowertools.com\/\",\"name\":\"HONDA POWER EQUIPMENTS\",\"description\":\"Honda Power Equipment\",\"publisher\":{\"@id\":\"https:\/\/hondapowertools.com\/#organization\"},\"potentialAction\":[{\"@type\":\"SearchAction\",\"target\":{\"@type\":\"EntryPoint\",\"urlTemplate\":\"https:\/\/hondapowertools.com\/?s={search_term_string}\"},\"query-input\":{\"@type\":\"PropertyValueSpecification\",\"valueRequired\":true,\"valueName\":\"search_term_string\"}}],\"inLanguage\":\"pl-PL\"},{\"@type\":\"Organization\",\"@id\":\"https:\/\/hondapowertools.com\/#organization\",\"name\":\"HONDA POWER TOOLS\",\"alternateName\":\"HONDA POWER EQUIPMENT\",\"url\":\"https:\/\/hondapowertools.com\/\",\"logo\":{\"@type\":\"ImageObject\",\"inLanguage\":\"pl-PL\",\"@id\":\"https:\/\/hondapowertools.com\/#\/schema\/logo\/image\/\",\"url\":\"https:\/\/hondapowertools.com\/wp-content\/uploads\/2025\/02\/cropped-honda-power-equipment-logo.png\",\"contentUrl\":\"https:\/\/hondapowertools.com\/wp-content\/uploads\/2025\/02\/cropped-honda-power-equipment-logo.png\",\"width\":290,\"height\":70,\"caption\":\"HONDA POWER TOOLS\"},\"image\":{\"@id\":\"https:\/\/hondapowertools.com\/#\/schema\/logo\/image\/\"}}]}<\/script>\n<!-- \/ Yoast SEO Premium plugin. -->","yoast_head_json":{"title":"EU3000iS - HONDA POWER EQUIPMENT","description":"The Honda eu3000is generator is also an inverter that offers 3000 watts of power with the convenience of an electric start. it is ideal for a home, RV","robots":{"index":"index","follow":"follow","max-snippet":"max-snippet:-1","max-image-preview":"max-image-preview:large","max-video-preview":"max-video-preview:-1"},"canonical":"https:\/\/hondapowertools.com\/pl\/tuote\/eu3000is\/","og_locale":"pl_PL","og_type":"article","og_title":"EU3000iS","og_description":"The Honda eu3000is generator is also an inverter that offers 3000 watts of power with the convenience of an electric start. it is ideal for a home, RV","og_url":"https:\/\/hondapowertools.com\/pl\/tuote\/eu3000is\/","og_site_name":"HONDA POWER EQUIPMENT","article_modified_time":"2025-02-09T06:57:29+00:00","og_image":[{"width":850,"height":850,"url":"https:\/\/hondapowertools.com\/wp-content\/uploads\/2025\/02\/eu3000_left.jpg","type":"image\/jpeg"}],"twitter_card":"summary_large_image","twitter_misc":{"Szacowany czas czytania":"4 minuty"},"schema":{"@context":"https:\/\/schema.org","@graph":[{"@type":"WebPage","@id":"https:\/\/hondapowertools.com\/fi\/tuote\/eu3000is\/","url":"https:\/\/hondapowertools.com\/fi\/tuote\/eu3000is\/","name":"EU3000iS - HONDA POWER EQUIPMENT","isPartOf":{"@id":"https:\/\/hondapowertools.com\/#website"},"primaryImageOfPage":{"@id":"https:\/\/hondapowertools.com\/fi\/tuote\/eu3000is\/#primaryimage"},"image":{"@id":"https:\/\/hondapowertools.com\/fi\/tuote\/eu3000is\/#primaryimage"},"thumbnailUrl":"https:\/\/hondapowertools.com\/wp-content\/uploads\/2025\/02\/eu3000_left.jpg","datePublished":"2025-02-09T06:53:44+00:00","dateModified":"2025-02-09T06:57:29+00:00","description":"The Honda eu3000is generator is also an inverter that offers 3000 watts of power with the convenience of an electric start. it is ideal for a home, RV","breadcrumb":{"@id":"https:\/\/hondapowertools.com\/fi\/tuote\/eu3000is\/#breadcrumb"},"inLanguage":"pl-PL","potentialAction":[{"@type":"ReadAction","target":["https:\/\/hondapowertools.com\/fi\/tuote\/eu3000is\/"]}]},{"@type":"ImageObject","inLanguage":"pl-PL","@id":"https:\/\/hondapowertools.com\/fi\/tuote\/eu3000is\/#primaryimage","url":"https:\/\/hondapowertools.com\/wp-content\/uploads\/2025\/02\/eu3000_left.jpg","contentUrl":"https:\/\/hondapowertools.com\/wp-content\/uploads\/2025\/02\/eu3000_left.jpg","width":850,"height":850,"caption":"honda eu3000is"},{"@type":"BreadcrumbList","@id":"https:\/\/hondapowertools.com\/fi\/tuote\/eu3000is\/#breadcrumb","itemListElement":[{"@type":"ListItem","position":1,"name":"Home","item":"https:\/\/hondapowertools.com\/"},{"@type":"ListItem","position":2,"name":"Shop","item":"https:\/\/hondapowertools.com\/?page_id=10"},{"@type":"ListItem","position":3,"name":"EU3000iS"}]},{"@type":"WebSite","@id":"https:\/\/hondapowertools.com\/#website","url":"https:\/\/hondapowertools.com\/","name":"HONDA POWER EQUIPMENTS","description":"Honda Power Equipment","publisher":{"@id":"https:\/\/hondapowertools.com\/#organization"},"potentialAction":[{"@type":"SearchAction","target":{"@type":"EntryPoint","urlTemplate":"https:\/\/hondapowertools.com\/?s={search_term_string}"},"query-input":{"@type":"PropertyValueSpecification","valueRequired":true,"valueName":"search_term_string"}}],"inLanguage":"pl-PL"},{"@type":"Organization","@id":"https:\/\/hondapowertools.com\/#organization","name":"HONDA POWER TOOLS","alternateName":"HONDA POWER EQUIPMENT","url":"https:\/\/hondapowertools.com\/","logo":{"@type":"ImageObject","inLanguage":"pl-PL","@id":"https:\/\/hondapowertools.com\/#\/schema\/logo\/image\/","url":"https:\/\/hondapowertools.com\/wp-content\/uploads\/2025\/02\/cropped-honda-power-equipment-logo.png","contentUrl":"https:\/\/hondapowertools.com\/wp-content\/uploads\/2025\/02\/cropped-honda-power-equipment-logo.png","width":290,"height":70,"caption":"HONDA POWER TOOLS"},"image":{"@id":"https:\/\/hondapowertools.com\/#\/schema\/logo\/image\/"}}]}},"_links":{"self":[{"href":"https:\/\/hondapowertools.com\/pl\/wp-json\/wp\/v2\/product\/456","targetHints":{"allow":["GET"]}}],"collection":[{"href":"https:\/\/hondapowertools.com\/pl\/wp-json\/wp\/v2\/product"}],"about":[{"href":"https:\/\/hondapowertools.com\/pl\/wp-json\/wp\/v2\/types\/product"}],"replies":[{"embeddable":true,"href":"https:\/\/hondapowertools.com\/pl\/wp-json\/wp\/v2\/comments?post=456"}],"wp:featuredmedia":[{"embeddable":true,"href":"https:\/\/hondapowertools.com\/pl\/wp-json\/wp\/v2\/media\/458"}],"wp:attachment":[{"href":"https:\/\/hondapowertools.com\/pl\/wp-json\/wp\/v2\/media?parent=456"}],"wp:term":[{"taxonomy":"product_brand","embeddable":true,"href":"https:\/\/hondapowertools.com\/pl\/wp-json\/wp\/v2\/product_brand?post=456"},{"taxonomy":"product_cat","embeddable":true,"href":"https:\/\/hondapowertools.com\/pl\/wp-json\/wp\/v2\/product_cat?post=456"},{"taxonomy":"product_tag","embeddable":true,"href":"https:\/\/hondapowertools.com\/pl\/wp-json\/wp\/v2\/product_tag?post=456"}],"curies":[{"name":"wp","href":"https:\/\/api.w.org\/{rel}","templated":true}]}}