{"id":501,"date":"2025-02-09T08:55:36","date_gmt":"2025-02-09T08:55:36","guid":{"rendered":"https:\/\/hondapowertools.com\/?post_type=product&#038;p=501"},"modified":"2026-01-29T07:43:32","modified_gmt":"2026-01-29T07:43:32","slug":"eb5000","status":"publish","type":"product","link":"https:\/\/hondapowertools.com\/pl\/produkt\/eb5000\/","title":{"rendered":"EB5000"},"content":{"rendered":"<div id=\"Features\" class=\"anchor2 container g-py-0\">\n<div class=\"row\">\n<h2><strong>Generator Honda eb5000<\/strong><\/h2>\n<div><\/div>\n<div>Przeno\u015bny generator przemys\u0142owy Honda EB5000 oferuje 5000 W mocy komercyjnej, idealnej dla budownictwa, wynajmu, przemys\u0142u i potrzeb profesjonalnych.<\/div>\n<div><\/div>\n<div class=\"col-lg-2 featimg text-center g-pa-10 g-mb-0 g-font-weight-600\"><img decoding=\"async\" class=\"img-fluid\" src=\"https:\/\/services.powerequipment.honda.com\/content\/images\/pe\/models\/features\/thumbs\/generator-iavr.jpg\" alt=\"Consistent power with iAVR (Intelligent Automatic Voltage Regulation) technology\" \/><\/div>\n<div class=\"col-lg-4 g-pa-10 g-mb-0\">\n<p><span class=\"g-color-black g-font-weight-700\">Sta\u0142a moc dzi\u0119ki technologii iAVR (inteligentna automatyczna regulacja napi\u0119cia)<\/span>Wyj\u0105tkowa technologia iAVR firmy Honda zapewnia sta\u0142y przep\u0142yw mocy niezale\u017cnie od obci\u0105\u017cenia. Nie musisz si\u0119 martwi\u0107, \u017ce wahania mocy zniszcz\u0105 Twoje cenne narz\u0119dzia.<\/p>\n<\/div>\n<div class=\"col-lg-2 featimg text-center g-pa-10 g-mb-0 g-font-weight-600\"><img decoding=\"async\" class=\"img-fluid\" src=\"https:\/\/services.powerequipment.honda.com\/content\/images\/pe\/models\/features\/thumbs\/generator-7000watts.jpg\" alt=\"Provides 7,000 watts for 10 secs to start larger equipment\" \/><\/div>\n<div class=\"col-lg-4 g-pa-10 g-mb-0\">\n<p><span class=\"g-color-black g-font-weight-700\">Zapewnia 7000 wat\u00f3w przez 10 sekund do uruchamiania wi\u0119kszych urz\u0105dze\u0144<\/span>Ekskluzywna technologia Honda iAVR pozwala generatorowi pracowa\u0107 znacznie powy\u017cej jego maksymalnej warto\u015bci znamionowej przez okres do 10 sekund, aby uruchomi\u0107 urz\u0105dzenia o wysokim pocz\u0105tkowym poborze pr\u0105du.<\/p>\n<\/div>\n<div class=\"col-lg-2 featimg text-center g-pa-10 g-mb-0 g-font-weight-600\"><img decoding=\"async\" class=\"img-fluid\" src=\"https:\/\/services.powerequipment.honda.com\/content\/images\/pe\/models\/features\/thumbs\/co-minder-logo.jpg\" alt=\"CO-MINDER: Advanced Carbon Monoxide Detection System\" \/><\/div>\n<div class=\"col-lg-4 g-pa-10 g-mb-0\">\n<p><span class=\"g-color-black g-font-weight-700\">CO-MINDER: Zaawansowany system wykrywania tlenku w\u0119gla<\/span>CO-MINDER<sup>\u2122<\/sup>\u00a0stale monitoruje poziom tlenku w\u0119gla (CO). Automatycznie wy\u0142\u0105cza generator, zanim wykryte poziomy CO w pobli\u017cu generatora stan\u0105 si\u0119 niebezpiecznie wysokie.<\/p>\n<\/div>\n<div class=\"col-lg-2 featimg text-center g-pa-10 g-mb-0 g-font-weight-600\"><img decoding=\"async\" class=\"img-fluid\" src=\"https:\/\/services.powerequipment.honda.com\/content\/images\/pe\/models\/features\/thumbs\/igx390.jpg\" alt=\"Powerful Honda iGX commercial engine\" \/><\/div>\n<div class=\"col-lg-4 g-pa-10 g-mb-0\">\n<p><span class=\"g-color-black g-font-weight-700\">Powerful <a href=\"https:\/\/hondapowertools.com\/pl\/znacznik-produktu\/honda-hrc216hda-self-propelled-commercial-lawn-mower\/\"  data-wpil-monitor-id=\"39\">Honda iGX commercial<\/a> engineHonda\u2019s innovative iGX series engines deliver exactly what you\u2019ve always wanted: reliable, optimal performance. This new generation of intelligent computer-controlled engines operates automatically with much better, simpler, and faster controls.<\/p>\n<\/div>\n<div class=\"col-lg-2 featimg text-center g-pa-10 g-mb-0 g-font-weight-600\"><img decoding=\"async\" class=\"img-fluid\" src=\"https:\/\/services.powerequipment.honda.com\/content\/images\/pe\/models\/features\/thumbs\/generator-voltage-selector-switch.jpg\" alt=\"120\/240V Selector switch - More usable power, more flexibility\" \/><\/div>\n<div class=\"col-lg-4 g-pa-10 g-mb-0\">\n<p><span class=\"g-color-black g-font-weight-700\">Prze\u0142\u0105cznik wyboru 120\/240 V - wi\u0119ksza moc u\u017cytkowa, wi\u0119ksza elastyczno\u015b\u0107<\/span>Mo\u017cna wybra\u0107 pomi\u0119dzy zasilaniem 120 V i 240 V lub tylko 120 V. Dzi\u0119ki temu ca\u0142kowita moc generatora mo\u017ce by\u0107 dost\u0119pna za po\u015brednictwem dowolnego gniazda 120 V, ograniczonego jedynie pojemno\u015bci\u0105 danego gniazda. Umo\u017cliwia to zasilanie urz\u0105dze\u0144 o wi\u0119kszym zapotrzebowaniu na moc.<\/p>\n<\/div>\n<div class=\"col-lg-2 featimg text-center g-pa-10 g-mb-0 g-font-weight-600\"><img decoding=\"async\" class=\"img-fluid\" src=\"https:\/\/services.powerequipment.honda.com\/content\/images\/pe\/models\/features\/thumbs\/generator-longruntime.jpg\" alt=\"Runs approximately 10.5 hours @ 50% load (6.2 gal.)\" \/><\/div>\n<div class=\"col-lg-4 g-pa-10 g-mb-0\">\n<p><span class=\"g-color-black g-font-weight-700\">Czas pracy oko\u0142o 10,5 godziny przy obci\u0105\u017ceniu 50% (6,2 gal).<\/span>Zapewnia prac\u0119 przez ca\u0142y dzie\u0144. EB5000 dzia\u0142a oko\u0142o 10,5 godziny przy po\u0142owie obci\u0105\u017cenia i 7,1 godziny przy pe\u0142nym obci\u0105\u017ceniu.<\/p>\n<\/div>\n<div class=\"col-lg-2 featimg text-center g-pa-10 g-mb-0 g-font-weight-600\"><img decoding=\"async\" class=\"img-fluid\" src=\"https:\/\/services.powerequipment.honda.com\/content\/images\/pe\/models\/features\/thumbs\/honda-3-year-warranty.jpg\" alt=\"3 year residential warranty\" \/><\/div>\n<div class=\"col-lg-4 g-pa-10 g-mb-0\">\n<p><span class=\"g-color-black g-font-weight-700\">3-letnia gwarancja mieszkaniowa<\/span>Mo\u017cesz spa\u0107 spokojnie, wiedz\u0105c, \u017ce Tw\u00f3j generator jest obj\u0119ty ochron\u0105 od g\u00f3ry do do\u0142u przez 3 pe\u0142ne lata.<\/p>\n<\/div>\n<div class=\"col-lg-2 featimg text-center g-pa-10 g-mb-0 g-font-weight-600\"><img decoding=\"async\" class=\"img-fluid\" src=\"https:\/\/services.powerequipment.honda.com\/content\/images\/pe\/models\/features\/thumbs\/generator-hanger-kit.jpg\" alt=\"Hanger kit\/lifting eye standard\" \/><\/div>\n<div class=\"col-lg-4 g-pa-10 g-mb-0\">\n<p><span class=\"g-color-black g-font-weight-700\">Zestaw wieszak\u00f3w\/ucho do podnoszenia w standardzie<\/span><\/p>\n<\/div>\n<div class=\"col-lg-2 featimg text-center g-pa-10 g-mb-0 g-font-weight-600\"><img decoding=\"async\" class=\"img-fluid\" src=\"https:\/\/services.powerequipment.honda.com\/content\/images\/pe\/models\/features\/thumbs\/em-eb-generator-folding-handle.jpg\" alt=\"Easy folding handles\" \/><\/div>\n<div class=\"col-lg-4 g-pa-10 g-mb-0\">\n<p><span class=\"g-color-black g-font-weight-700\">\u0141atwo sk\u0142adane uchwyty<\/span>Szerokie, sk\u0142adane uchwyty z blokad\u0105 zapewniaj\u0105 wygodny transport i przechowywanie oraz bardziej kompaktow\u0105 jednostk\u0119.<\/p>\n<\/div>\n<div class=\"col-lg-2 featimg text-center g-pa-10 g-mb-0 g-font-weight-600\"><\/div>\n<div class=\"col-lg-4 g-pa-10 g-mb-0\">\n<p><span class=\"g-color-black g-font-weight-700\">Wszystkie obwody zabezpieczone GFCI<\/span>EB5000 oferuje neutralne po\u0142\u0105czenie i pe\u0142ne zabezpieczenie generatora GFCI (zabezpieczenie obwodu przed zwarciem doziemnym) na wszystkich gniazdach.<\/p>\n<\/div>\n<div class=\"col-lg-2 featimg text-center g-pa-10 g-mb-0 g-font-weight-600\"><\/div>\n<div class=\"col-lg-4 g-pa-10 g-mb-0\">\n<p><span class=\"g-color-black g-font-weight-700\">Zgodno\u015b\u0107 z OSHA w miejscu pracy<\/span>Model EB5000 zosta\u0142 zaprojektowany zgodnie z wymaganiami OSHA, dzi\u0119ki czemu idealnie nadaje si\u0119 do zastosowa\u0144 w miejscu pracy.<\/p>\n<\/div>\n<div class=\"col-lg-2 featimg text-center g-pa-10 g-mb-0 g-font-weight-600\"><\/div>\n<div class=\"col-lg-4 g-pa-10 g-mb-0\">\n<p><span class=\"g-color-black g-font-weight-700\">6 gniazd dla \u0142atwego pod\u0142\u0105czenia wielu narz\u0119dzi<\/span><\/p>\n<\/div>\n<div class=\"col-lg-2 featimg text-center g-pa-10 g-mb-0 g-font-weight-600\"><\/div>\n<div class=\"col-lg-4 g-pa-10 g-mb-0\">\n<p><span class=\"g-color-black g-font-weight-700\">Niski poziom d\u017awi\u0119ku 63-65 dB(A)<\/span>Specjalny t\u0142umik zapewnia cichsz\u0105 prac\u0119<\/p>\n<\/div>\n<div class=\"col-lg-2 featimg text-center g-pa-10 g-mb-0 g-font-weight-600\"><\/div>\n<div class=\"col-lg-4 g-pa-10 g-mb-0\">\n<p><span class=\"g-color-black g-font-weight-700\">Wytrzyma\u0142a jednocz\u0119\u015bciowa spawana rama<\/span>Pomaga chroni\u0107 generator.<\/p>\n<\/div>\n<div class=\"col-lg-2 featimg text-center g-pa-10 g-mb-0 g-font-weight-600\"><\/div>\n<div class=\"col-lg-4 g-pa-10 g-mb-0\">\n<p><span class=\"g-color-black g-font-weight-700\">Chroniony przez Honda Oil Alert<sup>\u00ae<\/sup><\/span>Chroni generator, wy\u0142\u0105czaj\u0105c silnik w przypadku wykrycia niskiego poziomu oleju.<\/p>\n<\/div>\n<div class=\"col-lg-2 featimg text-center g-pa-10 g-mb-0 g-font-weight-600\"><\/div>\n<div class=\"col-lg-4 g-pa-10 g-mb-0\">\n<p><span class=\"g-color-black g-font-weight-700\">Wzmocnione nogi stoj\u0105ce<\/span><\/p>\n<\/div>\n<div class=\"col-lg-2 featimg text-center g-pa-10 g-mb-0 g-font-weight-600\"><\/div>\n<div class=\"col-lg-4 g-pa-10 g-mb-0\">\n<p><span class=\"g-color-black g-font-weight-700\">Elektroniczny zap\u0142on<\/span><\/p>\n<\/div>\n<div class=\"col-lg-2 featimg text-center g-pa-10 g-mb-0 g-font-weight-600\"><\/div>\n<div class=\"col-lg-4 g-pa-10 g-mb-0\">\n<p><span class=\"g-color-black g-font-weight-700\">T\u0142umik iskier z certyfikatem USDA<\/span><\/p>\n<\/div>\n<div class=\"col-lg-2 featimg text-center g-pa-10 g-mb-0 g-font-weight-600\"><\/div>\n<div class=\"col-lg-4 g-pa-10 g-mb-0\">\n<p><span class=\"g-color-black g-font-weight-700\">Wy\u0142\u0105czniki elektroniczne<\/span>Chroni generator przed przeci\u0105\u017ceniem.<\/p>\n<\/div>\n<div class=\"col-lg-2 featimg text-center g-pa-10 g-mb-0 g-font-weight-600\"><\/div>\n<div class=\"col-lg-4 g-pa-10 g-mb-0\">\n<p><span class=\"g-color-black g-font-weight-700\">Standardowy wska\u017anik paliwa<\/span><\/p>\n<\/div>\n<div class=\"col-lg-2 featimg text-center g-pa-10 g-mb-0 g-font-weight-600\"><\/div>\n<div class=\"col-lg-4 g-pa-10 g-mb-0\">\n<p><span class=\"g-color-black g-font-weight-700\">Zgodno\u015b\u0107 z przepisami OSHA, LA-ETL i ANSI<\/span><\/p>\n<\/div>\n<\/div>\n<\/div>\n<div id=\"Specs\" class=\"anchor2 container g-py-0\">\n<div class=\"col-lg-12 g-pa-0\">\n<div class=\"u-heading-v3-1 g-bg-main g-brd-main u-heading-v3-1 g-bg-main g-brd-main g-my-30 col-lg-12 g-pa-0\">\n<h2 class=\"h3 u-heading-v3__title\">Specyfikacje<\/h2>\n<\/div>\n<div class=\"g-pt-30 container\">\n<div class=\"col-lg-12 g-pa-0\">\n<div class=\"col-lg-12 g-brd-bottom g-brd-gray-light-v4 g-pt-0 g-pb-20 g-mb-0\"><span class=\"g-font-weight-600\">Pe\u0142na nazwa modelu<\/span><span class=\"pull-right w-50\">EB5000XK3AN<\/span><\/div>\n<\/div>\n<\/div>\n<div class=\"g-pt-30 container\">\n<div class=\"col-lg-12 g-pa-0\">\n<div class=\"col-lg-12 g-brd-bottom g-brd-gray-light-v4 g-pt-0 g-pb-20 g-mb-0\"><span class=\"g-font-weight-600\">Silnik<\/span><span class=\"pull-right w-50\">Honda iGX390<\/span><\/div>\n<\/div>\n<\/div>\n<div class=\"g-pt-30 container\">\n<div class=\"col-lg-12 g-pa-0\">\n<div class=\"col-lg-12 g-brd-bottom g-brd-gray-light-v4 g-pt-0 g-pb-20 g-mb-0\"><span class=\"g-font-weight-600\">Przemieszczenie<\/span><span class=\"pull-right w-50\">389cc<\/span><\/div>\n<\/div>\n<\/div>\n<div class=\"g-pt-30 container\">\n<div class=\"col-lg-12 g-pa-0\">\n<div class=\"col-lg-12 g-brd-bottom g-brd-gray-light-v4 g-pt-0 g-pb-20 g-mb-0\"><span class=\"g-font-weight-600\">Wyj\u015bcie AC<\/span><span class=\"pull-right w-50\">120\/240V 5000W maks. (41,7\/20,8A) \/ 4500W znamionowo (37,5\/18,8A)<\/span><\/div>\n<\/div>\n<\/div>\n<div class=\"g-pt-30 container\">\n<div class=\"col-lg-12 g-pa-0\">\n<div class=\"col-lg-12 g-brd-bottom g-brd-gray-light-v4 g-pt-0 g-pb-20 g-mb-0\"><span class=\"g-font-weight-600\">Wyj\u015bcie iAVR<\/span><span class=\"pull-right w-50\">7000 W (58,3\/29,2 A) przez 10 sekund.<\/span><\/div>\n<\/div>\n<\/div>\n<div class=\"g-pt-30 container\">\n<div class=\"col-lg-12 g-pa-0\">\n<div class=\"col-lg-12 g-brd-bottom g-brd-gray-light-v4 g-pt-0 g-pb-20 g-mb-0\"><span class=\"g-font-weight-600\">Gniazda<\/span><span class=\"pull-right w-50\">20A 125V GFCI Duplex (2), wtyczka blokuj\u0105ca 30A 125V, wtyczka blokuj\u0105ca 30A 125\/250V<\/span><\/div>\n<\/div>\n<\/div>\n<div class=\"g-pt-30 container\">\n<div class=\"col-lg-12 g-pa-0\">\n<div class=\"col-lg-12 g-brd-bottom g-brd-gray-light-v4 g-pt-0 g-pb-20 g-mb-0\"><span class=\"g-font-weight-600\">Wyj\u015bcie DC<\/span><span class=\"pull-right w-50\">NIE DOTYCZY<\/span><\/div>\n<\/div>\n<\/div>\n<div class=\"g-pt-30 container\">\n<div class=\"col-lg-12 g-pa-0\">\n<div class=\"col-lg-12 g-brd-bottom g-brd-gray-light-v4 g-pt-0 g-pb-20 g-mb-0\"><span class=\"g-font-weight-600\">System startowy<\/span><span class=\"pull-right w-50\">Odrzut<\/span><\/div>\n<\/div>\n<\/div>\n<div class=\"g-pt-30 container\">\n<div class=\"col-lg-12 g-pa-0\">\n<div class=\"col-lg-12 g-brd-bottom g-brd-gray-light-v4 g-pt-0 g-pb-20 g-mb-0\"><span class=\"g-font-weight-600\">Pojemno\u015b\u0107 zbiornika paliwa<\/span><span class=\"pull-right w-50\">6,2 gal.<\/span><\/div>\n<\/div>\n<\/div>\n<div class=\"g-pt-30 container\">\n<div class=\"col-lg-12 g-pa-0\">\n<div class=\"col-lg-12 g-brd-bottom g-brd-gray-light-v4 g-pt-0 g-pb-20 g-mb-0\"><span class=\"g-font-weight-600\">Czas pracy na zbiornik<\/span><span class=\"pull-right w-50\">7,1 godz. przy obci\u0105\u017ceniu znamionowym, 10,5 godz. @ 1\/2 obci\u0105\u017cenia<\/span><\/div>\n<\/div>\n<\/div>\n<div class=\"g-pt-30 container\">\n<div class=\"col-lg-12 g-pa-0\">\n<div class=\"col-lg-12 g-brd-bottom g-brd-gray-light-v4 g-pt-0 g-pb-20 g-mb-0\"><span class=\"g-font-weight-600\">Wymiary (d\u0142. x szer. x wys.)<\/span><span class=\"pull-right w-50\">41,1\u2033 x 27,8\u2033 x 30,4\u2033<\/span><\/div>\n<\/div>\n<\/div>\n<div class=\"g-pt-30 container\">\n<div class=\"col-lg-12 g-pa-0\">\n<div class=\"col-lg-12 g-brd-bottom g-brd-gray-light-v4 g-pt-0 g-pb-20 g-mb-0\"><span class=\"g-font-weight-600\">Poziom ha\u0142asu<\/span><span class=\"pull-right w-50\">65 dB(A) przy obci\u0105\u017ceniu znamionowym, 63 dB(A) przy obci\u0105\u017ceniu 50%<\/span><\/div>\n<\/div>\n<\/div>\n<div class=\"g-pt-30 container\">\n<div class=\"col-lg-12 g-pa-0\">\n<div class=\"col-lg-12 g-brd-bottom g-brd-gray-light-v4 g-pt-0 g-pb-20 g-mb-0\"><span class=\"g-font-weight-600\">Waga na sucho<\/span><span class=\"pull-right w-50\">210,8 lb.<\/span><\/div>\n<\/div>\n<\/div>\n<div class=\"g-pt-30 container\">\n<div class=\"col-lg-12 g-pa-0\">\n<div class=\"col-lg-12 g-brd-bottom g-brd-gray-light-v4 g-pt-0 g-pb-20 g-mb-0\"><span class=\"g-font-weight-600\">Gwarancja mieszkaniowa<\/span><span class=\"pull-right w-50\">3 lata<\/span><\/div>\n<\/div>\n<\/div>\n<div class=\"g-pt-30 container\">\n<div class=\"col-lg-12 g-pa-0\">\n<div class=\"col-lg-12 g-brd-bottom g-brd-gray-light-v4 g-pt-0 g-pb-20 g-mb-0\"><span class=\"g-font-weight-600\">Gwarancja komercyjna<\/span><span class=\"pull-right w-50\">12 miesi\u0119cy<\/span><\/div>\n<\/div>\n<\/div>\n<\/div>\n<\/div>","protected":false},"excerpt":{"rendered":"<p>Zapewnia 7000 wat\u00f3w przez 10 sekund do uruchamiania wi\u0119kszych urz\u0105dze\u0144<br \/>\nPe\u0142na ochrona GFCI<br \/>\nZgodno\u015b\u0107 z OSHA - spe\u0142nia wymagania dotycz\u0105ce emisji i bezpiecze\u0144stwa w miejscu pracy<br \/>\nD\u0142ugi czas pracy - do 10,5 godziny<br \/>\nCO-MINDER: zaawansowany system wykrywania tlenku w\u0119gla<\/p>","protected":false},"featured_media":502,"comment_status":"open","ping_status":"closed","template":"","meta":[],"product_brand":[],"product_cat":[42],"product_tag":[85,86,84],"class_list":{"0":"post-501","1":"product","2":"type-product","3":"status-publish","4":"has-post-thumbnail","6":"product_cat-honda-generators","7":"product_tag-eb5000-honda-generator","8":"product_tag-honda-eb5000","9":"product_tag-honda-eb5000-generator","11":"first","12":"instock","13":"shipping-taxable","14":"purchasable","15":"product-type-simple"},"yoast_head":"<!-- This site is optimized with the Yoast SEO Premium plugin v26.2 (Yoast SEO v26.2) - https:\/\/yoast.com\/wordpress\/plugins\/seo\/ -->\n<title>EB5000 - HONDA POWER EQUIPMENT<\/title>\n<meta name=\"description\" content=\"The Honda EB5000 portable industrial generator offers 5000 watts of commercial power, ideal for construction, rental, industrial, and professional needs.\" \/>\n<meta name=\"robots\" content=\"index, follow, max-snippet:-1, max-image-preview:large, max-video-preview:-1\" \/>\n<link rel=\"canonical\" href=\"https:\/\/hondapowertools.com\/pl\/produkt\/eb5000\/\" \/>\n<meta property=\"og:locale\" content=\"pl_PL\" \/>\n<meta property=\"og:type\" content=\"article\" \/>\n<meta property=\"og:title\" content=\"EB5000\" \/>\n<meta property=\"og:description\" content=\"The Honda EB5000 portable industrial generator offers 5000 watts of commercial power, ideal for construction, rental, industrial, and professional needs.\" \/>\n<meta property=\"og:url\" content=\"https:\/\/hondapowertools.com\/pl\/produkt\/eb5000\/\" \/>\n<meta property=\"og:site_name\" content=\"HONDA POWER EQUIPMENT\" \/>\n<meta property=\"article:modified_time\" content=\"2026-01-29T07:43:32+00:00\" \/>\n<meta property=\"og:image\" content=\"https:\/\/hondapowertools.com\/wp-content\/uploads\/2025\/02\/eb5000xk3ag_pe_imglg.jpg\" \/>\n\t<meta property=\"og:image:width\" content=\"1200\" \/>\n\t<meta property=\"og:image:height\" content=\"1200\" \/>\n\t<meta property=\"og:image:type\" content=\"image\/jpeg\" \/>\n<meta name=\"twitter:card\" content=\"summary_large_image\" \/>\n<meta name=\"twitter:label1\" content=\"Szacowany czas czytania\" \/>\n\t<meta name=\"twitter:data1\" content=\"5 minut\" \/>\n<script type=\"application\/ld+json\" class=\"yoast-schema-graph\">{\"@context\":\"https:\/\/schema.org\",\"@graph\":[{\"@type\":\"WebPage\",\"@id\":\"https:\/\/hondapowertools.com\/product\/eb5000\/\",\"url\":\"https:\/\/hondapowertools.com\/product\/eb5000\/\",\"name\":\"EB5000 - HONDA POWER EQUIPMENT\",\"isPartOf\":{\"@id\":\"https:\/\/hondapowertools.com\/#website\"},\"primaryImageOfPage\":{\"@id\":\"https:\/\/hondapowertools.com\/product\/eb5000\/#primaryimage\"},\"image\":{\"@id\":\"https:\/\/hondapowertools.com\/product\/eb5000\/#primaryimage\"},\"thumbnailUrl\":\"https:\/\/hondapowertools.com\/wp-content\/uploads\/2025\/02\/eb5000xk3ag_pe_imglg.jpg\",\"datePublished\":\"2025-02-09T08:55:36+00:00\",\"dateModified\":\"2026-01-29T07:43:32+00:00\",\"description\":\"The Honda EB5000 portable industrial generator offers 5000 watts of commercial power, ideal for construction, rental, industrial, and professional needs.\",\"breadcrumb\":{\"@id\":\"https:\/\/hondapowertools.com\/product\/eb5000\/#breadcrumb\"},\"inLanguage\":\"pl-PL\",\"potentialAction\":[{\"@type\":\"ReadAction\",\"target\":[\"https:\/\/hondapowertools.com\/product\/eb5000\/\"]}]},{\"@type\":\"ImageObject\",\"inLanguage\":\"pl-PL\",\"@id\":\"https:\/\/hondapowertools.com\/product\/eb5000\/#primaryimage\",\"url\":\"https:\/\/hondapowertools.com\/wp-content\/uploads\/2025\/02\/eb5000xk3ag_pe_imglg.jpg\",\"contentUrl\":\"https:\/\/hondapowertools.com\/wp-content\/uploads\/2025\/02\/eb5000xk3ag_pe_imglg.jpg\",\"width\":1200,\"height\":1200,\"caption\":\"honda eb5000\"},{\"@type\":\"BreadcrumbList\",\"@id\":\"https:\/\/hondapowertools.com\/product\/eb5000\/#breadcrumb\",\"itemListElement\":[{\"@type\":\"ListItem\",\"position\":1,\"name\":\"Home\",\"item\":\"https:\/\/hondapowertools.com\/\"},{\"@type\":\"ListItem\",\"position\":2,\"name\":\"Shop\",\"item\":\"https:\/\/hondapowertools.com\/?page_id=10\"},{\"@type\":\"ListItem\",\"position\":3,\"name\":\"EB5000\"}]},{\"@type\":\"WebSite\",\"@id\":\"https:\/\/hondapowertools.com\/#website\",\"url\":\"https:\/\/hondapowertools.com\/\",\"name\":\"HONDA POWER EQUIPMENTS\",\"description\":\"Honda Power Equipment\",\"publisher\":{\"@id\":\"https:\/\/hondapowertools.com\/#organization\"},\"potentialAction\":[{\"@type\":\"SearchAction\",\"target\":{\"@type\":\"EntryPoint\",\"urlTemplate\":\"https:\/\/hondapowertools.com\/?s={search_term_string}\"},\"query-input\":{\"@type\":\"PropertyValueSpecification\",\"valueRequired\":true,\"valueName\":\"search_term_string\"}}],\"inLanguage\":\"pl-PL\"},{\"@type\":\"Organization\",\"@id\":\"https:\/\/hondapowertools.com\/#organization\",\"name\":\"HONDA POWER TOOLS\",\"alternateName\":\"HONDA POWER EQUIPMENT\",\"url\":\"https:\/\/hondapowertools.com\/\",\"logo\":{\"@type\":\"ImageObject\",\"inLanguage\":\"pl-PL\",\"@id\":\"https:\/\/hondapowertools.com\/#\/schema\/logo\/image\/\",\"url\":\"https:\/\/hondapowertools.com\/wp-content\/uploads\/2025\/02\/cropped-honda-power-equipment-logo.png\",\"contentUrl\":\"https:\/\/hondapowertools.com\/wp-content\/uploads\/2025\/02\/cropped-honda-power-equipment-logo.png\",\"width\":290,\"height\":70,\"caption\":\"HONDA POWER TOOLS\"},\"image\":{\"@id\":\"https:\/\/hondapowertools.com\/#\/schema\/logo\/image\/\"}}]}<\/script>\n<!-- \/ Yoast SEO Premium plugin. -->","yoast_head_json":{"title":"EB5000 - HONDA POWER EQUIPMENT","description":"Przeno\u015bny generator przemys\u0142owy Honda EB5000 oferuje 5000 W mocy komercyjnej, idealnej dla budownictwa, wynajmu, przemys\u0142u i potrzeb profesjonalnych.","robots":{"index":"index","follow":"follow","max-snippet":"max-snippet:-1","max-image-preview":"max-image-preview:large","max-video-preview":"max-video-preview:-1"},"canonical":"https:\/\/hondapowertools.com\/pl\/produkt\/eb5000\/","og_locale":"pl_PL","og_type":"article","og_title":"EB5000","og_description":"The Honda EB5000 portable industrial generator offers 5000 watts of commercial power, ideal for construction, rental, industrial, and professional needs.","og_url":"https:\/\/hondapowertools.com\/pl\/produkt\/eb5000\/","og_site_name":"HONDA POWER EQUIPMENT","article_modified_time":"2026-01-29T07:43:32+00:00","og_image":[{"width":1200,"height":1200,"url":"https:\/\/hondapowertools.com\/wp-content\/uploads\/2025\/02\/eb5000xk3ag_pe_imglg.jpg","type":"image\/jpeg"}],"twitter_card":"summary_large_image","twitter_misc":{"Szacowany czas czytania":"5 minut"},"schema":{"@context":"https:\/\/schema.org","@graph":[{"@type":"WebPage","@id":"https:\/\/hondapowertools.com\/product\/eb5000\/","url":"https:\/\/hondapowertools.com\/product\/eb5000\/","name":"EB5000 - HONDA POWER EQUIPMENT","isPartOf":{"@id":"https:\/\/hondapowertools.com\/#website"},"primaryImageOfPage":{"@id":"https:\/\/hondapowertools.com\/product\/eb5000\/#primaryimage"},"image":{"@id":"https:\/\/hondapowertools.com\/product\/eb5000\/#primaryimage"},"thumbnailUrl":"https:\/\/hondapowertools.com\/wp-content\/uploads\/2025\/02\/eb5000xk3ag_pe_imglg.jpg","datePublished":"2025-02-09T08:55:36+00:00","dateModified":"2026-01-29T07:43:32+00:00","description":"Przeno\u015bny generator przemys\u0142owy Honda EB5000 oferuje 5000 W mocy komercyjnej, idealnej dla budownictwa, wynajmu, przemys\u0142u i potrzeb profesjonalnych.","breadcrumb":{"@id":"https:\/\/hondapowertools.com\/product\/eb5000\/#breadcrumb"},"inLanguage":"pl-PL","potentialAction":[{"@type":"ReadAction","target":["https:\/\/hondapowertools.com\/product\/eb5000\/"]}]},{"@type":"ImageObject","inLanguage":"pl-PL","@id":"https:\/\/hondapowertools.com\/product\/eb5000\/#primaryimage","url":"https:\/\/hondapowertools.com\/wp-content\/uploads\/2025\/02\/eb5000xk3ag_pe_imglg.jpg","contentUrl":"https:\/\/hondapowertools.com\/wp-content\/uploads\/2025\/02\/eb5000xk3ag_pe_imglg.jpg","width":1200,"height":1200,"caption":"honda eb5000"},{"@type":"BreadcrumbList","@id":"https:\/\/hondapowertools.com\/product\/eb5000\/#breadcrumb","itemListElement":[{"@type":"ListItem","position":1,"name":"Home","item":"https:\/\/hondapowertools.com\/"},{"@type":"ListItem","position":2,"name":"Shop","item":"https:\/\/hondapowertools.com\/?page_id=10"},{"@type":"ListItem","position":3,"name":"EB5000"}]},{"@type":"WebSite","@id":"https:\/\/hondapowertools.com\/#website","url":"https:\/\/hondapowertools.com\/","name":"HONDA POWER EQUIPMENTS","description":"Honda Power Equipment","publisher":{"@id":"https:\/\/hondapowertools.com\/#organization"},"potentialAction":[{"@type":"SearchAction","target":{"@type":"EntryPoint","urlTemplate":"https:\/\/hondapowertools.com\/?s={search_term_string}"},"query-input":{"@type":"PropertyValueSpecification","valueRequired":true,"valueName":"search_term_string"}}],"inLanguage":"pl-PL"},{"@type":"Organization","@id":"https:\/\/hondapowertools.com\/#organization","name":"HONDA POWER TOOLS","alternateName":"HONDA POWER EQUIPMENT","url":"https:\/\/hondapowertools.com\/","logo":{"@type":"ImageObject","inLanguage":"pl-PL","@id":"https:\/\/hondapowertools.com\/#\/schema\/logo\/image\/","url":"https:\/\/hondapowertools.com\/wp-content\/uploads\/2025\/02\/cropped-honda-power-equipment-logo.png","contentUrl":"https:\/\/hondapowertools.com\/wp-content\/uploads\/2025\/02\/cropped-honda-power-equipment-logo.png","width":290,"height":70,"caption":"HONDA POWER TOOLS"},"image":{"@id":"https:\/\/hondapowertools.com\/#\/schema\/logo\/image\/"}}]}},"_links":{"self":[{"href":"https:\/\/hondapowertools.com\/pl\/wp-json\/wp\/v2\/product\/501","targetHints":{"allow":["GET"]}}],"collection":[{"href":"https:\/\/hondapowertools.com\/pl\/wp-json\/wp\/v2\/product"}],"about":[{"href":"https:\/\/hondapowertools.com\/pl\/wp-json\/wp\/v2\/types\/product"}],"replies":[{"embeddable":true,"href":"https:\/\/hondapowertools.com\/pl\/wp-json\/wp\/v2\/comments?post=501"}],"wp:featuredmedia":[{"embeddable":true,"href":"https:\/\/hondapowertools.com\/pl\/wp-json\/wp\/v2\/media\/502"}],"wp:attachment":[{"href":"https:\/\/hondapowertools.com\/pl\/wp-json\/wp\/v2\/media?parent=501"}],"wp:term":[{"taxonomy":"product_brand","embeddable":true,"href":"https:\/\/hondapowertools.com\/pl\/wp-json\/wp\/v2\/product_brand?post=501"},{"taxonomy":"product_cat","embeddable":true,"href":"https:\/\/hondapowertools.com\/pl\/wp-json\/wp\/v2\/product_cat?post=501"},{"taxonomy":"product_tag","embeddable":true,"href":"https:\/\/hondapowertools.com\/pl\/wp-json\/wp\/v2\/product_tag?post=501"}],"curies":[{"name":"wp","href":"https:\/\/api.w.org\/{rel}","templated":true}]}}