{"id":575,"date":"2025-02-09T13:28:34","date_gmt":"2025-02-09T13:28:34","guid":{"rendered":"https:\/\/hondapowertools.com\/?post_type=product&#038;p=575"},"modified":"2025-02-09T19:13:47","modified_gmt":"2025-02-09T19:13:47","slug":"umc425","status":"publish","type":"product","link":"https:\/\/hondapowertools.com\/pl\/produkt\/umc425\/","title":{"rendered":"UMC425"},"content":{"rendered":"<h2><strong>System Honda VersAttach\u00ae UMC425 na sprzeda\u017c<\/strong><\/h2>\n<p>UMC425 na sprzeda\u017c, Ta g\u0142owica zasilaj\u0105ca jest cz\u0119\u015bci\u0105 systemu Honda VersAttach\u00ae do piel\u0119gnacji krajobrazu. przyjazne dla u\u017cytkownika wielozadaniowe elektronarz\u0119dzie z 6 przystawkami.<\/p>\n<div id=\"Features\" class=\"anchor2 container g-py-0\">\n<div class=\"row\">\n<div class=\"col-lg-2 featimg text-center g-pa-10 g-mb-0 g-font-weight-600\"><img decoding=\"async\" class=\"img-fluid\" src=\"https:\/\/services.powerequipment.honda.com\/content\/images\/pe\/models\/features\/thumbs\/versattach_all_attachments.jpg\" alt=\"A variety of attachments save you time, storage space, and money\" \/><\/div>\n<div class=\"col-lg-4 g-pa-10 g-mb-0\">\n<p><span class=\"g-color-black g-font-weight-700\">R\u00f3\u017cnorodno\u015b\u0107 przystawek pozwala zaoszcz\u0119dzi\u0107 czas, miejsce i pieni\u0105dze.<\/span>VersAttach<sup>\u00ae<\/sup>\u00a0oferuje 6 opcjonalnych przystawek: podkaszark\u0119, glebogryzark\u0119, sekator, no\u017cyce do \u017cywop\u0142otu, kultywator i dmuchaw\u0119. Jest to elastyczne narz\u0119dzie zaprojektowane do wykonywania szerokiej gamy domowych i komercyjnych zada\u0144 ogrodowych.<\/p>\n<\/div>\n<div class=\"col-lg-2 featimg text-center g-pa-10 g-mb-0 g-font-weight-600\"><img decoding=\"async\" class=\"img-fluid\" style=\"box-sizing: border-box; vertical-align: middle; border-style: none; max-width: 100%; height: auto;\" src=\"https:\/\/services.powerequipment.honda.com\/content\/images\/pe\/models\/features\/thumbs\/va_sureloc_01.jpg\" alt=\"SureLoc&lt;sup&gt;&amp;reg;&lt;\/sup&gt; System: Twist, lock, and go!\" \/><\/div>\n<div class=\"col-lg-4 g-pa-10 g-mb-0\">\n<p><span class=\"g-color-black g-font-weight-700\">SureLoc<sup>\u00ae<\/sup>\u00a0System: Przekr\u0119\u0107, zablokuj i ruszaj!<\/span>Innowacyjny system blokowania przegub\u00f3w SureLoc u\u0142atwia pewne pod\u0142\u0105czanie osprz\u0119tu. Wystarczy nacisn\u0105\u0107 i klikn\u0105\u0107, aby zablokowa\u0107 osprz\u0119t na miejscu. Nie s\u0105 wymagane \u017cadne narz\u0119dzia! SureLoc eliminuje zgadywanie, czy osprz\u0119t jest prawid\u0142owo przymocowany do g\u0142owicy.<\/p>\n<\/div>\n<div class=\"col-lg-2 featimg text-center g-pa-10 g-mb-0 g-font-weight-600\"><img decoding=\"async\" class=\"img-fluid\" src=\"https:\/\/services.powerequipment.honda.com\/content\/images\/pe\/models\/features\/thumbs\/gx25.jpg\" alt=\"Easy starting, 4-stroke Honda GX25 engine\" \/><\/div>\n<div class=\"col-lg-4 g-pa-10 g-mb-0\">\n<p><span class=\"g-color-black g-font-weight-700\">\u0141atwy rozruch, 4-suwowy silnik Honda GX25<\/span>Silnik Honda GX25 zapewnia szybki i \u0142atwy rozruch. Bez k\u0142opot\u00f3w. Bez zamieszania. Za ka\u017cdym razem.<\/p>\n<\/div>\n<div class=\"col-lg-2 featimg text-center g-pa-10 g-mb-0 g-font-weight-600\"><img decoding=\"async\" class=\"img-fluid\" src=\"https:\/\/services.powerequipment.honda.com\/content\/images\/pe\/models\/features\/thumbs\/4-stroke-power.jpg\" alt=\"Runs on regular gas - no mixing!\" \/><\/div>\n<div class=\"col-lg-4 g-pa-10 g-mb-0\">\n<p><span class=\"g-color-black g-font-weight-700\">Dzia\u0142a na zwyk\u0142ym gazie - bez mieszania!<\/span>GX25 to miniaturowy silnik 4-suwowy. Dzia\u0142a na prostym gazie bezo\u0142owiowym. Nie ma potrzeby mieszania gazu i oleju!<\/p>\n<\/div>\n<div class=\"col-lg-2 featimg text-center g-pa-10 g-mb-0 g-font-weight-600\"><img decoding=\"async\" class=\"img-fluid\" src=\"https:\/\/services.powerequipment.honda.com\/content\/images\/pe\/models\/features\/thumbs\/honda-quiet-icon.jpg\" alt=\"Lowest sound level\" \/><\/div>\n<div class=\"col-lg-4 g-pa-10 g-mb-0\">\n<p><span class=\"g-color-black g-font-weight-700\">Najni\u017cszy poziom d\u017awi\u0119ku<\/span>Doskona\u0142a technologia silnika Hondy redukuje ha\u0142as, oferuj\u0105c najni\u017cszy poziom ha\u0142asu na biegu ja\u0142owym i przy pe\u0142nym otwarciu przepustnicy spo\u015br\u00f3d wszystkich silnik\u00f3w konkurencji.<\/p>\n<\/div>\n<div class=\"col-lg-2 featimg text-center g-pa-10 g-mb-0 g-font-weight-600\"><img decoding=\"async\" class=\"img-fluid\" src=\"https:\/\/services.powerequipment.honda.com\/content\/images\/pe\/models\/features\/thumbs\/va_vibration.jpg\" alt=\"Anti- vibration system for more comfortable operation\" \/><\/div>\n<div class=\"col-lg-4 g-pa-10 g-mb-0\">\n<p><span class=\"g-color-black g-font-weight-700\">System antywibracyjny dla bardziej komfortowej pracy<\/span>G\u0142owice UMC s\u0105 wyposa\u017cone w system antywibracyjny Honda. Gumowy wa\u0142 zamontowany mi\u0119dzy wa\u0142em a sprz\u0119g\u0142em redukuje wibracje. Zapewnia to wi\u0119kszy komfort u\u017cytkowania, zw\u0142aszcza podczas d\u0142ugich okres\u00f3w pracy.<\/p>\n<\/div>\n<div class=\"col-lg-2 featimg text-center g-pa-10 g-mb-0 g-font-weight-600\"><img decoding=\"async\" class=\"img-fluid\" src=\"https:\/\/services.powerequipment.honda.com\/content\/images\/pe\/models\/features\/thumbs\/360_engine.jpg\" alt=\"Use and store in any position\" \/><\/div>\n<div class=\"col-lg-4 g-pa-10 g-mb-0\">\n<p><span class=\"g-color-black g-font-weight-700\">U\u017cywaj i przechowuj w dowolnej pozycji<\/span>Unikalny silnik Hondy z mo\u017cliwo\u015bci\u0105 pochylenia o 360 stopni mo\u017ce by\u0107 u\u017cywany, obracany i przechowywany w dowolnej pozycji.<\/p>\n<\/div>\n<div class=\"col-lg-2 featimg text-center g-pa-10 g-mb-0 g-font-weight-600\"><\/div>\n<div class=\"col-lg-4 g-pa-10 g-mb-0\">\n<p><span class=\"g-color-black g-font-weight-700\">Szybkie przyspieszenie i doskona\u0142y moment obrotowy do wymagaj\u0105cych zada\u0144<\/span>Zaprojektowany z my\u015bl\u0105 o trudnych zadaniach. Wysoki moment obrotowy w niskim zakresie obrot\u00f3w pozwala na wykonywanie wielu zada\u0144 przy niepe\u0142nym otwarciu przepustnicy, co zwi\u0119ksza oszcz\u0119dno\u015b\u0107 paliwa.<\/p>\n<\/div>\n<div class=\"col-lg-2 featimg text-center g-pa-10 g-mb-0 g-font-weight-600\"><\/div>\n<div class=\"col-lg-4 g-pa-10 g-mb-0\">\n<p><span class=\"g-color-black g-font-weight-700\">Wyj\u0105tkowa oszcz\u0119dno\u015b\u0107 paliwa<\/span>Wysoce paliwooszcz\u0119dna konstrukcja Hondy kosztuje mniej - do 50% mniej ni\u017c por\u00f3wnywalny model dwusuwowy.<\/p>\n<\/div>\n<div class=\"col-lg-2 featimg text-center g-pa-10 g-mb-0 g-font-weight-600\"><\/div>\n<div class=\"col-lg-4 g-pa-10 g-mb-0\">\n<p><span class=\"g-color-black g-font-weight-700\">Wygodny uchwyt w kszta\u0142cie p\u0119tli<\/span>Konstrukcja t\u0142umi\u0105ca wibracje sprawia, \u017ce UMC425 jest wygodniejszy w obs\u0142udze.<\/p>\n<\/div>\n<div class=\"col-lg-2 featimg text-center g-pa-10 g-mb-0 g-font-weight-600\"><\/div>\n<div class=\"col-lg-4 g-pa-10 g-mb-0\">\n<p><span class=\"g-color-black g-font-weight-700\">Solidna konstrukcja spustu zwi\u0119kszaj\u0105ca trwa\u0142o\u015b\u0107<\/span><\/p>\n<\/div>\n<div class=\"col-lg-2 featimg text-center g-pa-10 g-mb-0 g-font-weight-600\"><\/div>\n<div class=\"col-lg-4 g-pa-10 g-mb-0\">\n<p><span class=\"g-color-black g-font-weight-700\">Mniej dymu i nieprzyjemnego zapachu<\/span>Silniki 4-suwowe nie spalaj\u0105 oleju jak silniki dwusuwowe. Oznacza to mniej zapachu i dymu, a tak\u017ce mniejszy b\u00f3l g\u0142owy.<\/p>\n<\/div>\n<div class=\"col-lg-2 featimg text-center g-pa-10 g-mb-0 g-font-weight-600\"><\/div>\n<div class=\"col-lg-4 g-pa-10 g-mb-0\">\n<p><span class=\"g-color-black g-font-weight-700\">Ergonomicznie zaprojektowane i rozmieszczone elementy steruj\u0105ce<\/span>R\u00f3wnowaga i zwrotno\u015b\u0107 s\u0105 doskona\u0142e dzi\u0119ki optymalizacji \u015brodka ci\u0119\u017cko\u015bci silnika, a tak\u017ce umiejscowieniu zespo\u0142u przepustnicy i uchwytu p\u0119tli.<\/p>\n<\/div>\n<div class=\"col-lg-2 featimg text-center g-pa-10 g-mb-0 g-font-weight-600\"><\/div>\n<div class=\"col-lg-4 g-pa-10 g-mb-0\">\n<p><span class=\"g-color-black g-font-weight-700\">Uprz\u0105\u017c w zestawie<\/span><\/p>\n<\/div>\n<\/div>\n<\/div>\n<div id=\"Specs\" class=\"anchor2 container g-py-0\">\n<div class=\"col-lg-12 g-pa-0\">\n<div class=\"u-heading-v3-1 g-bg-main g-brd-main u-heading-v3-1 g-bg-main g-brd-main g-my-30 col-lg-12 g-pa-0\">\n<h2 class=\"h3 u-heading-v3__title\">Specyfikacje<\/h2>\n<\/div>\n<div class=\"g-pt-30 container\">\n<div class=\"col-lg-12 g-pa-0\">\n<div class=\"col-lg-12 g-brd-bottom g-brd-gray-light-v4 g-pt-0 g-pb-20 g-mb-0\"><span class=\"g-font-weight-600\">Silnik<\/span><span class=\"pull-right w-50\">GX25<\/span><\/div>\n<\/div>\n<\/div>\n<div class=\"g-pt-30 container\">\n<div class=\"col-lg-12 g-pa-0\">\n<div class=\"col-lg-12 g-brd-bottom g-brd-gray-light-v4 g-pt-0 g-pb-20 g-mb-0\"><span class=\"g-font-weight-600\">Przemieszczenie<\/span><span class=\"pull-right w-50\">1,53 cu. in. (25cc)<\/span><\/div>\n<\/div>\n<\/div>\n<div class=\"g-pt-30 container\">\n<div class=\"col-lg-12 g-pa-0\">\n<div class=\"col-lg-12 g-brd-bottom g-brd-gray-light-v4 g-pt-0 g-pb-20 g-mb-0\"><span class=\"g-font-weight-600\">Paliwo<\/span><span class=\"pull-right w-50\">Benzyna bezo\u0142owiowa (o liczbie oktanowej 86 lub wy\u017cszej)<\/span><\/div>\n<\/div>\n<\/div>\n<div class=\"g-pt-30 container\">\n<div class=\"col-lg-12 g-pa-0\">\n<div class=\"col-lg-12 g-brd-bottom g-brd-gray-light-v4 g-pt-0 g-pb-20 g-mb-0\"><span class=\"g-font-weight-600\">Pojemno\u015b\u0107 zbiornika paliwa<\/span><span class=\"pull-right w-50\">0,56 qt<\/span><\/div>\n<\/div>\n<\/div>\n<div class=\"g-pt-30 container\">\n<div class=\"col-lg-12 g-pa-0\">\n<div class=\"col-lg-12 g-brd-bottom g-brd-gray-light-v4 g-pt-0 g-pb-20 g-mb-0\"><span class=\"g-font-weight-600\">Ga\u017anik<\/span><span class=\"pull-right w-50\">Typ membranowy z pomp\u0105 paliwa<\/span><\/div>\n<\/div>\n<\/div>\n<div class=\"g-pt-30 container\">\n<div class=\"col-lg-12 g-pa-0\">\n<div class=\"col-lg-12 g-brd-bottom g-brd-gray-light-v4 g-pt-0 g-pb-20 g-mb-0\"><span class=\"g-font-weight-600\">Pr\u0119dko\u015b\u0107 biegu ja\u0142owego<\/span><span class=\"pull-right w-50\">3 100 +\/- 200 obr.<\/span><\/div>\n<\/div>\n<\/div>\n<div class=\"g-pt-30 container\">\n<div class=\"col-lg-12 g-pa-0\">\n<div class=\"col-lg-12 g-brd-bottom g-brd-gray-light-v4 g-pt-0 g-pb-20 g-mb-0\"><span class=\"g-font-weight-600\">Maks. (bez obci\u0105\u017cenia) obr.<\/span><span class=\"pull-right w-50\">10 000 obr.<\/span><\/div>\n<\/div>\n<\/div>\n<div class=\"g-pt-30 container\">\n<div class=\"col-lg-12 g-pa-0\">\n<div class=\"col-lg-12 g-brd-bottom g-brd-gray-light-v4 g-pt-0 g-pb-20 g-mb-0\"><span class=\"g-font-weight-600\">Wymiary (d\u0142. x szer. x wys.)<\/span><span class=\"pull-right w-50\">44,7 cala x 12,4 cala x 9,6 cala (bez mocowania)<\/span><\/div>\n<\/div>\n<\/div>\n<div class=\"g-pt-30 container\">\n<div class=\"col-lg-12 g-pa-0\">\n<div class=\"col-lg-12 g-brd-bottom g-brd-gray-light-v4 g-pt-0 g-pb-20 g-mb-0\"><span class=\"g-font-weight-600\">Waga na sucho<\/span><span class=\"pull-right w-50\">11,2 lb (bez za\u0142\u0105cznika)<\/span><\/div>\n<\/div>\n<\/div>\n<div class=\"g-pt-30 container\">\n<div class=\"col-lg-12 g-pa-0\">\n<div class=\"col-lg-12 g-brd-bottom g-brd-gray-light-v4 g-pt-0 g-pb-20 g-mb-0\"><span class=\"g-font-weight-600\">Wy\u0142\u0105cznik silnika<\/span><span class=\"pull-right w-50\">Prze\u0142\u0105cznik suwakowy<\/span><\/div>\n<\/div>\n<\/div>\n<div class=\"g-pt-30 container\">\n<div class=\"col-lg-12 g-pa-0\">\n<div class=\"col-lg-12 g-brd-bottom g-brd-gray-light-v4 g-pt-0 g-pb-20 g-mb-0\"><span class=\"g-font-weight-600\">Sterowanie przepustnic\u0105<\/span><span class=\"pull-right w-50\">Wyzwalanie dwoma ruchami<\/span><\/div>\n<\/div>\n<\/div>\n<div class=\"g-pt-30 container\">\n<div class=\"col-lg-12 g-pa-0\">\n<div class=\"col-lg-12 g-brd-bottom g-brd-gray-light-v4 g-pt-0 g-pb-20 g-mb-0\"><span class=\"g-font-weight-600\">\u015arednica rury g\u0142\u00f3wnej<\/span><span class=\"pull-right w-50\">24 mm (0,94 cala)<\/span><\/div>\n<\/div>\n<\/div>\n<div class=\"g-pt-30 container\">\n<div class=\"col-lg-12 g-pa-0\">\n<div class=\"col-lg-12 g-brd-bottom g-brd-gray-light-v4 g-pt-0 g-pb-20 g-mb-0\"><span class=\"g-font-weight-600\">Grubo\u015b\u0107 rury g\u0142\u00f3wnej<\/span><span class=\"pull-right w-50\">Aluminium 2 mm (0,08 cala)<\/span><\/div>\n<\/div>\n<\/div>\n<div class=\"g-pt-30 container\">\n<div class=\"col-lg-12 g-pa-0\">\n<div class=\"col-lg-12 g-brd-bottom g-brd-gray-light-v4 g-pt-0 g-pb-20 g-mb-0\"><span class=\"g-font-weight-600\">Wa\u0142 nap\u0119dowy<\/span><span class=\"pull-right w-50\">Sztywna stal<\/span><\/div>\n<\/div>\n<\/div>\n<div class=\"g-pt-30 container\">\n<div class=\"col-lg-12 g-pa-0\">\n<div class=\"col-lg-12 g-brd-bottom g-brd-gray-light-v4 g-pt-0 g-pb-20 g-mb-0\"><span class=\"g-font-weight-600\">Podpora wa\u0142u<\/span><span class=\"pull-right w-50\">Tuleje gumowe (4)<\/span><\/div>\n<\/div>\n<\/div>\n<div class=\"g-pt-30 container\">\n<div class=\"col-lg-12 g-pa-0\">\n<div class=\"col-lg-12 g-brd-bottom g-brd-gray-light-v4 g-pt-0 g-pb-20 g-mb-0\"><span class=\"g-font-weight-600\">Uchwyt<\/span><span class=\"pull-right w-50\">Typ p\u0119tli<\/span><\/div>\n<\/div>\n<\/div>\n<div class=\"g-pt-30 container\">\n<div class=\"col-lg-12 g-pa-0\">\n<div class=\"col-lg-12 g-brd-bottom g-brd-gray-light-v4 g-pt-0 g-pb-20 g-mb-0\"><span class=\"g-font-weight-600\">Pojedyncza uprz\u0105\u017c<\/span><span class=\"pull-right w-50\">Standard<\/span><\/div>\n<\/div>\n<\/div>\n<div class=\"g-pt-30 container\">\n<div class=\"col-lg-12 g-pa-0\">\n<div class=\"col-lg-12 g-brd-bottom g-brd-gray-light-v4 g-pt-0 g-pb-20 g-mb-0\"><span class=\"g-font-weight-600\">Blade Barrier Kit<\/span><span class=\"pull-right w-50\">Standard<\/span><\/div>\n<\/div>\n<\/div>\n<div class=\"g-pt-30 container\">\n<div class=\"col-lg-12 g-pa-0\">\n<div class=\"col-lg-12 g-brd-bottom g-brd-gray-light-v4 g-pt-0 g-pb-20 g-mb-0\"><span class=\"g-font-weight-600\">Gwarancja mieszkaniowa<\/span><span class=\"pull-right w-50\">24 miesi\u0105ce<\/span><\/div>\n<\/div>\n<\/div>\n<\/div>\n<\/div>","protected":false},"excerpt":{"rendered":"<ul class=\"g-ml-0 g-pl-20\">\n<li>VersAttach<sup>\u00ae<\/sup>\u00a0G\u0142owica System 25cc<\/li>\n<li>Dzia\u0142a na czystym gazie bezo\u0142owiowym (bez mieszania)<\/li>\n<li>Dost\u0119pnych jest wiele r\u00f3\u017cnych przystawek<\/li>\n<li>SureLoc<sup>\u00ae<\/sup>\u00a0system - \u0142atwy do pod\u0142\u0105czenia<\/li>\n<\/ul>","protected":false},"featured_media":576,"comment_status":"open","ping_status":"closed","template":"","meta":[],"product_brand":[],"product_cat":[47],"product_tag":[99,98,97],"class_list":{"0":"post-575","1":"product","2":"type-product","3":"status-publish","4":"has-post-thumbnail","6":"product_cat-honda-trimmers","7":"product_tag-honda-umc425","8":"product_tag-honda-umc425-attachments","9":"product_tag-honda-umc425-versatool","11":"first","12":"instock","13":"shipping-taxable","14":"purchasable","15":"product-type-simple"},"yoast_head":"<!-- This site is optimized with the Yoast SEO Premium plugin v26.2 (Yoast SEO v26.2) - https:\/\/yoast.com\/wordpress\/plugins\/seo\/ -->\n<title>UMC425 - HONDA POWER EQUIPMENT<\/title>\n<meta name=\"description\" content=\"UMC425 for sale, This power head is part of Honda&#039;s VersAttach\u00ae System for landscaping. a user-friendly multi-task power tool with 6 attachments.\" \/>\n<meta name=\"robots\" content=\"index, follow, max-snippet:-1, max-image-preview:large, max-video-preview:-1\" \/>\n<link rel=\"canonical\" href=\"https:\/\/hondapowertools.com\/pl\/produkt\/umc425\/\" \/>\n<meta property=\"og:locale\" content=\"pl_PL\" \/>\n<meta property=\"og:type\" content=\"article\" \/>\n<meta property=\"og:title\" content=\"UMC425\" \/>\n<meta property=\"og:description\" content=\"UMC425 for sale, This power head is part of Honda&#039;s VersAttach\u00ae System for landscaping. a user-friendly multi-task power tool with 6 attachments.\" \/>\n<meta property=\"og:url\" content=\"https:\/\/hondapowertools.com\/pl\/produkt\/umc425\/\" \/>\n<meta property=\"og:site_name\" content=\"HONDA POWER EQUIPMENT\" \/>\n<meta property=\"article:modified_time\" content=\"2025-02-09T19:13:47+00:00\" \/>\n<meta property=\"og:image\" content=\"https:\/\/hondapowertools.com\/wp-content\/uploads\/2025\/02\/versattach_umc425_l.jpg\" \/>\n\t<meta property=\"og:image:width\" content=\"600\" \/>\n\t<meta property=\"og:image:height\" content=\"600\" \/>\n\t<meta property=\"og:image:type\" content=\"image\/jpeg\" \/>\n<meta name=\"twitter:card\" content=\"summary_large_image\" \/>\n<meta name=\"twitter:label1\" content=\"Szacowany czas czytania\" \/>\n\t<meta name=\"twitter:data1\" content=\"4 minuty\" \/>\n<script type=\"application\/ld+json\" class=\"yoast-schema-graph\">{\"@context\":\"https:\/\/schema.org\",\"@graph\":[{\"@type\":\"WebPage\",\"@id\":\"https:\/\/hondapowertools.com\/product\/umc425\/\",\"url\":\"https:\/\/hondapowertools.com\/product\/umc425\/\",\"name\":\"UMC425 - HONDA POWER EQUIPMENT\",\"isPartOf\":{\"@id\":\"https:\/\/hondapowertools.com\/#website\"},\"primaryImageOfPage\":{\"@id\":\"https:\/\/hondapowertools.com\/product\/umc425\/#primaryimage\"},\"image\":{\"@id\":\"https:\/\/hondapowertools.com\/product\/umc425\/#primaryimage\"},\"thumbnailUrl\":\"https:\/\/hondapowertools.com\/wp-content\/uploads\/2025\/02\/versattach_umc425_l.jpg\",\"datePublished\":\"2025-02-09T13:28:34+00:00\",\"dateModified\":\"2025-02-09T19:13:47+00:00\",\"description\":\"UMC425 for sale, This power head is part of Honda's VersAttach\u00ae System for landscaping. a user-friendly multi-task power tool with 6 attachments.\",\"breadcrumb\":{\"@id\":\"https:\/\/hondapowertools.com\/product\/umc425\/#breadcrumb\"},\"inLanguage\":\"pl-PL\",\"potentialAction\":[{\"@type\":\"ReadAction\",\"target\":[\"https:\/\/hondapowertools.com\/product\/umc425\/\"]}]},{\"@type\":\"ImageObject\",\"inLanguage\":\"pl-PL\",\"@id\":\"https:\/\/hondapowertools.com\/product\/umc425\/#primaryimage\",\"url\":\"https:\/\/hondapowertools.com\/wp-content\/uploads\/2025\/02\/versattach_umc425_l.jpg\",\"contentUrl\":\"https:\/\/hondapowertools.com\/wp-content\/uploads\/2025\/02\/versattach_umc425_l.jpg\",\"width\":600,\"height\":600,\"caption\":\"Honda's VersAttach\u00ae System\"},{\"@type\":\"BreadcrumbList\",\"@id\":\"https:\/\/hondapowertools.com\/product\/umc425\/#breadcrumb\",\"itemListElement\":[{\"@type\":\"ListItem\",\"position\":1,\"name\":\"Home\",\"item\":\"https:\/\/hondapowertools.com\/\"},{\"@type\":\"ListItem\",\"position\":2,\"name\":\"Shop\",\"item\":\"https:\/\/hondapowertools.com\/?page_id=10\"},{\"@type\":\"ListItem\",\"position\":3,\"name\":\"UMC425\"}]},{\"@type\":\"WebSite\",\"@id\":\"https:\/\/hondapowertools.com\/#website\",\"url\":\"https:\/\/hondapowertools.com\/\",\"name\":\"HONDA POWER EQUIPMENTS\",\"description\":\"Honda Power Equipment\",\"publisher\":{\"@id\":\"https:\/\/hondapowertools.com\/#organization\"},\"potentialAction\":[{\"@type\":\"SearchAction\",\"target\":{\"@type\":\"EntryPoint\",\"urlTemplate\":\"https:\/\/hondapowertools.com\/?s={search_term_string}\"},\"query-input\":{\"@type\":\"PropertyValueSpecification\",\"valueRequired\":true,\"valueName\":\"search_term_string\"}}],\"inLanguage\":\"pl-PL\"},{\"@type\":\"Organization\",\"@id\":\"https:\/\/hondapowertools.com\/#organization\",\"name\":\"HONDA POWER TOOLS\",\"alternateName\":\"HONDA POWER EQUIPMENT\",\"url\":\"https:\/\/hondapowertools.com\/\",\"logo\":{\"@type\":\"ImageObject\",\"inLanguage\":\"pl-PL\",\"@id\":\"https:\/\/hondapowertools.com\/#\/schema\/logo\/image\/\",\"url\":\"https:\/\/hondapowertools.com\/wp-content\/uploads\/2025\/02\/cropped-honda-power-equipment-logo.png\",\"contentUrl\":\"https:\/\/hondapowertools.com\/wp-content\/uploads\/2025\/02\/cropped-honda-power-equipment-logo.png\",\"width\":290,\"height\":70,\"caption\":\"HONDA POWER TOOLS\"},\"image\":{\"@id\":\"https:\/\/hondapowertools.com\/#\/schema\/logo\/image\/\"}}]}<\/script>\n<!-- \/ Yoast SEO Premium plugin. -->","yoast_head_json":{"title":"UMC425 - HONDA POWER EQUIPMENT","description":"UMC425 for sale, This power head is part of Honda's VersAttach\u00ae System for landscaping. a user-friendly multi-task power tool with 6 attachments.","robots":{"index":"index","follow":"follow","max-snippet":"max-snippet:-1","max-image-preview":"max-image-preview:large","max-video-preview":"max-video-preview:-1"},"canonical":"https:\/\/hondapowertools.com\/pl\/produkt\/umc425\/","og_locale":"pl_PL","og_type":"article","og_title":"UMC425","og_description":"UMC425 for sale, This power head is part of Honda's VersAttach\u00ae System for landscaping. a user-friendly multi-task power tool with 6 attachments.","og_url":"https:\/\/hondapowertools.com\/pl\/produkt\/umc425\/","og_site_name":"HONDA POWER EQUIPMENT","article_modified_time":"2025-02-09T19:13:47+00:00","og_image":[{"width":600,"height":600,"url":"https:\/\/hondapowertools.com\/wp-content\/uploads\/2025\/02\/versattach_umc425_l.jpg","type":"image\/jpeg"}],"twitter_card":"summary_large_image","twitter_misc":{"Szacowany czas czytania":"4 minuty"},"schema":{"@context":"https:\/\/schema.org","@graph":[{"@type":"WebPage","@id":"https:\/\/hondapowertools.com\/product\/umc425\/","url":"https:\/\/hondapowertools.com\/product\/umc425\/","name":"UMC425 - HONDA POWER EQUIPMENT","isPartOf":{"@id":"https:\/\/hondapowertools.com\/#website"},"primaryImageOfPage":{"@id":"https:\/\/hondapowertools.com\/product\/umc425\/#primaryimage"},"image":{"@id":"https:\/\/hondapowertools.com\/product\/umc425\/#primaryimage"},"thumbnailUrl":"https:\/\/hondapowertools.com\/wp-content\/uploads\/2025\/02\/versattach_umc425_l.jpg","datePublished":"2025-02-09T13:28:34+00:00","dateModified":"2025-02-09T19:13:47+00:00","description":"UMC425 for sale, This power head is part of Honda's VersAttach\u00ae System for landscaping. a user-friendly multi-task power tool with 6 attachments.","breadcrumb":{"@id":"https:\/\/hondapowertools.com\/product\/umc425\/#breadcrumb"},"inLanguage":"pl-PL","potentialAction":[{"@type":"ReadAction","target":["https:\/\/hondapowertools.com\/product\/umc425\/"]}]},{"@type":"ImageObject","inLanguage":"pl-PL","@id":"https:\/\/hondapowertools.com\/product\/umc425\/#primaryimage","url":"https:\/\/hondapowertools.com\/wp-content\/uploads\/2025\/02\/versattach_umc425_l.jpg","contentUrl":"https:\/\/hondapowertools.com\/wp-content\/uploads\/2025\/02\/versattach_umc425_l.jpg","width":600,"height":600,"caption":"Honda's VersAttach\u00ae System"},{"@type":"BreadcrumbList","@id":"https:\/\/hondapowertools.com\/product\/umc425\/#breadcrumb","itemListElement":[{"@type":"ListItem","position":1,"name":"Home","item":"https:\/\/hondapowertools.com\/"},{"@type":"ListItem","position":2,"name":"Shop","item":"https:\/\/hondapowertools.com\/?page_id=10"},{"@type":"ListItem","position":3,"name":"UMC425"}]},{"@type":"WebSite","@id":"https:\/\/hondapowertools.com\/#website","url":"https:\/\/hondapowertools.com\/","name":"HONDA POWER EQUIPMENTS","description":"Honda Power Equipment","publisher":{"@id":"https:\/\/hondapowertools.com\/#organization"},"potentialAction":[{"@type":"SearchAction","target":{"@type":"EntryPoint","urlTemplate":"https:\/\/hondapowertools.com\/?s={search_term_string}"},"query-input":{"@type":"PropertyValueSpecification","valueRequired":true,"valueName":"search_term_string"}}],"inLanguage":"pl-PL"},{"@type":"Organization","@id":"https:\/\/hondapowertools.com\/#organization","name":"HONDA POWER TOOLS","alternateName":"HONDA POWER EQUIPMENT","url":"https:\/\/hondapowertools.com\/","logo":{"@type":"ImageObject","inLanguage":"pl-PL","@id":"https:\/\/hondapowertools.com\/#\/schema\/logo\/image\/","url":"https:\/\/hondapowertools.com\/wp-content\/uploads\/2025\/02\/cropped-honda-power-equipment-logo.png","contentUrl":"https:\/\/hondapowertools.com\/wp-content\/uploads\/2025\/02\/cropped-honda-power-equipment-logo.png","width":290,"height":70,"caption":"HONDA POWER TOOLS"},"image":{"@id":"https:\/\/hondapowertools.com\/#\/schema\/logo\/image\/"}}]}},"_links":{"self":[{"href":"https:\/\/hondapowertools.com\/pl\/wp-json\/wp\/v2\/product\/575","targetHints":{"allow":["GET"]}}],"collection":[{"href":"https:\/\/hondapowertools.com\/pl\/wp-json\/wp\/v2\/product"}],"about":[{"href":"https:\/\/hondapowertools.com\/pl\/wp-json\/wp\/v2\/types\/product"}],"replies":[{"embeddable":true,"href":"https:\/\/hondapowertools.com\/pl\/wp-json\/wp\/v2\/comments?post=575"}],"wp:featuredmedia":[{"embeddable":true,"href":"https:\/\/hondapowertools.com\/pl\/wp-json\/wp\/v2\/media\/576"}],"wp:attachment":[{"href":"https:\/\/hondapowertools.com\/pl\/wp-json\/wp\/v2\/media?parent=575"}],"wp:term":[{"taxonomy":"product_brand","embeddable":true,"href":"https:\/\/hondapowertools.com\/pl\/wp-json\/wp\/v2\/product_brand?post=575"},{"taxonomy":"product_cat","embeddable":true,"href":"https:\/\/hondapowertools.com\/pl\/wp-json\/wp\/v2\/product_cat?post=575"},{"taxonomy":"product_tag","embeddable":true,"href":"https:\/\/hondapowertools.com\/pl\/wp-json\/wp\/v2\/product_tag?post=575"}],"curies":[{"name":"wp","href":"https:\/\/api.w.org\/{rel}","templated":true}]}}