{"id":597,"date":"2025-02-09T14:57:18","date_gmt":"2025-02-09T14:57:18","guid":{"rendered":"https:\/\/hondapowertools.com\/?post_type=product&#038;p=597"},"modified":"2025-02-09T14:57:19","modified_gmt":"2025-02-09T14:57:19","slug":"blower-attachment","status":"publish","type":"product","link":"https:\/\/hondapowertools.com\/pl\/produkt\/blower-attachment\/","title":{"rendered":"Przystawka dmuchawy"},"content":{"rendered":"<div id=\"Features\" class=\"anchor2 container g-py-0\">\n<div class=\"row\">\n<h2>Honda Blower Attachment<\/h2>\n<p>The blower attachment is part of Honda&#8217;s VersAttach\u00ae System for blowing leaves and debris. VersAttach\u00ae is a versatile, user-friendly multi-task power tool with 7 attachments.<\/p>\n<div><\/div>\n<div class=\"col-lg-2 featimg text-center g-pa-10 g-mb-0 g-font-weight-600\"><img decoding=\"async\" class=\"img-fluid\" style=\"box-sizing: border-box; vertical-align: middle; border-style: none; max-width: 100%; height: auto;\" src=\"https:\/\/services.powerequipment.honda.com\/content\/images\/pe\/models\/features\/thumbs\/versattach-blower-attach.jpg\" alt=\"Converts your VersAttach&lt;sup&gt;&amp;reg;&lt;\/sup&gt; Powerhead into a Blower\" \/><\/div>\n<div class=\"col-lg-4 g-pa-10 g-mb-0\"><span class=\"g-color-black g-font-weight-700\">Converts your VersAttach<sup>\u00ae<\/sup>\u00a0Powerhead into a Blower<\/span>The blower attachment makes your VersAttach powerhead into a commercial-grade blower suitable for both residential and commercial use.<\/p>\n<\/div>\n<div class=\"col-lg-2 featimg text-center g-pa-10 g-mb-0 g-font-weight-600\"><img decoding=\"async\" class=\"img-fluid\" src=\"https:\/\/services.powerequipment.honda.com\/content\/images\/pe\/models\/features\/thumbs\/close-up-blower.jpg\" alt=\"Powerful, targeted airflow = more effective blowing\" \/><\/div>\n<div class=\"col-lg-4 g-pa-10 g-mb-0\"><span class=\"g-color-black g-font-weight-700\">Powerful, targeted airflow = more effective blowing<\/span>Our blower attachment provides a powerful, targeted airflow. Because it sits directly parallel to the ground, there&#8217;s no loss of airstream. Meaning, it moves leaves and other debris with ease. And because the air intake is on the top of the blower, it won&#8217;t get clogged.<\/p>\n<\/div>\n<div class=\"col-lg-2 featimg text-center g-pa-10 g-mb-0 g-font-weight-600\"><img decoding=\"async\" class=\"img-fluid\" style=\"box-sizing: border-box; vertical-align: middle; border-style: none; max-width: 100%; height: auto;\" src=\"https:\/\/services.powerequipment.honda.com\/content\/images\/pe\/models\/features\/thumbs\/versattach_all_attachments.jpg\" alt=\"Multi-tool flexibility: VersAttach&lt;sup&gt;&amp;reg;&lt;\/sup&gt; System\" \/><\/div>\n<div class=\"col-lg-4 g-pa-10 g-mb-0\"><span class=\"g-color-black g-font-weight-700\">Multi-tool flexibility: VersAttach<sup>\u00ae<\/sup>\u00a0System<\/span>The blower attachement is part of Honda&#8217;s exclusive VersAttach System. It is interchangeable with any of 5 other options: trimmer, edger, hedge trimmer, pruner, and blower.<\/p>\n<\/div>\n<div class=\"col-lg-2 featimg text-center g-pa-10 g-mb-0 g-font-weight-600\"><img decoding=\"async\" class=\"img-fluid\" src=\"https:\/\/services.powerequipment.honda.com\/content\/images\/pe\/models\/features\/thumbs\/attach_umc425.jpg\" alt=\"Pairs with both the UMC425 and UMC435 Powerheads\" \/><\/div>\n<div class=\"col-lg-4 g-pa-10 g-mb-0\"><span class=\"g-color-black g-font-weight-700\">Pairs with both the UMC425 and UMC435 Powerheads<\/span>The blower attachment connects with either Honda VersAttach powerhead for instant power.<\/p>\n<\/div>\n<div class=\"col-lg-2 featimg text-center g-pa-10 g-mb-0 g-font-weight-600\"><img decoding=\"async\" class=\"img-fluid\" style=\"box-sizing: border-box; vertical-align: middle; border-style: none; max-width: 100%; height: auto;\" src=\"https:\/\/services.powerequipment.honda.com\/content\/images\/pe\/models\/features\/thumbs\/sureloc_demo.jpg\" alt=\"SureLoc&lt;sup&gt;&amp;reg;&lt;\/sup&gt; System: Twist, lock, and go!\" \/><\/div>\n<div class=\"col-lg-4 g-pa-10 g-mb-0\"><span class=\"g-color-black g-font-weight-700\">SureLoc<sup>\u00ae<\/sup>\u00a0System: Przekr\u0119\u0107, zablokuj i ruszaj!<\/span>Innowacyjny system blokowania przegub\u00f3w SureLoc u\u0142atwia pewne pod\u0142\u0105czanie osprz\u0119tu. Wystarczy nacisn\u0105\u0107 i klikn\u0105\u0107, aby zablokowa\u0107 osprz\u0119t na miejscu. Nie s\u0105 wymagane \u017cadne narz\u0119dzia! SureLoc eliminuje zgadywanie, czy osprz\u0119t jest prawid\u0142owo przymocowany do g\u0142owicy.<\/p>\n<p><a class=\"btn u-btn-primary colorbox light-box cboxElement\" title=\"\" href=\"https:\/\/powerequipment.honda.com\/trimmers\/sureloc\">Dowiedz si\u0119 wi\u0119cej<\/a><\/div>\n<div class=\"col-lg-2 featimg text-center g-pa-10 g-mb-0 g-font-weight-600\"><\/div>\n<div class=\"col-lg-4 g-pa-10 g-mb-0\"><span class=\"g-color-black g-font-weight-700\">Handy Attachment Hook for Storage<\/span>Every VersAttach attachment comes with a handy hook for easy storage. The cap also prevents dirt and dust from building up in the spline.<\/p>\n<\/div>\n<div class=\"col-lg-2 featimg text-center g-pa-10 g-mb-0 g-font-weight-600\"><img decoding=\"async\" class=\"img-fluid\" src=\"https:\/\/services.powerequipment.honda.com\/content\/images\/pe\/models\/features\/thumbs\/360_engine.jpg\" alt=\"Use and store in any position\" \/><\/div>\n<div class=\"col-lg-4 g-pa-10 g-mb-0\"><span class=\"g-color-black g-font-weight-700\">U\u017cywaj i przechowuj w dowolnej pozycji<\/span>Unikalny silnik Hondy z mo\u017cliwo\u015bci\u0105 pochylenia o 360 stopni mo\u017ce by\u0107 u\u017cywany, obracany i przechowywany w dowolnej pozycji.<\/p>\n<\/div>\n<div class=\"col-lg-2 featimg text-center g-pa-10 g-mb-0 g-font-weight-600\"><\/div>\n<div class=\"col-lg-4 g-pa-10 g-mb-0\"><span class=\"g-color-black g-font-weight-700\">Szybkie przyspieszenie i doskona\u0142y moment obrotowy do wymagaj\u0105cych zada\u0144<\/span>Zaprojektowany z my\u015bl\u0105 o trudnych zadaniach. Wysoki moment obrotowy w niskim zakresie obrot\u00f3w pozwala na wykonywanie wielu zada\u0144 przy niepe\u0142nym otwarciu przepustnicy, co zwi\u0119ksza oszcz\u0119dno\u015b\u0107 paliwa.<\/p>\n<\/div>\n<\/div>\n<\/div>\n<div id=\"Specs\" class=\"anchor2 container g-py-0\">\n<div class=\"col-lg-12 g-pa-0\">\n<div class=\"u-heading-v3-1 g-bg-main g-brd-main u-heading-v3-1 g-bg-main g-brd-main g-my-30 col-lg-12 g-pa-0\">\n<h2 class=\"h3 u-heading-v3__title\">Specyfikacje<\/h2>\n<\/div>\n<div class=\"g-pt-30 container\">\n<div class=\"col-lg-12 g-pa-0\">\n<div class=\"col-lg-12 g-brd-bottom g-brd-gray-light-v4 g-pt-0 g-pb-20 g-mb-0\"><span class=\"g-font-weight-600\">Wymiary (d\u0142. x szer. x wys.)<\/span><span class=\"pull-right w-50\">34 x 11 x 6.3 in.<\/span><\/div>\n<\/div>\n<\/div>\n<div class=\"g-pt-30 container\">\n<div class=\"col-lg-12 g-pa-0\">\n<div class=\"col-lg-12 g-brd-bottom g-brd-gray-light-v4 g-pt-0 g-pb-20 g-mb-0\"><span class=\"g-font-weight-600\">Weight<\/span><span class=\"pull-right w-50\">4.85 lbs (2.2kg)<\/span><\/div>\n<\/div>\n<\/div>\n<div class=\"g-pt-30 container\">\n<div class=\"col-lg-12 g-pa-0\">\n<div class=\"col-lg-12 g-brd-bottom g-brd-gray-light-v4 g-pt-0 g-pb-20 g-mb-0\"><span class=\"g-font-weight-600\">Maximum Air Speed (mph)<\/span><span class=\"pull-right w-50\">UMC425: 184 UMC435: 196<\/span><\/div>\n<\/div>\n<\/div>\n<div class=\"g-pt-30 container\">\n<div class=\"col-lg-12 g-pa-0\">\n<div class=\"col-lg-12 g-brd-bottom g-brd-gray-light-v4 g-pt-0 g-pb-20 g-mb-0\"><span class=\"g-font-weight-600\">Maximum Air Volume (cfm)<\/span><span class=\"pull-right w-50\">UMC425: 235 UMC435: 250<\/span><\/div>\n<\/div>\n<\/div>\n<div class=\"g-pt-30 container\">\n<div class=\"col-lg-12 g-pa-0\">\n<div class=\"col-lg-12 g-brd-bottom g-brd-gray-light-v4 g-pt-0 g-pb-20 g-mb-0\"><span class=\"g-font-weight-600\">Gwarancja mieszkaniowa<\/span><span class=\"pull-right w-50\">24 miesi\u0105ce<\/span><\/div>\n<\/div>\n<\/div>\n<div class=\"g-pt-30 container\">\n<div class=\"col-lg-12 g-pa-0\">\n<div class=\"col-lg-12 g-brd-bottom g-brd-gray-light-v4 g-pt-0 g-pb-20 g-mb-0\"><span class=\"g-font-weight-600\">Gwarancja komercyjna<\/span><span class=\"pull-right w-50\">12 miesi\u0119cy<\/span><\/div>\n<\/div>\n<\/div>\n<\/div>\n<\/div>","protected":false},"excerpt":{"rendered":"<ul class=\"g-ml-0 g-pl-20\">\n<li>Powerful, targeted airflow<\/li>\n<li>VersAttach<sup>\u00ae<\/sup>\u00a0System &#8211; multitool flexibility<\/li>\n<li>Pairs with both the UMC425 and UMC435 Powerheads<\/li>\n<\/ul>","protected":false},"featured_media":598,"comment_status":"open","ping_status":"closed","template":"","meta":[],"product_brand":[],"product_cat":[44,47],"product_tag":[],"class_list":{"0":"post-597","1":"product","2":"type-product","3":"status-publish","4":"has-post-thumbnail","6":"product_cat-honda-pumps","7":"product_cat-honda-trimmers","9":"first","10":"instock","11":"shipping-taxable","12":"purchasable","13":"product-type-simple"},"yoast_head":"<!-- This site is optimized with the Yoast SEO Premium plugin v26.2 (Yoast SEO v26.2) - https:\/\/yoast.com\/wordpress\/plugins\/seo\/ -->\n<title>Blower Attachment - HONDA POWER EQUIPMENT<\/title>\n<meta name=\"description\" content=\"The blower attachment is part of Honda&#039;s VersAttach\u00ae System for blowing leaves and debris. VersAttach\u00ae is a versatile, user-friendly multi-task power tool\" \/>\n<meta name=\"robots\" content=\"index, follow, max-snippet:-1, max-image-preview:large, max-video-preview:-1\" \/>\n<link rel=\"canonical\" href=\"https:\/\/hondapowertools.com\/pl\/producto\/blower-attachment\/\" \/>\n<meta property=\"og:locale\" content=\"pl_PL\" \/>\n<meta property=\"og:type\" content=\"article\" \/>\n<meta property=\"og:title\" content=\"Blower Attachment\" \/>\n<meta property=\"og:description\" content=\"The blower attachment is part of Honda&#039;s VersAttach\u00ae System for blowing leaves and debris. VersAttach\u00ae is a versatile, user-friendly multi-task power tool\" \/>\n<meta property=\"og:url\" content=\"https:\/\/hondapowertools.com\/pl\/producto\/blower-attachment\/\" \/>\n<meta property=\"og:site_name\" content=\"HONDA POWER EQUIPMENT\" \/>\n<meta property=\"article:modified_time\" content=\"2025-02-09T14:57:19+00:00\" \/>\n<meta property=\"og:image\" content=\"https:\/\/hondapowertools.com\/wp-content\/uploads\/2025\/02\/ssbl_pe_imglg.jpg\" \/>\n\t<meta property=\"og:image:width\" content=\"1100\" \/>\n\t<meta property=\"og:image:height\" content=\"1100\" \/>\n\t<meta property=\"og:image:type\" content=\"image\/jpeg\" \/>\n<meta name=\"twitter:card\" content=\"summary_large_image\" \/>\n<meta name=\"twitter:label1\" content=\"Szacowany czas czytania\" \/>\n\t<meta name=\"twitter:data1\" content=\"3 minuty\" \/>\n<script type=\"application\/ld+json\" class=\"yoast-schema-graph\">{\"@context\":\"https:\/\/schema.org\",\"@graph\":[{\"@type\":\"WebPage\",\"@id\":\"https:\/\/hondapowertools.com\/es\/producto\/blower-attachment\/\",\"url\":\"https:\/\/hondapowertools.com\/es\/producto\/blower-attachment\/\",\"name\":\"Blower Attachment - HONDA POWER EQUIPMENT\",\"isPartOf\":{\"@id\":\"https:\/\/hondapowertools.com\/#website\"},\"primaryImageOfPage\":{\"@id\":\"https:\/\/hondapowertools.com\/es\/producto\/blower-attachment\/#primaryimage\"},\"image\":{\"@id\":\"https:\/\/hondapowertools.com\/es\/producto\/blower-attachment\/#primaryimage\"},\"thumbnailUrl\":\"https:\/\/hondapowertools.com\/wp-content\/uploads\/2025\/02\/ssbl_pe_imglg.jpg\",\"datePublished\":\"2025-02-09T14:57:18+00:00\",\"dateModified\":\"2025-02-09T14:57:19+00:00\",\"description\":\"The blower attachment is part of Honda's VersAttach\u00ae System for blowing leaves and debris. VersAttach\u00ae is a versatile, user-friendly multi-task power tool\",\"breadcrumb\":{\"@id\":\"https:\/\/hondapowertools.com\/es\/producto\/blower-attachment\/#breadcrumb\"},\"inLanguage\":\"pl-PL\",\"potentialAction\":[{\"@type\":\"ReadAction\",\"target\":[\"https:\/\/hondapowertools.com\/es\/producto\/blower-attachment\/\"]}]},{\"@type\":\"ImageObject\",\"inLanguage\":\"pl-PL\",\"@id\":\"https:\/\/hondapowertools.com\/es\/producto\/blower-attachment\/#primaryimage\",\"url\":\"https:\/\/hondapowertools.com\/wp-content\/uploads\/2025\/02\/ssbl_pe_imglg.jpg\",\"contentUrl\":\"https:\/\/hondapowertools.com\/wp-content\/uploads\/2025\/02\/ssbl_pe_imglg.jpg\",\"width\":1100,\"height\":1100,\"caption\":\"Honda Blower Attachment\"},{\"@type\":\"BreadcrumbList\",\"@id\":\"https:\/\/hondapowertools.com\/es\/producto\/blower-attachment\/#breadcrumb\",\"itemListElement\":[{\"@type\":\"ListItem\",\"position\":1,\"name\":\"Home\",\"item\":\"https:\/\/hondapowertools.com\/\"},{\"@type\":\"ListItem\",\"position\":2,\"name\":\"Shop\",\"item\":\"https:\/\/hondapowertools.com\/?page_id=10\"},{\"@type\":\"ListItem\",\"position\":3,\"name\":\"Blower Attachment\"}]},{\"@type\":\"WebSite\",\"@id\":\"https:\/\/hondapowertools.com\/#website\",\"url\":\"https:\/\/hondapowertools.com\/\",\"name\":\"HONDA POWER EQUIPMENTS\",\"description\":\"Honda Power Equipment\",\"publisher\":{\"@id\":\"https:\/\/hondapowertools.com\/#organization\"},\"potentialAction\":[{\"@type\":\"SearchAction\",\"target\":{\"@type\":\"EntryPoint\",\"urlTemplate\":\"https:\/\/hondapowertools.com\/?s={search_term_string}\"},\"query-input\":{\"@type\":\"PropertyValueSpecification\",\"valueRequired\":true,\"valueName\":\"search_term_string\"}}],\"inLanguage\":\"pl-PL\"},{\"@type\":\"Organization\",\"@id\":\"https:\/\/hondapowertools.com\/#organization\",\"name\":\"HONDA POWER TOOLS\",\"alternateName\":\"HONDA POWER EQUIPMENT\",\"url\":\"https:\/\/hondapowertools.com\/\",\"logo\":{\"@type\":\"ImageObject\",\"inLanguage\":\"pl-PL\",\"@id\":\"https:\/\/hondapowertools.com\/#\/schema\/logo\/image\/\",\"url\":\"https:\/\/hondapowertools.com\/wp-content\/uploads\/2025\/02\/cropped-honda-power-equipment-logo.png\",\"contentUrl\":\"https:\/\/hondapowertools.com\/wp-content\/uploads\/2025\/02\/cropped-honda-power-equipment-logo.png\",\"width\":290,\"height\":70,\"caption\":\"HONDA POWER TOOLS\"},\"image\":{\"@id\":\"https:\/\/hondapowertools.com\/#\/schema\/logo\/image\/\"}}]}<\/script>\n<!-- \/ Yoast SEO Premium plugin. -->","yoast_head_json":{"title":"Blower Attachment - HONDA POWER EQUIPMENT","description":"The blower attachment is part of Honda's VersAttach\u00ae System for blowing leaves and debris. VersAttach\u00ae is a versatile, user-friendly multi-task power tool","robots":{"index":"index","follow":"follow","max-snippet":"max-snippet:-1","max-image-preview":"max-image-preview:large","max-video-preview":"max-video-preview:-1"},"canonical":"https:\/\/hondapowertools.com\/pl\/producto\/blower-attachment\/","og_locale":"pl_PL","og_type":"article","og_title":"Blower Attachment","og_description":"The blower attachment is part of Honda's VersAttach\u00ae System for blowing leaves and debris. VersAttach\u00ae is a versatile, user-friendly multi-task power tool","og_url":"https:\/\/hondapowertools.com\/pl\/producto\/blower-attachment\/","og_site_name":"HONDA POWER EQUIPMENT","article_modified_time":"2025-02-09T14:57:19+00:00","og_image":[{"width":1100,"height":1100,"url":"https:\/\/hondapowertools.com\/wp-content\/uploads\/2025\/02\/ssbl_pe_imglg.jpg","type":"image\/jpeg"}],"twitter_card":"summary_large_image","twitter_misc":{"Szacowany czas czytania":"3 minuty"},"schema":{"@context":"https:\/\/schema.org","@graph":[{"@type":"WebPage","@id":"https:\/\/hondapowertools.com\/es\/producto\/blower-attachment\/","url":"https:\/\/hondapowertools.com\/es\/producto\/blower-attachment\/","name":"Blower Attachment - HONDA POWER EQUIPMENT","isPartOf":{"@id":"https:\/\/hondapowertools.com\/#website"},"primaryImageOfPage":{"@id":"https:\/\/hondapowertools.com\/es\/producto\/blower-attachment\/#primaryimage"},"image":{"@id":"https:\/\/hondapowertools.com\/es\/producto\/blower-attachment\/#primaryimage"},"thumbnailUrl":"https:\/\/hondapowertools.com\/wp-content\/uploads\/2025\/02\/ssbl_pe_imglg.jpg","datePublished":"2025-02-09T14:57:18+00:00","dateModified":"2025-02-09T14:57:19+00:00","description":"The blower attachment is part of Honda's VersAttach\u00ae System for blowing leaves and debris. VersAttach\u00ae is a versatile, user-friendly multi-task power tool","breadcrumb":{"@id":"https:\/\/hondapowertools.com\/es\/producto\/blower-attachment\/#breadcrumb"},"inLanguage":"pl-PL","potentialAction":[{"@type":"ReadAction","target":["https:\/\/hondapowertools.com\/es\/producto\/blower-attachment\/"]}]},{"@type":"ImageObject","inLanguage":"pl-PL","@id":"https:\/\/hondapowertools.com\/es\/producto\/blower-attachment\/#primaryimage","url":"https:\/\/hondapowertools.com\/wp-content\/uploads\/2025\/02\/ssbl_pe_imglg.jpg","contentUrl":"https:\/\/hondapowertools.com\/wp-content\/uploads\/2025\/02\/ssbl_pe_imglg.jpg","width":1100,"height":1100,"caption":"Honda Blower Attachment"},{"@type":"BreadcrumbList","@id":"https:\/\/hondapowertools.com\/es\/producto\/blower-attachment\/#breadcrumb","itemListElement":[{"@type":"ListItem","position":1,"name":"Home","item":"https:\/\/hondapowertools.com\/"},{"@type":"ListItem","position":2,"name":"Shop","item":"https:\/\/hondapowertools.com\/?page_id=10"},{"@type":"ListItem","position":3,"name":"Blower Attachment"}]},{"@type":"WebSite","@id":"https:\/\/hondapowertools.com\/#website","url":"https:\/\/hondapowertools.com\/","name":"HONDA POWER EQUIPMENTS","description":"Honda Power Equipment","publisher":{"@id":"https:\/\/hondapowertools.com\/#organization"},"potentialAction":[{"@type":"SearchAction","target":{"@type":"EntryPoint","urlTemplate":"https:\/\/hondapowertools.com\/?s={search_term_string}"},"query-input":{"@type":"PropertyValueSpecification","valueRequired":true,"valueName":"search_term_string"}}],"inLanguage":"pl-PL"},{"@type":"Organization","@id":"https:\/\/hondapowertools.com\/#organization","name":"HONDA POWER TOOLS","alternateName":"HONDA POWER EQUIPMENT","url":"https:\/\/hondapowertools.com\/","logo":{"@type":"ImageObject","inLanguage":"pl-PL","@id":"https:\/\/hondapowertools.com\/#\/schema\/logo\/image\/","url":"https:\/\/hondapowertools.com\/wp-content\/uploads\/2025\/02\/cropped-honda-power-equipment-logo.png","contentUrl":"https:\/\/hondapowertools.com\/wp-content\/uploads\/2025\/02\/cropped-honda-power-equipment-logo.png","width":290,"height":70,"caption":"HONDA POWER TOOLS"},"image":{"@id":"https:\/\/hondapowertools.com\/#\/schema\/logo\/image\/"}}]}},"_links":{"self":[{"href":"https:\/\/hondapowertools.com\/pl\/wp-json\/wp\/v2\/product\/597","targetHints":{"allow":["GET"]}}],"collection":[{"href":"https:\/\/hondapowertools.com\/pl\/wp-json\/wp\/v2\/product"}],"about":[{"href":"https:\/\/hondapowertools.com\/pl\/wp-json\/wp\/v2\/types\/product"}],"replies":[{"embeddable":true,"href":"https:\/\/hondapowertools.com\/pl\/wp-json\/wp\/v2\/comments?post=597"}],"wp:featuredmedia":[{"embeddable":true,"href":"https:\/\/hondapowertools.com\/pl\/wp-json\/wp\/v2\/media\/598"}],"wp:attachment":[{"href":"https:\/\/hondapowertools.com\/pl\/wp-json\/wp\/v2\/media?parent=597"}],"wp:term":[{"taxonomy":"product_brand","embeddable":true,"href":"https:\/\/hondapowertools.com\/pl\/wp-json\/wp\/v2\/product_brand?post=597"},{"taxonomy":"product_cat","embeddable":true,"href":"https:\/\/hondapowertools.com\/pl\/wp-json\/wp\/v2\/product_cat?post=597"},{"taxonomy":"product_tag","embeddable":true,"href":"https:\/\/hondapowertools.com\/pl\/wp-json\/wp\/v2\/product_tag?post=597"}],"curies":[{"name":"wp","href":"https:\/\/api.w.org\/{rel}","templated":true}]}}