{"id":603,"date":"2025-02-09T15:13:44","date_gmt":"2025-02-09T15:13:44","guid":{"rendered":"https:\/\/hondapowertools.com\/?post_type=product&#038;p=603"},"modified":"2025-02-09T19:11:10","modified_gmt":"2025-02-09T19:11:10","slug":"hht35slta","status":"publish","type":"product","link":"https:\/\/hondapowertools.com\/pl\/produkt\/hht35slta\/","title":{"rendered":"HHT35SLTA"},"content":{"rendered":"<div id=\"Features\" class=\"anchor2 container g-py-0\">\n<div class=\"row\">\n<h2 class=\"col-lg-4 g-pa-10 g-mb-0\"><strong><span class=\"g-color-black g-font-weight-700\">Honda HHT35SLTA trimer<\/span><\/strong><\/h2>\n<div><\/div>\n<div class=\"col-lg-4 g-pa-10 g-mb-0\">\n<p><span class=\"g-color-black g-font-weight-700\">The ultimate hand-held solution for heavy-duty trimming and brush removal.<\/span>The HHT35SLTA takes all the features of the HHT25 and bumps up the power. Perfect for taking on the challenging jobs.<\/p>\n<\/div>\n<div class=\"col-lg-2 featimg text-center g-pa-10 g-mb-0 g-font-weight-600\"><img decoding=\"async\" class=\"img-fluid\" src=\"https:\/\/services.powerequipment.honda.com\/content\/images\/pe\/models\/features\/thumbs\/gx35.jpg\" alt=\"Easy starting, 4-stroke Honda engine\" \/><\/div>\n<div class=\"col-lg-4 g-pa-10 g-mb-0\">\n<p><span class=\"g-color-black g-font-weight-700\">\u0141atwy rozruch, 4-suwowy silnik Honda<\/span>System Honda Quick Start zapewnia szybki i \u0142atwy rozruch. Bez k\u0142opot\u00f3w. Bez zamieszania. Za ka\u017cdym razem.<\/p>\n<\/div>\n<div class=\"col-lg-2 featimg text-center g-pa-10 g-mb-0 g-font-weight-600\"><img decoding=\"async\" class=\"img-fluid\" src=\"https:\/\/services.powerequipment.honda.com\/content\/images\/pe\/models\/features\/thumbs\/4-stroke-power.jpg\" alt=\"Runs on regular gas - no mixing!\" \/><\/div>\n<div class=\"col-lg-4 g-pa-10 g-mb-0\">\n<p><span class=\"g-color-black g-font-weight-700\">Dzia\u0142a na zwyk\u0142ym gazie - bez mieszania! <\/span>Mini 4-suwowy silnik Hondy GX35 dzia\u0142a na zwyk\u0142ym gazie bezo\u0142owiowym. Nie ma potrzeby mieszania gazu i oleju!<\/p>\n<\/div>\n<div class=\"col-lg-2 featimg text-center g-pa-10 g-mb-0 g-font-weight-600\"><\/div>\n<div class=\"col-lg-4 g-pa-10 g-mb-0\">\n<p><span class=\"g-color-black g-font-weight-700\">Quick acceleration and excellent torque for demanding jobs designed<\/span>\u00a0to take on thick grass and heavy brush without bogging down. Strong low-end torque characteristics allow many jobs to be performed at partial throttle, increasing fuel efficiency.<\/p>\n<\/div>\n<div class=\"col-lg-2 featimg text-center g-pa-10 g-mb-0 g-font-weight-600\"><\/div>\n<div class=\"col-lg-4 g-pa-10 g-mb-0\">\n<p><span class=\"g-color-black g-font-weight-700\">Fuel-efficient design<\/span>Wysoce energooszcz\u0119dna konstrukcja zapewnia ni\u017csze koszty eksploatacji - do 50% mniej ni\u017c w przypadku podkaszarki dwusuwowej!<\/p>\n<\/div>\n<div class=\"col-lg-2 featimg text-center g-pa-10 g-mb-0 g-font-weight-600\"><img decoding=\"async\" class=\"img-fluid\" src=\"https:\/\/services.powerequipment.honda.com\/content\/images\/pe\/models\/features\/thumbs\/hhloop.jpg\" alt=\"Comfortable loop handle design\" \/><\/div>\n<div class=\"col-lg-4 g-pa-10 g-mb-0\">\n<p><span class=\"g-color-black g-font-weight-700\">Wygodny uchwyt w kszta\u0142cie p\u0119tli<\/span>The vibration-dampening design makes the HHT35SLTA more comfortable to operate.<\/p>\n<\/div>\n<div class=\"col-lg-2 featimg text-center g-pa-10 g-mb-0 g-font-weight-600\"><img decoding=\"async\" class=\"img-fluid\" src=\"https:\/\/services.powerequipment.honda.com\/content\/images\/pe\/models\/features\/thumbs\/trimmer-shaft.jpg\" alt=\"Durable flex shaft with limited lifetime warranty\" \/><\/div>\n<div class=\"col-lg-4 g-pa-10 g-mb-0\">\n<p><span class=\"g-color-black g-font-weight-700\">Wytrzyma\u0142y wa\u0142ek flex z ograniczon\u0105 do\u017cywotni\u0105 gwarancj\u0105<\/span>Wa\u0142ek gi\u0119tki z ograniczon\u0105 do\u017cywotni\u0105 gwarancj\u0105 zapewnia zwi\u0119kszon\u0105 trwa\u0142o\u015b\u0107 i doskona\u0142\u0105 amortyzacj\u0119 wstrz\u0105s\u00f3w.<\/p>\n<\/div>\n<div class=\"col-lg-2 featimg text-center g-pa-10 g-mb-0 g-font-weight-600\"><img decoding=\"async\" class=\"img-fluid\" src=\"https:\/\/services.powerequipment.honda.com\/content\/images\/pe\/models\/features\/thumbs\/trimmer-deflector.jpg\" alt=\"Deflector designed to provide increased operator visibility\" \/><\/div>\n<div class=\"col-lg-4 g-pa-10 g-mb-0\">\n<p><span class=\"g-color-black g-font-weight-700\">Deflector designed to provide increased operator visibility equipped<\/span>\u00a0with an automatic line cutter.<\/p>\n<\/div>\n<div class=\"col-lg-2 featimg text-center g-pa-10 g-mb-0 g-font-weight-600\"><img decoding=\"async\" class=\"img-fluid\" src=\"https:\/\/services.powerequipment.honda.com\/content\/images\/pe\/models\/features\/thumbs\/trimmer-solid-trigger.jpg\" alt=\"Solid trigger design for increased durability\" \/><\/div>\n<div class=\"col-lg-4 g-pa-10 g-mb-0\">\n<p><span class=\"g-color-black g-font-weight-700\">Solidna konstrukcja spustu zwi\u0119kszaj\u0105ca trwa\u0142o\u015b\u0107<\/span><\/p>\n<\/div>\n<div class=\"col-lg-2 featimg text-center g-pa-10 g-mb-0 g-font-weight-600\"><img decoding=\"async\" class=\"img-fluid\" style=\"box-sizing: border-box; vertical-align: middle; border-style: none; max-width: 100%; height: auto;\" src=\"https:\/\/services.powerequipment.honda.com\/content\/images\/pe\/models\/features\/thumbs\/trimmer-quiet-line.jpg\" alt=\"17&quot; Semi-matic bump feed head, with Ultra Quiet&lt;sup&gt;&amp;reg;&lt;\/sup&gt; line\" \/><\/div>\n<div class=\"col-lg-4 g-pa-10 g-mb-0\">\n<p><span class=\"g-color-black g-font-weight-700\">17&#8243; Semi-Matic bump feed head, with Ultra Quiet<sup>\u00ae<\/sup>\u00a0linia<\/span>Ultra cichy<sup>\u00ae<\/sup> line, significantly reduces the trimmer&#8217;s noise level.<\/p>\n<\/div>\n<div class=\"col-lg-2 featimg text-center g-pa-10 g-mb-0 g-font-weight-600\"><\/div>\n<div class=\"col-lg-4 g-pa-10 g-mb-0\">\n<p><span class=\"g-color-black g-font-weight-700\">Mniej dymu i nieprzyjemnego zapachu<\/span>Silniki 4-suwowe nie spalaj\u0105 oleju jak silniki dwusuwowe. Oznacza to mniej zapachu i dymu, a tak\u017ce mniejszy b\u00f3l g\u0142owy.<\/p>\n<\/div>\n<div class=\"col-lg-2 featimg text-center g-pa-10 g-mb-0 g-font-weight-600\"><\/div>\n<div class=\"col-lg-4 g-pa-10 g-mb-0\">\n<p><span class=\"g-color-black g-font-weight-700\">Ergonomically designed and positioned controls balance<\/span>\u00a0and maneuverability are superb due to the optimization of the engine\u2019s center of gravity, as well as the location of the throttle assembly and loop handle.<\/p>\n<\/div>\n<div class=\"col-lg-2 featimg text-center g-pa-10 g-mb-0 g-font-weight-600\"><\/div>\n<div class=\"col-lg-4 g-pa-10 g-mb-0\">\n<p><span class=\"g-color-black g-font-weight-700\">Ni\u017csze wibracje dla bardziej komfortowej pracy<\/span>GX35 wytwarza mniej wibracji ni\u017c por\u00f3wnywalne silniki. Zaawansowany system antywibracyjny zosta\u0142 zaprojektowany w obudowie sprz\u0119g\u0142a silnika, aby jeszcze bardziej zminimalizowa\u0107 zm\u0119czenie operatora.<\/p>\n<\/div>\n<div class=\"col-lg-2 featimg text-center g-pa-10 g-mb-0 g-font-weight-600\"><\/div>\n<div class=\"col-lg-4 g-pa-10 g-mb-0\">\n<p><span class=\"g-color-black g-font-weight-700\">U\u017cywaj i przechowuj w dowolnej pozycji<\/span>Unikalny, odchylany o 360 stopni silnik mo\u017ce by\u0107 u\u017cywany i przechowywany w dowolnej pozycji.<\/p>\n<\/div>\n<div class=\"col-lg-2 featimg text-center g-pa-10 g-mb-0 g-font-weight-600\"><\/div>\n<div class=\"col-lg-4 g-pa-10 g-mb-0\">\n<p><span class=\"g-color-black g-font-weight-700\">Uprz\u0105\u017c w zestawie<\/span><\/p>\n<\/div>\n<div class=\"col-lg-2 featimg text-center g-pa-10 g-mb-0 g-font-weight-600\"><\/div>\n<div class=\"col-lg-4 g-pa-10 g-mb-0\">\n<p><span class=\"g-color-black g-font-weight-700\">Can accommodate a variety of 9&#8243; and 10&#8243; cutting blades with an optional barrier kit<\/span><\/p>\n<\/div>\n<\/div>\n<\/div>\n<div id=\"Specs\" class=\"anchor2 container g-py-0\">\n<div class=\"col-lg-12 g-pa-0\">\n<div class=\"u-heading-v3-1 g-bg-main g-brd-main u-heading-v3-1 g-bg-main g-brd-main g-my-30 col-lg-12 g-pa-0\">\n<h2 class=\"h3 u-heading-v3__title\">Specyfikacje<\/h2>\n<\/div>\n<div class=\"g-pt-30 container\">\n<div class=\"col-lg-12 g-pa-0\">\n<div class=\"col-lg-12 g-brd-bottom g-brd-gray-light-v4 g-pt-0 g-pb-20 g-mb-0\"><span class=\"g-font-weight-600\">Silnik<\/span><span class=\"pull-right w-50\">GX35<\/span><\/div>\n<\/div>\n<\/div>\n<div class=\"g-pt-30 container\">\n<div class=\"col-lg-12 g-pa-0\">\n<div class=\"col-lg-12 g-brd-bottom g-brd-gray-light-v4 g-pt-0 g-pb-20 g-mb-0\"><span class=\"g-font-weight-600\">Przemieszczenie<\/span><span class=\"pull-right w-50\">2,18 cu. in. (35,8cc)<\/span><\/div>\n<\/div>\n<\/div>\n<div class=\"g-pt-30 container\">\n<div class=\"col-lg-12 g-pa-0\">\n<div class=\"col-lg-12 g-brd-bottom g-brd-gray-light-v4 g-pt-0 g-pb-20 g-mb-0\"><span class=\"g-font-weight-600\">Paliwo<\/span><span class=\"pull-right w-50\">Benzyna bezo\u0142owiowa (o liczbie oktanowej 86 lub wy\u017cszej)<\/span><\/div>\n<\/div>\n<\/div>\n<div class=\"g-pt-30 container\">\n<div class=\"col-lg-12 g-pa-0\">\n<div class=\"col-lg-12 g-brd-bottom g-brd-gray-light-v4 g-pt-0 g-pb-20 g-mb-0\"><span class=\"g-font-weight-600\">Pojemno\u015b\u0107 zbiornika paliwa<\/span><span class=\"pull-right w-50\">22,0 fl oz.<\/span><\/div>\n<\/div>\n<\/div>\n<div class=\"g-pt-30 container\">\n<div class=\"col-lg-12 g-pa-0\">\n<div class=\"col-lg-12 g-brd-bottom g-brd-gray-light-v4 g-pt-0 g-pb-20 g-mb-0\"><span class=\"g-font-weight-600\">Ga\u017anik<\/span><span class=\"pull-right w-50\">Typ membranowy z pomp\u0105 paliwa<\/span><\/div>\n<\/div>\n<\/div>\n<div class=\"g-pt-30 container\">\n<div class=\"col-lg-12 g-pa-0\">\n<div class=\"col-lg-12 g-brd-bottom g-brd-gray-light-v4 g-pt-0 g-pb-20 g-mb-0\"><span class=\"g-font-weight-600\">Pr\u0119dko\u015b\u0107 biegu ja\u0142owego<\/span><span class=\"pull-right w-50\">3 100 +\/- 200 obr.<\/span><\/div>\n<\/div>\n<\/div>\n<div class=\"g-pt-30 container\">\n<div class=\"col-lg-12 g-pa-0\">\n<div class=\"col-lg-12 g-brd-bottom g-brd-gray-light-v4 g-pt-0 g-pb-20 g-mb-0\"><span class=\"g-font-weight-600\">Maks. (bez obci\u0105\u017cenia) obr.<\/span><span class=\"pull-right w-50\">10 000 obr\/min (bez g\u0142owicy tn\u0105cej)<\/span><\/div>\n<\/div>\n<\/div>\n<div class=\"g-pt-30 container\">\n<div class=\"col-lg-12 g-pa-0\">\n<div class=\"col-lg-12 g-brd-bottom g-brd-gray-light-v4 g-pt-0 g-pb-20 g-mb-0\"><span class=\"g-font-weight-600\">Wymiary (d\u0142. x szer. x wys.)<\/span><span class=\"pull-right w-50\">73.8 in. x 12.8 in. x 10.2 in.<\/span><\/div>\n<\/div>\n<\/div>\n<div class=\"g-pt-30 container\">\n<div class=\"col-lg-12 g-pa-0\">\n<div class=\"col-lg-12 g-brd-bottom g-brd-gray-light-v4 g-pt-0 g-pb-20 g-mb-0\"><span class=\"g-font-weight-600\">Waga na sucho<\/span><span class=\"pull-right w-50\">14.8 lb. (w\/o head) 15.5 lb (with head)<\/span><\/div>\n<\/div>\n<\/div>\n<div class=\"g-pt-30 container\">\n<div class=\"col-lg-12 g-pa-0\">\n<div class=\"col-lg-12 g-brd-bottom g-brd-gray-light-v4 g-pt-0 g-pb-20 g-mb-0\"><span class=\"g-font-weight-600\">Wy\u0142\u0105cznik silnika<\/span><span class=\"pull-right w-50\">Prze\u0142\u0105cznik suwakowy<\/span><\/div>\n<\/div>\n<\/div>\n<div class=\"g-pt-30 container\">\n<div class=\"col-lg-12 g-pa-0\">\n<div class=\"col-lg-12 g-brd-bottom g-brd-gray-light-v4 g-pt-0 g-pb-20 g-mb-0\"><span class=\"g-font-weight-600\">Sterowanie przepustnic\u0105<\/span><span class=\"pull-right w-50\">Wyzwalanie dwoma ruchami<\/span><\/div>\n<\/div>\n<\/div>\n<div class=\"g-pt-30 container\">\n<div class=\"col-lg-12 g-pa-0\">\n<div class=\"col-lg-12 g-brd-bottom g-brd-gray-light-v4 g-pt-0 g-pb-20 g-mb-0\"><span class=\"g-font-weight-600\">\u015arednica rury g\u0142\u00f3wnej<\/span><span class=\"pull-right w-50\">1,0 cala (25,4 mm)<\/span><\/div>\n<\/div>\n<\/div>\n<div class=\"g-pt-30 container\">\n<div class=\"col-lg-12 g-pa-0\">\n<div class=\"col-lg-12 g-brd-bottom g-brd-gray-light-v4 g-pt-0 g-pb-20 g-mb-0\"><span class=\"g-font-weight-600\">Grubo\u015b\u0107 rury g\u0142\u00f3wnej<\/span><span class=\"pull-right w-50\">.06 cala (aluminium)<\/span><\/div>\n<\/div>\n<\/div>\n<div class=\"g-pt-30 container\">\n<div class=\"col-lg-12 g-pa-0\">\n<div class=\"col-lg-12 g-brd-bottom g-brd-gray-light-v4 g-pt-0 g-pb-20 g-mb-0\"><span class=\"g-font-weight-600\">Wa\u0142 nap\u0119dowy<\/span><span class=\"pull-right w-50\">Elastyczny kabel stalowy<\/span><\/div>\n<\/div>\n<\/div>\n<div class=\"g-pt-30 container\">\n<div class=\"col-lg-12 g-pa-0\">\n<div class=\"col-lg-12 g-brd-bottom g-brd-gray-light-v4 g-pt-0 g-pb-20 g-mb-0\"><span class=\"g-font-weight-600\">Podpora wa\u0142u<\/span><span class=\"pull-right w-50\">Nylonowy r\u0119kaw podtrzymuj\u0105cy<\/span><\/div>\n<\/div>\n<\/div>\n<div class=\"g-pt-30 container\">\n<div class=\"col-lg-12 g-pa-0\">\n<div class=\"col-lg-12 g-brd-bottom g-brd-gray-light-v4 g-pt-0 g-pb-20 g-mb-0\"><span class=\"g-font-weight-600\">Prze\u0142o\u017cenie<\/span><span class=\"pull-right w-50\">1.235<\/span><\/div>\n<\/div>\n<\/div>\n<div class=\"g-pt-30 container\">\n<div class=\"col-lg-12 g-pa-0\">\n<div class=\"col-lg-12 g-brd-bottom g-brd-gray-light-v4 g-pt-0 g-pb-20 g-mb-0\"><span class=\"g-font-weight-600\">Uchwyt<\/span><span class=\"pull-right w-50\">Typ p\u0119tli<\/span><\/div>\n<\/div>\n<\/div>\n<div class=\"g-pt-30 container\">\n<div class=\"col-lg-12 g-pa-0\">\n<div class=\"col-lg-12 g-brd-bottom g-brd-gray-light-v4 g-pt-0 g-pb-20 g-mb-0\"><span class=\"g-font-weight-600\">G\u0142owica tn\u0105ca<\/span><span class=\"pull-right w-50\">P\u00f3\u0142automatyczne podawanie nylonu<\/span><\/div>\n<\/div>\n<\/div>\n<div class=\"g-pt-30 container\">\n<div class=\"col-lg-12 g-pa-0\">\n<div class=\"col-lg-12 g-brd-bottom g-brd-gray-light-v4 g-pt-0 g-pb-20 g-mb-0\"><span class=\"g-font-weight-600\">Typ linii<\/span><span class=\"pull-right w-50\">Ultra cichy<\/span><\/div>\n<\/div>\n<\/div>\n<div class=\"g-pt-30 container\">\n<div class=\"col-lg-12 g-pa-0\">\n<div class=\"col-lg-12 g-brd-bottom g-brd-gray-light-v4 g-pt-0 g-pb-20 g-mb-0\"><span class=\"g-font-weight-600\">Szeroko\u015b\u0107 ci\u0119cia<\/span><span class=\"pull-right w-50\">17&#8243;<\/span><\/div>\n<\/div>\n<\/div>\n<div class=\"g-pt-30 container\">\n<div class=\"col-lg-12 g-pa-0\">\n<div class=\"col-lg-12 g-brd-bottom g-brd-gray-light-v4 g-pt-0 g-pb-20 g-mb-0\"><span class=\"g-font-weight-600\">Pojedyncza uprz\u0105\u017c<\/span><span class=\"pull-right w-50\">Standard<\/span><\/div>\n<\/div>\n<\/div>\n<div class=\"g-pt-30 container\">\n<div class=\"col-lg-12 g-pa-0\">\n<div class=\"col-lg-12 g-brd-bottom g-brd-gray-light-v4 g-pt-0 g-pb-20 g-mb-0\"><span class=\"g-font-weight-600\">Podw\u00f3jna uprz\u0105\u017c<\/span><span class=\"pull-right w-50\">Opcjonalny (musi by\u0107 u\u017cywany ze wszystkimi aplikacjami z ostrzami)<\/span><\/div>\n<\/div>\n<\/div>\n<div class=\"g-pt-30 container\">\n<div class=\"col-lg-12 g-pa-0\">\n<div class=\"col-lg-12 g-brd-bottom g-brd-gray-light-v4 g-pt-0 g-pb-20 g-mb-0\"><span class=\"g-font-weight-600\">Stalowe ostrze<\/span><span class=\"pull-right w-50\">9&#8243; or 10&#8243; Blades Optional (requires barrier kit)<\/span><\/div>\n<\/div>\n<\/div>\n<div class=\"g-pt-30 container\">\n<div class=\"col-lg-12 g-pa-0\">\n<div class=\"col-lg-12 g-brd-bottom g-brd-gray-light-v4 g-pt-0 g-pb-20 g-mb-0\"><span class=\"g-font-weight-600\">Blade Barrier Kit<\/span><span class=\"pull-right w-50\">Opcjonalny (musi by\u0107 u\u017cywany ze wszystkimi aplikacjami z ostrzami)<\/span><\/div>\n<\/div>\n<\/div>\n<div class=\"g-pt-30 container\">\n<div class=\"col-lg-12 g-pa-0\">\n<div class=\"col-lg-12 g-brd-bottom g-brd-gray-light-v4 g-pt-0 g-pb-20 g-mb-0\"><span class=\"g-font-weight-600\">Gwarancja mieszkaniowa<\/span><span class=\"pull-right w-50\">2 lata<\/span><\/div>\n<\/div>\n<\/div>\n<div class=\"g-pt-30 container\">\n<div class=\"col-lg-12 g-pa-0\">\n<div class=\"col-lg-12 g-brd-bottom g-brd-gray-light-v4 g-pt-0 g-pb-20 g-mb-0\"><span class=\"g-font-weight-600\">Gwarancja komercyjna<\/span><span class=\"pull-right w-50\">1 rok<\/span><\/div>\n<\/div>\n<\/div>\n<div class=\"g-pt-30 container\">\n<div class=\"col-lg-12 g-pa-0\">\n<div class=\"col-lg-12 g-brd-bottom g-brd-gray-light-v4 g-pt-0 g-pb-20 g-mb-0\"><span class=\"g-font-weight-600\">Zgodno\u015b\u0107 z CA<\/span><span class=\"pull-right w-50\">Tak<\/span><\/div>\n<\/div>\n<\/div>\n<\/div>\n<\/div>","protected":false},"excerpt":{"rendered":"<ul class=\"g-ml-0 g-pl-20\">\n<li>4-suwowy silnik Honda 35cc<\/li>\n<li>Dzia\u0142a na czystym gazie bezo\u0142owiowym (bez mieszania)<\/li>\n<li>G\u0142owica 17\u2033 Semi-matic (bump feed) z technologi\u0105 Ultra Quiet<sup>\u00ae<\/sup>\u00a0linia<\/li>\n<\/ul>","protected":false},"featured_media":604,"comment_status":"open","ping_status":"closed","template":"","meta":[],"product_brand":[],"product_cat":[47],"product_tag":[],"class_list":{"0":"post-603","1":"product","2":"type-product","3":"status-publish","4":"has-post-thumbnail","6":"product_cat-honda-trimmers","8":"first","9":"instock","10":"shipping-taxable","11":"purchasable","12":"product-type-simple"},"yoast_head":"<!-- This site is optimized with the Yoast SEO Premium plugin v26.2 (Yoast SEO v26.2) - https:\/\/yoast.com\/wordpress\/plugins\/seo\/ -->\n<title>HHT35SLTA - HONDA POWER EQUIPMENT<\/title>\n<meta name=\"description\" content=\"Honda HHT35SLTA ha a 35cc 4-stroke engine runs on straight, unleaded gas (no mixing)17&quot; Semi-Matic (bump feed) head with Ultra Quiet\u00ae line\" \/>\n<meta name=\"robots\" content=\"index, follow, max-snippet:-1, max-image-preview:large, max-video-preview:-1\" \/>\n<link rel=\"canonical\" href=\"https:\/\/hondapowertools.com\/pl\/produkt\/hht35slta\/\" \/>\n<meta property=\"og:locale\" content=\"pl_PL\" \/>\n<meta property=\"og:type\" content=\"article\" \/>\n<meta property=\"og:title\" content=\"HHT35SLTA\" \/>\n<meta property=\"og:description\" content=\"Honda HHT35SLTA ha a 35cc 4-stroke engine runs on straight, unleaded gas (no mixing)17&quot; Semi-Matic (bump feed) head with Ultra Quiet\u00ae line\" \/>\n<meta property=\"og:url\" content=\"https:\/\/hondapowertools.com\/pl\/produkt\/hht35slta\/\" \/>\n<meta property=\"og:site_name\" content=\"HONDA POWER EQUIPMENT\" \/>\n<meta property=\"article:modified_time\" content=\"2025-02-09T19:11:10+00:00\" \/>\n<meta property=\"og:image\" content=\"https:\/\/hondapowertools.com\/wp-content\/uploads\/2025\/02\/hht35sltat_pe_imglg.jpg\" \/>\n\t<meta property=\"og:image:width\" content=\"1500\" \/>\n\t<meta property=\"og:image:height\" content=\"1500\" \/>\n\t<meta property=\"og:image:type\" content=\"image\/jpeg\" \/>\n<meta name=\"twitter:card\" content=\"summary_large_image\" \/>\n<meta name=\"twitter:label1\" content=\"Szacowany czas czytania\" \/>\n\t<meta name=\"twitter:data1\" content=\"4 minuty\" \/>\n<script type=\"application\/ld+json\" class=\"yoast-schema-graph\">{\"@context\":\"https:\/\/schema.org\",\"@graph\":[{\"@type\":\"WebPage\",\"@id\":\"https:\/\/hondapowertools.com\/cs\/produkt\/hht35slta\/\",\"url\":\"https:\/\/hondapowertools.com\/cs\/produkt\/hht35slta\/\",\"name\":\"HHT35SLTA - HONDA POWER EQUIPMENT\",\"isPartOf\":{\"@id\":\"https:\/\/hondapowertools.com\/#website\"},\"primaryImageOfPage\":{\"@id\":\"https:\/\/hondapowertools.com\/cs\/produkt\/hht35slta\/#primaryimage\"},\"image\":{\"@id\":\"https:\/\/hondapowertools.com\/cs\/produkt\/hht35slta\/#primaryimage\"},\"thumbnailUrl\":\"https:\/\/hondapowertools.com\/wp-content\/uploads\/2025\/02\/hht35sltat_pe_imglg.jpg\",\"datePublished\":\"2025-02-09T15:13:44+00:00\",\"dateModified\":\"2025-02-09T19:11:10+00:00\",\"description\":\"Honda HHT35SLTA ha a 35cc 4-stroke engine runs on straight, unleaded gas (no mixing)17\\\" Semi-Matic (bump feed) head with Ultra Quiet\u00ae line\",\"breadcrumb\":{\"@id\":\"https:\/\/hondapowertools.com\/cs\/produkt\/hht35slta\/#breadcrumb\"},\"inLanguage\":\"pl-PL\",\"potentialAction\":[{\"@type\":\"ReadAction\",\"target\":[\"https:\/\/hondapowertools.com\/cs\/produkt\/hht35slta\/\"]}]},{\"@type\":\"ImageObject\",\"inLanguage\":\"pl-PL\",\"@id\":\"https:\/\/hondapowertools.com\/cs\/produkt\/hht35slta\/#primaryimage\",\"url\":\"https:\/\/hondapowertools.com\/wp-content\/uploads\/2025\/02\/hht35sltat_pe_imglg.jpg\",\"contentUrl\":\"https:\/\/hondapowertools.com\/wp-content\/uploads\/2025\/02\/hht35sltat_pe_imglg.jpg\",\"width\":1500,\"height\":1500,\"caption\":\"HHT35SLTA\"},{\"@type\":\"BreadcrumbList\",\"@id\":\"https:\/\/hondapowertools.com\/cs\/produkt\/hht35slta\/#breadcrumb\",\"itemListElement\":[{\"@type\":\"ListItem\",\"position\":1,\"name\":\"Home\",\"item\":\"https:\/\/hondapowertools.com\/\"},{\"@type\":\"ListItem\",\"position\":2,\"name\":\"Shop\",\"item\":\"https:\/\/hondapowertools.com\/?page_id=10\"},{\"@type\":\"ListItem\",\"position\":3,\"name\":\"HHT35SLTA\"}]},{\"@type\":\"WebSite\",\"@id\":\"https:\/\/hondapowertools.com\/#website\",\"url\":\"https:\/\/hondapowertools.com\/\",\"name\":\"HONDA POWER EQUIPMENTS\",\"description\":\"Honda Power Equipment\",\"publisher\":{\"@id\":\"https:\/\/hondapowertools.com\/#organization\"},\"potentialAction\":[{\"@type\":\"SearchAction\",\"target\":{\"@type\":\"EntryPoint\",\"urlTemplate\":\"https:\/\/hondapowertools.com\/?s={search_term_string}\"},\"query-input\":{\"@type\":\"PropertyValueSpecification\",\"valueRequired\":true,\"valueName\":\"search_term_string\"}}],\"inLanguage\":\"pl-PL\"},{\"@type\":\"Organization\",\"@id\":\"https:\/\/hondapowertools.com\/#organization\",\"name\":\"HONDA POWER TOOLS\",\"alternateName\":\"HONDA POWER EQUIPMENT\",\"url\":\"https:\/\/hondapowertools.com\/\",\"logo\":{\"@type\":\"ImageObject\",\"inLanguage\":\"pl-PL\",\"@id\":\"https:\/\/hondapowertools.com\/#\/schema\/logo\/image\/\",\"url\":\"https:\/\/hondapowertools.com\/wp-content\/uploads\/2025\/02\/cropped-honda-power-equipment-logo.png\",\"contentUrl\":\"https:\/\/hondapowertools.com\/wp-content\/uploads\/2025\/02\/cropped-honda-power-equipment-logo.png\",\"width\":290,\"height\":70,\"caption\":\"HONDA POWER TOOLS\"},\"image\":{\"@id\":\"https:\/\/hondapowertools.com\/#\/schema\/logo\/image\/\"}}]}<\/script>\n<!-- \/ Yoast SEO Premium plugin. -->","yoast_head_json":{"title":"HHT35SLTA - HONDA POWER EQUIPMENT","description":"Honda HHT35SLTA ha a 35cc 4-stroke engine runs on straight, unleaded gas (no mixing)17\" Semi-Matic (bump feed) head with Ultra Quiet\u00ae line","robots":{"index":"index","follow":"follow","max-snippet":"max-snippet:-1","max-image-preview":"max-image-preview:large","max-video-preview":"max-video-preview:-1"},"canonical":"https:\/\/hondapowertools.com\/pl\/produkt\/hht35slta\/","og_locale":"pl_PL","og_type":"article","og_title":"HHT35SLTA","og_description":"Honda HHT35SLTA ha a 35cc 4-stroke engine runs on straight, unleaded gas (no mixing)17\" Semi-Matic (bump feed) head with Ultra Quiet\u00ae line","og_url":"https:\/\/hondapowertools.com\/pl\/produkt\/hht35slta\/","og_site_name":"HONDA POWER EQUIPMENT","article_modified_time":"2025-02-09T19:11:10+00:00","og_image":[{"width":1500,"height":1500,"url":"https:\/\/hondapowertools.com\/wp-content\/uploads\/2025\/02\/hht35sltat_pe_imglg.jpg","type":"image\/jpeg"}],"twitter_card":"summary_large_image","twitter_misc":{"Szacowany czas czytania":"4 minuty"},"schema":{"@context":"https:\/\/schema.org","@graph":[{"@type":"WebPage","@id":"https:\/\/hondapowertools.com\/cs\/produkt\/hht35slta\/","url":"https:\/\/hondapowertools.com\/cs\/produkt\/hht35slta\/","name":"HHT35SLTA - HONDA POWER EQUIPMENT","isPartOf":{"@id":"https:\/\/hondapowertools.com\/#website"},"primaryImageOfPage":{"@id":"https:\/\/hondapowertools.com\/cs\/produkt\/hht35slta\/#primaryimage"},"image":{"@id":"https:\/\/hondapowertools.com\/cs\/produkt\/hht35slta\/#primaryimage"},"thumbnailUrl":"https:\/\/hondapowertools.com\/wp-content\/uploads\/2025\/02\/hht35sltat_pe_imglg.jpg","datePublished":"2025-02-09T15:13:44+00:00","dateModified":"2025-02-09T19:11:10+00:00","description":"Honda HHT35SLTA ha a 35cc 4-stroke engine runs on straight, unleaded gas (no mixing)17\" Semi-Matic (bump feed) head with Ultra Quiet\u00ae line","breadcrumb":{"@id":"https:\/\/hondapowertools.com\/cs\/produkt\/hht35slta\/#breadcrumb"},"inLanguage":"pl-PL","potentialAction":[{"@type":"ReadAction","target":["https:\/\/hondapowertools.com\/cs\/produkt\/hht35slta\/"]}]},{"@type":"ImageObject","inLanguage":"pl-PL","@id":"https:\/\/hondapowertools.com\/cs\/produkt\/hht35slta\/#primaryimage","url":"https:\/\/hondapowertools.com\/wp-content\/uploads\/2025\/02\/hht35sltat_pe_imglg.jpg","contentUrl":"https:\/\/hondapowertools.com\/wp-content\/uploads\/2025\/02\/hht35sltat_pe_imglg.jpg","width":1500,"height":1500,"caption":"HHT35SLTA"},{"@type":"BreadcrumbList","@id":"https:\/\/hondapowertools.com\/cs\/produkt\/hht35slta\/#breadcrumb","itemListElement":[{"@type":"ListItem","position":1,"name":"Home","item":"https:\/\/hondapowertools.com\/"},{"@type":"ListItem","position":2,"name":"Shop","item":"https:\/\/hondapowertools.com\/?page_id=10"},{"@type":"ListItem","position":3,"name":"HHT35SLTA"}]},{"@type":"WebSite","@id":"https:\/\/hondapowertools.com\/#website","url":"https:\/\/hondapowertools.com\/","name":"HONDA POWER EQUIPMENTS","description":"Honda Power Equipment","publisher":{"@id":"https:\/\/hondapowertools.com\/#organization"},"potentialAction":[{"@type":"SearchAction","target":{"@type":"EntryPoint","urlTemplate":"https:\/\/hondapowertools.com\/?s={search_term_string}"},"query-input":{"@type":"PropertyValueSpecification","valueRequired":true,"valueName":"search_term_string"}}],"inLanguage":"pl-PL"},{"@type":"Organization","@id":"https:\/\/hondapowertools.com\/#organization","name":"HONDA POWER TOOLS","alternateName":"HONDA POWER EQUIPMENT","url":"https:\/\/hondapowertools.com\/","logo":{"@type":"ImageObject","inLanguage":"pl-PL","@id":"https:\/\/hondapowertools.com\/#\/schema\/logo\/image\/","url":"https:\/\/hondapowertools.com\/wp-content\/uploads\/2025\/02\/cropped-honda-power-equipment-logo.png","contentUrl":"https:\/\/hondapowertools.com\/wp-content\/uploads\/2025\/02\/cropped-honda-power-equipment-logo.png","width":290,"height":70,"caption":"HONDA POWER TOOLS"},"image":{"@id":"https:\/\/hondapowertools.com\/#\/schema\/logo\/image\/"}}]}},"_links":{"self":[{"href":"https:\/\/hondapowertools.com\/pl\/wp-json\/wp\/v2\/product\/603","targetHints":{"allow":["GET"]}}],"collection":[{"href":"https:\/\/hondapowertools.com\/pl\/wp-json\/wp\/v2\/product"}],"about":[{"href":"https:\/\/hondapowertools.com\/pl\/wp-json\/wp\/v2\/types\/product"}],"replies":[{"embeddable":true,"href":"https:\/\/hondapowertools.com\/pl\/wp-json\/wp\/v2\/comments?post=603"}],"wp:featuredmedia":[{"embeddable":true,"href":"https:\/\/hondapowertools.com\/pl\/wp-json\/wp\/v2\/media\/604"}],"wp:attachment":[{"href":"https:\/\/hondapowertools.com\/pl\/wp-json\/wp\/v2\/media?parent=603"}],"wp:term":[{"taxonomy":"product_brand","embeddable":true,"href":"https:\/\/hondapowertools.com\/pl\/wp-json\/wp\/v2\/product_brand?post=603"},{"taxonomy":"product_cat","embeddable":true,"href":"https:\/\/hondapowertools.com\/pl\/wp-json\/wp\/v2\/product_cat?post=603"},{"taxonomy":"product_tag","embeddable":true,"href":"https:\/\/hondapowertools.com\/pl\/wp-json\/wp\/v2\/product_tag?post=603"}],"curies":[{"name":"wp","href":"https:\/\/api.w.org\/{rel}","templated":true}]}}