{"id":617,"date":"2025-02-09T19:33:31","date_gmt":"2025-02-09T19:33:31","guid":{"rendered":"https:\/\/hondapowertools.com\/?post_type=product&#038;p=617"},"modified":"2025-02-09T19:33:32","modified_gmt":"2025-02-09T19:33:32","slug":"fc600","status":"publish","type":"product","link":"https:\/\/hondapowertools.com\/pl\/produkt\/fc600\/","title":{"rendered":"FC600"},"content":{"rendered":"<div id=\"Features\" class=\"anchor2 container g-py-0\">\n<div class=\"row\">\n<h2><strong>Honda FC600 tiller<\/strong><\/h2>\n<p>The Honda FC600 mid-tine tiller has a commercial-grade engine and a 26&#8243; tilling width. The FC600 mid-tine tiller is ideal for tilling medium to large gardens.<\/p>\n<div><\/div>\n<div><\/div>\n<div class=\"col-lg-2 featimg text-center g-pa-10 g-mb-0 g-font-weight-600\"><img decoding=\"async\" class=\"img-fluid\" src=\"https:\/\/services.powerequipment.honda.com\/content\/images\/pe\/models\/features\/thumbs\/gx160.jpg\" alt=\"Easy starting Honda OHV commercial grade engine\" \/><\/div>\n<div class=\"col-lg-4 g-pa-10 g-mb-0\"><span class=\"g-color-black g-font-weight-700\">Easy starting Honda OHV commercial grade engine<\/span>Honda GX160 engine is powerful, easy to start, and fuel efficient.<\/p>\n<\/div>\n<div class=\"col-lg-2 featimg text-center g-pa-10 g-mb-0 g-font-weight-600\"><img decoding=\"async\" class=\"img-fluid\" src=\"https:\/\/services.powerequipment.honda.com\/content\/images\/pe\/models\/features\/thumbs\/tiller-staggered-tines.jpg\" alt=\"Staggered tines for smoother operation\" \/><\/div>\n<div class=\"col-lg-4 g-pa-10 g-mb-0\"><span class=\"g-color-black g-font-weight-700\">Staggered tines for smoother operation<\/span>Provides smooth operation and less vibration, helping to improve tiller performance and minimize operator fatigue.<\/p>\n<\/div>\n<div class=\"col-lg-2 featimg text-center g-pa-10 g-mb-0 g-font-weight-600\"><img decoding=\"async\" class=\"img-fluid\" src=\"https:\/\/services.powerequipment.honda.com\/content\/images\/pe\/models\/features\/thumbs\/tiller-side-discs.jpg\" alt=\"Side discs standard\" \/><\/div>\n<div class=\"col-lg-4 g-pa-10 g-mb-0\"><span class=\"g-color-black g-font-weight-700\">Side discs standard<\/span>Keeps the tiller aligned for neater furrowing, protects plants, and prevents tines from catching fences and sidewalks when tilling close by.<\/p>\n<\/div>\n<div class=\"col-lg-2 featimg text-center g-pa-10 g-mb-0 g-font-weight-600\"><img decoding=\"async\" class=\"img-fluid\" src=\"https:\/\/services.powerequipment.honda.com\/content\/images\/pe\/models\/features\/thumbs\/tiller-3-position-handle.jpg\" alt=\"Quick-adjust 3-position handle\" \/><\/div>\n<div class=\"col-lg-4 g-pa-10 g-mb-0\"><span class=\"g-color-black g-font-weight-700\">Quick-adjust 3-position handle<\/span>Adjusts to offer a comfortable operating height, no matter how tall you are.<\/p>\n<\/div>\n<div class=\"col-lg-2 featimg text-center g-pa-10 g-mb-0 g-font-weight-600\"><img decoding=\"async\" class=\"img-fluid\" src=\"https:\/\/services.powerequipment.honda.com\/content\/images\/pe\/models\/features\/thumbs\/fc600-depth-bar.jpg\" alt=\"Easy-to-use adjustable depth bar\" \/><\/div>\n<div class=\"col-lg-4 g-pa-10 g-mb-0\"><span class=\"g-color-black g-font-weight-700\">Easy-to-use adjustable depth bar<\/span>The depth bar makes it easy to control the depth and speed of the tiller. This helps to improve the performance by working the soil more thoroughly. Easy to adjust, with no tools needed.<\/p>\n<\/div>\n<div class=\"col-lg-2 featimg text-center g-pa-10 g-mb-0 g-font-weight-600\"><img decoding=\"async\" class=\"img-fluid\" src=\"https:\/\/services.powerequipment.honda.com\/content\/images\/pe\/models\/features\/thumbs\/fc600-engine-guard.jpg\" alt=\"Protective front engine guard\" \/><\/div>\n<div class=\"col-lg-4 g-pa-10 g-mb-0\"><span class=\"g-color-black g-font-weight-700\">Protective front engine guard<\/span>Front guard provides engine protection and serves as an additional tie-down point.<\/p>\n<\/div>\n<div class=\"col-lg-2 featimg text-center g-pa-10 g-mb-0 g-font-weight-600\"><img decoding=\"async\" class=\"img-fluid\" src=\"https:\/\/services.powerequipment.honda.com\/content\/images\/pe\/models\/features\/thumbs\/tiller-retractable-wheel.jpg\" alt=\"Easy-to-raise, retractable transport wheel\" \/><\/div>\n<div class=\"col-lg-4 g-pa-10 g-mb-0\"><span class=\"g-color-black g-font-weight-700\">Easy-to-raise, retractable transport wheel<\/span>Makes it easy to roll the tiller to and from the garden. The wheels easily lifts up to a locked position when tilling<\/p>\n<\/div>\n<div class=\"col-lg-2 featimg text-center g-pa-10 g-mb-0 g-font-weight-600\"><\/div>\n<div class=\"col-lg-4 g-pa-10 g-mb-0\"><span class=\"g-color-black g-font-weight-700\">26&#8243; tilling width, 13&#8243; tine diameter<\/span>Umo\u017cliwia szybk\u0105 prac\u0119 na du\u017cych powierzchniach.<\/p>\n<\/div>\n<div class=\"col-lg-2 featimg text-center g-pa-10 g-mb-0 g-font-weight-600\"><\/div>\n<div class=\"col-lg-4 g-pa-10 g-mb-0\"><span class=\"g-color-black g-font-weight-700\">Dual element air cleaner<\/span>The high quality, premium air filter protects the tiller from its dusty, dirty work environment.<\/p>\n<\/div>\n<div class=\"col-lg-2 featimg text-center g-pa-10 g-mb-0 g-font-weight-600\"><\/div>\n<div class=\"col-lg-4 g-pa-10 g-mb-0\"><span class=\"g-color-black g-font-weight-700\">Reinforced fender protects belt and increases durability<\/span>Reinforced engine bed and fenders help maintain unit integrity for demanding applications<\/p>\n<\/div>\n<div class=\"col-lg-2 featimg text-center g-pa-10 g-mb-0 g-font-weight-600\"><\/div>\n<div class=\"col-lg-4 g-pa-10 g-mb-0\"><span class=\"g-color-black g-font-weight-700\">Commercial grade features for superior durability<\/span>The FC600 offers numerous features designed for tough conditions, including:<br \/>\n&#8211; Reinforced handlebar<br \/>\n&#8211; Tine seal shaft protection<br \/>\n&#8211; Reinforced engine bed<br \/>\n&#8211; Commercial grade fuel cap and filter<br \/>\n&#8211; Tine axle seal guards and<br \/>\n&#8211; Corrosion-resistent muffler<\/p>\n<\/div>\n<\/div>\n<\/div>\n<div id=\"Specs\" class=\"anchor2 container g-py-0\">\n<div class=\"col-lg-12 g-pa-0\">\n<div class=\"u-heading-v3-1 g-bg-main g-brd-main u-heading-v3-1 g-bg-main g-brd-main g-my-30 col-lg-12 g-pa-0\">\n<h2 class=\"h3 u-heading-v3__title\">Specyfikacje<\/h2>\n<\/div>\n<div class=\"g-pt-30 container\">\n<div class=\"col-lg-12 g-pa-0\">\n<div class=\"col-lg-12 g-brd-bottom g-brd-gray-light-v4 g-pt-0 g-pb-20 g-mb-0\"><span class=\"g-font-weight-600\">Typ glebogryzarki<\/span><span class=\"pull-right w-50\">Mid tine<\/span><\/div>\n<\/div>\n<\/div>\n<div class=\"g-pt-30 container\">\n<div class=\"col-lg-12 g-pa-0\">\n<div class=\"col-lg-12 g-brd-bottom g-brd-gray-light-v4 g-pt-0 g-pb-20 g-mb-0\"><span class=\"g-font-weight-600\">Szeroko\u015b\u0107 orki<\/span><span class=\"pull-right w-50\">26&#8243;<\/span><\/div>\n<\/div>\n<\/div>\n<div class=\"g-pt-30 container\">\n<div class=\"col-lg-12 g-pa-0\">\n<div class=\"col-lg-12 g-brd-bottom g-brd-gray-light-v4 g-pt-0 g-pb-20 g-mb-0\"><span class=\"g-font-weight-600\">\u015arednica z\u0119ba<\/span><span class=\"pull-right w-50\">13&#8243;<\/span><\/div>\n<\/div>\n<\/div>\n<div class=\"g-pt-30 container\">\n<div class=\"col-lg-12 g-pa-0\">\n<div class=\"col-lg-12 g-brd-bottom g-brd-gray-light-v4 g-pt-0 g-pb-20 g-mb-0\"><span class=\"g-font-weight-600\">Silnik<\/span><span class=\"pull-right w-50\">Honda GX160<\/span><\/div>\n<\/div>\n<\/div>\n<div class=\"g-pt-30 container\">\n<div class=\"col-lg-12 g-pa-0\">\n<div class=\"col-lg-12 g-brd-bottom g-brd-gray-light-v4 g-pt-0 g-pb-20 g-mb-0\"><span class=\"g-font-weight-600\">Przemieszczenie<\/span><span class=\"pull-right w-50\">163cc<\/span><\/div>\n<\/div>\n<\/div>\n<div class=\"g-pt-30 container\">\n<div class=\"col-lg-12 g-pa-0\">\n<div class=\"col-lg-12 g-brd-bottom g-brd-gray-light-v4 g-pt-0 g-pb-20 g-mb-0\"><span class=\"g-font-weight-600\">Filtr powietrza<\/span><span class=\"pull-right w-50\">dual element<\/span><\/div>\n<\/div>\n<\/div>\n<div class=\"g-pt-30 container\">\n<div class=\"col-lg-12 g-pa-0\">\n<div class=\"col-lg-12 g-brd-bottom g-brd-gray-light-v4 g-pt-0 g-pb-20 g-mb-0\"><span class=\"g-font-weight-600\">Pojemno\u015b\u0107 paliwa<\/span><span class=\"pull-right w-50\">2.5 qt.<\/span><\/div>\n<\/div>\n<\/div>\n<div class=\"g-pt-30 container\">\n<div class=\"col-lg-12 g-pa-0\">\n<div class=\"col-lg-12 g-brd-bottom g-brd-gray-light-v4 g-pt-0 g-pb-20 g-mb-0\"><span class=\"g-font-weight-600\">Pr\u0119dko\u015bci transmisji<\/span><span class=\"pull-right w-50\">1 &#8211; forward<\/span><\/div>\n<\/div>\n<\/div>\n<div class=\"g-pt-30 container\">\n<div class=\"col-lg-12 g-pa-0\">\n<div class=\"col-lg-12 g-brd-bottom g-brd-gray-light-v4 g-pt-0 g-pb-20 g-mb-0\"><span class=\"g-font-weight-600\">Pr\u0119dko\u015b\u0107 z\u0119b\u00f3w przy maksymalnej pr\u0119dko\u015bci obrotowej silnika<\/span><span class=\"pull-right w-50\">84 rpm<\/span><\/div>\n<\/div>\n<\/div>\n<div class=\"g-pt-30 container\">\n<div class=\"col-lg-12 g-pa-0\">\n<div class=\"col-lg-12 g-brd-bottom g-brd-gray-light-v4 g-pt-0 g-pb-20 g-mb-0\"><span class=\"g-font-weight-600\">Typ skrzyni bieg\u00f3w<\/span><span class=\"pull-right w-50\">nap\u0119d \u0142a\u0144cuchowy i przek\u0142adniowy<\/span><\/div>\n<\/div>\n<\/div>\n<div class=\"g-pt-30 container\">\n<div class=\"col-lg-12 g-pa-0\">\n<div class=\"col-lg-12 g-brd-bottom g-brd-gray-light-v4 g-pt-0 g-pb-20 g-mb-0\"><span class=\"g-font-weight-600\">Waga na sucho<\/span><span class=\"pull-right w-50\">128 lbs.<\/span><\/div>\n<\/div>\n<\/div>\n<div class=\"g-pt-30 container\">\n<div class=\"col-lg-12 g-pa-0\">\n<div class=\"col-lg-12 g-brd-bottom g-brd-gray-light-v4 g-pt-0 g-pb-20 g-mb-0\"><span class=\"g-font-weight-600\">Wymiary (d\u0142. x szer. x wys.)<\/span><span class=\"pull-right w-50\">55.9&#8243; x 26.4&#8243;x42.3&#8243;<\/span><\/div>\n<\/div>\n<\/div>\n<div class=\"g-pt-30 container\">\n<div class=\"col-lg-12 g-pa-0\">\n<div class=\"col-lg-12 g-brd-bottom g-brd-gray-light-v4 g-pt-0 g-pb-20 g-mb-0\"><span class=\"g-font-weight-600\">Gwarancja mieszkaniowa<\/span><span class=\"pull-right w-50\">24 miesi\u0105ce<\/span><\/div>\n<\/div>\n<\/div>\n<div class=\"g-pt-30 container\">\n<div class=\"col-lg-12 g-pa-0\">\n<div class=\"col-lg-12 g-brd-bottom g-brd-gray-light-v4 g-pt-0 g-pb-20 g-mb-0\"><span class=\"g-font-weight-600\">Gwarancja komercyjna<\/span><span class=\"pull-right w-50\">12 miesi\u0119cy<\/span><\/div>\n<\/div>\n<\/div>\n<\/div>\n<\/div>","protected":false},"excerpt":{"rendered":"<ul class=\"g-ml-0 g-pl-20\">\n<li>26&#8243; tilling width<\/li>\n<li>Easy-to-use adjustable depth bar<\/li>\n<li>Standard transport wheel<\/li>\n<\/ul>","protected":false},"featured_media":619,"comment_status":"open","ping_status":"closed","template":"","meta":[],"product_brand":[],"product_cat":[46],"product_tag":[119,120,121],"class_list":{"0":"post-617","1":"product","2":"type-product","3":"status-publish","4":"has-post-thumbnail","6":"product_cat-honda-tillers","7":"product_tag-honda-fc600","8":"product_tag-honda-fc600-tiller","9":"product_tag-honda-tiller-fc600","11":"first","12":"instock","13":"shipping-taxable","14":"purchasable","15":"product-type-simple"},"yoast_head":"<!-- This site is optimized with the Yoast SEO Premium plugin v26.2 (Yoast SEO v26.2) - https:\/\/yoast.com\/wordpress\/plugins\/seo\/ -->\n<title>FC600 - HONDA POWER EQUIPMENT<\/title>\n<meta name=\"description\" content=\"The Honda FC600 mid-tine tiller has a commercial-grade engine and a 26&quot; tilling width. The FC600 mid-tine tiller is ideal for tilling medium to large gardens.\" \/>\n<meta name=\"robots\" content=\"index, follow, max-snippet:-1, max-image-preview:large, max-video-preview:-1\" \/>\n<link rel=\"canonical\" href=\"https:\/\/hondapowertools.com\/pl\/tuote\/fc600\/\" \/>\n<meta property=\"og:locale\" content=\"pl_PL\" \/>\n<meta property=\"og:type\" content=\"article\" \/>\n<meta property=\"og:title\" content=\"FC600\" \/>\n<meta property=\"og:description\" content=\"The Honda FC600 mid-tine tiller has a commercial-grade engine and a 26&quot; tilling width. The FC600 mid-tine tiller is ideal for tilling medium to large gardens.\" \/>\n<meta property=\"og:url\" content=\"https:\/\/hondapowertools.com\/pl\/tuote\/fc600\/\" \/>\n<meta property=\"og:site_name\" content=\"HONDA POWER EQUIPMENT\" \/>\n<meta property=\"article:modified_time\" content=\"2025-02-09T19:33:32+00:00\" \/>\n<meta property=\"og:image\" content=\"https:\/\/hondapowertools.com\/wp-content\/uploads\/2025\/02\/fc600_pe_imglg.jpg\" \/>\n\t<meta property=\"og:image:width\" content=\"1200\" \/>\n\t<meta property=\"og:image:height\" content=\"1200\" \/>\n\t<meta property=\"og:image:type\" content=\"image\/jpeg\" \/>\n<meta name=\"twitter:card\" content=\"summary_large_image\" \/>\n<meta name=\"twitter:label1\" content=\"Szacowany czas czytania\" \/>\n\t<meta name=\"twitter:data1\" content=\"4 minuty\" \/>\n<script type=\"application\/ld+json\" class=\"yoast-schema-graph\">{\"@context\":\"https:\/\/schema.org\",\"@graph\":[{\"@type\":\"WebPage\",\"@id\":\"https:\/\/hondapowertools.com\/fi\/tuote\/fc600\/\",\"url\":\"https:\/\/hondapowertools.com\/fi\/tuote\/fc600\/\",\"name\":\"FC600 - HONDA POWER EQUIPMENT\",\"isPartOf\":{\"@id\":\"https:\/\/hondapowertools.com\/#website\"},\"primaryImageOfPage\":{\"@id\":\"https:\/\/hondapowertools.com\/fi\/tuote\/fc600\/#primaryimage\"},\"image\":{\"@id\":\"https:\/\/hondapowertools.com\/fi\/tuote\/fc600\/#primaryimage\"},\"thumbnailUrl\":\"https:\/\/hondapowertools.com\/wp-content\/uploads\/2025\/02\/fc600_pe_imglg.jpg\",\"datePublished\":\"2025-02-09T19:33:31+00:00\",\"dateModified\":\"2025-02-09T19:33:32+00:00\",\"description\":\"The Honda FC600 mid-tine tiller has a commercial-grade engine and a 26\\\" tilling width. The FC600 mid-tine tiller is ideal for tilling medium to large gardens.\",\"breadcrumb\":{\"@id\":\"https:\/\/hondapowertools.com\/fi\/tuote\/fc600\/#breadcrumb\"},\"inLanguage\":\"pl-PL\",\"potentialAction\":[{\"@type\":\"ReadAction\",\"target\":[\"https:\/\/hondapowertools.com\/fi\/tuote\/fc600\/\"]}]},{\"@type\":\"ImageObject\",\"inLanguage\":\"pl-PL\",\"@id\":\"https:\/\/hondapowertools.com\/fi\/tuote\/fc600\/#primaryimage\",\"url\":\"https:\/\/hondapowertools.com\/wp-content\/uploads\/2025\/02\/fc600_pe_imglg.jpg\",\"contentUrl\":\"https:\/\/hondapowertools.com\/wp-content\/uploads\/2025\/02\/fc600_pe_imglg.jpg\",\"width\":1200,\"height\":1200,\"caption\":\"honda tiller fc600\"},{\"@type\":\"BreadcrumbList\",\"@id\":\"https:\/\/hondapowertools.com\/fi\/tuote\/fc600\/#breadcrumb\",\"itemListElement\":[{\"@type\":\"ListItem\",\"position\":1,\"name\":\"Home\",\"item\":\"https:\/\/hondapowertools.com\/\"},{\"@type\":\"ListItem\",\"position\":2,\"name\":\"Shop\",\"item\":\"https:\/\/hondapowertools.com\/?page_id=10\"},{\"@type\":\"ListItem\",\"position\":3,\"name\":\"FC600\"}]},{\"@type\":\"WebSite\",\"@id\":\"https:\/\/hondapowertools.com\/#website\",\"url\":\"https:\/\/hondapowertools.com\/\",\"name\":\"HONDA POWER EQUIPMENTS\",\"description\":\"Honda Power Equipment\",\"publisher\":{\"@id\":\"https:\/\/hondapowertools.com\/#organization\"},\"potentialAction\":[{\"@type\":\"SearchAction\",\"target\":{\"@type\":\"EntryPoint\",\"urlTemplate\":\"https:\/\/hondapowertools.com\/?s={search_term_string}\"},\"query-input\":{\"@type\":\"PropertyValueSpecification\",\"valueRequired\":true,\"valueName\":\"search_term_string\"}}],\"inLanguage\":\"pl-PL\"},{\"@type\":\"Organization\",\"@id\":\"https:\/\/hondapowertools.com\/#organization\",\"name\":\"HONDA POWER TOOLS\",\"alternateName\":\"HONDA POWER EQUIPMENT\",\"url\":\"https:\/\/hondapowertools.com\/\",\"logo\":{\"@type\":\"ImageObject\",\"inLanguage\":\"pl-PL\",\"@id\":\"https:\/\/hondapowertools.com\/#\/schema\/logo\/image\/\",\"url\":\"https:\/\/hondapowertools.com\/wp-content\/uploads\/2025\/02\/cropped-honda-power-equipment-logo.png\",\"contentUrl\":\"https:\/\/hondapowertools.com\/wp-content\/uploads\/2025\/02\/cropped-honda-power-equipment-logo.png\",\"width\":290,\"height\":70,\"caption\":\"HONDA POWER TOOLS\"},\"image\":{\"@id\":\"https:\/\/hondapowertools.com\/#\/schema\/logo\/image\/\"}}]}<\/script>\n<!-- \/ Yoast SEO Premium plugin. -->","yoast_head_json":{"title":"FC600 - HONDA POWER EQUIPMENT","description":"The Honda FC600 mid-tine tiller has a commercial-grade engine and a 26\" tilling width. The FC600 mid-tine tiller is ideal for tilling medium to large gardens.","robots":{"index":"index","follow":"follow","max-snippet":"max-snippet:-1","max-image-preview":"max-image-preview:large","max-video-preview":"max-video-preview:-1"},"canonical":"https:\/\/hondapowertools.com\/pl\/tuote\/fc600\/","og_locale":"pl_PL","og_type":"article","og_title":"FC600","og_description":"The Honda FC600 mid-tine tiller has a commercial-grade engine and a 26\" tilling width. The FC600 mid-tine tiller is ideal for tilling medium to large gardens.","og_url":"https:\/\/hondapowertools.com\/pl\/tuote\/fc600\/","og_site_name":"HONDA POWER EQUIPMENT","article_modified_time":"2025-02-09T19:33:32+00:00","og_image":[{"width":1200,"height":1200,"url":"https:\/\/hondapowertools.com\/wp-content\/uploads\/2025\/02\/fc600_pe_imglg.jpg","type":"image\/jpeg"}],"twitter_card":"summary_large_image","twitter_misc":{"Szacowany czas czytania":"4 minuty"},"schema":{"@context":"https:\/\/schema.org","@graph":[{"@type":"WebPage","@id":"https:\/\/hondapowertools.com\/fi\/tuote\/fc600\/","url":"https:\/\/hondapowertools.com\/fi\/tuote\/fc600\/","name":"FC600 - HONDA POWER EQUIPMENT","isPartOf":{"@id":"https:\/\/hondapowertools.com\/#website"},"primaryImageOfPage":{"@id":"https:\/\/hondapowertools.com\/fi\/tuote\/fc600\/#primaryimage"},"image":{"@id":"https:\/\/hondapowertools.com\/fi\/tuote\/fc600\/#primaryimage"},"thumbnailUrl":"https:\/\/hondapowertools.com\/wp-content\/uploads\/2025\/02\/fc600_pe_imglg.jpg","datePublished":"2025-02-09T19:33:31+00:00","dateModified":"2025-02-09T19:33:32+00:00","description":"The Honda FC600 mid-tine tiller has a commercial-grade engine and a 26\" tilling width. The FC600 mid-tine tiller is ideal for tilling medium to large gardens.","breadcrumb":{"@id":"https:\/\/hondapowertools.com\/fi\/tuote\/fc600\/#breadcrumb"},"inLanguage":"pl-PL","potentialAction":[{"@type":"ReadAction","target":["https:\/\/hondapowertools.com\/fi\/tuote\/fc600\/"]}]},{"@type":"ImageObject","inLanguage":"pl-PL","@id":"https:\/\/hondapowertools.com\/fi\/tuote\/fc600\/#primaryimage","url":"https:\/\/hondapowertools.com\/wp-content\/uploads\/2025\/02\/fc600_pe_imglg.jpg","contentUrl":"https:\/\/hondapowertools.com\/wp-content\/uploads\/2025\/02\/fc600_pe_imglg.jpg","width":1200,"height":1200,"caption":"honda tiller fc600"},{"@type":"BreadcrumbList","@id":"https:\/\/hondapowertools.com\/fi\/tuote\/fc600\/#breadcrumb","itemListElement":[{"@type":"ListItem","position":1,"name":"Home","item":"https:\/\/hondapowertools.com\/"},{"@type":"ListItem","position":2,"name":"Shop","item":"https:\/\/hondapowertools.com\/?page_id=10"},{"@type":"ListItem","position":3,"name":"FC600"}]},{"@type":"WebSite","@id":"https:\/\/hondapowertools.com\/#website","url":"https:\/\/hondapowertools.com\/","name":"HONDA POWER EQUIPMENTS","description":"Honda Power Equipment","publisher":{"@id":"https:\/\/hondapowertools.com\/#organization"},"potentialAction":[{"@type":"SearchAction","target":{"@type":"EntryPoint","urlTemplate":"https:\/\/hondapowertools.com\/?s={search_term_string}"},"query-input":{"@type":"PropertyValueSpecification","valueRequired":true,"valueName":"search_term_string"}}],"inLanguage":"pl-PL"},{"@type":"Organization","@id":"https:\/\/hondapowertools.com\/#organization","name":"HONDA POWER TOOLS","alternateName":"HONDA POWER EQUIPMENT","url":"https:\/\/hondapowertools.com\/","logo":{"@type":"ImageObject","inLanguage":"pl-PL","@id":"https:\/\/hondapowertools.com\/#\/schema\/logo\/image\/","url":"https:\/\/hondapowertools.com\/wp-content\/uploads\/2025\/02\/cropped-honda-power-equipment-logo.png","contentUrl":"https:\/\/hondapowertools.com\/wp-content\/uploads\/2025\/02\/cropped-honda-power-equipment-logo.png","width":290,"height":70,"caption":"HONDA POWER TOOLS"},"image":{"@id":"https:\/\/hondapowertools.com\/#\/schema\/logo\/image\/"}}]}},"_links":{"self":[{"href":"https:\/\/hondapowertools.com\/pl\/wp-json\/wp\/v2\/product\/617","targetHints":{"allow":["GET"]}}],"collection":[{"href":"https:\/\/hondapowertools.com\/pl\/wp-json\/wp\/v2\/product"}],"about":[{"href":"https:\/\/hondapowertools.com\/pl\/wp-json\/wp\/v2\/types\/product"}],"replies":[{"embeddable":true,"href":"https:\/\/hondapowertools.com\/pl\/wp-json\/wp\/v2\/comments?post=617"}],"wp:featuredmedia":[{"embeddable":true,"href":"https:\/\/hondapowertools.com\/pl\/wp-json\/wp\/v2\/media\/619"}],"wp:attachment":[{"href":"https:\/\/hondapowertools.com\/pl\/wp-json\/wp\/v2\/media?parent=617"}],"wp:term":[{"taxonomy":"product_brand","embeddable":true,"href":"https:\/\/hondapowertools.com\/pl\/wp-json\/wp\/v2\/product_brand?post=617"},{"taxonomy":"product_cat","embeddable":true,"href":"https:\/\/hondapowertools.com\/pl\/wp-json\/wp\/v2\/product_cat?post=617"},{"taxonomy":"product_tag","embeddable":true,"href":"https:\/\/hondapowertools.com\/pl\/wp-json\/wp\/v2\/product_tag?post=617"}],"curies":[{"name":"wp","href":"https:\/\/api.w.org\/{rel}","templated":true}]}}