{"id":777,"date":"2025-02-13T03:29:34","date_gmt":"2025-02-13T03:29:34","guid":{"rendered":"https:\/\/hondapowertools.com\/?post_type=product&#038;p=777"},"modified":"2025-02-13T03:36:21","modified_gmt":"2025-02-13T03:36:21","slug":"2023-honda-talon-1000x-4-fox-live-valve","status":"publish","type":"product","link":"https:\/\/hondapowertools.com\/pl\/produkt\/2023-honda-talon-1000x-4-fox-live-valve\/","title":{"rendered":"2023 Honda TALON 1000X-4 FOX LIVE VALVE"},"content":{"rendered":"<h3><\/h3>\n<h2><strong>2023 HONDA TALON 1000X-4 FOX LIVE VALVE, Big Rock Powersports &amp; Marine to najlepszy wyb\u00f3r dla Ciebie.<br \/>\n<\/strong><\/h2>\n<p>Honda Talon 1000X-4 FOX Live Valve** z 2023 roku to wysokiej klasy pojazd typu side-by-side zaprojektowany z my\u015bl\u0105 o trudnych przygodach w terenie:<\/p>\n<p>Silnik r\u00f3wnoleg\u0142y o pojemno\u015bci 999 cm3<\/p>\n<p>Zapewnia pot\u0119\u017cn\u0105, responsywn\u0105 wydajno\u015b\u0107 w ka\u017cdym terenie.<\/p>\n<p>Zawieszenie FOX Live Valve,<\/p>\n<p>Bezstopniowa regulacja zapewnia optymalny komfort i obs\u0142ug\u0119.<\/p>\n<p>4-osobowy komfort<\/p>\n<p>Przestronna i ergonomiczna kabina zaprojektowana dla przyjaci\u00f3\u0142 i rodziny.<\/p>\n<p class=\"h6 text-black font-semibold\">Kr\u00f3tszy rozstaw osi<\/p>\n<div class=\"content-additional-features last-mb-none mb-10 md:mb-7 2xl:mb-11 1k6:mb-7\" data-event-trigger-children=\"click-event\" data-event-type=\"click event\" data-event-module=\"additional features\" data-event-label=\"\" data-event-category=\"cta\" data-event-trigger-element=\"a\" data-event-label-type=\"text\">\n<p>Modele X maj\u0105 kr\u00f3tszy rozstaw osi wynosz\u0105cy 116,4 cala, co przyczynia si\u0119 do zwinno\u015bci tego side-by-side'a i doskona\u0142ego prowadzenia w trudnym terenie.<\/p>\n<h3 class=\"h6 text-black font-semibold\"><i class=\"\">i<\/i>-4WD<\/h3>\n<div class=\"content-additional-features last-mb-none mb-10 md:mb-7 2xl:mb-11 1k6:mb-7\" data-event-trigger-children=\"click-event\" data-event-type=\"click event\" data-event-module=\"additional features\" data-event-label=\"\" data-event-category=\"cta\" data-event-trigger-element=\"a\" data-event-label-type=\"text\">\n<p>Wszystkie Talony prezentuj\u0105 drug\u0105 generacj\u0119 naszego ekskluzywnego oprogramowania\u00a0<i>i<\/i>System -4WD. \"i\" oznacza \"inteligentny\", poniewa\u017c dok\u0142adnie tym jest. Jest to pierwszy w bran\u017cy system kontroli trakcji, kt\u00f3ry pomaga utrzyma\u0107 przyczepno\u015b\u0107 przednich k\u00f3\u0142, nawet je\u015bli jedno z nich chce si\u0119 obr\u00f3ci\u0107.<\/p>\n<h3 class=\"h6 text-black font-semibold\">Mn\u00f3stwo akcesori\u00f3w<\/h3>\n<div class=\"content-additional-features last-mb-none mb-10 md:mb-7 2xl:mb-11 1k6:mb-7\" data-event-trigger-children=\"click-event\" data-event-type=\"click event\" data-event-module=\"additional features\" data-event-label=\"\" data-event-category=\"cta\" data-event-trigger-element=\"a\" data-event-label-type=\"text\">\n<p>Ka\u017cdego roku dodajemy wi\u0119cej akcesori\u00f3w i obecnie oferujemy ich ponad 50 dla modelu Talon 1000X-4. Mo\u017cesz doda\u0107 takie elementy jak pe\u0142ny system audio, przednie szyby, wyci\u0105gark\u0119, dodatkowe o\u015bwietlenie LED, ochron\u0119 nadwozia i podwozia oraz nasz\u0105 lini\u0119 szybkoz\u0142\u0105czek Honda Pro-Connect.<\/p>\n<\/div>\n<\/div>\n<\/div>","protected":false},"excerpt":{"rendered":"<p>Talon 1000X-4 to bilet do wsp\u00f3lnej przygody na ciasnych szlakach i w technicznym terenie. Z miejscem dla czterech os\u00f3b, jest nap\u0119dzany naszym legendarnym silnikiem Unicam\u00ae o pojemno\u015bci 999 cm3, p\u0142ynn\u0105 automatyczn\u0105 dwusprz\u0119g\u0142ow\u0105 skrzyni\u0105 bieg\u00f3w i dost\u0119pnym zawieszeniem FOX Live Valve zapewniaj\u0105cym niezr\u00f3wnane prowadzenie i kontrol\u0119. Precyzyjne osi\u0105gi spotykaj\u0105 si\u0119 z rodzinn\u0105 zabaw\u0105 - poniewa\u017c przygoda jest lepsza razem.<\/p>","protected":false},"featured_media":778,"comment_status":"open","ping_status":"closed","template":"","meta":[],"product_brand":[],"product_cat":[50],"product_tag":[],"class_list":{"0":"post-777","1":"product","2":"type-product","3":"status-publish","4":"has-post-thumbnail","6":"product_cat-honda-golf-carts","8":"first","9":"instock","10":"shipping-taxable","11":"purchasable","12":"product-type-simple"},"yoast_head":"<!-- This site is optimized with the Yoast SEO Premium plugin v26.2 (Yoast SEO v26.2) - https:\/\/yoast.com\/wordpress\/plugins\/seo\/ -->\n<title>2023 Honda TALON 1000X-4 FOX LIVE VALVE - HONDA POWER EQUIPMENT<\/title>\n<meta name=\"description\" content=\"Experience the Talon 1000X-4: a four-seater SxS built for tight trails with a powerful Unicam\u00ae engine, DCT,order now at honda power equipment\" \/>\n<meta name=\"robots\" content=\"index, follow, max-snippet:-1, max-image-preview:large, max-video-preview:-1\" \/>\n<link rel=\"canonical\" href=\"https:\/\/hondapowertools.com\/pl\/produto\/2023-honda-talon-1000x-4-fox-live-valve\/\" \/>\n<meta property=\"og:locale\" content=\"pl_PL\" \/>\n<meta property=\"og:type\" content=\"article\" \/>\n<meta property=\"og:title\" content=\"2023 Honda TALON 1000X-4 FOX LIVE VALVE\" \/>\n<meta property=\"og:description\" content=\"Experience the Talon 1000X-4: a four-seater SxS built for tight trails with a powerful Unicam\u00ae engine, DCT,order now at honda power equipment\" \/>\n<meta property=\"og:url\" content=\"https:\/\/hondapowertools.com\/pl\/produto\/2023-honda-talon-1000x-4-fox-live-valve\/\" \/>\n<meta property=\"og:site_name\" content=\"HONDA POWER EQUIPMENT\" \/>\n<meta property=\"article:modified_time\" content=\"2025-02-13T03:36:21+00:00\" \/>\n<meta property=\"og:image\" content=\"https:\/\/hondapowertools.com\/wp-content\/uploads\/2025\/02\/67a3797e20ca727c37341dc8.jpg\" \/>\n\t<meta property=\"og:image:width\" content=\"1024\" \/>\n\t<meta property=\"og:image:height\" content=\"768\" \/>\n\t<meta property=\"og:image:type\" content=\"image\/jpeg\" \/>\n<meta name=\"twitter:card\" content=\"summary_large_image\" \/>\n<meta name=\"twitter:label1\" content=\"Szacowany czas czytania\" \/>\n\t<meta name=\"twitter:data1\" content=\"1 minuta\" \/>\n<script type=\"application\/ld+json\" class=\"yoast-schema-graph\">{\"@context\":\"https:\/\/schema.org\",\"@graph\":[{\"@type\":\"WebPage\",\"@id\":\"https:\/\/hondapowertools.com\/pt\/produto\/2023-honda-talon-1000x-4-fox-live-valve\/\",\"url\":\"https:\/\/hondapowertools.com\/pt\/produto\/2023-honda-talon-1000x-4-fox-live-valve\/\",\"name\":\"2023 Honda TALON 1000X-4 FOX LIVE VALVE - HONDA POWER EQUIPMENT\",\"isPartOf\":{\"@id\":\"https:\/\/hondapowertools.com\/#website\"},\"primaryImageOfPage\":{\"@id\":\"https:\/\/hondapowertools.com\/pt\/produto\/2023-honda-talon-1000x-4-fox-live-valve\/#primaryimage\"},\"image\":{\"@id\":\"https:\/\/hondapowertools.com\/pt\/produto\/2023-honda-talon-1000x-4-fox-live-valve\/#primaryimage\"},\"thumbnailUrl\":\"https:\/\/hondapowertools.com\/wp-content\/uploads\/2025\/02\/67a3797e20ca727c37341dc8.jpg\",\"datePublished\":\"2025-02-13T03:29:34+00:00\",\"dateModified\":\"2025-02-13T03:36:21+00:00\",\"description\":\"Experience the Talon 1000X-4: a four-seater SxS built for tight trails with a powerful Unicam\u00ae engine, DCT,order now at honda power equipment\",\"breadcrumb\":{\"@id\":\"https:\/\/hondapowertools.com\/pt\/produto\/2023-honda-talon-1000x-4-fox-live-valve\/#breadcrumb\"},\"inLanguage\":\"pl-PL\",\"potentialAction\":[{\"@type\":\"ReadAction\",\"target\":[\"https:\/\/hondapowertools.com\/pt\/produto\/2023-honda-talon-1000x-4-fox-live-valve\/\"]}]},{\"@type\":\"ImageObject\",\"inLanguage\":\"pl-PL\",\"@id\":\"https:\/\/hondapowertools.com\/pt\/produto\/2023-honda-talon-1000x-4-fox-live-valve\/#primaryimage\",\"url\":\"https:\/\/hondapowertools.com\/wp-content\/uploads\/2025\/02\/67a3797e20ca727c37341dc8.jpg\",\"contentUrl\":\"https:\/\/hondapowertools.com\/wp-content\/uploads\/2025\/02\/67a3797e20ca727c37341dc8.jpg\",\"width\":1024,\"height\":768,\"caption\":\"2023 Honda TALON 1000X-4 FOX LIVE VALVE\"},{\"@type\":\"BreadcrumbList\",\"@id\":\"https:\/\/hondapowertools.com\/pt\/produto\/2023-honda-talon-1000x-4-fox-live-valve\/#breadcrumb\",\"itemListElement\":[{\"@type\":\"ListItem\",\"position\":1,\"name\":\"Home\",\"item\":\"https:\/\/hondapowertools.com\/\"},{\"@type\":\"ListItem\",\"position\":2,\"name\":\"Shop\",\"item\":\"https:\/\/hondapowertools.com\/?page_id=10\"},{\"@type\":\"ListItem\",\"position\":3,\"name\":\"2023 Honda TALON 1000X-4 FOX LIVE VALVE\"}]},{\"@type\":\"WebSite\",\"@id\":\"https:\/\/hondapowertools.com\/#website\",\"url\":\"https:\/\/hondapowertools.com\/\",\"name\":\"HONDA POWER EQUIPMENTS\",\"description\":\"Honda Power Equipment\",\"publisher\":{\"@id\":\"https:\/\/hondapowertools.com\/#organization\"},\"potentialAction\":[{\"@type\":\"SearchAction\",\"target\":{\"@type\":\"EntryPoint\",\"urlTemplate\":\"https:\/\/hondapowertools.com\/?s={search_term_string}\"},\"query-input\":{\"@type\":\"PropertyValueSpecification\",\"valueRequired\":true,\"valueName\":\"search_term_string\"}}],\"inLanguage\":\"pl-PL\"},{\"@type\":\"Organization\",\"@id\":\"https:\/\/hondapowertools.com\/#organization\",\"name\":\"HONDA POWER TOOLS\",\"alternateName\":\"HONDA POWER EQUIPMENT\",\"url\":\"https:\/\/hondapowertools.com\/\",\"logo\":{\"@type\":\"ImageObject\",\"inLanguage\":\"pl-PL\",\"@id\":\"https:\/\/hondapowertools.com\/#\/schema\/logo\/image\/\",\"url\":\"https:\/\/hondapowertools.com\/wp-content\/uploads\/2025\/02\/cropped-honda-power-equipment-logo.png\",\"contentUrl\":\"https:\/\/hondapowertools.com\/wp-content\/uploads\/2025\/02\/cropped-honda-power-equipment-logo.png\",\"width\":290,\"height\":70,\"caption\":\"HONDA POWER TOOLS\"},\"image\":{\"@id\":\"https:\/\/hondapowertools.com\/#\/schema\/logo\/image\/\"}}]}<\/script>\n<!-- \/ Yoast SEO Premium plugin. -->","yoast_head_json":{"title":"2023 Honda TALON 1000X-4 FOX LIVE VALVE - HONDA POWER EQUIPMENT","description":"Experience the Talon 1000X-4: a four-seater SxS built for tight trails with a powerful Unicam\u00ae engine, DCT,order now at honda power equipment","robots":{"index":"index","follow":"follow","max-snippet":"max-snippet:-1","max-image-preview":"max-image-preview:large","max-video-preview":"max-video-preview:-1"},"canonical":"https:\/\/hondapowertools.com\/pl\/produto\/2023-honda-talon-1000x-4-fox-live-valve\/","og_locale":"pl_PL","og_type":"article","og_title":"2023 Honda TALON 1000X-4 FOX LIVE VALVE","og_description":"Experience the Talon 1000X-4: a four-seater SxS built for tight trails with a powerful Unicam\u00ae engine, DCT,order now at honda power equipment","og_url":"https:\/\/hondapowertools.com\/pl\/produto\/2023-honda-talon-1000x-4-fox-live-valve\/","og_site_name":"HONDA POWER EQUIPMENT","article_modified_time":"2025-02-13T03:36:21+00:00","og_image":[{"width":1024,"height":768,"url":"https:\/\/hondapowertools.com\/wp-content\/uploads\/2025\/02\/67a3797e20ca727c37341dc8.jpg","type":"image\/jpeg"}],"twitter_card":"summary_large_image","twitter_misc":{"Szacowany czas czytania":"1 minuta"},"schema":{"@context":"https:\/\/schema.org","@graph":[{"@type":"WebPage","@id":"https:\/\/hondapowertools.com\/pt\/produto\/2023-honda-talon-1000x-4-fox-live-valve\/","url":"https:\/\/hondapowertools.com\/pt\/produto\/2023-honda-talon-1000x-4-fox-live-valve\/","name":"2023 Honda TALON 1000X-4 FOX LIVE VALVE - HONDA POWER EQUIPMENT","isPartOf":{"@id":"https:\/\/hondapowertools.com\/#website"},"primaryImageOfPage":{"@id":"https:\/\/hondapowertools.com\/pt\/produto\/2023-honda-talon-1000x-4-fox-live-valve\/#primaryimage"},"image":{"@id":"https:\/\/hondapowertools.com\/pt\/produto\/2023-honda-talon-1000x-4-fox-live-valve\/#primaryimage"},"thumbnailUrl":"https:\/\/hondapowertools.com\/wp-content\/uploads\/2025\/02\/67a3797e20ca727c37341dc8.jpg","datePublished":"2025-02-13T03:29:34+00:00","dateModified":"2025-02-13T03:36:21+00:00","description":"Experience the Talon 1000X-4: a four-seater SxS built for tight trails with a powerful Unicam\u00ae engine, DCT,order now at honda power equipment","breadcrumb":{"@id":"https:\/\/hondapowertools.com\/pt\/produto\/2023-honda-talon-1000x-4-fox-live-valve\/#breadcrumb"},"inLanguage":"pl-PL","potentialAction":[{"@type":"ReadAction","target":["https:\/\/hondapowertools.com\/pt\/produto\/2023-honda-talon-1000x-4-fox-live-valve\/"]}]},{"@type":"ImageObject","inLanguage":"pl-PL","@id":"https:\/\/hondapowertools.com\/pt\/produto\/2023-honda-talon-1000x-4-fox-live-valve\/#primaryimage","url":"https:\/\/hondapowertools.com\/wp-content\/uploads\/2025\/02\/67a3797e20ca727c37341dc8.jpg","contentUrl":"https:\/\/hondapowertools.com\/wp-content\/uploads\/2025\/02\/67a3797e20ca727c37341dc8.jpg","width":1024,"height":768,"caption":"2023 Honda TALON 1000X-4 FOX LIVE VALVE"},{"@type":"BreadcrumbList","@id":"https:\/\/hondapowertools.com\/pt\/produto\/2023-honda-talon-1000x-4-fox-live-valve\/#breadcrumb","itemListElement":[{"@type":"ListItem","position":1,"name":"Home","item":"https:\/\/hondapowertools.com\/"},{"@type":"ListItem","position":2,"name":"Shop","item":"https:\/\/hondapowertools.com\/?page_id=10"},{"@type":"ListItem","position":3,"name":"2023 Honda TALON 1000X-4 FOX LIVE VALVE"}]},{"@type":"WebSite","@id":"https:\/\/hondapowertools.com\/#website","url":"https:\/\/hondapowertools.com\/","name":"HONDA POWER EQUIPMENTS","description":"Honda Power Equipment","publisher":{"@id":"https:\/\/hondapowertools.com\/#organization"},"potentialAction":[{"@type":"SearchAction","target":{"@type":"EntryPoint","urlTemplate":"https:\/\/hondapowertools.com\/?s={search_term_string}"},"query-input":{"@type":"PropertyValueSpecification","valueRequired":true,"valueName":"search_term_string"}}],"inLanguage":"pl-PL"},{"@type":"Organization","@id":"https:\/\/hondapowertools.com\/#organization","name":"HONDA POWER TOOLS","alternateName":"HONDA POWER EQUIPMENT","url":"https:\/\/hondapowertools.com\/","logo":{"@type":"ImageObject","inLanguage":"pl-PL","@id":"https:\/\/hondapowertools.com\/#\/schema\/logo\/image\/","url":"https:\/\/hondapowertools.com\/wp-content\/uploads\/2025\/02\/cropped-honda-power-equipment-logo.png","contentUrl":"https:\/\/hondapowertools.com\/wp-content\/uploads\/2025\/02\/cropped-honda-power-equipment-logo.png","width":290,"height":70,"caption":"HONDA POWER TOOLS"},"image":{"@id":"https:\/\/hondapowertools.com\/#\/schema\/logo\/image\/"}}]}},"_links":{"self":[{"href":"https:\/\/hondapowertools.com\/pl\/wp-json\/wp\/v2\/product\/777","targetHints":{"allow":["GET"]}}],"collection":[{"href":"https:\/\/hondapowertools.com\/pl\/wp-json\/wp\/v2\/product"}],"about":[{"href":"https:\/\/hondapowertools.com\/pl\/wp-json\/wp\/v2\/types\/product"}],"replies":[{"embeddable":true,"href":"https:\/\/hondapowertools.com\/pl\/wp-json\/wp\/v2\/comments?post=777"}],"wp:featuredmedia":[{"embeddable":true,"href":"https:\/\/hondapowertools.com\/pl\/wp-json\/wp\/v2\/media\/778"}],"wp:attachment":[{"href":"https:\/\/hondapowertools.com\/pl\/wp-json\/wp\/v2\/media?parent=777"}],"wp:term":[{"taxonomy":"product_brand","embeddable":true,"href":"https:\/\/hondapowertools.com\/pl\/wp-json\/wp\/v2\/product_brand?post=777"},{"taxonomy":"product_cat","embeddable":true,"href":"https:\/\/hondapowertools.com\/pl\/wp-json\/wp\/v2\/product_cat?post=777"},{"taxonomy":"product_tag","embeddable":true,"href":"https:\/\/hondapowertools.com\/pl\/wp-json\/wp\/v2\/product_tag?post=777"}],"curies":[{"name":"wp","href":"https:\/\/api.w.org\/{rel}","templated":true}]}}