{"id":330,"date":"2025-02-07T18:38:11","date_gmt":"2025-02-07T18:38:11","guid":{"rendered":"https:\/\/hondapowertools.com\/?page_id=330"},"modified":"2025-02-08T11:37:20","modified_gmt":"2025-02-08T11:37:20","slug":"about-us","status":"publish","type":"page","link":"https:\/\/hondapowertools.com\/pt\/about-us\/","title":{"rendered":"Sobre n\u00f3s"},"content":{"rendered":"<div class=\"row\"  id=\"row-197577344\">\n\n\n\t<div id=\"col-1693771681\" class=\"col small-12 large-12\"  >\n\t\t\t\t<div class=\"col-inner\"  >\n\t\t\t\n\t\t\t\n\n\t<div class=\"img has-hover x md-x lg-x y md-y lg-y\" id=\"image_520025518\">\n\t\t\t\t\t\t\t\t<div class=\"img-inner dark\" >\n\t\t\t<img loading=\"lazy\" decoding=\"async\" width=\"1000\" height=\"363\" src=\"https:\/\/hondapowertools.com\/wp-content\/uploads\/2025\/02\/inside-store.jpg\" class=\"attachment-large size-large\" alt=\"\" srcset=\"https:\/\/hondapowertools.com\/wp-content\/uploads\/2025\/02\/inside-store.jpg 1000w, https:\/\/hondapowertools.com\/wp-content\/uploads\/2025\/02\/inside-store-300x109.jpg 300w, https:\/\/hondapowertools.com\/wp-content\/uploads\/2025\/02\/inside-store-768x279.jpg 768w, https:\/\/hondapowertools.com\/wp-content\/uploads\/2025\/02\/inside-store-510x185.jpg 510w\" sizes=\"auto, (max-width: 1000px) 100vw, 1000px\" \/>\t\t\t\t\t\t\t<div class=\"overlay\" style=\"background-color: rgba(34, 31, 31, 0.448)\"><\/div>\n\t\t\t\t\t\t\n\t\t\t\t\t<\/div>\n\t\t\t\t\t\t\t\t\n<style>\n#image_520025518 {\n  width: 100%;\n}\n<\/style>\n\t<\/div>\n\t\n\n\n\t\t<\/div>\n\t\t\t\t\t<\/div>\n\n\t\n\n<\/div>\n<div class=\"container section-title-container\" ><h3 class=\"section-title section-title-normal\"><b><\/b><span class=\"section-title-main\" style=\"color:rgb(0, 0, 0);\">Sobre a Honda Power Equipment<\/span><b><\/b><\/h3><\/div>\n\n\t<div id=\"text-1441321923\" class=\"text\">\n\t\t\n\n<p>O compromisso da Honda em criar produtos que melhorem a qualidade de vida das pessoas vai muito al\u00e9m dos autom\u00f3veis e motociclos. Desde 1953, a Honda j\u00e1 fabricou mais de 100 milh\u00f5es de produtos el\u00e9ctricos em todo o mundo. A Honda continua a ser l\u00edder no desenvolvimento de motores a 4 tempos de baixas emiss\u00f5es, eficientes em termos de combust\u00edvel e amigos do ambiente, para utiliza\u00e7\u00e3o em geradores, bombas de \u00e1gua, cortadores de relva, motores fora de borda e muitas outras aplica\u00e7\u00f5es de equipamento el\u00e9trico. Saiba mais sobre a hist\u00f3ria global dos produtos de pot\u00eancia da Honda.<\/p>\n<p>Honda Power Equipment, with headquarters in Alpharetta, Georgia, consists of three distinct operating units: Honda Power Equipment,\u00a0Honda Marine, and\u00a0Honda Engines\u00a0. The division&#8217;s products, including engines, generators, <a href=\"https:\/\/hondapowertools.com\/pt\/produto\/hrc216hxa\/\"  data-wpil-monitor-id=\"29\">lawn mowers<\/a>, pumps, snow blowers, tillers, trimmers, and marine engines, are assembled in Honda plants in the United States and around the world.<\/p>\n<h2>Produtos actuais<\/h2>\n<p>A Honda Power Equipment oferece mais de 70 modelos em seis grandes fam\u00edlias de produtos:<\/p>\n<ul class=\"g-pa-0\">\n<li>Geradores: de 1.000 watts a 10.000 watts em modelos concebidos para aplica\u00e7\u00f5es residenciais, recreativas e industriais.<\/li>\n<li><a href=\"https:\/\/hondapowertools.com\/pt\/produto-etiqueta\/honda-hrx217vka-lawn-mower\/\"  data-wpil-monitor-id=\"33\">Cortadores de relva<\/a>: 21-inch push-type and self-propelled models for premium residential and commercial gardening applications.<\/li>\n<li>Bombas: uma grande variedade de modelos de desaguamento geral, multiusos, comerciais e submers\u00edveis com capacidades de descarga de 37 a 433 gal\u00f5es por minuto.<\/li>\n<li><a href=\"https:\/\/hondapowertools.com\/pt\/produto-etiqueta\/honda-hss928at-two-stage-track-drive-gas-snow-blower\/\"  data-wpil-monitor-id=\"34\">Snow blowers<\/a>: wheel drive, track drive, and lightweight models capable of moving from 1500 to 3000 lbs of snow.<\/li>\n<li>Trilhadoras: modelos com mini-trilhos centrais e traseiros.<\/li>\n<li>Trimmers: three trimmer models in a variety of trim heads, engine sizes, and handle design choices, as well as the Honda VersAttach system, a multi-tool system featuring 2 <a href=\"https:\/\/hondapowertools.com\/pt\/produto-etiqueta\/echo-power-pruner-attachment\/\"  data-wpil-monitor-id=\"36\">power heads and six attachments<\/a>.<\/li>\n<\/ul>\n<p>\u00a0<\/p>\n<p>A Honda Power Equipment disp\u00f5e de uma rede de milhares de concession\u00e1rios independentes em todos os Estados Unidos, oferecendo aos consumidores um apoio e conhecimentos excepcionais. Um n\u00famero selecionado de concession\u00e1rios tamb\u00e9m se qualificou para o maior reconhecimento da Honda, o Honda Premier. Os Concession\u00e1rios Honda Premier cumprem os mais elevados padr\u00f5es de representa\u00e7\u00e3o da marca, desempenho de vendas e servi\u00e7o de produtos - proporcionando a melhor experi\u00eancia global ao cliente Honda. Os produtos Honda tamb\u00e9m podem ser encontrados na Home Depot e em milhares de lojas de aluguer em todo o pa\u00eds.<\/p>\n<h2>Hist\u00f3ria<\/h2>\n<p>Honda began manufacturing small engines for use in power equipment products in 1953. In 1973 Honda introduced <a href=\"https:\/\/hondapowertools.com\/pt\/produto\/eu2200i-generator\/\"  data-wpil-monitor-id=\"30\">Honda Generators<\/a>, Tillers and Outboards into the U.S. Market. <a href=\"https:\/\/hondapowertools.com\/pt\/produto-etiqueta\/honda-wx10-water-pump\/\"  data-wpil-monitor-id=\"35\">Water Pumps<\/a> were added to the Power Equipment lineup in 1975, followed by Lawn Mowers in 1979. Four years later, <a href=\"https:\/\/hondapowertools.com\/pt\/categoria-produto\/honda-snow-blowers\/\"  data-wpil-monitor-id=\"31\">Honda snow blowers<\/a> were added to the product lineup.<\/p>\n<p>Em 2015, a Honda celebrou um marco significativo: mais de 40 milh\u00f5es de clientes satisfeitos de equipamentos el\u00e9ctricos nos Estados Unidos.<\/p>\n<h2>Fabrico e I&amp;D<\/h2>\n<p>Os produtos da Honda Power Equipment s\u00e3o montados em 11 f\u00e1bricas da Honda em todo o mundo, incluindo a Honda Power Equipment Mfg., LLC, localizada em Swepsonville, Carolina do Norte. As actividades de investiga\u00e7\u00e3o, desenvolvimento e teste s\u00e3o realizadas na Honda R&amp;D Americas, Inc., tamb\u00e9m localizada na Carolina do Norte, e na Honda R&amp;D Co.<\/p>\n<p>A Honda Power Equipment Mfg., LLC (HPE) aumentou a sua produ\u00e7\u00e3o de motores de uso geral para 2 milh\u00f5es de motores por ano para utiliza\u00e7\u00e3o pela Honda e outros fabricantes.<\/p>\n<p>In addition to engines, HPE produces <a href=\"https:\/\/hondapowertools.com\/pt\/categoria-produto\/honda-lawn-mowers\/\"  data-wpil-monitor-id=\"32\">Honda lawn mowers<\/a>, generators, snow blowers, pumps, tillers, and string trimmers.<\/p>\n<p>O Centro de Investiga\u00e7\u00e3o e Desenvolvimento da Honda na Carolina do Norte \u00e9 uma instala\u00e7\u00e3o de 11.000 p\u00e9s quadrados, criada em 1993, que realiza engenharia de produtos, desenvolvimento de prot\u00f3tipos e testes de produtos de equipamento el\u00e9trico.<\/p>\n<p>As informa\u00e7\u00f5es para os meios de comunica\u00e7\u00e3o social relativas aos produtos Honda est\u00e3o dispon\u00edveis em www.hondanews.com.<\/p>\n\t\t\n<style>\n#text-1441321923 {\n  font-size: 0.95rem;\n  line-height: 2.05;\n  color: rgb(0,0,0);\n}\n#text-1441321923 > * {\n  color: rgb(0,0,0);\n}\n<\/style>\n\t<\/div>","protected":false},"excerpt":{"rendered":"","protected":false},"author":1,"featured_media":0,"parent":0,"menu_order":0,"comment_status":"closed","ping_status":"closed","template":"","meta":{"footnotes":""},"class_list":["post-330","page","type-page","status-publish","hentry"],"yoast_head":"<!-- This site is optimized with the Yoast SEO Premium plugin v26.2 (Yoast SEO v26.2) - https:\/\/yoast.com\/wordpress\/plugins\/seo\/ -->\n<title>About Us - HONDA POWER EQUIPMENT<\/title>\n<meta name=\"robots\" content=\"index, follow, max-snippet:-1, max-image-preview:large, max-video-preview:-1\" \/>\n<link rel=\"canonical\" href=\"https:\/\/hondapowertools.com\/pt\/about-us\/\" \/>\n<meta property=\"og:locale\" content=\"pt_PT\" \/>\n<meta property=\"og:type\" content=\"article\" \/>\n<meta property=\"og:title\" content=\"About Us\" \/>\n<meta property=\"og:url\" content=\"https:\/\/hondapowertools.com\/pt\/about-us\/\" \/>\n<meta property=\"og:site_name\" content=\"HONDA POWER EQUIPMENT\" \/>\n<meta property=\"article:modified_time\" content=\"2025-02-08T11:37:20+00:00\" \/>\n<meta name=\"twitter:card\" content=\"summary_large_image\" \/>\n<meta name=\"twitter:label1\" content=\"Tempo estimado de leitura\" \/>\n\t<meta name=\"twitter:data1\" content=\"3 minutos\" \/>\n<script type=\"application\/ld+json\" class=\"yoast-schema-graph\">{\"@context\":\"https:\/\/schema.org\",\"@graph\":[{\"@type\":\"WebPage\",\"@id\":\"https:\/\/hondapowertools.com\/about-us\/\",\"url\":\"https:\/\/hondapowertools.com\/about-us\/\",\"name\":\"About Us - HONDA POWER EQUIPMENT\",\"isPartOf\":{\"@id\":\"https:\/\/hondapowertools.com\/#website\"},\"datePublished\":\"2025-02-07T18:38:11+00:00\",\"dateModified\":\"2025-02-08T11:37:20+00:00\",\"breadcrumb\":{\"@id\":\"https:\/\/hondapowertools.com\/about-us\/#breadcrumb\"},\"inLanguage\":\"pt-PT\",\"potentialAction\":[{\"@type\":\"ReadAction\",\"target\":[\"https:\/\/hondapowertools.com\/about-us\/\"]}]},{\"@type\":\"BreadcrumbList\",\"@id\":\"https:\/\/hondapowertools.com\/about-us\/#breadcrumb\",\"itemListElement\":[{\"@type\":\"ListItem\",\"position\":1,\"name\":\"Home\",\"item\":\"https:\/\/hondapowertools.com\/\"},{\"@type\":\"ListItem\",\"position\":2,\"name\":\"About Us\"}]},{\"@type\":\"WebSite\",\"@id\":\"https:\/\/hondapowertools.com\/#website\",\"url\":\"https:\/\/hondapowertools.com\/\",\"name\":\"HONDA POWER EQUIPMENTS\",\"description\":\"Honda Power Equipment\",\"publisher\":{\"@id\":\"https:\/\/hondapowertools.com\/#organization\"},\"potentialAction\":[{\"@type\":\"SearchAction\",\"target\":{\"@type\":\"EntryPoint\",\"urlTemplate\":\"https:\/\/hondapowertools.com\/?s={search_term_string}\"},\"query-input\":{\"@type\":\"PropertyValueSpecification\",\"valueRequired\":true,\"valueName\":\"search_term_string\"}}],\"inLanguage\":\"pt-PT\"},{\"@type\":\"Organization\",\"@id\":\"https:\/\/hondapowertools.com\/#organization\",\"name\":\"HONDA POWER TOOLS\",\"alternateName\":\"HONDA POWER EQUIPMENT\",\"url\":\"https:\/\/hondapowertools.com\/\",\"logo\":{\"@type\":\"ImageObject\",\"inLanguage\":\"pt-PT\",\"@id\":\"https:\/\/hondapowertools.com\/#\/schema\/logo\/image\/\",\"url\":\"https:\/\/hondapowertools.com\/wp-content\/uploads\/2025\/02\/cropped-honda-power-equipment-logo.png\",\"contentUrl\":\"https:\/\/hondapowertools.com\/wp-content\/uploads\/2025\/02\/cropped-honda-power-equipment-logo.png\",\"width\":290,\"height\":70,\"caption\":\"HONDA POWER TOOLS\"},\"image\":{\"@id\":\"https:\/\/hondapowertools.com\/#\/schema\/logo\/image\/\"}}]}<\/script>\n<!-- \/ Yoast SEO Premium plugin. -->","yoast_head_json":{"title":"About Us - HONDA POWER EQUIPMENT","robots":{"index":"index","follow":"follow","max-snippet":"max-snippet:-1","max-image-preview":"max-image-preview:large","max-video-preview":"max-video-preview:-1"},"canonical":"https:\/\/hondapowertools.com\/pt\/about-us\/","og_locale":"pt_PT","og_type":"article","og_title":"About Us","og_url":"https:\/\/hondapowertools.com\/pt\/about-us\/","og_site_name":"HONDA POWER EQUIPMENT","article_modified_time":"2025-02-08T11:37:20+00:00","twitter_card":"summary_large_image","twitter_misc":{"Tempo estimado de leitura":"3 minutos"},"schema":{"@context":"https:\/\/schema.org","@graph":[{"@type":"WebPage","@id":"https:\/\/hondapowertools.com\/about-us\/","url":"https:\/\/hondapowertools.com\/about-us\/","name":"About Us - HONDA POWER EQUIPMENT","isPartOf":{"@id":"https:\/\/hondapowertools.com\/#website"},"datePublished":"2025-02-07T18:38:11+00:00","dateModified":"2025-02-08T11:37:20+00:00","breadcrumb":{"@id":"https:\/\/hondapowertools.com\/about-us\/#breadcrumb"},"inLanguage":"pt-PT","potentialAction":[{"@type":"ReadAction","target":["https:\/\/hondapowertools.com\/about-us\/"]}]},{"@type":"BreadcrumbList","@id":"https:\/\/hondapowertools.com\/about-us\/#breadcrumb","itemListElement":[{"@type":"ListItem","position":1,"name":"Home","item":"https:\/\/hondapowertools.com\/"},{"@type":"ListItem","position":2,"name":"About Us"}]},{"@type":"WebSite","@id":"https:\/\/hondapowertools.com\/#website","url":"https:\/\/hondapowertools.com\/","name":"HONDA POWER EQUIPMENTS","description":"Honda Power Equipment","publisher":{"@id":"https:\/\/hondapowertools.com\/#organization"},"potentialAction":[{"@type":"SearchAction","target":{"@type":"EntryPoint","urlTemplate":"https:\/\/hondapowertools.com\/?s={search_term_string}"},"query-input":{"@type":"PropertyValueSpecification","valueRequired":true,"valueName":"search_term_string"}}],"inLanguage":"pt-PT"},{"@type":"Organization","@id":"https:\/\/hondapowertools.com\/#organization","name":"HONDA POWER TOOLS","alternateName":"HONDA POWER EQUIPMENT","url":"https:\/\/hondapowertools.com\/","logo":{"@type":"ImageObject","inLanguage":"pt-PT","@id":"https:\/\/hondapowertools.com\/#\/schema\/logo\/image\/","url":"https:\/\/hondapowertools.com\/wp-content\/uploads\/2025\/02\/cropped-honda-power-equipment-logo.png","contentUrl":"https:\/\/hondapowertools.com\/wp-content\/uploads\/2025\/02\/cropped-honda-power-equipment-logo.png","width":290,"height":70,"caption":"HONDA POWER TOOLS"},"image":{"@id":"https:\/\/hondapowertools.com\/#\/schema\/logo\/image\/"}}]}},"_links":{"self":[{"href":"https:\/\/hondapowertools.com\/pt\/wp-json\/wp\/v2\/pages\/330","targetHints":{"allow":["GET"]}}],"collection":[{"href":"https:\/\/hondapowertools.com\/pt\/wp-json\/wp\/v2\/pages"}],"about":[{"href":"https:\/\/hondapowertools.com\/pt\/wp-json\/wp\/v2\/types\/page"}],"author":[{"embeddable":true,"href":"https:\/\/hondapowertools.com\/pt\/wp-json\/wp\/v2\/users\/1"}],"replies":[{"embeddable":true,"href":"https:\/\/hondapowertools.com\/pt\/wp-json\/wp\/v2\/comments?post=330"}],"version-history":[{"count":6,"href":"https:\/\/hondapowertools.com\/pt\/wp-json\/wp\/v2\/pages\/330\/revisions"}],"predecessor-version":[{"id":946,"href":"https:\/\/hondapowertools.com\/pt\/wp-json\/wp\/v2\/pages\/330\/revisions\/946"}],"wp:attachment":[{"href":"https:\/\/hondapowertools.com\/pt\/wp-json\/wp\/v2\/media?parent=330"}],"curies":[{"name":"wp","href":"https:\/\/api.w.org\/{rel}","templated":true}]}}